{"id":3658,"date":"2026-02-28T15:04:15","date_gmt":"2026-02-28T07:04:15","guid":{"rendered":"https:\/\/zscncparts.com\/?post_type=product&#038;p=3658"},"modified":"2026-02-28T15:13:14","modified_gmt":"2026-02-28T07:13:14","slug":"7075-aluminum-cnc-machining-for-highstrength-aerospace-and-motorsport-parts","status":"publish","type":"product","link":"https:\/\/zscncparts.com\/pt\/product\/7075-aluminum-cnc-machining-for-highstrength-aerospace-and-motorsport-parts\/","title":{"rendered":"Usinagem CNC de Alum\u00ednio 7075 para Pe\u00e7as Aeroespaciais e de Motorsport"},"content":{"rendered":"<h2>Por que escolher Alum\u00ednio 7075-T6 para aplica\u00e7\u00f5es cr\u00edticas?<\/h2>\n<p>Ao projetar componentes para ambientes de alta tens\u00e3o, a sele\u00e7\u00e3o do material \u00e9 a primeira linha de defesa contra falhas. Na ZSCNC, frequentemente recomendamos <strong>usinagem CNC de alum\u00ednio 7075 para pe\u00e7as aeroespaciais e de motorsport de alta resist\u00eancia<\/strong> porque oferece um perfil de desempenho que poucos outros a\u00e7os podem igualar. Frequentemente referido como o \u201cRei do Alum\u00ednio\u201d, a s\u00e9rie 7075\u2014especificamente o tratamento T6\u2014oferece uma rela\u00e7\u00e3o resist\u00eancia-peso compar\u00e1vel a muitos a\u00e7os, mantendo as caracter\u00edsticas leves essenciais para voo e corrida.<\/p>\n<h3>Resist\u00eancia superior \u00e0 fadiga para cargas c\u00edclicas<\/h3>\n<p>Em aplica\u00e7\u00f5es como estruturas de asas de aeronaves ou bra\u00e7os de suspens\u00e3o de alto desempenho, a resist\u00eancia est\u00e1tica n\u00e3o \u00e9 o \u00fanico requisito. Os componentes devem suportar vibra\u00e7\u00e3o constante e estresse c\u00edclico. O 7075-T6 se destaca aqui, oferecendo resist\u00eancia \u00e0 fadiga excepcional que previne microfissuras sob carga repetitiva. Isso o torna a escolha padr\u00e3o para pe\u00e7as onde a integridade estrutural n\u00e3o pode ser comprometida por penalidades de peso.<\/p>\n<h3>Usinabilidade e acabamento superficial<\/h3>\n<p>Embora o 7075 seja significativamente mais duro que a liga comum 6061, nossas ferramentas CNC avan\u00e7adas o manipulam com precis\u00e3o. A dureza do material na verdade contribui para uma forma\u00e7\u00e3o de cavacos superior, permitindo que alcancemos acabamentos de superf\u00edcie incrivelmente suaves, sem a textura \u201cpegajosa\u201d \u00e0s vezes encontrada em graus de alum\u00ednio mais macios.<\/p>\n<h3>Compara\u00e7\u00e3o de materiais: 7075-T6 versus alternativas<\/h3>\n<p>Para ajud\u00e1-lo a visualizar por que o 7075 \u00e9 a escolha preferida para aplica\u00e7\u00f5es estruturais, aqui est\u00e1 uma compara\u00e7\u00e3o direta de suas propriedades mec\u00e2nicas com alum\u00ednio padr\u00e3o e a\u00e7o inoxid\u00e1vel:<\/p>\n<table>\n<thead>\n<tr>\n<th style=\"text-align: left;\">Propriedade do Material<\/th>\n<th style=\"text-align: left;\">Alum\u00ednio 7075-T6<\/th>\n<th style=\"text-align: left;\">Alum\u00ednio 6061-T6<\/th>\n<th style=\"text-align: left;\">A\u00e7o Inoxid\u00e1vel 304<\/th>\n<\/tr>\n<\/thead>\n<tbody>\n<tr>\n<td style=\"text-align: left;\"><strong>Resist\u00eancia \u00e0 Tra\u00e7\u00e3o<\/strong><\/td>\n<td style=\"text-align: left;\">~503 MPa (Alto)<\/td>\n<td style=\"text-align: left;\">~276 MPa (M\u00e9dio)<\/td>\n<td style=\"text-align: left;\">~215 MPa (Baixo)<\/td>\n<\/tr>\n<tr>\n<td style=\"text-align: left;\"><strong>Resist\u00eancia \u00e0 Tra\u00e7\u00e3o<\/strong><\/td>\n<td style=\"text-align: left;\">~572 MPa<\/td>\n<td style=\"text-align: left;\">~310 MPa<\/td>\n<td style=\"text-align: left;\">~505 MPa<\/td>\n<\/tr>\n<tr>\n<td style=\"text-align: left;\"><strong>Dureza (Brinell)<\/strong><\/td>\n<td style=\"text-align: left;\">150<\/td>\n<td style=\"text-align: left;\">95<\/td>\n<td style=\"text-align: left;\">123<\/td>\n<\/tr>\n<tr>\n<td style=\"text-align: left;\"><strong>Densidade<\/strong><\/td>\n<td style=\"text-align: left;\">2,81 g\/cm\u00b3<\/td>\n<td style=\"text-align: left;\">2,70 g\/cm\u00b3<\/td>\n<td style=\"text-align: left;\">8,00 g\/cm\u00b3<\/td>\n<\/tr>\n<tr>\n<td style=\"text-align: left;\"><strong>Uso Prim\u00e1rio<\/strong><\/td>\n<td style=\"text-align: left;\">Aeroespacial\/Motorsport<\/td>\n<td style=\"text-align: left;\">Prop\u00f3sito Geral<\/td>\n<td style=\"text-align: left;\">Resist\u00eancia \u00e0 Corros\u00e3o<\/td>\n<\/tr>\n<\/tbody>\n<\/table>\n<p><em>Nota: 7075-T6 oferece quase o dobro da resist\u00eancia ao escoamento do 6061-T6 e supera o A\u00e7o Inoxid\u00e1vel 304 em resist\u00eancia, tudo enquanto pesa aproximadamente 65% a menos que o a\u00e7o.<\/em><\/p>\n<h2>Capacidades de Fabrica\u00e7\u00e3o da ZSCNC para Liga 7075<\/h2>\n<p><img decoding=\"async\" data-src=\"https:\/\/pub-36eea33d6f1540d281c285671ffb8664.r2.dev\/2026\/02\/28\/7075_aluminum_CNC_machining_for_aerospace_parts_wO.webp\" alt=\"Usinagem CNC de alum\u00ednio 7075 para pe\u00e7as aeroespaciais\" title=\"\" src=\"data:image\/svg+xml;base64,PHN2ZyB3aWR0aD0iMSIgaGVpZ2h0PSIxIiB4bWxucz0iaHR0cDovL3d3dy53My5vcmcvMjAwMC9zdmciPjwvc3ZnPg==\" class=\"lazyload\"><\/p>\n<p>N\u00f3s nos especializamos em <strong>usinagem CNC de alum\u00ednio 7075 para pe\u00e7as aeroespaciais e de motorsport de alta resist\u00eancia<\/strong>, utilizando uma frota de equipamentos de alto n\u00edvel para lidar com as geometrias mais exigentes. Nossa oficina \u00e9 otimizada para processar chapas 7075-T6 e T651 com precis\u00e3o extrema, garantindo que \u201ccr\u00edtico para a miss\u00e3o\u201d n\u00e3o seja apenas uma express\u00e3o, mas um padr\u00e3o.<\/p>\n<h3>T\u00e9cnicas Avan\u00e7adas de Usinagem<\/h3>\n<ul>\n<li><strong>Fresamento CNC de 5 Eixos:<\/strong> Produzimos geometrias complexas aeroespaciais, como impulsores e p\u00e1s de turbina, sem a necessidade de m\u00faltiplas configura\u00e7\u00f5es. Nossas capacidades avan\u00e7adas <a href=\"https:\/\/zscncparts.com\/pt\/services\/cnc-machining\/milling\/\">configura\u00e7\u00e3o de fresagem CNC de 5 eixos<\/a> eliminam erros de refixa\u00e7\u00e3o, mantendo as toler\u00e2ncias mais apertadas para <strong>usinagem CNC de alum\u00ednio de grau aeroespacial<\/strong> componentes.<\/li>\n<li><strong>Torneamento CNC de Precis\u00e3o:<\/strong> Para eixos de alta resist\u00eancia, fixadores e conex\u00f5es hidr\u00e1ulicas, nossos <a href=\"https:\/\/zscncparts.com\/pt\/services\/cnc-machining\/turning\/\">centros de torneamento CNC de precis\u00e3o<\/a> entregam acabamentos superficiais superiores e concentricidade necess\u00e1rias para <strong>componentes de motorsport leves<\/strong>.<\/li>\n<li><strong>Torneamento Su\u00ed\u00e7o:<\/strong> Fabricamos pinos e conectores intricados de pequeno di\u00e2metro para avi\u00f4nicos. Este processo nos permite criar pe\u00e7as de alta resist\u00eancia \u00e0 tra\u00e7\u00e3o com detalhes microsc\u00f3picos.<\/li>\n<\/ul>\n<h3>Lidando com Estresse do Material e Deforma\u00e7\u00f5es<\/h3>\n<p>Usinar 7075 requer mais do que velocidades altas; requer uma estrat\u00e9gia para gerenciar o estresse interno do material. Para evitar deforma\u00e7\u00f5es e garantir estabilidade dimensional, seguimos um ciclo de produ\u00e7\u00e3o rigoroso:<\/p>\n<ol>\n<li><strong>Desbaste:<\/strong> Remo\u00e7\u00e3o de material pesada para aproximar a pe\u00e7a de sua forma final.<\/li>\n<li><strong>Al\u00edvio de Tens\u00f5es:<\/strong> Permitindo que as tens\u00f5es internas de <strong>placa 7075-T651<\/strong> se estabilizem.<\/li>\n<li><strong>Acabamento:<\/strong> passadas de alta velocidade para alcan\u00e7ar <strong>usinagem de alta precis\u00e3o em 7075 com toler\u00e2ncias apertadas<\/strong> resultados.<\/li>\n<\/ol>\n<p>Nossa abordagem garante que cada pe\u00e7a, desde estruturas at\u00e9 manifolds hidr\u00e1ulicos, permane\u00e7a perfeitamente fiel ao seu modelo CAD ap\u00f3s sair da m\u00e1quina.<\/p>\n<h2>Principais Aplica\u00e7\u00f5es em Aeroespacial &amp; Motorsport<\/h2>\n<p><img decoding=\"async\" data-src=\"https:\/\/pub-36eea33d6f1540d281c285671ffb8664.r2.dev\/2026\/02\/28\/7075_aluminum_CNC_machining_aerospace_parts_S5nH9j.webp\" alt=\"Usinagem CNC de alum\u00ednio 7075 para pe\u00e7as aeroespaciais\" title=\"\" src=\"data:image\/svg+xml;base64,PHN2ZyB3aWR0aD0iMSIgaGVpZ2h0PSIxIiB4bWxucz0iaHR0cDovL3d3dy53My5vcmcvMjAwMC9zdmciPjwvc3ZnPg==\" class=\"lazyload\"><\/p>\n<p>Na ZSCNC, somos especializados em <strong>usinagem CNC de alum\u00ednio 7075 para pe\u00e7as aeroespaciais e de motorsport de alta resist\u00eancia<\/strong>, entregando componentes que sobrevivem aos ambientes de opera\u00e7\u00e3o mais severos. Como essa liga oferece uma rela\u00e7\u00e3o resist\u00eancia-peso compar\u00e1vel a alguns a\u00e7os, ela \u00e9 o padr\u00e3o para aplica\u00e7\u00f5es onde falhas estruturais n\u00e3o s\u00e3o uma op\u00e7\u00e3o.<\/p>\n<h3>Componentes Aeroespaciais<\/h3>\n<p>Na avia\u00e7\u00e3o, reduzir a massa enquanto mant\u00e9m a integridade estrutural \u00e9 fundamental. Fabricamos hardware cr\u00edtico para voo, incluindo estruturas de fuselagem, anteparos e nervuras de asas. Nossa instala\u00e7\u00e3o lida com geometrias complexas para longarinas e corpos de v\u00e1lvula de alta press\u00e3o, garantindo que cada pe\u00e7a atenda aos rigorosos padr\u00f5es ISO. Tamb\u00e9m somos especializados em precis\u00e3o <a href=\"https:\/\/zscncparts.com\/pt\/product\/aerospace-turning-parts\/\">pe\u00e7as de torneamento aeroespacial<\/a> para sistemas hidr\u00e1ulicos e linhas de combust\u00edvel que exigem precis\u00e3o de micron.<\/p>\n<h3>Motorsport &amp; Desempenho Automotivo<\/h3>\n<p>Equipes de corrida confiam em n\u00f3s para <strong>pe\u00e7as leves para motorsport<\/strong> que melhoram a dirigibilidade e a velocidade. Usinamos componentes r\u00edgidos que suportam for\u00e7as G intensas e vibra\u00e7\u00e3o:<\/p>\n<ul>\n<li><strong>Bra\u00e7os de Controle de Suspens\u00e3o &amp; Montantes:<\/strong> Prevenindo flex\u00e3o durante curvas de alta velocidade.<\/li>\n<li><strong>Montagens de Chassi:<\/strong> Fixa\u00e7\u00e3o de motores e caixas de transmiss\u00e3o sob torque elevado.<\/li>\n<li><strong>Pin\u00e7as de Freio:<\/strong> Garantindo pot\u00eancia de parada consistente sem distor\u00e7\u00e3o t\u00e9rmica.<\/li>\n<\/ul>\n<h3>Defesa &amp; Estrutural<\/h3>\n<p>Al\u00e9m de voo e corrida, produzimos <strong>pe\u00e7as de alta resist\u00eancia \u00e0 tra\u00e7\u00e3o<\/strong> para defesa e uso industrial. Estas incluem carca\u00e7as robustas e suportes estruturais projetados para ambientes de campo exigentes, onde ligas de alum\u00ednio padr\u00e3o poderiam deformar ou falhar. Utilizando materiais de alta qualidade <a href=\"https:\/\/zscncparts.com\/pt\/product\/aluminum-for-aerospace-cnc-parts\/\">alum\u00ednio para pe\u00e7as CNC aeroespaciais<\/a> garantimos que esses componentes ofere\u00e7am m\u00e1xima durabilidade.<\/p>\n<h2>Acabamento de Superf\u00edcie &amp; P\u00f3s-Processamento para Pe\u00e7as 7075<\/h2>\n<p>O alum\u00ednio 7075 usinado bruto \u00e9 forte, mas nos mundos da aeroespacial e do automobilismo, \u201cforte\u201d nem sempre \u00e9 suficiente. O material precisa sobreviver a ambientes extremos, n\u00e9voa salina e fric\u00e7\u00e3o constante. Na ZSCNC, oferecemos p\u00f3s-processamento especializado para garantir que seus componentes de alta resist\u00eancia funcionem exatamente como planejado.<\/p>\n<h3>Anodiza\u00e7\u00e3o Dura (Tipo III)<\/h3>\n<p>Para pe\u00e7as sujeitas a desgaste intenso, anodiza\u00e7\u00e3o padr\u00e3o n\u00e3o \u00e9 suficiente. Utilizamos <strong>Anodiza\u00e7\u00e3o Dura Tipo III<\/strong> para criar uma camada de \u00f3xido densa e resistente ao desgaste. Isso penetra na superf\u00edcie do alum\u00ednio, aumentando significativamente a dureza e resist\u00eancia \u00e0 corros\u00e3o. \u00c9 o acabamento padr\u00e3o para componentes de suspens\u00e3o, corpos hidr\u00e1ulicos e engrenagens onde a durabilidade da superf\u00edcie \u00e9 inegoci\u00e1vel.<\/p>\n<h3>Revestimento de Convers\u00e3o de Cromato (Alodine)<\/h3>\n<p>Quando suas pe\u00e7as aeroespaciais exigem prote\u00e7\u00e3o contra corros\u00e3o, mas precisam manter condutividade el\u00e9trica (como tiras de aterramento ou carca\u00e7as de avi\u00f4nicos), aplicamos <strong>Revestimento de Convers\u00e3o de Cromato (Alodine)<\/strong>. Diferente da anodiza\u00e7\u00e3o, que \u00e9 um isolante el\u00e9trico, o Alodine protege o substrato de alum\u00ednio permitindo continuidade el\u00e9trica, tornando-se fundamental para hardware de voo.<\/p>\n<h3>Verifica\u00e7\u00e3o de Tratamento T\u00e9rmico<\/h3>\n<p>A usinagem gera calor, e manuseio inadequado pode alterar o tempero da liga. Garantimos que o <strong>temperamento T6 ou T651<\/strong> de seu material 7075 \u00e9 mantido durante todo o processo. Se o al\u00edvio de tens\u00f5es for necess\u00e1rio ap\u00f3s o desbaste, gerenciamos os ciclos t\u00e9rmicos para evitar deforma\u00e7\u00f5es sem comprometer a resist\u00eancia \u00e0 tra\u00e7\u00e3o final do material.<\/p>\n<h3>Acabamentos Est\u00e9ticos: Jateamento com Bolhas &amp; Polimento<\/h3>\n<p>A funcionalidade vem primeiro, mas a qualidade do acabamento importa. Para pe\u00e7as de alto desempenho vis\u00edveis, oferecemos:<\/p>\n<ul>\n<li><strong>Blastagem com Bolhas:<\/strong> Cria uma textura fosca uniforme que oculta marcas de ferramenta e reduz o brilho.<\/li>\n<li><strong>Polimento:<\/strong> Alcan\u00e7a um acabamento espelhado para superf\u00edcies aerodin\u00e2micas ou componentes automotivos de alta qualidade.<\/li>\n<\/ul>\n<p>Compreender como <a href=\"https:\/\/zscncparts.com\/pt\/surface-finish-impactthe-influence-of-surface-roughness-ra-on-the-performance-of-parts\/\">a rugosidade superficial (Ra) impacta o desempenho da pe\u00e7a<\/a> \u00e9 crucial para a vida \u00fatil \u00e0 fadiga, especialmente em aplica\u00e7\u00f5es de alta tens\u00e3o. Ajudamos voc\u00ea a selecionar o acabamento adequado para equilibrar est\u00e9tica e requisitos de engenharia.<\/p>\n<h2>Garantia de Qualidade &amp; Verifica\u00e7\u00e3o de Material para Pe\u00e7as de 7075<\/h2>\n<p>Quando executamos <strong>usinagem CNC de alum\u00ednio 7075<\/strong> projetos para setores aeroespacial ou de automobilismo, \u201cbom o suficiente\u201d n\u00e3o existe. Um defeito menor em um componente de alta tens\u00e3o, como um bra\u00e7o de suspens\u00e3o ou nervura de asa, pode ser catastr\u00f3fico. Por isso, nossa oficina prioriza verifica\u00e7\u00f5es rigorosas em cada etapa da produ\u00e7\u00e3o para garantir seguran\u00e7a e desempenho.<\/p>\n<p>Veja como garantimos a integridade de suas pe\u00e7as de alta resist\u00eancia:<\/p>\n<ul>\n<li><strong>Certifica\u00e7\u00e3o ISO 9001:2015:<\/strong> Nossa instala\u00e7\u00e3o opera sob sistemas rigorosos de gest\u00e3o de qualidade. Isso garante que cada lote de <strong>alum\u00ednio de grau aeroespacial<\/strong> siga um processo documentado e repet\u00edvel desde o momento em que a mat\u00e9ria-prima chega at\u00e9 o envio final.<\/li>\n<li><strong>Certifica\u00e7\u00e3o de Material (COA):<\/strong> Voc\u00ea precisa saber que seu metal \u00e9 genu\u00edno. Fornecemos Relat\u00f3rios de Teste de Fabrica\u00e7\u00e3o (MTRs) com cada pedido, verificando a composi\u00e7\u00e3o qu\u00edmica e comprovando a autenticidade do 7075 com liga de zinco. Essa rastreabilidade \u00e9 inegoci\u00e1vel para aplica\u00e7\u00f5es cr\u00edticas de seguran\u00e7a.<\/li>\n<li><strong>Inspe\u00e7\u00e3o por CMM:<\/strong> Para geometria intrincada, paqu\u00edmetros manuais n\u00e3o s\u00e3o suficientes. Utilizamos M\u00e1quinas de Medi\u00e7\u00e3o por Coordenadas (CMM) para verificar caracter\u00edsticas complexas em rela\u00e7\u00e3o aos seus arquivos CAD originais, garantindo precis\u00e3o de micron. Isso \u00e9 especialmente cr\u00edtico ao validar <a href=\"https:\/\/zscncparts.com\/pt\/product\/5axis-cnc-machining-services-for-complex-aluminum-parts\/\">servi\u00e7os de usinagem CNC de 5 eixos para pe\u00e7as complexas de alum\u00ednio<\/a> onde as toler\u00e2ncias s\u00e3o extremamente precisas.<\/li>\n<li><strong>Inspe\u00e7\u00e3o do Primeiro Artigo (FAI):<\/strong> Antes de aumentar a produ\u00e7\u00e3o em escala, realizamos uma Verifica\u00e7\u00e3o de Aceita\u00e7\u00e3o de Fabrica\u00e7\u00e3o (FAI) abrangente. Isso valida que nossas ferramentas e programa\u00e7\u00e3o produzem uma pe\u00e7a que corresponde \u00e0s suas especifica\u00e7\u00f5es 100%, reduzindo significativamente o risco para grandes lotes na ind\u00fastria aeroespacial.<\/li>\n<\/ul>\n<h2>Por que Parceria com a ZSCNC para suas Pe\u00e7as de Alto Desempenho?<\/h2>\n<p>Quando voc\u00ea est\u00e1 construindo para o c\u00e9u ou para a pista de corrida, precisa de um parceiro de fabrica\u00e7\u00e3o que compreenda a import\u00e2ncia. Na ZSCNC, n\u00e3o apenas cortamos metal; oferecemos uma solu\u00e7\u00e3o completa de fabrica\u00e7\u00e3o sob medida para aplica\u00e7\u00f5es de alta tens\u00e3o usando <strong>usinagem CNC de alum\u00ednio 7075<\/strong>.<\/p>\n<ul>\n<li><strong>Fabrica\u00e7\u00e3o Escal\u00e1vel:<\/strong> Seja voc\u00ea precisa de um \u00fanico prot\u00f3tipo para testes em t\u00fanel de vento ou uma produ\u00e7\u00e3o completa de 10.000 componentes de suspens\u00e3o, nossa instala\u00e7\u00e3o interna cuida de tudo. N\u00f3s preenchemos a lacuna entre P&amp;D inicial e fabrica\u00e7\u00e3o em massa sem a necessidade de trocar de fornecedor, garantindo consist\u00eancia em cada lote.<\/li>\n<li><strong>Suporte Especializado em DFM:<\/strong> Oferecemos revis\u00f5es gratuitas de Design para Fabrica\u00e7\u00e3o (DFM) para otimizar seus arquivos CAD antes que as m\u00e1quinas toquem o material. Nossos engenheiros sugerem modifica\u00e7\u00f5es para reduzir o desperd\u00edcio de material e o tempo de ciclo, ajudando voc\u00ea <a href=\"https:\/\/zscncparts.com\/pt\/how-to-reduce-machining-cost-for-lowvolume-automotive-cnc-parts\/\">reduzir custos de usinagem para pe\u00e7as automotivas de baixo volume<\/a> enquanto mant\u00e9m a integridade estrutural necess\u00e1ria para alum\u00ednio de grau aeroespacial.<\/li>\n<li><strong>Log\u00edstica Global:<\/strong> Temos ampla experi\u00eancia exportando para a Am\u00e9rica, Europa e \u00c1sia. Entendemos a urg\u00eancia das temporadas de corrida e prazos aeroespaciais, oferecendo op\u00e7\u00f5es de envio confi\u00e1veis (incluindo DDP) para garantir que suas pe\u00e7as cheguem no prazo, sempre.<\/li>\n<\/ul>\n<h2>Perguntas Frequentes (FAQ)<\/h2>\n<p><strong>Qual \u00e9 a principal diferen\u00e7a entre alum\u00ednio 7075 e 6061?<\/strong><br \/>\nA principal diferen\u00e7a est\u00e1 na resist\u00eancia e composi\u00e7\u00e3o. <strong>Alum\u00ednio 7075<\/strong> \u00e9 uma liga com zinco, proporcionando uma resist\u00eancia \u00e0 tra\u00e7\u00e3o compar\u00e1vel a muitos a\u00e7os, por isso \u00e9 o padr\u00e3o para aplica\u00e7\u00f5es aeroespaciais e de automobilismo de alta tens\u00e3o. Em contraste, 6061 \u00e9 baseado em magn\u00e9sio e sil\u00edcio, oferecendo melhor resist\u00eancia \u00e0 corros\u00e3o e soldabilidade, mas resist\u00eancia geral inferior. Se seu projeto requer uso geral <a href=\"https:\/\/zscncparts.com\/pt\/product\/custom-aluminum-cnc-machining-parts-supplier-china\/\">pe\u00e7as de usinagem CNC de alum\u00ednio personalizadas<\/a>, 6061 geralmente \u00e9 suficiente, mas para componentes cr\u00edticos que suportam cargas, o 7075 \u00e9 a escolha superior.<\/p>\n<p><strong>Voc\u00ea pode soldar pe\u00e7as de alum\u00ednio 7075 de forma eficaz?<\/strong><br \/>\nGeralmente, <strong>no<\/strong>. O 7075 \u00e9 considerado \u201cn\u00e3o sold\u00e1vel\u201d pelos m\u00e9todos padr\u00e3o como TIG ou MIG porque \u00e9 altamente propenso a trincas a quente e microfissuras durante o processo de resfriamento. Se seu projeto requer montagens soldadas, normalmente recomendamos trocar para 6061 ou usar fixadores mec\u00e2nicos (parafusos\/rebites) para unir componentes de 7075.<\/p>\n<p><strong>Qual \u00e9 o prazo padr\u00e3o para pe\u00e7as usinadas personalizadas em 7075?<\/strong><br \/>\nEntendemos que a velocidade \u00e9 muitas vezes cr\u00edtica no desenvolvimento de corrida e aeroespacial. Aproveitando nossa f\u00e1brica interna com mais de 40 m\u00e1quinas CNC, podemos oferecer <strong>entrega em at\u00e9 7 dias<\/strong> para projetos urgentes. Seja voc\u00ea precisa de prot\u00f3tipos r\u00e1pidos ou uma produ\u00e7\u00e3o em escala <a href=\"https:\/\/zscncparts.com\/pt\/product\/cnc-machining-for-automotive-aluminum-parts-supplier-china\/\">usinagem CNC para pe\u00e7as automotivas de alum\u00ednio<\/a>, nosso sistema de cota\u00e7\u00e3o 24 horas e fluxo de trabalho otimizado garantem que voc\u00ea receba suas pe\u00e7as rapidamente sem sacrificar a precis\u00e3o.<\/p>\n<p><strong>Voc\u00ea fornece certifica\u00e7\u00f5es de material para alum\u00ednio de grau aeroespacial?<\/strong><br \/>\nSim, com certeza. Para ind\u00fastrias cr\u00edticas, a rastreabilidade do material \u00e9 inegoci\u00e1vel. Fornecemos certifica\u00e7\u00f5es completas de material (COA) <strong>Certifica\u00e7\u00f5es de Material (COA)<\/strong> e Relat\u00f3rios de Teste de Usina mediante solicita\u00e7\u00e3o para verificar a composi\u00e7\u00e3o qu\u00edmica e as propriedades mec\u00e2nicas do material 7075-T6 ou T651 utilizado. Como fabricante certificado pela ISO 9001, garantimos que cada bloco de alum\u00ednio atenda aos padr\u00f5es rigorosos exigidos para aplica\u00e7\u00f5es de alto desempenho.<\/p>\n<div id=\"references\" class=\"min-w-0 scroll-mt-8 overflow-hidden\">\n<div class=\"text-[16px]\">\n<h2 id=\"references\" class=\"mb-2 mt-2 scroll-mt-24 font-serif text-[1.714286em] font-semibold border-border-l1 pb-1 border-b overflow-hidden\">Fontes Relacionadas<\/h2>\n<\/div>\n<div class=\"flex flex-col gap-2 text-sm leading-relaxed\">\n<div class=\"break-words text-[1em] leading-7\"><a class=\"break-words text-[1em] text-blue-500 hover:underline dark:text-blue-200\" href=\"https:\/\/en.wikipedia.org\/wiki\/7075_aluminium_alloy\" target=\"_blank\" rel=\"noopener noreferrer\">https:\/\/en.wikipedia.org\/wiki\/7075_aluminium_alloy<\/a><\/div>\n<div class=\"break-words text-[1em] leading-7\"><\/div>\n<\/div>\n<\/div>","protected":false},"excerpt":{"rendered":"<p>A ZSCNC oferece usinagem CNC de alum\u00ednio 7075 para pe\u00e7as de alta resist\u00eancia aeroespaciais e de motorsport com precis\u00e3o de 5 eixos e qualidade ISO 9001<\/p>","protected":false},"featured_media":3657,"comment_status":"open","ping_status":"closed","template":"","meta":{"_monsterinsights_skip_tracking":false,"_monsterinsights_sitenote_active":false,"_monsterinsights_sitenote_note":"","_monsterinsights_sitenote_category":0,"site-sidebar-layout":"default","site-content-layout":"","ast-site-content-layout":"default","site-content-style":"default","site-sidebar-style":"default","ast-global-header-display":"","ast-banner-title-visibility":"","ast-main-header-display":"","ast-hfb-above-header-display":"","ast-hfb-below-header-display":"","ast-hfb-mobile-header-display":"","site-post-title":"","ast-breadcrumbs-content":"","ast-featured-img":"","footer-sml-layout":"","theme-transparent-header-meta":"default","adv-header-id-meta":"","stick-header-meta":"","header-above-stick-meta":"","header-main-stick-meta":"","header-below-stick-meta":"","astra-migrate-meta-layouts":"set","ast-page-background-enabled":"default","ast-page-background-meta":{"desktop":{"background-color":"var(--ast-global-color-5)","background-image":"","background-repeat":"repeat","background-position":"center center","background-size":"auto","background-attachment":"scroll","background-type":"","background-media":"","overlay-type":"","overlay-color":"","overlay-opacity":"","overlay-gradient":""},"tablet":{"background-color":"","background-image":"","background-repeat":"repeat","background-position":"center center","background-size":"auto","background-attachment":"scroll","background-type":"","background-media":"","overlay-type":"","overlay-color":"","overlay-opacity":"","overlay-gradient":""},"mobile":{"background-color":"","background-image":"","background-repeat":"repeat","background-position":"center center","background-size":"auto","background-attachment":"scroll","background-type":"","background-media":"","overlay-type":"","overlay-color":"","overlay-opacity":"","overlay-gradient":""}},"ast-content-background-meta":{"desktop":{"background-color":"var(--ast-global-color-4)","background-image":"","background-repeat":"repeat","background-position":"center center","background-size":"auto","background-attachment":"scroll","background-type":"","background-media":"","overlay-type":"","overlay-color":"","overlay-opacity":"","overlay-gradient":""},"tablet":{"background-color":"var(--ast-global-color-4)","background-image":"","background-repeat":"repeat","background-position":"center center","background-size":"auto","background-attachment":"scroll","background-type":"","background-media":"","overlay-type":"","overlay-color":"","overlay-opacity":"","overlay-gradient":""},"mobile":{"background-color":"var(--ast-global-color-4)","background-image":"","background-repeat":"repeat","background-position":"center center","background-size":"auto","background-attachment":"scroll","background-type":"","background-media":"","overlay-type":"","overlay-color":"","overlay-opacity":"","overlay-gradient":""}}},"product_brand":[],"product_cat":[15,38,31],"product_tag":[],"class_list":{"0":"post-3658","1":"product","2":"type-product","3":"status-publish","4":"has-post-thumbnail","6":"product_cat-cnc-machining","7":"product_cat-laser-cutting","8":"product_cat-turning","9":"desktop-align-left","10":"tablet-align-left","11":"mobile-align-left","13":"first","14":"instock","15":"shipping-taxable","16":"purchasable","17":"product-type-simple"},"_links":{"self":[{"href":"https:\/\/zscncparts.com\/pt\/wp-json\/wp\/v2\/product\/3658","targetHints":{"allow":["GET"]}}],"collection":[{"href":"https:\/\/zscncparts.com\/pt\/wp-json\/wp\/v2\/product"}],"about":[{"href":"https:\/\/zscncparts.com\/pt\/wp-json\/wp\/v2\/types\/product"}],"replies":[{"embeddable":true,"href":"https:\/\/zscncparts.com\/pt\/wp-json\/wp\/v2\/comments?post=3658"}],"wp:featuredmedia":[{"embeddable":true,"href":"https:\/\/zscncparts.com\/pt\/wp-json\/wp\/v2\/media\/3657"}],"wp:attachment":[{"href":"https:\/\/zscncparts.com\/pt\/wp-json\/wp\/v2\/media?parent=3658"}],"wp:term":[{"taxonomy":"product_brand","embeddable":true,"href":"https:\/\/zscncparts.com\/pt\/wp-json\/wp\/v2\/product_brand?post=3658"},{"taxonomy":"product_cat","embeddable":true,"href":"https:\/\/zscncparts.com\/pt\/wp-json\/wp\/v2\/product_cat?post=3658"},{"taxonomy":"product_tag","embeddable":true,"href":"https:\/\/zscncparts.com\/pt\/wp-json\/wp\/v2\/product_tag?post=3658"}],"curies":[{"name":"wp","href":"https:\/\/api.w.org\/{rel}","templated":true}]}}