{"id":3630,"date":"2026-02-14T14:30:21","date_gmt":"2026-02-14T06:30:21","guid":{"rendered":"https:\/\/zscncparts.com\/?post_type=product&#038;p=3630"},"modified":"2026-02-14T14:32:24","modified_gmt":"2026-02-14T06:32:24","slug":"custom-cnc-machining-of-plastic-parts-for-automation-medical-and-packaging","status":"publish","type":"product","link":"https:\/\/zscncparts.com\/pt\/product\/custom-cnc-machining-of-plastic-parts-for-automation-medical-and-packaging\/","title":{"rendered":"Usinagem CNC Personalizada de Pl\u00e1stico para Automa\u00e7\u00e3o e Embalagem M\u00e9dica"},"content":{"rendered":"<h2>Usinagem CNC Especializada de Pl\u00e1stico para Ind\u00fastrias Cr\u00edticas<\/h2>\n<p>Entregamos alta precis\u00e3o <strong>usina\u00e7\u00e3o CNC personalizada de pe\u00e7as pl\u00e1sticas para automa\u00e7\u00e3o, medicina e embalagem<\/strong> aplica\u00e7\u00f5es, garantindo que cada componente atenda aos rigorosos padr\u00f5es desses setores de alto desempenho. Diferente de oficinas de usinagem gerais, somos especializados nas propriedades t\u00e9rmicas e mec\u00e2nicas \u00fanicas dos pol\u00edmeros, permitindo manter toler\u00e2ncias apertadas em geometrias complexas que outros t\u00eam dificuldade de alcan\u00e7ar.<\/p>\n<p>Nossa instala\u00e7\u00e3o combina tecnologia avan\u00e7ada de CNC de 3, 4 e 5 eixos com profundo conhecimento de materiais para apoiar seu projeto desde o conceito at\u00e9 a produ\u00e7\u00e3o em massa. Trabalhando diretamente com nossa f\u00e1brica, voc\u00ea evita a margem de intermedi\u00e1rios e se beneficia de um processo de fabrica\u00e7\u00e3o otimizado, projetado para velocidade e precis\u00e3o.<\/p>\n<p><strong>Por que as ind\u00fastrias confiam em nossos servi\u00e7os de usinagem de pl\u00e1stico:<\/strong><\/p>\n<ul>\n<li><strong>Engenharia de Precis\u00e3o:<\/strong> Capaz de atingir toler\u00e2ncias t\u00e3o apertadas quanto <strong>+\/- 0,01mm<\/strong> em pl\u00e1sticos de engenharia.<\/li>\n<li><strong>Retorno R\u00e1pido:<\/strong> Prototipagem r\u00e1pida com entrega de amostras em <strong>3\u20137 dias<\/strong> para acelerar seu tempo de entrada no mercado.<\/li>\n<li><strong>Valor Direto da F\u00e1brica:<\/strong> Pre\u00e7os competitivos tanto para prot\u00f3tipos \u00fanicos quanto para produ\u00e7\u00f5es em grande volume, sem restri\u00e7\u00f5es de Quantidade M\u00ednima de Pedido (QMP).<\/li>\n<li><strong>Versatilidade de Materiais:<\/strong> Especializa\u00e7\u00e3o em usinagem de tudo, desde ABS padr\u00e3o e Nylon at\u00e9 PEEK de alto desempenho e Ultem.<\/li>\n<\/ul>\n<h2>Solu\u00e7\u00f5es Espec\u00edficas por Ind\u00fastria: Onde N\u00f3s Excelimos<\/h2>\n<p><img decoding=\"async\" data-src=\"https:\/\/pub-36eea33d6f1540d281c285671ffb8664.r2.dev\/2026\/02\/14\/Custom_CNC_Plastic_Parts_for_Automation_Medical_nx.webp\" alt=\"Pe\u00e7as de Pl\u00e1stico CNC Personalizadas para Automa\u00e7\u00e3o e Medicina\" title=\"\" src=\"data:image\/svg+xml;base64,PHN2ZyB3aWR0aD0iMSIgaGVpZ2h0PSIxIiB4bWxucz0iaHR0cDovL3d3dy53My5vcmcvMjAwMC9zdmciPjwvc3ZnPg==\" class=\"lazyload\"><\/p>\n<p>Personalizamos nosso <strong>usina\u00e7\u00e3o CNC personalizada de pe\u00e7as pl\u00e1sticas para automa\u00e7\u00e3o, medicina e embalagem<\/strong> para atender aos padr\u00f5es exatos de cada setor. Diferentes ind\u00fastrias exigem propriedades espec\u00edficas de materiais, variando desde resist\u00eancia extrema ao calor at\u00e9 conformidade rigorosa com seguran\u00e7a alimentar.<\/p>\n<h3>Automa\u00e7\u00e3o &amp; Rob\u00f3tica<\/h3>\n<p>Linhas de montagem de alta velocidade exigem componentes que possam suportar fric\u00e7\u00e3o e estresse constantes. N\u00f3s fabricamos pe\u00e7as dur\u00e1veis <strong>Pe\u00e7as de Desgaste para Automa\u00e7\u00e3o<\/strong>, incluindo componentes estruturais e <strong>Engrenagens Personalizadas de Delrin<\/strong>. Utilizando pl\u00e1sticos de engenharia como Nylon (PA6\/PA66) e POM, garantimos que seus sistemas rob\u00f3ticos mantenham alta disponibilidade com pe\u00e7as projetadas para longevidade e resist\u00eancia ao desgaste.<\/p>\n<h3>Dispositivos M\u00e9dicos<\/h3>\n<p>Precis\u00e3o e pureza s\u00e3o essenciais na \u00e1rea da sa\u00fade. Nossa instala\u00e7\u00e3o \u00e9 especializada em <strong>Usinagem de PEEK de Grau M\u00e9dico<\/strong> e processamento de outros pl\u00e1sticos de alto desempenho como PPSU e Ultem (PEI). Fornecemos componentes biocompat\u00edveis para instrumentos cir\u00fargicos, equipamentos laboratoriais e dispositivos de diagn\u00f3stico, utilizando <strong>Usinagem CNC de Pl\u00e1stico de 5 Eixos<\/strong> para alcan\u00e7ar as geometrias complexas necess\u00e1rias para a inova\u00e7\u00e3o m\u00e9dica.<\/p>\n<h3>M\u00e1quinas de Embalagem<\/h3>\n<p>Para a ind\u00fastria de alimentos e bebidas, fornecemos <strong>Componentes de Pl\u00e1stico Seguros para Alimentos<\/strong> que atendem a rigorosos padr\u00f5es de higiene. Usinamos guias resistentes ao desgaste, rodas estrela e buchas a partir de materiais compat\u00edveis com a FDA, como UHMWPE e PETP. Nossa abordagem garante que <a href=\"https:\/\/zscncparts.com\/pt\/how-cnc-machining-improves-flexibility-of-packaging-equipment-for-dutch-and-german-factories\/\">a usinagem CNC melhore a flexibilidade para equipamentos de embalagem<\/a>, permitindo trocas r\u00e1pidas e desempenho consistente em ambientes de produ\u00e7\u00e3o de alto volume.<\/p>\n<h2>Sele\u00e7\u00e3o de Materiais: Pl\u00e1sticos de Engenharia que Usinamos<\/h2>\n<p>Selecionar o pol\u00edmero certo \u00e9 a base do sucesso de <strong>usina\u00e7\u00e3o CNC personalizada de pe\u00e7as pl\u00e1sticas para automa\u00e7\u00e3o, medicina e embalagem<\/strong>. Trabalhamos com um vasto estoque de materiais para garantir que seus componentes atendam a requisitos t\u00e9rmicos, qu\u00edmicos e mec\u00e2nicos espec\u00edficos. Seja para resist\u00eancia ao calor para esteriliza\u00e7\u00e3o ou baixa fric\u00e7\u00e3o para sistemas de transporte, temos o estoque e a expertise para entregar.<\/p>\n<h3>Op\u00e7\u00f5es de Alto Desempenho e M\u00e9dicas<\/h3>\n<p>Para as aplica\u00e7\u00f5es mais exigentes, somos especializados em <strong>Usinagem de PEEK de Grau M\u00e9dico<\/strong> e outros termopl\u00e1sticos avan\u00e7ados. Materiais como PEEK, PPS e Ultem (PEI) oferecem resist\u00eancia excepcional e biocompatibilidade, tornando-os padr\u00e3o para instrumentos cir\u00fargicos e componentes implant\u00e1veis. Tamb\u00e9m usinamos <strong>Selos e Isoladores de PTFE<\/strong> (Teflon) conhecidos por sua inertidade qu\u00edmica e baixo coeficiente de atrito.<\/p>\n<h3>Grades de Engenharia Padr\u00e3o<\/h3>\n<p>Para automa\u00e7\u00e3o industrial e m\u00e1quinas gerais, utilizamos uma <a href=\"https:\/\/zscncparts.com\/pt\/material\/plastic\/\">gama abrangente de materiais pl\u00e1sticos<\/a> projetados para durabilidade e efici\u00eancia de custo.<\/p>\n<ul>\n<li><strong>Delrin (POM):<\/strong> Ideal para <strong>Engrenagens Personalizadas de Delrin<\/strong> e buchas devido \u00e0 alta rigidez e estabilidade dimensional.<\/li>\n<li><strong>Nylon (PA6\/PA66):<\/strong> Usado para <strong>Componentes Industriais de Nylon<\/strong> que requerem alta resist\u00eancia ao desgaste e resist\u00eancia.<\/li>\n<li><strong>Policarbonato (PC) &amp; Acr\u00edlico (PMMA):<\/strong> Perfeito para prote\u00e7\u00f5es transparentes e <strong>Polimento de Acr\u00edlico de Grau \u00d3ptico<\/strong>.<\/li>\n<li><strong>UHMWPE:<\/strong> O material de escolha para <strong>Componentes de Pl\u00e1stico Seguros para Alimentos<\/strong> e faixas de desgaste em linhas de embalagem.<\/li>\n<\/ul>\n<h3>Certifica\u00e7\u00e3o e Rastreabilidade<\/h3>\n<p>Em ind\u00fastrias regulamentadas, a verifica\u00e7\u00e3o de materiais \u00e9 fundamental. Fornecemos certifica\u00e7\u00f5es completas de materiais e rastreabilidade para todos os nossos <strong>Usinagem CNC de pl\u00e1sticos de engenharia<\/strong>. Isso garante que as pe\u00e7as destinadas a dispositivos m\u00e9dicos ou m\u00e1quinas de processamento de alimentos atendam estritamente aos padr\u00f5es da FDA e de biocompatibilidade, proporcionando total confian\u00e7a na seguran\u00e7a e conformidade do seu produto final. Alinhamos nossos <a href=\"https:\/\/zscncparts.com\/pt\/product\/custom-cnc-machining-services-for-machinery-and-robotics-parts\/\">servi\u00e7os de usinagem para m\u00e1quinas e rob\u00f3tica<\/a> a esses rigorosos controles de materiais para garantir qualidade desde o bloco bruto at\u00e9 a pe\u00e7a finalizada.<\/p>\n<h2>Nossas Capacidades de Fabrica\u00e7\u00e3o e Toler\u00e2ncias<\/h2>\n<p>Na ZSCNC, combinamos mais de 20 anos de experi\u00eancia com tecnologia avan\u00e7ada para entregar pe\u00e7as de precis\u00e3o que atendem aos rigorosos padr\u00f5es das ind\u00fastrias de automa\u00e7\u00e3o, m\u00e9dica e de embalagens. Entendemos que a usinagem de materiais macios requer uma abordagem diferente da de metais, focando no controle de cavacos e na gest\u00e3o t\u00e9rmica para manter a estabilidade dimensional.<\/p>\n<p>Nossas principais capacidades de produ\u00e7\u00e3o incluem:<\/p>\n<ul>\n<li><strong>Usinagem CNC de Pl\u00e1sticos de 5 Eixos:<\/strong> Utilizamos centros de usinagem avan\u00e7ados de 3, 4 e 5 eixos para produzir geometrias complexas e formas org\u00e2nicas. Isso \u00e9 fundamental para a fabrica\u00e7\u00e3o de componentes intricados <a href=\"https:\/\/zscncparts.com\/pt\/key-requirements-for-cnc-machining-medical-device-components-2\/\">de dispositivos m\u00e9dicos<\/a> e instrumentos cir\u00fargicos que requerem usinagem em m\u00faltiplos lados sem necessidade de refixa\u00e7\u00e3o.<\/li>\n<li><strong>Servi\u00e7os de Torneamento CNC de Precis\u00e3o:<\/strong> Nossos centros de torneamento s\u00e3o otimizados para produzir pe\u00e7as cil\u00edndricas como buchas, rolos, eixos e parafusos de avan\u00e7o, comumente encontrados em m\u00e1quinas de embalagem e sistemas de automa\u00e7\u00e3o.<\/li>\n<li><strong>Usinagem de Pol\u00edmeros de Alta Toler\u00e2ncia:<\/strong> Alcan\u00e7ar especifica\u00e7\u00f5es rigorosas em pl\u00e1stico \u00e9 desafiador devido ao estresse do material e ao calor. Mantemos toler\u00e2ncias t\u00e3o apertadas quanto <strong>\u00b10,01mm<\/strong>, garantindo que sua usinagem CNC personalizada de pe\u00e7as pl\u00e1sticas para automa\u00e7\u00e3o, aplica\u00e7\u00f5es m\u00e9dicas e de embalagem se encaixe perfeitamente durante a montagem.<\/li>\n<\/ul>\n<h2>Garantia de Qualidade e Acabamento de Superf\u00edcie<\/h2>\n<p>Usinar pl\u00e1stico requer uma abordagem diferente da de metais para evitar deforma\u00e7\u00f5es. Priorizamos a integridade estrutural aplicando processos de al\u00edvio de tens\u00f5es e recozimento. Isso previne empenamentos e garante que as pe\u00e7as mantenham suas dimens\u00f5es por muito tempo ap\u00f3s sa\u00edrem da m\u00e1quina, especialmente para materiais sens\u00edveis como PEEK e Ultem.<\/p>\n<h3>Op\u00e7\u00f5es de Acabamento de Precis\u00e3o<\/h3>\n<p>Oferecemos uma ampla variedade de t\u00e9cnicas de p\u00f3s-processamento para atender aos requisitos funcionais e est\u00e9ticos. Compreender a <a href=\"https:\/\/zscncparts.com\/pt\/surface-finish-impactthe-influence-of-surface-roughness-ra-on-the-performance-of-parts\/\">influ\u00eancia da rugosidade superficial (Ra) no desempenho da pe\u00e7a<\/a> ajuda na sele\u00e7\u00e3o do acabamento adequado para sua aplica\u00e7\u00e3o espec\u00edfica.<\/p>\n<ul>\n<li><strong>Polimento por Vapor:<\/strong> Ideal para alcan\u00e7ar <strong>Polimento de Acr\u00edlico de Grau \u00d3ptico<\/strong> clareza em pe\u00e7as transparentes como coletores, lentes e guias m\u00e9dicos.<\/li>\n<li><strong>Blastagem com Bolhas:<\/strong> Cria uma textura fosca uniforme que oculta marcas de ferramenta em carca\u00e7as industriais e componentes externos.<\/li>\n<li><strong>Usinado:<\/strong> Um acabamento padr\u00e3o econ\u00f4mico com trajet\u00f3rias de ferramenta suaves, adequado para engrenagens internas e suportes estruturais.<\/li>\n<\/ul>\n<h3>Inspe\u00e7\u00e3o Certificada ISO 9001<\/h3>\n<p>Como um <strong>Oficina de Pl\u00e1sticos Certificada ISO 9001<\/strong>, validamos todas as dimens\u00f5es cr\u00edticas. Nossa equipe de controle de qualidade usa CMM (M\u00e1quinas de Medi\u00e7\u00e3o por Coordenadas) para verificar geometrias complexas, garantindo que entregamos de forma consistente <strong>Usinagem de Pol\u00edmeros de Alta Toler\u00e2ncia<\/strong> resultados. Realizamos inspe\u00e7\u00e3o 100% antes do envio para garantir que suas pe\u00e7as se encaixem perfeitamente em seus conjuntos de automa\u00e7\u00e3o, m\u00e9dico ou de embalagem.<\/p>\n<h2>Por que Parceria com a ZSCNC?<\/h2>\n<p>Escolher o fabricante certo \u00e9 mais do que apenas pre\u00e7o; trata-se de confiabilidade e suporte t\u00e9cnico. Com mais de 20 anos de experi\u00eancia, fornecemos <strong>usinagem CNC personalizada de pe\u00e7as pl\u00e1sticas para automa\u00e7\u00e3o, medicina e embalagem<\/strong> diretamente do nosso ch\u00e3o de f\u00e1brica. Ao eliminar intermedi\u00e1rios, oferecemos pre\u00e7os competitivos de f\u00e1brica sem comprometer a qualidade necess\u00e1ria para ind\u00fastrias cr\u00edticas.<\/p>\n<p>Veja como apoiamos sua cadeia de suprimentos:<\/p>\n<ul>\n<li><strong>Revis\u00f5es DFM gratuitas:<\/strong> N\u00e3o apenas operamos as m\u00e1quinas; n\u00f3s projetamos solu\u00e7\u00f5es. Nossa equipe analisa seus arquivos CAD (STEP, IGES, XT) para identificar poss\u00edveis problemas de usinagem e otimizar custos antes do in\u00edcio da produ\u00e7\u00e3o.<\/li>\n<li><strong>Produ\u00e7\u00e3o Escal\u00e1vel:<\/strong> Temos <strong>Sem MOQ<\/strong> requisitos. Apoiamo-lo desde a fase inicial de conceito\u2014onde <a href=\"https:\/\/zscncparts.com\/pt\/why-many-medical-device-startups-choose-cnc-machining-for-prototypes\/\">Usinagem CNC para prot\u00f3tipos<\/a> permite valida\u00e7\u00e3o r\u00e1pida\u2014at\u00e9 a produ\u00e7\u00e3o em massa de alto volume.<\/li>\n<li><strong>Velocidade e Log\u00edstica:<\/strong> Tempo \u00e9 dinheiro. Oferecemos prazos de entrega r\u00e1pidos com envio de amostras em apenas <strong>3\u20137 dias<\/strong>. Nossa rede global de log\u00edstica garante envio seguro via DHL, FedEx, UPS ou transporte mar\u00edtimo para entregar as pe\u00e7as na sua instala\u00e7\u00e3o no prazo.<\/li>\n<li><strong>Qualidade Certificada:<\/strong> Como um <strong>Oficina de Pl\u00e1sticos Certificada ISO 9001<\/strong>, cada pe\u00e7a passa por inspe\u00e7\u00e3o 100% para garantir que atende \u00e0s suas especifica\u00e7\u00f5es exatas.<\/li>\n<\/ul>\n<h2>Perguntas Frequentes: Usinagem CNC Personalizada de Pe\u00e7as de Pl\u00e1stico<\/h2>\n<h3>Como voc\u00ea controla a expans\u00e3o t\u00e9rmica em pl\u00e1sticos?<\/h3>\n<p>Os pl\u00e1sticos reagem de forma diferente ao calor do que os metais, muitas vezes expandindo ou deformando se n\u00e3o forem manuseados corretamente. Para garantir <strong>Usinagem de Pol\u00edmeros de Alta Toler\u00e2ncia<\/strong>, mantemos um ambiente estritamente controlado em temperatura em nossa <strong>oficina de pl\u00e1sticos ISO 9001<\/strong>. Utilizamos estrat\u00e9gias de corte especializadas\u2014como altas velocidades de spindle com baixas taxas de avan\u00e7o e ferramentas afiadas e polidas\u2014para minimizar o calor por atrito. Para materiais sens\u00edveis como PTFE ou grandes <strong>Componentes Industriais de Nylon<\/strong>, tamb\u00e9m empregamos processos de recozimento de al\u00edvio de tens\u00e3o para garantir a estabilidade dimensional.<\/p>\n<h3>Voc\u00ea fornece certifica\u00e7\u00f5es de seguran\u00e7a alimentar FDA?<\/h3>\n<p>Sim, fornecemos rastreabilidade completa de materiais e documenta\u00e7\u00e3o de conformidade para ind\u00fastrias regulamentadas. Seja para <strong>Componentes de Pl\u00e1stico Seguros para Alimentos<\/strong> para linhas de processamento ou pe\u00e7as biocompat\u00edveis para dispositivos m\u00e9dicos, fornecemos as certifica\u00e7\u00f5es necess\u00e1rias da FDA e RoHS. Este \u00e9 um procedimento padr\u00e3o para nossos <strong>Pe\u00e7as de Embalagem UHMWPE<\/strong> e <strong>Usinagem de PEEK de Grau M\u00e9dico<\/strong> projetos, garantindo que seus produtos atendam a padr\u00f5es de seguran\u00e7a rigorosos.<\/p>\n<h3>Qual \u00e9 o prazo de entrega para prot\u00f3tipos personalizados de pl\u00e1stico?<\/h3>\n<p>Sabemos que a velocidade \u00e9 fundamental para o desenvolvimento de produtos. Nosso <strong>Pl\u00e1sticos de Engenharia para Prot\u00f3tipo R\u00e1pido<\/strong> servi\u00e7o normalmente fornece amostras funcionais em apenas <strong>3\u20137 dias<\/strong>. De <strong>Engrenagens Personalizadas de Delrin<\/strong> at\u00e9 complexo <strong>Usinagem CNC de Pl\u00e1stico de 5 Eixos<\/strong> projetos, oferecemos uma transi\u00e7\u00e3o cont\u00ednua do prot\u00f3tipo para a produ\u00e7\u00e3o em massa. Nosso fluxo de trabalho eficiente apoia diversos setores, entregando componentes de precis\u00e3o para instrumentos m\u00e9dicos, linhas de embalagem e at\u00e9 <a href=\"https:\/\/zscncparts.com\/pt\/custom-cnc-machined-automotive-parts-manufacturer\/\">fabrica\u00e7\u00e3o de pe\u00e7as automotivas usinadas sob medida<\/a>.<\/p>\n<div id=\"references\" class=\"min-w-0 scroll-mt-8 overflow-hidden\">\n<div class=\"text-[16px]\">\n<h2 id=\"references\" class=\"mb-2 mt-2 scroll-mt-24 font-serif text-[1.714286em] font-semibold border-border-l1 pb-1 border-b overflow-hidden\">Fontes Relacionadas<\/h2>\n<\/div>\n<div class=\"flex flex-col gap-2 text-sm leading-relaxed\">\n<div class=\"break-words text-[1em] leading-7\"><a class=\"break-words text-[1em] text-blue-500 hover:underline dark:text-blue-200\" href=\"https:\/\/www.mitsubishi-chemical-group.com\/mc-adv-solutions\/en\/solutions\/industries\/medical.html\" target=\"_blank\" rel=\"noopener noreferrer\">https:\/\/www.mitsubishi-chemical-group.com\/mc-adv-solutions\/en\/solutions\/industries\/medical.html<\/a><\/div>\n<div class=\"break-words text-[1em] leading-7\"><a class=\"break-words text-[1em] text-blue-500 hover:underline dark:text-blue-200\" href=\"https:\/\/www.solvay.com\/en\/brands\/zeniva-peek\" target=\"_blank\" rel=\"noopener noreferrer\">https:\/\/www.solvay.com\/en\/brands\/zeniva-peek<\/a><\/div>\n<div class=\"break-words text-[1em] leading-7\"><\/div>\n<\/div>\n<\/div>","protected":false},"excerpt":{"rendered":"<p>Usinagem CNC personalizada de pe\u00e7as pl\u00e1sticas para automa\u00e7\u00e3o, m\u00e9dica e embalagem com precis\u00e3o ISO 9001, r\u00e1pido prazo de entrega e pl\u00e1sticos de engenharia<\/p>","protected":false},"featured_media":3629,"comment_status":"open","ping_status":"closed","template":"","meta":{"_monsterinsights_skip_tracking":false,"_monsterinsights_sitenote_active":false,"_monsterinsights_sitenote_note":"","_monsterinsights_sitenote_category":0,"site-sidebar-layout":"default","site-content-layout":"","ast-site-content-layout":"default","site-content-style":"default","site-sidebar-style":"default","ast-global-header-display":"","ast-banner-title-visibility":"","ast-main-header-display":"","ast-hfb-above-header-display":"","ast-hfb-below-header-display":"","ast-hfb-mobile-header-display":"","site-post-title":"","ast-breadcrumbs-content":"","ast-featured-img":"","footer-sml-layout":"","theme-transparent-header-meta":"default","adv-header-id-meta":"","stick-header-meta":"","header-above-stick-meta":"","header-main-stick-meta":"","header-below-stick-meta":"","astra-migrate-meta-layouts":"set","ast-page-background-enabled":"default","ast-page-background-meta":{"desktop":{"background-color":"var(--ast-global-color-5)","background-image":"","background-repeat":"repeat","background-position":"center center","background-size":"auto","background-attachment":"scroll","background-type":"","background-media":"","overlay-type":"","overlay-color":"","overlay-opacity":"","overlay-gradient":""},"tablet":{"background-color":"","background-image":"","background-repeat":"repeat","background-position":"center center","background-size":"auto","background-attachment":"scroll","background-type":"","background-media":"","overlay-type":"","overlay-color":"","overlay-opacity":"","overlay-gradient":""},"mobile":{"background-color":"","background-image":"","background-repeat":"repeat","background-position":"center center","background-size":"auto","background-attachment":"scroll","background-type":"","background-media":"","overlay-type":"","overlay-color":"","overlay-opacity":"","overlay-gradient":""}},"ast-content-background-meta":{"desktop":{"background-color":"var(--ast-global-color-4)","background-image":"","background-repeat":"repeat","background-position":"center center","background-size":"auto","background-attachment":"scroll","background-type":"","background-media":"","overlay-type":"","overlay-color":"","overlay-opacity":"","overlay-gradient":""},"tablet":{"background-color":"var(--ast-global-color-4)","background-image":"","background-repeat":"repeat","background-position":"center center","background-size":"auto","background-attachment":"scroll","background-type":"","background-media":"","overlay-type":"","overlay-color":"","overlay-opacity":"","overlay-gradient":""},"mobile":{"background-color":"var(--ast-global-color-4)","background-image":"","background-repeat":"repeat","background-position":"center center","background-size":"auto","background-attachment":"scroll","background-type":"","background-media":"","overlay-type":"","overlay-color":"","overlay-opacity":"","overlay-gradient":""}}},"product_brand":[],"product_cat":[15,32,31],"product_tag":[],"class_list":{"0":"post-3630","1":"product","2":"type-product","3":"status-publish","4":"has-post-thumbnail","6":"product_cat-cnc-machining","7":"product_cat-5-axis","8":"product_cat-turning","9":"desktop-align-left","10":"tablet-align-left","11":"mobile-align-left","13":"first","14":"instock","15":"shipping-taxable","16":"purchasable","17":"product-type-simple"},"_links":{"self":[{"href":"https:\/\/zscncparts.com\/pt\/wp-json\/wp\/v2\/product\/3630","targetHints":{"allow":["GET"]}}],"collection":[{"href":"https:\/\/zscncparts.com\/pt\/wp-json\/wp\/v2\/product"}],"about":[{"href":"https:\/\/zscncparts.com\/pt\/wp-json\/wp\/v2\/types\/product"}],"replies":[{"embeddable":true,"href":"https:\/\/zscncparts.com\/pt\/wp-json\/wp\/v2\/comments?post=3630"}],"wp:featuredmedia":[{"embeddable":true,"href":"https:\/\/zscncparts.com\/pt\/wp-json\/wp\/v2\/media\/3629"}],"wp:attachment":[{"href":"https:\/\/zscncparts.com\/pt\/wp-json\/wp\/v2\/media?parent=3630"}],"wp:term":[{"taxonomy":"product_brand","embeddable":true,"href":"https:\/\/zscncparts.com\/pt\/wp-json\/wp\/v2\/product_brand?post=3630"},{"taxonomy":"product_cat","embeddable":true,"href":"https:\/\/zscncparts.com\/pt\/wp-json\/wp\/v2\/product_cat?post=3630"},{"taxonomy":"product_tag","embeddable":true,"href":"https:\/\/zscncparts.com\/pt\/wp-json\/wp\/v2\/product_tag?post=3630"}],"curies":[{"name":"wp","href":"https:\/\/api.w.org\/{rel}","templated":true}]}}