{"id":2534,"date":"2025-11-30T23:44:59","date_gmt":"2025-11-30T15:44:59","guid":{"rendered":"https:\/\/zscncparts.com\/?page_id=2534"},"modified":"2025-12-07T16:25:16","modified_gmt":"2025-12-07T08:25:16","slug":"resources","status":"publish","type":"page","link":"https:\/\/zscncparts.com\/pt\/resources\/","title":{"rendered":"Recursos"},"content":{"rendered":"<style>* { box-sizing: border-box; } body {margin: 0;}*{box-sizing:border-box;}body{margin-top:0px;margin-right:0px;margin-bottom:0px;margin-left:0px;}#content > div:first-child{width:100% !important;max-width:100% !important;}main#content{width:100% !important;max-width:100% !important;}.site-content .ast-container{display:block !important;}.c2665{max-width:100%;width:100%;}.c906{max-width:100%;width:100%;}.c1098{max-width:100%;width:100%;}.c1509{max-width:100%;width:100%;}.c2004{max-width:100%;width:100%;}.c3175{max-width:100%;width:100%;}.c4134{max-width:100%;width:100%;}<\/style>\n<p><body><\/p>\n<section class=\"relative bg-[#ffffff] bg-[url('https:\/\/zscncparts.com\/wp-content\/uploads\/2025\/12\/industrial-robotic-arm-automating-manufacturing-process-sow.webp')] bg-center bg-no-repeat bg-cover md:bg-contain lg:bg-cover min-h-[336px] sm:min-h-[420px] lg:min-h-[504px] mb-0 w-full max-w-full c906\" style=\"max-width: 100%; width: 100%;\">\n<div class=\"absolute inset-0 bg-[#002255] bg-opacity-60\"><\/div>\n<div class=\"relative z-10 max-w-7xl mx-auto px-6 py-20 flex flex-col justify-center h-full text-white sm:py-28 lg:py-32 container\">\n<h1 class=\"text-3xl sm:text-4xl lg:text-5xl font-extrabold leading-tight max-w-3xl drop-shadow-md font-['Inter'] !text-[#ffffff]\">\n      Central de Conhecimento sobre Usinagem CNC<br \/>\n    <\/h1>\n<p class=\"mt-4 text-lg sm:text-xl max-w-2xl leading-relaxed drop-shadow-md font-sans\">\n      Impulsione a inova\u00e7\u00e3o na manufatura com nossos insights profundos e conhecimento selecionado. Capacite decis\u00f5es, aprimore o planejamento de processos e acelere a automa\u00e7\u00e3o industrial.\n    <\/p>\n<\/div>\n<\/section>\n<section class=\"bg-white text-[#2c3e50] mb-0 w-full max-w-full' style='max-width: 100%; width: max-width: c1098\" style=\"max-width: 100%; width: 100%;\">\n<div class=\"container mx-auto px-6 py-20\">\n<h2 class=\"text-3xl font-semibold text-[#002255] mb-12 text-center md:text-left font-['Inter']\">Vis\u00e3o Geral dos Recursos ZSCNC e Insights da Ind\u00fastria<\/h2>\n<div class=\"grid grid-cols-1 lg:grid-cols-2 gap-16 items-center\">\n<div>\n<h3 class=\"text-xl font-semibold text-[#002255] mb-4 font-['Inter']\">Categoriza\u00e7\u00e3o Abrangente de Recursos<\/h3>\n<p class=\"mb-6 leading-relaxed font-system\"> Acesse uma biblioteca estruturada de recursos espec\u00edficos da ind\u00fastria e t\u00e9cnicos que otimizam a tomada de decis\u00e3o e aumentam a efici\u00eancia operacional. <\/p>\n<h3 class=\"text-xl font-semibold text-[#002255] mb-4 font-['Inter']\">Insights T\u00e9cnicos e da Ind\u00fastria Especializados<\/h3>\n<p class=\"mb-6 leading-relaxed font-system\"> Obtenha conhecimento acion\u00e1vel a partir de an\u00e1lises t\u00e9cnicas profundas e tend\u00eancias de mercado adaptadas aos setores de manufatura avan\u00e7ada. <\/p>\n<h3 class=\"text-xl font-semibold text-[#002255] mb-4 font-['Inter']\">Estrutura de Processo Guiado e Perguntas<\/h3>\n<p class=\"mb-6 leading-relaxed font-system\"> Navegue por fluxos de trabalho de manufatura complexos com orienta\u00e7\u00e3o passo a passo, otimizando os resultados operacionais e mitigando riscos. <\/p>\n<h3 class=\"text-xl font-semibold text-[#002255] mb-4 font-['Inter']\">Demonstra\u00e7\u00f5es Visuais e Vitrines de Capacidade da F\u00e1brica<\/h3>\n<p class=\"leading-relaxed font-system\"> Explore imagens de alta resolu\u00e7\u00e3o e demonstra\u00e7\u00f5es que ilustram capacidades de f\u00e1brica de ponta e processos automatizados. <\/p>\n<\/p><\/div>\n<div> <img decoding=\"async\" data-src=\"https:\/\/zscncparts.com\/wp-content\/uploads\/2025\/12\/industrial-robotic-arm-automating-manufacturing-process-sow.webp\" alt=\"Bra\u00e7o rob\u00f3tico industrial automatizando o processo de fabrica\u00e7\u00e3o\" class=\"w-full rounded-[4px] shadow-[0_4px_6px_rgba(0,0,0,0.1)] object-cover max-h-[480px]&#039; loading=&#039;lazy&#039; width=&#039;1742&#039; height=&#039;980 lazyload\" title=\"\" src=\"data:image\/svg+xml;base64,PHN2ZyB3aWR0aD0iMSIgaGVpZ2h0PSIxIiB4bWxucz0iaHR0cDovL3d3dy53My5vcmcvMjAwMC9zdmciPjwvc3ZnPg==\" style=\"--smush-placeholder-width: 1000px; --smush-placeholder-aspect-ratio: 1000\/563;\"> <\/div>\n<\/p><\/div>\n<\/p><\/div>\n<\/section>\n<section class=\"bg-gray-50 mb-0 w-full' style='max-width: 100%; width: max-width: c1509\" style=\"max-width: 100%; width: 100%;\">\n<div class=\"container mx-auto px-6 py-20\">\n<h2 class=\"text-4xl font-semibold text-[#002255] mb-12 text-center font-['Inter']\">Insights e Expertise Aprofundados da Ind\u00fastria<\/h2>\n<div class=\"space-y-8 lg:space-y-0 lg:grid lg:grid-cols-2 lg:gap-8\">\n<article class=\"flex flex-col lg:flex-row bg-white rounded-[0px] shadow-md overflow-hidden\">\n<div class=\"p-4 flex flex-col justify-center\">\n<h3 class=\"text-xl font-bold text-[#002255] mb-2 font-['Inter']\">Sele\u00e7\u00e3o do Processo de Usinagem e Controle de Precis\u00e3o<\/h3>\n<p class=\"text-[#7f8c8d] leading-relaxed font-system-ui text-sm\">\n                Otimize os resultados de fabrica\u00e7\u00e3o com avan\u00e7adas <a href=\"\/pt\/services\/cnc-machining\/\" class=\"text-[#f46b45] hover:underline font-semibold\">usinagem<\/a> estrat\u00e9gias. Nossa experi\u00eancia garante uma sele\u00e7\u00e3o precisa do processo para a mais alta qualidade.\n            <\/p>\n<\/div>\n<\/article>\n<article class=\"flex flex-col lg:flex-row-reverse bg-gray-50 rounded-[0px] shadow-md overflow-hidden\">\n<div class=\"p-4 flex flex-col justify-center\">\n<h3 class=\"text-xl font-bold text-[#002255] mb-2 font-['Inter']\">Padr\u00f5es de Qualidade e Entrega para Projetos Internacionais<\/h3>\n<p class=\"text-[#7f8c8d] leading-relaxed font-system-ui text-sm\">\n                Mantemos controles de qualidade rigorosos e prazos de entrega confi\u00e1veis, garantindo a conformidade com os padr\u00f5es globais para suas necessidades de fabrica\u00e7\u00e3o internacional.\n            <\/p>\n<\/div>\n<\/article>\n<article class=\"flex flex-col lg:flex-row bg-white rounded-[0px] shadow-md overflow-hidden\">\n<div class=\"p-4 flex flex-col justify-center\">\n<h3 class=\"text-xl font-bold text-[#002255] mb-2 font-['Inter']\">Colabora\u00e7\u00e3o no Projeto Estrutural para Fabricabilidade<\/h3>\n<p class=\"text-[#7f8c8d] leading-relaxed font-system-ui text-sm\">\n                Nossas equipes de engenharia trabalham em estreita colabora\u00e7\u00e3o com os clientes para alinhar os projetos estruturais com a fabricabilidade ideal, reduzindo custos e melhorando o desempenho do produto.\n            <\/p>\n<\/div>\n<\/article>\n<article class=\"flex flex-col lg:flex-row-reverse bg-gray-50 rounded-[0px] shadow-md overflow-hidden\">\n<div class=\"p-4 flex flex-col justify-center\">\n<h3 class=\"text-xl font-bold text-[#002255] mb-2 font-['Inter']\">Experi\u00eancia com Execu\u00e7\u00f5es de Prot\u00f3tipos e Escalonamento de Produ\u00e7\u00e3o<\/h3>\n<p class=\"text-[#7f8c8d] leading-relaxed font-system-ui text-sm\">\n                De testes iniciais de prot\u00f3tipo at\u00e9 produ\u00e7\u00e3o em larga escala, garantimos transi\u00e7\u00f5es suaves com qualidade e efici\u00eancia consistentes em <a href=\"\/pt\/services\/cnc-machining\/milling\/\" class=\"text-[#f46b45] hover:underline font-semibold\">milling<\/a> e <a href=\"\/pt\/services\/cnc-machining\/turning\/\" class=\"text-[#f46b45] hover:underline font-semibold\">torneamento<\/a>.\n            <\/p>\n<\/div>\n<\/article>\n<\/div>\n<footer class=\"mt-16 text-center text-[#002255] font-semibold font-['Inter']\">\n<p>ZSCNC \u2013 Entregando Precis\u00e3o. Impulsionando a Inova\u00e7\u00e3o.<\/p>\n<\/footer><\/div>\n<\/section>\n<section class=\"bg-white mb-0 w-full' style='max-width: 100%; width: max-width: c2004\" style=\"max-width: 100%; width: 100%;\">\n<div class=\"container mx-auto px-6 py-20\">\n<h2 class=\"text-4xl font-semibold text-[#002255] mb-12 text-center font-['Inter']\">Guia de Colabora\u00e7\u00e3o e Processo ZSCNC<\/h2>\n<div class=\"space-y-20 lg:space-y-0 lg:grid lg:grid-cols-2 lg:gap-x-16\">\n<article class=\"flex flex-col justify-between bg-gray-50 p-6 shadow-[0_4px_6px_rgba(0,0,0,0.1)] rounded-[0px]\">\n<div>\n<h3 class=\"text-2xl font-bold text-[#002255] mb-4 font-['Inter']\">In\u00edcio do Projeto e Or\u00e7amento<\/h3>\n<p class=\"text-[#7f8c8d] mb-6 font-system\"> Esclarecemos suas necessidades de projeto, fornecemos or\u00e7amentos precisos e estabelecemos expectativas claras de custo e prazo, garantindo um processo tranquilo <a href=\"\/pt\/about\/manufacturing-process\/\" class=\"text-[#f46b45] hover:underline font-semibold\">processo de fabrica\u00e7\u00e3o<\/a>. <\/p>\n<\/div>\n<\/article>\n<article class=\"flex flex-col justify-between lg:pt-12 bg-white p-6 shadow-[0_4px_6px_rgba(0,0,0,0.1)] rounded-[0px]\">\n<div>\n<h3 class=\"text-2xl font-bold text-[#002255] mb-4 font-['Inter']\">Revis\u00e3o de Processo e Prototipagem<\/h3>\n<p class=\"text-[#7f8c8d] mb-6 font-system\"> Nossa equipe revisa rigorosamente o processo e produz <a href=\"\/pt\/services\/fabrication\/rapid-prototyping\/\" class=\"text-[#f46b45] hover:underline font-semibold\">prot\u00f3tipos<\/a> para garantir precis\u00e3o e qualidade do produto. <\/p>\n<\/div>\n<\/article>\n<article class=\"flex flex-col justify-between lg:pt-12 bg-gray-50 p-6 shadow-[0_4px_6px_rgba(0,0,0,0.1)] rounded-[0px]\">\n<div>\n<h3 class=\"text-2xl font-bold text-[#002255] mb-4 font-['Inter']\">Monitoramento de Produ\u00e7\u00e3o e Qualidade<\/h3>\n<p class=\"text-[#7f8c8d] mb-6 font-system\"> Monitoramento cont\u00ednuo e inspe\u00e7\u00f5es garantem <a href=\"\/pt\/about\/quality-control\/\" class=\"text-[#f46b45] hover:underline font-semibold\">sa\u00edda de alta qualidade<\/a> de acordo com suas especifica\u00e7\u00f5es. <\/p>\n<\/div>\n<\/article>\n<article class=\"flex flex-col justify-between lg:pt-12 bg-white p-6 shadow-[0_4px_6px_rgba(0,0,0,0.1)] rounded-[0px]\">\n<div>\n<h3 class=\"text-2xl font-bold text-[#002255] mb-4 font-['Inter']\">Embalagem, Envio e Suporte P\u00f3s-Venda<\/h3>\n<p class=\"text-[#7f8c8d] mb-6 font-system\"> Embalagem confi\u00e1vel e envio r\u00e1pido protegem seu pedido, al\u00e9m de suporte cont\u00ednuo que garante satisfa\u00e7\u00e3o. <\/p>\n<\/div>\n<\/article>\n<section aria-labelledby=\"faq-heading\" class=\"lg:col-span-2 mt-20 bg-gray-50 p-6 shadow-[0_4px_6px_rgba(0,0,0,0.1)] rounded-[0px] mb-0 c2665\" style=\"max-width: 100%; width: 100%;\">\n<h3 id=\"faq-heading\" class=\"text-3xl font-extrabold text-[#002255] mb-10 text-center font-['Inter']\">Perguntas Frequentes<\/h3>\n<p class=\"text-[#7f8c8d] mb-6 font-system text-center\">Encontre respostas para d\u00favidas comuns em nossa <a href=\"\/pt\/resources\/faq\/\" class=\"text-[#f46b45] hover:underline font-semibold\">se\u00e7\u00e3o de FAQ<\/a>.<\/p>\n<dl class=\"max-w-4xl mx-auto space-y-8\">\n<div>\n<dt class=\"font-semibold text-[#002255] text-lg mb-2 font-['Inter']\">Como posso iniciar um projeto com a ZSCNC?<\/dt>\n<dd class=\"text-[#7f8c8d] font-system\"> Entre em contato conosco para discutir suas necessidades e receber um or\u00e7amento detalhado personalizado para voc\u00ea. <\/dd>\n<\/p><\/div>\n<div>\n<dt class=\"font-semibold text-[#002255] text-lg mb-2 font-['Inter']\">Qual \u00e9 o processo de prototipagem?<\/dt>\n<dd class=\"text-[#7f8c8d] font-system\"> Criamos prot\u00f3tipos com base em seus designs para verificar precis\u00e3o e funcionalidade antes da produ\u00e7\u00e3o completa. <\/dd>\n<\/p><\/div>\n<div>\n<dt class=\"font-semibold text-[#002255] text-lg mb-2 font-['Inter']\">Como voc\u00ea garante a qualidade da produ\u00e7\u00e3o?<\/dt>\n<dd class=\"text-[#7f8c8d] font-system\"> Nossa equipe de qualidade monitora continuamente a produ\u00e7\u00e3o e realiza inspe\u00e7\u00f5es em todas as etapas. <\/dd>\n<\/p><\/div>\n<div>\n<dt class=\"font-semibold text-[#002255] text-lg mb-2 font-['Inter']\">Quais s\u00e3o suas pol\u00edticas de envio e suporte?<\/dt>\n<dd class=\"text-[#7f8c8d] font-system\"> Oferecemos embalagem segura, envio pontual e suporte dedicado p\u00f3s-venda para todos os clientes. <\/dd>\n<\/p><\/div>\n<\/dl>\n<\/section><\/div>\n<\/p><\/div>\n<\/section>\n<section class=\"bg-gray-50 mb-0 w-full max-w-full' style='max-width: 100%; width: max-width: c3175\" style=\"max-width: 100%; width: 100%;\">\n<div class=\"container mx-auto px-6 py-20\">\n<h2 class=\"text-4xl font-semibold text-[#002255] mb-12 text-center font-['Inter']\">Demonstra\u00e7\u00e3o do Processo &amp; Capacidade da ZSCNC<\/h2>\n<div class=\"grid gap-16 lg:grid-cols-2 items-center\">\n<div>\n<h3 class=\"text-2xl font-semibold text-[#002255] mb-4 font-['Inter']\">Processos-chave de usinagem &amp; Fluxo de trabalho<\/h3>\n<p class=\"text-[#2c3e50] mb-6 leading-relaxed font-system\"> Explore o fluxo de trabalho de usinagem de precis\u00e3o da ZSCNC, entregando consist\u00eancia, precis\u00e3o e efici\u00eancia. Nossos processos otimizados reduzem os prazos sem comprometer a qualidade. <\/p>\n<div class=\"space-y-4\">\n<p class=\"text-sm text-[#7f8c8d]\">Demonstra\u00e7\u00e3o do fluxo de trabalho exibindo opera\u00e7\u00f5es de torno CNC multi-eixo.<\/p>\n<\/p><\/div>\n<\/p><\/div>\n<div> <img decoding=\"async\" data-src=\"https:\/\/zscncparts.com\/wp-content\/uploads\/2025\/12\/precision-cnc-machined-oil-gas-components-6me.webp\" alt=\"Processo de usinagem CNC em a\u00e7\u00e3o\" width=\"768\" height=\"513\" class=\"rounded-[4px] shadow-lg w-full object-cover lazyload\" title=\"\" src=\"data:image\/svg+xml;base64,PHN2ZyB3aWR0aD0iMSIgaGVpZ2h0PSIxIiB4bWxucz0iaHR0cDovL3d3dy53My5vcmcvMjAwMC9zdmciPjwvc3ZnPg==\" style=\"--smush-placeholder-width: 768px; --smush-placeholder-aspect-ratio: 768\/513;\"> <\/div>\n<\/p><\/div>\n<div class=\"mt-20\">\n<h3 class=\"text-2xl font-semibold text-[#002255] mb-8 text-center font-['Inter']\">Pe\u00e7as t\u00edpicas &amp; Cen\u00e1rios de aplica\u00e7\u00e3o<\/h3>\n<div class=\"grid gap-10 sm:grid-cols-2 lg:grid-cols-3\">\n<div class=\"bg-white rounded-[0px] shadow-lg p-6 flex flex-col items-center text-center\"> <img decoding=\"async\" data-src=\"https:\/\/zscncparts.com\/wp-content\/uploads\/2025\/12\/complex-mechanical-component-manufacturing-qtx.webp\" alt=\"Fabrica\u00e7\u00e3o de componentes mec\u00e2nicos complexos\" width=\"800\" height=\"449\" class=\"mb-4 rounded-[4px] object-cover w-full lazyload\" title=\"\" src=\"data:image\/svg+xml;base64,PHN2ZyB3aWR0aD0iMSIgaGVpZ2h0PSIxIiB4bWxucz0iaHR0cDovL3d3dy53My5vcmcvMjAwMC9zdmciPjwvc3ZnPg==\" style=\"--smush-placeholder-width: 800px; --smush-placeholder-aspect-ratio: 800\/449;\"> <\/p>\n<h4 class=\"text-lg font-semibold text-[#002255] mb-2 font-['Inter']\">Componentes Mec\u00e2nicos Complexos<\/h4>\n<p class=\"text-[#7f8c8d] text-sm font-system\">Fabrica\u00e7\u00e3o de alta precis\u00e3o para pe\u00e7as aeroespaciais e automotivas.<\/p>\n<\/p><\/div>\n<div class=\"bg-gray-50 rounded-[0px] shadow-lg p-6 flex flex-col items-center text-center\"> <img decoding=\"async\" data-src=\"https:\/\/zscncparts.com\/wp-content\/uploads\/2025\/12\/engineering-design-and-manufacturing-udf.webp\" alt=\"Design e fabrica\u00e7\u00e3o de engenharia\" width=\"626\" height=\"417\" class=\"mb-4 rounded-[4px] object-cover w-full lazyload\" title=\"\" src=\"data:image\/svg+xml;base64,PHN2ZyB3aWR0aD0iMSIgaGVpZ2h0PSIxIiB4bWxucz0iaHR0cDovL3d3dy53My5vcmcvMjAwMC9zdmciPjwvc3ZnPg==\" style=\"--smush-placeholder-width: 626px; --smush-placeholder-aspect-ratio: 626\/417;\"> <\/p>\n<h4 class=\"text-lg font-semibold text-[#002255] mb-2 font-['Inter']\">Pe\u00e7as de Engenharia de Precis\u00e3o<\/h4>\n<p class=\"text-[#7f8c8d] text-sm font-system\">Solu\u00e7\u00f5es personalizadas apoiando fases de P&amp;D e prototipagem.<\/p>\n<\/p><\/div>\n<div class=\"bg-white rounded-[0px] shadow-lg p-6 flex flex-col items-center text-center\"> <img decoding=\"async\" data-src=\"https:\/\/zscncparts.com\/wp-content\/uploads\/2025\/12\/metalworking-and-turning-process-jww.webp\" alt=\"Processo de metalurgia e torneamento\" width=\"1300\" height=\"1012\" class=\"mb-4 rounded-[4px] object-cover w-full lazyload\" title=\"\" src=\"data:image\/svg+xml;base64,PHN2ZyB3aWR0aD0iMSIgaGVpZ2h0PSIxIiB4bWxucz0iaHR0cDovL3d3dy53My5vcmcvMjAwMC9zdmciPjwvc3ZnPg==\" style=\"--smush-placeholder-width: 1300px; --smush-placeholder-aspect-ratio: 1300\/1012;\"> <\/p>\n<h4 class=\"text-lg font-semibold text-[#002255] mb-2 font-['Inter']\">Metalurgia &amp; Torneamento<\/h4>\n<p class=\"text-[#7f8c8d] text-sm font-system\">Confi\u00e1vel na fabrica\u00e7\u00e3o de componentes met\u00e1licos de grau industrial.<\/p>\n<\/p><\/div>\n<\/p><\/div>\n<\/p><\/div>\n<\/p><\/div>\n<\/section>\n<section class=\"bg-white mb-0 max-w-full w-full' style='max-width: 100%; width: max-width: c4134\" style=\"max-width: 100%; width: 100%;\">\n<div class=\"container mx-auto px-6 py-20\">\n<h2 class=\"text-4xl font-semibold text-[#002255] max-w-4xl mx-auto text-center mb-16 font-inter\"> M\u00f3dulo de Atualiza\u00e7\u00f5es e Engajamento do Cliente <\/h2>\n<div class=\"grid grid-cols-1 lg:grid-cols-2 gap-16 items-center max-w-7xl mx-auto\">\n<div class=\"space-y-8\">\n<article>\n<h3 class=\"text-2xl font-bold text-[#002255] mb-3 font-inter\"> Atualiza\u00e7\u00f5es Cont\u00ednuas de Recursos <\/h3>\n<p class=\"text-[#7f8c8d] leading-relaxed font-sans\"> Garanta que sua equipe tenha sempre acesso \u00e0s \u00faltimas novidades e tecnologias do setor por meio de atualiza\u00e7\u00f5es automatizadas e integradas. <\/p>\n<\/article>\n<article>\n<h3 class=\"text-2xl font-bold text-[#002255] mb-3 font-inter\"> Sugest\u00f5es de T\u00f3picos e Feedback dos Clientes <\/h3>\n<p class=\"text-[#7f8c8d] leading-relaxed font-sans\"> Capacite os clientes a sugerir t\u00f3picos e fornecer feedback, criando um di\u00e1logo din\u00e2mico que impulsiona melhorias no produto e no servi\u00e7o. Saiba mais sobre nossa abordagem de engajamento do cliente na p\u00e1gina sobre. <\/p>\n<\/article>\n<article>\n<h3 class=\"text-2xl font-bold text-[#002255] mb-3 font-inter\"> Centro de Conhecimento em Evolu\u00e7\u00e3o e Foco em Parcerias <\/h3>\n<p class=\"text-[#7f8c8d] leading-relaxed font-sans\"> Colabore com parceiros para expandir e aprimorar continuamente o centro de conhecimento, promovendo uma cultura de inova\u00e7\u00e3o e crescimento compartilhado. <\/p>\n<\/article>\n<p> <a href=\"https:\/\/zscncparts.com\/pt\/request-quote\/\" aria-label=\"Saiba mais sobre atualiza\u00e7\u00f5es e engajamento do ZSCNC\"><button type=\"button\" class=\"bg-gradient-to-tr from-[#002255] to-[#2a5298] text-white h-12 px-6 text-base rounded-[0px] flex items-center justify-center border-none cursor-pointer mt-6\">Explore Solu\u00e7\u00f5es ZSCNC<\/button><\/a> <\/div>\n<div> <img decoding=\"async\" data-src=\"https:\/\/zscncparts.com\/wp-content\/uploads\/2025\/12\/knowledge-graph-fusion-illustrating-advanced-manufacturing-planning-xic.webp\" alt=\"Fus\u00e3o de gr\u00e1fico de conhecimento ilustrando planejamento avan\u00e7ado de manufatura\" class=\"w-full h-auto rounded-[4px] shadow-[0_4px_6px_rgba(0,0,0,0.1)]&#039; width=&#039;940&#039; height=&#039;590&#039; loading=&#039;lazy&#039; decoding=&#039;async lazyload\" title=\"\" src=\"data:image\/svg+xml;base64,PHN2ZyB3aWR0aD0iMSIgaGVpZ2h0PSIxIiB4bWxucz0iaHR0cDovL3d3dy53My5vcmcvMjAwMC9zdmciPjwvc3ZnPg==\" style=\"--smush-placeholder-width: 1536px; --smush-placeholder-aspect-ratio: 1536\/1026;\"> <\/div>\n<\/p><\/div>\n<\/p><\/div>\n<\/section>\n<p><\/body><\/p>\n<p><!-- AIVB Required Assets -->\n<link rel=\"stylesheet\" href=\"https:\/\/cdn.jsdelivr.net\/npm\/tailwindcss@2.2.19\/dist\/tailwind.min.css\">\n<link rel=\"stylesheet\" id=\"aivb-fontawesome-css\" href=\"https:\/\/cdn.jsdelivr.net\/npm\/@fortawesome\/fontawesome-free@6.4.0\/css\/all.min.css?ver=6.4.0\" media=\"all\">\n<script src=\"https:\/\/cdn.tailwindcss.com\"><\/script><\/p>\n<style>\n#content { width: 100% !important;  max-width: 100% !important; }\n#content > div:first-child { width: 100% !important;  max-width: 100% !important; }\n.ast-container { width: 100% !important;  max-width: 100% !important; }\nmain#content { width: 100% !important; max-width: 100% !important; }\n.page-content { width: 100% !important; max-width: 100% !important; }\n.site-content .ast-container { display: block !important; }\n<\/style>","protected":false},"excerpt":{"rendered":"<p>CNC Machining Knowledge Center Drive manufacturing innovation with our deep insights and curated knowledge. Empower decisions, enhance process planning, and [&hellip;]<\/p>","protected":false},"author":1,"featured_media":0,"parent":0,"menu_order":0,"comment_status":"closed","ping_status":"closed","template":"","meta":{"_monsterinsights_skip_tracking":false,"_monsterinsights_sitenote_active":false,"_monsterinsights_sitenote_note":"","_monsterinsights_sitenote_category":0,"site-sidebar-layout":"no-sidebar","site-content-layout":"page-builder","ast-site-content-layout":"default","site-content-style":"unboxed","site-sidebar-style":"default","ast-global-header-display":"","ast-banner-title-visibility":"","ast-main-header-display":"","ast-hfb-above-header-display":"","ast-hfb-below-header-display":"","ast-hfb-mobile-header-display":"","site-post-title":"","ast-breadcrumbs-content":"","ast-featured-img":"","footer-sml-layout":"","theme-transparent-header-meta":"","adv-header-id-meta":"","stick-header-meta":"","header-above-stick-meta":"","header-main-stick-meta":"","header-below-stick-meta":"","astra-migrate-meta-layouts":"default","ast-page-background-enabled":"default","ast-page-background-meta":{"desktop":{"background-color":"var(--ast-global-color-5)","background-image":"","background-repeat":"repeat","background-position":"center center","background-size":"auto","background-attachment":"scroll","background-type":"","background-media":"","overlay-type":"","overlay-color":"","overlay-opacity":"","overlay-gradient":""},"tablet":{"background-color":"","background-image":"","background-repeat":"repeat","background-position":"center center","background-size":"auto","background-attachment":"scroll","background-type":"","background-media":"","overlay-type":"","overlay-color":"","overlay-opacity":"","overlay-gradient":""},"mobile":{"background-color":"","background-image":"","background-repeat":"repeat","background-position":"center center","background-size":"auto","background-attachment":"scroll","background-type":"","background-media":"","overlay-type":"","overlay-color":"","overlay-opacity":"","overlay-gradient":""}},"ast-content-background-meta":{"desktop":{"background-color":"var(--ast-global-color-4)","background-image":"","background-repeat":"repeat","background-position":"center center","background-size":"auto","background-attachment":"scroll","background-type":"","background-media":"","overlay-type":"","overlay-color":"","overlay-opacity":"","overlay-gradient":""},"tablet":{"background-color":"var(--ast-global-color-4)","background-image":"","background-repeat":"repeat","background-position":"center center","background-size":"auto","background-attachment":"scroll","background-type":"","background-media":"","overlay-type":"","overlay-color":"","overlay-opacity":"","overlay-gradient":""},"mobile":{"background-color":"var(--ast-global-color-4)","background-image":"","background-repeat":"repeat","background-position":"center center","background-size":"auto","background-attachment":"scroll","background-type":"","background-media":"","overlay-type":"","overlay-color":"","overlay-opacity":"","overlay-gradient":""}},"footnotes":""},"class_list":["post-2534","page","type-page","status-publish","hentry"],"_links":{"self":[{"href":"https:\/\/zscncparts.com\/pt\/wp-json\/wp\/v2\/pages\/2534","targetHints":{"allow":["GET"]}}],"collection":[{"href":"https:\/\/zscncparts.com\/pt\/wp-json\/wp\/v2\/pages"}],"about":[{"href":"https:\/\/zscncparts.com\/pt\/wp-json\/wp\/v2\/types\/page"}],"author":[{"embeddable":true,"href":"https:\/\/zscncparts.com\/pt\/wp-json\/wp\/v2\/users\/1"}],"replies":[{"embeddable":true,"href":"https:\/\/zscncparts.com\/pt\/wp-json\/wp\/v2\/comments?post=2534"}],"version-history":[{"count":0,"href":"https:\/\/zscncparts.com\/pt\/wp-json\/wp\/v2\/pages\/2534\/revisions"}],"wp:attachment":[{"href":"https:\/\/zscncparts.com\/pt\/wp-json\/wp\/v2\/media?parent=2534"}],"curies":[{"name":"wp","href":"https:\/\/api.w.org\/{rel}","templated":true}]}}