{"id":2504,"date":"2025-11-30T22:40:39","date_gmt":"2025-11-30T14:40:39","guid":{"rendered":"https:\/\/zscncparts.com\/?page_id=2504"},"modified":"2025-12-04T20:56:33","modified_gmt":"2025-12-04T12:56:33","slug":"automotive","status":"publish","type":"page","link":"https:\/\/zscncparts.com\/nl\/industries\/automotive\/","title":{"rendered":"Automotive"},"content":{"rendered":"<style>* { box-sizing: border-box; } body {margin: 0;}*{box-sizing:border-box;}body{margin-top:0px;margin-right:0px;margin-bottom:0px;margin-left:0px;}#content > div:first-child{width:100% !important;max-width:100% !important;}main#content{width:100% !important;max-width:100% !important;}.site-content .ast-container{display:block !important;}.c909{max-width:100%;width:100%;}.c1225{max-width:100%;width:100%;}.c1690{max-width:100%;width:100%;}.c2204{max-width:100%;width:100%;}.c2704{max-width:100%;width:100%;}.c3207{max-width:100%;width:100%;}.c3723{max-width:100%;width:100%;}.c20749{max-width:100%;width:100%;}.c21003{max-width:100%;width:100%;}.c21446{max-width:100%;width:100%;}.c21952{max-width:100%;width:100%;}.c22445{max-width:100%;width:100%;}.c22910{max-width:100%;width:100%;}.c23423{max-width:100%;width:100%;}.c35405{max-width:100%;width:100%;}.c35659{max-width:100%;width:100%;}.c36102{max-width:100%;width:100%;}.c36608{max-width:100%;width:100%;}.c37101{max-width:100%;width:100%;}.c37566{max-width:100%;width:100%;}.c38079{max-width:100%;width:100%;}<\/style>\n<p><body><\/p>\n<section class=\"relative bg-white bg-[url('https:\/\/zscncparts.com\/wp-content\/uploads\/2025\/11\/cnc-machining-operation-yh2.webp')] bg-center bg-no-repeat bg-cover max-h-[600px] sm:max-h-[700px] md:max-h-[720px] lg:max-h-[680px] xl:max-h-[720px] mb-0 max-w-full w-full c909 c20749 c35405\" style=\"max-width: 100%; width: 100%;\">\n<div class=\"absolute inset-0 bg-[#002255] bg-opacity-60\"><\/div>\n<div class=\"relative z-10 max-w-7xl mx-auto px-6 py-20 sm:py-32 flex flex-col justify-center h-full container\">\n<h1 class=\"text-white text-3xl sm:text-4xl md:text-4xl font-extrabold leading-tight max-w-3xl font-['Inter']\"> Hoge Prestatie Machinale Oplossingen voor de Automobielindustrie <\/h1>\n<p class=\"mt-6 text-lg sm:text-xl text-white max-w-2xl font-medium leading-relaxed font-sans\"> Levert precisie, effici\u00ebntie en schaalbaarheid met de geavanceerde bewerkingstechnologie van ZSCNC. Bevorder uitmuntendheid in de automobielproductie met onze vertrouwde <\/p>\n<div class=\"mt-10 flex flex-col sm:flex-row gap-4 max-w-xs sm:max-w-none\">\n<div class=\"rounded-[0px] shadow-[0_4px_6px_rgba(0,0,0,0.1)]\"> <button type=\"button\" class=\"bg-gradient-to-bl from-[rgba(0,34,85,1)] to-[rgba(42,82,152,1)] text-white h-12 px-6 text-base rounded-[0px] flex items-center justify-center border-none cursor-pointer\"> <a href=\"https:\/\/zscncparts.com\/nl\/request-quote\/\" class=\"text-[#f46b45] hover:underline font-semibold\">Vraag een demonstratie aan<\/a> <\/button> <\/div>\n<div class=\"rounded-[0px] shadow-[0_4px_6px_rgba(0,0,0,0.1)]\">  <\/div>\n<\/p><\/div>\n<\/p><\/div>\n<\/section>\n<section class=\"bg-white text-[#2c3e50] mb-0 max-w-full w-full' style='max-width: 100%; width: max-width: c1225 c21003 c35659\" style=\"max-width: 100%; width: 100%;\">\n<div class=\"container mx-auto px-6 py-20\">\n<h2 class=\"text-3xl font-bold font-['Inter'] text-[#002255] mb-12 text-center\"> Kernautomobiele Componenten Bewerkt door ZSCNC <\/h2>\n<div class=\"grid gap-12 lg:grid-cols-2\">\n<article class=\"flex flex-col justify-center font-system\">\n<h3 class=\"text-2xl font-semibold font-['Inter'] text-[#002255] mb-4\"> Aandrijflijn- en Versnellingsbakonderdelen <\/h3>\n<p class=\"mb-6 max-w-prose text-[#2c3e50]\"> ZSCNC levert precisie CNC-bewerking voor kritieke aandrijflijnonderdelen, waardoor duurzaamheid en optimale prestaties onder extreme omstandigheden worden gegarandeerd. <\/p>\n<h3 class=\"text-2xl font-semibold font-['Inter'] text-[#002255] mb-4\"> Chassis- en Ophangingsstructuuronderdelen <\/h3>\n<p class=\"mb-6 max-w-prose text-[#2c3e50]\"> Onze expertise omvat structurele chassiscomponenten met strakke toleranties, die kracht en stabiliteit bieden voor voertuigveiligheid en comfort. <\/p>\n<h3 class=\"text-2xl font-semibold font-['Inter'] text-[#002255] mb-4\"> Carrosserie- en Interieurfunctionele Hardware <\/h3>\n<p class=\"mb-6 max-w-prose text-[#2c3e50]\"> Wij produceren hoogwaardige carrosserieverstellingen en interieurhardware met geavanceerde technologie, <a href=\"\/nl\/services\/cnc-machining\/milling\/\" class=\"text-[#f46b45] hover:underline font-semibold\">frezen<\/a>, waarbij functionaliteit wordt gecombineerd met esthetische precisie om de waarde van het voertuig te verhogen. <\/p>\n<h3 class=\"text-2xl font-semibold font-['Inter'] text-[#002255] mb-4\"> Nieuwe Energie- en Elektronische Controleonderdelen <\/h3>\n<p class=\"max-w-prose text-[#2c3e50]\"> ZSCNC ondersteunt geavanceerde systemen voor nieuwe energievoertuigen door elektronische controle- en hightech-onderdelen te produceren volgens strenge normen voor betrouwbaarheid, inclusief <a href=\"\/nl\/services\/cnc-machining\/turning\/\" class=\"text-[#f46b45] hover:underline font-semibold\">draaien<\/a> diensten. <\/p>\n<\/article>\n<div class=\"flex items-center justify-center\"> <img decoding=\"async\" data-src=\"https:\/\/zscncparts.com\/wp-content\/uploads\/2025\/12\/precision-cnc-machining-of-automotive-parts-arr.webp\" alt=\"Precisie CNC-bewerking van automobielonderdelen\" width=\"550\" height=\"550\" class=\"rounded-[4px] shadow-[0_4px_6px_rgba(0,0,0,0.1)] w-full max-w-md object-cover&#039; loading=&#039;lazy lazyload\" title=\"\" src=\"data:image\/svg+xml;base64,PHN2ZyB3aWR0aD0iMSIgaGVpZ2h0PSIxIiB4bWxucz0iaHR0cDovL3d3dy53My5vcmcvMjAwMC9zdmciPjwvc3ZnPg==\" style=\"--smush-placeholder-width: 550px; --smush-placeholder-aspect-ratio: 550\/550;\"> <\/div>\n<\/p><\/div>\n<\/p><\/div>\n<\/section>\n<section class=\"bg-white mb-0 max-w-full w-full' style='max-width: 100%; width: max-width: c1690 c21446 c36102\" style=\"max-width: 100%; width: 100%;\">\n<div class=\"container mx-auto px-6 py-20\">\n<h2 class=\"text-3xl md:text-4xl font-semibold font-['Inter'] text-[#002255] max-w-4xl mx-auto text-center\"> Automotive <a href=\"\/nl\/materials\/\" class=\"text-[#f46b45] hover:underline font-semibold\">Materialen<\/a> Expertise &amp; Prestatieafstemming <\/h2>\n<p class=\"mt-6 text-lg font-sans text-[#2c3e50] max-w-3xl mx-auto text-center leading-relaxed\"> Bij ZSCNC specialiseren we ons in precisieautomobielmaterialen die zijn ontworpen om aan exacte prestatie-eisen te voldoen. Onze expertise zorgt voor optimale duurzaamheid, gewichtsreductie en kosteneffici\u00ebntie voor uw projecten. <\/p>\n<div class=\"mt-16 grid gap-16 lg:grid-cols-2 lg:items-center\">\n<div> <img decoding=\"async\" data-src=\"https:\/\/zscncparts.com\/wp-content\/uploads\/2025\/12\/custom-automotive-parts-manufactured-by-zscnc-h3v.webp\" alt=\"Aangepaste automobielonderdelen vervaardigd door ZSCNC\" width=\"900\" height=\"510\" class=\"rounded-[4px] shadow-[0_4px_6px_rgba(0,0,0,0.1)] w-full object-cover max-h-[320px] md:max-h-[440px] lg:max-h-[510px]&#039; loading=&#039;lazy lazyload\" title=\"\" src=\"data:image\/svg+xml;base64,PHN2ZyB3aWR0aD0iMSIgaGVpZ2h0PSIxIiB4bWxucz0iaHR0cDovL3d3dy53My5vcmcvMjAwMC9zdmciPjwvc3ZnPg==\" style=\"--smush-placeholder-width: 900px; --smush-placeholder-aspect-ratio: 900\/510;\"> <\/div>\n<div class=\"space-y-10\">\n<article>\n<h3 class=\"text-xl font-semibold font-['Inter'] text-[#002255] mb-2\"> Precisie Materiaalkeuze <\/h3>\n<p class=\"text-[#2c3e50] leading-relaxed font-sans\"> Onze materiaalkundigen analyseren toepassingsparameters om legeringen en composieten te selecteren die superieure sterkte en thermische stabiliteit bieden. <\/p>\n<\/article>\n<article>\n<h3 class=\"text-xl font-semibold font-['Inter'] text-[#002255] mb-2\"> Prestatieafstemming &amp; Validatie <\/h3>\n<p class=\"text-[#2c3e50] leading-relaxed font-sans\"> Met behulp van geavanceerde simulatie en testen stemmen we materiaaleigenschappen af op de prestatie-eisen van uw voertuig voor betrouwbare resultaten. <\/p>\n<\/article>\n<article>\n<h3 class=\"text-xl font-semibold font-['Inter'] text-[#002255] mb-2\"> End-to-End Ondersteuning voor OEM's <\/h3>\n<p class=\"text-[#2c3e50] leading-relaxed font-sans\"> Van prototyping tot grootschalige productie, biedt ZSCNC consistente kwaliteit en deskundig advies gedurende uw toeleveringsketen. <\/p>\n<\/article>\n<p> <button type=\"button\" aria-label=\"Neem contact op met ZSCNC voor expertise in automobielmaterialen\" class=\"mt-6 bg-gradient-to-tr from-[#002255] to-[#2a5298] text-white h-12 px-6 text-base rounded-[0px] flex items-center justify-center border-none cursor-pointer\"><a href=\"https:\/\/zscncparts.com\/nl\/services\/\" class=\"text-white no-underline\">Ontdek Onze Oplossingen<\/a><\/button> <\/div>\n<\/p><\/div>\n<\/p><\/div>\n<\/section>\n<section class=\"bg-[#ffffff] mb-0 w-full max-w-full' style='max-width: 100%; width: max-width: c2204 c21952 c36608\" style=\"max-width: 100%; width: 100%;\">\n<div class=\"container mx-auto px-6 py-20\">\n<h2 class=\"text-3xl font-semibold text-[#002255] text-center mb-12 font-['Inter']\">ZSCNC\u2019s Geavanceerde Verwerkingsmogelijkheden voor Automobielprojecten<\/h2>\n<div class=\"grid gap-16 max-w-7xl mx-auto lg:grid-cols-2\">\n<div class=\"flex flex-col justify-center space-y-8\">\n<article>\n<h3 class=\"text-xl font-bold text-[#002255] mb-3 font-['Inter']\">Precisie CNC-draaien en frezen<\/h3>\n<p class=\"text-[#7f8c8d]\">Expert CNC-draaien en frezen zorgen voor strakke toleranties voor kritische automobielonderdelen met consistente kwaliteit.<\/p>\n<\/article>\n<article>\n<h3 class=\"text-xl font-bold text-[#002255] mb-3 font-['Inter']\">Samengestelde en meervoudige bewerking<\/h3>\n<p class=\"text-[#7f8c8d]\">Onze multi-bewerking capaciteiten verminderen insteltijden en verbeteren de dimensionale nauwkeurigheid van complexe onderdelen.<\/p>\n<\/article>\n<article>\n<h3 class=\"text-xl font-bold text-[#002255] mb-3 font-['Inter']\">Kleine batch prototyping en ontwerpvalidatie<\/h3>\n<p class=\"text-[#7f8c8d]\">Snelle prototyping ondersteunt ontwerpvalidatie en iteratie, waardoor de ontwikkelingscycli van automobielprojecten worden versneld.<\/p>\n<\/article>\n<article>\n<h3 class=\"text-xl font-bold text-[#002255] mb-3 font-['Inter']\">Kwaliteitscontrole en dimensionale inspectie<\/h3>\n<p class=\"text-[#7f8c8d]\">Uitgebreide inspectieprocessen zorgen ervoor dat elk onderdeel voldoet aan de dimensionale specificaties en functionele vereisten.<\/p>\n<\/article><\/div>\n<div class=\"overflow-hidden rounded-[4px] shadow-[0_4px_6px_rgba(0,0,0,0.1)]\"> <img decoding=\"async\" data-src=\"https:\/\/zscncparts.com\/wp-content\/uploads\/2025\/12\/custom-automotive-parts-manufacturing-precision-cnc-bop.webp\" alt=\"Aangepaste automobielonderdelen productie met precisie CNC\" width=\"1024\" height=\"536\" class=\"object-cover w-full h-full rounded-[4px]&#039; loading=&#039;lazy lazyload\" title=\"\" src=\"data:image\/svg+xml;base64,PHN2ZyB3aWR0aD0iMSIgaGVpZ2h0PSIxIiB4bWxucz0iaHR0cDovL3d3dy53My5vcmcvMjAwMC9zdmciPjwvc3ZnPg==\" style=\"--smush-placeholder-width: 1024px; --smush-placeholder-aspect-ratio: 1024\/536;\"> <\/div>\n<\/p><\/div>\n<\/p><\/div>\n<\/section>\n<section class=\"bg-white mb-0 max-w-full w-full' style='max-width: 100%; width: max-width: c2704 c22445 c37101\" style=\"max-width: 100%; width: 100%;\">\n<div class=\"container mx-auto px-6 py-20\">\n<h2 class=\"text-3xl font-bold text-[#002255] text-center mb-12 font-['Inter']\">Automobiel Samenwerkingsmodellen &amp; Klantenscenario's<\/h2>\n<div class=\"grid gap-8 lg:grid-cols-2\">\n<article class=\"flex flex-col items-center bg-white rounded-[0px] shadow-md overflow-hidden\">\n<div class=\"p-4 w-full font-system\">\n<h3 class=\"text-lg font-semibold text-[#002255] mb-2 font-['Inter']\">OEM's en platform R&amp;D-teams<\/h3>\n<p class=\"text-[#7f8c8d] mb-2 text-sm\">Samenwerken in een vroeg stadium met R&amp;D om precisie CNC-bewerking te integreren, wat kwaliteit en schaalbaarheid garandeert.<\/p>\n<p class=\"text-[#7f8c8d] text-sm\">ZSCNC ondersteunt naadloze communicatie en iteratieve prototyping, afgestemd op OEM-innovatiecycli.<\/p>\n<\/div>\n<\/article>\n<article class=\"flex flex-col items-center bg-gray-50 rounded-[0px] shadow-md overflow-hidden\">\n<div class=\"p-4 w-full font-system\">\n<h3 class=\"text-lg font-semibold text-[#002255] mb-2 font-['Inter']\">Tier 1 en Tier 2 leveranciers<\/h3>\n<p class=\"text-[#7f8c8d] mb-2 text-sm\">Maak just-in-time productie mogelijk met realtime procestracking en precisie levering van onderdelen.<\/p>\n<p class=\"text-[#7f8c8d] text-sm\">ZSCNC integreert leveranciersworkflows om te optimaliseren <a href=\"\/nl\/about\/quality-control\/\" class=\"text-[#f46b45] hover:underline font-semibold\">kwaliteitscontrole<\/a> en doorlooptijden te verminderen over verschillende niveaus.<\/p>\n<\/div>\n<\/article>\n<article class=\"flex flex-col items-center bg-white rounded-[0px] shadow-md overflow-hidden\">\n<div class=\"p-4 w-full font-system\">\n<h3 class=\"text-lg font-semibold text-[#002255] mb-2 font-['Inter']\">Aftermarket en race-teams<\/h3>\n<p class=\"text-[#7f8c8d] mb-2 text-sm\">Leveren van hoogst aangepaste, prestatiegerichte onderdelen met snelle doorlooptijden en duurzame materialen.<\/p>\n<p class=\"text-[#7f8c8d] text-sm\">ZSCNC stimuleert innovatie voor racers en modificateurs door flexibele bestelhoevigheden en deskundige ondersteuning.<\/p>\n<\/div>\n<\/article>\n<article class=\"flex flex-col items-center bg-gray-50 rounded-[0px] shadow-md overflow-hidden\">\n<div class=\"p-4 w-full font-system\">\n<h3 class=\"text-lg font-semibold text-[#002255] mb-2 font-['Inter']\">Automobiel Elektronica &amp; Nieuwe Energie Startups<\/h3>\n<p class=\"text-[#7f8c8d] mb-2 text-sm\">Ondersteuning voor snelle schaalvergroting met geavanceerde R&amp;D-samenwerking op <a href=\"\/nl\/industries\/electronics\/\" class=\"text-[#f46b45] hover:underline font-semibold\">elektronica<\/a> en duurzaam <a href=\"\/nl\/industries\/energy\/\" class=\"text-[#f46b45] hover:underline font-semibold\">energie<\/a> onderdelen.<\/p>\n<p class=\"text-[#7f8c8d] text-sm\">ZSCNC levert precisie, snelheid en kwaliteit die startups eisen voor disruptieve automobieltechnologie\u00ebn.<\/p>\n<\/div>\n<\/article>\n<\/div><\/div>\n<\/section>\n<section class=\"bg-white mb-0 w-full' style='max-width: 100%; width: max-width: c3207 c22910 c37566\" style=\"max-width: 100%; width: 100%;\">\n<div class=\"container mx-auto px-6 py-20\">\n<h2 class=\"text-3xl font-semibold text-[#002255] text-center mb-12 font-['Inter']\">Automobielkwaliteitsborging &amp; Leveringsuitmuntendheid<\/h2>\n<div class=\"grid gap-16 lg:grid-cols-2\">\n<div class=\"flex flex-col justify-center space-y-8\">\n<div>\n<h3 class=\"text-xl font-bold text-[#002255] mb-2 font-['Inter']\">Eind-tot-eind kwaliteitscontrole<\/h3>\n<p class=\"text-[#7f8c8d] leading-relaxed font-sans\">We zorgen voor uitgebreide kwaliteitscontrole in elke fase, van grondstoffen tot eindmontage, volgens strikte automobielnormen.<\/p>\n<\/p><\/div>\n<div>\n<h3 class=\"text-xl font-bold text-[#002255] mb-2 font-['Inter']\"><a href=\"\/nl\/about\/manufacturing-process\/\" class=\"text-[#f46b45] hover:underline font-semibold\">Proces<\/a> Documentatie &amp; Productieregisters<\/h3>\n<p class=\"text-[#7f8c8d] leading-relaxed font-sans\">Nauwkeurige documentatie en traceerbare productieregisters garanderen transparantie en naleving gedurende het hele productieproces.<\/p>\n<\/p><\/div>\n<div>\n<h3 class=\"text-xl font-bold text-[#002255] mb-2 font-['Inter']\">Verpakkings- &amp; Internationale Verzendingsexpertise<\/h3>\n<p class=\"text-[#7f8c8d] leading-relaxed font-sans\">Gespecialiseerde verpakkingsoplossingen beschermen onderdelen tijdens transport, ondersteund door bewezen expertise in wereldwijde logistiek en douaneprocedures.<\/p>\n<\/p><\/div>\n<div>\n<h3 class=\"text-xl font-bold text-[#002255] mb-2 font-['Inter']\">Leveringsplanning &amp; Batchbeheer<\/h3>\n<p class=\"text-[#7f8c8d] leading-relaxed font-sans\">We optimaliseren leveringsschema's met zorgvuldig batchbeheer om just-in-time beschikbaarheid te garanderen en stilstand te verminderen.<\/p>\n<\/p><\/div>\n<\/p><\/div>\n<div> <img decoding=\"async\" data-src=\"https:\/\/zscncparts.com\/wp-content\/uploads\/2025\/12\/precision-automotive-parts-cnc-machining-with-various-surface-treatments-0au.webp\" alt=\"Precisie automobielonderdelen CNC-bewerking met diverse oppervlaktebehandelingen\" width=\"700\" height=\"700\" class=\"rounded-[4px] shadow-[0_4px_6px_rgba(0,0,0,0.1)] object-cover w-full h-auto&#039; loading=&#039;lazy&#039; decoding=&#039;async lazyload\" title=\"\" src=\"data:image\/svg+xml;base64,PHN2ZyB3aWR0aD0iMSIgaGVpZ2h0PSIxIiB4bWxucz0iaHR0cDovL3d3dy53My5vcmcvMjAwMC9zdmciPjwvc3ZnPg==\" style=\"--smush-placeholder-width: 700px; --smush-placeholder-aspect-ratio: 700\/700;\"> <\/div>\n<\/p><\/div>\n<\/p><\/div>\n<\/section>\n<section class=\"bg-white mb-0 max-w-full w-full' style='max-width: 100%; width: max-width: c3723 c23423 c38079\" style=\"max-width: 100%; width: 100%;\">\n<div class=\"container mx-auto px-6 py-20\">\n<h2 class=\"text-3xl font-bold text-[#002255] text-center mb-12 font-['Inter']\">Gestroomlijnde samenwerking voor automobielprojecten<\/h2>\n<div class=\"grid grid-cols-1 md:grid-cols-2 gap-6 mx-auto\">\n<article class=\"flex flex-col items-start gap-4 bg-gray-50 p-6\">\n<div><span class=\"text-xl font-semibold text-[#002255] mr-2\">1.<\/span><\/p>\n<h3 class=\"inline text-xl font-semibold text-[#002255] mb-2 font-['Inter']\">Projectvereisten &amp; Tekeningbeoordeling<\/h3>\n<p class=\"text-[#7f8c8d] leading-relaxed font-system\">Samenwerken voor het verduidelijken van specificaties en het verifi\u00ebren van technische tekeningen op nauwkeurigheid v\u00f3\u00f3r productie.<\/p>\n<\/div>\n<\/article>\n<article class=\"flex flex-col items-start gap-4 bg-white p-6\">\n<div><span class=\"text-xl font-semibold text-[#002255] mr-2\">2.<\/span><\/p>\n<h3 class=\"inline text-xl font-semibold text-[#002255] mb-2 font-['Inter']\">Offerte &amp; Procesplanbevestiging<\/h3>\n<p class=\"text-[#7f8c8d] leading-relaxed font-system\">Bevestig concurrerende offertes en gedetailleerde procesplannen om transparante kosten en effici\u00ebnte workflows te waarborgen.<\/p>\n<\/div>\n<\/article>\n<article class=\"flex flex-col items-start gap-4 bg-gray-50 p-6\">\n<div><span class=\"text-xl font-semibold text-[#002255] mr-2\">3.<\/span><\/p>\n<h3 class=\"inline text-xl font-semibold text-[#002255] mb-2 font-['Inter']\">Prototypenproductie &amp; Dimensietests<\/h3>\n<p class=\"text-[#7f8c8d] leading-relaxed font-system\">Produceer prototypes en voer nauwkeurige dimensionele controles uit om kwaliteit en pasvorm te garanderen v\u00f3\u00f3r volledige productie.<\/p>\n<\/div>\n<\/article>\n<article class=\"flex flex-col items-start gap-4 bg-white p-6\">\n<div><span class=\"text-xl font-semibold text-[#002255] mr-2\">4.<\/span><\/p>\n<h3 class=\"inline text-xl font-semibold text-[#002255] mb-2 font-['Inter']\">Opschalen naar stabiele productie<\/h3>\n<p class=\"text-[#7f8c8d] leading-relaxed font-system\">Zacht overstappen naar volumemarktproductie met consistente kwaliteitscontroles, betrouwbare leveringstermijnen nalevend.<\/p>\n<\/div>\n<\/article>\n<\/div><\/div>\n<\/section>\n<p><\/body><\/p>\n<p><!-- AIVB Required Assets -->\n<link rel=\"stylesheet\" href=\"https:\/\/cdn.jsdelivr.net\/npm\/tailwindcss@2.2.19\/dist\/tailwind.min.css\">\n<link rel=\"stylesheet\" id=\"aivb-fontawesome-css\" href=\"https:\/\/cdn.jsdelivr.net\/npm\/@fortawesome\/fontawesome-free@6.4.0\/css\/all.min.css?ver=6.4.0\" media=\"all\">\n<script src=\"https:\/\/cdn.tailwindcss.com\"><\/script><\/p>\n<style>\n#content { width: 100% !important;  max-width: 100% !important; }\n#content > div:first-child { width: 100% !important;  max-width: 100% !important; }\n.ast-container { width: 100% !important;  max-width: 100% !important; }\nmain#content { width: 100% !important; max-width: 100% !important; }\n.page-content { width: 100% !important; max-width: 100% !important; }\n.site-content .ast-container { display: block !important; }\n<\/style>","protected":false},"excerpt":{"rendered":"<p>High Performance Machining Solutions for the Automotive Industry Deliver precision, efficiency, and scalability with ZSCNC&rsquo;s advanced machining technology. Drive automotive [&hellip;]<\/p>","protected":false},"author":1,"featured_media":0,"parent":2503,"menu_order":0,"comment_status":"closed","ping_status":"closed","template":"","meta":{"_monsterinsights_skip_tracking":false,"_monsterinsights_sitenote_active":false,"_monsterinsights_sitenote_note":"","_monsterinsights_sitenote_category":0,"site-sidebar-layout":"no-sidebar","site-content-layout":"page-builder","ast-site-content-layout":"default","site-content-style":"unboxed","site-sidebar-style":"default","ast-global-header-display":"","ast-banner-title-visibility":"","ast-main-header-display":"","ast-hfb-above-header-display":"","ast-hfb-below-header-display":"","ast-hfb-mobile-header-display":"","site-post-title":"","ast-breadcrumbs-content":"","ast-featured-img":"","footer-sml-layout":"","theme-transparent-header-meta":"","adv-header-id-meta":"","stick-header-meta":"","header-above-stick-meta":"","header-main-stick-meta":"","header-below-stick-meta":"","astra-migrate-meta-layouts":"default","ast-page-background-enabled":"default","ast-page-background-meta":{"desktop":{"background-color":"var(--ast-global-color-5)","background-image":"","background-repeat":"repeat","background-position":"center center","background-size":"auto","background-attachment":"scroll","background-type":"","background-media":"","overlay-type":"","overlay-color":"","overlay-opacity":"","overlay-gradient":""},"tablet":{"background-color":"","background-image":"","background-repeat":"repeat","background-position":"center center","background-size":"auto","background-attachment":"scroll","background-type":"","background-media":"","overlay-type":"","overlay-color":"","overlay-opacity":"","overlay-gradient":""},"mobile":{"background-color":"","background-image":"","background-repeat":"repeat","background-position":"center center","background-size":"auto","background-attachment":"scroll","background-type":"","background-media":"","overlay-type":"","overlay-color":"","overlay-opacity":"","overlay-gradient":""}},"ast-content-background-meta":{"desktop":{"background-color":"var(--ast-global-color-4)","background-image":"","background-repeat":"repeat","background-position":"center center","background-size":"auto","background-attachment":"scroll","background-type":"","background-media":"","overlay-type":"","overlay-color":"","overlay-opacity":"","overlay-gradient":""},"tablet":{"background-color":"var(--ast-global-color-4)","background-image":"","background-repeat":"repeat","background-position":"center center","background-size":"auto","background-attachment":"scroll","background-type":"","background-media":"","overlay-type":"","overlay-color":"","overlay-opacity":"","overlay-gradient":""},"mobile":{"background-color":"var(--ast-global-color-4)","background-image":"","background-repeat":"repeat","background-position":"center center","background-size":"auto","background-attachment":"scroll","background-type":"","background-media":"","overlay-type":"","overlay-color":"","overlay-opacity":"","overlay-gradient":""}},"footnotes":""},"class_list":["post-2504","page","type-page","status-publish","hentry"],"_links":{"self":[{"href":"https:\/\/zscncparts.com\/nl\/wp-json\/wp\/v2\/pages\/2504","targetHints":{"allow":["GET"]}}],"collection":[{"href":"https:\/\/zscncparts.com\/nl\/wp-json\/wp\/v2\/pages"}],"about":[{"href":"https:\/\/zscncparts.com\/nl\/wp-json\/wp\/v2\/types\/page"}],"author":[{"embeddable":true,"href":"https:\/\/zscncparts.com\/nl\/wp-json\/wp\/v2\/users\/1"}],"replies":[{"embeddable":true,"href":"https:\/\/zscncparts.com\/nl\/wp-json\/wp\/v2\/comments?post=2504"}],"version-history":[{"count":0,"href":"https:\/\/zscncparts.com\/nl\/wp-json\/wp\/v2\/pages\/2504\/revisions"}],"up":[{"embeddable":true,"href":"https:\/\/zscncparts.com\/nl\/wp-json\/wp\/v2\/pages\/2503"}],"wp:attachment":[{"href":"https:\/\/zscncparts.com\/nl\/wp-json\/wp\/v2\/media?parent=2504"}],"curies":[{"name":"wp","href":"https:\/\/api.w.org\/{rel}","templated":true}]}}