{"id":3731,"date":"2026-03-07T14:26:47","date_gmt":"2026-03-07T06:26:47","guid":{"rendered":"https:\/\/zscncparts.com\/?post_type=product&#038;p=3731"},"modified":"2026-03-07T16:19:27","modified_gmt":"2026-03-07T08:19:27","slug":"cnc-bicycle-mounts","status":"publish","type":"product","link":"https:\/\/zscncparts.com\/fr\/product\/cnc-bicycle-mounts\/","title":{"rendered":"Supports et accessoires modulaires pour v\u00e9los usin\u00e9s CNC"},"content":{"rendered":"<h2>Aper\u00e7u des accessoires pour v\u00e9los usin\u00e9s CNC<\/h2>\n<p>Dans le monde du cyclisme haute performance, la polyvalence est directement li\u00e9e \u00e0 la qualit\u00e9 de fabrication. Les accessoires pour v\u00e9los usin\u00e9s CNC repr\u00e9sentent le summum de l\u2019\u00e9quipement moderne, offrant un m\u00e9lange parfait de modularit\u00e9, de durabilit\u00e9 et d\u2019esth\u00e9tique \u00e9pur\u00e9e. Pour comprendre la conception derri\u00e8re des accessoires de v\u00e9lo polyvalents, il faut examiner de pr\u00e8s la base de fabrication qui rend possibles des configurations complexes et multifonctionnelles.<\/p>\n<h3>Le r\u00f4le de la pr\u00e9cision dans les cockpits de v\u00e9lo<\/h3>\n<p>Le cockpit du v\u00e9lo est le centre de commandement du cycliste. Lorsqu\u2019il s\u2019agit de fixer des \u00e9lectroniques de valeur \u00e9lev\u00e9e et un \u00e9clairage essentiel, la pr\u00e9cision n\u2019est pas un luxe \u2014 c\u2019est une n\u00e9cessit\u00e9 absolue. Un support mal ajust\u00e9 entra\u00eene distraction, dommages mat\u00e9riels et risques potentiels pour la s\u00e9curit\u00e9.<\/p>\n<p>Obtenir un ajustement pr\u00e9cis dans le cockpit garantit plusieurs avantages critiques en termes de performance :<\/p>\n<ul>\n<li><strong>\u00c9limination des vibrations :<\/strong> Les tol\u00e9rances de fabrication \u00e0 micro-niveau assurent z\u00e9ro bruit de claquement, m\u00eame lors de la navigation sur des pav\u00e9s agressifs ou des sentiers de gravier lourd.<\/li>\n<li><strong>S\u00e9curit\u00e9 absolue de l\u2019appareil :<\/strong> Un ajustement verrouill\u00e9 emp\u00eache les unit\u00e9s GPS co\u00fbteuses et les cam\u00e9ras d\u2019action de glisser ou de se d\u00e9tacher lors de moments \u00e0 fort impact.<\/li>\n<li><strong>Alignement a\u00e9rodynamique :<\/strong> Une conception pr\u00e9cise maintient les \u00e9crans, lumi\u00e8res et c\u00e2bles bien rang\u00e9s en ligne avec la potence, r\u00e9duisant activement la tra\u00een\u00e9e et l\u2019encombrement visuel.<\/li>\n<\/ul>\n<h3>Avantages de l\u2019usinage CNC pour les supports<\/h3>\n<p>Lorsqu\u2019il s\u2019agit de concevoir des interfaces compatibles pour les accessoires de v\u00e9lo, l\u2019usinage par Contr\u00f4le Num\u00e9rique par Ordinateur (CNC) d\u00e9passe syst\u00e9matiquement la coul\u00e9e traditionnelle ou le moulage par injection plastique standard. Nous utilisons une technologie CNC avanc\u00e9e pour fabriquer des composants haut de gamme r\u00e9pondant aux exigences exactes des cyclistes du monde entier.<\/p>\n<ul>\n<li><strong>Rapport r\u00e9sistance\/poids sup\u00e9rieur :<\/strong> En sculptant les supports \u00e0 partir de blocs solides d\u2019aluminium de qualit\u00e9 a\u00e9rospatiale, nous \u00e9liminons tout volume inutile tout en maximisant l\u2019int\u00e9grit\u00e9 structurelle n\u00e9cessaire pour supporter du mat\u00e9riel lourd.<\/li>\n<li><strong>Modularit\u00e9 in\u00e9gal\u00e9e :<\/strong> La pr\u00e9cision d\u2019une fraise CNC permet de r\u00e9aliser des g\u00e9om\u00e9tries complexes et embo\u00eetables n\u00e9cessaires pour empiler plusieurs accessoires \u2014 comme monter une cam\u00e9ra d\u2019action directement sous un ordinateur de cyclisme \u2014 sur une interface unique et unifi\u00e9e.<\/li>\n<li><strong>Fabrication Agile :<\/strong> Ce processus optimise fortement le co\u00fbt pour l'usinage de pi\u00e8ces en petites s\u00e9ries et \u00e0 plusieurs variantes. Il nous offre la flexibilit\u00e9 cruciale pour tester rapidement, it\u00e9rer et produire une large gamme de supports sp\u00e9cialis\u00e9s adapt\u00e9s aux normes en constante \u00e9volution de la technologie du cyclisme.<\/li>\n<\/ul>\n<h2>Types de Supports Multifonctionnels et Interfaces<\/h2>\n<p>Lorsque nous regardons <strong>comment concevoir des interfaces compatibles pour accessoires de v\u00e9lo<\/strong>, notre objectif principal est une modularit\u00e9 absolue. Nous voulons que les cyclistes puissent facilement \u00e9changer leur \u00e9quipement sur le cockpit sans perdre en stabilit\u00e9 ni encombrer le guidon.<\/p>\n<h3>Supports pour GoPro et Cam\u00e9ras d'Action<\/h3>\n<p>Personne ne souhaite des images de balade tremblantes. Nos supports pour cam\u00e9ras d'action sont con\u00e7us pour verrouiller votre appareil fermement et supporter les retours de trail intensifs.<\/p>\n<ul>\n<li><strong>Z\u00e9ro Bruit de Cliquetis :<\/strong> Usin\u00e9s avec des tol\u00e9rances pr\u00e9cises pour que le support de cam\u00e9ra tienne fermement sans glisser.<\/li>\n<li><strong>Profil Bas :<\/strong> Garde la cam\u00e9ra proche du tube de direction pour un look \u00e9pur\u00e9 et un meilleur \u00e9quilibre.<\/li>\n<li><strong>R\u00e9glages Rapides :<\/strong> Con\u00e7u pour que vous puissiez incliner rapidement et verrouiller l'angle avec une seule vis.<\/li>\n<\/ul>\n<h3>Pi\u00e8ces d'Int\u00e9gration pour Ordinateur de V\u00e9lo<\/h3>\n<p>Votre unit\u00e9 GPS doit reposer sur une base solide. Nous privil\u00e9gions la l\u00e9g\u00e8ret\u00e9, la r\u00e9sistance et un ajustement parfait pour les m\u00e9canismes de verrouillage \u00e0 quart de tour. En utilisant des processus de fraisage CNC de haute pr\u00e9cision <a href=\"https:\/\/zscncparts.com\/fr\/services\/cnc-machining\/milling\/\">processus de fraisage CNC<\/a>, nous cr\u00e9ons des pi\u00e8ces d'int\u00e9gration sans couture qui maintiennent votre \u00e9cran parfaitement align\u00e9, s\u00e9curis\u00e9 et facile \u00e0 lire sur les chemins de gravier les plus accident\u00e9s.<\/p>\n<h3>Interfaces pour Pochette \u00e0 Outils et Accessoires<\/h3>\n<p>La v\u00e9ritable force derri\u00e8re la conception des accessoires de v\u00e9lo \u00ab polyvalents \u00bb r\u00e9side dans la capacit\u00e9 \u00e0 s'adapter. Nous construisons des interfaces modulaires qui changent facilement entre le transport de lumi\u00e8res, de pochettes \u00e0 outils d'urgence ou de batteries externes.<\/p>\n<table>\n<thead>\n<tr>\n<th style=\"text-align: left;\">Caract\u00e9ristique de l'Interface<\/th>\n<th style=\"text-align: left;\">Avantage Pratique<\/th>\n<\/tr>\n<\/thead>\n<tbody>\n<tr>\n<td style=\"text-align: left;\"><strong>Montage Empil\u00e9<\/strong><\/td>\n<td style=\"text-align: left;\">Superposez un GPS en haut et une lampe ou un pod d'outils en dessous en utilisant une seule fixation.<\/td>\n<\/tr>\n<tr>\n<td style=\"text-align: left;\"><strong>Alliages \u00e0 Haute R\u00e9sistance<\/strong><\/td>\n<td style=\"text-align: left;\">Assez rigide pour supporter des pods d'outils charg\u00e9s lors de chutes importantes sans se d\u00e9former.<\/td>\n<\/tr>\n<tr>\n<td style=\"text-align: left;\"><strong>Options Personnalis\u00e9es<\/strong><\/td>\n<td style=\"text-align: left;\">En maintenant le <strong>co\u00fbt pour l'usinage de petites s\u00e9ries de pi\u00e8ces multi-vari\u00e9t\u00e9s<\/strong> optimis\u00e9, nous pouvons r\u00e9guli\u00e8rement proposer des ajustements tr\u00e8s sp\u00e9cifiques pour des formes de guidon de niche.<\/td>\n<\/tr>\n<\/tbody>\n<\/table>\n<p>Chaque interface que nous usinons passe par des <a href=\"https:\/\/zscncparts.com\/fr\/about-us\/quality-control\/\">inspections de contr\u00f4le qualit\u00e9 strictes<\/a> pour garantir que votre configuration multifonctionnelle ne se fissurera pas sous la pression d'une conduite quotidienne et agressive.<\/p>\n<h2>Caract\u00e9ristiques Cl\u00e9s des Supports de V\u00e9lo Usin\u00e9s CNC<\/h2>\n<p><img decoding=\"async\" data-src=\"https:\/\/pub-36eea33d6f1540d281c285671ffb8664.r2.dev\/2026\/03\/07\/Modular_CNC_Machined_Bike_Accessories_Design_ivLbX.webp\" alt=\"Conception d&#039;accessoires de v\u00e9lo usin\u00e9s CNC modulaires\" title=\"\" src=\"data:image\/svg+xml;base64,PHN2ZyB3aWR0aD0iMSIgaGVpZ2h0PSIxIiB4bWxucz0iaHR0cDovL3d3dy53My5vcmcvMjAwMC9zdmciPjwvc3ZnPg==\" class=\"lazyload\"><\/p>\n<p>Lorsque nous regardons <strong>La conception derri\u00e8re les accessoires de v\u00e9lo \u00ab Polyvalents \u00bb : Modularit\u00e9 &amp; Usinage CNC<\/strong>, les caract\u00e9ristiques remarquables se r\u00e9sument toujours \u00e0 la performance des pi\u00e8ces sur des routes accident\u00e9es et des sentiers difficiles. Les pi\u00e8ces d'interface haut de gamme ne sont pas simplement des blocs de m\u00e9tal al\u00e9atoires ; ce sont des composants hautement con\u00e7us pour r\u00e9pondre aux exigences du cyclisme moderne.<\/p>\n<h3>Construction L\u00e9g\u00e8re et R\u00e9sistante<\/h3>\n<p>Personne ne souhaite un poids suppl\u00e9mentaire alourdissant leur guidon. Nous utilisons de l'aluminium de qualit\u00e9 a\u00e9ronautique pour rendre nos configurations incroyablement l\u00e9g\u00e8res tout en conservant une durabilit\u00e9 s\u00e9rieuse. La pr\u00e9cision est essentielle lorsqu'il s'agit de r\u00e9duire le poids. En respectant des <a href=\"https:\/\/zscncparts.com\/fr\/cnc-machining-accuracy-standards-analysis-of-industrialgrade-cnc-machining-accuracy-standards-how-to-achieve-a-perfect-tolerance-of-0005mm\/\">normes d'exactitude de l'usinage CNC<\/a>, nous garantissons que ces pi\u00e8ces l\u00e9g\u00e8res s'attachent solidement \u00e0 votre cockpit de v\u00e9lo, \u00e9liminant les vibrations sans ajouter de volume inutile.<\/p>\n<h3>Conceptions Multifonctionnelles et Modulaires<\/h3>\n<p>Un bon support doit faire plus d'une chose. Savoir exactement <strong>comment concevoir des interfaces compatibles pour accessoires de v\u00e9lo<\/strong> nous permet de construire des syst\u00e8mes dynamiques. Vous pouvez \u00e9changer sans effort un ordinateur de v\u00e9lo contre une GoPro ou un module d'outils en quelques secondes.<\/p>\n<ul>\n<li><strong>Insertions \u00e0 \u00e9change rapide :<\/strong> Changez vos supports d'appareils \u00e0 la vol\u00e9e.<\/li>\n<li><strong>Adaptateurs empilables :<\/strong> Faites fonctionner une cam\u00e9ra en dessous et un ordinateur au-dessus sur une seule fixation.<\/li>\n<li><strong>Fabrication intelligente :<\/strong> En g\u00e9rant soigneusement le <strong>co\u00fbt pour l'usinage de petites s\u00e9ries de pi\u00e8ces multi-vari\u00e9t\u00e9s<\/strong>, nous pouvons produire des configurations hautement personnalis\u00e9es et modulaires qui restent accessibles aux cyclistes du monde entier.<\/li>\n<\/ul>\n<h3>Sp\u00e9cifications techniques et indicateurs de performance<\/h3>\n<p>Pour vous donner une id\u00e9e claire de ce que ces pi\u00e8ces usin\u00e9es haut de gamme offrent r\u00e9ellement, voici une br\u00e8ve analyse des principaux indicateurs que nous garantissons :<\/p>\n<table>\n<thead>\n<tr>\n<th style=\"text-align: left;\">Caract\u00e9ristique<\/th>\n<th style=\"text-align: left;\">Sp\u00e9cification<\/th>\n<th style=\"text-align: left;\">Avantage pour le cycliste<\/th>\n<\/tr>\n<\/thead>\n<tbody>\n<tr>\n<td style=\"text-align: left;\"><strong>Mat\u00e9riau de fabrication<\/strong><\/td>\n<td style=\"text-align: left;\">Aluminium 6061-T6<\/td>\n<td style=\"text-align: left;\">Ratio r\u00e9sistance-poids exceptionnel<\/td>\n<\/tr>\n<tr>\n<td style=\"text-align: left;\"><strong>Poids total<\/strong><\/td>\n<td style=\"text-align: left;\">Moins de 45 grammes<\/td>\n<td style=\"text-align: left;\">Garde la direction l\u00e9g\u00e8re et r\u00e9active<\/td>\n<\/tr>\n<tr>\n<td style=\"text-align: left;\"><strong>Capacit\u00e9 de charge<\/strong><\/td>\n<td style=\"text-align: left;\">Jusqu'\u00e0 1,5 kg<\/td>\n<td style=\"text-align: left;\">Maintient solidement les lumi\u00e8res lourdes et les cam\u00e9ras d'action<\/td>\n<\/tr>\n<tr>\n<td style=\"text-align: left;\"><strong>Finition de surface<\/strong><\/td>\n<td style=\"text-align: left;\">Anodisation dure<\/td>\n<td style=\"text-align: left;\">R\u00e9siste \u00e0 la rouille, aux rayures sur la piste et \u00e0 la d\u00e9coloration UV<\/td>\n<\/tr>\n<\/tbody>\n<\/table>\n<h2>Guide de compatibilit\u00e9 pour les cockpit de v\u00e9lo<\/h2>\n<p>Concevoir et choisir les bons accessoires ne concerne pas seulement l\u2019esth\u00e9tique ; il s\u2019agit de garantir que tout s\u2019adapte parfaitement sans compromettre la maniabilit\u00e9 du v\u00e9lo. Lors de l\u2019usinage des pi\u00e8ces, nous devons prendre en compte la grande vari\u00e9t\u00e9 de normes dans le monde du cyclisme.<\/p>\n<h3>Compatibilit\u00e9 du guidon et de la potence<\/h3>\n<p>L\u2019interface la plus critique est celle o\u00f9 le support rencontre le v\u00e9lo. La plupart des v\u00e9los de route et gravel modernes utilisent un diam\u00e8tre de guidon de 31,8 mm, mais l\u2019essor des barres de 35 mm en VTT a modifi\u00e9 le paysage. Un support vraiment polyvalent doit pouvoir accueillir les deux, souvent gr\u00e2ce \u00e0 l\u2019utilisation de cales usin\u00e9es avec pr\u00e9cision ou de conceptions de pinces modulaires.<\/p>\n<p>Nous observons \u00e9galement une tendance vers des cockpits int\u00e9gr\u00e9s o\u00f9 la potence et le guidon ne forment qu\u2019un seul ensemble. Pour ces configurations, les pinces standard ne fonctionneront pas. \u00c0 la place, nous concevons des interfaces \u00e0 montage direct qui se fixent sous la face de la potence. Cela n\u00e9cessite des tol\u00e9rances strictes pour assurer un alignement parfait des boulons sans mettre en tension la structure en fibre de carbone ou en aluminium.<\/p>\n<h3>Compatibilit\u00e9 des appareils pour cam\u00e9ras d\u2019action<\/h3>\n<p>L\u2019interface \u00e0 deux broches de style \u201cGoPro\u201d est devenue la norme universelle pour les cam\u00e9ras d\u2019action et les lumi\u00e8res. Cependant, toutes les broches ne sont pas identiques. Si l\u2019espacement est m\u00eame d\u2019un millim\u00e8tre, la cam\u00e9ra risque de se d\u00e9tacher ou de devenir impossible \u00e0 serrer.<\/p>\n<p>Lorsque nous usinons ces interfaces par CNC, nous nous concentrons sur la fixation par friction. L\u2019objectif est d\u2019obtenir un support qui maintient l\u2019appareil stable m\u00eame avant de serrer le boulon. Cette compatibilit\u00e9 ne se limite pas aux cam\u00e9ras ; de nombreuses lumi\u00e8res frontales utilisent d\u00e9sormais cette m\u00eame interface, permettant aux cyclistes de passer d\u2019un tournage en journ\u00e9e \u00e0 l\u2019\u00e9clairage d\u2019un trajet nocturne en utilisant le m\u00eame point de fixation.<\/p>\n<h3>Compatibilit\u00e9 des pochettes \u00e0 outils pour le bikepacking<\/h3>\n<p>Le bikepacking a introduit le besoin de transporter outils et pi\u00e8ces de rechange dans des endroits astucieux. Les pochettes \u00e0 outils se fixent souvent sur des \u201cbraze-ons\u201d (bosses filet\u00e9es) sur le cadre ou la fourche, mais les supports modulaires pour cockpit sont de plus en plus populaires.<\/p>\n<p>Le d\u00e9fi ici est la garde au sol. Une pochette \u00e0 outils suspendue sous un support d\u2019ordinateur ne doit pas heurter le tube de direction lorsque le guidon tourne. Nous concevons ces interfaces avec des rails coulissants r\u00e9glables ou plusieurs trous de fixation. Cela permet au cycliste de faire avancer ou reculer la pochette pour qu\u2019elle ne g\u00eane pas les c\u00e2bles ni le cadre, quelle que soit la g\u00e9om\u00e9trie du v\u00e9lo. Pour les fabricants souhaitant prototyper ces formes complexes, comprendre <a href=\"https:\/\/zscncparts.com\/fr\/how-to-reduce-machining-cost-for-lowvolume-automotive-cnc-parts-ordered-from-china\/\">comment r\u00e9duire le co\u00fbt d\u2019usinage pour des pi\u00e8ces automobiles CNC en faible volume command\u00e9es en Chine<\/a> peut \u00e9galement offrir des id\u00e9es pour des strat\u00e9gies de production efficaces pour les composants de v\u00e9lo.<\/p>\n<h2>Choisir la bonne configuration selon votre style de conduite<\/h2>\n<p>Trouver la bonne configuration consiste \u00e0 adapter votre \u00e9quipement directement \u00e0 votre fa\u00e7on de rouler et \u00e0 votre terrain. Nos designs modulaires vous permettent d\u2019\u00e9changer les composants sans effort, mais votre configuration de base doit \u00eatre adapt\u00e9e pour g\u00e9rer votre terrain sp\u00e9cifique et votre usage quotidien.<\/p>\n<h3>Supports robustes pour le VTT<\/h3>\n<p>Lorsque vous empruntez des sentiers accident\u00e9s, le cockpit de votre v\u00e9lo subit de s\u00e9rieux chocs. Les configurations de VTT n\u00e9cessitent une durabilit\u00e9 maximale pour maintenir les cam\u00e9ras d\u2019action et les lumi\u00e8res lourdes en place lors de descentes et de passages rocheux. Nous utilisons des mat\u00e9riaux de premier choix pour ces environnements agressifs. En utilisant <a href=\"https:\/\/zscncparts.com\/fr\/product\/7075-aluminum-cnc-machining-for-highstrength-aerospace-and-motorsport-parts\/\">l'usinage CNC en aluminium 7075<\/a>, nous garantissons que les supports offrent les propri\u00e9t\u00e9s de r\u00e9sistance extr\u00eame n\u00e9cessaires pour les impacts en descente sans ajouter de poids lourd et encombrant \u00e0 vos guidons.<\/p>\n<ul>\n<li><strong>R\u00e9sistance aux vibrations :<\/strong> Bras de fixation plus \u00e9pais et renforc\u00e9s con\u00e7us pour \u00e9liminer les secousses de la cam\u00e9ra d\u2019action.<\/li>\n<li><strong>Verrouillage s\u00e9curis\u00e9 :<\/strong> Mat\u00e9riel robuste qui maintient les sp\u00e9cifications de couple et ne glisse jamais lors d'impacts importants.<\/li>\n<\/ul>\n<h3>\u00c9quipement essentiel pour le gravel et le bikepacking<\/h3>\n<p>La pratique du gravel et du bikepacking exige une fiabilit\u00e9 absolue sur de longues distances non assist\u00e9es. Si vous cherchez \u00e0 concevoir des interfaces compatibles pour des accessoires de v\u00e9lo qui r\u00e9sistent r\u00e9ellement \u00e0 l\u2019ext\u00e9rieur du r\u00e9seau, l\u2019objectif principal doit \u00eatre une v\u00e9ritable modularit\u00e9. Vous avez besoin d\u2019un cockpit qui g\u00e8re sans effort plusieurs appareils utilitaires en m\u00eame temps.<\/p>\n<ul>\n<li><strong>Empilement multi-appareils :<\/strong> Supports double face qui fixent un ordinateur GPS en haut tout en suspendant en toute s\u00e9curit\u00e9 une lampe \u00e0 lumen \u00e9lev\u00e9 ou un module d\u2019outils d\u2019urgence en dessous.<\/li>\n<li><strong>Facilit\u00e9 d\u2019entretien sur le terrain :<\/strong> Mat\u00e9riel hexagonal standardis\u00e9 et universel pour que vous puissiez ajuster, serrer ou \u00e9changer votre configuration \u00e0 des kilom\u00e8tres de toute civilisation.<\/li>\n<\/ul>\n<h3>Accessoires simplifi\u00e9s pour le cyclisme sur route<\/h3>\n<p>Le cyclisme sur route est enti\u00e8rement ax\u00e9 sur l\u2019efficacit\u00e9, la vitesse et l\u2019a\u00e9rodynamisme. La conception des accessoires de v\u00e9lo polyvalents pour l\u2019asphalte se concentre fortement sur la r\u00e9duction de la tra\u00een\u00e9e et les \u00e9conomies de poids cruciales. En optimisant de mani\u00e8re agressive le co\u00fbt pour la fabrication en petites s\u00e9ries de pi\u00e8ces multi-vari\u00e9t\u00e9s, nous pouvons produire des supports tr\u00e8s sp\u00e9cifiques et parfaitement int\u00e9gr\u00e9s qui s\u2019adaptent parfaitement \u00e0 la g\u00e9om\u00e9trie complexe des guidons a\u00e9rodynamiques modernes.<\/p>\n<ul>\n<li><strong>Positionnement en avant :<\/strong> Aligne parfaitement votre ordinateur de v\u00e9lo avec la potence pour lisser le flux d\u2019air frontal.<\/li>\n<li><strong>Profils minimalistes :<\/strong> Une usinage CNC de pr\u00e9cision avanc\u00e9e \u00e9limine chaque gramme de mat\u00e9riau superflu pour garder tout le cockpit incroyablement l\u00e9ger.<\/li>\n<\/ul>\n<div id=\"references\" class=\"min-w-0 scroll-mt-8 overflow-hidden\">\n<div class=\"text-[16px]\">\n<h2>Fabrication personnalis\u00e9e d\u2019accessoires pour v\u00e9lo en CNC<\/h2>\n<p>Nous sommes sp\u00e9cialis\u00e9s dans l\u2019usinage CNC de pr\u00e9cision pour accessoires de v\u00e9lo et supports modulaires.<\/p>\n<p>Nos capacit\u00e9s de fabrication incluent :<\/p>\n<p>\u2022 Usinage CNC 3 axes et 5 axes<br \/>\n\u2022 Usinage en aluminium 6061 \/ 7075<br \/>\n\u2022 Composants de v\u00e9lo en titane<br \/>\n\u2022 Production en petites s\u00e9ries et en volume moyen<br \/>\n\u2022 Prototypage rapide pour les marques de v\u00e9los<br \/>\n\u2022 Anodisation personnalis\u00e9e et gravure laser<\/p>\n<p>Si vous d\u00e9veloppez des accessoires pour v\u00e9los ou des supports modulaires pour cockpit, notre \u00e9quipe d'ing\u00e9nierie peut vous aider \u00e0 transformer votre conception en pi\u00e8ces pr\u00eates \u00e0 la production.<\/p>\n<p>Demandez un devis d\u00e8s aujourd'hui.<\/p>\n<p>&nbsp;<\/p>\n<p>&nbsp;<\/p>\n<h2 id=\"references\" class=\"mb-2 mt-2 scroll-mt-24 font-serif text-[1.714286em] font-semibold border-border-l1 pb-1 border-b overflow-hidden\"><a href=\"https:\/\/www.hubspot.com\/aeo-grader\" rel=\"noopener\">R\u00e9f\u00e9rences de l'industrie<\/a><\/h2>\n<\/div>\n<div class=\"flex flex-col gap-2 text-sm leading-relaxed\">\n<div class=\"break-words text-[1em] leading-7\"><a class=\"break-words text-[1em] text-blue-500 hover:underline dark:text-blue-200\" href=\"https:\/\/www.bikeradar.com\/news\/k-edge-and-bar-fly-offer-new-computer-and-camera-mounts\" target=\"_blank\" rel=\"noopener noreferrer\">https:\/\/www.bikeradar.com\/news\/k-edge-and-bar-fly-offer-new-computer-and-camera-mounts<\/a><\/div>\n<div class=\"break-words text-[1em] leading-7\"><a class=\"break-words text-[1em] text-blue-500 hover:underline dark:text-blue-200\" href=\"https:\/\/www.cyclingweekly.com\/reviews\/computers-gps-watches\/cero-helium-garmin-mount\" target=\"_blank\" rel=\"noopener noreferrer\">https:\/\/www.cyclingweekly.com\/reviews\/computers-gps-watches\/cero-helium-garmin-mount<\/a><\/div>\n<div class=\"break-words text-[1em] leading-7\"><\/div>\n<\/div>\n<\/div>","protected":false},"excerpt":{"rendered":"<p>D\u00e9couvrez la conception derri\u00e8re des accessoires de v\u00e9lo polyvalents avec des supports modulaires usin\u00e9s CNC pour cam\u00e9ras, ordinateurs, outils et toutes les configurations de cockpit de v\u00e9lo<\/p>","protected":false},"featured_media":3730,"comment_status":"open","ping_status":"closed","template":"","meta":{"_monsterinsights_skip_tracking":false,"_monsterinsights_sitenote_active":false,"_monsterinsights_sitenote_note":"","_monsterinsights_sitenote_category":0,"site-sidebar-layout":"default","site-content-layout":"","ast-site-content-layout":"default","site-content-style":"default","site-sidebar-style":"default","ast-global-header-display":"","ast-banner-title-visibility":"","ast-main-header-display":"","ast-hfb-above-header-display":"","ast-hfb-below-header-display":"","ast-hfb-mobile-header-display":"","site-post-title":"","ast-breadcrumbs-content":"","ast-featured-img":"","footer-sml-layout":"","theme-transparent-header-meta":"default","adv-header-id-meta":"","stick-header-meta":"","header-above-stick-meta":"","header-main-stick-meta":"","header-below-stick-meta":"","astra-migrate-meta-layouts":"set","ast-page-background-enabled":"default","ast-page-background-meta":{"desktop":{"background-color":"var(--ast-global-color-5)","background-image":"","background-repeat":"repeat","background-position":"center center","background-size":"auto","background-attachment":"scroll","background-type":"","background-media":"","overlay-type":"","overlay-color":"","overlay-opacity":"","overlay-gradient":""},"tablet":{"background-color":"","background-image":"","background-repeat":"repeat","background-position":"center center","background-size":"auto","background-attachment":"scroll","background-type":"","background-media":"","overlay-type":"","overlay-color":"","overlay-opacity":"","overlay-gradient":""},"mobile":{"background-color":"","background-image":"","background-repeat":"repeat","background-position":"center center","background-size":"auto","background-attachment":"scroll","background-type":"","background-media":"","overlay-type":"","overlay-color":"","overlay-opacity":"","overlay-gradient":""}},"ast-content-background-meta":{"desktop":{"background-color":"var(--ast-global-color-4)","background-image":"","background-repeat":"repeat","background-position":"center center","background-size":"auto","background-attachment":"scroll","background-type":"","background-media":"","overlay-type":"","overlay-color":"","overlay-opacity":"","overlay-gradient":""},"tablet":{"background-color":"var(--ast-global-color-4)","background-image":"","background-repeat":"repeat","background-position":"center center","background-size":"auto","background-attachment":"scroll","background-type":"","background-media":"","overlay-type":"","overlay-color":"","overlay-opacity":"","overlay-gradient":""},"mobile":{"background-color":"var(--ast-global-color-4)","background-image":"","background-repeat":"repeat","background-position":"center center","background-size":"auto","background-attachment":"scroll","background-type":"","background-media":"","overlay-type":"","overlay-color":"","overlay-opacity":"","overlay-gradient":""}}},"product_brand":[],"product_cat":[15],"product_tag":[],"class_list":{"0":"post-3731","1":"product","2":"type-product","3":"status-publish","4":"has-post-thumbnail","6":"product_cat-cnc-machining","7":"desktop-align-left","8":"tablet-align-left","9":"mobile-align-left","11":"first","12":"instock","13":"shipping-taxable","14":"purchasable","15":"product-type-simple"},"_links":{"self":[{"href":"https:\/\/zscncparts.com\/fr\/wp-json\/wp\/v2\/product\/3731","targetHints":{"allow":["GET"]}}],"collection":[{"href":"https:\/\/zscncparts.com\/fr\/wp-json\/wp\/v2\/product"}],"about":[{"href":"https:\/\/zscncparts.com\/fr\/wp-json\/wp\/v2\/types\/product"}],"replies":[{"embeddable":true,"href":"https:\/\/zscncparts.com\/fr\/wp-json\/wp\/v2\/comments?post=3731"}],"wp:featuredmedia":[{"embeddable":true,"href":"https:\/\/zscncparts.com\/fr\/wp-json\/wp\/v2\/media\/3730"}],"wp:attachment":[{"href":"https:\/\/zscncparts.com\/fr\/wp-json\/wp\/v2\/media?parent=3731"}],"wp:term":[{"taxonomy":"product_brand","embeddable":true,"href":"https:\/\/zscncparts.com\/fr\/wp-json\/wp\/v2\/product_brand?post=3731"},{"taxonomy":"product_cat","embeddable":true,"href":"https:\/\/zscncparts.com\/fr\/wp-json\/wp\/v2\/product_cat?post=3731"},{"taxonomy":"product_tag","embeddable":true,"href":"https:\/\/zscncparts.com\/fr\/wp-json\/wp\/v2\/product_tag?post=3731"}],"curies":[{"name":"wp","href":"https:\/\/api.w.org\/{rel}","templated":true}]}}