{"id":3641,"date":"2026-02-26T13:18:15","date_gmt":"2026-02-26T05:18:15","guid":{"rendered":"https:\/\/zscncparts.com\/?post_type=product&#038;p=3641"},"modified":"2026-02-26T13:23:58","modified_gmt":"2026-02-26T05:23:58","slug":"6061-aluminum-cnc-machining-for-generalpurpose-structural-components","status":"publish","type":"product","link":"https:\/\/zscncparts.com\/fr\/product\/6061-aluminum-cnc-machining-for-generalpurpose-structural-components\/","title":{"rendered":"Usinage CNC en aluminium 6061 pour composants structurels"},"content":{"rendered":"<h2>Pourquoi l'aluminium 6061 est id\u00e9al pour les pi\u00e8ces structurelles polyvalentes<\/h2>\n<p>Vous recherchez un mat\u00e9riau fiable et \u00e9conomique pour vos cadres et supports structurels personnalis\u00e9s ? Nous proposons <strong>Usinage CNC en aluminium 6061 pour composants structurels \u00e0 usage g\u00e9n\u00e9ral<\/strong> car c'est la norme industrielle \u00e9prouv\u00e9e. Lors de l'usinage de pi\u00e8ces en aluminium \u00e0 usage g\u00e9n\u00e9ral, nous avons besoin d'un m\u00e9tal qui \u00e9quilibre parfaitement performance et fabricabilit\u00e9.<\/p>\n<h3>Propri\u00e9t\u00e9s de l'alliage d'aluminium 6061<\/h3>\n<p>Nous utilisons l'aluminium 6061 pour des applications structurelles en raison de ses caract\u00e9ristiques polyvalentes et tr\u00e8s adaptables :<\/p>\n<ul>\n<li><strong>Excellente r\u00e9sistance\/poids :<\/strong> Offre l'int\u00e9grit\u00e9 structurelle n\u00e9cessaire pour les cadres porteurs sans ajouter de masse excessive.<\/li>\n<li><strong>Haute machinabilit\u00e9 :<\/strong> Se coupe proprement et efficacement, ce qui nous permet de r\u00e9duire les co\u00fbts de production tout en respectant des tol\u00e9rances pr\u00e9cises.<\/li>\n<li><strong>Soudabilit\u00e9 :<\/strong> Se joint facilement avec d'autres composants, ce qui le rend id\u00e9al pour les assemblages structurels complexes.<\/li>\n<li><strong>R\u00e9sistance \u00e0 la corrosion :<\/strong> R\u00e9siste bien dans des environnements industriels difficiles, m\u00eame avant l'application de finitions de surface suppl\u00e9mentaires.<\/li>\n<\/ul>\n<h3>Sp\u00e9cifications d'usinage de l'aluminium 6061-T6<\/h3>\n<p>Pour les pi\u00e8ces structurelles, la trempe du mat\u00e9riau est importante. Nous nous concentrons explicitement sur <strong>l'usinage de l'aluminium 6061-T6<\/strong> pour garantir des performances m\u00e9caniques fiables et reproductibles pour vos projets.<\/p>\n<table>\n<thead>\n<tr>\n<th style=\"text-align: left;\">Propri\u00e9t\u00e9 Mat\u00e9riau<\/th>\n<th style=\"text-align: left;\">Sp\u00e9cification Technique<\/th>\n<\/tr>\n<\/thead>\n<tbody>\n<tr>\n<td style=\"text-align: left;\"><strong>Alliage \/ Teneur<\/strong><\/td>\n<td style=\"text-align: left;\">6061-T6 \/ 6061-T651<\/td>\n<\/tr>\n<tr>\n<td style=\"text-align: left;\"><strong>R\u00e9sistance \u00e0 la traction<\/strong><\/td>\n<td style=\"text-align: left;\">~310 MPa<\/td>\n<\/tr>\n<tr>\n<td style=\"text-align: left;\"><strong>R\u00e9sistance \u00e0 la Traction<\/strong><\/td>\n<td style=\"text-align: left;\">~276 MPa<\/td>\n<\/tr>\n<tr>\n<td style=\"text-align: left;\"><strong>Duret\u00e9<\/strong><\/td>\n<td style=\"text-align: left;\">Brinell 95<\/td>\n<\/tr>\n<\/tbody>\n<\/table>\n<p>L'utilisation de ces sp\u00e9cifications exactes garantit que vos composants en aluminium structurel r\u00e9pondent aux exigences strictes de l'ing\u00e9nierie, du premier prototype \u00e0 la production finale.<\/p>\n<h2>Capacit\u00e9s de Usinage CNC Personnalis\u00e9 en Aluminium 6061<\/h2>\n<p><img decoding=\"async\" data-src=\"https:\/\/pub-36eea33d6f1540d281c285671ffb8664.r2.dev\/2026\/02\/26\/6061_Aluminum_CNC_Machining_Structural_Parts_RsfX2.webp\" alt=\"Pi\u00e8ces Structurelles en aluminium 6061 usin\u00e9es par CNC\" title=\"\" src=\"data:image\/svg+xml;base64,PHN2ZyB3aWR0aD0iMSIgaGVpZ2h0PSIxIiB4bWxucz0iaHR0cDovL3d3dy53My5vcmcvMjAwMC9zdmciPjwvc3ZnPg==\" class=\"lazyload\"><\/p>\n<p>Chez ZSCNC, notre installation est enti\u00e8rement optimis\u00e9e pour fournir une <strong>Usinage CNC en aluminium 6061 pour composants structurels \u00e0 usage g\u00e9n\u00e9ral<\/strong>. Nous disposons de l'\u00e9quipement, de l'\u00e9quipe et du savoir-faire technique pour livrer une usinage en aluminium de haute qualit\u00e9, <strong>\u00e9conomique en co\u00fbts<\/strong> directement aux acheteurs mondiaux.<\/p>\n<h3>Nos Processus de Usinage Principaux<\/h3>\n<p>Nous g\u00e9rons tout, des supports standard aux ch\u00e2ssis complexes en utilisant une gamme compl\u00e8te de <strong>services CNC en aluminium \u00e0 usage g\u00e9n\u00e9ral<\/strong>:<\/p>\n<ul>\n<li><strong>Fraisage CNC en Aluminium 6061 :<\/strong> Configurations avanc\u00e9es 3 axes, 4 axes et 5 axes pour traiter des g\u00e9om\u00e9tries complexes et multi-facettes.<\/li>\n<li><strong>Services de Tournage CNC en Aluminium :<\/strong> Usinage \u00e0 grande vitesse et haute pr\u00e9cision pour des composants structurels cylindriques.<\/li>\n<li><strong>Tournage suisse :<\/strong> Id\u00e9al pour les broches et fixations de petit diam\u00e8tre avec tol\u00e9rances strictes.<\/li>\n<\/ul>\n<h3>Capacit\u00e9 et pr\u00e9cision in\u00e9gal\u00e9e<\/h3>\n<p>Nous ne faisons pas de compromis sur la pr\u00e9cision dimensionnelle. Que vous ayez besoin de plaques de montage standard ou de solutions hautement sp\u00e9cialis\u00e9es <a href=\"https:\/\/zscncparts.com\/fr\/custom-cnc-machined-automotive-parts-manufacturer\/\">Pi\u00e8ces automobiles usin\u00e9es par CNC<\/a>, nous garantissons l'int\u00e9grit\u00e9 structurelle.<\/p>\n<ul>\n<li><strong>\u00c9quipement lourd :<\/strong> Plus de 40 machines CNC avanc\u00e9es con\u00e7ues pour une production continue et stable.<\/li>\n<li><strong>\u00c9quipe d'experts :<\/strong> Plus de 70 techniciens qualifi\u00e9s g\u00e9rant le contr\u00f4le qualit\u00e9 et la mise en service des machines.<\/li>\n<li><strong>Tol\u00e9rances serr\u00e9es :<\/strong> Pr\u00e9cision jusqu'\u00e0 une finesse extr\u00eame <strong>\u00b10,005mm<\/strong>, rencontre stricte <strong>ISO 2768 de pr\u00e9cision fine<\/strong> normes.<\/li>\n<\/ul>\n<h3>Fabrication \u00e9volutive<\/h3>\n<p>Nous nous adaptons au cycle de vie de votre projet. Nous soutenons <strong>Prototype rapide en aluminium 6061<\/strong> pour vous aider \u00e0 v\u00e9rifier rapidement les conceptions, et nous passons sans effort \u00e0 une production en petites \u00e0 moyennes s\u00e9ries. Lorsque vous avez besoin d'une solution fiable <strong>fabrication de composants en aluminium structurel<\/strong>, nous livrons des pi\u00e8ces OEM qui s'adaptent parfaitement d\u00e8s la premi\u00e8re fois.<\/p>\n<h2>Finitions de surface pour composants en aluminium 6061<\/h2>\n<p>Obtenir la bonne finition pour vos <strong>pi\u00e8ces en aluminium 6061 personnalis\u00e9es<\/strong> est tout aussi important que l'usinage lui-m\u00eame. Nous proposons plusieurs traitements de surface pour r\u00e9pondre aux exigences fonctionnelles et visuelles des composants structurels \u00e0 usage g\u00e9n\u00e9ral.<\/p>\n<ul>\n<li><strong>Brut d'Usinage :<\/strong> C'est notre finition standard, id\u00e9ale pour les cadres structurels cach\u00e9s. C'est le premier choix <strong>\u00e9conomique en co\u00fbts<\/strong> lorsque l'esth\u00e9tique n'est pas la priorit\u00e9 principale. Si votre projet n\u00e9cessite des sp\u00e9cifications strictes, comprendre les <a href=\"https:\/\/zscncparts.com\/fr\/surface-finish-impactthe-influence-of-surface-roughness-ra-on-the-performance-of-parts\/\">l'influence de la rugosit\u00e9 de surface sur la performance des pi\u00e8ces<\/a> vous aidera \u00e0 optimiser votre conception.<\/li>\n<li><strong>Anodisation (Type II &amp; III):<\/strong> Nous utilisons l'anodisation pour am\u00e9liorer consid\u00e9rablement la r\u00e9sistance \u00e0 la corrosion et la duret\u00e9 de surface. Ce processus produit des <strong>composants en aluminium 6061 anodis\u00e9<\/strong> incroyablement durables qui peuvent r\u00e9sister aux environnements industriels difficiles.<\/li>\n<li><strong>Rev\u00eatement en poudre :<\/strong> Pour les cadres structurels visibles et les <a href=\"https:\/\/zscncparts.com\/fr\/product\/custom-aluminum-cnc-machined-parts\/\">pi\u00e8ces en aluminium usin\u00e9es CNC sur mesure<\/a>, le rev\u00eatement en poudre offre une finition esth\u00e9tique et r\u00e9sistante qui r\u00e9siste \u00e0 l'\u00e9caillage, aux rayures et \u00e0 la d\u00e9coloration.<\/li>\n<li><strong>Sablage:<\/strong> Nous appliquons le grenaillage pour \u00e9liminer efficacement toutes les marques d'outils laiss\u00e9es par <strong>l'usinage de l'aluminium 6061-T6<\/strong>. Il laisse le m\u00e9tal avec un aspect propre, uniforme et mat.<\/li>\n<\/ul>\n<h2>Applications pour les pi\u00e8ces en aluminium 6061 personnalis\u00e9es<\/h2>\n<p>Nous fournissons <strong>services CNC en aluminium \u00e0 usage g\u00e9n\u00e9ral<\/strong> \u00e0 des clients mondiaux, fournissant des <strong>pi\u00e8ces structurelles en aluminium OEM de haute qualit\u00e9<\/strong> qui s'int\u00e8grent parfaitement \u00e0 vos assemblages. Gr\u00e2ce \u00e0 son incroyable polyvalence, <strong>l'usinage de l'aluminium 6061-T6<\/strong> est la norme de l'industrie pour <strong>fabrication de composants en aluminium structurel<\/strong> dans de multiples secteurs exigeants.<\/p>\n<p>Voici o\u00f9 notre usinage CNC d'aluminium 6061 pour les composants structurels \u00e0 usage g\u00e9n\u00e9ral est le plus utilis\u00e9 :<\/p>\n<ul>\n<li><strong>Automobile :<\/strong> Nous produisons des pi\u00e8ces fiables <strong>les pi\u00e8ces en aluminium pour l'automobile CNC<\/strong>, y compris des supports personnalis\u00e9s, des composants de ch\u00e2ssis rigides et des bo\u00eetiers robustes.<\/li>\n<li><strong>Machinerie industrielle :<\/strong> Nous d\u00e9coupons des bancs de machine lourds, des cadres d'automatisation robustes et des plaques de montage. Notre <a href=\"https:\/\/zscncparts.com\/fr\/product\/custom-cnc-machining-services-for-machinery-and-robotics-parts\/\">services d'usinage CNC sur mesure pour pi\u00e8ces de machines et de robotique<\/a> assure des ajustements pr\u00e9cis pour tous vos <strong>supports en aluminium pour machines<\/strong>.<\/li>\n<li><strong>Robotique &amp; Automatisation :<\/strong> Nous fournissons des supports structurels l\u00e9gers et des composants de joint complexes n\u00e9cessaires pour des syst\u00e8mes automatis\u00e9s rapides et de haute pr\u00e9cision.<\/li>\n<li><strong>A\u00e9rospatiale :<\/strong> Nous utilisons <strong>\u00e9conomique en co\u00fbts<\/strong> pour construire des \u00e9l\u00e9ments structurels int\u00e9rieurs non critiques qui maintiennent le poids total de la charge utile \u00e0 un niveau r\u00e9duit sans compromettre la s\u00e9curit\u00e9.<\/li>\n<\/ul>\n<p>Que vous ayez besoin <strong>Prototype rapide en aluminium 6061<\/strong> ou pour des productions en grande s\u00e9rie, notre <strong>cadres en aluminium usin\u00e9s avec pr\u00e9cision<\/strong> fournissent le support structurel exact dont votre projet a besoin.<\/p>\n<h2>Le processus de production ZSCNC : Du CAO \u00e0 la livraison mondiale<\/h2>\n<p><img decoding=\"async\" data-src=\"https:\/\/pub-36eea33d6f1540d281c285671ffb8664.r2.dev\/2026\/02\/26\/6061_Aluminum_CNC_Machining_Process_and_Global_Del_1.webp\" alt=\"Processus d&#039;usinage CNC en aluminium 6061 et livraison mondiale\" title=\"\" src=\"data:image\/svg+xml;base64,PHN2ZyB3aWR0aD0iMSIgaGVpZ2h0PSIxIiB4bWxucz0iaHR0cDovL3d3dy53My5vcmcvMjAwMC9zdmciPjwvc3ZnPg==\" class=\"lazyload\"><\/p>\n<p>En tant que <strong>Atelier d'usinage en aluminium ISO 9001<\/strong>, nous maintenons notre flux de travail simple, transparent et con\u00e7u pour la rapidit\u00e9. Lorsque vous avez besoin de pi\u00e8ces structurelles en aluminium OEM, vous souhaitez un partenaire fiable qui g\u00e8re tout, du fichier de conception initial \u00e0 la livraison finale dans votre \u00e9tablissement. Nous am\u00e9liorons continuellement notre <a href=\"https:\/\/zscncparts.com\/fr\/about-us\/manufacturing-process\/\">fabrication fluide<\/a> pour vous garantir une usinage CNC de haute qualit\u00e9 en aluminium 6061 pour des composants structurels polyvalents, sans les probl\u00e8mes habituels de cha\u00eene d'approvisionnement.<\/p>\n<p>Voici comment nous concr\u00e9tisons votre projet du CAO \u00e0 la r\u00e9alit\u00e9 :<\/p>\n<ul>\n<li><strong>\u00c9tape 1 : Analyse DFM &amp; Devis en 24 heures<\/strong><br \/>\nNous commen\u00e7ons par une v\u00e9rification stricte de la conception pour la fabricabilit\u00e9 (DFM). Notre \u00e9quipe d'ing\u00e9nierie examine vos fichiers CAO pour la correspondance des dimensions et la fabricabilit\u00e9 globale. En d\u00e9tectant les probl\u00e8mes potentiels d\u00e8s le d\u00e9part, nous obtenons un devis rapide en 24 heures et garantissons un usinage en aluminium tr\u00e8s rentable pour votre r\u00e9sultat financier.<\/li>\n<li><strong>\u00c9tape 2 : Prototypage &amp; V\u00e9rification<\/strong><br \/>\nAvant de lancer une production en s\u00e9rie compl\u00e8te, nous nous concentrons sur le prototypage rapide de pi\u00e8ces en aluminium 6061. Cette \u00e9tape est cruciale pour tester l'ajustement physique et assurer l'int\u00e9grit\u00e9 structurelle de vos conceptions. Nous nous assurons que la pi\u00e8ce fonctionne exactement comme pr\u00e9vu avant d'augmenter le volume.<\/li>\n<li><strong>\u00c9tape 3 : Fabrication de pr\u00e9cision &amp; Contr\u00f4le qualit\u00e9<\/strong><br \/>\nUne fois que le prototype re\u00e7oit votre feu vert, nous passons \u00e0 la fabrication de pr\u00e9cision. Nous utilisons des outils d'inspection avanc\u00e9s \u00e0 chaque \u00e9tape pour maintenir des tol\u00e9rances strictes. Chaque lot de pi\u00e8ces en aluminium personnalis\u00e9 6061 est livr\u00e9 avec une documentation de tra\u00e7abilit\u00e9 compl\u00e8te, vous donnant une confiance totale dans le mat\u00e9riau et la qualit\u00e9 de fabrication.<\/li>\n<li><strong>\u00c9tape 4 : Exp\u00e9dition mondiale DDP<\/strong><br \/>\nNous g\u00e9rons la logistique pour que vous n'ayez pas \u00e0 le faire. Notre exp\u00e9dition cl\u00e9 en main DDP (Delivered Duty Paid) garantit que vos composants en aluminium structurel arrivent directement \u00e0 votre porte, que votre installation soit en France ou ailleurs, ou si vous recherchez une usinage d'aluminium rentable pour les acheteurs europ\u00e9ens. Vous b\u00e9n\u00e9ficiez d'une livraison fiable et transparente sans surprises douani\u00e8res.<\/li>\n<\/ul>\n<h2>FAQ : Services d'usinage CNC en aluminium 6061<\/h2>\n<h3>6061 vs. 7075 pour les pi\u00e8ces structurelles ?<\/h3>\n<p>La principale diff\u00e9rence r\u00e9side dans la soudabilit\u00e9 et le co\u00fbt.<\/p>\n<ul>\n<li><strong>Aluminium 6061 :<\/strong> Offre une excellente r\u00e9sistance \u00e0 la corrosion, une soudabilit\u00e9 facile et une solidit\u00e9 remarquable. C'est le choix privil\u00e9gi\u00e9 pour <strong>les pi\u00e8ces en aluminium \u00e0 usage g\u00e9n\u00e9ral<\/strong> et les cadres de machines standards.<\/li>\n<li><strong>Aluminium 7075 :<\/strong> Offre une r\u00e9sistance \u00e0 la traction plus \u00e9lev\u00e9e mais est beaucoup plus difficile \u00e0 souder et co\u00fbte plus cher.<\/li>\n<\/ul>\n<p>Pour la grande majorit\u00e9 de <strong>supports en aluminium pour machines<\/strong> cadres structurels et autres, le 6061 offre le meilleur compromis pratique et \u00e9conomique.<\/p>\n<h3>Pouvez-vous g\u00e9rer l'usinage de l'aluminium T6 ?<\/h3>\n<p>Absolument. Nous sommes sp\u00e9cialis\u00e9s dans <strong>Usinage de l'aluminium T6<\/strong>. Le traitement thermique T6 conf\u00e8re \u00e0 l'aluminium un rapport r\u00e9sistance\/poids sup\u00e9rieur, ce qui est crucial pour l'int\u00e9grit\u00e9 structurelle. Notre \u00e9quipe produit r\u00e9guli\u00e8rement des pi\u00e8ces de haute qualit\u00e9 <a href=\"https:\/\/zscncparts.com\/fr\/product\/custom-aluminum-cnc-machining-parts-supplier-china\/\">pi\u00e8ces en aluminium 6061 personnalis\u00e9es<\/a> adapt\u00e9es aux exigences industrielles exigeantes \u00e0 travers le monde.<\/p>\n<h3>Quel est le MOQ pour les supports en aluminium personnalis\u00e9s ?<\/h3>\n<p>Nous maintenons une flexibilit\u00e9 pour soutenir vos besoins sp\u00e9cifiques.<\/p>\n<ul>\n<li><strong>Pas de Minimum Rigide :<\/strong> Nous supportons tout, du prototypage rapide \u00e0 la production en faible volume et en s\u00e9rie moyenne.<\/li>\n<li><strong>Solutions \u00c9volutives :<\/strong> Notre processus garantit <strong>une usinage d'aluminium rentable pour les acheteurs en France<\/strong> et les clients internationaux, ce qui signifie que vous ne commandez que ce dont vous avez r\u00e9ellement besoin en ce moment.<\/li>\n<\/ul>\n<h3>Comment Garantissez-vous la Pr\u00e9cision Dimensionnelle ?<\/h3>\n<p>La pr\u00e9cision est int\u00e9gr\u00e9e dans notre flux de travail. En tant que <strong>Atelier d'usinage en aluminium ISO 9001<\/strong>, nous maintenons un contr\u00f4le qualit\u00e9 strict tout au long du cycle de production.<\/p>\n<ul>\n<li><strong>\u00c9quipements Avanc\u00e9s :<\/strong> Nous utilisons des centres CNC de pointe \u00e0 3 axes, 4 axes et 5 axes.<\/li>\n<li><strong>Inspection Rigoureuse :<\/strong> Chaque lot de <strong>composants en aluminium pour l'automobile et la machinerie<\/strong> est v\u00e9rifi\u00e9e \u00e0 l'aide d'outils de mesure avanc\u00e9s, comme les Machines de Mesure Tridimensionnelle (MMT).<\/li>\n<\/ul>\n<p>Cela garantit des tol\u00e9rances serr\u00e9es jusqu'\u00e0 \u00b10,005 mm, assurant que votre <a href=\"https:\/\/zscncparts.com\/fr\/product\/cnc-machining-services-for-automotive-aluminum-parts-in-germany\/\">les pi\u00e8ces en aluminium pour l'automobile CNC<\/a> et les cadres structurels s'ajustent parfaitement dans votre assemblage final.<\/p>\n<div id=\"references\" class=\"min-w-0 scroll-mt-8 overflow-hidden\">\n<div class=\"text-[16px]\">\n<h2 id=\"references\" class=\"mb-2 mt-2 scroll-mt-24 font-serif text-[1.714286em] font-semibold border-border-l1 pb-1 border-b overflow-hidden\">Sources associ\u00e9es<\/h2>\n<\/div>\n<div class=\"flex flex-col gap-2 text-sm leading-relaxed\">\n<div class=\"break-words text-[1em] leading-7\"><a class=\"break-words text-[1em] text-blue-500 hover:underline dark:text-blue-200\" href=\"https:\/\/en.wikipedia.org\/wiki\/6061_aluminium_alloy\" target=\"_blank\" rel=\"noopener noreferrer\">https:\/\/en.wikipedia.org\/wiki\/6061_aluminium_alloy<\/a><\/div>\n<div class=\"break-words text-[1em] leading-7\"><\/div>\n<\/div>\n<\/div>","protected":false},"excerpt":{"rendered":"<p>Usinage CNC personnalis\u00e9 en aluminium 6061 pour composants structurels \u00e0 usage g\u00e9n\u00e9ral avec tol\u00e9rances strictes, d\u00e9lai de livraison rapide et qualit\u00e9 ISO 9001<\/p>","protected":false},"featured_media":3640,"comment_status":"open","ping_status":"closed","template":"","meta":{"_monsterinsights_skip_tracking":false,"_monsterinsights_sitenote_active":false,"_monsterinsights_sitenote_note":"","_monsterinsights_sitenote_category":0,"site-sidebar-layout":"default","site-content-layout":"","ast-site-content-layout":"default","site-content-style":"default","site-sidebar-style":"default","ast-global-header-display":"","ast-banner-title-visibility":"","ast-main-header-display":"","ast-hfb-above-header-display":"","ast-hfb-below-header-display":"","ast-hfb-mobile-header-display":"","site-post-title":"","ast-breadcrumbs-content":"","ast-featured-img":"","footer-sml-layout":"","theme-transparent-header-meta":"default","adv-header-id-meta":"","stick-header-meta":"","header-above-stick-meta":"","header-main-stick-meta":"","header-below-stick-meta":"","astra-migrate-meta-layouts":"set","ast-page-background-enabled":"default","ast-page-background-meta":{"desktop":{"background-color":"var(--ast-global-color-5)","background-image":"","background-repeat":"repeat","background-position":"center center","background-size":"auto","background-attachment":"scroll","background-type":"","background-media":"","overlay-type":"","overlay-color":"","overlay-opacity":"","overlay-gradient":""},"tablet":{"background-color":"","background-image":"","background-repeat":"repeat","background-position":"center center","background-size":"auto","background-attachment":"scroll","background-type":"","background-media":"","overlay-type":"","overlay-color":"","overlay-opacity":"","overlay-gradient":""},"mobile":{"background-color":"","background-image":"","background-repeat":"repeat","background-position":"center center","background-size":"auto","background-attachment":"scroll","background-type":"","background-media":"","overlay-type":"","overlay-color":"","overlay-opacity":"","overlay-gradient":""}},"ast-content-background-meta":{"desktop":{"background-color":"var(--ast-global-color-4)","background-image":"","background-repeat":"repeat","background-position":"center center","background-size":"auto","background-attachment":"scroll","background-type":"","background-media":"","overlay-type":"","overlay-color":"","overlay-opacity":"","overlay-gradient":""},"tablet":{"background-color":"var(--ast-global-color-4)","background-image":"","background-repeat":"repeat","background-position":"center center","background-size":"auto","background-attachment":"scroll","background-type":"","background-media":"","overlay-type":"","overlay-color":"","overlay-opacity":"","overlay-gradient":""},"mobile":{"background-color":"var(--ast-global-color-4)","background-image":"","background-repeat":"repeat","background-position":"center center","background-size":"auto","background-attachment":"scroll","background-type":"","background-media":"","overlay-type":"","overlay-color":"","overlay-opacity":"","overlay-gradient":""}}},"product_brand":[],"product_cat":[15,31],"product_tag":[],"class_list":{"0":"post-3641","1":"product","2":"type-product","3":"status-publish","4":"has-post-thumbnail","6":"product_cat-cnc-machining","7":"product_cat-turning","8":"desktop-align-left","9":"tablet-align-left","10":"mobile-align-left","12":"first","13":"instock","14":"shipping-taxable","15":"purchasable","16":"product-type-simple"},"_links":{"self":[{"href":"https:\/\/zscncparts.com\/fr\/wp-json\/wp\/v2\/product\/3641","targetHints":{"allow":["GET"]}}],"collection":[{"href":"https:\/\/zscncparts.com\/fr\/wp-json\/wp\/v2\/product"}],"about":[{"href":"https:\/\/zscncparts.com\/fr\/wp-json\/wp\/v2\/types\/product"}],"replies":[{"embeddable":true,"href":"https:\/\/zscncparts.com\/fr\/wp-json\/wp\/v2\/comments?post=3641"}],"wp:featuredmedia":[{"embeddable":true,"href":"https:\/\/zscncparts.com\/fr\/wp-json\/wp\/v2\/media\/3640"}],"wp:attachment":[{"href":"https:\/\/zscncparts.com\/fr\/wp-json\/wp\/v2\/media?parent=3641"}],"wp:term":[{"taxonomy":"product_brand","embeddable":true,"href":"https:\/\/zscncparts.com\/fr\/wp-json\/wp\/v2\/product_brand?post=3641"},{"taxonomy":"product_cat","embeddable":true,"href":"https:\/\/zscncparts.com\/fr\/wp-json\/wp\/v2\/product_cat?post=3641"},{"taxonomy":"product_tag","embeddable":true,"href":"https:\/\/zscncparts.com\/fr\/wp-json\/wp\/v2\/product_tag?post=3641"}],"curies":[{"name":"wp","href":"https:\/\/api.w.org\/{rel}","templated":true}]}}