{"id":3564,"date":"2026-01-24T16:36:02","date_gmt":"2026-01-24T08:36:02","guid":{"rendered":"https:\/\/zscncparts.com\/?post_type=product&#038;p=3564"},"modified":"2026-01-24T16:37:26","modified_gmt":"2026-01-24T08:37:26","slug":"cnc-turning-services-for-precision-shafts-bushings-and-hydraulic-components","status":"publish","type":"product","link":"https:\/\/zscncparts.com\/fr\/product\/cnc-turning-services-for-precision-shafts-bushings-and-hydraulic-components\/","title":{"rendered":"Tournage CNC pour arbres, bagues et composants hydrauliques de pr\u00e9cision"},"content":{"rendered":"<h2>Capacit\u00e9s de tournage sp\u00e9cialis\u00e9es pour les composants critiques<\/h2>\n<p>Chez ZSCNC, nous combinons des <strong>services de d\u00e9colletage suisse<\/strong> avec des <strong>centres de tournage \u00e0 outils rotatifs multi-axes<\/strong> pour produire des g\u00e9om\u00e9tries complexes en une seule configuration. Nous comprenons que pour les assemblages critiques, \u00ab\u00a0assez proche\u00a0\u00bb ne suffit pas. Notre processus \u00e9limine le besoin de plusieurs montages, assurant une pr\u00e9cision sup\u00e9rieure et r\u00e9duisant le co\u00fbt par pi\u00e8ce pour vos <strong>composants de tour CNC<\/strong>.<\/p>\n<h3>Arbres et essieux de pr\u00e9cision<\/h3>\n<p>Les pi\u00e8ces longues et minces souffrent souvent de d\u00e9flexion et de vibrations pendant l'usinage. Nous r\u00e9solvons ce probl\u00e8me en utilisant la technologie de type suisse pour fournir des <strong>pi\u00e8ces tourn\u00e9es de haute concentricit\u00e9<\/strong> essentielles pour les \u00e9quipements rotatifs \u00e0 haute vitesse.<\/p>\n<ul>\n<li><strong>Applications :<\/strong> Fabrication d'arbres de moteurs \u00e9lectriques, <strong>d'arbres de pompes en acier inoxydable<\/strong>et d'arbres de transmission.<\/li>\n<li><strong>Usinage d'arbres cannel\u00e9s\u00a0:<\/strong> Nous g\u00e9rons les profils de cannelures complexes avec un strict respect des contr\u00f4les GD&amp;T pour la <strong>Concentricit\u00e9 et la Rectitude<\/strong>.<\/li>\n<li><strong>Contr\u00f4le de la D\u00e9flexion :<\/strong> Les syst\u00e8mes de douilles de guide soutiennent la pi\u00e8ce \u00e0 proximit\u00e9 de l'outil de coupe, garantissant la pr\u00e9cision sur de longues relations longueur\/diam\u00e8tre.<\/li>\n<\/ul>\n<h3>Douilles industrielles &amp; roulements<\/h3>\n<p>Usiner des mat\u00e9riaux plus tendres n\u00e9cessite des strat\u00e9gies de fixation sp\u00e9cialis\u00e9es pour \u00e9viter la d\u00e9formation ou l'ovalisation sous pression de serrage.<\/p>\n<ul>\n<li><strong>Expertise Mat\u00e9riaux :<\/strong> Nous excellons dans <strong>la fabrication de douilles en bronze et en laiton<\/strong> (y compris C932 et C954) et de plastiques techniques.<\/li>\n<li><strong>Sans d\u00e9formation :<\/strong> Des param\u00e8tres de coupe optimis\u00e9s et un serrage \u00e0 faible contrainte garantissent des trous parfaitement ronds et des tol\u00e9rances d'ajustement serr\u00e9es.<\/li>\n<li><strong>Pr\u00eat pour OEM :<\/strong> Nous livrons des composants d'usure finis pr\u00eats \u00e0 \u00eatre install\u00e9s imm\u00e9diatement dans des machines lourdes.<\/li>\n<\/ul>\n<h3>Composants hydrauliques &amp; fluidiques<\/h3>\n<p>Dans les syst\u00e8mes \u00e0 haute pression, la finition de surface fait la diff\u00e9rence entre un syst\u00e8me \u00e9tanche et une fuite. Nous fournissons <strong>la fabrication de composants hydrauliques et fluidiques<\/strong> ax\u00e9e sur l'int\u00e9grit\u00e9 de surface.<\/p>\n<ul>\n<li><strong>Composants critiques :<\/strong> Production de <strong>poulies de soupape hydrauliques personnalis\u00e9es<\/strong>, pistons, et <strong>tiges de piston de cylindre hydraulique<\/strong>.<\/li>\n<li><strong>Contr\u00f4le de la finition de surface :<\/strong> Nous atteignons des valeurs critiques de Ra\/Rz (souvent &lt; Ra 0,4 \u03bcm) directement \u00e0 la sortie de la machine pour garantir une performance sans fuite.<\/li>\n<li><strong>Ajustement de pr\u00e9cision :<\/strong> Un contr\u00f4le strict des tol\u00e9rances sur les surfaces de la bobine garantit une action fluide et un contr\u00f4le pr\u00e9cis du d\u00e9bit.<\/li>\n<\/ul>\n<h2>Sp\u00e9cifications techniques et normes de fabrication<\/h2>\n<p>Chez ZS CNC Parts, nous d\u00e9finissons nos capacit\u00e9s par la pr\u00e9cision que nous livrons. Que vous ayez besoin de <strong>services de d\u00e9colletage suisse<\/strong> pour des micro-composants ou d\u2019un tournage robuste pour des arbres de transmission lourds, nos normes de fabrication sont con\u00e7ues pour r\u00e9pondre \u00e0 des exigences mondiales rigoureuses. Nous combinons un \u00e9quipement avanc\u00e9 avec des contr\u00f4les de processus stricts pour garantir que chaque pi\u00e8ce s\u2019adapte parfaitement \u00e0 votre assemblage.<\/p>\n<h3>Capacit\u00e9 de tournage et dimensions<\/h3>\n<p>Nous utilisons un m\u00e9lange de tours de type suisse et de centres de tournage CNC \u00e0 t\u00eate fixe pour g\u00e9rer une large gamme de tailles. Notre configuration nous permet de produire <strong>des raccords tourn\u00e9s avec tol\u00e9rances serr\u00e9es<\/strong> et de longues arbres avec une rectitude exceptionnelle.<\/p>\n<table>\n<thead>\n<tr>\n<th style=\"text-align: left;\">Caract\u00e9ristique<\/th>\n<th style=\"text-align: left;\">Gamme de sp\u00e9cifications<\/th>\n<th style=\"text-align: left;\">Capacit\u00e9s<\/th>\n<\/tr>\n<\/thead>\n<tbody>\n<tr>\n<td style=\"text-align: left;\"><strong>Diam\u00e8tre de tournage<\/strong><\/td>\n<td style=\"text-align: left;\">\u00d8 0,5 mm \u2013 \u00d8 300 mm<\/td>\n<td style=\"text-align: left;\">Des micro-pins aux grands flasques industriels.<\/td>\n<\/tr>\n<tr>\n<td style=\"text-align: left;\"><strong>Longueur maximale<\/strong><\/td>\n<td style=\"text-align: left;\">Jusqu\u2019\u00e0 1000 mm<\/td>\n<td style=\"text-align: left;\">Sp\u00e9cialis\u00e9 dans les arbres longs et les tiges guides.<\/td>\n<\/tr>\n<tr>\n<td style=\"text-align: left;\"><strong>Tol\u00e9rance<\/strong><\/td>\n<td style=\"text-align: left;\">Jusqu\u2019\u00e0 \u00b10,005 mm<\/td>\n<td style=\"text-align: left;\">Nous sommes experts en <a href=\"https:\/\/zscncparts.com\/fr\/cnc-machining-accuracy-standards-analysis-of-industrialgrade-cnc-machining-accuracy-standards-how-to-achieve-a-perfect-tolerance-of-0005mm\/\">atteignant des normes strictes de pr\u00e9cision en usinage CNC<\/a> pour des dimensions critiques.<\/td>\n<\/tr>\n<tr>\n<td style=\"text-align: left;\"><strong>Norme<\/strong><\/td>\n<td style=\"text-align: left;\">ISO 2768-m \/ ISO 2768-f<\/td>\n<td style=\"text-align: left;\">Respect des classes de tol\u00e9rance g\u00e9n\u00e9rales internationales.<\/td>\n<\/tr>\n<\/tbody>\n<\/table>\n<h3>Finition de surface &amp; Expertise en mat\u00e9riaux<\/h3>\n<p>La qualit\u00e9 de la surface est essentielle pour <strong>la fabrication de composants hydrauliques et fluidiques<\/strong>, o\u00f9 l'int\u00e9grit\u00e9 du joint emp\u00eache les fuites. Nous proposons <strong>des alternatives de rectification cylindrique de pr\u00e9cision<\/strong> par un tournage de haute qualit\u00e9 et un post-traitement pour obtenir des finitions miroir.<\/p>\n<ul>\n<li><strong>Rugosit\u00e9 de surface :<\/strong> La finition standard \u00ab usin\u00e9e \u00bb est Ra 1,6 \u2013 3,2 \u03bcm. Pour les surfaces d'\u00e9tanch\u00e9it\u00e9 sur pistons et soupapes, nous atteignons <strong>Ra 0,2 \u2013 0,8 \u03bcm<\/strong> par polissage, brunissage ou rectification.<\/li>\n<li><strong>S\u00e9lection des mat\u00e9riaux :<\/strong>\n<ul>\n<li><strong>Acier inoxydable :<\/strong> 303, 304, 316L. Nous avons une vaste exp\u00e9rience <a href=\"https:\/\/zscncparts.com\/fr\/machining-stainless-steel\/\">l'usinage de l'acier inoxydable<\/a> pour les applications hydrauliques r\u00e9sistantes \u00e0 la corrosion.<\/li>\n<li><strong>Acier alli\u00e9 :<\/strong> 4140, 4340, et aciers de outillage adapt\u00e9s pour <strong>les services de tournage dur<\/strong>.<\/li>\n<li><strong>Non ferreux :<\/strong> Aluminium (6061, 7075), Laiton, et Bronze C932 pour paliers.<\/li>\n<li><strong>Plastiques :<\/strong> POM de qualit\u00e9 ing\u00e9nierie (Ac\u00e9tal), PEEK, et Nylon.<\/li>\n<\/ul>\n<\/li>\n<\/ul>\n<h2>Pourquoi faire confiance \u00e0 ZSCNC pour vos pi\u00e8ces tourn\u00e9es critiques ?<\/h2>\n<p><img decoding=\"async\" data-src=\"https:\/\/pub-36eea33d6f1540d281c285671ffb8664.r2.dev\/2026\/01\/24\/Precision_CNC_Turning_for_Shafts_Hydraulic_Parts_p.webp\" alt=\"Tournage CNC de pr\u00e9cision pour arbres et pi\u00e8ces hydrauliques\" title=\"\" src=\"data:image\/svg+xml;base64,PHN2ZyB3aWR0aD0iMSIgaGVpZ2h0PSIxIiB4bWxucz0iaHR0cDovL3d3dy53My5vcmcvMjAwMC9zdmciPjwvc3ZnPg==\" class=\"lazyload\"><\/p>\n<p>Lorsque vous vous approvisionnez <strong>Services de tournage CNC pour arbres de pr\u00e9cision, bagues et composants hydrauliques<\/strong>, la fiabilit\u00e9 est non n\u00e9gociable. Chez ZS, nous op\u00e9rons en tant que partenaire direct d'usine, et non en tant que soci\u00e9t\u00e9 commerciale. Cela garantit une communication transparente concernant les exigences GD&amp;T et des prix comp\u00e9titifs sans marges cach\u00e9es.<\/p>\n<p>Nous soutenons notre production avec une infrastructure avanc\u00e9e et des normes rigoureuses :<\/p>\n<ul>\n<li><strong>Pr\u00e9cision Directe d'Usine :<\/strong> En travaillant directement avec notre \u00e9quipe d'ing\u00e9nierie, vous vous assurez que chaque tol\u00e9rance g\u00e9om\u00e9trique est comprise avant que les copeaux ne volent. Cette ligne directe aide \u00e0 <a href=\"https:\/\/zscncparts.com\/fr\/2026-manufacturing-guide-5-key-strategies-for-addressing-uncertainties-in-cost-delivery-time-and-quality\/\">aborder efficacement les incertitudes en mati\u00e8re de co\u00fbt, de d\u00e9lai de livraison et de qualit\u00e9,<\/a> vous donnant un contr\u00f4le total sur votre cha\u00eene d'approvisionnement.<\/li>\n<li><strong>\u00c9quipements Avanc\u00e9s :<\/strong> Nous utilisons <strong>services de d\u00e9colletage suisse<\/strong> pour des arbres longs et minces afin d\u2019\u00e9liminer les probl\u00e8mes de d\u00e9viation courants dans le tournage standard. Nos <strong>centres de tournage \u00e0 outils rotatifs multi-axes<\/strong> centres nous permettent \u00e9galement de fraiser des caract\u00e9ristiques telles que des rainures en cl\u00e9 et des surfaces planes en une seule mise en place, am\u00e9liorant la concentricit\u00e9 et r\u00e9duisant le temps de manutention.<\/li>\n<li><strong>Contr\u00f4le Qualit\u00e9 Strict (ISO 9001:2015) :<\/strong> Nous v\u00e9rifions chaque dimension critique. Notre laboratoire est \u00e9quip\u00e9 de CMM pour les g\u00e9om\u00e9tries complexes et de jauges \u00e0 air pour des tol\u00e9rances d\u2019al\u00e9sage serr\u00e9es. Nous utilisons \u00e9galement des profilom\u00e8tres optiques pour mesurer <a href=\"https:\/\/zscncparts.com\/fr\/surface-finish-impactthe-influence-of-surface-roughness-ra-on-the-performance-of-parts\/\">l'influence de la rugosit\u00e9 de surface Ra sur la performance des pi\u00e8ces<\/a>, garantissant que vos composants hydrauliques assurent une \u00e9tanch\u00e9it\u00e9 parfaite et une performance fiable sous pression.<\/li>\n<\/ul>\n<h2>Industries que nous servons avec le tournage de pr\u00e9cision<\/h2>\n<p><img decoding=\"async\" data-src=\"https:\/\/pub-36eea33d6f1540d281c285671ffb8664.r2.dev\/2026\/01\/24\/Precision_CNC_Turning_for_Hydraulic_and_Automotive_1.webp\" alt=\"Tournage CNC de pr\u00e9cision pour pi\u00e8ces hydrauliques et automobiles\" title=\"\" src=\"data:image\/svg+xml;base64,PHN2ZyB3aWR0aD0iMSIgaGVpZ2h0PSIxIiB4bWxucz0iaHR0cDovL3d3dy53My5vcmcvMjAwMC9zdmciPjwvc3ZnPg==\" class=\"lazyload\"><\/p>\n<p>Nos services de tournage CNC pour arbres de pr\u00e9cision, bagues et composants hydrauliques soutiennent des secteurs o\u00f9 la pr\u00e9cision et la fiabilit\u00e9 sont non n\u00e9gociables. Nous adaptons notre processus de fabrication pour r\u00e9pondre aux normes r\u00e9glementaires et de performance sp\u00e9cifiques \u00e0 chaque industrie.<\/p>\n<h3>Hydrauliques &amp; Pneumatiques<\/h3>\n<p>Nous sommes sp\u00e9cialis\u00e9s dans <strong>la fabrication de composants hydrauliques et fluidiques<\/strong> o\u00f9 la pr\u00e9vention des fuites est critique. Notre installation produit <strong>poulies de soupape hydrauliques personnalis\u00e9es<\/strong>, pistons et raccords haute pression qui maintiennent des tol\u00e9rances strictes pour assurer une \u00e9tanch\u00e9it\u00e9 correcte. Nous utilisons fr\u00e9quemment <a href=\"https:\/\/zscncparts.com\/fr\/product\/highprecision-turning-processing-of-304-stainless-steel-parts\/\">usinage de haute pr\u00e9cision de pi\u00e8ces en acier inoxydable 304<\/a> pour offrir la r\u00e9sistance \u00e0 la corrosion et la durabilit\u00e9 n\u00e9cessaires pour des environnements hydrauliques exigeants.<\/p>\n<ul>\n<li><strong>Principaux composants :<\/strong> Corps de valve, tiges de piston de cylindre, <strong>des raccords tourn\u00e9s avec tol\u00e9rances serr\u00e9es<\/strong>.<\/li>\n<li><strong>Focus :<\/strong> Contr\u00f4le de la finition de surface pour l'int\u00e9grit\u00e9 du joint.<\/li>\n<\/ul>\n<h3>Automobile &amp; Automatisation<\/h3>\n<p>Pour les secteurs automobile et robotique, nous livrons <strong>pi\u00e8ces tourn\u00e9es de haute concentricit\u00e9<\/strong> essentiel pour un contr\u00f4le fluide du mouvement. Nous g\u00e9rons <strong>l'usinage d'arbres \u00e0 spline<\/strong> et la production de tiges de guidage, d'arbres d'entra\u00eenement et de bo\u00eetiers de capteurs. Nos <strong>pi\u00e8ces de machines OEM<\/strong> sont fabriqu\u00e9es pour r\u00e9sister \u00e0 une contrainte et \u00e0 une usure continues dans des lignes automatis\u00e9es.<\/p>\n<ul>\n<li><strong>Principaux composants :<\/strong> Arbres de mouvement lin\u00e9aire, bagues, arbres moteurs.<\/li>\n<li><strong>Focus :<\/strong> Rectitude et stabilit\u00e9 dimensionnelle.<\/li>\n<\/ul>\n<h3>M\u00e9dical &amp; Instrumentation<\/h3>\n<p>Nous fournissons <strong>services de d\u00e9colletage suisse<\/strong> pour l'industrie m\u00e9dicale, produisant de petites pi\u00e8ces complexes avec une pr\u00e9cision extr\u00eame. Des poign\u00e9es d'instruments chirurgicaux aux broches de pr\u00e9cision, nos <a href=\"https:\/\/zscncparts.com\/fr\/precision-turning-of-stainless-steel-for-medical-equipment\/\">tournage de pr\u00e9cision de l'acier inoxydable pour l'\u00e9quipement m\u00e9dical<\/a> garantissent que chaque pi\u00e8ce r\u00e9pond \u00e0 des normes strictes d'hygi\u00e8ne et de s\u00e9curit\u00e9.<\/p>\n<ul>\n<li><strong>Principaux composants :<\/strong> Vis osseuses, implants dentaires, composants d'instruments.<\/li>\n<li><strong>Focus :<\/strong> Capacit\u00e9s de micro-usinage et tra\u00e7abilit\u00e9 des mat\u00e9riaux.<\/li>\n<\/ul>\n<h2>\u00c9tude de cas : Spools de valves hydrauliques sur mesure &amp; tournage de pr\u00e9cision<\/h2>\n<p>Notre \u00e9quipe g\u00e8re fr\u00e9quemment des <strong>la fabrication de composants hydrauliques et fluidiques<\/strong> o\u00f9 la d\u00e9faillance n'est tout simplement pas une option. Un projet r\u00e9cent met en \u00e9vidence notre capacit\u00e9 \u00e0 livrer <strong>poulies de soupape hydrauliques personnalis\u00e9es<\/strong> qui r\u00e9pondent \u00e0 des normes mondiales rigoureuses, d\u00e9montrant l'application concr\u00e8te de notre <strong>Services de tournage CNC pour arbres de pr\u00e9cision, bagues et composants hydrauliques<\/strong>.<\/p>\n<h3>Le d\u00e9fi : fiabilit\u00e9 \u00e0 haute pression<\/h3>\n<p>Le client exigeait des bobines capables de r\u00e9sister <strong>3000 PSI<\/strong> pressions de fonctionnement sans se bloquer ni fuir. Les sp\u00e9cifications \u00e9taient exigeantes :<\/p>\n<ul>\n<li><strong>Mat\u00e9riau :<\/strong> Robuste <strong>Acier inoxydable 316<\/strong> (connu pour <a href=\"https:\/\/zscncparts.com\/fr\/stainless-steel-density-stainless-steel-properties-stainless-steel-applications\/\">de l'acier inoxydable<\/a> comme la r\u00e9sistance \u00e0 la corrosion mais difficile \u00e0 usiner).<\/li>\n<li><strong>Finition de surface :<\/strong> Un miroir comme <strong>Ra 0,5\u03bcm<\/strong> \u00e9tait n\u00e9cessaire pour assurer un mouvement fluide du joint.<\/li>\n<li><strong>Tol\u00e9rance :<\/strong> Les diam\u00e8tres critiques devaient \u00eatre maintenus dans <strong>\u00b10,005mm<\/strong>.<\/li>\n<\/ul>\n<h3>La solution : pr\u00e9cision suisse et polissage<\/h3>\n<p>Au lieu de compter sur des processus de rectification secondaires lents et co\u00fbteux, nous avons utilis\u00e9 notre <strong>services de d\u00e9colletage suisse<\/strong>. La stabilit\u00e9 du syst\u00e8me de douille de guidage de style suisse nous a permis de respecter la tol\u00e9rance stricte sur les pi\u00e8ces \u00e0 grand rapport d'aspect. Nous avons \u00e9galement mis en \u0153uvre des passes de <strong>polissage<\/strong> directement sur le tour. Cette technique comprima les pics de surface pour atteindre la douceur requise en une seule mise en place.<\/p>\n<h3>Le r\u00e9sultat : livraison plus rapide et z\u00e9ro d\u00e9faut<\/h3>\n<p>En optimisant le processus pour \u00e9liminer le rectifiage hors machine, nous avons consid\u00e9rablement <a href=\"https:\/\/zscncparts.com\/fr\/speed-up-cnc-lead-times-5-practical-tips-for-reducing-the-delivery-time-of-cnc-components\/\">a r\u00e9duit le d\u00e9lai de livraison des composants CNC<\/a> by <strong>30%<\/strong>. Le lot final a atteint un <strong>taux de r\u00e9ussite 100%<\/strong> lors des tests de pression, prouvant que les strat\u00e9gies de usinage intelligentes peuvent offrir \u00e0 la fois rapidit\u00e9 et pr\u00e9cision.<\/p>\n<h2>Foire aux questions sur nos services de tournage<\/h2>\n<h3>Pouvez-vous traiter des arbres en acier tremp\u00e9 ?<\/h3>\n<p>Oui, nous fournissons des <strong>les services de tournage dur<\/strong> pour les composants n\u00e9cessitant une haute r\u00e9sistance \u00e0 l'usure. Nous pouvons usiner des pi\u00e8ces apr\u00e8s traitement thermique pour atteindre des dimensions pr\u00e9cises sans avoir besoin de rectification. Que vous ayez besoin d'alliages pr\u00e9-tremp\u00e9s ou que vous souhaitiez que nous g\u00e9rions le processus de traitement thermique pour des mat\u00e9riaux comme <a href=\"https:\/\/zscncparts.com\/fr\/material\/metal\/stainless-steel\/\">acier inoxydable<\/a> et l'acier \u00e0 outils, nous livrons des pi\u00e8ces finies pr\u00eates pour l'assemblage.<\/p>\n<h3>Comment garantissez-vous la concentricit\u00e9 sur de longues arbres ?<\/h3>\n<p>Pour maintenir la rectitude et la concentricit\u00e9 sur des pi\u00e8ces longues et fines, nous utilisons des <strong>services de d\u00e9colletage suisse<\/strong>. En utilisant une douille-guide qui soutient la pi\u00e8ce tr\u00e8s pr\u00e8s de l'outil de coupe, nous \u00e9liminons la d\u00e9flexion et la vibration courantes dans le tournage standard. Cette configuration nous permet de produire de mani\u00e8re coh\u00e9rente des <strong>pi\u00e8ces tourn\u00e9es de haute concentricit\u00e9<\/strong> et des arbres de transmission de pr\u00e9cision qui respectent des tol\u00e9rances g\u00e9om\u00e9triques strictes.<\/p>\n<h3>Fournissez-vous des certifications de mat\u00e9riau ?<\/h3>\n<p>L'assurance qualit\u00e9 est au c\u0153ur de notre activit\u00e9. Nous fournissons une tra\u00e7abilit\u00e9 compl\u00e8te des mat\u00e9riaux pour toutes les commandes, y compris des certificats de mati\u00e8re premi\u00e8re avec num\u00e9ros de lot thermique et un certificat de conformit\u00e9 standard (CoC). Cela garantit que vos <strong>tiges de piston de cylindre hydraulique<\/strong> et les bagues critiques respectent toutes les sp\u00e9cifications r\u00e9glementaires et techniques avant leur exp\u00e9dition de notre usine.<\/p>\n<div id=\"references\" class=\"min-w-0 scroll-mt-8 overflow-hidden\">\n<div class=\"text-[16px]\">\n<h2 id=\"references\" class=\"mb-2 mt-2 scroll-mt-24 font-serif text-[1.714286em] font-semibold border-border-l1 pb-1 border-b overflow-hidden\">Sources associ\u00e9es<\/h2>\n<\/div>\n<div class=\"flex flex-col gap-2 text-sm leading-relaxed\">\n<div class=\"break-words text-[1em] leading-7\"><a class=\"break-words text-[1em] text-blue-500 hover:underline dark:text-blue-200\" href=\"https:\/\/www.mmsonline.com\/articles\/when-to-use-a-swiss-type-lathe\" target=\"_blank\" rel=\"noopener noreferrer\">https:\/\/www.mmsonline.com\/articles\/when-to-use-a-swiss-type-lathe<\/a><\/div>\n<div class=\"break-words text-[1em] leading-7\"><a class=\"break-words text-[1em] text-blue-500 hover:underline dark:text-blue-200\" href=\"https:\/\/www.pm-mag.com\/articles\/97517-machining-tight-tolerance-hydraulic-components\" target=\"_blank\" rel=\"noopener noreferrer\">https:\/\/www.pm-mag.com\/articles\/97517-machining-tight-tolerance-hydraulic-components<\/a><\/div>\n<\/div>\n<\/div>","protected":false},"excerpt":{"rendered":"<p>Services de tournage CNC certifi\u00e9s ISO pour arbres, bagues et composants hydrauliques de pr\u00e9cision avec des tol\u00e9rances serr\u00e9es, une finition de surface sup\u00e9rieure et un d\u00e9lai de production rapide<\/p>","protected":false},"featured_media":3563,"comment_status":"open","ping_status":"closed","template":"","meta":{"_monsterinsights_skip_tracking":false,"_monsterinsights_sitenote_active":false,"_monsterinsights_sitenote_note":"","_monsterinsights_sitenote_category":0,"site-sidebar-layout":"default","site-content-layout":"","ast-site-content-layout":"default","site-content-style":"default","site-sidebar-style":"default","ast-global-header-display":"","ast-banner-title-visibility":"","ast-main-header-display":"","ast-hfb-above-header-display":"","ast-hfb-below-header-display":"","ast-hfb-mobile-header-display":"","site-post-title":"","ast-breadcrumbs-content":"","ast-featured-img":"","footer-sml-layout":"","theme-transparent-header-meta":"default","adv-header-id-meta":"","stick-header-meta":"","header-above-stick-meta":"","header-main-stick-meta":"","header-below-stick-meta":"","astra-migrate-meta-layouts":"set","ast-page-background-enabled":"default","ast-page-background-meta":{"desktop":{"background-color":"var(--ast-global-color-5)","background-image":"","background-repeat":"repeat","background-position":"center center","background-size":"auto","background-attachment":"scroll","background-type":"","background-media":"","overlay-type":"","overlay-color":"","overlay-opacity":"","overlay-gradient":""},"tablet":{"background-color":"","background-image":"","background-repeat":"repeat","background-position":"center center","background-size":"auto","background-attachment":"scroll","background-type":"","background-media":"","overlay-type":"","overlay-color":"","overlay-opacity":"","overlay-gradient":""},"mobile":{"background-color":"","background-image":"","background-repeat":"repeat","background-position":"center center","background-size":"auto","background-attachment":"scroll","background-type":"","background-media":"","overlay-type":"","overlay-color":"","overlay-opacity":"","overlay-gradient":""}},"ast-content-background-meta":{"desktop":{"background-color":"var(--ast-global-color-4)","background-image":"","background-repeat":"repeat","background-position":"center center","background-size":"auto","background-attachment":"scroll","background-type":"","background-media":"","overlay-type":"","overlay-color":"","overlay-opacity":"","overlay-gradient":""},"tablet":{"background-color":"var(--ast-global-color-4)","background-image":"","background-repeat":"repeat","background-position":"center center","background-size":"auto","background-attachment":"scroll","background-type":"","background-media":"","overlay-type":"","overlay-color":"","overlay-opacity":"","overlay-gradient":""},"mobile":{"background-color":"var(--ast-global-color-4)","background-image":"","background-repeat":"repeat","background-position":"center center","background-size":"auto","background-attachment":"scroll","background-type":"","background-media":"","overlay-type":"","overlay-color":"","overlay-opacity":"","overlay-gradient":""}}},"product_brand":[],"product_cat":[15],"product_tag":[],"class_list":{"0":"post-3564","1":"product","2":"type-product","3":"status-publish","4":"has-post-thumbnail","6":"product_cat-cnc-machining","7":"desktop-align-left","8":"tablet-align-left","9":"mobile-align-left","11":"first","12":"instock","13":"shipping-taxable","14":"purchasable","15":"product-type-simple"},"_links":{"self":[{"href":"https:\/\/zscncparts.com\/fr\/wp-json\/wp\/v2\/product\/3564","targetHints":{"allow":["GET"]}}],"collection":[{"href":"https:\/\/zscncparts.com\/fr\/wp-json\/wp\/v2\/product"}],"about":[{"href":"https:\/\/zscncparts.com\/fr\/wp-json\/wp\/v2\/types\/product"}],"replies":[{"embeddable":true,"href":"https:\/\/zscncparts.com\/fr\/wp-json\/wp\/v2\/comments?post=3564"}],"wp:featuredmedia":[{"embeddable":true,"href":"https:\/\/zscncparts.com\/fr\/wp-json\/wp\/v2\/media\/3563"}],"wp:attachment":[{"href":"https:\/\/zscncparts.com\/fr\/wp-json\/wp\/v2\/media?parent=3564"}],"wp:term":[{"taxonomy":"product_brand","embeddable":true,"href":"https:\/\/zscncparts.com\/fr\/wp-json\/wp\/v2\/product_brand?post=3564"},{"taxonomy":"product_cat","embeddable":true,"href":"https:\/\/zscncparts.com\/fr\/wp-json\/wp\/v2\/product_cat?post=3564"},{"taxonomy":"product_tag","embeddable":true,"href":"https:\/\/zscncparts.com\/fr\/wp-json\/wp\/v2\/product_tag?post=3564"}],"curies":[{"name":"wp","href":"https:\/\/api.w.org\/{rel}","templated":true}]}}