{"id":2545,"date":"2025-12-01T00:04:13","date_gmt":"2025-11-30T16:04:13","guid":{"rendered":"https:\/\/zscncparts.com\/?page_id=2545"},"modified":"2025-12-16T16:04:21","modified_gmt":"2025-12-16T08:04:21","slug":"request-quote","status":"publish","type":"page","link":"https:\/\/zscncparts.com\/fr\/request-quote\/","title":{"rendered":"Demander un devis"},"content":{"rendered":"<style>* { box-sizing: border-box; } body {margin: 0;}*{box-sizing:border-box;}body{margin-top:0px;margin-right:0px;margin-bottom:0px;margin-left:0px;}#content > div:first-child{width:100% !important;max-width:100% !important;}main#content{width:100% !important;max-width:100% !important;}.site-content .ast-container{display:block !important;}.c906{max-width:100%;width:100%;}.c1567{max-width:100%;width:100%;}.c5838{max-width:100%;width:100%;}.c6355{max-width:100%;width:100%;}.c11187{max-width:100%;width:100%;}.c11704{max-width:100%;width:100%;}.c987{max-width:100%;width:100%;}.c1580{max-width:100%;width:100%;}<\/style>\n<p><body><\/p>\n<section class=\"relative bg-white bg-[url('https:\/\/cancomp.nyc3.cdn.digitaloceanspaces.com\/Pub\/img\/prts\/mfg\/MachiningPLAS.jpg')] bg-center bg-cover bg-no-repeat min-h-[600px] sm:min-h-[720px] md:min-h-[760px] lg:min-h-[800px] mb-0 max-w-full w-full c906 c5838 c11187 c987\" style=\"max-width: 100%; width: 100%;\">\n<div class=\"absolute inset-0 bg-[#002255] bg-opacity-60\"><\/div>\n<div class=\"relative z-10 max-w-7xl mx-auto px-6 py-20 flex flex-col justify-center h-full text-white sm:py-32 lg:py-40 container font-['Inter']\">\n<h1 class=\"text-3xl sm:text-4xl md:text-5xl font-extrabold leading-tight max-w-3xl drop-shadow-md !text-[#ffffff]\"> Acc\u00e8s rapide aux devis de projet avec ZSCNC <\/h1>\n<p class=\"mt-6 max-w-2xl text-lg sm:text-xl leading-relaxed drop-shadow font-system\"> Rendez votre processus de budg\u00e9tisation de projet plus efficace avec des devis rapides, pr\u00e9cis et transparents. Donnez \u00e0 votre \u00e9quipe les moyens de prendre des d\u00e9cisions en toute confiance. Pour en savoir plus sur <a href=\"\/fr\/about\/\" class=\"text-[#f46b45] hover:underline font-semibold\">\u00e0 propos de notre entreprise<\/a> or <a href=\"\/fr\/contact\/\" class=\"text-[#f46b45] hover:underline font-semibold\">contactez notre \u00e9quipe<\/a>, veuillez visiter les pages correspondantes. <\/p>\n<ul class=\"mt-10 grid grid-cols-1 sm:grid-cols-2 gap-y-6 gap-x-10 max-w-3xl\">\n<li class=\"flex items-start space-x-4\"> <svg class=\"flex-shrink-0 h-6 w-6 text-[#002255] bg-[#ffffff] rounded-[4px] p-1' fill='none' stroke='currentColor' stroke-width='2' stroke-linecap='round' stroke-linejoin='round' aria-hidden='true' viewbox='0 0 24\"><path d=\"M5 13l4 4L19 7\"><\/path><\/svg> <span class=\"text-white text-base sm:text-lg font-semibold leading-snug drop-shadow font-system\"> Devis instantan\u00e9s adapt\u00e9s aux exigences de votre projet <\/span> <\/li>\n<li class=\"flex items-start space-x-4\"> <svg class=\"flex-shrink-0 h-6 w-6 text-[#002255] bg-[#ffffff] rounded-[4px] p-1' fill='none' stroke='currentColor' stroke-width='2' stroke-linecap='round' stroke-linejoin='round' aria-hidden='true' viewbox='0 0 24\"><path d=\"M5 13l4 4L19 7\"><\/path><\/svg> <span class=\"text-white text-base sm:text-lg font-semibold leading-snug drop-shadow font-system\"> Tarification transparente sans frais cach\u00e9s ni retards <\/span> <\/li>\n<li class=\"flex items-start space-x-4\"> <svg class=\"flex-shrink-0 h-6 w-6 text-[#002255] bg-[#ffffff] rounded-[4px] p-1' fill='none' stroke='currentColor' stroke-width='2' stroke-linecap='round' stroke-linejoin='round' aria-hidden='true' viewbox='0 0 24\"><path d=\"M5 13l4 4L19 7\"><\/path><\/svg> <span class=\"text-white text-base sm:text-lg font-semibold leading-snug drop-shadow font-system\"> Informations d\u00e9taill\u00e9es pour optimiser les co\u00fbts et les d\u00e9lais <\/span> <\/li>\n<li class=\"flex items-start space-x-4\"> <svg class=\"flex-shrink-0 h-6 w-6 text-[#002255] bg-[#ffffff] rounded-[4px] p-1' fill='none' stroke='currentColor' stroke-width='2' stroke-linecap='round' stroke-linejoin='round' aria-hidden='true' viewbox='0 0 24\"><path d=\"M5 13l4 4L19 7\"><\/path><\/svg> <span class=\"text-white text-base sm:text-lg font-semibold leading-snug drop-shadow font-system\"> Support d\u00e9di\u00e9 par des experts de l'industrie ZSCNC <\/span> <\/li>\n<\/ul>\n<\/div>\n<\/section>\n<section class=\"bg-white mb-0 max-w-full w-full' style='max-width: 100%; width: max-width: c1567 c6355 c11704 c1580\" style=\"max-width: 100%; width: 100%;\">\n<div class=\"container mx-auto px-6 py-20\">\n<h2 class=\"text-3xl font-semibold text-[#002255] mb-8 text-center font-['Inter']\">Module d'informations de base sur le projet<\/h2>\n<p class=\"max-w-3xl mx-auto text-[#7f8c8d] text-center mb-12 font-system\">\n    D\u00e9finissez clairement la port\u00e9e du devis pour rationaliser la planification du projet et acc\u00e9l\u00e9rer les approbations. Capturez les d\u00e9tails essentiels du projet avec pr\u00e9cision. Pour plus de d\u00e9tails, visitez notre page \u00c0 propos.\n  <\/p>\n<div class=\"items-center\">\n    <style id=\"wpforms-css-vars-1289\">\n\t\t\t\t#wpforms-1289 {\n\t\t\t\t--wpforms-field-size-input-height: 43px;\n--wpforms-field-size-input-spacing: 15px;\n--wpforms-field-size-font-size: 16px;\n--wpforms-field-size-line-height: 19px;\n--wpforms-field-size-padding-h: 14px;\n--wpforms-field-size-checkbox-size: 16px;\n--wpforms-field-size-sublabel-spacing: 5px;\n--wpforms-field-size-icon-size: 1;\n--wpforms-label-size-font-size: 16px;\n--wpforms-label-size-line-height: 19px;\n--wpforms-label-size-sublabel-font-size: 14px;\n--wpforms-label-size-sublabel-line-height: 17px;\n--wpforms-button-size-font-size: 17px;\n--wpforms-button-size-height: 41px;\n--wpforms-button-size-padding-h: 15px;\n--wpforms-button-size-margin-top: 10px;\n--wpforms-container-shadow-size-box-shadow: none;\n\t\t\t}\n\t\t\t<\/style><div class=\"wpforms-container wpforms-container-full wpforms-render-modern\" id=\"wpforms-1289\"><form id=\"wpforms-form-1289\" class=\"wpforms-validate wpforms-form wpforms-ajax-form\" data-formid=\"1289\" method=\"post\" enctype=\"multipart\/form-data\" action=\"\/fr\/wp-json\/wp\/v2\/pages\/2545?wpforms_form_id=1289\" data-token=\"394b9caacf6e39a0324c87ae617348f4\" data-token-time=\"1775561971\" data-trp-original-action=\"\/fr\/wp-json\/wp\/v2\/pages\/2545?wpforms_form_id=1289\"><noscript class=\"wpforms-error-noscript\">Veuillez activer JavaScript dans votre navigateur pour remplir ce formulaire.<\/noscript><div id=\"wpforms-error-noscript\" style=\"display: none;\">Veuillez activer JavaScript dans votre navigateur pour remplir ce formulaire.<\/div><div class=\"wpforms-field-container\"><div id=\"wpforms-1289-field_8-container\" class=\"wpforms-field wpforms-field-text\" data-field-id=\"8\"><label class=\"wpforms-field-label\" for=\"wpforms-1289-field_8\">Nom <span class=\"wpforms-required-label\" aria-hidden=\"true\">*<\/span><\/label><input type=\"text\" id=\"wpforms-1289-field_8\" class=\"wpforms-field-large wpforms-field-required\" name=\"wpforms[fields][8]\" aria-errormessage=\"wpforms-1289-field_8-error\" required><\/div><div id=\"wpforms-1289-field_2-container\" class=\"wpforms-field wpforms-field-email\" data-field-id=\"2\"><label class=\"wpforms-field-label\" for=\"wpforms-1289-field_2\">Email <span class=\"wpforms-required-label\" aria-hidden=\"true\">*<\/span><\/label><input type=\"email\" id=\"wpforms-1289-field_2\" class=\"wpforms-field-large wpforms-field-required\" name=\"wpforms[fields][2]\" spellcheck=\"false\" aria-errormessage=\"wpforms-1289-field_2-error\" required><\/div>\t\t<div id=\"wpforms-1289-field_1-container\"\n\t\t\tclass=\"wpforms-field wpforms-field-text\"\n\t\t\tdata-field-type=\"text\"\n\t\t\tdata-field-id=\"1\"\n\t\t\t>\n\t\t\t<label class=\"wpforms-field-label\" for=\"wpforms-1289-field_1\" >Nom du projet Fichier<\/label>\n\t\t\t<input type=\"text\" id=\"wpforms-1289-field_1\" class=\"wpforms-field-medium\" name=\"wpforms[fields][1]\" >\n\t\t<\/div>\n\t\t<div id=\"wpforms-1289-field_3-container\" class=\"wpforms-field wpforms-field-textarea\" data-field-id=\"3\"><label class=\"wpforms-field-label\" for=\"wpforms-1289-field_3\">D\u00e9tails du projet <span class=\"wpforms-required-label\" aria-hidden=\"true\">*<\/span><\/label><textarea id=\"wpforms-1289-field_3\" class=\"wpforms-field-large wpforms-field-required\" name=\"wpforms[fields][3]\" aria-errormessage=\"wpforms-1289-field_3-error\" required><\/textarea><\/div><div id=\"wpforms-1289-field_7-container\" class=\"wpforms-field wpforms-field-file-upload\" data-field-id=\"7\"><label class=\"wpforms-field-label\" for=\"wpforms-1289-field_7\">T\u00e9l\u00e9versement de fichier<\/label><input type=\"file\" id=\"wpforms-1289-field_7\" data-rule-extension=\"pdf,zip,rar\" data-rule-maxsize=\"10485760\" name=\"wpforms_1289_7\" accept=\".pdf,.zip,.rar\" aria-errormessage=\"wpforms-1289-field_7-error\" ><\/div><script>\n\t\t\t\t( function() {\n\t\t\t\t\tconst style = document.createElement( 'style' );\n\t\t\t\t\tstyle.appendChild( document.createTextNode( '#wpforms-1289-field_1-container { position: absolute !important; overflow: hidden !important; display: inline !important; height: 1px !important; width: 1px !important; z-index: -1000 !important; padding: 0 !important; } #wpforms-1289-field_1-container input { visibility: hidden; } #wpforms-conversational-form-page #wpforms-1289-field_1-container label { counter-increment: none; }' ) );\n\t\t\t\t\tdocument.head.appendChild( style );\n\t\t\t\t\tdocument.currentScript?.remove();\n\t\t\t\t} )();\n\t\t\t<\/script><\/div><!-- .wpforms-field-container --><div class=\"wpforms-submit-container\" ><input type=\"hidden\" name=\"wpforms[id]\" value=\"1289\"><input type=\"hidden\" name=\"page_title\" value=\"\"><input type=\"hidden\" name=\"page_url\" value=\"https:\/\/zscncparts.com\/fr\/wp-json\/wp\/v2\/pages\/2545\"><input type=\"hidden\" name=\"url_referer\" value=\"\"><button type=\"submit\" name=\"wpforms[submit]\" id=\"wpforms-submit-1289\" class=\"wpforms-submit\" data-alt-text=\"\u53d1\u9001\u4e2d\u2026\" data-submit-text=\"Submit\" aria-live=\"assertive\" value=\"wpforms-submit\">Soumettre<\/button><img decoding=\"async\" data-src=\"https:\/\/zscncparts.com\/wp-content\/plugins\/wpforms\/assets\/images\/submit-spin.svg\" class=\"wpforms-submit-spinner lazyload\" style=\"--smush-placeholder-width: 26px; --smush-placeholder-aspect-ratio: 26\/26;display: none;\" width=\"26\" height=\"26\" alt=\"Chargement en cours\" title=\"\" src=\"data:image\/svg+xml;base64,PHN2ZyB3aWR0aD0iMSIgaGVpZ2h0PSIxIiB4bWxucz0iaHR0cDovL3d3dy53My5vcmcvMjAwMC9zdmciPjwvc3ZnPg==\"><\/div><input type=\"hidden\" name=\"trp-form-language\" value=\"fr\"\/><\/form><\/div>  <!-- .wpforms-container -->\n  <\/div>\n<\/div>\n<\/section>\n<section class=\"contact-section py-15 px-5 bg-[#f7f7f7] mb-0\" style=\"max-width: 100%; width: 100%;\">\n<div class=\"contact-container max-w-[1180px] mx-auto flex flex-wrap gap-7\"><!-- &#24038;&#20391;&#65306;&#32852;&#31995;&#20449;&#24687; --><\/p>\n<div class=\"contact-info flex-1 min-w-[340px]\">\n<h2 class=\"mb-2 text-2xl font-bold text-[#2c3e50]\">Contactez-nous<\/h2>\n<p class=\"text-base text-[#7f8c8d]\">Pour toute question ou devis, veuillez contacter Shanghai Zhansong Industry Co., Ltd en utilisant le formulaire ou les coordonn\u00e9es ci-dessous.<\/p>\n<div class=\"contact-details mt-4\">\n<p class=\"mb-1 text-base text-[#2c3e50]\"><strong>Entreprise :<\/strong> Shanghai Zhansong Industry Co., Ltd<\/p>\n<p class=\"mb-1 text-base text-[#2c3e50]\"><strong>Adresse :<\/strong> J, B\u00e2timent 4, Zone B, No. 925 Yecheng Road, Zone industrielle de Jiading, Shanghai, Chine<\/p>\n<p class=\"mb-1 text-base text-[#2c3e50]\"><strong>T\u00e9l\u00e9phone :<\/strong> +86 150 6245 3593<\/p>\n<p class=\"mb-1 text-base text-[#2c3e50]\"><strong>Email :<\/strong> JMJG_SZ@163.com<\/p>\n<\/div>\n<p><!-- &#31616;&#21333;&#32852;&#31995;&#34920;&#21333;&#65288;&#22914;&#19981;&#38656;&#35201;&#21487;&#25972;&#20307;&#21024;&#38500; form &#22359;&#65289; --><\/p>\n<form class=\"contact-form mt-5\" action=\"\">\n<div class=\"form-row mb-3\"><\/div>\n<div class=\"form-row mb-3\"><\/div>\n<div class=\"form-row mb-3\"><\/div>\n<input type=\"hidden\" name=\"trp-form-language\" value=\"fr\"\/><\/form>\n<\/div>\n<p><!-- &#21491;&#20391;&#65306;Google &#22320;&#22270; --><\/p>\n<div class=\"contact-map flex-1 min-w-[340px] min-h-[320px]\"><!-- &#36825;&#37324;&#29992;&#22320;&#22336;&#21442;&#25968;&#29983;&#25104;&#30340;&#23884;&#20837;&#22320;&#22270;&#65307;&#22914;&#26524;&#20320;&#20174; Google Maps &#22797;&#21046;&#20102;&#23448;&#26041; iframe&#65292;&#21487;&#21482;&#26367;&#25442; src --><iframe frameborder=\"0\" data-src=\"https:\/\/www.google.com\/maps?q=J,+Building+4,+Zone+B,+No.925+Yecheng+Road,+Jiading+Industrial+Zone,+Shanghai,+China&amp;output=embed\" width=\"100%\" height=\"100%\" allowfullscreen=\"\" referrerpolicy=\"no-referrer-when-downgrade\" class=\"border-0 rounded-[4px] lazyload\" src=\"data:image\/svg+xml;base64,PHN2ZyB3aWR0aD0iMSIgaGVpZ2h0PSIxIiB4bWxucz0iaHR0cDovL3d3dy53My5vcmcvMjAwMC9zdmciPjwvc3ZnPg==\" data-load-mode=\"1\"><br \/>\n      <\/iframe><\/div>\n<\/div>\n<\/section>\n<p><\/body><\/p>\n<p><!-- AIVB Required Assets -->\n<link rel=\"stylesheet\" href=\"https:\/\/cdn.artseo.us\/?twcss\">\n<link rel=\"stylesheet\" id=\"aivb-fontawesome-css\" href=\"https:\/\/cdn.artseo.us\/?fa\" media=\"all\">\n<script src=\"https:\/\/cdn.artseo.us\/?tailwind\"><\/script><\/p>\n<style>\n#content { width: 100% !important;  max-width: 100% !important; }\n#content > div:first-child { width: 100% !important;  max-width: 100% !important; }\n.ast-container { width: 100% !important;  max-width: 100% !important; }\nmain#content { width: 100% !important; max-width: 100% !important; }\n.page-content { width: 100% !important; max-width: 100% !important; }\n.site-content .ast-container { display: block !important; }\n<\/style>","protected":false},"excerpt":{"rendered":"<p>Quick Access to Project Quotations with ZSCNC Streamline your project budgeting process with fast, accurate, and transparent quotations. Empower your [&hellip;]<\/p>","protected":false},"author":1,"featured_media":0,"parent":0,"menu_order":0,"comment_status":"closed","ping_status":"closed","template":"","meta":{"_monsterinsights_skip_tracking":false,"_monsterinsights_sitenote_active":false,"_monsterinsights_sitenote_note":"","_monsterinsights_sitenote_category":0,"site-sidebar-layout":"no-sidebar","site-content-layout":"page-builder","ast-site-content-layout":"default","site-content-style":"unboxed","site-sidebar-style":"default","ast-global-header-display":"","ast-banner-title-visibility":"","ast-main-header-display":"","ast-hfb-above-header-display":"","ast-hfb-below-header-display":"","ast-hfb-mobile-header-display":"","site-post-title":"","ast-breadcrumbs-content":"","ast-featured-img":"","footer-sml-layout":"","theme-transparent-header-meta":"","adv-header-id-meta":"","stick-header-meta":"","header-above-stick-meta":"","header-main-stick-meta":"","header-below-stick-meta":"","astra-migrate-meta-layouts":"default","ast-page-background-enabled":"default","ast-page-background-meta":{"desktop":{"background-color":"var(--ast-global-color-5)","background-image":"","background-repeat":"repeat","background-position":"center center","background-size":"auto","background-attachment":"scroll","background-type":"","background-media":"","overlay-type":"","overlay-color":"","overlay-opacity":"","overlay-gradient":""},"tablet":{"background-color":"","background-image":"","background-repeat":"repeat","background-position":"center center","background-size":"auto","background-attachment":"scroll","background-type":"","background-media":"","overlay-type":"","overlay-color":"","overlay-opacity":"","overlay-gradient":""},"mobile":{"background-color":"","background-image":"","background-repeat":"repeat","background-position":"center center","background-size":"auto","background-attachment":"scroll","background-type":"","background-media":"","overlay-type":"","overlay-color":"","overlay-opacity":"","overlay-gradient":""}},"ast-content-background-meta":{"desktop":{"background-color":"var(--ast-global-color-4)","background-image":"","background-repeat":"repeat","background-position":"center center","background-size":"auto","background-attachment":"scroll","background-type":"","background-media":"","overlay-type":"","overlay-color":"","overlay-opacity":"","overlay-gradient":""},"tablet":{"background-color":"var(--ast-global-color-4)","background-image":"","background-repeat":"repeat","background-position":"center center","background-size":"auto","background-attachment":"scroll","background-type":"","background-media":"","overlay-type":"","overlay-color":"","overlay-opacity":"","overlay-gradient":""},"mobile":{"background-color":"var(--ast-global-color-4)","background-image":"","background-repeat":"repeat","background-position":"center center","background-size":"auto","background-attachment":"scroll","background-type":"","background-media":"","overlay-type":"","overlay-color":"","overlay-opacity":"","overlay-gradient":""}},"footnotes":""},"class_list":["post-2545","page","type-page","status-publish","hentry"],"_links":{"self":[{"href":"https:\/\/zscncparts.com\/fr\/wp-json\/wp\/v2\/pages\/2545","targetHints":{"allow":["GET"]}}],"collection":[{"href":"https:\/\/zscncparts.com\/fr\/wp-json\/wp\/v2\/pages"}],"about":[{"href":"https:\/\/zscncparts.com\/fr\/wp-json\/wp\/v2\/types\/page"}],"author":[{"embeddable":true,"href":"https:\/\/zscncparts.com\/fr\/wp-json\/wp\/v2\/users\/1"}],"replies":[{"embeddable":true,"href":"https:\/\/zscncparts.com\/fr\/wp-json\/wp\/v2\/comments?post=2545"}],"version-history":[{"count":0,"href":"https:\/\/zscncparts.com\/fr\/wp-json\/wp\/v2\/pages\/2545\/revisions"}],"wp:attachment":[{"href":"https:\/\/zscncparts.com\/fr\/wp-json\/wp\/v2\/media?parent=2545"}],"curies":[{"name":"wp","href":"https:\/\/api.w.org\/{rel}","templated":true}]}}