{"id":2534,"date":"2025-11-30T23:44:59","date_gmt":"2025-11-30T15:44:59","guid":{"rendered":"https:\/\/zscncparts.com\/?page_id=2534"},"modified":"2025-12-07T16:25:16","modified_gmt":"2025-12-07T08:25:16","slug":"resources","status":"publish","type":"page","link":"https:\/\/zscncparts.com\/fr\/resources\/","title":{"rendered":"Ressources"},"content":{"rendered":"<style>* { box-sizing: border-box; } body {margin: 0;}*{box-sizing:border-box;}body{margin-top:0px;margin-right:0px;margin-bottom:0px;margin-left:0px;}#content > div:first-child{width:100% !important;max-width:100% !important;}main#content{width:100% !important;max-width:100% !important;}.site-content .ast-container{display:block !important;}.c2665{max-width:100%;width:100%;}.c906{max-width:100%;width:100%;}.c1098{max-width:100%;width:100%;}.c1509{max-width:100%;width:100%;}.c2004{max-width:100%;width:100%;}.c3175{max-width:100%;width:100%;}.c4134{max-width:100%;width:100%;}<\/style>\n<p><body><\/p>\n<section class=\"relative bg-[#ffffff] bg-[url('https:\/\/zscncparts.com\/wp-content\/uploads\/2025\/12\/industrial-robotic-arm-automating-manufacturing-process-sow.webp')] bg-center bg-no-repeat bg-cover md:bg-contain lg:bg-cover min-h-[336px] sm:min-h-[420px] lg:min-h-[504px] mb-0 w-full max-w-full c906\" style=\"max-width: 100%; width: 100%;\">\n<div class=\"absolute inset-0 bg-[#002255] bg-opacity-60\"><\/div>\n<div class=\"relative z-10 max-w-7xl mx-auto px-6 py-20 flex flex-col justify-center h-full text-white sm:py-28 lg:py-32 container\">\n<h1 class=\"text-3xl sm:text-4xl lg:text-5xl font-extrabold leading-tight max-w-3xl drop-shadow-md font-['Inter'] !text-[#ffffff]\">\n      Centre de connaissances en usinage CNC<br \/>\n    <\/h1>\n<p class=\"mt-4 text-lg sm:text-xl max-w-2xl leading-relaxed drop-shadow-md font-sans\">\n      Stimulez l'innovation manufacturi\u00e8re avec nos insights approfondis et notre savoir s\u00e9lectionn\u00e9. Favorisez les d\u00e9cisions, am\u00e9liorez la planification des processus et acc\u00e9lerez l'automatisation industrielle.\n    <\/p>\n<\/div>\n<\/section>\n<section class=\"bg-white text-[#2c3e50] mb-0 w-full max-w-full' style='max-width: 100%; width: max-width: c1098\" style=\"max-width: 100%; width: 100%;\">\n<div class=\"container mx-auto px-6 py-20\">\n<h2 class=\"text-3xl font-semibold text-[#002255] mb-12 text-center md:text-left font-['Inter']\">Aper\u00e7u des ressources ZSCNC &amp; Insights sectoriels<\/h2>\n<div class=\"grid grid-cols-1 lg:grid-cols-2 gap-16 items-center\">\n<div>\n<h3 class=\"text-xl font-semibold text-[#002255] mb-4 font-['Inter']\">Cat\u00e9gorisation compl\u00e8te des ressources<\/h3>\n<p class=\"mb-6 leading-relaxed font-system\"> Acc\u00e9dez \u00e0 une biblioth\u00e8que structur\u00e9e de ressources sp\u00e9cifiques \u00e0 l'industrie et techniques qui simplifient la prise de d\u00e9cision et am\u00e9liorent l'efficacit\u00e9 op\u00e9rationnelle. <\/p>\n<h3 class=\"text-xl font-semibold text-[#002255] mb-4 font-['Inter']\">Perspectives d'experts dans l'industrie et la technique<\/h3>\n<p class=\"mb-6 leading-relaxed font-system\"> Acqu\u00e9rez des connaissances exploitables gr\u00e2ce \u00e0 des analyses techniques approfondies et des tendances du march\u00e9 adapt\u00e9es aux secteurs de la fabrication avanc\u00e9e. <\/p>\n<h3 class=\"text-xl font-semibold text-[#002255] mb-4 font-['Inter']\">Cadre guid\u00e9 de processus et de questions<\/h3>\n<p class=\"mb-6 leading-relaxed font-system\"> Naviguez dans des flux de travail complexes de fabrication avec des instructions \u00e9tape par \u00e9tape, en optimisant les r\u00e9sultats op\u00e9rationnels et en att\u00e9nuant les risques. <\/p>\n<h3 class=\"text-xl font-semibold text-[#002255] mb-4 font-['Inter']\">D\u00e9monstrations visuelles &amp; Pr\u00e9sentations des capacit\u00e9s d'usine<\/h3>\n<p class=\"leading-relaxed font-system\"> Explorez des images haute r\u00e9solution et des d\u00e9monstrations illustrant les capacit\u00e9s de pointe des usines et les processus automatis\u00e9s. <\/p>\n<\/p><\/div>\n<div> <img decoding=\"async\" data-src=\"https:\/\/zscncparts.com\/wp-content\/uploads\/2025\/12\/industrial-robotic-arm-automating-manufacturing-process-sow.webp\" alt=\"Bras robotique industriel automatisant le processus de fabrication\" class=\"w-full rounded-[4px] shadow-[0_4px_6px_rgba(0,0,0,0.1)] object-cover max-h-[480px]&#039; loading=&#039;lazy&#039; width=&#039;1742&#039; height=&#039;980 lazyload\" title=\"\" src=\"data:image\/svg+xml;base64,PHN2ZyB3aWR0aD0iMSIgaGVpZ2h0PSIxIiB4bWxucz0iaHR0cDovL3d3dy53My5vcmcvMjAwMC9zdmciPjwvc3ZnPg==\" style=\"--smush-placeholder-width: 1000px; --smush-placeholder-aspect-ratio: 1000\/563;\"> <\/div>\n<\/p><\/div>\n<\/p><\/div>\n<\/section>\n<section class=\"bg-gray-50 mb-0 w-full' style='max-width: 100%; width: max-width: c1509\" style=\"max-width: 100%; width: 100%;\">\n<div class=\"container mx-auto px-6 py-20\">\n<h2 class=\"text-4xl font-semibold text-[#002255] mb-12 text-center font-['Inter']\">Perspectives approfondies de l'industrie &amp; Expertise<\/h2>\n<div class=\"space-y-8 lg:space-y-0 lg:grid lg:grid-cols-2 lg:gap-8\">\n<article class=\"flex flex-col lg:flex-row bg-white rounded-[0px] shadow-md overflow-hidden\">\n<div class=\"p-4 flex flex-col justify-center\">\n<h3 class=\"text-xl font-bold text-[#002255] mb-2 font-['Inter']\">S\u00e9lection du processus d'usinage &amp; Contr\u00f4le de pr\u00e9cision<\/h3>\n<p class=\"text-[#7f8c8d] leading-relaxed font-system-ui text-sm\">\n                Optimisez les r\u00e9sultats de fabrication avec des strat\u00e9gies avanc\u00e9es d' <a href=\"\/fr\/services\/cnc-machining\/\" class=\"text-[#f46b45] hover:underline font-semibold\">usinage<\/a> Notre expertise garantit une s\u00e9lection pr\u00e9cise des processus pour une qualit\u00e9 optimale.\n            <\/p>\n<\/div>\n<\/article>\n<article class=\"flex flex-col lg:flex-row-reverse bg-gray-50 rounded-[0px] shadow-md overflow-hidden\">\n<div class=\"p-4 flex flex-col justify-center\">\n<h3 class=\"text-xl font-bold text-[#002255] mb-2 font-['Inter']\">Normes de qualit\u00e9 et de livraison pour projets internationaux<\/h3>\n<p class=\"text-[#7f8c8d] leading-relaxed font-system-ui text-sm\">\n                Nous maintenons des contr\u00f4les de qualit\u00e9 rigoureux et des d\u00e9lais de livraison fiables, assurant la conformit\u00e9 aux normes mondiales pour vos besoins de fabrication internationaux.\n            <\/p>\n<\/div>\n<\/article>\n<article class=\"flex flex-col lg:flex-row bg-white rounded-[0px] shadow-md overflow-hidden\">\n<div class=\"p-4 flex flex-col justify-center\">\n<h3 class=\"text-xl font-bold text-[#002255] mb-2 font-['Inter']\">Collaboration en conception structurelle pour la fabricabilit\u00e9<\/h3>\n<p class=\"text-[#7f8c8d] leading-relaxed font-system-ui text-sm\">\n                Nos \u00e9quipes d'ing\u00e9nierie travaillent en \u00e9troite collaboration avec les clients pour aligner les conceptions structurelles avec une fabricabilit\u00e9 optimale, r\u00e9duisant les co\u00fbts et am\u00e9liorant la performance des produits.\n            <\/p>\n<\/div>\n<\/article>\n<article class=\"flex flex-col lg:flex-row-reverse bg-gray-50 rounded-[0px] shadow-md overflow-hidden\">\n<div class=\"p-4 flex flex-col justify-center\">\n<h3 class=\"text-xl font-bold text-[#002255] mb-2 font-['Inter']\">Exp\u00e9rience avec les prototypes et la mont\u00e9e en production<\/h3>\n<p class=\"text-[#7f8c8d] leading-relaxed font-system-ui text-sm\">\n                Depuis les premi\u00e8res phases de prototype jusqu'\u00e0 la production \u00e0 grande \u00e9chelle, nous assurons des transitions fluides avec une qualit\u00e9 et une efficacit\u00e9 constantes dans <a href=\"\/fr\/services\/cnc-machining\/milling\/\" class=\"text-[#f46b45] hover:underline font-semibold\">fraisage<\/a> et <a href=\"\/fr\/services\/cnc-machining\/turning\/\" class=\"text-[#f46b45] hover:underline font-semibold\">tournage<\/a>.\n            <\/p>\n<\/div>\n<\/article>\n<\/div>\n<footer class=\"mt-16 text-center text-[#002255] font-semibold font-['Inter']\">\n<p>ZSCNC \u2013 Fournir de la pr\u00e9cision. Stimuler l'innovation.<\/p>\n<\/footer><\/div>\n<\/section>\n<section class=\"bg-white mb-0 w-full' style='max-width: 100%; width: max-width: c2004\" style=\"max-width: 100%; width: 100%;\">\n<div class=\"container mx-auto px-6 py-20\">\n<h2 class=\"text-4xl font-semibold text-[#002255] mb-12 text-center font-['Inter']\">Guide de collaboration et de processus ZSCNC<\/h2>\n<div class=\"space-y-20 lg:space-y-0 lg:grid lg:grid-cols-2 lg:gap-x-16\">\n<article class=\"flex flex-col justify-between bg-gray-50 p-6 shadow-[0_4px_6px_rgba(0,0,0,0.1)] rounded-[0px]\">\n<div>\n<h3 class=\"text-2xl font-bold text-[#002255] mb-4 font-['Inter']\">D\u00e9marrage de projet et devis<\/h3>\n<p class=\"text-[#7f8c8d] mb-6 font-system\"> Nous clarifions vos besoins de projet, fournissons des devis pr\u00e9cis et fixons des attentes claires concernant le co\u00fbt et le calendrier, garantissant un processus de <a href=\"\/fr\/about\/manufacturing-process\/\" class=\"text-[#f46b45] hover:underline font-semibold\">fabrication fluide<\/a>. <\/p>\n<\/div>\n<\/article>\n<article class=\"flex flex-col justify-between lg:pt-12 bg-white p-6 shadow-[0_4px_6px_rgba(0,0,0,0.1)] rounded-[0px]\">\n<div>\n<h3 class=\"text-2xl font-bold text-[#002255] mb-4 font-['Inter']\">R\u00e9vision du processus et prototypage<\/h3>\n<p class=\"text-[#7f8c8d] mb-6 font-system\"> Notre \u00e9quipe examine rigoureusement le processus et produit <a href=\"\/fr\/services\/fabrication\/rapid-prototyping\/\" class=\"text-[#f46b45] hover:underline font-semibold\">les prototypes<\/a> pour garantir la pr\u00e9cision et la qualit\u00e9 du produit. <\/p>\n<\/div>\n<\/article>\n<article class=\"flex flex-col justify-between lg:pt-12 bg-gray-50 p-6 shadow-[0_4px_6px_rgba(0,0,0,0.1)] rounded-[0px]\">\n<div>\n<h3 class=\"text-2xl font-bold text-[#002255] mb-4 font-['Inter']\">Suivi de la production et de la qualit\u00e9<\/h3>\n<p class=\"text-[#7f8c8d] mb-6 font-system\"> Une surveillance continue et des inspections garantissent <a href=\"\/fr\/about\/quality-control\/\" class=\"text-[#f46b45] hover:underline font-semibold\">une production de haute qualit\u00e9<\/a> en accord avec vos sp\u00e9cifications. <\/p>\n<\/div>\n<\/article>\n<article class=\"flex flex-col justify-between lg:pt-12 bg-white p-6 shadow-[0_4px_6px_rgba(0,0,0,0.1)] rounded-[0px]\">\n<div>\n<h3 class=\"text-2xl font-bold text-[#002255] mb-4 font-['Inter']\">Emballage, exp\u00e9dition et support apr\u00e8s-vente<\/h3>\n<p class=\"text-[#7f8c8d] mb-6 font-system\"> Un emballage fiable et une exp\u00e9dition rapide prot\u00e8gent votre commande, et un support continu assure votre satisfaction. <\/p>\n<\/div>\n<\/article>\n<section aria-labelledby=\"faq-heading\" class=\"lg:col-span-2 mt-20 bg-gray-50 p-6 shadow-[0_4px_6px_rgba(0,0,0,0.1)] rounded-[0px] mb-0 c2665\" style=\"max-width: 100%; width: 100%;\">\n<h3 id=\"faq-heading\" class=\"text-3xl font-extrabold text-[#002255] mb-10 text-center font-['Inter']\">Questions fr\u00e9quemment pos\u00e9es<\/h3>\n<p class=\"text-[#7f8c8d] mb-6 font-system text-center\">Trouvez des r\u00e9ponses aux questions courantes dans notre <a href=\"\/fr\/resources\/faq\/\" class=\"text-[#f46b45] hover:underline font-semibold\">section FAQ<\/a>.<\/p>\n<dl class=\"max-w-4xl mx-auto space-y-8\">\n<div>\n<dt class=\"font-semibold text-[#002255] text-lg mb-2 font-['Inter']\">Comment puis-je d\u00e9marrer un projet avec ZSCNC?<\/dt>\n<dd class=\"text-[#7f8c8d] font-system\"> Contactez-nous pour discuter de vos besoins et recevoir un devis d\u00e9taill\u00e9 adapt\u00e9 \u00e0 vos exigences. <\/dd>\n<\/p><\/div>\n<div>\n<dt class=\"font-semibold text-[#002255] text-lg mb-2 font-['Inter']\">Quel est le processus de prototypage ?<\/dt>\n<dd class=\"text-[#7f8c8d] font-system\"> Nous cr\u00e9ons des prototypes bas\u00e9s sur vos designs pour v\u00e9rifier la pr\u00e9cision et la fonctionnalit\u00e9 avant la production en s\u00e9rie. <\/dd>\n<\/p><\/div>\n<div>\n<dt class=\"font-semibold text-[#002255] text-lg mb-2 font-['Inter']\">Comment garantissez-vous la qualit\u00e9 de la production ?<\/dt>\n<dd class=\"text-[#7f8c8d] font-system\"> Notre \u00e9quipe qualit\u00e9 surveille en permanence la production et effectue des inspections \u00e0 chaque \u00e9tape. <\/dd>\n<\/p><\/div>\n<div>\n<dt class=\"font-semibold text-[#002255] text-lg mb-2 font-['Inter']\">Quelles sont vos politiques d'exp\u00e9dition et de support ?<\/dt>\n<dd class=\"text-[#7f8c8d] font-system\"> Nous proposons un emballage s\u00e9curis\u00e9, une exp\u00e9dition ponctuelle et un support apr\u00e8s-vente d\u00e9di\u00e9 pour tous les clients. <\/dd>\n<\/p><\/div>\n<\/dl>\n<\/section><\/div>\n<\/p><\/div>\n<\/section>\n<section class=\"bg-gray-50 mb-0 w-full max-w-full' style='max-width: 100%; width: max-width: c3175\" style=\"max-width: 100%; width: 100%;\">\n<div class=\"container mx-auto px-6 py-20\">\n<h2 class=\"text-4xl font-semibold text-[#002255] mb-12 text-center font-['Inter']\">D\u00e9monstration du processus et des capacit\u00e9s de ZSCNC<\/h2>\n<div class=\"grid gap-16 lg:grid-cols-2 items-center\">\n<div>\n<h3 class=\"text-2xl font-semibold text-[#002255] mb-4 font-['Inter']\">Principaux processus d'usinage et flux de travail<\/h3>\n<p class=\"text-[#2c3e50] mb-6 leading-relaxed font-system\"> D\u00e9couvrez le flux de travail d'usinage de pr\u00e9cision de ZSCNC offrant coh\u00e9rence, pr\u00e9cision et efficacit\u00e9. Nos processus rationalis\u00e9s r\u00e9duisent les d\u00e9lais sans compromettre la qualit\u00e9. <\/p>\n<div class=\"space-y-4\">\n<p class=\"text-sm text-[#7f8c8d]\">D\u00e9monstration du flux de travail montrant les op\u00e9rations de tour CNC multi-axes.<\/p>\n<\/p><\/div>\n<\/p><\/div>\n<div> <img decoding=\"async\" data-src=\"https:\/\/zscncparts.com\/wp-content\/uploads\/2025\/12\/precision-cnc-machined-oil-gas-components-6me.webp\" alt=\"Processus d&#039;usinage CNC en action\" width=\"768\" height=\"513\" class=\"rounded-[4px] shadow-lg w-full object-cover lazyload\" title=\"\" src=\"data:image\/svg+xml;base64,PHN2ZyB3aWR0aD0iMSIgaGVpZ2h0PSIxIiB4bWxucz0iaHR0cDovL3d3dy53My5vcmcvMjAwMC9zdmciPjwvc3ZnPg==\" style=\"--smush-placeholder-width: 768px; --smush-placeholder-aspect-ratio: 768\/513;\"> <\/div>\n<\/p><\/div>\n<div class=\"mt-20\">\n<h3 class=\"text-2xl font-semibold text-[#002255] mb-8 text-center font-['Inter']\">Pi\u00e8ces typiques et sc\u00e9narios d'application<\/h3>\n<div class=\"grid gap-10 sm:grid-cols-2 lg:grid-cols-3\">\n<div class=\"bg-white rounded-[0px] shadow-lg p-6 flex flex-col items-center text-center\"> <img decoding=\"async\" data-src=\"https:\/\/zscncparts.com\/wp-content\/uploads\/2025\/12\/complex-mechanical-component-manufacturing-qtx.webp\" alt=\"Fabrication de composants m\u00e9caniques complexes\" width=\"800\" height=\"449\" class=\"mb-4 rounded-[4px] object-cover w-full lazyload\" title=\"\" src=\"data:image\/svg+xml;base64,PHN2ZyB3aWR0aD0iMSIgaGVpZ2h0PSIxIiB4bWxucz0iaHR0cDovL3d3dy53My5vcmcvMjAwMC9zdmciPjwvc3ZnPg==\" style=\"--smush-placeholder-width: 800px; --smush-placeholder-aspect-ratio: 800\/449;\"> <\/p>\n<h4 class=\"text-lg font-semibold text-[#002255] mb-2 font-['Inter']\">Composants m\u00e9caniques complexes<\/h4>\n<p class=\"text-[#7f8c8d] text-sm font-system\">Fabrication de haute pr\u00e9cision pour pi\u00e8ces a\u00e9rospatiales et automobiles.<\/p>\n<\/p><\/div>\n<div class=\"bg-gray-50 rounded-[0px] shadow-lg p-6 flex flex-col items-center text-center\"> <img decoding=\"async\" data-src=\"https:\/\/zscncparts.com\/wp-content\/uploads\/2025\/12\/engineering-design-and-manufacturing-udf.webp\" alt=\"Conception et fabrication en ing\u00e9nierie\" width=\"626\" height=\"417\" class=\"mb-4 rounded-[4px] object-cover w-full lazyload\" title=\"\" src=\"data:image\/svg+xml;base64,PHN2ZyB3aWR0aD0iMSIgaGVpZ2h0PSIxIiB4bWxucz0iaHR0cDovL3d3dy53My5vcmcvMjAwMC9zdmciPjwvc3ZnPg==\" style=\"--smush-placeholder-width: 626px; --smush-placeholder-aspect-ratio: 626\/417;\"> <\/p>\n<h4 class=\"text-lg font-semibold text-[#002255] mb-2 font-['Inter']\">Pi\u00e8ces d'ing\u00e9nierie de pr\u00e9cision<\/h4>\n<p class=\"text-[#7f8c8d] text-sm font-system\">Solutions sur mesure soutenant la R&amp;D et les phases de prototypage.<\/p>\n<\/p><\/div>\n<div class=\"bg-white rounded-[0px] shadow-lg p-6 flex flex-col items-center text-center\"> <img decoding=\"async\" data-src=\"https:\/\/zscncparts.com\/wp-content\/uploads\/2025\/12\/metalworking-and-turning-process-jww.webp\" alt=\"Processus de travail des m\u00e9taux et de tournage\" width=\"1300\" height=\"1012\" class=\"mb-4 rounded-[4px] object-cover w-full lazyload\" title=\"\" src=\"data:image\/svg+xml;base64,PHN2ZyB3aWR0aD0iMSIgaGVpZ2h0PSIxIiB4bWxucz0iaHR0cDovL3d3dy53My5vcmcvMjAwMC9zdmciPjwvc3ZnPg==\" style=\"--smush-placeholder-width: 1300px; --smush-placeholder-aspect-ratio: 1300\/1012;\"> <\/p>\n<h4 class=\"text-lg font-semibold text-[#002255] mb-2 font-['Inter']\">Travail des m\u00e9taux et tournage<\/h4>\n<p class=\"text-[#7f8c8d] text-sm font-system\">Fiable pour la fabrication de composants m\u00e9talliques de qualit\u00e9 industrielle.<\/p>\n<\/p><\/div>\n<\/p><\/div>\n<\/p><\/div>\n<\/p><\/div>\n<\/section>\n<section class=\"bg-white mb-0 max-w-full w-full' style='max-width: 100%; width: max-width: c4134\" style=\"max-width: 100%; width: 100%;\">\n<div class=\"container mx-auto px-6 py-20\">\n<h2 class=\"text-4xl font-semibold text-[#002255] max-w-4xl mx-auto text-center mb-16 font-inter\"> Module de mises \u00e0 jour et d'engagement client <\/h2>\n<div class=\"grid grid-cols-1 lg:grid-cols-2 gap-16 items-center max-w-7xl mx-auto\">\n<div class=\"space-y-8\">\n<article>\n<h3 class=\"text-2xl font-bold text-[#002255] mb-3 font-inter\"> Mises \u00e0 jour continues des ressources <\/h3>\n<p class=\"text-[#7f8c8d] leading-relaxed font-sans\"> Assurez-vous que votre \u00e9quipe ait toujours acc\u00e8s aux derni\u00e8res tendances et technologies du secteur gr\u00e2ce \u00e0 des mises \u00e0 jour automatis\u00e9es transparentes. <\/p>\n<\/article>\n<article>\n<h3 class=\"text-2xl font-bold text-[#002255] mb-3 font-inter\"> Suggestions de sujets pour les clients et feedback <\/h3>\n<p class=\"text-[#7f8c8d] leading-relaxed font-sans\"> Permettez aux clients de sugg\u00e9rer des sujets et de donner leur avis, cr\u00e9ant ainsi un dialogue dynamique qui stimule l'am\u00e9lioration des produits et services. En savoir plus sur notre approche d'engagement client sur la page \u00e0 propos. <\/p>\n<\/article>\n<article>\n<h3 class=\"text-2xl font-bold text-[#002255] mb-3 font-inter\"> Centre de connaissances en \u00e9volution et focus sur les partenariats <\/h3>\n<p class=\"text-[#7f8c8d] leading-relaxed font-sans\"> Collaborez avec des partenaires pour \u00e9largir et affiner en permanence le centre de connaissances, favorisant une culture d'innovation et de croissance partag\u00e9e. <\/p>\n<\/article>\n<p> <a href=\"https:\/\/zscncparts.com\/fr\/request-quote\/\" aria-label=\"En savoir plus sur les mises \u00e0 jour et l&#039;engagement ZSCNC\"><button type=\"button\" class=\"bg-gradient-to-tr from-[#002255] to-[#2a5298] text-white h-12 px-6 text-base rounded-[0px] flex items-center justify-center border-none cursor-pointer mt-6\">Explorer les solutions ZSCNC<\/button><\/a> <\/div>\n<div> <img decoding=\"async\" data-src=\"https:\/\/zscncparts.com\/wp-content\/uploads\/2025\/12\/knowledge-graph-fusion-illustrating-advanced-manufacturing-planning-xic.webp\" alt=\"Fusion de graphes de connaissances illustrant la planification avanc\u00e9e de la fabrication\" class=\"w-full h-auto rounded-[4px] shadow-[0_4px_6px_rgba(0,0,0,0.1)]&#039; width=&#039;940&#039; height=&#039;590&#039; loading=&#039;lazy&#039; decoding=&#039;async lazyload\" title=\"\" src=\"data:image\/svg+xml;base64,PHN2ZyB3aWR0aD0iMSIgaGVpZ2h0PSIxIiB4bWxucz0iaHR0cDovL3d3dy53My5vcmcvMjAwMC9zdmciPjwvc3ZnPg==\" style=\"--smush-placeholder-width: 1536px; --smush-placeholder-aspect-ratio: 1536\/1026;\"> <\/div>\n<\/p><\/div>\n<\/p><\/div>\n<\/section>\n<p><\/body><\/p>\n<p><!-- AIVB Required Assets -->\n<link rel=\"stylesheet\" href=\"https:\/\/cdn.jsdelivr.net\/npm\/tailwindcss@2.2.19\/dist\/tailwind.min.css\">\n<link rel=\"stylesheet\" id=\"aivb-fontawesome-css\" href=\"https:\/\/cdn.jsdelivr.net\/npm\/@fortawesome\/fontawesome-free@6.4.0\/css\/all.min.css?ver=6.4.0\" media=\"all\">\n<script src=\"https:\/\/cdn.tailwindcss.com\"><\/script><\/p>\n<style>\n#content { width: 100% !important;  max-width: 100% !important; }\n#content > div:first-child { width: 100% !important;  max-width: 100% !important; }\n.ast-container { width: 100% !important;  max-width: 100% !important; }\nmain#content { width: 100% !important; max-width: 100% !important; }\n.page-content { width: 100% !important; max-width: 100% !important; }\n.site-content .ast-container { display: block !important; }\n<\/style>","protected":false},"excerpt":{"rendered":"<p>CNC Machining Knowledge Center Drive manufacturing innovation with our deep insights and curated knowledge. Empower decisions, enhance process planning, and [&hellip;]<\/p>","protected":false},"author":1,"featured_media":0,"parent":0,"menu_order":0,"comment_status":"closed","ping_status":"closed","template":"","meta":{"_monsterinsights_skip_tracking":false,"_monsterinsights_sitenote_active":false,"_monsterinsights_sitenote_note":"","_monsterinsights_sitenote_category":0,"site-sidebar-layout":"no-sidebar","site-content-layout":"page-builder","ast-site-content-layout":"default","site-content-style":"unboxed","site-sidebar-style":"default","ast-global-header-display":"","ast-banner-title-visibility":"","ast-main-header-display":"","ast-hfb-above-header-display":"","ast-hfb-below-header-display":"","ast-hfb-mobile-header-display":"","site-post-title":"","ast-breadcrumbs-content":"","ast-featured-img":"","footer-sml-layout":"","theme-transparent-header-meta":"","adv-header-id-meta":"","stick-header-meta":"","header-above-stick-meta":"","header-main-stick-meta":"","header-below-stick-meta":"","astra-migrate-meta-layouts":"default","ast-page-background-enabled":"default","ast-page-background-meta":{"desktop":{"background-color":"var(--ast-global-color-5)","background-image":"","background-repeat":"repeat","background-position":"center center","background-size":"auto","background-attachment":"scroll","background-type":"","background-media":"","overlay-type":"","overlay-color":"","overlay-opacity":"","overlay-gradient":""},"tablet":{"background-color":"","background-image":"","background-repeat":"repeat","background-position":"center center","background-size":"auto","background-attachment":"scroll","background-type":"","background-media":"","overlay-type":"","overlay-color":"","overlay-opacity":"","overlay-gradient":""},"mobile":{"background-color":"","background-image":"","background-repeat":"repeat","background-position":"center center","background-size":"auto","background-attachment":"scroll","background-type":"","background-media":"","overlay-type":"","overlay-color":"","overlay-opacity":"","overlay-gradient":""}},"ast-content-background-meta":{"desktop":{"background-color":"var(--ast-global-color-4)","background-image":"","background-repeat":"repeat","background-position":"center center","background-size":"auto","background-attachment":"scroll","background-type":"","background-media":"","overlay-type":"","overlay-color":"","overlay-opacity":"","overlay-gradient":""},"tablet":{"background-color":"var(--ast-global-color-4)","background-image":"","background-repeat":"repeat","background-position":"center center","background-size":"auto","background-attachment":"scroll","background-type":"","background-media":"","overlay-type":"","overlay-color":"","overlay-opacity":"","overlay-gradient":""},"mobile":{"background-color":"var(--ast-global-color-4)","background-image":"","background-repeat":"repeat","background-position":"center center","background-size":"auto","background-attachment":"scroll","background-type":"","background-media":"","overlay-type":"","overlay-color":"","overlay-opacity":"","overlay-gradient":""}},"footnotes":""},"class_list":["post-2534","page","type-page","status-publish","hentry"],"_links":{"self":[{"href":"https:\/\/zscncparts.com\/fr\/wp-json\/wp\/v2\/pages\/2534","targetHints":{"allow":["GET"]}}],"collection":[{"href":"https:\/\/zscncparts.com\/fr\/wp-json\/wp\/v2\/pages"}],"about":[{"href":"https:\/\/zscncparts.com\/fr\/wp-json\/wp\/v2\/types\/page"}],"author":[{"embeddable":true,"href":"https:\/\/zscncparts.com\/fr\/wp-json\/wp\/v2\/users\/1"}],"replies":[{"embeddable":true,"href":"https:\/\/zscncparts.com\/fr\/wp-json\/wp\/v2\/comments?post=2534"}],"version-history":[{"count":0,"href":"https:\/\/zscncparts.com\/fr\/wp-json\/wp\/v2\/pages\/2534\/revisions"}],"wp:attachment":[{"href":"https:\/\/zscncparts.com\/fr\/wp-json\/wp\/v2\/media?parent=2534"}],"curies":[{"name":"wp","href":"https:\/\/api.w.org\/{rel}","templated":true}]}}