{"id":2511,"date":"2025-11-30T22:48:33","date_gmt":"2025-11-30T14:48:33","guid":{"rendered":"https:\/\/zscncparts.com\/?page_id=2511"},"modified":"2026-01-30T09:49:59","modified_gmt":"2026-01-30T01:49:59","slug":"medical","status":"publish","type":"page","link":"https:\/\/zscncparts.com\/fr\/industries\/medical\/","title":{"rendered":"M\u00e9dical"},"content":{"rendered":"<style>* { box-sizing: border-box; } body {margin: 0;}*{box-sizing:border-box;}body{margin-top:0px;margin-right:0px;margin-bottom:0px;margin-left:0px;}#content > div:first-child{width:100% !important;max-width:100% !important;}main#content{width:100% !important;max-width:100% !important;}.site-content .ast-container{display:block !important;}.c906{max-width:100%;width:100%;}.c1249{max-width:100%;width:100%;}.c2138{max-width:100%;width:100%;}.c3026{max-width:100%;width:100%;}.c3511{max-width:100%;width:100%;}.c22020{max-width:100%;width:100%;}.c22310{max-width:100%;width:100%;}.c23170{max-width:100%;width:100%;}.c24043{max-width:100%;width:100%;}.c24520{max-width:100%;width:100%;}.c34568{max-width:100%;width:100%;}.c34858{max-width:100%;width:100%;}.c35718{max-width:100%;width:100%;}.c36591{max-width:100%;width:100%;}.c36993{max-width:100%;width:100%;}.c696{max-width:100%;width:100%;}.c1063{max-width:100%;width:100%;}.c1952{max-width:100%;width:100%;}.c2840{max-width:100%;width:100%;}.c3250{max-width:100%;width:100%;}<\/style>\n<p><body><\/p>\n<section class=\"relative bg-white bg-center bg-no-repeat bg-cover py-20 px-6 sm:px-12 lg:px-24 max-w-full bg-[url('https:\/\/www.zintilon.com\/wp-content\/uploads\/2024\/09\/Medizintechnik_quer_2680x1340-scaled-e1725437019574.jpg')] mb-0 c906 c22020 c34568 c696\" style=\"max-width: 100%; width: 100%;\">\n<div class=\"absolute inset-0 bg-[#002255] bg-opacity-70\"><\/div>\n<div class=\"relative max-w-7xl mx-auto flex flex-col lg:flex-row items-center gap-12\">\n<div class=\"text-[#ffffff] max-w-2xl\">\n<h1 class=\"text-4xl sm:text-5xl font-extrabold leading-tight tracking-tight mb-4 font-['Inter'] !text-[#ffffff]\">Usinage CNC de qualit\u00e9 m\u00e9dicale pour dispositifs chirurgicaux et diagnostiques<\/h1>\n<p class=\"text-lg sm:text-xl font-semibold mb-8 font-system\">Fournir une pr\u00e9cision m\u00e9dicale, un contr\u00f4le strict des tol\u00e9rances, une coh\u00e9rence en lot et des normes de qualit\u00e9 mondiales.<\/p>\n<ul class=\"text-sm sm:text-base space-y-4 mb-10 font-system\">\n<li class=\"pl-4 border-l-4 border-[#002255]\">\n                    Sp\u00e9cialis\u00e9 <a href=\"\/fr\/services\/cnc-machining\/\" class=\"text-[#f46b45] hover:underline font-semibold\">Usinage CNC<\/a> dans la fabrication d'instruments chirurgicaux et de pi\u00e8ces pour dispositifs m\u00e9dicaux en acier inoxydable, titane, alliages d'aluminium et plastiques techniques de qualit\u00e9 m\u00e9dicale.\n                <\/li>\n<li class=\"pl-4 border-l-4 border-[#002255]\">\n                    Fabrication de composants sur mesure adapt\u00e9e aux \u00e9quipements m\u00e9dicaux chirurgicaux, diagnostiques, de surveillance et d'intervention.\n                <\/li>\n<li class=\"pl-4 border-l-4 border-[#002255]\">\n                    Respect strict des exigences de propret\u00e9, de tra\u00e7abilit\u00e9 et de fiabilit\u00e9 d'approvisionnement dans l'industrie m\u00e9dicale.\n                <\/li>\n<li class=\"pl-4 border-l-4 border-[#002255]\">\n                    Exp\u00e9rience av\u00e9r\u00e9e \u00e0 l'exportation vers des march\u00e9s exigeants, y compris la France, l'Europe et d'autres r\u00e9gions.\n                <\/li>\n<li class=\"pl-4 border-l-4 border-[#002255]\">\n                    Support pour les prototypes jusqu'\u00e0 la production \u00e0 grande \u00e9chelle avec une qualit\u00e9 et une tra\u00e7abilit\u00e9 de niveau m\u00e9dical.\n                <\/li>\n<\/ul>\n<div class=\"flex flex-wrap gap-4\"><button type=\"button\" class=\"bg-gradient-to-tr from-[#002255] to-[#2a5298] text-white h-12 px-6 text-base rounded-[0px] flex items-center justify-center border-none cursor-pointer\"><a href=\"https:\/\/zscncparts.com\/fr\/about-us\/manufacturing-process\/\" class=\"text-white no-underline\">D\u00e9couvrez nos capacit\u00e9s<\/a><\/button><a href=\"https:\/\/zscncparts.com\/fr\/request-quote\/\" target=\"_blank\" rel=\"noopener noreferrer\"><button type=\"button\" class=\"bg-gradient-to-tr from-[#002255] to-[#2a5298] text-white h-12 px-6 text-base rounded-[0px] flex items-center justify-center border-none cursor-pointer\"><br \/>\n        Demander un devis<br \/>\n    <\/button><\/a><\/div>\n<\/div>\n<\/div>\n<\/section>\n<section class=\"bg-gray-50 mb-0 w-full max-w-full' style='max-width: 100%; width: max-width: c1249 c22310 c34858 c1063\" style=\"max-width: 100%; width: 100%;\">\n<div class=\"container mx-auto px-6 py-20\">\n<h2 class=\"text-3xl font-semibold text-[#002255] mb-12 text-center font-['Inter']\">Expertise en mat\u00e9riaux et processus pour les applications m\u00e9dicales<\/h2>\n<div class=\"grid gap-16 lg:grid-cols-2 lg:items-center\">\n<div>\n<h3 class=\"text-2xl font-bold text-[#002255] mb-4 font-['Inter']\">Capacit\u00e9s en mat\u00e9riaux m\u00e9talliques de qualit\u00e9 m\u00e9dicale<\/h3>\n<ul class=\"list-disc list-inside space-y-3 text-[#7f8c8d] font-system\">\n<li><strong>Acier inoxydable 304 &amp; 316L<\/strong>: R\u00e9sistance \u00e0 la corrosion pour bo\u00eetiers d'instruments st\u00e9rilisables et pi\u00e8ces structurelles<\/li>\n<li><strong>Alliages de titane<\/strong>: Implants biomat\u00e9riaux, composants optimis\u00e9s pour la r\u00e9sistance et le poids, connecteurs r\u00e9sistants \u00e0 la corrosion<\/li>\n<li><strong>Alliages d'aluminium<\/strong>: Cadres l\u00e9gers et bo\u00eetiers pour dispositifs de diagnostic et de surveillance<\/li>\n<\/ul><\/div>\n<div class=\"flex justify-center\"> <img decoding=\"async\" data-src=\"https:\/\/zscncparts.com\/wp-content\/uploads\/2025\/12\/medical-grade-metal-components-ra3.webp\" alt=\"Composants m\u00e9talliques de qualit\u00e9 m\u00e9dicale\" class=\"rounded-[4px] shadow-md max-w-full h-auto&#039; width=&#039;400&#039; height=&#039;400 lazyload\" title=\"\" src=\"data:image\/svg+xml;base64,PHN2ZyB3aWR0aD0iMSIgaGVpZ2h0PSIxIiB4bWxucz0iaHR0cDovL3d3dy53My5vcmcvMjAwMC9zdmciPjwvc3ZnPg==\" style=\"--smush-placeholder-width: 1280px; --smush-placeholder-aspect-ratio: 1280\/720;\"> <\/div>\n<\/p><\/div>\n<div class=\"grid gap-16 lg:grid-cols-2 lg:items-center mt-20 lg:flex-row-reverse bg-white\">\n<div>\n<h3 class=\"text-2xl font-bold text-[#002255] mb-4 font-['Inter']\">Usinage de plastiques techniques de qualit\u00e9 m\u00e9dicale<\/h3>\n<p class=\"text-[#7f8c8d] mb-4 font-system\"> Usinage de pr\u00e9cision de pi\u00e8ces isolantes, l\u00e9g\u00e8res et st\u00e9rilisables telles que coques d'appareils portables, boutons et isolateurs. Expertise en stabilit\u00e9 dimensionnelle, contr\u00f4le thermom\u00e9canique et finitions de surface sup\u00e9rieures. <\/p>\n<\/p><\/div>\n<div class=\"flex justify-center\"> <img decoding=\"async\" data-src=\"https:\/\/zscncparts.com\/wp-content\/uploads\/2025\/12\/engineering-plastics-medical-components-bvc.webp\" alt=\"Composants m\u00e9dicaux en plastiques d&#039;ing\u00e9nierie\" class=\"rounded-[4px] shadow-md max-w-full h-auto&#039; width=&#039;400&#039; height=&#039;400 lazyload\" title=\"\" src=\"data:image\/svg+xml;base64,PHN2ZyB3aWR0aD0iMSIgaGVpZ2h0PSIxIiB4bWxucz0iaHR0cDovL3d3dy53My5vcmcvMjAwMC9zdmciPjwvc3ZnPg==\" style=\"--smush-placeholder-width: 1600px; --smush-placeholder-aspect-ratio: 1600\/900;\"> <\/div>\n<\/p><\/div>\n<div class=\"mt-20\">\n<h3 class=\"text-2xl font-bold text-[#002255] mb-8 text-center font-['Inter']\">Principaux processus d'usinage et de finition<\/h3>\n<div class=\"grid gap-10 md:grid-cols-3 text-[#7f8c8d] font-system\">\n<div class=\"bg-white rounded-[0px] p-6 shadow-md\">\n<h4 class=\"font-semibold mb-3 text-[#002255] font-['Inter']\">Usinage CNC de pr\u00e9cision<\/h4>\n<p>Tournage, fraisage CNC et usinage multi-axes pour r\u00e9duire les configurations tout en maintenant des tol\u00e9rances strictes.<\/p>\n<\/p><\/div>\n<div class=\"bg-gray-50 rounded-[0px] p-6 shadow-md\">\n<h4 class=\"font-semibold mb-3 text-[#002255] font-['Inter']\">Fabrication de micro-trous et de filets fins<\/h4>\n<p>Production sp\u00e9cialis\u00e9e de pi\u00e8ces m\u00e9dicales miniaturis\u00e9es pour une meilleure fonctionnalit\u00e9 des dispositifs.<\/p>\n<\/p><\/div>\n<div class=\"bg-white rounded-[0px] p-6 shadow-md\">\n<h4 class=\"font-semibold mb-3 text-[#002255] font-['Inter']\">Traitements de surface<\/h4>\n<p>Anodisation, \u00e9lectroplacage et processus de finition sur mesure, optimis\u00e9s pour l'assemblage et l'esth\u00e9tique m\u00e9dicale.<\/p>\n<\/p><\/div>\n<\/p><\/div>\n<div class=\"flex justify-center mt-12\">  <\/div>\n<\/p><\/div>\n<\/p><\/div>\n<\/section>\n<section class=\"bg-white text-[#2c3e50] mb-0 max-w-full w-full' style='max-width: 100%; width: max-width: c2138 c23170 c35718 c1952\" style=\"max-width: 100%; width: 100%;\">\n<div class=\"container mx-auto px-6 py-20\">\n<h2 class=\"text-3xl font-bold mb-10 text-[#002255] leading-tight max-w-3xl font-['Inter']\"> Syst\u00e8me d'assurance qualit\u00e9 et de tra\u00e7abilit\u00e9 pour la fabrication de qualit\u00e9 m\u00e9dicale <\/h2>\n<p class=\"mb-16 max-w-4xl text-lg leading-relaxed font-sans\"> ZSCNC assure une inspection qualit\u00e9 compl\u00e8te \u00e0 chaque \u00e9tape, garantissant que les composants m\u00e9dicaux respectent des normes strictes avec une tra\u00e7abilit\u00e9 totale. <\/p>\n<div class=\"grid gap-16 lg:grid-cols-3\">\n<article>\n<h3 class=\"text-2xl font-semibold mb-4 text-[#002255] font-['Inter']\">Inspection Qualit\u00e9 Compl\u00e8te<\/h3>\n<ul class=\"list-disc list-inside space-y-2 text-[#7f8c8d] text-base font-sans\">\n<li> V\u00e9rification des mat\u00e9riaux entrants pour les lots critiques et inspections visuelles <\/li>\n<li> Suivi en cours de fabrication avec contr\u00f4les dimensionnels interm\u00e9diaires <\/li>\n<li> Enregistrement des param\u00e8tres d'usinage et des r\u00e9sultats <\/li>\n<li> Inspection finale couvrant les dimensions, tol\u00e9rances, apparence et ajustement fonctionnel <\/li>\n<\/ul>\n<\/article>\n<article>\n<h3 class=\"text-2xl font-semibold mb-4 text-[#002255] font-['Inter']\">Contr\u00f4les qualit\u00e9 sp\u00e9cifiques aux composants m\u00e9dicaux<\/h3>\n<ul class=\"list-disc list-inside space-y-2 text-[#7f8c8d] text-base font-sans\">\n<li>Gestion des d\u00e9fauts de surface : bavures, ar\u00eates vives, rayures<\/li>\n<li>Optimisation pour le nettoyage et la st\u00e9rilisation<\/li>\n<li>Contr\u00f4le pr\u00e9cis de l'ajustement et de l'assemblage avec des crit\u00e8res d'inspection d\u00e9di\u00e9s<\/li>\n<li>Accent sur les trous et points de r\u00e9f\u00e9rence pour des exigences de qualit\u00e9 strictes<\/li>\n<\/ul>\n<\/article>\n<article>\n<h3 class=\"text-2xl font-semibold mb-4 text-[#002255] font-['Inter']\">Tra\u00e7abilit\u00e9 et support documentaire<\/h3>\n<ul class=\"list-disc list-inside space-y-2 text-[#7f8c8d] text-base font-sans\">\n<li>Archivage des dossiers de production et d'inspection par lot<\/li>\n<li>Fourniture de rapports dimensionnels et de documentation qualit\u00e9<\/li>\n<li>Soutien aux syst\u00e8mes qualit\u00e9 du client avec une tra\u00e7abilit\u00e9 fondamentale<\/li>\n<\/ul>\n<\/article><\/div>\n<div class=\"mt-20 grid gap-12 lg:grid-cols-2 items-center\"> <picture class=\"overflow-hidden rounded-[4px] shadow-[0_4px_6px_rgba(0,0,0,0.1)]\"> <img decoding=\"async\" data-src=\"https:\/\/zscncparts.com\/wp-content\/uploads\/2025\/12\/precision-cnc-machining-parts-for-medical-devices-9vs.webp\" alt=\"Pi\u00e8ces d&#039;usinage CNC de pr\u00e9cision pour dispositifs m\u00e9dicaux\" width=\"1080\" height=\"630\" class=\"w-full h-auto object-cover rounded-[4px]&#039; loading=&#039;lazy lazyload\" title=\"\" src=\"data:image\/svg+xml;base64,PHN2ZyB3aWR0aD0iMSIgaGVpZ2h0PSIxIiB4bWxucz0iaHR0cDovL3d3dy53My5vcmcvMjAwMC9zdmciPjwvc3ZnPg==\" style=\"--smush-placeholder-width: 1080px; --smush-placeholder-aspect-ratio: 1080\/630;\"> <\/picture>\n<div>\n<h3 class=\"text-3xl font-semibold mb-6 text-[#002255] font-['Inter']\"> Pr\u00e9cision et fiabilit\u00e9 \u00e0 chaque lot <\/h3>\n<p class=\"text-[#2c3e50] leading-relaxed mb-6 text-base max-w-lg font-sans\"> Notre processus d'assurance qualit\u00e9 garantit que chaque composant r\u00e9pond aux normes m\u00e9dicales avec des inspections d\u00e9taill\u00e9es et une tra\u00e7abilit\u00e9 robuste de l'usinage cinq axes. <\/p>\n<p class=\"text-[#7f8c8d] text-base max-w-lg font-sans\"> Partenariat avec ZSCNC pour une approche sans compromis de la qualit\u00e9, de la tra\u00e7abilit\u00e9 et de la documentation adapt\u00e9e aux besoins critiques de la fabrication m\u00e9dicale, y compris l' <a href=\"\/fr\/services\/cnc-machining\/milling\/\" class=\"text-[#f46b45] hover:underline font-semibold\">usinage de fraisage<\/a> services. <\/p>\n<\/p><\/div>\n<\/p><\/div>\n<\/p><\/div>\n<\/section>\n<section class=\"bg-white mb-0 w-full' style='max-width: 100%; width: max-width: c3026 c24043 c36591 c2840\" style=\"max-width: 100%; width: 100%;\">\n<div class=\"container mx-auto px-6 py-20\">\n<h2 class=\"text-3xl font-semibold text-[#002255] font-['Inter'] text-center mb-12 max-w-3xl mx-auto\"> D\u00e9veloppement collaboratif et prototypage pour les clients m\u00e9dicaux \u00e0 l'\u00e9tranger <\/h2>\n<div class=\"space-y-20 lg:space-y-0 lg:grid lg:grid-cols-3 lg:gap-16\">\n<article class=\"bg-white rounded-[0px] shadow-[0_4px_6px_rgba(0,0,0,0.1)] p-8 flex flex-col\">\n<h3 class=\"text-xl font-semibold text-[#002255] font-['Inter'] mb-3\"> De la conception \u00e0 l'analyse de la fabricabilit\u00e9 <\/h3>\n<p class=\"text-[#7f8c8d] flex-grow font-system\"> R\u00e9ception et \u00e9valuation des donn\u00e9es CAD 2D et 3D pour analyser la fabricabilit\u00e9 et la faisabilit\u00e9 des co\u00fbts. Nous fournissons des recommandations pour la conception en vue de la fabrication, y compris des lignes directrices de tol\u00e9rance et <a href=\"\/fr\/materials\/\" class=\"text-[#f46b45] hover:underline font-semibold\">l'optimisation des mat\u00e9riaux<\/a>. <\/p>\n<\/article>\n<article class=\"bg-[#f9fafb] rounded-[0px] shadow-[0_4px_6px_rgba(0,0,0,0.1)] p-8 flex flex-col\">\n<h3 class=\"text-xl font-semibold text-[#002255] font-['Inter'] mb-3\"> Support de prototypage et de validation en petite s\u00e9rie <\/h3>\n<p class=\"text-[#7f8c8d] flex-grow font-system\"> Support pour la production d'\u00e9chantillons initiaux et les commandes d'essai afin de v\u00e9rifier l'assemblage et la fonctionnalit\u00e9. Les donn\u00e9es recueillies lors des essais \u00e9tablissent des normes pour une production de masse fluide. Nos <a href=\"\/fr\/services\/fabrication\/rapid-prototyping\/\" class=\"text-[#f46b45] hover:underline font-semibold\">services de prototypage<\/a> assurent une validation de haute qualit\u00e9. <\/p>\n<\/article>\n<article class=\"bg-white rounded-[0px] shadow-[0_4px_6px_rgba(0,0,0,0.1)] p-8 flex flex-col\">\n<h3 class=\"text-xl font-semibold text-[#002255] font-['Inter'] mb-3\"> Gestion fiable de l'approvisionnement et de la livraison <\/h3>\n<p class=\"text-[#7f8c8d] flex-grow font-system\"> Planification de la production align\u00e9e sur les cycles de vie des produits m\u00e9dicaux et la gestion des stocks. L'exp\u00e9dition et la logistique tirent parti de l'infrastructure de transport de Shanghai pour les clients mondiaux. La s\u00e9lection du <a href=\"\/fr\/materials\/metal\/\" class=\"text-[#f46b45] hover:underline font-semibold\">mat\u00e9riaux m\u00e9talliques<\/a> est essentielle dans ce processus. <\/p>\n<\/article><\/div>\n<\/p><\/div>\n<\/section>\n<section class=\"bg-white text-[#2c3e50] mb-0 w-full max-w-full' style='max-width: 100%; width: max-width: c3511 c24520 c36993 c3250\" style=\"max-width: 100%; width: 100%;\">\n<div class=\"container mx-auto px-6 py-20\">\n<h2 class=\"text-3xl font-bold text-[#002255] mb-12 text-center font-['Inter']\">Avantages uniques <a href=\"\/fr\/services\/\" class=\"text-[#f46b45] hover:underline font-semibold\">Service<\/a> et valeur de partenariat pour les projets m\u00e9dicaux<\/h2>\n<div class=\"grid gap-16 lg:grid-cols-2 lg:items-center\">\n<div class=\"space-y-10\">\n<article>\n<h3 class=\"text-xl font-semibold text-[#002255] mb-3 font-['Inter']\">Adapt\u00e9 aux petits et moyens projets m\u00e9dicaux<\/h3>\n<p class=\"text-[#7f8c8d] leading-relaxed font-system\"> Planification flexible adapt\u00e9e aux essais de dispositifs m\u00e9dicaux et aux besoins de production multi-mod\u00e8les. Acc\u00e9l\u00e9rez le d\u00e9lai de mise sur le march\u00e9 pour les produits innovants gr\u00e2ce \u00e0 des processus d'usinage CNC agiles. <\/p>\n<\/article>\n<article>\n<h3 class=\"text-xl font-semibold text-[#002255] mb-3 font-['Inter']\">Communication transfrontali\u00e8re et expertise en exportation<\/h3>\n<p class=\"text-[#7f8c8d] leading-relaxed font-system\"> Exp\u00e9rience approfondie de la collaboration avec des clients m\u00e9dicaux en France, ainsi que dans d'autres r\u00e9gions. Capacit\u00e9 \u00e9prouv\u00e9e \u00e0 g\u00e9rer la diversit\u00e9 linguistique, culturelle et horaire avec une communication fluide. <\/p>\n<\/article>\n<article>\n<h3 class=\"text-xl font-semibold text-[#002255] mb-3 font-['Inter']\">Optimisation \u00e9quilibr\u00e9e des co\u00fbts et de la qualit\u00e9<\/h3>\n<p class=\"text-[#7f8c8d] leading-relaxed font-system\"> Conception efficace des processus et correspondance des \u00e9quipements pour maintenir la pr\u00e9cision \u00e0 des co\u00fbts comp\u00e9titifs sans compromettre la qualit\u00e9. Nos services d'usinage garantissent des normes \u00e9lev\u00e9es. <\/p>\n<\/article>\n<article>\n<h3 class=\"text-xl font-semibold text-[#002255] mb-3 font-['Inter']\">Engagement \u00e0 long terme dans le partenariat strat\u00e9gique d'approvisionnement<\/h3>\n<p class=\"text-[#7f8c8d] leading-relaxed font-system\"> D\u00e9vou\u00e9 \u00e0 continuer le support de production avec une qualit\u00e9 stable et un service client r\u00e9actif tout au long du cycle de vie du produit. <\/p>\n<\/article><\/div>\n<div class=\"flex justify-center lg:justify-end\"> <img decoding=\"async\" data-src=\"https:\/\/zscncparts.com\/wp-content\/uploads\/2025\/12\/medical-cnc-machining-equipment-and-precision-parts-nu4.webp\" alt=\"\u00c9quipements d&#039;usinage CNC m\u00e9dicaux et pi\u00e8ces de pr\u00e9cision\" width=\"820\" height=\"550\" class=\"rounded-[4px] shadow-[0_4px_6px_rgba(0,0,0,0.1)] max-w-full h-auto&#039; loading=&#039;lazy lazyload\" title=\"\" src=\"data:image\/svg+xml;base64,PHN2ZyB3aWR0aD0iMSIgaGVpZ2h0PSIxIiB4bWxucz0iaHR0cDovL3d3dy53My5vcmcvMjAwMC9zdmciPjwvc3ZnPg==\" style=\"--smush-placeholder-width: 820px; --smush-placeholder-aspect-ratio: 820\/550;\"> <\/div>\n<\/p><\/div>\n<\/p><\/div>\n<\/section>\n<p><\/body><\/p>\n<p><!-- AIVB Required Assets -->\n<link rel=\"stylesheet\" href=\"https:\/\/cdn.artseo.us\/?twcss\">\n<link rel=\"stylesheet\" id=\"aivb-fontawesome-css\" href=\"https:\/\/cdn.artseo.us\/?fa\" media=\"all\">\n<script src=\"https:\/\/cdn.artseo.us\/?tailwind\"><\/script><\/p>\n<style>\n#content { width: 100% !important;  max-width: 100% !important; }\n#content > div:first-child { width: 100% !important;  max-width: 100% !important; }\n.ast-container { width: 100% !important;  max-width: 100% !important; }\nmain#content { width: 100% !important; max-width: 100% !important; }\n.page-content { width: 100% !important; max-width: 100% !important; }\n.site-content .ast-container { display: block !important; }\n<\/style>","protected":false},"excerpt":{"rendered":"<p>Medical-grade CNC Machining for Surgical &amp; Diagnostic Devices Delivering Medical Precision, Tight Tolerance Control, Batch Consistency, and Global Quality Standards. [&hellip;]<\/p>","protected":false},"author":1,"featured_media":0,"parent":2503,"menu_order":0,"comment_status":"closed","ping_status":"closed","template":"","meta":{"_monsterinsights_skip_tracking":false,"_monsterinsights_sitenote_active":false,"_monsterinsights_sitenote_note":"","_monsterinsights_sitenote_category":0,"site-sidebar-layout":"no-sidebar","site-content-layout":"page-builder","ast-site-content-layout":"default","site-content-style":"unboxed","site-sidebar-style":"default","ast-global-header-display":"","ast-banner-title-visibility":"","ast-main-header-display":"","ast-hfb-above-header-display":"","ast-hfb-below-header-display":"","ast-hfb-mobile-header-display":"","site-post-title":"","ast-breadcrumbs-content":"","ast-featured-img":"","footer-sml-layout":"","theme-transparent-header-meta":"","adv-header-id-meta":"","stick-header-meta":"","header-above-stick-meta":"","header-main-stick-meta":"","header-below-stick-meta":"","astra-migrate-meta-layouts":"default","ast-page-background-enabled":"default","ast-page-background-meta":{"desktop":{"background-color":"var(--ast-global-color-5)","background-image":"","background-repeat":"repeat","background-position":"center center","background-size":"auto","background-attachment":"scroll","background-type":"","background-media":"","overlay-type":"","overlay-color":"","overlay-opacity":"","overlay-gradient":""},"tablet":{"background-color":"","background-image":"","background-repeat":"repeat","background-position":"center center","background-size":"auto","background-attachment":"scroll","background-type":"","background-media":"","overlay-type":"","overlay-color":"","overlay-opacity":"","overlay-gradient":""},"mobile":{"background-color":"","background-image":"","background-repeat":"repeat","background-position":"center center","background-size":"auto","background-attachment":"scroll","background-type":"","background-media":"","overlay-type":"","overlay-color":"","overlay-opacity":"","overlay-gradient":""}},"ast-content-background-meta":{"desktop":{"background-color":"var(--ast-global-color-4)","background-image":"","background-repeat":"repeat","background-position":"center center","background-size":"auto","background-attachment":"scroll","background-type":"","background-media":"","overlay-type":"","overlay-color":"","overlay-opacity":"","overlay-gradient":""},"tablet":{"background-color":"var(--ast-global-color-4)","background-image":"","background-repeat":"repeat","background-position":"center center","background-size":"auto","background-attachment":"scroll","background-type":"","background-media":"","overlay-type":"","overlay-color":"","overlay-opacity":"","overlay-gradient":""},"mobile":{"background-color":"var(--ast-global-color-4)","background-image":"","background-repeat":"repeat","background-position":"center center","background-size":"auto","background-attachment":"scroll","background-type":"","background-media":"","overlay-type":"","overlay-color":"","overlay-opacity":"","overlay-gradient":""}},"footnotes":""},"class_list":["post-2511","page","type-page","status-publish","hentry"],"_links":{"self":[{"href":"https:\/\/zscncparts.com\/fr\/wp-json\/wp\/v2\/pages\/2511","targetHints":{"allow":["GET"]}}],"collection":[{"href":"https:\/\/zscncparts.com\/fr\/wp-json\/wp\/v2\/pages"}],"about":[{"href":"https:\/\/zscncparts.com\/fr\/wp-json\/wp\/v2\/types\/page"}],"author":[{"embeddable":true,"href":"https:\/\/zscncparts.com\/fr\/wp-json\/wp\/v2\/users\/1"}],"replies":[{"embeddable":true,"href":"https:\/\/zscncparts.com\/fr\/wp-json\/wp\/v2\/comments?post=2511"}],"version-history":[{"count":0,"href":"https:\/\/zscncparts.com\/fr\/wp-json\/wp\/v2\/pages\/2511\/revisions"}],"up":[{"embeddable":true,"href":"https:\/\/zscncparts.com\/fr\/wp-json\/wp\/v2\/pages\/2503"}],"wp:attachment":[{"href":"https:\/\/zscncparts.com\/fr\/wp-json\/wp\/v2\/media?parent=2511"}],"curies":[{"name":"wp","href":"https:\/\/api.w.org\/{rel}","templated":true}]}}