{"id":3526,"date":"2026-01-21T15:17:09","date_gmt":"2026-01-21T07:17:09","guid":{"rendered":"https:\/\/zscncparts.com\/?post_type=product&#038;p=3526"},"modified":"2026-01-21T15:21:17","modified_gmt":"2026-01-21T07:21:17","slug":"precision-cnc-machining-services-for-tighttolerance-parts-in-europe","status":"publish","type":"product","link":"https:\/\/zscncparts.com\/es\/product\/precision-cnc-machining-services-for-tighttolerance-parts-in-europe\/","title":{"rendered":"Servicios de mecanizado CNC de precisi\u00f3n para piezas de tolerancia ajustada en Europa"},"content":{"rendered":"<h2>Excelencia en ingenier\u00eda para componentes cr\u00edticos<\/h2>\n<p>En ZSCNC, definimos nuestro <strong>Servicios de mecanizado CNC de precisi\u00f3n para piezas de tolerancia ajustada en Europa<\/strong> por nuestra capacidad para ejecutar geometr\u00edas complejas que las tiendas de mecanizado est\u00e1ndar simplemente no pueden manejar. Cuando las soluciones prefabricadas no cumplen con las rigurosas especificaciones de dise\u00f1o, nuestro equipo de ingenier\u00eda interviene para entregar componentes con precisi\u00f3n a nivel de micrones. Nos especializamos en cerrar la brecha entre la fabricaci\u00f3n est\u00e1ndar y los requisitos de alto rendimiento de los sectores aeroespacial, m\u00e9dico y de automatizaci\u00f3n en Europa.<\/p>\n<p>Nuestra infraestructura global est\u00e1 optimizada para adherirse estrictamente a los est\u00e1ndares de fabricaci\u00f3n europeos, incluyendo especificaciones ISO y DIN. Combinando centros de mecanizado avanzado de 5 ejes con un control de calidad riguroso, aseguramos que cada pieza cumpla con los requisitos de dimensionamiento geom\u00e9trico y tolerancias (GD&amp;T) de sus archivos CAD. Ofrecemos una ventaja estrat\u00e9gica a los OEMs europeos: <strong>Precisi\u00f3n a nivel suizo<\/strong> a un precio competitivo, asegurando que la eficiencia de costos nunca comprometa la precisi\u00f3n o fiabilidad.<\/p>\n<h2>Capacidades avanzadas de mecanizado para geometr\u00edas complejas<\/h2>\n<p>Cuando el mecanizado est\u00e1ndar de 3 ejes llega a un l\u00edmite, nuestro <strong>Servicios de mecanizado CNC de precisi\u00f3n para piezas de tolerancia ajustada en Europa<\/strong> interviene para cerrar la brecha. No solo cortamos metal; dise\u00f1amos soluciones para <strong>geometr\u00edas complejas multieje<\/strong> que exigen perfecci\u00f3n absoluta. Nuestra instalaci\u00f3n est\u00e1 equipada para manejar producci\u00f3n de alta variedad y bajo volumen, as\u00ed como lotes de fabricaci\u00f3n a gran escala para las industrias m\u00e1s exigentes.<\/p>\n<h3>Soluciones de fresado y torneado multieje<\/h3>\n<p>Utilizamos avanzados <strong>Centros de fresado CNC de 5 ejes<\/strong> para producir componentes intrincados como impulsores aeroespaciales e implantes ortop\u00e9dicos en una sola configuraci\u00f3n. Esto reduce errores de manejo y garantiza acabados superficiales superiores. Para piezas cil\u00edndricas que requieren caracter\u00edsticas secundarias de fresado, nuestro <strong>torneado CNC con herramientas en vivo<\/strong> permite operaciones combinadas. Este enfoque garantiza la concentricidad y reduce significativamente los plazos de entrega al eliminar la necesidad de mover las piezas entre m\u00e1quinas.<\/p>\n<h3>Mecanizado suizo para micro precisi\u00f3n<\/h3>\n<p>Para los componentes ultra peque\u00f1os que a menudo requieren los sectores de la relojer\u00eda y la medicina europeos, nuestro <strong>Torneado suizo personalizado<\/strong> y <strong>servicios de micromecanizado<\/strong> ofrecen una precisi\u00f3n inigualable. Entendemos lo que est\u00e1 en juego en estas industrias; es exactamente <a href=\"https:\/\/zscncparts.com\/es\/why-many-medical-device-startups-choose-cnc-machining-for-prototypes\/\">por qu\u00e9 muchas startups de dispositivos m\u00e9dicos optan por el mecanizado CNC para prototipos<\/a> para validar sus dise\u00f1os cr\u00edticos antes de la producci\u00f3n en masa.<\/p>\n<h3>Especificaciones t\u00e9cnicas y tolerancias<\/h3>\n<p>Mantenemos rigurosos <strong>precisi\u00f3n dimensional y control de acabado superficial<\/strong> para cumplir con las normas DIN e ISO. Ya sea que necesite <a href=\"https:\/\/zscncparts.com\/es\/aluminum-cnc-machining-tolerances-for-packaging-and-automation-equipment-in-germany\/\">tolerancias de mecanizado CNC de aluminio espec\u00edficas para equipos de embalaje y automatizaci\u00f3n en Alemania<\/a> o tolerancias estrictas para la instrumentaci\u00f3n suiza, nuestras capacidades se verifican con datos.<\/p>\n<p><strong>Descripci\u00f3n general de las capacidades de mecanizado:<\/strong><\/p>\n<table>\n<thead>\n<tr>\n<th style=\"text-align: left;\">Caracter\u00edstica<\/th>\n<th style=\"text-align: left;\">Especificaci\u00f3n<\/th>\n<\/tr>\n<\/thead>\n<tbody>\n<tr>\n<td style=\"text-align: left;\"><strong>Tolerancia est\u00e1ndar<\/strong><\/td>\n<td style=\"text-align: left;\">\u00b10,01 mm (ISO 2768-m)<\/td>\n<\/tr>\n<tr>\n<td style=\"text-align: left;\"><strong>Tolerancia m\u00e1s estricta<\/strong><\/td>\n<td style=\"text-align: left;\"><strong>\u00b10.005mm<\/strong> (Bajo petici\u00f3n y dependiendo de la geometr\u00eda)<\/td>\n<\/tr>\n<tr>\n<td style=\"text-align: left;\"><strong>Formatos de archivo admitidos<\/strong><\/td>\n<td style=\"text-align: left;\">STEP (.stp), IGES (.igs), Parasolid (.x_t), DXF<\/td>\n<\/tr>\n<tr>\n<td style=\"text-align: left;\"><strong>Dimensiones m\u00e1ximas de la pieza<\/strong><\/td>\n<td style=\"text-align: left;\">Fresado: hasta 800 mm x 500 mm; Torneado: \u00d8300 mm<\/td>\n<\/tr>\n<tr>\n<td style=\"text-align: left;\"><strong>Micro-Mecanizado<\/strong><\/td>\n<td style=\"text-align: left;\">Piezas de hasta \u00d80,5 mm mediante tornos suizos<\/td>\n<\/tr>\n<\/tbody>\n<\/table>\n<p>Aceptamos todos los formatos CAD principales para agilizar el <strong>an\u00e1lisis DFM<\/strong> proceso, asegurando que sus archivos est\u00e9n listos para la producci\u00f3n en el momento en que llegan a nuestros servidores.<\/p>\n<h2>Materiales certificados para aplicaciones exigentes<\/h2>\n<p>Para nuestros socios europeos, la trazabilidad del material no es negociable. Nos aseguramos de que cada componente que fabricamos cumpla con los rigurosos est\u00e1ndares de la industria, cerrando la brecha entre la fabricaci\u00f3n global y el cumplimiento local. Proporcionamos completos <strong>Informes de pruebas de f\u00e1brica (MTR)<\/strong> y <strong>Certificados de conformidad (CoC)<\/strong> a petici\u00f3n, verificando que las propiedades qu\u00edmicas y f\u00edsicas de sus materias primas se ajustan perfectamente a sus especificaciones.<\/p>\n<h3>Opciones de metal de alta calidad<\/h3>\n<p>Almacenamos y mecanizamos un inventario diverso de metales adecuados para industrias que van desde la automoci\u00f3n hasta la tecnolog\u00eda m\u00e9dica. Nuestras capacidades incluyen:<\/p>\n<ul>\n<li><strong>Aluminio:<\/strong> Mecanizamos extensamente <strong>6061<\/strong> y <strong>7075<\/strong> aleaciones, que ofrecen una excelente relaci\u00f3n resistencia-peso para piezas aeroespaciales y estructurales.<\/li>\n<li><strong>Acero inoxidable:<\/strong> Para aplicaciones que requieren una resistencia superior a la corrosi\u00f3n e higiene, como el procesamiento de alimentos o dispositivos m\u00e9dicos, ofrecemos precisi\u00f3n <a href=\"https:\/\/zscncparts.com\/es\/material\/metal\/stainless-steel\/\">servicios de mecanizado de acero inoxidable<\/a> que cubren grados como 304 y 316.<\/li>\n<li><strong>Metales especiales:<\/strong> Nuestra instalaci\u00f3n est\u00e1 equipada para manejar <strong>Titanio<\/strong> para requisitos de alta resistencia, as\u00ed como <strong>Lat\u00f3n<\/strong> y <strong>Cobre<\/strong> para componentes el\u00e9ctricos y decorativos.<\/li>\n<\/ul>\n<h3>Mecanizado de Pl\u00e1stico de Grado Ingenieril<\/h3>\n<p>Cuando el metal no es la opci\u00f3n adecuada, entregamos componentes pl\u00e1sticos de tolerancia ajustada mecanizados a partir de pol\u00edmeros de alto rendimiento. Nos especializamos en materiales que mantienen la estabilidad dimensional durante el proceso de mecanizado:<\/p>\n<ul>\n<li><strong>PEEK:<\/strong> Proporcionamos <a href=\"https:\/\/zscncparts.com\/es\/material\/plastic\/peek\/\">mecanizado personalizado de PEEK<\/a> para piezas que requieren alta resistencia t\u00e9rmica y qu\u00edmica, a menudo utilizadas en implantes m\u00e9dicos y conectores aeroespaciales.<\/li>\n<li><strong>POM (Delrin):<\/strong> Un material de referencia para engranajes de precisi\u00f3n y piezas mec\u00e1nicas r\u00edgidas debido a su excelente maquinabilidad.<\/li>\n<li><strong>Otros Pl\u00e1sticos de Ingenier\u00eda:<\/strong> Nuestras capacidades se extienden a <strong>PTFE<\/strong>, <strong>Nylon<\/strong>, <strong>ABS<\/strong>, y <strong>Policarbonato (PC)<\/strong>, asegurando que podamos satisfacer las necesidades espec\u00edficas de fricci\u00f3n, desgaste y resistencia al impacto de su proyecto.<\/li>\n<\/ul>\n<h2>Control de Calidad Riguroso: Precisi\u00f3n Verificada<\/h2>\n<p>Al ofrecer <strong>servicios de mecanizado CNC de precisi\u00f3n para piezas de tolerancia ajustada en Europa<\/strong>, sabemos que la precisi\u00f3n no es negociable. La confianza se construye con datos, no solo con promesas. Como un <strong>fabricante certificado seg\u00fan ISO 9001:2015<\/strong>, hemos integrado la garant\u00eda de calidad en cada etapa de la producci\u00f3n, asegurando que las piezas que reciba coincidan con sus archivos CAD hasta el micr\u00f3n.<\/p>\n<h3>Monitoreo en Tiempo Real y Verificaci\u00f3n CMM<\/h3>\n<p>El control de calidad no espera hasta el final. Utilizamos protocolos estrictos de inspecci\u00f3n en proceso para monitorear dimensiones cr\u00edticas mientras la pieza a\u00fan est\u00e1 en la m\u00e1quina. Esto nos permite detectar desviaciones potenciales de inmediato.<\/p>\n<p>Para geometr\u00edas complejas y <strong>servicios de mecanizado CNC de tolerancias ajustadas<\/strong>, confiamos en M\u00e1quinas de Medici\u00f3n por Coordenadas (CMM) avanzadas. Este equipo nos permite verificar <strong>Dimensi\u00f3n y Tolerancia Geom\u00e9trica (GD&amp;T)<\/strong>, asegurando que la concentricidad, la planitud y el paralelismo cumplan con las estrictas demandas de aplicaciones aeroespaciales y m\u00e9dicas. Comprender las nuances de <a href=\"https:\/\/zscncparts.com\/es\/aluminum-cnc-machining-tolerances-for-automation-and-packaging-equipment\/\">las tolerancias del mecanizado CNC de aluminio<\/a> nos ayuda a calibrar nuestros procesos de inspecci\u00f3n para garantizar <strong>precisi\u00f3n dimensional y control de acabado superficial<\/strong> para cada lote.<\/p>\n<h3>Documentaci\u00f3n para Cumplimiento Europeo<\/h3>\n<p>Entendemos que para nuestros socios en Espa\u00f1a, Suiza y el Reino Unido, la documentaci\u00f3n a menudo es tan cr\u00edtica como el hardware. Aseguramos trazabilidad y transparencia completas en cada env\u00edo.<\/p>\n<ul>\n<li><strong>Inspecci\u00f3n del Primer Art\u00edculo (FAI):<\/strong> Proporcionamos informes detallados de FAI para verificar que la primera pieza coincida perfectamente con el dibujo antes de comenzar la producci\u00f3n en serie.<\/li>\n<li><strong>Informes de Inspecci\u00f3n CMM:<\/strong> Datos exhaustivos que verifican que las caracter\u00edsticas cr\u00edticas cumplen <strong>informes de inspecci\u00f3n para los requisitos de calidad de la UE<\/strong>.<\/li>\n<li><strong>Certificaciones de Material:<\/strong> Trazabilidad completa con Informes de Prueba de Molino (MTR) y Certificados de Conformidad (CoC).<\/li>\n<\/ul>\n<p>Al adherirnos a las normas AS9100 e ISO, cerramos la brecha entre los costos de fabricaci\u00f3n globales y las rigurosas expectativas de calidad del mercado europeo.<\/p>\n<h2>Servicios de Acabado Completo<\/h2>\n<p><img decoding=\"async\" data-src=\"https:\/\/pub-36eea33d6f1540d281c285671ffb8664.r2.dev\/2026\/01\/21\/Precision_CNC_machining_and_finishing_Europe_NuszN.webp\" alt=\"Mecanizado CNC de precisi\u00f3n y acabado en Europa\" title=\"\" src=\"data:image\/svg+xml;base64,PHN2ZyB3aWR0aD0iMSIgaGVpZ2h0PSIxIiB4bWxucz0iaHR0cDovL3d3dy53My5vcmcvMjAwMC9zdmciPjwvc3ZnPg==\" class=\"lazyload\"><\/p>\n<p>Ofrecemos una experiencia integral de tienda \u00fanica para garantizar que sus componentes lleguen completamente terminados y listos para el montaje inmediato. Entregar <strong>servicios de mecanizado CNC de precisi\u00f3n para piezas de tolerancia ajustada en Europa<\/strong> significa ir m\u00e1s all\u00e1 de simplemente cortar metal; requiere dominar la est\u00e9tica final de la superficie y las propiedades funcionales. Mantenemos estrictos <strong>precisi\u00f3n dimensional y control de acabado superficial<\/strong> a lo largo del post-procesamiento para garantizar que los espesores de recubrimiento no comprometan la geometr\u00eda final de la pieza.<\/p>\n<p>Nuestras capacidades de acabado superficial incluyen:<\/p>\n<ul>\n<li><strong>Anodizado (Tipo II y III):<\/strong> Aumenta la resistencia a la corrosi\u00f3n y la dureza superficial. Este es un requisito est\u00e1ndar para muchos de nuestros <a href=\"https:\/\/zscncparts.com\/es\/product\/cnc-machining-services-for-automotive-aluminum-parts-in-germany\/\">servicios de mecanizado CNC para piezas de aluminio automotriz en Espa\u00f1a<\/a>, ofreciendo protecci\u00f3n y atractivo est\u00e9tico.<\/li>\n<li><strong>Passivaci\u00f3n y Electropulido:<\/strong> Esencial para aplicaciones m\u00e9dicas y de grado alimentario, eliminando hierro superficial del acero inoxidable para prevenir la oxidaci\u00f3n y mejorar la esterilidad.<\/li>\n<li><strong>Recubrimiento en polvo y Chorro de bolitas:<\/strong> Proporciona un acabado mate uniforme y duradero. Podemos lograr requisitos espec\u00edficos de textura, incluyendo una <strong>rugosidad superficial Ra 0.4<\/strong> para interfaces \u00f3pticas o mec\u00e1nicas de alta precisi\u00f3n.<\/li>\n<li><strong>Tratamiento t\u00e9rmico:<\/strong> Mejora la resistencia y dureza del material para entornos industriales exigentes.<\/li>\n<li><strong>Grabado l\u00e1ser:<\/strong> Proporciona marcado permanente de piezas para trazabilidad, logotipos y n\u00fameros de serie.<\/li>\n<\/ul>\n<h2>Impulsando la innovaci\u00f3n europea<\/h2>\n<p>Apoyamos a los equipos de ingenier\u00eda en todo el continente entregando <strong>servicios de mecanizado CNC de precisi\u00f3n para piezas de tolerancia ajustada en Europa<\/strong>. Nuestras capacidades de fabricaci\u00f3n se alinean con las demandas rigurosas de las industrias locales, asegurando que, ya sea en Stuttgart o Toulouse, sus componentes cumplan con las especificaciones exactas sin compromisos.<\/p>\n<ul>\n<li><strong>Excelencia en Automoci\u00f3n:<\/strong> Suministramos componentes de motor de alto rendimiento y carcasas de sensores para los mercados espa\u00f1ol y europeo, manteniendo la precisi\u00f3n dimensional estricta requerida para aplicaciones de alta velocidad.<\/li>\n<li><strong>Precisi\u00f3n M\u00e9dica:<\/strong> Para centros de innovaci\u00f3n como Suiza e Irlanda, nos especializamos en <a href=\"https:\/\/zscncparts.com\/es\/key-requirements-for-cnc-machining-medical-device-components-2\/\">fabricaci\u00f3n de componentes para dispositivos m\u00e9dicos<\/a>, produciendo instrumentos quir\u00fargicos e implantes a partir de materiales biocompatibles como PEEK y Titanio.<\/li>\n<li><strong>Fiabilidad Aeroespacial:<\/strong> Apoyamos a los sectores aeroespaciales en Francia y el Reino Unido con piezas ligeras para drones y soportes estructurales. Nuestros <a href=\"https:\/\/zscncparts.com\/es\/product\/aerospace-turning-parts\/\">piezas de torneado aeroespacial<\/a> est\u00e1n dise\u00f1ados para soportar condiciones extremas minimizando el peso.<\/li>\n<li><strong>Rob\u00f3tica y Automatizaci\u00f3n:<\/strong> Desde efectores finales personalizados hasta engranajes de precisi\u00f3n, mecanizamos geometr\u00edas complejas que impulsan la automatizaci\u00f3n.<\/li>\n<\/ul>\n<h2>Log\u00edstica Global y Env\u00edo a Europa Sin Problemas<\/h2>\n<p>La distancia nunca deber\u00eda comprometer el cronograma de su proyecto. Cerramos la brecha geogr\u00e1fica ofreciendo soluciones log\u00edsticas robustas que hacen que el abastecimiento <strong>servicios de mecanizado CNC de precisi\u00f3n para piezas de tolerancia ajustada en Europa<\/strong> sea tan f\u00e1cil como trabajar con un taller local. Nuestra asociaci\u00f3n establecida con las principales empresas de mensajer\u00eda internacional garantiza que sus componentes de alta precisi\u00f3n se trasladen r\u00e1pidamente desde nuestras instalaciones a las suyas.<\/p>\n<p>Atendemos las necesidades espec\u00edficas de los ingenieros y gerentes de adquisiciones europeos a trav\u00e9s de modelos de env\u00edo flexibles:<\/p>\n<ul>\n<li><strong>Entrega A\u00e9rea Expr\u00e9s:<\/strong> Ideal para <strong>prototipado r\u00e1pido para el mercado de la UE<\/strong> requisitos. Utilizamos DHL, FedEx y UPS para entregar piezas en tan solo <strong>3\u20135 d\u00edas<\/strong>, asegurando que sus ciclos de I+D permanezcan ininterrumpidos.<\/li>\n<li><strong>Transporte Mar\u00edtimo Rentable:<\/strong> Para tiradas de producci\u00f3n de gran volumen, ofrecemos opciones econ\u00f3micas de transporte mar\u00edtimo que reducen significativamente los costos de desembarque sin sacrificar la seguridad.<\/li>\n<li><strong>Servicios DDP (Entregado con Derechos Pagados):<\/strong> Para simplificar el proceso de importaci\u00f3n, podemos encargarnos de todos los tr\u00e1mites aduaneros, aranceles e impuestos. Esto significa que usted recibe una experiencia puerta a puerta sin problemas ni dolores de cabeza administrativos.<\/li>\n<\/ul>\n<h3>Proceso de Pedido Simplificado<\/h3>\n<p>La fabricaci\u00f3n y el env\u00edo de sus piezas implican un flujo de trabajo simple y transparente dise\u00f1ado para la eficiencia:<\/p>\n<ol>\n<li><strong>Carga de CAD:<\/strong> Env\u00eda tus archivos 3D (STEP, IGES, X_T) a trav\u00e9s de nuestro portal seguro.<\/li>\n<li><strong>DFM y Cotizaci\u00f3n:<\/strong> Recibe una cotizaci\u00f3n completa y comentarios gratuitos de Dise\u00f1o para Fabricaci\u00f3n en 24 horas.<\/li>\n<li><strong>Producci\u00f3n y Control de Calidad:<\/strong> Fabricamos tus piezas y realizamos controles rigurosos <strong>informes de inspecci\u00f3n CMM<\/strong> para verificar la precisi\u00f3n antes de que salgan de la f\u00e1brica.<\/li>\n<li><strong>Entrega:<\/strong> Empaquetamos tus componentes de forma segura y los enviamos directamente a tu ubicaci\u00f3n, apoyando <a href=\"https:\/\/zscncparts.com\/es\/product\/custom-cnc-machining-supplier-for-automotive-parts-in-netherlands-and-belgium\/\">el suministro personalizado de mecanizado CNC para piezas automotrices en Pa\u00edses Bajos y B\u00e9lgica<\/a> y en todo el continente.<\/li>\n<\/ol>\n<p>Como un socio de confianza <a href=\"https:\/\/zscncparts.com\/es\/product\/china-custom-cnc-machining-supplier-for-overseas-buyers\/\">Proveedor de mecanizado CNC personalizado en China para compradores en el extranjero<\/a>, aseguramos que cada paso, desde la carga del archivo hasta la entrega final, est\u00e9 optimizado para velocidad, fiabilidad y cumplimiento con las normas europeas.<\/p>\n<h2>Preguntas Frecuentes<\/h2>\n<h3>\u00bfC\u00f3mo garantizan que mis piezas cumplen con los est\u00e1ndares de tolerancia europeos?<\/h3>\n<p>Operamos como un <strong>fabricante certificado seg\u00fan ISO 9001:2015<\/strong>, lo que significa que nuestros sistemas de gesti\u00f3n de calidad son rigurosos y estandarizados. Para entregar <strong>servicios de mecanizado CNC de precisi\u00f3n para piezas de tolerancia ajustada en Europa<\/strong>, utilizamos centros de mecanizado CNC avanzados de 3, 4 y 5 ejes capaces de mantener tolerancias tan ajustadas como <strong>\u00b10.005mm<\/strong>. Cada componente pasa por un monitoreo estricto en proceso y una verificaci\u00f3n final con equipo CMM para asegurar que coincide exactamente con tus especificaciones CAD antes de salir de la f\u00e1brica.<\/p>\n<h3>\u00bfPueden manejar grados de material espec\u00edficos de DIN o ISO?<\/h3>\n<p>S\u00ed, buscamos una amplia gama de metales y pl\u00e1sticos que cumplen con est\u00e1ndares internacionales. Ya sea que tu proyecto requiera aleaciones de aluminio est\u00e1ndar, pl\u00e1sticos de ingenier\u00eda o de alto rendimiento <a href=\"https:\/\/zscncparts.com\/es\/material\/metal\/titanium\/\">materiales de titanio<\/a>, adaptamos la composici\u00f3n del material a tus requisitos espec\u00edficos de DIN o ISO. Verificamos las materias primas al llegar para garantizar que cumplen con las propiedades mec\u00e1nicas y qu\u00edmicas necesarias para tu aplicaci\u00f3n.<\/p>\n<h3>\u00bfCu\u00e1l es el tiempo de entrega para env\u00edos a Alemania, Reino Unido o Francia?<\/h3>\n<p>Entendemos la necesidad de rapidez en I+D y producci\u00f3n. Nuestros tiempos de entrega est\u00e1ndar para mecanizado son t\u00edpicamente <strong>3\u20137 d\u00edas<\/strong>. Una vez que la producci\u00f3n est\u00e9 completa, utilizamos socios log\u00edsticos internacionales establecidos para enviar directamente a destinos en Europa. Las opciones de env\u00edo a\u00e9reo expr\u00e9s generalmente permiten que las piezas lleguen a Alemania, Reino Unido o Francia en <strong>3\u20135 d\u00edas h\u00e1biles<\/strong>, asegurando que su proyecto se mantenga en horario.<\/p>\n<h3>\u00bfProporcionan certificaciones de material e informes de inspecci\u00f3n?<\/h3>\n<p>La transparencia es clave en nuestro proceso. Proporcionamos documentaci\u00f3n completa para respaldar sus necesidades de cumplimiento, incluyendo <strong>informes de inspecci\u00f3n para los requisitos de calidad de la UE<\/strong>, Informes de Pruebas de Material (MTR) y Certificados de Conformidad (CoC). Si su proyecto requiere un informe de Inspecci\u00f3n de Primer Art\u00edculo (FAI), podemos incluirlo para verificar la precisi\u00f3n dimensional y la calidad del acabado superficial.<\/p>\n<div id=\"references\" class=\"min-w-0 scroll-mt-8 overflow-hidden\">\n<div class=\"text-[16px]\">\n<h2 id=\"references\" class=\"mb-2 mt-2 scroll-mt-24 font-serif text-[1.714286em] font-semibold border-border-l1 pb-1 border-b overflow-hidden\">Fuentes relacionadas<\/h2>\n<\/div>\n<div class=\"flex flex-col gap-2 text-sm leading-relaxed\">\n<div class=\"break-words text-[1em] leading-7\"><a class=\"break-words text-[1em] text-blue-500 hover:underline dark:text-blue-200\" href=\"https:\/\/www.hastelloy.com\/products\/alloys\" target=\"_blank\" rel=\"noopener noreferrer\">https:\/\/www.hastelloy.com\/products\/alloys<\/a><\/div>\n<div class=\"break-words text-[1em] leading-7\"><a class=\"break-words text-[1em] text-blue-500 hover:underline dark:text-blue-200\" href=\"https:\/\/www.mmsonline.com\/articles\/what-is-swiss-type-machining\" target=\"_blank\" rel=\"noopener noreferrer\">https:\/\/www.mmsonline.com\/articles\/what-is-swiss-type-machining<\/a><\/div>\n<\/div>\n<\/div>","protected":false},"excerpt":{"rendered":"<p>Servicios de mecanizado CNC de precisi\u00f3n para piezas de tolerancia ajustada en Europa con precisi\u00f3n certificada ISO, capacidad de 5 ejes y entrega r\u00e1pida para componentes cr\u00edticos<\/p>","protected":false},"featured_media":3525,"comment_status":"open","ping_status":"closed","template":"","meta":{"_monsterinsights_skip_tracking":false,"_monsterinsights_sitenote_active":false,"_monsterinsights_sitenote_note":"","_monsterinsights_sitenote_category":0,"site-sidebar-layout":"default","site-content-layout":"","ast-site-content-layout":"default","site-content-style":"default","site-sidebar-style":"default","ast-global-header-display":"","ast-banner-title-visibility":"","ast-main-header-display":"","ast-hfb-above-header-display":"","ast-hfb-below-header-display":"","ast-hfb-mobile-header-display":"","site-post-title":"","ast-breadcrumbs-content":"","ast-featured-img":"","footer-sml-layout":"","theme-transparent-header-meta":"default","adv-header-id-meta":"","stick-header-meta":"","header-above-stick-meta":"","header-main-stick-meta":"","header-below-stick-meta":"","astra-migrate-meta-layouts":"set","ast-page-background-enabled":"default","ast-page-background-meta":{"desktop":{"background-color":"var(--ast-global-color-5)","background-image":"","background-repeat":"repeat","background-position":"center center","background-size":"auto","background-attachment":"scroll","background-type":"","background-media":"","overlay-type":"","overlay-color":"","overlay-opacity":"","overlay-gradient":""},"tablet":{"background-color":"","background-image":"","background-repeat":"repeat","background-position":"center center","background-size":"auto","background-attachment":"scroll","background-type":"","background-media":"","overlay-type":"","overlay-color":"","overlay-opacity":"","overlay-gradient":""},"mobile":{"background-color":"","background-image":"","background-repeat":"repeat","background-position":"center center","background-size":"auto","background-attachment":"scroll","background-type":"","background-media":"","overlay-type":"","overlay-color":"","overlay-opacity":"","overlay-gradient":""}},"ast-content-background-meta":{"desktop":{"background-color":"var(--ast-global-color-4)","background-image":"","background-repeat":"repeat","background-position":"center center","background-size":"auto","background-attachment":"scroll","background-type":"","background-media":"","overlay-type":"","overlay-color":"","overlay-opacity":"","overlay-gradient":""},"tablet":{"background-color":"var(--ast-global-color-4)","background-image":"","background-repeat":"repeat","background-position":"center center","background-size":"auto","background-attachment":"scroll","background-type":"","background-media":"","overlay-type":"","overlay-color":"","overlay-opacity":"","overlay-gradient":""},"mobile":{"background-color":"var(--ast-global-color-4)","background-image":"","background-repeat":"repeat","background-position":"center center","background-size":"auto","background-attachment":"scroll","background-type":"","background-media":"","overlay-type":"","overlay-color":"","overlay-opacity":"","overlay-gradient":""}}},"product_brand":[],"product_cat":[15,32,31],"product_tag":[],"class_list":{"0":"post-3526","1":"product","2":"type-product","3":"status-publish","4":"has-post-thumbnail","6":"product_cat-cnc-machining","7":"product_cat-5-axis","8":"product_cat-turning","9":"desktop-align-left","10":"tablet-align-left","11":"mobile-align-left","13":"first","14":"instock","15":"shipping-taxable","16":"purchasable","17":"product-type-simple"},"_links":{"self":[{"href":"https:\/\/zscncparts.com\/es\/wp-json\/wp\/v2\/product\/3526","targetHints":{"allow":["GET"]}}],"collection":[{"href":"https:\/\/zscncparts.com\/es\/wp-json\/wp\/v2\/product"}],"about":[{"href":"https:\/\/zscncparts.com\/es\/wp-json\/wp\/v2\/types\/product"}],"replies":[{"embeddable":true,"href":"https:\/\/zscncparts.com\/es\/wp-json\/wp\/v2\/comments?post=3526"}],"wp:featuredmedia":[{"embeddable":true,"href":"https:\/\/zscncparts.com\/es\/wp-json\/wp\/v2\/media\/3525"}],"wp:attachment":[{"href":"https:\/\/zscncparts.com\/es\/wp-json\/wp\/v2\/media?parent=3526"}],"wp:term":[{"taxonomy":"product_brand","embeddable":true,"href":"https:\/\/zscncparts.com\/es\/wp-json\/wp\/v2\/product_brand?post=3526"},{"taxonomy":"product_cat","embeddable":true,"href":"https:\/\/zscncparts.com\/es\/wp-json\/wp\/v2\/product_cat?post=3526"},{"taxonomy":"product_tag","embeddable":true,"href":"https:\/\/zscncparts.com\/es\/wp-json\/wp\/v2\/product_tag?post=3526"}],"curies":[{"name":"wp","href":"https:\/\/api.w.org\/{rel}","templated":true}]}}