{"id":2542,"date":"2025-12-01T00:01:32","date_gmt":"2025-11-30T16:01:32","guid":{"rendered":"https:\/\/zscncparts.com\/?page_id=2542"},"modified":"2025-12-07T17:00:16","modified_gmt":"2025-12-07T09:00:16","slug":"videos","status":"publish","type":"page","link":"https:\/\/zscncparts.com\/es\/resources\/videos\/","title":{"rendered":"Videos"},"content":{"rendered":"<style>* { box-sizing: border-box; } body {margin: 0;}*{box-sizing:border-box;}body{margin-top:0px;margin-right:0px;margin-bottom:0px;margin-left:0px;}#content > div:first-child{width:100% !important;max-width:100% !important;}main#content{width:100% !important;max-width:100% !important;}.site-content .ast-container{display:block !important;}.c1156{max-width:100%;width:100%;}.c1512{max-width:100%;width:100%;}.c1839{max-width:100%;width:100%;}.c1903{max-width:100%;width:100%;}.c2523{max-width:100%;width:100%;}<\/style>\n<p><body><\/p>\n<section class=\"bg-white mb-0 max-w-full w-full' style='max-width: 100%; width: max-width: c1156\" style=\"max-width: 100%; width: 100%;\">\n<div class=\"container mx-auto px-6 py-20\">\n<h2 class=\"text-3xl md:text-4xl font-bold text-[#002255] mb-12 text-center font-inter\">Videos de demostraci\u00f3n del proceso de fabricaci\u00f3n<\/h2>\n<div class=\"space-y-20 lg:space-y-0 lg:grid lg:grid-cols-3 lg:gap-x-12\">\n<article class=\"flex flex-col items-center text-center\">\n<h3 class=\"text-xl font-semibold text-[#002255] mb-3 font-inter\">Demostraci\u00f3n completa del proceso de mecanizado CNC<\/h3>\n<p class=\"text-[#2c3e50] max-w-md font-system\">Explora un flujo de trabajo completo <a href=\"\/es\/services\/cnc-machining\/\" class=\"text-[#f46b45] hover:underline font-semibold\">Mecanizado CNC<\/a> desde la configuraci\u00f3n hasta el producto final. Precisi\u00f3n y eficiencia demostradas paso a paso.<\/p>\n<\/article>\n<article class=\"flex flex-col items-center text-center\">\n<h3 class=\"text-xl font-semibold text-[#002255] mb-3 font-inter\">Puntos de control de control de calidad<\/h3>\n<p class=\"text-[#2c3e50] max-w-md font-system\">Los pasos de inspecci\u00f3n detallados aseguran que el producto cumpla con tolerancias y est\u00e1ndares estrictos en cada etapa de fabricaci\u00f3n.<\/p>\n<\/article>\n<article class=\"flex flex-col items-center text-center\">\n<h3 class=\"text-xl font-semibold text-[#002255] mb-3 font-inter\">Proceso de embalaje y env\u00edo<\/h3>\n<p class=\"text-[#2c3e50] max-w-md font-system\">Experimenta m\u00e9todos de embalaje robustos dise\u00f1ados para proteger componentes delicados durante un env\u00edo seguro y puntual.<\/p>\n<\/article><\/div>\n<\/div>\n<\/section>\n<section class=\"bg-white mb-0 w-full max-w-full' style='max-width: 100%; width: max-width: c1512\" style=\"max-width: 100%; width: 100%;\">\n<div class=\"container mx-auto px-6 py-20\">\n<h2 class=\"text-4xl font-semibold text-[#002255] mb-12 text-center font-['Inter']\"> Exposici\u00f3n de equipos clave y producci\u00f3n de ZSCNC <\/h2>\n<div class=\"grid gap-16 lg:grid-cols-3 md:grid-cols-2 sm:grid-cols-1\">\n<article class=\"bg-white rounded-[0px] shadow-[0_4px_6px_rgba(0,0,0,0.1)] p-6 flex flex-col\">\n<h3 class=\"text-2xl font-bold text-[#002255] mb-4 font-['Inter']\"> Centro de mecanizado CNC avanzado <\/h3>\n<p class=\"text-[#7f8c8d] flex-grow mb-6 font-system\"> El mecanizado de precisi\u00f3n con centros CNC de vanguardia ofrece una precisi\u00f3n excepcional. Nuestro equipo garantiza una calidad constante en piezas automotrices complejas. <\/p>\n<\/article>\n<article class=\"bg-gray-50 rounded-[0px] shadow-[0_4px_6px_rgba(0,0,0,0.1)] p-6 flex flex-col\">\n<h3 class=\"text-2xl font-bold text-[#002255] mb-4 font-['Inter']\"> Recorrido por la l\u00ednea de producci\u00f3n digital <\/h3>\n<p class=\"text-[#7f8c8d] flex-grow mb-6 font-system\"> Explora nuestro entorno de producci\u00f3n totalmente integrado optimizado para eficiencia y control de calidad. Ve los flujos de trabajo digitales en acci\u00f3n. <\/p>\n<\/article>\n<article class=\"bg-white rounded-[0px] shadow-[0_4px_6px_rgba(0,0,0,0.1)] p-6 flex flex-col\">\n<h3 class=\"text-2xl font-bold text-[#002255] mb-4 font-['Inter']\"> Equipamiento avanzado destacado <\/h3>\n<p class=\"text-[#7f8c8d] flex-grow mb-6 font-system\"> Destacando nuestras tecnolog\u00edas CNC de 5 ejes y EDM. Dise\u00f1ado para fabricar geometr\u00edas complejas con precisi\u00f3n y repetibilidad. <\/p>\n<\/article><\/div>\n<\/p><\/div>\n<\/section>\n<section class=\"bg-white mb-0 w-full max-w-full' style='max-width: 100%; width: max-width: c1839\" style=\"max-width: 100%; width: 100%;\">\n<div class=\"container mx-auto px-6 py-20\">\n<h2 class=\"text-[#002255] text-3xl sm:text-4xl font-semibold mb-12 font-['Inter']\"> Videos de productos y aplicaciones de ZSCNC <\/h2>\n<\/div>\n<\/section>\n<section class=\"bg-white mb-0 max-w-full w-full' style='max-width: 100%; width: max-width: c1903\" style=\"max-width: 100%; width: 100%;\">\n<div class=\"container mx-auto px-6 py-20\">\n<h2 class=\"text-3xl font-semibold text-[#002255] text-center mb-14 font-['Inter']\">Gesti\u00f3n de calidad y soluciones de inspecci\u00f3n<\/h2>\n<div class=\"grid gap-16 lg:grid-cols-2 lg:items-center bg-gray-50 rounded-[0px] shadow-[0_4px_6px_rgba(0,0,0,0.1)] mb-20\">\n<div> <img decoding=\"async\" data-src=\"https:\/\/zscncparts.com\/wp-content\/uploads\/2025\/12\/inspection-equipment-operation-gae.webp\" alt=\"Operaci\u00f3n del equipo de inspecci\u00f3n\" width=\"1280\" height=\"720\" class=\"rounded-[4px] shadow-[0_4px_6px_rgba(0,0,0,0.1)] w-full object-cover max-h-96 lazyload\" title=\"\" src=\"data:image\/svg+xml;base64,PHN2ZyB3aWR0aD0iMSIgaGVpZ2h0PSIxIiB4bWxucz0iaHR0cDovL3d3dy53My5vcmcvMjAwMC9zdmciPjwvc3ZnPg==\" style=\"--smush-placeholder-width: 1280px; --smush-placeholder-aspect-ratio: 1280\/720;\"> <\/div>\n<div>\n<h3 class=\"text-xl font-bold mb-3 text-[#002255] font-['Inter']\">Operaciones de equipos de inspecci\u00f3n<\/h3>\n<p class=\"text-[#7f8c8d] mb-6 leading-relaxed font-system\"> Optimiza la calidad del producto con videos de equipos de inspecci\u00f3n avanzados. Capacita a los operadores para garantizar precisi\u00f3n y cumplimiento mediante instrucciones visuales claras. <\/p>\n<p> <button type=\"button\" class=\"bg-gradient-to-bl from-[rgba(0,34,85,1)] to-[rgba(42,82,152,1)] text-white h-12 px-6 text-base rounded-[0px] flex items-center justify-center border-none cursor-pointer\"> Explora tutoriales de equipos <\/button> <\/div>\n<\/p><\/div>\n<div class=\"mt-20 grid gap-16 lg:grid-cols-2 lg:items-center lg:grid-flow-col-dense bg-white rounded-[0px] shadow-[0_4px_6px_rgba(0,0,0,0.1)] mb-20\">\n<div class=\"lg:col-start-2\"> <img decoding=\"async\" data-src=\"https:\/\/zscncparts.com\/wp-content\/uploads\/2025\/12\/process-control-in-machining-ia1.webp\" alt=\"Control de proceso en mecanizado\" width=\"800\" height=\"533\" class=\"rounded-[4px] shadow-[0_4px_6px_rgba(0,0,0,0.1)] w-full object-cover max-h-96 lazyload\" title=\"\" src=\"data:image\/svg+xml;base64,PHN2ZyB3aWR0aD0iMSIgaGVpZ2h0PSIxIiB4bWxucz0iaHR0cDovL3d3dy53My5vcmcvMjAwMC9zdmciPjwvc3ZnPg==\" style=\"--smush-placeholder-width: 800px; --smush-placeholder-aspect-ratio: 800\/533;\"> <\/div>\n<div class=\"lg:col-start-1\">\n<h3 class=\"text-xl font-bold mb-3 text-[#002255] font-['Inter']\">Videos de Control de Procesos<\/h3>\n<p class=\"text-[#7f8c8d] mb-6 leading-relaxed font-system\"> Consistencia en el proceso principal con videos de control paso a paso. Reduzca defectos y mejore el rendimiento entrenando a los equipos con ideas accionables. <\/p>\n<p> <button type=\"button\" class=\"bg-gradient-to-bl from-[rgba(0,34,85,1)] to-[rgba(42,82,152,1)] text-white h-12 px-6 text-base rounded-[0px] flex items-center justify-center border-none cursor-pointer\"> Ver T\u00e9cnicas de Control <\/button> <\/div>\n<\/p><\/div>\n<div class=\"mt-20 grid gap-16 lg:grid-cols-2 lg:items-center bg-gray-50 rounded-[0px] shadow-[0_4px_6px_rgba(0,0,0,0.1)]\">\n<div> <img decoding=\"async\" data-src=\"https:\/\/zscncparts.com\/wp-content\/uploads\/2025\/12\/traceability-process-in-manufacturing-isr.webp\" alt=\"Proceso de trazabilidad en fabricaci\u00f3n\" width=\"800\" height=\"449\" class=\"rounded-[4px] shadow-[0_4px_6px_rgba(0,0,0,0.1)] w-full object-cover max-h-96 lazyload\" title=\"\" src=\"data:image\/svg+xml;base64,PHN2ZyB3aWR0aD0iMSIgaGVpZ2h0PSIxIiB4bWxucz0iaHR0cDovL3d3dy53My5vcmcvMjAwMC9zdmciPjwvc3ZnPg==\" style=\"--smush-placeholder-width: 800px; --smush-placeholder-aspect-ratio: 800\/449;\"> <\/div>\n<div>\n<h3 class=\"text-xl font-bold mb-3 text-[#002255] font-['Inter']\">Trazabilidad en Acci\u00f3n<\/h3>\n<p class=\"text-[#7f8c8d] mb-6 leading-relaxed font-system\"> Implemente protocolos de trazabilidad con videos que muestran pasos de acci\u00f3n. Rastree cada fase para cumplir con las normas regulatorias y garantizar la integridad del producto. <\/p>\n<p> <button type=\"button\" class=\"bg-gradient-to-bl from-[rgba(0,34,85,1)] to-[rgba(42,82,152,1)] text-white h-12 px-6 text-base rounded-[0px] flex items-center justify-center border-none cursor-pointer\"> Descubra el Flujo de Trabajo de Trazabilidad <\/button> <\/div>\n<\/p><\/div>\n<\/p><\/div>\n<\/section>\n<section class=\"bg-white mb-0 w-full max-w-full' style='max-width: 100%; width: max-width: c2523\" style=\"max-width: 100%; width: 100%;\">\n<div class=\"container mx-auto px-6 py-20\">\n<h2 class=\"text-3xl font-semibold text-[#002255] text-center mb-12 font-['Inter']\">Proyectos de Clientes y Flujo de Trabajo de Colaboraci\u00f3n<\/h2>\n<div class=\"grid gap-16 lg:grid-cols-2\">\n<div class=\"flex flex-col justify-center\">\n<h3 class=\"text-xl font-semibold text-[#002255] mb-4 font-['Inter']\">Flujo de Trabajo de Colaboraci\u00f3n en Proyectos<\/h3>\n<p class=\"text-[#7f8c8d] mb-6 leading-relaxed font-system\"> Experimente una colaboraci\u00f3n sin fisuras a trav\u00e9s de flujos de trabajo transparentes. Nuestros videos explicativos animados y en vivo aclaran cada fase del proyecto, optimizando la comunicaci\u00f3n y la entrega. Aprenda m\u00e1s sobre nuestro proceso de fabricaci\u00f3n para entender cada paso. <\/p>\n<h3 class=\"text-xl font-semibold text-[#002255] mb-4 font-['Inter']\">Asociaciones con Clientes en el Extranjero<\/h3>\n<p class=\"text-[#7f8c8d] mb-6 leading-relaxed font-system\"> Fortaleciendo alianzas globales con contenido de video dedicado que detalla la coordinaci\u00f3n, el control de calidad y la colaboraci\u00f3n cultural. <\/p>\n<h3 class=\"text-xl font-semibold text-[#002255] mb-4 font-['Inter']\">Resumen de Soporte Postventa y T\u00e9cnico<\/h3>\n<p class=\"text-[#7f8c8d] leading-relaxed font-system\"> Videos de soporte integrales que aseguran una resoluci\u00f3n r\u00e1pida y asistencia t\u00e9cnica, resaltando nuestro compromiso con el \u00e9xito del cliente m\u00e1s all\u00e1 de la entrega. Descubra m\u00e1s sobre nuestra filosof\u00eda de soporte al cliente. <\/p>\n<\/p><\/div>\n<div class=\"relative w-full h-64 sm:h-80 md:h-96 lg:h-auto rounded-[4px] overflow-hidden shadow-[0_4px_6px_rgba(0,0,0,0.1)]\"> <img decoding=\"async\" data-src=\"https:\/\/zscncparts.com\/wp-content\/uploads\/2025\/12\/demonstration-of-precision-machining-with-advanced-digital-process-qtc.webp\" alt=\"Demostraci\u00f3n de mecanizado de precisi\u00f3n con proceso digital avanzado\" class=\"object-cover w-full h-full rounded-[4px]&#039; loading=&#039;lazy lazyload\" title=\"\" src=\"data:image\/svg+xml;base64,PHN2ZyB3aWR0aD0iMSIgaGVpZ2h0PSIxIiB4bWxucz0iaHR0cDovL3d3dy53My5vcmcvMjAwMC9zdmciPjwvc3ZnPg==\" style=\"--smush-placeholder-width: 700px; --smush-placeholder-aspect-ratio: 700\/467;\"> <\/div>\n<\/p><\/div>\n<\/p><\/div>\n<\/section>\n<p><\/body><\/p>\n<p><!-- AIVB Required Assets -->\n<link rel=\"stylesheet\" href=\"https:\/\/cdn.jsdelivr.net\/npm\/tailwindcss@2.2.19\/dist\/tailwind.min.css\">\n<link rel=\"stylesheet\" id=\"aivb-fontawesome-css\" href=\"https:\/\/cdn.jsdelivr.net\/npm\/@fortawesome\/fontawesome-free@6.4.0\/css\/all.min.css?ver=6.4.0\" media=\"all\">\n<script src=\"https:\/\/cdn.tailwindcss.com\"><\/script><\/p>\n<style>\n#content { width: 100% !important;  max-width: 100% !important; }\n#content > div:first-child { width: 100% !important;  max-width: 100% !important; }\n.ast-container { width: 100% !important;  max-width: 100% !important; }\nmain#content { width: 100% !important; max-width: 100% !important; }\n.page-content { width: 100% !important; max-width: 100% !important; }\n.site-content .ast-container { display: block !important; }\n<\/style>","protected":false},"excerpt":{"rendered":"<p>Manufacturing Process Demonstration Videos CNC Machining Full Process Demonstration Explore a complete CNC machining workflow from setup to final product. [&hellip;]<\/p>","protected":false},"author":1,"featured_media":0,"parent":2534,"menu_order":0,"comment_status":"closed","ping_status":"closed","template":"","meta":{"_monsterinsights_skip_tracking":false,"_monsterinsights_sitenote_active":false,"_monsterinsights_sitenote_note":"","_monsterinsights_sitenote_category":0,"site-sidebar-layout":"no-sidebar","site-content-layout":"page-builder","ast-site-content-layout":"default","site-content-style":"unboxed","site-sidebar-style":"default","ast-global-header-display":"","ast-banner-title-visibility":"","ast-main-header-display":"","ast-hfb-above-header-display":"","ast-hfb-below-header-display":"","ast-hfb-mobile-header-display":"","site-post-title":"","ast-breadcrumbs-content":"","ast-featured-img":"","footer-sml-layout":"","theme-transparent-header-meta":"","adv-header-id-meta":"","stick-header-meta":"","header-above-stick-meta":"","header-main-stick-meta":"","header-below-stick-meta":"","astra-migrate-meta-layouts":"default","ast-page-background-enabled":"default","ast-page-background-meta":{"desktop":{"background-color":"var(--ast-global-color-5)","background-image":"","background-repeat":"repeat","background-position":"center center","background-size":"auto","background-attachment":"scroll","background-type":"","background-media":"","overlay-type":"","overlay-color":"","overlay-opacity":"","overlay-gradient":""},"tablet":{"background-color":"","background-image":"","background-repeat":"repeat","background-position":"center center","background-size":"auto","background-attachment":"scroll","background-type":"","background-media":"","overlay-type":"","overlay-color":"","overlay-opacity":"","overlay-gradient":""},"mobile":{"background-color":"","background-image":"","background-repeat":"repeat","background-position":"center center","background-size":"auto","background-attachment":"scroll","background-type":"","background-media":"","overlay-type":"","overlay-color":"","overlay-opacity":"","overlay-gradient":""}},"ast-content-background-meta":{"desktop":{"background-color":"var(--ast-global-color-4)","background-image":"","background-repeat":"repeat","background-position":"center center","background-size":"auto","background-attachment":"scroll","background-type":"","background-media":"","overlay-type":"","overlay-color":"","overlay-opacity":"","overlay-gradient":""},"tablet":{"background-color":"var(--ast-global-color-4)","background-image":"","background-repeat":"repeat","background-position":"center center","background-size":"auto","background-attachment":"scroll","background-type":"","background-media":"","overlay-type":"","overlay-color":"","overlay-opacity":"","overlay-gradient":""},"mobile":{"background-color":"var(--ast-global-color-4)","background-image":"","background-repeat":"repeat","background-position":"center center","background-size":"auto","background-attachment":"scroll","background-type":"","background-media":"","overlay-type":"","overlay-color":"","overlay-opacity":"","overlay-gradient":""}},"footnotes":""},"class_list":["post-2542","page","type-page","status-publish","hentry"],"_links":{"self":[{"href":"https:\/\/zscncparts.com\/es\/wp-json\/wp\/v2\/pages\/2542","targetHints":{"allow":["GET"]}}],"collection":[{"href":"https:\/\/zscncparts.com\/es\/wp-json\/wp\/v2\/pages"}],"about":[{"href":"https:\/\/zscncparts.com\/es\/wp-json\/wp\/v2\/types\/page"}],"author":[{"embeddable":true,"href":"https:\/\/zscncparts.com\/es\/wp-json\/wp\/v2\/users\/1"}],"replies":[{"embeddable":true,"href":"https:\/\/zscncparts.com\/es\/wp-json\/wp\/v2\/comments?post=2542"}],"version-history":[{"count":0,"href":"https:\/\/zscncparts.com\/es\/wp-json\/wp\/v2\/pages\/2542\/revisions"}],"up":[{"embeddable":true,"href":"https:\/\/zscncparts.com\/es\/wp-json\/wp\/v2\/pages\/2534"}],"wp:attachment":[{"href":"https:\/\/zscncparts.com\/es\/wp-json\/wp\/v2\/media?parent=2542"}],"curies":[{"name":"wp","href":"https:\/\/api.w.org\/{rel}","templated":true}]}}