{"id":2534,"date":"2025-11-30T23:44:59","date_gmt":"2025-11-30T15:44:59","guid":{"rendered":"https:\/\/zscncparts.com\/?page_id=2534"},"modified":"2025-12-07T16:25:16","modified_gmt":"2025-12-07T08:25:16","slug":"resources","status":"publish","type":"page","link":"https:\/\/zscncparts.com\/es\/resources\/","title":{"rendered":"Recursos"},"content":{"rendered":"<style>* { box-sizing: border-box; } body {margin: 0;}*{box-sizing:border-box;}body{margin-top:0px;margin-right:0px;margin-bottom:0px;margin-left:0px;}#content > div:first-child{width:100% !important;max-width:100% !important;}main#content{width:100% !important;max-width:100% !important;}.site-content .ast-container{display:block !important;}.c2665{max-width:100%;width:100%;}.c906{max-width:100%;width:100%;}.c1098{max-width:100%;width:100%;}.c1509{max-width:100%;width:100%;}.c2004{max-width:100%;width:100%;}.c3175{max-width:100%;width:100%;}.c4134{max-width:100%;width:100%;}<\/style>\n<p><body><\/p>\n<section class=\"relative bg-[#ffffff] bg-[url('https:\/\/zscncparts.com\/wp-content\/uploads\/2025\/12\/industrial-robotic-arm-automating-manufacturing-process-sow.webp')] bg-center bg-no-repeat bg-cover md:bg-contain lg:bg-cover min-h-[336px] sm:min-h-[420px] lg:min-h-[504px] mb-0 w-full max-w-full c906\" style=\"max-width: 100%; width: 100%;\">\n<div class=\"absolute inset-0 bg-[#002255] bg-opacity-60\"><\/div>\n<div class=\"relative z-10 max-w-7xl mx-auto px-6 py-20 flex flex-col justify-center h-full text-white sm:py-28 lg:py-32 container\">\n<h1 class=\"text-3xl sm:text-4xl lg:text-5xl font-extrabold leading-tight max-w-3xl drop-shadow-md font-['Inter'] !text-[#ffffff]\">\n      Centro de Conocimiento en Mecanizado CNC<br \/>\n    <\/h1>\n<p class=\"mt-4 text-lg sm:text-xl max-w-2xl leading-relaxed drop-shadow-md font-sans\">\n      Impulsa la innovaci\u00f3n en fabricaci\u00f3n con nuestros conocimientos profundos y conocimientos seleccionados. Potencia decisiones, mejora la planificaci\u00f3n de procesos y acelera la automatizaci\u00f3n industrial.\n    <\/p>\n<\/div>\n<\/section>\n<section class=\"bg-white text-[#2c3e50] mb-0 w-full max-w-full' style='max-width: 100%; width: max-width: c1098\" style=\"max-width: 100%; width: 100%;\">\n<div class=\"container mx-auto px-6 py-20\">\n<h2 class=\"text-3xl font-semibold text-[#002255] mb-12 text-center md:text-left font-['Inter']\">Resumen de Recursos ZSCNC y Perspectivas de la Industria<\/h2>\n<div class=\"grid grid-cols-1 lg:grid-cols-2 gap-16 items-center\">\n<div>\n<h3 class=\"text-xl font-semibold text-[#002255] mb-4 font-['Inter']\">Categorizaci\u00f3n Integral de Recursos<\/h3>\n<p class=\"mb-6 leading-relaxed font-system\"> Acceda a una biblioteca estructurada de recursos espec\u00edficos de la industria y t\u00e9cnicos que optimizan la toma de decisiones y mejoran la eficiencia operativa. <\/p>\n<h3 class=\"text-xl font-semibold text-[#002255] mb-4 font-['Inter']\">Perspectivas y Conocimientos T\u00e9cnicos de Expertos en la Industria<\/h3>\n<p class=\"mb-6 leading-relaxed font-system\"> Obt\u00e9n conocimientos pr\u00e1cticos a partir de an\u00e1lisis t\u00e9cnicos profundos y tendencias del mercado adaptadas a sectores de fabricaci\u00f3n avanzada. <\/p>\n<h3 class=\"text-xl font-semibold text-[#002255] mb-4 font-['Inter']\">Marco de Procesos y Preguntas Guiadas<\/h3>\n<p class=\"mb-6 leading-relaxed font-system\"> Navega por flujos de trabajo complejos de fabricaci\u00f3n con orientaci\u00f3n paso a paso, optimizando resultados operativos y mitigando riesgos. <\/p>\n<h3 class=\"text-xl font-semibold text-[#002255] mb-4 font-['Inter']\">Demostraciones Visuales y Exhibiciones de Capacidades de F\u00e1brica<\/h3>\n<p class=\"leading-relaxed font-system\"> Explora im\u00e1genes de alta resoluci\u00f3n y demostraciones que ilustran capacidades de f\u00e1brica de vanguardia y procesos automatizados. <\/p>\n<\/p><\/div>\n<div> <img decoding=\"async\" data-src=\"https:\/\/zscncparts.com\/wp-content\/uploads\/2025\/12\/industrial-robotic-arm-automating-manufacturing-process-sow.webp\" alt=\"Brazo rob\u00f3tico industrial que automatiza el proceso de fabricaci\u00f3n\" class=\"w-full rounded-[4px] shadow-[0_4px_6px_rgba(0,0,0,0.1)] object-cover max-h-[480px]&#039; loading=&#039;lazy&#039; width=&#039;1742&#039; height=&#039;980 lazyload\" title=\"\" src=\"data:image\/svg+xml;base64,PHN2ZyB3aWR0aD0iMSIgaGVpZ2h0PSIxIiB4bWxucz0iaHR0cDovL3d3dy53My5vcmcvMjAwMC9zdmciPjwvc3ZnPg==\" style=\"--smush-placeholder-width: 1000px; --smush-placeholder-aspect-ratio: 1000\/563;\"> <\/div>\n<\/p><\/div>\n<\/p><\/div>\n<\/section>\n<section class=\"bg-gray-50 mb-0 w-full' style='max-width: 100%; width: max-width: c1509\" style=\"max-width: 100%; width: 100%;\">\n<div class=\"container mx-auto px-6 py-20\">\n<h2 class=\"text-4xl font-semibold text-[#002255] mb-12 text-center font-['Inter']\">Perspectivas y Conocimientos Profundos de la Industria<\/h2>\n<div class=\"space-y-8 lg:space-y-0 lg:grid lg:grid-cols-2 lg:gap-8\">\n<article class=\"flex flex-col lg:flex-row bg-white rounded-[0px] shadow-md overflow-hidden\">\n<div class=\"p-4 flex flex-col justify-center\">\n<h3 class=\"text-xl font-bold text-[#002255] mb-2 font-['Inter']\">Selecci\u00f3n de Procesos de Mecanizado y Control de Precisi\u00f3n<\/h3>\n<p class=\"text-[#7f8c8d] leading-relaxed font-system-ui text-sm\">\n                Optimiza los resultados de fabricaci\u00f3n con estrategias avanzadas de <a href=\"\/es\/services\/cnc-machining\/\" class=\"text-[#f46b45] hover:underline font-semibold\">mecanizado<\/a> Nuestra experiencia garantiza una selecci\u00f3n de procesos precisa para la m\u00e1xima calidad.\n            <\/p>\n<\/div>\n<\/article>\n<article class=\"flex flex-col lg:flex-row-reverse bg-gray-50 rounded-[0px] shadow-md overflow-hidden\">\n<div class=\"p-4 flex flex-col justify-center\">\n<h3 class=\"text-xl font-bold text-[#002255] mb-2 font-['Inter']\">Normas de Calidad y Entrega para Proyectos Internacionales<\/h3>\n<p class=\"text-[#7f8c8d] leading-relaxed font-system-ui text-sm\">\n                Mantenemos controles de calidad rigurosos y plazos de entrega confiables, asegurando el cumplimiento de est\u00e1ndares globales para tus necesidades de fabricaci\u00f3n internacional.\n            <\/p>\n<\/div>\n<\/article>\n<article class=\"flex flex-col lg:flex-row bg-white rounded-[0px] shadow-md overflow-hidden\">\n<div class=\"p-4 flex flex-col justify-center\">\n<h3 class=\"text-xl font-bold text-[#002255] mb-2 font-['Inter']\">Colaboraci\u00f3n en Dise\u00f1o Estructural para la Fabricabilidad<\/h3>\n<p class=\"text-[#7f8c8d] leading-relaxed font-system-ui text-sm\">\n                Nuestros equipos de ingenier\u00eda trabajan estrechamente con los clientes para alinear los dise\u00f1os estructurales con la fabricabilidad \u00f3ptima, reduciendo costos y mejorando el rendimiento del producto.\n            <\/p>\n<\/div>\n<\/article>\n<article class=\"flex flex-col lg:flex-row-reverse bg-gray-50 rounded-[0px] shadow-md overflow-hidden\">\n<div class=\"p-4 flex flex-col justify-center\">\n<h3 class=\"text-xl font-bold text-[#002255] mb-2 font-['Inter']\">Experiencia con Prototipos y Escalado de Producci\u00f3n<\/h3>\n<p class=\"text-[#7f8c8d] leading-relaxed font-system-ui text-sm\">\n                Desde las primeras pruebas de prototipo hasta la producci\u00f3n a gran escala, aseguramos transiciones sin problemas con calidad y eficiencia consistentes en <a href=\"\/es\/services\/cnc-machining\/milling\/\" class=\"text-[#f46b45] hover:underline font-semibold\">fresado<\/a> y <a href=\"\/es\/services\/cnc-machining\/turning\/\" class=\"text-[#f46b45] hover:underline font-semibold\">torneado<\/a>.\n            <\/p>\n<\/div>\n<\/article>\n<\/div>\n<footer class=\"mt-16 text-center text-[#002255] font-semibold font-['Inter']\">\n<p>ZSCNC \u2013 Entregando Precisi\u00f3n. Impulsando la Innovaci\u00f3n.<\/p>\n<\/footer><\/div>\n<\/section>\n<section class=\"bg-white mb-0 w-full' style='max-width: 100%; width: max-width: c2004\" style=\"max-width: 100%; width: 100%;\">\n<div class=\"container mx-auto px-6 py-20\">\n<h2 class=\"text-4xl font-semibold text-[#002255] mb-12 text-center font-['Inter']\">Gu\u00eda de Colaboraci\u00f3n y Procesos de ZSCNC<\/h2>\n<div class=\"space-y-20 lg:space-y-0 lg:grid lg:grid-cols-2 lg:gap-x-16\">\n<article class=\"flex flex-col justify-between bg-gray-50 p-6 shadow-[0_4px_6px_rgba(0,0,0,0.1)] rounded-[0px]\">\n<div>\n<h3 class=\"text-2xl font-bold text-[#002255] mb-4 font-['Inter']\">Inicio de Proyecto y Cotizaci\u00f3n<\/h3>\n<p class=\"text-[#7f8c8d] mb-6 font-system\"> Aclaramos las necesidades de su proyecto, entregamos cotizaciones precisas y establecemos expectativas claras sobre costos y plazos, asegurando un proceso sin inconvenientes <a href=\"\/es\/about\/manufacturing-process\/\" class=\"text-[#f46b45] hover:underline font-semibold\">proceso de fabricaci\u00f3n<\/a>. <\/p>\n<\/div>\n<\/article>\n<article class=\"flex flex-col justify-between lg:pt-12 bg-white p-6 shadow-[0_4px_6px_rgba(0,0,0,0.1)] rounded-[0px]\">\n<div>\n<h3 class=\"text-2xl font-bold text-[#002255] mb-4 font-['Inter']\">Revisi\u00f3n de Procesos y Prototipado<\/h3>\n<p class=\"text-[#7f8c8d] mb-6 font-system\"> Nuestro equipo revisa rigurosamente el proceso y produce <a href=\"\/es\/services\/fabrication\/rapid-prototyping\/\" class=\"text-[#f46b45] hover:underline font-semibold\">prototipos<\/a> para garantizar la precisi\u00f3n y calidad del producto. <\/p>\n<\/div>\n<\/article>\n<article class=\"flex flex-col justify-between lg:pt-12 bg-gray-50 p-6 shadow-[0_4px_6px_rgba(0,0,0,0.1)] rounded-[0px]\">\n<div>\n<h3 class=\"text-2xl font-bold text-[#002255] mb-4 font-['Inter']\">Producci\u00f3n y Monitoreo de Calidad<\/h3>\n<p class=\"text-[#7f8c8d] mb-6 font-system\"> El monitoreo y las inspecciones continuas aseguran <a href=\"\/es\/about\/quality-control\/\" class=\"text-[#f46b45] hover:underline font-semibold\">salida de alta calidad<\/a> que cumple con sus especificaciones. <\/p>\n<\/div>\n<\/article>\n<article class=\"flex flex-col justify-between lg:pt-12 bg-white p-6 shadow-[0_4px_6px_rgba(0,0,0,0.1)] rounded-[0px]\">\n<div>\n<h3 class=\"text-2xl font-bold text-[#002255] mb-4 font-['Inter']\">Embalaje, Env\u00edo y Soporte Postventa<\/h3>\n<p class=\"text-[#7f8c8d] mb-6 font-system\"> Un embalaje confiable y un env\u00edo r\u00e1pido protegen su pedido, adem\u00e1s de un soporte continuo que garantiza satisfacci\u00f3n. <\/p>\n<\/div>\n<\/article>\n<section aria-labelledby=\"faq-heading\" class=\"lg:col-span-2 mt-20 bg-gray-50 p-6 shadow-[0_4px_6px_rgba(0,0,0,0.1)] rounded-[0px] mb-0 c2665\" style=\"max-width: 100%; width: 100%;\">\n<h3 id=\"faq-heading\" class=\"text-3xl font-extrabold text-[#002255] mb-10 text-center font-['Inter']\">Preguntas Frecuentes<\/h3>\n<p class=\"text-[#7f8c8d] mb-6 font-system text-center\">Encuentre respuestas a consultas comunes en nuestra <a href=\"\/es\/resources\/faq\/\" class=\"text-[#f46b45] hover:underline font-semibold\">secci\u00f3n de Preguntas Frecuentes<\/a>.<\/p>\n<dl class=\"max-w-4xl mx-auto space-y-8\">\n<div>\n<dt class=\"font-semibold text-[#002255] text-lg mb-2 font-['Inter']\">\u00bfC\u00f3mo puedo iniciar un proyecto con ZSCNC?<\/dt>\n<dd class=\"text-[#7f8c8d] font-system\"> Cont\u00e1ctenos para discutir sus requisitos y recibir una cotizaci\u00f3n detallada adaptada a sus necesidades. <\/dd>\n<\/p><\/div>\n<div>\n<dt class=\"font-semibold text-[#002255] text-lg mb-2 font-['Inter']\">\u00bfCu\u00e1l es el proceso de creaci\u00f3n de prototipos?<\/dt>\n<dd class=\"text-[#7f8c8d] font-system\"> Creamos prototipos basados en sus dise\u00f1os para verificar la precisi\u00f3n y funcionalidad antes de la producci\u00f3n completa. <\/dd>\n<\/p><\/div>\n<div>\n<dt class=\"font-semibold text-[#002255] text-lg mb-2 font-['Inter']\">\u00bfC\u00f3mo aseguran la calidad de producci\u00f3n?<\/dt>\n<dd class=\"text-[#7f8c8d] font-system\"> Nuestro equipo de calidad monitorea continuamente la producci\u00f3n y realiza inspecciones en cada etapa. <\/dd>\n<\/p><\/div>\n<div>\n<dt class=\"font-semibold text-[#002255] text-lg mb-2 font-['Inter']\">\u00bfCu\u00e1les son sus pol\u00edticas de env\u00edo y soporte?<\/dt>\n<dd class=\"text-[#7f8c8d] font-system\"> Ofrecemos embalaje seguro, env\u00edo puntual y soporte postventa dedicado para todos los clientes. <\/dd>\n<\/p><\/div>\n<\/dl>\n<\/section><\/div>\n<\/p><\/div>\n<\/section>\n<section class=\"bg-gray-50 mb-0 w-full max-w-full' style='max-width: 100%; width: max-width: c3175\" style=\"max-width: 100%; width: 100%;\">\n<div class=\"container mx-auto px-6 py-20\">\n<h2 class=\"text-4xl font-semibold text-[#002255] mb-12 text-center font-['Inter']\">Demostraci\u00f3n del proceso y capacidad de ZSCNC<\/h2>\n<div class=\"grid gap-16 lg:grid-cols-2 items-center\">\n<div>\n<h3 class=\"text-2xl font-semibold text-[#002255] mb-4 font-['Inter']\">Procesos clave de mecanizado y flujo de trabajo<\/h3>\n<p class=\"text-[#2c3e50] mb-6 leading-relaxed font-system\"> Explore el flujo de trabajo de mecanizado de precisi\u00f3n de ZSCNC que ofrece consistencia, precisi\u00f3n y eficiencia. Nuestros procesos optimizados reducen los tiempos de entrega sin comprometer la calidad. <\/p>\n<div class=\"space-y-4\">\n<p class=\"text-sm text-[#7f8c8d]\">Demostraci\u00f3n del flujo de trabajo que muestra operaciones en torno CNC de m\u00faltiples ejes.<\/p>\n<\/p><\/div>\n<\/p><\/div>\n<div> <img decoding=\"async\" data-src=\"https:\/\/zscncparts.com\/wp-content\/uploads\/2025\/12\/precision-cnc-machined-oil-gas-components-6me.webp\" alt=\"Proceso de mecanizado CNC en acci\u00f3n\" width=\"768\" height=\"513\" class=\"rounded-[4px] shadow-lg w-full object-cover lazyload\" title=\"\" src=\"data:image\/svg+xml;base64,PHN2ZyB3aWR0aD0iMSIgaGVpZ2h0PSIxIiB4bWxucz0iaHR0cDovL3d3dy53My5vcmcvMjAwMC9zdmciPjwvc3ZnPg==\" style=\"--smush-placeholder-width: 768px; --smush-placeholder-aspect-ratio: 768\/513;\"> <\/div>\n<\/p><\/div>\n<div class=\"mt-20\">\n<h3 class=\"text-2xl font-semibold text-[#002255] mb-8 text-center font-['Inter']\">Piezas t\u00edpicas y escenarios de aplicaci\u00f3n<\/h3>\n<div class=\"grid gap-10 sm:grid-cols-2 lg:grid-cols-3\">\n<div class=\"bg-white rounded-[0px] shadow-lg p-6 flex flex-col items-center text-center\"> <img decoding=\"async\" data-src=\"https:\/\/zscncparts.com\/wp-content\/uploads\/2025\/12\/complex-mechanical-component-manufacturing-qtx.webp\" alt=\"Fabricaci\u00f3n de componentes mec\u00e1nicos complejos\" width=\"800\" height=\"449\" class=\"mb-4 rounded-[4px] object-cover w-full lazyload\" title=\"\" src=\"data:image\/svg+xml;base64,PHN2ZyB3aWR0aD0iMSIgaGVpZ2h0PSIxIiB4bWxucz0iaHR0cDovL3d3dy53My5vcmcvMjAwMC9zdmciPjwvc3ZnPg==\" style=\"--smush-placeholder-width: 800px; --smush-placeholder-aspect-ratio: 800\/449;\"> <\/p>\n<h4 class=\"text-lg font-semibold text-[#002255] mb-2 font-['Inter']\">Componentes mec\u00e1nicos complejos<\/h4>\n<p class=\"text-[#7f8c8d] text-sm font-system\">Fabricaci\u00f3n de alta precisi\u00f3n para piezas aeroespaciales y automotrices.<\/p>\n<\/p><\/div>\n<div class=\"bg-gray-50 rounded-[0px] shadow-lg p-6 flex flex-col items-center text-center\"> <img decoding=\"async\" data-src=\"https:\/\/zscncparts.com\/wp-content\/uploads\/2025\/12\/engineering-design-and-manufacturing-udf.webp\" alt=\"Dise\u00f1o y fabricaci\u00f3n de ingenier\u00eda\" width=\"626\" height=\"417\" class=\"mb-4 rounded-[4px] object-cover w-full lazyload\" title=\"\" src=\"data:image\/svg+xml;base64,PHN2ZyB3aWR0aD0iMSIgaGVpZ2h0PSIxIiB4bWxucz0iaHR0cDovL3d3dy53My5vcmcvMjAwMC9zdmciPjwvc3ZnPg==\" style=\"--smush-placeholder-width: 626px; --smush-placeholder-aspect-ratio: 626\/417;\"> <\/p>\n<h4 class=\"text-lg font-semibold text-[#002255] mb-2 font-['Inter']\">Piezas de ingenier\u00eda de precisi\u00f3n<\/h4>\n<p class=\"text-[#7f8c8d] text-sm font-system\">Soluciones personalizadas que apoyan las fases de I+D y creaci\u00f3n de prototipos.<\/p>\n<\/p><\/div>\n<div class=\"bg-white rounded-[0px] shadow-lg p-6 flex flex-col items-center text-center\"> <img decoding=\"async\" data-src=\"https:\/\/zscncparts.com\/wp-content\/uploads\/2025\/12\/metalworking-and-turning-process-jww.webp\" alt=\"Trabajo en metal y proceso de torneado\" width=\"1300\" height=\"1012\" class=\"mb-4 rounded-[4px] object-cover w-full lazyload\" title=\"\" src=\"data:image\/svg+xml;base64,PHN2ZyB3aWR0aD0iMSIgaGVpZ2h0PSIxIiB4bWxucz0iaHR0cDovL3d3dy53My5vcmcvMjAwMC9zdmciPjwvc3ZnPg==\" style=\"--smush-placeholder-width: 1300px; --smush-placeholder-aspect-ratio: 1300\/1012;\"> <\/p>\n<h4 class=\"text-lg font-semibold text-[#002255] mb-2 font-['Inter']\">Trabajo en metal y torneado<\/h4>\n<p class=\"text-[#7f8c8d] text-sm font-system\">Confiados en la fabricaci\u00f3n de componentes met\u00e1licos de grado industrial.<\/p>\n<\/p><\/div>\n<\/p><\/div>\n<\/p><\/div>\n<\/p><\/div>\n<\/section>\n<section class=\"bg-white mb-0 max-w-full w-full' style='max-width: 100%; width: max-width: c4134\" style=\"max-width: 100%; width: 100%;\">\n<div class=\"container mx-auto px-6 py-20\">\n<h2 class=\"text-4xl font-semibold text-[#002255] max-w-4xl mx-auto text-center mb-16 font-inter\"> M\u00f3dulo de actualizaciones y compromiso con el cliente <\/h2>\n<div class=\"grid grid-cols-1 lg:grid-cols-2 gap-16 items-center max-w-7xl mx-auto\">\n<div class=\"space-y-8\">\n<article>\n<h3 class=\"text-2xl font-bold text-[#002255] mb-3 font-inter\"> Actualizaciones continuas de recursos <\/h3>\n<p class=\"text-[#7f8c8d] leading-relaxed font-sans\"> Asegure que su equipo siempre tenga acceso a las \u00faltimas ideas y tecnolog\u00edas del sector mediante actualizaciones autom\u00e1ticas sin interrupciones. <\/p>\n<\/article>\n<article>\n<h3 class=\"text-2xl font-bold text-[#002255] mb-3 font-inter\"> Sugerencias de temas y comentarios de clientes <\/h3>\n<p class=\"text-[#7f8c8d] leading-relaxed font-sans\"> Empodere a los clientes para sugerir temas y proporcionar comentarios, creando un di\u00e1logo din\u00e1mico que impulsa mejoras en productos y servicios. Aprenda m\u00e1s sobre nuestro enfoque de compromiso con el cliente en la p\u00e1gina acerca de. <\/p>\n<\/article>\n<article>\n<h3 class=\"text-2xl font-bold text-[#002255] mb-3 font-inter\"> Centro de Conocimiento en Evoluci\u00f3n y Enfoque en Socios <\/h3>\n<p class=\"text-[#7f8c8d] leading-relaxed font-sans\"> Colabore con socios para expandir y perfeccionar continuamente el centro de conocimiento, fomentando una cultura de innovaci\u00f3n y crecimiento compartido. <\/p>\n<\/article>\n<p> <a href=\"https:\/\/zscncparts.com\/es\/request-quote\/\" aria-label=\"Aprenda m\u00e1s sobre las actualizaciones y el compromiso de ZSCNC\"><button type=\"button\" class=\"bg-gradient-to-tr from-[#002255] to-[#2a5298] text-white h-12 px-6 text-base rounded-[0px] flex items-center justify-center border-none cursor-pointer mt-6\">Explorar soluciones ZSCNC<\/button><\/a> <\/div>\n<div> <img decoding=\"async\" data-src=\"https:\/\/zscncparts.com\/wp-content\/uploads\/2025\/12\/knowledge-graph-fusion-illustrating-advanced-manufacturing-planning-xic.webp\" alt=\"Fusi\u00f3n de grafo de conocimiento que ilustra la planificaci\u00f3n avanzada de fabricaci\u00f3n\" class=\"w-full h-auto rounded-[4px] shadow-[0_4px_6px_rgba(0,0,0,0.1)]&#039; width=&#039;940&#039; height=&#039;590&#039; loading=&#039;lazy&#039; decoding=&#039;async lazyload\" title=\"\" src=\"data:image\/svg+xml;base64,PHN2ZyB3aWR0aD0iMSIgaGVpZ2h0PSIxIiB4bWxucz0iaHR0cDovL3d3dy53My5vcmcvMjAwMC9zdmciPjwvc3ZnPg==\" style=\"--smush-placeholder-width: 1536px; --smush-placeholder-aspect-ratio: 1536\/1026;\"> <\/div>\n<\/p><\/div>\n<\/p><\/div>\n<\/section>\n<p><\/body><\/p>\n<p><!-- AIVB Required Assets -->\n<link rel=\"stylesheet\" href=\"https:\/\/cdn.jsdelivr.net\/npm\/tailwindcss@2.2.19\/dist\/tailwind.min.css\">\n<link rel=\"stylesheet\" id=\"aivb-fontawesome-css\" href=\"https:\/\/cdn.jsdelivr.net\/npm\/@fortawesome\/fontawesome-free@6.4.0\/css\/all.min.css?ver=6.4.0\" media=\"all\">\n<script src=\"https:\/\/cdn.tailwindcss.com\"><\/script><\/p>\n<style>\n#content { width: 100% !important;  max-width: 100% !important; }\n#content > div:first-child { width: 100% !important;  max-width: 100% !important; }\n.ast-container { width: 100% !important;  max-width: 100% !important; }\nmain#content { width: 100% !important; max-width: 100% !important; }\n.page-content { width: 100% !important; max-width: 100% !important; }\n.site-content .ast-container { display: block !important; }\n<\/style>","protected":false},"excerpt":{"rendered":"<p>CNC Machining Knowledge Center Drive manufacturing innovation with our deep insights and curated knowledge. Empower decisions, enhance process planning, and [&hellip;]<\/p>","protected":false},"author":1,"featured_media":0,"parent":0,"menu_order":0,"comment_status":"closed","ping_status":"closed","template":"","meta":{"_monsterinsights_skip_tracking":false,"_monsterinsights_sitenote_active":false,"_monsterinsights_sitenote_note":"","_monsterinsights_sitenote_category":0,"site-sidebar-layout":"no-sidebar","site-content-layout":"page-builder","ast-site-content-layout":"default","site-content-style":"unboxed","site-sidebar-style":"default","ast-global-header-display":"","ast-banner-title-visibility":"","ast-main-header-display":"","ast-hfb-above-header-display":"","ast-hfb-below-header-display":"","ast-hfb-mobile-header-display":"","site-post-title":"","ast-breadcrumbs-content":"","ast-featured-img":"","footer-sml-layout":"","theme-transparent-header-meta":"","adv-header-id-meta":"","stick-header-meta":"","header-above-stick-meta":"","header-main-stick-meta":"","header-below-stick-meta":"","astra-migrate-meta-layouts":"default","ast-page-background-enabled":"default","ast-page-background-meta":{"desktop":{"background-color":"var(--ast-global-color-5)","background-image":"","background-repeat":"repeat","background-position":"center center","background-size":"auto","background-attachment":"scroll","background-type":"","background-media":"","overlay-type":"","overlay-color":"","overlay-opacity":"","overlay-gradient":""},"tablet":{"background-color":"","background-image":"","background-repeat":"repeat","background-position":"center center","background-size":"auto","background-attachment":"scroll","background-type":"","background-media":"","overlay-type":"","overlay-color":"","overlay-opacity":"","overlay-gradient":""},"mobile":{"background-color":"","background-image":"","background-repeat":"repeat","background-position":"center center","background-size":"auto","background-attachment":"scroll","background-type":"","background-media":"","overlay-type":"","overlay-color":"","overlay-opacity":"","overlay-gradient":""}},"ast-content-background-meta":{"desktop":{"background-color":"var(--ast-global-color-4)","background-image":"","background-repeat":"repeat","background-position":"center center","background-size":"auto","background-attachment":"scroll","background-type":"","background-media":"","overlay-type":"","overlay-color":"","overlay-opacity":"","overlay-gradient":""},"tablet":{"background-color":"var(--ast-global-color-4)","background-image":"","background-repeat":"repeat","background-position":"center center","background-size":"auto","background-attachment":"scroll","background-type":"","background-media":"","overlay-type":"","overlay-color":"","overlay-opacity":"","overlay-gradient":""},"mobile":{"background-color":"var(--ast-global-color-4)","background-image":"","background-repeat":"repeat","background-position":"center center","background-size":"auto","background-attachment":"scroll","background-type":"","background-media":"","overlay-type":"","overlay-color":"","overlay-opacity":"","overlay-gradient":""}},"footnotes":""},"class_list":["post-2534","page","type-page","status-publish","hentry"],"_links":{"self":[{"href":"https:\/\/zscncparts.com\/es\/wp-json\/wp\/v2\/pages\/2534","targetHints":{"allow":["GET"]}}],"collection":[{"href":"https:\/\/zscncparts.com\/es\/wp-json\/wp\/v2\/pages"}],"about":[{"href":"https:\/\/zscncparts.com\/es\/wp-json\/wp\/v2\/types\/page"}],"author":[{"embeddable":true,"href":"https:\/\/zscncparts.com\/es\/wp-json\/wp\/v2\/users\/1"}],"replies":[{"embeddable":true,"href":"https:\/\/zscncparts.com\/es\/wp-json\/wp\/v2\/comments?post=2534"}],"version-history":[{"count":0,"href":"https:\/\/zscncparts.com\/es\/wp-json\/wp\/v2\/pages\/2534\/revisions"}],"wp:attachment":[{"href":"https:\/\/zscncparts.com\/es\/wp-json\/wp\/v2\/media?parent=2534"}],"curies":[{"name":"wp","href":"https:\/\/api.w.org\/{rel}","templated":true}]}}