{"id":2508,"date":"2025-11-30T22:42:53","date_gmt":"2025-11-30T14:42:53","guid":{"rendered":"https:\/\/zscncparts.com\/?page_id=2508"},"modified":"2025-12-04T20:47:33","modified_gmt":"2025-12-04T12:47:33","slug":"aerospace","status":"publish","type":"page","link":"https:\/\/zscncparts.com\/es\/industries\/aerospace\/","title":{"rendered":"Aeroespacial"},"content":{"rendered":"<style>* { box-sizing: border-box; } body {margin: 0;}*{box-sizing:border-box;}body{margin-top:0px;margin-right:0px;margin-bottom:0px;margin-left:0px;}#content > div:first-child{width:100% !important;max-width:100% !important;}main#content{width:100% !important;max-width:100% !important;}.site-content .ast-container{display:block !important;}.c906{max-width:100%;width:100%;}.c1065{max-width:100%;width:100%;}.c1962{max-width:100%;width:100%;}.c2520{max-width:100%;width:100%;}.c2906{max-width:100%;width:100%;}.c3458{max-width:100%;width:100%;}.c28328{max-width:100%;width:100%;}.c28429{max-width:100%;width:100%;}.c29298{max-width:100%;width:100%;}.c29847{max-width:100%;width:100%;}.c30205{max-width:100%;width:100%;}.c30756{max-width:100%;width:100%;}.c40753{max-width:100%;width:100%;}.c40854{max-width:100%;width:100%;}.c41685{max-width:100%;width:100%;}.c42234{max-width:100%;width:100%;}.c42603{max-width:100%;width:100%;}.c43154{max-width:100%;width:100%;}<\/style>\n<p><body><\/p>\n<section class=\"relative bg-white bg-[url('https:\/\/cdn.prod.website-files.com\/6054d9b47c9c3858afaf183d\/64ee0a47313f5f84f4344bfd_8H9A1780.webp')] bg-center bg-no-repeat bg-cover min-h-[360px] sm:min-h-[432px] md:min-h-[480px] mb-0 max-w-full w-full c906 c28328 c40753\" style=\"max-width: 100%; width: 100%;\">\n<div class=\"absolute inset-0 bg-[#002255] bg-opacity-70\"><\/div>\n<div class=\"relative z-10 max-w-7xl mx-auto px-6 py-20 flex flex-col justify-center h-full text-white sm:py-32 md:py-40 container font-['Inter']\">\n<h1 class=\"text-4xl sm:text-5xl font-extrabold leading-tight max-w-3xl !text-[#ffffff]\">Mecanizado CNC de Precisi\u00f3n para la Excelencia Aeroespacial<\/h1>\n<p class=\"mt-6 max-w-2xl text-lg sm:text-xl font-medium leading-relaxed font-sans\">\n      En ZSCNC, ofrecemos mecanizado CNC de precisi\u00f3n de grado aeroespacial con una precisi\u00f3n y fiabilidad incomparables. Nuestros procesos avanzados reducen el tiempo y el coste de producci\u00f3n mientras optimizan el rendimiento de las piezas.\n    <\/p>\n<div class=\"mt-10 flex flex-col sm:flex-row gap-4 max-w-xs sm:max-w-none\"><button type=\"button\" class=\"bg-gradient-to-tr from-[#002255] to-[#2a5298] text-white h-12 px-6 text-base rounded-[0px] flex items-center justify-center border-none cursor-pointer\"><a href=\"https:\/\/zscncparts.com\/es\/request-quote\/\" class=\"text-white hover:underline font-semibold\">Solicitar una cotizaci\u00f3n<\/a><\/button><\/div>\n<\/div>\n<\/section>\n<section class=\"bg-white mb-0 max-w-full w-full' style='max-width: 100%; width: max-width: c1065 c28429 c40854\" style=\"max-width: 100%; width: 100%;\">\n<div class=\"container mx-auto px-6 py-20\">\n<h2 class=\"text-3xl font-bold text-[#002255] mb-12 text-center font-['Inter']\">Tipos de Componentes Aeroespaciales y Aplicaciones T\u00edpicas<\/h2>\n<div class=\"grid gap-16 lg:grid-cols-2\">\n<article class=\"flex flex-col-reverse lg:flex-row items-center gap-8 bg-gray-50\">\n<div class=\"lg:w-1\/2\">\n<h3 class=\"text-xl font-semibold text-[#002255] mb-4 font-['Inter']\">Componentes Estructurales<\/h3>\n<p class=\"text-[#7f8c8d] mb-2 font-system\"> Piezas cr\u00edticas del marco que garantizan la integridad y durabilidad de la aeronave. <\/p>\n<p class=\"text-[#7f8c8d] font-system\"> Com\u00fanmente utilizados en fuselajes, alas y ensamblajes de cola para proporcionar resistencia bajo carga.<\/p>\n<\/p><\/div>\n<div class=\"lg:w-1\/2\"> <img decoding=\"async\" data-src=\"https:\/\/zscncparts.com\/wp-content\/uploads\/2025\/12\/structural-aerospace-components-z8y.webp\" alt=\"Componentes aeroespaciales estructurales\" width=\"1306\" height=\"973\" class=\"rounded-[4px] shadow-[0_4px_6px_rgba(0,0,0,0.1)] w-full h-auto object-cover lazyload\" title=\"\" src=\"data:image\/svg+xml;base64,PHN2ZyB3aWR0aD0iMSIgaGVpZ2h0PSIxIiB4bWxucz0iaHR0cDovL3d3dy53My5vcmcvMjAwMC9zdmciPjwvc3ZnPg==\" style=\"--smush-placeholder-width: 1306px; --smush-placeholder-aspect-ratio: 1306\/973;\"> <\/div>\n<\/article>\n<article class=\"flex flex-col lg:flex-row items-center gap-8 bg-white\">\n<div class=\"lg:w-1\/2\"> <img decoding=\"async\" data-src=\"https:\/\/zscncparts.com\/wp-content\/uploads\/2025\/12\/drive-and-motion-parts-in-aerospace-n4m.webp\" alt=\"Partes de conducci\u00f3n y movimiento en Aeroespacial\" width=\"1000\" height=\"667\" class=\"rounded-[4px] shadow-[0_4px_6px_rgba(0,0,0,0.1)] w-full h-auto object-cover lazyload\" title=\"\" src=\"data:image\/svg+xml;base64,PHN2ZyB3aWR0aD0iMSIgaGVpZ2h0PSIxIiB4bWxucz0iaHR0cDovL3d3dy53My5vcmcvMjAwMC9zdmciPjwvc3ZnPg==\" style=\"--smush-placeholder-width: 1000px; --smush-placeholder-aspect-ratio: 1000\/667;\"> <\/div>\n<div class=\"lg:w-1\/2\">\n<h3 class=\"text-xl font-semibold text-[#002255] mb-4 font-['Inter']\">Piezas de Conducci\u00f3n y Movimiento<\/h3>\n<p class=\"text-[#7f8c8d] mb-2 font-system\"> Componentes de precisi\u00f3n que permiten un movimiento controlado y la transmisi\u00f3n de potencia. <\/p>\n<p class=\"text-[#7f8c8d] font-system\"> Incluye engranajes, ejes y actuadores vitales para sistemas de motor y control. <\/p>\n<\/p><\/div>\n<\/article>\n<article class=\"flex flex-col-reverse lg:flex-row items-center gap-8 bg-gray-50\">\n<div class=\"lg:w-1\/2\">\n<h3 class=\"text-xl font-semibold text-[#002255] mb-4 font-['Inter']\">Elementos de Fijaci\u00f3n y Conexi\u00f3n<\/h3>\n<p class=\"text-[#7f8c8d] mb-2 font-system\"> Tornillos, remaches y sujetadores de alta resistencia para un ensamblaje fiable. <\/p>\n<p class=\"text-[#7f8c8d] font-system\"> Garantizan la integridad estructural mientras permiten el mantenimiento y la intercambiabilidad de componentes. <\/p>\n<\/p><\/div>\n<div class=\"lg:w-1\/2\"> <img decoding=\"async\" data-src=\"https:\/\/zscncparts.com\/wp-content\/uploads\/2025\/12\/aerospace-fastening-and-connection-elements-drx.webp\" alt=\"Elementos de fijaci\u00f3n y conexi\u00f3n en Aeroespacial\" width=\"600\" height=\"400\" class=\"rounded-[4px] shadow-[0_4px_6px_rgba(0,0,0,0.1)] w-full h-auto object-cover lazyload\" title=\"\" src=\"data:image\/svg+xml;base64,PHN2ZyB3aWR0aD0iMSIgaGVpZ2h0PSIxIiB4bWxucz0iaHR0cDovL3d3dy53My5vcmcvMjAwMC9zdmciPjwvc3ZnPg==\" style=\"--smush-placeholder-width: 600px; --smush-placeholder-aspect-ratio: 600\/400;\"> <\/div>\n<\/article>\n<article class=\"flex flex-col lg:flex-row items-center gap-8 bg-white\">\n<div class=\"lg:w-1\/2\"> <img decoding=\"async\" data-src=\"https:\/\/zscncparts.com\/wp-content\/uploads\/2025\/12\/functional-and-cabin-accessories-in-aerospace-r2i.png\" alt=\"Accesorios funcionales y de cabina en Aeroespacial\" width=\"391\" height=\"246\" class=\"rounded-[4px] shadow-[0_4px_6px_rgba(0,0,0,0.1)] w-full h-auto object-cover lazyload\" title=\"\" src=\"data:image\/svg+xml;base64,PHN2ZyB3aWR0aD0iMSIgaGVpZ2h0PSIxIiB4bWxucz0iaHR0cDovL3d3dy53My5vcmcvMjAwMC9zdmciPjwvc3ZnPg==\" style=\"--smush-placeholder-width: 391px; --smush-placeholder-aspect-ratio: 391\/246;\"> <\/div>\n<div class=\"lg:w-1\/2\">\n<h3 class=\"text-xl font-semibold text-[#002255] mb-4 font-['Inter']\">Accesorios Funcionales y de Cabina<\/h3>\n<p class=\"text-[#7f8c8d] mb-2 font-system\"> Componentes interiores que mejoran la comodidad de los pasajeros y la funcionalidad del sistema. <\/p>\n<p class=\"text-[#7f8c8d] font-system\"> Incluye paneles, controles y accesorios ambientales dise\u00f1ados para la seguridad y la usabilidad. Para consultas, por favor visite nuestra <a href=\"\/es\/contact\/\" class=\"text-[#f46b45] hover:underline font-semibold\">p\u00e1gina de contacto<\/a>. <\/p>\n<\/p><\/div>\n<\/article><\/div>\n<\/p><\/div>\n<\/section>\n<section class=\"bg-gray-50 mb-0 w-full max-w-full' style='max-width: 100%; width: max-width: c1962 c29298 c41685\" style=\"max-width: 100%; width: 100%;\">\n<div class=\"container mx-auto px-6 py-20\">\n<h2 class=\"text-3xl font-semibold font-['Inter'] text-[#002255] text-center mb-12 md:text-4xl\"> Alcance del Procesamiento de Materiales para Aplicaciones Aeroespaciales <\/h2>\n<div class=\"grid gap-12 lg:grid-cols-2 lg:items-center\">\n<div>\n<ul class=\"space-y-8 text-[#002255] text-lg leading-relaxed font-system\">\n<li>\n<h3 class=\"font-semibold mb-2\">Aleaciones de Aluminio de Grado Aeroespacial<\/h3>\n<p>Precisi\u00f3n <a href=\"\/es\/materials\/aluminum\/\" class=\"text-[#f46b45] hover:underline font-semibold\">procesamiento de materiales para aluminio<\/a> con tratamiento t\u00e9rmico que asegura relaciones \u00f3ptimas de resistencia-peso.<\/p>\n<\/li>\n<li>\n<h3 class=\"font-semibold mb-2\">Acero Inoxidable y Aleaciones Resistentes a la Corrosi\u00f3n<\/h3>\n<p>Procesos avanzados de acabado y protecci\u00f3n contra la corrosi\u00f3n adaptados a los est\u00e1ndares aeroespaciales.<\/p>\n<\/li>\n<li>\n<h3 class=\"font-semibold mb-2\">Acero al carbono y acero de aleaci\u00f3n<\/h3>\n<p>Fabricaci\u00f3n personalizada para cumplir con requisitos de alta durabilidad y resistencia a la fatiga.<\/p>\n<\/li>\n<li>\n<h3 class=\"font-semibold mb-2\">Materiales especializados y procesamiento colaborativo<\/h3>\n<p>Flujos de trabajo integrados que combinan mecanizado experto, soldadura y tratamientos superficiales.<\/p>\n<\/li>\n<\/ul><\/div>\n<div class=\"rounded-[0px] overflow-hidden shadow-[0_4px_6px_rgba(0,0,0,0.1)]\"> <img decoding=\"async\" data-src=\"https:\/\/zscncparts.com\/wp-content\/uploads\/2025\/11\/structural-aerospace-components-lsc.webp\" alt=\"Proceso de fabricaci\u00f3n de piezas de precisi\u00f3n aeroespacial\" width=\"600\" height=\"397\" class=\"w-full h-auto object-cover rounded-[4px]&#039; loading=&#039;lazy&#039; decoding=&#039;async lazyload\" title=\"\" src=\"data:image\/svg+xml;base64,PHN2ZyB3aWR0aD0iMSIgaGVpZ2h0PSIxIiB4bWxucz0iaHR0cDovL3d3dy53My5vcmcvMjAwMC9zdmciPjwvc3ZnPg==\" style=\"--smush-placeholder-width: 600px; --smush-placeholder-aspect-ratio: 600\/397;\"> <\/div>\n<\/p><\/div>\n<\/p><\/div>\n<\/section>\n<section class=\"bg-white text-[#2c3e50] mb-0 max-w-full w-full' style='max-width: 100%; width: max-width: c2520 c29847 c42234\" style=\"max-width: 100%; width: 100%;\">\n<div class=\"container mx-auto px-6 py-20\">\n<h2 class=\"text-3xl font-bold text-[#002255] mb-8 text-center sm:text-left font-Inter\">Capacidades de procesos CNC dedicados a la aeroespacial<\/h2>\n<div class=\"lg:flex lg:items-center lg:gap-16\">\n<div class=\"lg:w-1\/2\"> <img decoding=\"async\" data-src=\"https:\/\/zscncparts.com\/wp-content\/uploads\/2025\/12\/precision-aerospace-components-manufactured-by-multi-axis-cnc-machining-tfl.webp\" alt=\"Componentes aeroespaciales de precisi\u00f3n fabricados mediante mecanizado CNC multieje\" class=\"w-full rounded-[4px] shadow-[0_4px_6px_rgba(0,0,0,0.1)]&#039; width=&#039;1306&#039; height=&#039;973&#039; loading=&#039;lazy&#039; decoding=&#039;async lazyload\" title=\"\" src=\"data:image\/svg+xml;base64,PHN2ZyB3aWR0aD0iMSIgaGVpZ2h0PSIxIiB4bWxucz0iaHR0cDovL3d3dy53My5vcmcvMjAwMC9zdmciPjwvc3ZnPg==\" style=\"--smush-placeholder-width: 768px; --smush-placeholder-aspect-ratio: 768\/475;\"> <\/div>\n<div class=\"lg:w-1\/2 mt-12 lg:mt-0\">\n<p class=\"mb-6 text-lg leading-relaxed font-system\"> En ZSCNC, nuestro mecanizado CNC de precisi\u00f3n multieje ofrece un control dimensional estable, cr\u00edtico para piezas aeroespaciales. Nos especializamos en procesamiento de orificios finos y roscas, asegurando una calidad superficial \u00f3ptima y un margen de post-procesamiento preciso para sus componentes. <\/p>\n<ul class=\"space-y-4 text-[#002255] list-disc list-inside font-semibold\">\n<li>Mecanizado CNC multieje adaptado a tolerancias aeroespaciales<\/li>\n<li>Control dimensional estable para una calidad y rendimiento consistentes<\/li>\n<li>Procesamiento de orificios finos y roscas con precisi\u00f3n exacta<\/li>\n<li>Acabado superficial mejorado con gesti\u00f3n del margen de post-procesamiento<\/li>\n<\/ul>\n<p> <button type=\"button\" class=\"mt-10 bg-gradient-to-tr from-[#002255] to-[#2a5298] text-white h-12 px-6 text-base rounded-[0px] flex items-center justify-center border-none cursor-pointer focus:outline-none focus:ring-4 focus:ring-[#002255]\/50' aria-label='Learn more about ZSCNC aerospace CNC capabilities\"><a href=\"https:\/\/zscncparts.com\/es\/about-us\/manufacturing-process\/\" class=\"text-white no-underline\"><br \/>\n        Aprende M\u00e1s Sobre Nuestras Capacidades<br \/>\n    <\/a><\/button> <\/div>\n<\/p><\/div>\n<\/p><\/div>\n<\/section>\n<section class=\"bg-gray-50 mb-0 w-full max-w-full' style='max-width: 100%; width: max-width: c2906 c30205 c42603\" style=\"max-width: 100%; width: 100%;\">\n<div class=\"container mx-auto px-6 py-20\">\n<h2 class=\"text-3xl font-bold text-[#002255] text-center mb-12 font-['Inter']\">Sistema de control de calidad y trazabilidad para proyectos aeroespaciales<\/h2>\n<div class=\"grid gap-12 lg:grid-cols-2 lg:items-center\">\n<div class=\"space-y-8\">\n<article aria-labelledby=\"qc-checkpoints\">\n<h3 id=\"qc-checkpoints\" class=\"text-xl font-semibold text-[#002255] font-['Inter']\">Integral <a href=\"\/es\/about\/quality-control\/\" class=\"text-[#f46b45] hover:underline font-semibold\">Control de Calidad<\/a> Puntos de control<\/h3>\n<p class=\"text-[#7f8c8d] leading-relaxed font-system\"> ZSCNC implementa puntos de control de calidad rigurosos a lo largo del ciclo de vida de los proyectos aeroespaciales, asegurando que cada componente cumpla con est\u00e1ndares exigentes. Nuestro enfoque sistem\u00e1tico reduce defectos y garantiza la consistencia. <\/p>\n<\/article>\n<article aria-labelledby=\"advanced-measurement\">\n<h3 id=\"advanced-measurement\" class=\"text-xl font-semibold text-[#002255] font-['Inter']\">Equipamiento y m\u00e9todos de medici\u00f3n avanzados<\/h3>\n<p class=\"text-[#7f8c8d] leading-relaxed font-system\"> Utilizando tecnolog\u00edas de medici\u00f3n de \u00faltima generaci\u00f3n, ofrecemos inspecciones precisas y verificaciones dimensionales para componentes aeroespaciales. Nuestros m\u00e9todos cumplen con los requisitos de precisi\u00f3n l\u00edderes en la industria. <\/p>\n<\/article>\n<article aria-labelledby=\"documentation-records\">\n<h3 id=\"documentation-records\" class=\"text-xl font-semibold text-[#002255] font-['Inter']\">Documentaci\u00f3n y registro<\/h3>\n<p class=\"text-[#7f8c8d] leading-relaxed font-system\"> Cada punto de control de calidad se documenta rigurosamente con un registro seguro para garantizar la trazabilidad. Esto facilita auditor\u00edas y apoya el cumplimiento normativo en la fabricaci\u00f3n aeroespacial. <\/p>\n<\/article>\n<article aria-labelledby=\"customer-feedback\">\n<h3 id=\"customer-feedback\" class=\"text-xl font-semibold text-[#002255] font-['Inter']\">Bucle de retroalimentaci\u00f3n del cliente<\/h3>\n<p class=\"text-[#7f8c8d] leading-relaxed font-system\"> Integramos los comentarios de los clientes para mejorar continuamente los protocolos de calidad. Nuestro ciclo de retroalimentaci\u00f3n impulsa la innovaci\u00f3n y alinea la calidad de producci\u00f3n con las expectativas del cliente. Aprende m\u00e1s sobre nuestro <a href=\"\/es\/about\/company-profile\/\" class=\"text-[#f46b45] hover:underline font-semibold\">perfil de la empresa<\/a> y proceso de fabricaci\u00f3n para entender nuestro compromiso. <\/p>\n<\/article><\/div>\n<figure> <img decoding=\"async\" data-src=\"https:\/\/zscncparts.com\/wp-content\/uploads\/2025\/12\/certified-titanium-aerospace-components-rwq.webp\" alt=\"Componentes aeroespaciales con equipos de inspecci\u00f3n de calidad\" width=\"1306\" height=\"973\" class=\"w-full h-auto rounded-[4px] shadow-[0_4px_6px_rgba(0,0,0,0.1)]&#039; loading=&#039;lazy lazyload\" title=\"\" src=\"data:image\/svg+xml;base64,PHN2ZyB3aWR0aD0iMSIgaGVpZ2h0PSIxIiB4bWxucz0iaHR0cDovL3d3dy53My5vcmcvMjAwMC9zdmciPjwvc3ZnPg==\" style=\"--smush-placeholder-width: 1306px; --smush-placeholder-aspect-ratio: 1306\/973;\"> <\/figure>\n<\/p><\/div>\n<\/p><\/div>\n<\/section>\n<section class=\"bg-white mb-0 max-w-full w-full' style='max-width: 100%; width: max-width: c3458 c30756 c43154\" style=\"max-width: 100%; width: 100%;\">\n<div class=\"container mx-auto px-6 py-20\">\n<div class=\"text-center\">\n<h2 class=\"text-4xl font-bold text-[#002255] mb-6 font-inter\">Servicios de Gesti\u00f3n de Proyectos Colaborativos para Aeroespacial<\/h2>\n<\/div>\n<div class=\"grid grid-cols-1 lg:grid-cols-2 gap-12 items-center\">\n<div>\n<p class=\"text-lg text-[#2c3e50] mb-6 font-system\">\n            ZSCNC ofrece una coordinaci\u00f3n fluida para acelerar la prototipaci\u00f3n y producci\u00f3n aeroespacial utilizando servicios avanzados de mecanizado CNC. Enfatizamos una comunicaci\u00f3n clara y precisi\u00f3n t\u00e9cnica para garantizar el \u00e9xito del proyecto.\n        <\/p>\n<ul class=\"space-y-5 text-[#2c3e50] font-system\">\n<li><strong class=\"text-[#002255]\">Dibujo T\u00e9cnico y Revisi\u00f3n de Requisitos:<\/strong> An\u00e1lisis exhaustivo para alinear conceptos y especificaciones.\n            <\/li>\n<li><strong class=\"text-[#002255]\">Prototipado R\u00e1pido y Validaci\u00f3n:<\/strong> Desarrollo y pruebas r\u00e1pidas para reducir el tiempo de comercializaci\u00f3n.\n            <\/li>\n<li><strong class=\"text-[#002255]\">Producci\u00f3n en Peque\u00f1os Lotes Multi-variante:<\/strong> Fabricaci\u00f3n flexible adaptada a diversos componentes aeroespaciales.\n            <\/li>\n<li><strong class=\"text-[#002255]\">Optimizaci\u00f3n Continua y Gesti\u00f3n de Costes:<\/strong> Mejoras continuas centradas en la eficiencia y control presupuestario.\n            <\/li>\n<\/ul>\n<\/div>\n<div class=\"flex justify-center lg:justify-end\"><img decoding=\"async\" data-src=\"https:\/\/zscncparts.com\/wp-content\/uploads\/2025\/12\/aerospace-cnc-machining-applications-3ju.webp\" alt=\"Aplicaciones de mecanizado CNC en Aeroespacial\" width=\"500\" height=\"300\" class=\"rounded-[4px] shadow-md max-w-full h-auto&#039; loading=&#039;lazy&#039; decoding=&#039;async lazyload\" title=\"\" src=\"data:image\/svg+xml;base64,PHN2ZyB3aWR0aD0iMSIgaGVpZ2h0PSIxIiB4bWxucz0iaHR0cDovL3d3dy53My5vcmcvMjAwMC9zdmciPjwvc3ZnPg==\" style=\"--smush-placeholder-width: 500px; --smush-placeholder-aspect-ratio: 500\/300;\"><\/div>\n<\/div>\n<\/div>\n<\/section>\n<p><\/body><\/p>\n<p><!-- AIVB Required Assets -->\n<link rel=\"stylesheet\" href=\"https:\/\/cdn.jsdelivr.net\/npm\/tailwindcss@2.2.19\/dist\/tailwind.min.css\">\n<link rel=\"stylesheet\" id=\"aivb-fontawesome-css\" href=\"https:\/\/cdn.jsdelivr.net\/npm\/@fortawesome\/fontawesome-free@6.4.0\/css\/all.min.css?ver=6.4.0\" media=\"all\">\n<script src=\"https:\/\/cdn.tailwindcss.com\"><\/script><\/p>\n<style>\n#content { width: 100% !important;  max-width: 100% !important; }\n#content > div:first-child { width: 100% !important;  max-width: 100% !important; }\n.ast-container { width: 100% !important;  max-width: 100% !important; }\nmain#content { width: 100% !important; max-width: 100% !important; }\n.page-content { width: 100% !important; max-width: 100% !important; }\n.site-content .ast-container { display: block !important; }\n<\/style>","protected":false},"excerpt":{"rendered":"<p>Precision CNC Machining for Aerospace Excellence At ZSCNC, we deliver aerospace-grade precision CNC machining with unmatched accuracy and reliability. Our [&hellip;]<\/p>","protected":false},"author":1,"featured_media":0,"parent":2503,"menu_order":0,"comment_status":"closed","ping_status":"closed","template":"","meta":{"_monsterinsights_skip_tracking":false,"_monsterinsights_sitenote_active":false,"_monsterinsights_sitenote_note":"","_monsterinsights_sitenote_category":0,"site-sidebar-layout":"no-sidebar","site-content-layout":"page-builder","ast-site-content-layout":"default","site-content-style":"unboxed","site-sidebar-style":"default","ast-global-header-display":"","ast-banner-title-visibility":"","ast-main-header-display":"","ast-hfb-above-header-display":"","ast-hfb-below-header-display":"","ast-hfb-mobile-header-display":"","site-post-title":"","ast-breadcrumbs-content":"","ast-featured-img":"","footer-sml-layout":"","theme-transparent-header-meta":"","adv-header-id-meta":"","stick-header-meta":"","header-above-stick-meta":"","header-main-stick-meta":"","header-below-stick-meta":"","astra-migrate-meta-layouts":"default","ast-page-background-enabled":"default","ast-page-background-meta":{"desktop":{"background-color":"var(--ast-global-color-5)","background-image":"","background-repeat":"repeat","background-position":"center center","background-size":"auto","background-attachment":"scroll","background-type":"","background-media":"","overlay-type":"","overlay-color":"","overlay-opacity":"","overlay-gradient":""},"tablet":{"background-color":"","background-image":"","background-repeat":"repeat","background-position":"center center","background-size":"auto","background-attachment":"scroll","background-type":"","background-media":"","overlay-type":"","overlay-color":"","overlay-opacity":"","overlay-gradient":""},"mobile":{"background-color":"","background-image":"","background-repeat":"repeat","background-position":"center center","background-size":"auto","background-attachment":"scroll","background-type":"","background-media":"","overlay-type":"","overlay-color":"","overlay-opacity":"","overlay-gradient":""}},"ast-content-background-meta":{"desktop":{"background-color":"var(--ast-global-color-4)","background-image":"","background-repeat":"repeat","background-position":"center center","background-size":"auto","background-attachment":"scroll","background-type":"","background-media":"","overlay-type":"","overlay-color":"","overlay-opacity":"","overlay-gradient":""},"tablet":{"background-color":"var(--ast-global-color-4)","background-image":"","background-repeat":"repeat","background-position":"center center","background-size":"auto","background-attachment":"scroll","background-type":"","background-media":"","overlay-type":"","overlay-color":"","overlay-opacity":"","overlay-gradient":""},"mobile":{"background-color":"var(--ast-global-color-4)","background-image":"","background-repeat":"repeat","background-position":"center center","background-size":"auto","background-attachment":"scroll","background-type":"","background-media":"","overlay-type":"","overlay-color":"","overlay-opacity":"","overlay-gradient":""}},"footnotes":""},"class_list":["post-2508","page","type-page","status-publish","hentry"],"_links":{"self":[{"href":"https:\/\/zscncparts.com\/es\/wp-json\/wp\/v2\/pages\/2508","targetHints":{"allow":["GET"]}}],"collection":[{"href":"https:\/\/zscncparts.com\/es\/wp-json\/wp\/v2\/pages"}],"about":[{"href":"https:\/\/zscncparts.com\/es\/wp-json\/wp\/v2\/types\/page"}],"author":[{"embeddable":true,"href":"https:\/\/zscncparts.com\/es\/wp-json\/wp\/v2\/users\/1"}],"replies":[{"embeddable":true,"href":"https:\/\/zscncparts.com\/es\/wp-json\/wp\/v2\/comments?post=2508"}],"version-history":[{"count":0,"href":"https:\/\/zscncparts.com\/es\/wp-json\/wp\/v2\/pages\/2508\/revisions"}],"up":[{"embeddable":true,"href":"https:\/\/zscncparts.com\/es\/wp-json\/wp\/v2\/pages\/2503"}],"wp:attachment":[{"href":"https:\/\/zscncparts.com\/es\/wp-json\/wp\/v2\/media?parent=2508"}],"curies":[{"name":"wp","href":"https:\/\/api.w.org\/{rel}","templated":true}]}}