{"id":2504,"date":"2025-11-30T22:40:39","date_gmt":"2025-11-30T14:40:39","guid":{"rendered":"https:\/\/zscncparts.com\/?page_id=2504"},"modified":"2025-12-04T20:56:33","modified_gmt":"2025-12-04T12:56:33","slug":"automotive","status":"publish","type":"page","link":"https:\/\/zscncparts.com\/es\/industries\/automotive\/","title":{"rendered":"Automoci\u00f3n"},"content":{"rendered":"<style>* { box-sizing: border-box; } body {margin: 0;}*{box-sizing:border-box;}body{margin-top:0px;margin-right:0px;margin-bottom:0px;margin-left:0px;}#content > div:first-child{width:100% !important;max-width:100% !important;}main#content{width:100% !important;max-width:100% !important;}.site-content .ast-container{display:block !important;}.c909{max-width:100%;width:100%;}.c1225{max-width:100%;width:100%;}.c1690{max-width:100%;width:100%;}.c2204{max-width:100%;width:100%;}.c2704{max-width:100%;width:100%;}.c3207{max-width:100%;width:100%;}.c3723{max-width:100%;width:100%;}.c20749{max-width:100%;width:100%;}.c21003{max-width:100%;width:100%;}.c21446{max-width:100%;width:100%;}.c21952{max-width:100%;width:100%;}.c22445{max-width:100%;width:100%;}.c22910{max-width:100%;width:100%;}.c23423{max-width:100%;width:100%;}.c35405{max-width:100%;width:100%;}.c35659{max-width:100%;width:100%;}.c36102{max-width:100%;width:100%;}.c36608{max-width:100%;width:100%;}.c37101{max-width:100%;width:100%;}.c37566{max-width:100%;width:100%;}.c38079{max-width:100%;width:100%;}<\/style>\n<p><body><\/p>\n<section class=\"relative bg-white bg-[url('https:\/\/zscncparts.com\/wp-content\/uploads\/2025\/11\/cnc-machining-operation-yh2.webp')] bg-center bg-no-repeat bg-cover max-h-[600px] sm:max-h-[700px] md:max-h-[720px] lg:max-h-[680px] xl:max-h-[720px] mb-0 max-w-full w-full c909 c20749 c35405\" style=\"max-width: 100%; width: 100%;\">\n<div class=\"absolute inset-0 bg-[#002255] bg-opacity-60\"><\/div>\n<div class=\"relative z-10 max-w-7xl mx-auto px-6 py-20 sm:py-32 flex flex-col justify-center h-full container\">\n<h1 class=\"text-white text-3xl sm:text-4xl md:text-4xl font-extrabold leading-tight max-w-3xl font-['Inter']\"> Soluciones de mecanizado de alto rendimiento para la industria automotriz <\/h1>\n<p class=\"mt-6 text-lg sm:text-xl text-white max-w-2xl font-medium leading-relaxed font-sans\"> Entrega precisi\u00f3n, eficiencia y escalabilidad con la tecnolog\u00eda avanzada de mecanizado de ZSCNC. Impulsa la excelencia en la fabricaci\u00f3n automotriz con nuestra confianza <\/p>\n<div class=\"mt-10 flex flex-col sm:flex-row gap-4 max-w-xs sm:max-w-none\">\n<div class=\"rounded-[0px] shadow-[0_4px_6px_rgba(0,0,0,0.1)]\"> <button type=\"button\" class=\"bg-gradient-to-bl from-[rgba(0,34,85,1)] to-[rgba(42,82,152,1)] text-white h-12 px-6 text-base rounded-[0px] flex items-center justify-center border-none cursor-pointer\"> <a href=\"https:\/\/zscncparts.com\/es\/request-quote\/\" class=\"text-[#f46b45] hover:underline font-semibold\">Solicitar una demostraci\u00f3n<\/a> <\/button> <\/div>\n<div class=\"rounded-[0px] shadow-[0_4px_6px_rgba(0,0,0,0.1)]\">  <\/div>\n<\/p><\/div>\n<\/p><\/div>\n<\/section>\n<section class=\"bg-white text-[#2c3e50] mb-0 max-w-full w-full' style='max-width: 100%; width: max-width: c1225 c21003 c35659\" style=\"max-width: 100%; width: 100%;\">\n<div class=\"container mx-auto px-6 py-20\">\n<h2 class=\"text-3xl font-bold font-['Inter'] text-[#002255] mb-12 text-center\"> Componentes automotrices centrales procesados por ZSCNC <\/h2>\n<div class=\"grid gap-12 lg:grid-cols-2\">\n<article class=\"flex flex-col justify-center font-system\">\n<h3 class=\"text-2xl font-semibold font-['Inter'] text-[#002255] mb-4\"> Componentes de tren motriz y transmisi\u00f3n <\/h3>\n<p class=\"mb-6 max-w-prose text-[#2c3e50]\"> ZSCNC ofrece mecanizado CNC de precisi\u00f3n para piezas cr\u00edticas del tren motriz, lo que garantiza durabilidad y un rendimiento \u00f3ptimo en condiciones extremas. <\/p>\n<h3 class=\"text-2xl font-semibold font-['Inter'] text-[#002255] mb-4\"> Piezas estructurales de chasis y suspensi\u00f3n <\/h3>\n<p class=\"mb-6 max-w-prose text-[#2c3e50]\"> Nuestra experiencia abarca componentes estructurales del chasis con tolerancias estrictas, proporcionando resistencia y estabilidad para la seguridad y el confort del veh\u00edculo. <\/p>\n<h3 class=\"text-2xl font-semibold font-['Inter'] text-[#002255] mb-4\"> Herrajes funcionales de carrocer\u00eda e interior <\/h3>\n<p class=\"mb-6 max-w-prose text-[#2c3e50]\"> Fabricamos accesorios de carrocer\u00eda y herrajes interiores de alta calidad a trav\u00e9s de avanzados <a href=\"\/es\/services\/cnc-machining\/milling\/\" class=\"text-[#f46b45] hover:underline font-semibold\">fresado<\/a>, combinando funcionalidad con precisi\u00f3n est\u00e9tica para mejorar el valor del veh\u00edculo. <\/p>\n<h3 class=\"text-2xl font-semibold font-['Inter'] text-[#002255] mb-4\"> Componentes de control electr\u00f3nico y nueva energ\u00eda <\/h3>\n<p class=\"max-w-prose text-[#2c3e50]\"> ZSCNC apoya los sistemas avanzados de veh\u00edculos de nueva energ\u00eda mediante la producci\u00f3n de control electr\u00f3nico y componentes de alta tecnolog\u00eda con est\u00e1ndares exigentes de confiabilidad, incluyendo <a href=\"\/es\/services\/cnc-machining\/turning\/\" class=\"text-[#f46b45] hover:underline font-semibold\">torneado<\/a> y <\/p>\n<\/article>\n<div class=\"flex items-center justify-center\"> <img decoding=\"async\" data-src=\"https:\/\/zscncparts.com\/wp-content\/uploads\/2025\/12\/precision-cnc-machining-of-automotive-parts-arr.webp\" alt=\"Mecanizado CNC de precisi\u00f3n de piezas automotrices\" width=\"550\" height=\"550\" class=\"rounded-[4px] shadow-[0_4px_6px_rgba(0,0,0,0.1)] w-full max-w-md object-cover&#039; loading=&#039;lazy lazyload\" title=\"\" src=\"data:image\/svg+xml;base64,PHN2ZyB3aWR0aD0iMSIgaGVpZ2h0PSIxIiB4bWxucz0iaHR0cDovL3d3dy53My5vcmcvMjAwMC9zdmciPjwvc3ZnPg==\" style=\"--smush-placeholder-width: 550px; --smush-placeholder-aspect-ratio: 550\/550;\"> <\/div>\n<\/p><\/div>\n<\/p><\/div>\n<\/section>\n<section class=\"bg-white mb-0 max-w-full w-full' style='max-width: 100%; width: max-width: c1690 c21446 c36102\" style=\"max-width: 100%; width: 100%;\">\n<div class=\"container mx-auto px-6 py-20\">\n<h2 class=\"text-3xl md:text-4xl font-semibold font-['Inter'] text-[#002255] max-w-4xl mx-auto text-center\"> Automoci\u00f3n <a href=\"\/es\/materials\/\" class=\"text-[#f46b45] hover:underline font-semibold\">Materiales<\/a> Experiencia y coincidencia de rendimiento <\/h2>\n<p class=\"mt-6 text-lg font-sans text-[#2c3e50] max-w-3xl mx-auto text-center leading-relaxed\"> En ZSCNC, nos especializamos en materiales automotrices de precisi\u00f3n dise\u00f1ados para cumplir con las exigencias exactas de rendimiento. Nuestra experiencia garantiza una durabilidad \u00f3ptima, reducci\u00f3n de peso y rentabilidad para sus proyectos. <\/p>\n<div class=\"mt-16 grid gap-16 lg:grid-cols-2 lg:items-center\">\n<div> <img decoding=\"async\" data-src=\"https:\/\/zscncparts.com\/wp-content\/uploads\/2025\/12\/custom-automotive-parts-manufactured-by-zscnc-h3v.webp\" alt=\"Piezas automotrices personalizadas fabricadas por ZSCNC\" width=\"900\" height=\"510\" class=\"rounded-[4px] shadow-[0_4px_6px_rgba(0,0,0,0.1)] w-full object-cover max-h-[320px] md:max-h-[440px] lg:max-h-[510px]&#039; loading=&#039;lazy lazyload\" title=\"\" src=\"data:image\/svg+xml;base64,PHN2ZyB3aWR0aD0iMSIgaGVpZ2h0PSIxIiB4bWxucz0iaHR0cDovL3d3dy53My5vcmcvMjAwMC9zdmciPjwvc3ZnPg==\" style=\"--smush-placeholder-width: 900px; --smush-placeholder-aspect-ratio: 900\/510;\"> <\/div>\n<div class=\"space-y-10\">\n<article>\n<h3 class=\"text-xl font-semibold font-['Inter'] text-[#002255] mb-2\"> Selecci\u00f3n de materiales de precisi\u00f3n <\/h3>\n<p class=\"text-[#2c3e50] leading-relaxed font-sans\"> Nuestros ingenieros de materiales analizan los par\u00e1metros de la aplicaci\u00f3n para seleccionar aleaciones y compuestos que ofrezcan una resistencia y estabilidad t\u00e9rmica superiores. <\/p>\n<\/article>\n<article>\n<h3 class=\"text-xl font-semibold font-['Inter'] text-[#002255] mb-2\"> Coincidencia y validaci\u00f3n del rendimiento <\/h3>\n<p class=\"text-[#2c3e50] leading-relaxed font-sans\"> Utilizando simulaci\u00f3n y pruebas avanzadas, alineamos las propiedades del material con los requisitos de rendimiento de su veh\u00edculo para obtener resultados confiables. <\/p>\n<\/article>\n<article>\n<h3 class=\"text-xl font-semibold font-['Inter'] text-[#002255] mb-2\"> Soporte integral para fabricantes de equipos originales (OEM) <\/h3>\n<p class=\"text-[#2c3e50] leading-relaxed font-sans\"> Desde el desarrollo de prototipos hasta la fabricaci\u00f3n de alto volumen, ZSCNC proporciona una calidad constante y una consultor\u00eda experta en toda su cadena de suministro. <\/p>\n<\/article>\n<p> <button type=\"button\" aria-label=\"Contacte con ZSCNC para experiencia en materiales automotrices\" class=\"mt-6 bg-gradient-to-tr from-[#002255] to-[#2a5298] text-white h-12 px-6 text-base rounded-[0px] flex items-center justify-center border-none cursor-pointer\"><a href=\"https:\/\/zscncparts.com\/es\/services\/\" class=\"text-white no-underline\">Descubre Nuestras Soluciones<\/a><\/button> <\/div>\n<\/p><\/div>\n<\/p><\/div>\n<\/section>\n<section class=\"bg-[#ffffff] mb-0 w-full max-w-full' style='max-width: 100%; width: max-width: c2204 c21952 c36608\" style=\"max-width: 100%; width: 100%;\">\n<div class=\"container mx-auto px-6 py-20\">\n<h2 class=\"text-3xl font-semibold text-[#002255] text-center mb-12 font-['Inter']\">Capacidades avanzadas de procesamiento de ZSCNC para proyectos automotrices<\/h2>\n<div class=\"grid gap-16 max-w-7xl mx-auto lg:grid-cols-2\">\n<div class=\"flex flex-col justify-center space-y-8\">\n<article>\n<h3 class=\"text-xl font-bold text-[#002255] mb-3 font-['Inter']\">Torneado y fresado CNC de precisi\u00f3n<\/h3>\n<p class=\"text-[#7f8c8d]\">El torneado y fresado CNC experto garantizan tolerancias estrictas para componentes automotrices cr\u00edticos con calidad consistente.<\/p>\n<\/article>\n<article>\n<h3 class=\"text-xl font-bold text-[#002255] mb-3 font-['Inter']\">Mecanizado compuesto y de m\u00faltiples operaciones<\/h3>\n<p class=\"text-[#7f8c8d]\">Nuestras capacidades de mecanizado de m\u00faltiples operaciones reducen los tiempos de configuraci\u00f3n y mejoran la precisi\u00f3n dimensional en piezas complejas.<\/p>\n<\/article>\n<article>\n<h3 class=\"text-xl font-bold text-[#002255] mb-3 font-['Inter']\">Prototipado en peque\u00f1as series y validaci\u00f3n de dise\u00f1o<\/h3>\n<p class=\"text-[#7f8c8d]\">El prototipado r\u00e1pido apoya la validaci\u00f3n e iteraci\u00f3n del dise\u00f1o, acelerando los ciclos de desarrollo de proyectos automotrices.<\/p>\n<\/article>\n<article>\n<h3 class=\"text-xl font-bold text-[#002255] mb-3 font-['Inter']\">Control de calidad e inspecci\u00f3n dimensional<\/h3>\n<p class=\"text-[#7f8c8d]\">Los procesos de inspecci\u00f3n integrales aseguran que cada pieza cumpla con las especificaciones dimensionales y requisitos funcionales.<\/p>\n<\/article><\/div>\n<div class=\"overflow-hidden rounded-[4px] shadow-[0_4px_6px_rgba(0,0,0,0.1)]\"> <img decoding=\"async\" data-src=\"https:\/\/zscncparts.com\/wp-content\/uploads\/2025\/12\/custom-automotive-parts-manufacturing-precision-cnc-bop.webp\" alt=\"Fabricaci\u00f3n de piezas automotrices personalizadas con CNC de precisi\u00f3n\" width=\"1024\" height=\"536\" class=\"object-cover w-full h-full rounded-[4px]&#039; loading=&#039;lazy lazyload\" title=\"\" src=\"data:image\/svg+xml;base64,PHN2ZyB3aWR0aD0iMSIgaGVpZ2h0PSIxIiB4bWxucz0iaHR0cDovL3d3dy53My5vcmcvMjAwMC9zdmciPjwvc3ZnPg==\" style=\"--smush-placeholder-width: 1024px; --smush-placeholder-aspect-ratio: 1024\/536;\"> <\/div>\n<\/p><\/div>\n<\/p><\/div>\n<\/section>\n<section class=\"bg-white mb-0 max-w-full w-full' style='max-width: 100%; width: max-width: c2704 c22445 c37101\" style=\"max-width: 100%; width: 100%;\">\n<div class=\"container mx-auto px-6 py-20\">\n<h2 class=\"text-3xl font-bold text-[#002255] text-center mb-12 font-['Inter']\">Modelos de colaboraci\u00f3n automotriz y escenarios para clientes<\/h2>\n<div class=\"grid gap-8 lg:grid-cols-2\">\n<article class=\"flex flex-col items-center bg-white rounded-[0px] shadow-md overflow-hidden\">\n<div class=\"p-4 w-full font-system\">\n<h3 class=\"text-lg font-semibold text-[#002255] mb-2 font-['Inter']\">OEMs y equipos de I+D de plataformas<\/h3>\n<p class=\"text-[#7f8c8d] mb-2 text-sm\">Colabore desde temprano con I+D para integrar el mecanizado CNC de precisi\u00f3n, asegurando calidad y escalabilidad.<\/p>\n<p class=\"text-[#7f8c8d] text-sm\">ZSCNC soporta comunicaci\u00f3n fluida y prototipado iterativo adaptado a los ciclos de innovaci\u00f3n de OEMs.<\/p>\n<\/div>\n<\/article>\n<article class=\"flex flex-col items-center bg-gray-50 rounded-[0px] shadow-md overflow-hidden\">\n<div class=\"p-4 w-full font-system\">\n<h3 class=\"text-lg font-semibold text-[#002255] mb-2 font-['Inter']\">Proveedores de nivel 1 y nivel 2<\/h3>\n<p class=\"text-[#7f8c8d] mb-2 text-sm\">Permite la fabricaci\u00f3n just-in-time con seguimiento en tiempo real del proceso y entrega de componentes de precisi\u00f3n.<\/p>\n<p class=\"text-[#7f8c8d] text-sm\">ZSCNC integra los flujos de trabajo de los proveedores para optimizar <a href=\"\/es\/about\/quality-control\/\" class=\"text-[#f46b45] hover:underline font-semibold\">medidas de control de calidad<\/a> y reducir los tiempos de entrega en todos los niveles.<\/p>\n<\/div>\n<\/article>\n<article class=\"flex flex-col items-center bg-white rounded-[0px] shadow-md overflow-hidden\">\n<div class=\"p-4 w-full font-system\">\n<h3 class=\"text-lg font-semibold text-[#002255] mb-2 font-['Inter']\">Equipos de posventa y de carreras<\/h3>\n<p class=\"text-[#7f8c8d] mb-2 text-sm\">Entrega piezas altamente personalizadas, orientadas al rendimiento, con tiempos de respuesta r\u00e1pidos y materiales duraderos.<\/p>\n<p class=\"text-[#7f8c8d] text-sm\">ZSCNC impulsa la innovaci\u00f3n para pilotos y modificadores mediante vol\u00famenes de pedido flexibles y soporte experto.<\/p>\n<\/div>\n<\/article>\n<article class=\"flex flex-col items-center bg-gray-50 rounded-[0px] shadow-md overflow-hidden\">\n<div class=\"p-4 w-full font-system\">\n<h3 class=\"text-lg font-semibold text-[#002255] mb-2 font-['Inter']\">Electr\u00f3nica automotriz y startups de energ\u00eda renovable<\/h3>\n<p class=\"text-[#7f8c8d] mb-2 text-sm\">Apoye la r\u00e1pida escalabilidad con la colaboraci\u00f3n avanzada en I+D en <a href=\"\/es\/industries\/electronics\/\" class=\"text-[#f46b45] hover:underline font-semibold\">electr\u00f3nica<\/a> y sostenible <a href=\"\/es\/industries\/energy\/\" class=\"text-[#f46b45] hover:underline font-semibold\">energ\u00eda<\/a> componentes.<\/p>\n<p class=\"text-[#7f8c8d] text-sm\">ZSCNC ofrece la precisi\u00f3n, la velocidad y la calidad que las empresas emergentes demandan para las tecnolog\u00edas automotrices disruptivas.<\/p>\n<\/div>\n<\/article>\n<\/div><\/div>\n<\/section>\n<section class=\"bg-white mb-0 w-full' style='max-width: 100%; width: max-width: c3207 c22910 c37566\" style=\"max-width: 100%; width: 100%;\">\n<div class=\"container mx-auto px-6 py-20\">\n<h2 class=\"text-3xl font-semibold text-[#002255] text-center mb-12 font-['Inter']\">Garant\u00eda de Calidad de Grado Automotriz y Excelencia en la Entrega<\/h2>\n<div class=\"grid gap-16 lg:grid-cols-2\">\n<div class=\"flex flex-col justify-center space-y-8\">\n<div>\n<h3 class=\"text-xl font-bold text-[#002255] mb-2 font-['Inter']\">Control de Calidad Integral<\/h3>\n<p class=\"text-[#7f8c8d] leading-relaxed font-sans\">Aseguramos un control de calidad integral en cada etapa, desde las materias primas hasta el ensamblaje final, cumpliendo con estrictos est\u00e1ndares automotrices.<\/p>\n<\/p><\/div>\n<div>\n<h3 class=\"text-xl font-bold text-[#002255] mb-2 font-['Inter']\"><a href=\"\/es\/about\/manufacturing-process\/\" class=\"text-[#f46b45] hover:underline font-semibold\">Proceso<\/a> Documentaci\u00f3n y Registros de Producci\u00f3n<\/h3>\n<p class=\"text-[#7f8c8d] leading-relaxed font-sans\">La documentaci\u00f3n precisa y los registros de producci\u00f3n rastreables garantizan la transparencia y el cumplimiento en todo el proceso de fabricaci\u00f3n.<\/p>\n<\/p><\/div>\n<div>\n<h3 class=\"text-xl font-bold text-[#002255] mb-2 font-['Inter']\">Embalaje y Experiencia en Env\u00edos Internacionales<\/h3>\n<p class=\"text-[#7f8c8d] leading-relaxed font-sans\">Las soluciones de embalaje especializadas protegen las piezas durante el tr\u00e1nsito, respaldadas por una experiencia comprobada en log\u00edstica global y procedimientos aduaneros.<\/p>\n<\/p><\/div>\n<div>\n<h3 class=\"text-xl font-bold text-[#002255] mb-2 font-['Inter']\">Programaci\u00f3n de Entregas y Gesti\u00f3n de Lotes<\/h3>\n<p class=\"text-[#7f8c8d] leading-relaxed font-sans\">Optimizamos los plazos de entrega con una gesti\u00f3n de lotes meticulosa para garantizar la disponibilidad justo a tiempo y reducir el tiempo de inactividad.<\/p>\n<\/p><\/div>\n<\/p><\/div>\n<div> <img decoding=\"async\" data-src=\"https:\/\/zscncparts.com\/wp-content\/uploads\/2025\/12\/precision-automotive-parts-cnc-machining-with-various-surface-treatments-0au.webp\" alt=\"Mecanizado CNC de piezas automotrices de precisi\u00f3n con diversos tratamientos superficiales\" width=\"700\" height=\"700\" class=\"rounded-[4px] shadow-[0_4px_6px_rgba(0,0,0,0.1)] object-cover w-full h-auto&#039; loading=&#039;lazy&#039; decoding=&#039;async lazyload\" title=\"\" src=\"data:image\/svg+xml;base64,PHN2ZyB3aWR0aD0iMSIgaGVpZ2h0PSIxIiB4bWxucz0iaHR0cDovL3d3dy53My5vcmcvMjAwMC9zdmciPjwvc3ZnPg==\" style=\"--smush-placeholder-width: 700px; --smush-placeholder-aspect-ratio: 700\/700;\"> <\/div>\n<\/p><\/div>\n<\/p><\/div>\n<\/section>\n<section class=\"bg-white mb-0 max-w-full w-full' style='max-width: 100%; width: max-width: c3723 c23423 c38079\" style=\"max-width: 100%; width: 100%;\">\n<div class=\"container mx-auto px-6 py-20\">\n<h2 class=\"text-3xl font-bold text-[#002255] text-center mb-12 font-['Inter']\">Colaboraci\u00f3n Simplificada para Proyectos Automotrices<\/h2>\n<div class=\"grid grid-cols-1 md:grid-cols-2 gap-6 mx-auto\">\n<article class=\"flex flex-col items-start gap-4 bg-gray-50 p-6\">\n<div><span class=\"text-xl font-semibold text-[#002255] mr-2\">1.<\/span><\/p>\n<h3 class=\"inline text-xl font-semibold text-[#002255] mb-2 font-['Inter']\">Requisitos del Proyecto y Revisi\u00f3n de Dibujos<\/h3>\n<p class=\"text-[#7f8c8d] leading-relaxed font-system\">Colabore eficientemente para aclarar las especificaciones y verificar la precisi\u00f3n de los dibujos t\u00e9cnicos antes de la producci\u00f3n.<\/p>\n<\/div>\n<\/article>\n<article class=\"flex flex-col items-start gap-4 bg-white p-6\">\n<div><span class=\"text-xl font-semibold text-[#002255] mr-2\">2.<\/span><\/p>\n<h3 class=\"inline text-xl font-semibold text-[#002255] mb-2 font-['Inter']\">Cotizaci\u00f3n y Confirmaci\u00f3n del Plan de Proceso<\/h3>\n<p class=\"text-[#7f8c8d] leading-relaxed font-system\">Confirme cotizaciones competitivas y planes de proceso detallados para garantizar costos transparentes y flujos de trabajo eficientes.<\/p>\n<\/div>\n<\/article>\n<article class=\"flex flex-col items-start gap-4 bg-gray-50 p-6\">\n<div><span class=\"text-xl font-semibold text-[#002255] mr-2\">3.<\/span><\/p>\n<h3 class=\"inline text-xl font-semibold text-[#002255] mb-2 font-['Inter']\">Producci\u00f3n de Muestras y Validaci\u00f3n Dimensional<\/h3>\n<p class=\"text-[#7f8c8d] leading-relaxed font-system\">Produzca prototipos y realice controles dimensionales precisos para garantizar la calidad y el ajuste antes de la producci\u00f3n a gran escala.<\/p>\n<\/div>\n<\/article>\n<article class=\"flex flex-col items-start gap-4 bg-white p-6\">\n<div><span class=\"text-xl font-semibold text-[#002255] mr-2\">4.<\/span><\/p>\n<h3 class=\"inline text-xl font-semibold text-[#002255] mb-2 font-['Inter']\">Escalar hasta Producci\u00f3n Estable<\/h3>\n<p class=\"text-[#7f8c8d] leading-relaxed font-system\">Transici\u00f3n suave hacia la fabricaci\u00f3n en volumen con controles de calidad consistentes, cumpliendo con los plazos de entrega de manera confiable.<\/p>\n<\/div>\n<\/article>\n<\/div><\/div>\n<\/section>\n<p><\/body><\/p>\n<p><!-- AIVB Required Assets -->\n<link rel=\"stylesheet\" href=\"https:\/\/cdn.jsdelivr.net\/npm\/tailwindcss@2.2.19\/dist\/tailwind.min.css\">\n<link rel=\"stylesheet\" id=\"aivb-fontawesome-css\" href=\"https:\/\/cdn.jsdelivr.net\/npm\/@fortawesome\/fontawesome-free@6.4.0\/css\/all.min.css?ver=6.4.0\" media=\"all\">\n<script src=\"https:\/\/cdn.tailwindcss.com\"><\/script><\/p>\n<style>\n#content { width: 100% !important;  max-width: 100% !important; }\n#content > div:first-child { width: 100% !important;  max-width: 100% !important; }\n.ast-container { width: 100% !important;  max-width: 100% !important; }\nmain#content { width: 100% !important; max-width: 100% !important; }\n.page-content { width: 100% !important; max-width: 100% !important; }\n.site-content .ast-container { display: block !important; }\n<\/style>","protected":false},"excerpt":{"rendered":"<p>High Performance Machining Solutions for the Automotive Industry Deliver precision, efficiency, and scalability with ZSCNC&rsquo;s advanced machining technology. Drive automotive [&hellip;]<\/p>","protected":false},"author":1,"featured_media":0,"parent":2503,"menu_order":0,"comment_status":"closed","ping_status":"closed","template":"","meta":{"_monsterinsights_skip_tracking":false,"_monsterinsights_sitenote_active":false,"_monsterinsights_sitenote_note":"","_monsterinsights_sitenote_category":0,"site-sidebar-layout":"no-sidebar","site-content-layout":"page-builder","ast-site-content-layout":"default","site-content-style":"unboxed","site-sidebar-style":"default","ast-global-header-display":"","ast-banner-title-visibility":"","ast-main-header-display":"","ast-hfb-above-header-display":"","ast-hfb-below-header-display":"","ast-hfb-mobile-header-display":"","site-post-title":"","ast-breadcrumbs-content":"","ast-featured-img":"","footer-sml-layout":"","theme-transparent-header-meta":"","adv-header-id-meta":"","stick-header-meta":"","header-above-stick-meta":"","header-main-stick-meta":"","header-below-stick-meta":"","astra-migrate-meta-layouts":"default","ast-page-background-enabled":"default","ast-page-background-meta":{"desktop":{"background-color":"var(--ast-global-color-5)","background-image":"","background-repeat":"repeat","background-position":"center center","background-size":"auto","background-attachment":"scroll","background-type":"","background-media":"","overlay-type":"","overlay-color":"","overlay-opacity":"","overlay-gradient":""},"tablet":{"background-color":"","background-image":"","background-repeat":"repeat","background-position":"center center","background-size":"auto","background-attachment":"scroll","background-type":"","background-media":"","overlay-type":"","overlay-color":"","overlay-opacity":"","overlay-gradient":""},"mobile":{"background-color":"","background-image":"","background-repeat":"repeat","background-position":"center center","background-size":"auto","background-attachment":"scroll","background-type":"","background-media":"","overlay-type":"","overlay-color":"","overlay-opacity":"","overlay-gradient":""}},"ast-content-background-meta":{"desktop":{"background-color":"var(--ast-global-color-4)","background-image":"","background-repeat":"repeat","background-position":"center center","background-size":"auto","background-attachment":"scroll","background-type":"","background-media":"","overlay-type":"","overlay-color":"","overlay-opacity":"","overlay-gradient":""},"tablet":{"background-color":"var(--ast-global-color-4)","background-image":"","background-repeat":"repeat","background-position":"center center","background-size":"auto","background-attachment":"scroll","background-type":"","background-media":"","overlay-type":"","overlay-color":"","overlay-opacity":"","overlay-gradient":""},"mobile":{"background-color":"var(--ast-global-color-4)","background-image":"","background-repeat":"repeat","background-position":"center center","background-size":"auto","background-attachment":"scroll","background-type":"","background-media":"","overlay-type":"","overlay-color":"","overlay-opacity":"","overlay-gradient":""}},"footnotes":""},"class_list":["post-2504","page","type-page","status-publish","hentry"],"_links":{"self":[{"href":"https:\/\/zscncparts.com\/es\/wp-json\/wp\/v2\/pages\/2504","targetHints":{"allow":["GET"]}}],"collection":[{"href":"https:\/\/zscncparts.com\/es\/wp-json\/wp\/v2\/pages"}],"about":[{"href":"https:\/\/zscncparts.com\/es\/wp-json\/wp\/v2\/types\/page"}],"author":[{"embeddable":true,"href":"https:\/\/zscncparts.com\/es\/wp-json\/wp\/v2\/users\/1"}],"replies":[{"embeddable":true,"href":"https:\/\/zscncparts.com\/es\/wp-json\/wp\/v2\/comments?post=2504"}],"version-history":[{"count":0,"href":"https:\/\/zscncparts.com\/es\/wp-json\/wp\/v2\/pages\/2504\/revisions"}],"up":[{"embeddable":true,"href":"https:\/\/zscncparts.com\/es\/wp-json\/wp\/v2\/pages\/2503"}],"wp:attachment":[{"href":"https:\/\/zscncparts.com\/es\/wp-json\/wp\/v2\/media?parent=2504"}],"curies":[{"name":"wp","href":"https:\/\/api.w.org\/{rel}","templated":true}]}}