{"id":3799,"date":"2026-04-02T13:55:29","date_gmt":"2026-04-02T05:55:29","guid":{"rendered":"https:\/\/zscncparts.com\/?post_type=product&#038;p=3799"},"modified":"2026-04-02T14:17:18","modified_gmt":"2026-04-02T06:17:18","slug":"semiconductor-cnc-machining-precision-parts","status":"publish","type":"product","link":"https:\/\/zscncparts.com\/de\/product\/semiconductor-cnc-machining-precision-parts\/","title":{"rendered":"Halbleiter-CNC-Bearbeitung: Pr\u00e4zisionsteile f\u00fcr Halbleiterger\u00e4te"},"content":{"rendered":"<h2>Was ist Halbleiter-CNC-Bearbeitung?<\/h2>\n<h3>Definition und Branchen\u00fcbersicht<\/h3>\n<p>Die Halbleiter-CNC-Bearbeitung umfasst die pr\u00e4zise Herstellung kritischer Komponenten, die in der Halbleiterfertigung und -ausr\u00fcstung verwendet werden. Dieser Prozess nutzt fortschrittliche computergesteuerte (CNC) Maschinen, um Teile nach genauen Spezifikationen zu fr\u00e4sen, drehen oder zu fertigen. In der Halbleiterindustrie, in der die Leistung der Komponenten direkt die Produktion von Mikroprozessoren, Speicherchips und anderen elektronischen Ger\u00e4ten beeinflusst, sorgt die CNC-Bearbeitung f\u00fcr die Herstellung von Teilen mit Mikron-genauer Pr\u00e4zision und Wiederholbarkeit. Mit dem Fortschritt der Halbleitertechnologie w\u00e4chst die Nachfrage nach hochpr\u00e4zisen, zuverl\u00e4ssigen Bearbeitungsl\u00f6sungen zur Unterst\u00fctzung von Ger\u00e4ten f\u00fcr Waferhandling, Vakuumsysteme und Lithografie.<\/p>\n<h3>Warum Pr\u00e4zisionsbearbeitung in der Halbleiterindustrie entscheidend ist<\/h3>\n<p>Die Halbleiter-CNC-Bearbeitung spielt eine entscheidende Rolle bei der Sicherstellung der Prozessstabilit\u00e4t und Ausbeute bei der fortschrittlichen Chipfertigung. Pr\u00e4zisionsbearbeitung ist grundlegend f\u00fcr Komponenten der Halbleiterger\u00e4te aufgrund ihrer komplexen Geometrien und strengen Toleranzen. Selbst kleinste Abweichungen k\u00f6nnen Funktionsfehler oder Kontaminationen in der Halbleiterverarbeitung verursachen. Genaue CNC-Bearbeitung gew\u00e4hrleistet Toleranzen im Sub-Mikron-Bereich und makellose Oberfl\u00e4chen, die den strengsten Branchenstandards entsprechen. Dieses Ma\u00df an Pr\u00e4zision garantiert die Kompatibilit\u00e4t mit empfindlichen Halbleitermaterialien und -prozessen und verbessert die Zuverl\u00e4ssigkeit und Ausbeute der Ger\u00e4te. Dar\u00fcber hinaus unterst\u00fctzt die Pr\u00e4zisionsbearbeitung schnelle Prototypenentwicklung und Kleinserienproduktion, die f\u00fcr Forschung und Entwicklung sowie iterative Produktentwicklung in der Halbleiterbranche entscheidend sind.<\/p>\n<h2>Wichtige Vorteile der Halbleiter-CNC-Bearbeitung<\/h2>\n<h3>Erreichen extremer Pr\u00e4zision und Toleranzen im Sub-Mikron-Bereich<\/h3>\n<p>F\u00e4higkeit zur Sub-Mikron-Pr\u00e4zision<br \/>\n\u00dcberlegene Oberfl\u00e4chenqualit\u00e4t und Sauberkeit<br \/>\nHohe Wiederholbarkeit und Skalierbarkeit<br \/>\nFlexible Produktion vom Prototyp bis zur Massenfertigung<\/p>\n<p>CNC-Bearbeitung liefert die Punktgenauigkeit, die f\u00fcr Halbleiterkomponenten erforderlich ist, und erreicht oft Toleranzen im Sub-Mikron-Bereich, die f\u00fcr Waferhandling und Lithografieteile unerl\u00e4sslich sind. Diese Pr\u00e4zision sorgt f\u00fcr optimale Ger\u00e4teleistung und Kompatibilit\u00e4t innerhalb komplexer Systeme, bei denen selbst kleine Abweichungen Fehler oder Ertragsverluste verursachen k\u00f6nnen.<\/p>\n<h3>Sicherstellung \u00fcberlegener Oberfl\u00e4chenqualit\u00e4t und Sauberkeit<\/h3>\n<p>Eine glatte Oberfl\u00e4chenbeschaffenheit ist in Halbleiterger\u00e4ten entscheidend, um Partikelkontaminationen zu verhindern und luftdichte Dichtungen in Vakuumkammern und Gaszufuhrsystemen zu erm\u00f6glichen. CNC-Bearbeitungstechniken liefern konstant saubere, polierte Oberfl\u00e4chen, die den strengen Branchenstandards f\u00fcr Sauberkeit entsprechen und Risiken bei chemischer Gasphasenabscheidung und Verarbeitung minimieren.<\/p>\n<h3>Bereitstellung hoher Konsistenz und Skalierbarkeit in der Produktion<\/h3>\n<p>CNC-Bearbeitung ist hervorragend geeignet, gro\u00dfe Mengen identischer Teile mit minimalen Variationen herzustellen, was f\u00fcr die skalierbare Halbleiterfertigung unerl\u00e4sslich ist. Ihre Wiederholbarkeit unterst\u00fctzt enge Toleranzen und Materialreinheit \u00fcber Chargen hinweg, sodass eine kontinuierliche Produktion kritischer Komponenten f\u00fcr thermisches Management und Inspektion ohne Qualit\u00e4tsverlust m\u00f6glich ist. Fortschrittliche CNC-L\u00f6sungen erm\u00f6glichen auch flexible Anpassungen bei neuen Prozessanforderungen, um die Produktionsflexibilit\u00e4t zu erhalten.<\/p>\n<p>Beispielsweise hebt die Nutzung fortschrittlicher Bearbeitungstechnologien, \u00e4hnlich den L\u00f6sungen in der Herstellung hochpr\u00e4ziser Ger\u00e4te wie bei der CNC-Fertigung von Fahrradteilen, hervor, wie Investitionen in F\u00e4higkeiten eine konsistente, skalierbare Produktion f\u00fcr empfindliche Halbleiterkomponenten erm\u00f6glichen.<\/p>\n<h2>H\u00e4ufig verwendete Materialien in der Halbleiterbearbeitung<\/h2>\n<h3>Spezialisierte Metalle: Aluminium und Edelstahl<\/h3>\n<p>Aluminium und Edelstahl sind grundlegende Metalle in der Herstellung von Halbleiterger\u00e4ten aufgrund ihrer Haltbarkeit, Korrosionsbest\u00e4ndigkeit und hervorragenden Bearbeitbarkeit. Aluminium wird wegen seiner Leichtgewichtigkeit und W\u00e4rmeleitf\u00e4higkeit gesch\u00e4tzt, was es ideal f\u00fcr hitzeempfindliche Komponenten macht. Edelstahl bietet \u00fcberlegene Festigkeit und chemische Stabilit\u00e4t, was f\u00fcr Vakuumkammern und Gassysteme, bei denen Kontaminationskontrolle entscheidend ist, unerl\u00e4sslich ist. Beide Metalle k\u00f6nnen auf enge Toleranzen und makellose Oberfl\u00e4chenbearbeitung bearbeitet werden, um die in Halbleiteranwendungen geforderte Mikrometer-Genauigkeit zu unterst\u00fctzen.<\/p>\n<h3>Hochleistungs-Engineering-Kunststoffe: PEEK und PTFE<\/h3>\n<p>Engineering-Kunststoffe wie PEEK und PTFE spielen eine wichtige Rolle bei der CNC-Bearbeitung von Halbleitern, bei der chemische Best\u00e4ndigkeit, elektrische Isolierung und Dimensionsstabilit\u00e4t erforderlich sind. PEEK, mit seiner hohen Temperaturtoleranz und mechanischen St\u00e4rke, wird h\u00e4ufig f\u00fcr Dichtungen, Isolatoren und Strukturteile verwendet, die harschen Bearbeitungsumgebungen ausgesetzt sind. PTFE bietet ausgezeichnete Gleitf\u00e4higkeit und Best\u00e4ndigkeit gegen aggressive Chemikalien, was es zu einer bevorzugten Wahl f\u00fcr Komponenten macht, die mit reaktiven Gasen oder Fl\u00fcssigkeiten in Kontakt kommen. Diese Kunststoffe behalten ihre strukturelle Integrit\u00e4t unter komplexen Bearbeitungsbedingungen und unterst\u00fctzen Hochleistungs-Halbleitersysteme.<\/p>\n<h3>Fortschrittliche Keramiken und Quarz<\/h3>\n<p>W\u00e4hrend unser Kernfokus auf Metallen und Kunststoffen liegt, sind fortschrittliche Keramiken und Quarz wichtige Materialien, die h\u00e4ufig in spezialisierten Halbleiterteilen verwendet werden. Ihre H\u00e4rte und thermische Stabilit\u00e4t erm\u00f6glichen eine herausragende Verschlei\u00dffestigkeit und Isolierung auf sehr kleinen Skalen, was f\u00fcr Lithographie- und Testger\u00e4te entscheidend ist. Das Bearbeiten dieser Materialien erfordert Pr\u00e4zision und Fachwissen, um Reinheit zu bewahren und Mikrorisse zu vermeiden. F\u00fcr Kunden, die Teile aus diesen Materialien ben\u00f6tigen, entsprechen unsere CNC-F\u00e4higkeiten strengen Qualit\u00e4tsstandards, um die anspruchsvollen Anforderungen der Halbleiterfertigung zu erf\u00fcllen.<\/p>\n<p>F\u00fcr weitere Einblicke in die Auswahl pr\u00e4ziser Materialien f\u00fcr hochentwickelte Instrumente, erkunden Sie unseren Leitfaden zu <a href=\"https:\/\/zscncparts.com\/de\/how-to-select-precise-cnc-machining-materials\/\">pr\u00e4zise CNC-Bearbeitungsmaterialien<\/a>.<\/p>\n<h2>Herausforderungen bei der CNC-Bearbeitung von Halbleitern<\/h2>\n<h3>Wafer-Handhabungs- und Verarbeitungssysteme<\/h3>\n<p>Pr\u00e4zisions-CNC-Bearbeitung produziert kritische Komponenten f\u00fcr Wafer-Handhabungssysteme, einschlie\u00dflich Roboterarme, Chucks und Ausrichtvorrichtungen. Diese Teile erfordern Mikrometer-Genauigkeit, um empfindliche Halbleiterwafer sicher zu greifen und zu transportieren, ohne Sch\u00e4den zu verursachen. Unsere F\u00e4higkeiten unterst\u00fctzen enge Toleranzen und glatte Oberfl\u00e4chen, die f\u00fcr kontaminationsfreie Verarbeitungsumgebungen unerl\u00e4sslich sind.<\/p>\n<h3>Vakuumkammern und Gassysteme<\/h3>\n<p>Vakuumkammern und Gaskomponenten erfordern pr\u00e4zise Bearbeitung, um luftdichte Dichtungen und genaue Durchflusskontrollen zu gew\u00e4hrleisten. CNC-Bearbeitung sorgt f\u00fcr konsistente Ma\u00dfe und Oberfl\u00e4chenqualit\u00e4t bei Teilen wie Ventilen, Fittings und Dichtungen, die in ultra-reinen, kontrollierten Atmosph\u00e4rensystemen verwendet werden, die f\u00fcr die Halbleiterfertigung entscheidend sind.<\/p>\n<h3>L\u00f6sungen f\u00fcr das thermische Management<\/h3>\n<p>Effektive W\u00e4rmeableitung ist in der Halbleitertechnik entscheidend, daher bearbeiten wir thermische L\u00f6sungen wie K\u00fchlk\u00f6rper, K\u00fchlplatten und Verteilerbl\u00f6cke aus Hochleistungsmetallen wie Aluminium und Edelstahl. Unsere CNC-Prozesse liefern die erforderliche Dimensionsstabilit\u00e4t und Oberfl\u00e4chenqualit\u00e4t, die f\u00fcr optimale W\u00e4rmeleitf\u00e4higkeit und Zuverl\u00e4ssigkeit entscheidend sind.<\/p>\n<h3>Test-, Inspektions- und Lithographieteile<\/h3>\n<p>CNC-Bearbeitung unterst\u00fctzt die Produktion hochpr\u00e4ziser Teile f\u00fcr Testger\u00e4te, Inspektionsvorrichtungen und Lithographiewerkzeuge. Diese Komponenten erfordern makellose Pr\u00e4zision und Oberfl\u00e4chenmerkmale, um eine genaue Ausrichtung, Reproduzierbarkeit und funktionale Leistung bei der Herstellung und Qualit\u00e4tskontrolle von Halbleiterbauelementen sicherzustellen.<\/p>\n<p>Unsere Expertise in der Bearbeitung dieser Kernkomponenten der Halbleitertechnik nutzt enge Toleranzen, spezialisierte Materialien und strenge Qualit\u00e4tsstandards, um den hohen Anforderungen der Elektronikindustrie gerecht zu werden. F\u00fcr die Fertigung komplexer Teile und die integrierte Montage erm\u00f6glichen unsere fortschrittlichen CNC-L\u00f6sungen schnelle Prototypenentwicklung bis hin zur Massenproduktion. F\u00fcr zus\u00e4tzliche Fertigungsprozesse, die die Halbleiterbearbeitung erg\u00e4nzen, erkunden Sie unsere umfassenden Fertigungsdienstleistungen.<\/p>\n<h2>Wesentliche Herausforderungen bei der Bearbeitung von Halbleiterteilen<\/h2>\n<h3>Arbeiten mit harten und zerbrechlichen Materialien<\/h3>\n<p>Halbleiterkomponenten erfordern oft die Bearbeitung von Materialien, die sowohl \u00e4u\u00dferst hart als auch empfindlich sind. Metalle wie Titan und Edelstahl bieten St\u00e4rke, erfordern jedoch pr\u00e4zise Werkzeugkontrolle, um Verschlei\u00df und Sch\u00e4den zu vermeiden. Gleichzeitig erfordern zerbrechliche Materialien, die in Halbleiteranlagen verwendet werden, einschlie\u00dflich bestimmter Kunststoffe und Verbundstoffe, eine schonende Handhabung, um Risse oder Verformungen zu verhindern. Das Gleichgewicht zwischen Geschwindigkeit und Sorgfalt ist entscheidend, um die Integrit\u00e4t der Teile w\u00e4hrend der CNC-Bearbeitung zu erhalten.<\/p>\n<h3>Fr\u00e4sen komplexer Geometrien<\/h3>\n<p>Teile von Halbleiteranlagen weisen h\u00e4ufig komplexe Formen mit engen Toleranzen und mikroskopischen Details auf. Die Erreichung dieser komplexen Geometrien erfordert fortschrittliche CNC-Technologien wie 5-Achs- und Schweizer Bearbeitung, die pr\u00e4zise Mehrwinkel-Schnitte erm\u00f6glichen. Diese Komplexit\u00e4t erh\u00f6ht die Bearbeitungsanforderungen und erfordert erfahrene Programmierung und Fachkenntnisse, um Werkzeugkollisionen zu vermeiden und eine konsistente Reproduktion detaillierter Merkmale sicherzustellen.<\/p>\n<h3>Aufrechterhaltung strenger Materialreinheit und Kompatibilit\u00e4t<\/h3>\n<p>Die absolute Reinheit und Kompatibilit\u00e4t w\u00e4hrend der Bearbeitung sind f\u00fcr Halbleiteranwendungen entscheidend. Kontaminationen durch Werkzeuge oder falsche Verarbeitung k\u00f6nnen die Ger\u00e4teleistung beeintr\u00e4chtigen. Daher muss die Bearbeitung strenge Protokolle einhalten, einschlie\u00dflich dedizierter Werkzeugs\u00e4tze und reinraumkompatibler Prozesse, wenn erforderlich. Die Auswahl hochwertiger Materialien wie luftfahrttaugliches Aluminium oder chemisch resistentes PEEK tr\u00e4gt dazu bei, dass Komponenten strenge Branchenstandards erf\u00fcllen, ohne die Reinheit zu beeintr\u00e4chtigen.<\/p>\n<p>F\u00fcr die Bearbeitung anspruchsvoller Metalle wie Edelstahl mit Pr\u00e4zision und Oberfl\u00e4chenqualit\u00e4t k\u00f6nnen Hersteller auf spezialisierte <a href=\"https:\/\/zscncparts.com\/de\/machining-stainless-steel\/\">CNC-Edelstahlschneidprozesse<\/a> zugreifen, die f\u00fcr enge Toleranzen in Halbleiterteilen optimiert sind.<\/p>\n<h2>Die Wahl des richtigen Partners f\u00fcr Halbleiter-CNC-Bearbeitung<\/h2>\n<h3>Bewertung fortschrittlicher Technologie- und Ausr\u00fcstungskapazit\u00e4ten<\/h3>\n<p>Die Zusammenarbeit mit einem CNC-Bearbeitungsanbieter, der mit modernster Maschine ausgestattet ist, ist f\u00fcr Komponenten von Halbleiteranlagen entscheidend. Fortschrittliche Mehrachsen-CNC-Maschinen, Schweizer Bearbeitung und EDM-Technologien erm\u00f6glichen die Herstellung komplexer Teile mit Mikrometer-Genauigkeit und komplexen Geometrien. Diese Technologien gew\u00e4hrleisten eine konsistente Wiederholbarkeit und enge Toleranzen, die in der Halbleiterfertigung erforderlich sind. Der Zugang zu Automatisierung und einem umfassenden Spektrum an Bearbeitungsf\u00e4higkeiten beschleunigt die Prototypenentwicklung und skaliert die Produktion effizient, ohne die Qualit\u00e4t zu beeintr\u00e4chtigen.<\/p>\n<h3>Sicherstellung strenger Qualit\u00e4tskontrolle und Compliance<\/h3>\n<p>Halbleiterkomponenten erfordern eine rigorose Qualit\u00e4tskontrolle, um den Branchenstandards zu entsprechen. W\u00e4hlen Sie einen Bearbeitungslieferanten mit nachweislicher ISO 9001-Zertifizierung und einem robusten Inspektionssystem, das fortschrittliche Messinstrumente und Verifizierungsverfahren umfasst. Ein transparenter Prozess mit kontinuierlichen Qualit\u00e4tskontrollen minimiert Fehler und garantiert, dass jedes Teil enge Toleranzen und Oberfl\u00e4chenfinish-Anforderungen erf\u00fcllt. Strikte Einhaltung sch\u00fctzt die Zuverl\u00e4ssigkeit Ihrer Lieferkette und erh\u00f6ht die Ausbeute in nachgelagerten Halbleiteranwendungen.<\/p>\n<h3>Bewertung der Erfahrung mit spezialisierten Materialien<\/h3>\n<p>Erfahrung in der Bearbeitung spezieller Materialien \u2013 wie Titan, Edelstahl, Aluminiumlegierungen, PEEK und PTFE \u2013 ist beim Bezug von Komponenten f\u00fcr Halbleiteranlagen unerl\u00e4sslich. Diese Materialien erfordern eine fein abgestimmte Handhabung aufgrund ihrer mechanischen Eigenschaften und Reinheitsstandards. Partner mit nachgewiesener Expertise in Metallen und Hochleistungskunststoffen liefern Teile, die in kontrollierten Halbleiterumgebungen zuverl\u00e4ssig funktionieren. Ihr Wissen reduziert Risiken von Kontamination und Materialinkompatibilit\u00e4t und sorgt gleichzeitig f\u00fcr hervorragende Bearbeitbarkeit und Langlebigkeit.<\/p>\n<p>F\u00fcr weitere Einblicke in die Erreichung enger Ma\u00dfgenauigkeit mit fortschrittlicher Ausr\u00fcstung erkunden Sie unseren detaillierten Leitfaden zu <a href=\"https:\/\/zscncparts.com\/de\/standard-tolerances-for-5axis-parts\/\">Standardtoleranzen f\u00fcr 5-Achs-Teile<\/a> um die Pr\u00e4zisionsma\u00dfst\u00e4be zu verstehen, die in der CNC-Bearbeitung von Halbleitern entscheidend sind.<\/p>\n<h2 data-section-id=\"1rrrqgd\" data-start=\"3353\" data-end=\"3411\">Hochpr\u00e4zise Halbleiter-CNC-Bearbeitungsdienste erhalten<\/h2>\n<p data-start=\"3413\" data-end=\"3476\">Auf der Suche nach einem zuverl\u00e4ssigen Partner f\u00fcr Halbleiter-CNC-Bearbeitung?<\/p>\n<p data-start=\"3478\" data-end=\"3489\">Wir bieten an:<\/p>\n<ul data-start=\"3490\" data-end=\"3688\">\n<li data-section-id=\"fey13q\" data-start=\"3490\" data-end=\"3534\">Bearbeitung mit engen Toleranzen (bis zu \u00b10,01 mm)<\/li>\n<li data-section-id=\"1fagszw\" data-start=\"3535\" data-end=\"3604\">Erfahrung mit Aluminium, Edelstahl und technischen Kunststoffen<\/li>\n<li data-section-id=\"1owrma3\" data-start=\"3605\" data-end=\"3648\">Unterst\u00fctzung vom Prototyp bis zur Serienproduktion<\/li>\n<li data-section-id=\"1smwlr0\" data-start=\"3649\" data-end=\"3688\">Strenge Qualit\u00e4tskontrolle und Inspektion<\/li>\n<\/ul>\n<p data-start=\"3690\" data-end=\"3769\">Kontaktieren Sie uns noch heute, um Ihre Halbleiterkomponenten zu besprechen und ein schnelles Angebot zu erhalten.<\/p>\n<div id=\"references\" class=\"min-w-0 scroll-mt-8 overflow-hidden\">\n<div class=\"text-[16px]\">\n<h2 id=\"references\" class=\"mb-2 mt-2 scroll-mt-24 font-serif text-[1.714286em] font-semibold border-border-l1 pb-1 border-b overflow-hidden\">Branchenreferenzen<\/h2>\n<\/div>\n<div class=\"flex flex-col gap-2 text-sm leading-relaxed\">\n<div class=\"break-words text-[1em] leading-7\"><a class=\"break-words text-[1em] text-blue-500 hover:underline dark:text-blue-200\" href=\"https:\/\/www.ellisontechnologies.com\/industries\/semiconductor\" target=\"_blank\" rel=\"noopener noreferrer\">https:\/\/www.ellisontechnologies.com\/industries\/semiconductor<\/a><\/div>\n<div class=\"break-words text-[1em] leading-7\"><\/div>\n<\/div>\n<\/div>","protected":false},"excerpt":{"rendered":"<p>Erfahren Sie, wie die Halbleiter-CNC-Bearbeitung ultra-pr\u00e4zise Teile f\u00fcr Waferhandling, Vakuumsysteme und Lithografieger\u00e4te liefert. Entdecken Sie Materialien, Toleranzen und wichtige Vorteile.<\/p>","protected":false},"featured_media":3798,"comment_status":"open","ping_status":"closed","template":"","meta":{"_monsterinsights_skip_tracking":false,"_monsterinsights_sitenote_active":false,"_monsterinsights_sitenote_note":"","_monsterinsights_sitenote_category":0,"site-sidebar-layout":"default","site-content-layout":"","ast-site-content-layout":"default","site-content-style":"default","site-sidebar-style":"default","ast-global-header-display":"","ast-banner-title-visibility":"","ast-main-header-display":"","ast-hfb-above-header-display":"","ast-hfb-below-header-display":"","ast-hfb-mobile-header-display":"","site-post-title":"","ast-breadcrumbs-content":"","ast-featured-img":"","footer-sml-layout":"","theme-transparent-header-meta":"default","adv-header-id-meta":"","stick-header-meta":"","header-above-stick-meta":"","header-main-stick-meta":"","header-below-stick-meta":"","astra-migrate-meta-layouts":"set","ast-page-background-enabled":"default","ast-page-background-meta":{"desktop":{"background-color":"var(--ast-global-color-5)","background-image":"","background-repeat":"repeat","background-position":"center center","background-size":"auto","background-attachment":"scroll","background-type":"","background-media":"","overlay-type":"","overlay-color":"","overlay-opacity":"","overlay-gradient":""},"tablet":{"background-color":"","background-image":"","background-repeat":"repeat","background-position":"center center","background-size":"auto","background-attachment":"scroll","background-type":"","background-media":"","overlay-type":"","overlay-color":"","overlay-opacity":"","overlay-gradient":""},"mobile":{"background-color":"","background-image":"","background-repeat":"repeat","background-position":"center center","background-size":"auto","background-attachment":"scroll","background-type":"","background-media":"","overlay-type":"","overlay-color":"","overlay-opacity":"","overlay-gradient":""}},"ast-content-background-meta":{"desktop":{"background-color":"var(--ast-global-color-4)","background-image":"","background-repeat":"repeat","background-position":"center center","background-size":"auto","background-attachment":"scroll","background-type":"","background-media":"","overlay-type":"","overlay-color":"","overlay-opacity":"","overlay-gradient":""},"tablet":{"background-color":"var(--ast-global-color-4)","background-image":"","background-repeat":"repeat","background-position":"center center","background-size":"auto","background-attachment":"scroll","background-type":"","background-media":"","overlay-type":"","overlay-color":"","overlay-opacity":"","overlay-gradient":""},"mobile":{"background-color":"var(--ast-global-color-4)","background-image":"","background-repeat":"repeat","background-position":"center center","background-size":"auto","background-attachment":"scroll","background-type":"","background-media":"","overlay-type":"","overlay-color":"","overlay-opacity":"","overlay-gradient":""}}},"product_brand":[],"product_cat":[15,32],"product_tag":[],"class_list":{"0":"post-3799","1":"product","2":"type-product","3":"status-publish","4":"has-post-thumbnail","6":"product_cat-cnc-machining","7":"product_cat-5-axis","8":"desktop-align-left","9":"tablet-align-left","10":"mobile-align-left","12":"first","13":"instock","14":"shipping-taxable","15":"purchasable","16":"product-type-simple"},"_links":{"self":[{"href":"https:\/\/zscncparts.com\/de\/wp-json\/wp\/v2\/product\/3799","targetHints":{"allow":["GET"]}}],"collection":[{"href":"https:\/\/zscncparts.com\/de\/wp-json\/wp\/v2\/product"}],"about":[{"href":"https:\/\/zscncparts.com\/de\/wp-json\/wp\/v2\/types\/product"}],"replies":[{"embeddable":true,"href":"https:\/\/zscncparts.com\/de\/wp-json\/wp\/v2\/comments?post=3799"}],"wp:featuredmedia":[{"embeddable":true,"href":"https:\/\/zscncparts.com\/de\/wp-json\/wp\/v2\/media\/3798"}],"wp:attachment":[{"href":"https:\/\/zscncparts.com\/de\/wp-json\/wp\/v2\/media?parent=3799"}],"wp:term":[{"taxonomy":"product_brand","embeddable":true,"href":"https:\/\/zscncparts.com\/de\/wp-json\/wp\/v2\/product_brand?post=3799"},{"taxonomy":"product_cat","embeddable":true,"href":"https:\/\/zscncparts.com\/de\/wp-json\/wp\/v2\/product_cat?post=3799"},{"taxonomy":"product_tag","embeddable":true,"href":"https:\/\/zscncparts.com\/de\/wp-json\/wp\/v2\/product_tag?post=3799"}],"curies":[{"name":"wp","href":"https:\/\/api.w.org\/{rel}","templated":true}]}}