{"id":3772,"date":"2026-03-26T10:42:10","date_gmt":"2026-03-26T02:42:10","guid":{"rendered":"https:\/\/zscncparts.com\/?post_type=product&#038;p=3772"},"modified":"2026-03-26T10:49:35","modified_gmt":"2026-03-26T02:49:35","slug":"brass-gear-and-bushing-cnc-machining-for-lowfriction-industrial-applications","status":"publish","type":"product","link":"https:\/\/zscncparts.com\/de\/product\/brass-gear-and-bushing-cnc-machining-for-lowfriction-industrial-applications\/","title":{"rendered":"Messinggetriebe und Buchsen CNC-Bearbeitung f\u00fcr niedrige Reibung"},"content":{"rendered":"<h2>Wichtige Vorteile von Messing bei der Herstellung von Getrieben und Buchsen<\/h2>\n<p>Bei der Beschaffung von Materialien f\u00fcr Hochleistungs- <strong>industrielle Komponenten<\/strong>, hebt sich Messing als erstklassige Wahl hervor. F\u00fcr Teile, die kontinuierliche Bewegung und Zuverl\u00e4ssigkeit erfordern, bietet Messing eine unvergleichliche Kombination aus Bearbeitbarkeit und Haltbarkeit in <strong>Pr\u00e4zisionsfertigung<\/strong>.<\/p>\n<h3>Au\u00dfergew\u00f6hnliche Bearbeitbarkeit und schnellere Produktionszyklen<\/h3>\n<p>Messing ist bekannt f\u00fcr seine <strong>hohe Bearbeitbarkeit<\/strong>, was es zu einem idealen Material f\u00fcr die Herstellung komplexer Getriebe und Buchsen macht.<\/p>\n<ul>\n<li><strong>Schnellere Bearbeitungszyklen:<\/strong> Hoch effiziente Materialentfernung w\u00e4hrend <strong>CNC-Fr\u00e4sen<\/strong> und Drehen beschleunigt die Produktionszeiten erheblich.<\/li>\n<li><strong>Enge Toleranzen:<\/strong> Das vorhersehbare Verhalten von Messing w\u00e4hrend des Bearbeitungsprozesses erm\u00f6glicht die exakten Spezifikationen, die f\u00fcr <strong>kundenspezifisch bearbeiteten Teile<\/strong>.<\/li>\n<li><strong>Werkzeuglebensdauer:<\/strong> Die Weichheit von Messing f\u00fchrt zu reduziertem Verschlei\u00df an Schneidwerkzeugen, senkt die Gesamtkosten der Fertigung und minimiert Ausfallzeiten.<\/li>\n<\/ul>\n<h3>Nat\u00fcrliche Schmierf\u00e4higkeit f\u00fcr selbstschmierende Lager<\/h3>\n<p>In mechanischen Systemen verschlechtert Reibung schnell <strong>bewegliche Teile<\/strong>. Messing bietet intrinsische Oberfl\u00e4chenmerkmale, die diesem Verschlei\u00df direkt entgegenwirken.<\/p>\n<ul>\n<li><strong>Inh\u00e4rte Gl\u00e4tte:<\/strong> Die nat\u00fcrliche Schmierf\u00e4higkeit von Messing reduziert die strikte Abh\u00e4ngigkeit von schwerer, kontinuierlicher externer Schmierung.<\/li>\n<li><strong>Hohe Verschlei\u00dffestigkeit:<\/strong> Ein niedriger Reibungskoeffizient bedeutet, dass bearbeitete Zahnr\u00e4der und Buchsen l\u00e4nger halten und zuverl\u00e4ssig in anspruchsvoller <strong>Industriemaschinen<\/strong>.<\/li>\n<li><strong>Reibungsloser Betrieb:<\/strong> Messing verhindert das Verklemmen, Gallen oder Festsetzen, die h\u00e4ufig zu katastrophalem Ausfall der Ausr\u00fcstung in Metall-auf-Metall-Anwendungen f\u00fchren.<\/li>\n<\/ul>\n<h3>\u00dcberlegene Dimensionsstabilit\u00e4t und Korrosionsbest\u00e4ndigkeit<\/h3>\n<p>Industrielle Umgebungen sind unerbittlich und erfordern Materialien, die sich unter Betriebsstress nicht verformen, ausdehnen oder verschlechtern.<\/p>\n<ul>\n<li><strong>Dimensionalstabilit\u00e4t:<\/strong> Messing beh\u00e4lt seine pr\u00e4zise Form unter schweren mechanischen Belastungen bei und sorgt daf\u00fcr, dass Zahnr\u00e4der und Buchsen w\u00e4hrend ihrer Betriebsdauer perfekt ausgerichtet bleiben.<\/li>\n<li><strong>Korrosionsbest\u00e4ndigkeit:<\/strong> Das Legierung widersteht nat\u00fcrlicherweise Rost und Verschlechterung durch Feuchtigkeit oder aggressive Schmierstoffe, was sie in exponierten oder fluidreichen Umgebungen \u00e4u\u00dferst zuverl\u00e4ssig macht.<\/li>\n<li><strong>W\u00e4rmeleitf\u00e4higkeit:<\/strong> Ausgezeichnete W\u00e4rmeableitung verhindert lokale \u00dcberhitzung und thermische Ausdehnung und verl\u00e4ngert so die Lebensdauer Ihrer kritischen <strong>mechanischen Komponenten<\/strong>.<\/li>\n<\/ul>\n<h2>Beste Messing- und Bronzelegierungen f\u00fcr industrielle Buchsen<\/h2>\n<p><img decoding=\"async\" data-src=\"https:\/\/pub-36eea33d6f1540d281c285671ffb8664.r2.dev\/2026\/03\/26\/Brass_bronze_CNC_machined_low-friction_bushings_MO.webp\" alt=\"Messingbronze CNC-gefertigte Niedrig-Reibungs-Buchsen\" title=\"\" src=\"data:image\/svg+xml;base64,PHN2ZyB3aWR0aD0iMSIgaGVpZ2h0PSIxIiB4bWxucz0iaHR0cDovL3d3dy53My5vcmcvMjAwMC9zdmciPjwvc3ZnPg==\" class=\"lazyload\"><\/p>\n<p>Bei der Bearbeitung von Messingzahnr\u00e4dern und Buchsen f\u00fcr CNC-Bearbeitung in industriellen Anwendungen mit geringem Reibungswiderstand ist das gew\u00e4hlte Material entscheidend f\u00fcr den Erfolg des Projekts. Wir verlassen uns auf eine ausgew\u00e4hlte Gruppe von Metallen, um eine \u00fcberlegene Verschlei\u00dffestigkeit und zuverl\u00e4ssige Dimensionsstabilit\u00e4t f\u00fcr die globale Fertigungsanforderungen zu gew\u00e4hrleisten.<\/p>\n<h3>C360 Freischneidendes Messing f\u00fcr enge Toleranzen<\/h3>\n<p>C360 ist unser absoluter Favorit f\u00fcr Pr\u00e4zisionsfertigung. Da es eine unglaublich hohe Bearbeitbarkeit bietet, erm\u00f6glicht es uns, enge Toleranzen konsequent zu erreichen, ohne unsere Werkzeuge abzunutzen.<\/p>\n<ul>\n<li><strong>Schnellere Bearbeitungszyklen:<\/strong> Reduziert Ihre Produktionszeit und -kosten drastisch.<\/li>\n<li><strong>Perfekt f\u00fcr pr\u00e4zise Spezifikationen:<\/strong> Ideal, wenn Ihre kundenspezifischen maschinengefertigten Teile genaue, wiederholbare Ma\u00dfe erfordern.<\/li>\n<li><strong>Zuverl\u00e4ssige Basis:<\/strong> Auswahl standardisierter <a href=\"https:\/\/zscncparts.com\/de\/material\/metal\/brass\/\">Messingmaterialien f\u00fcr CNC-Bearbeitung<\/a> wie C360 garantiert eine makellose Oberfl\u00e4chenqualit\u00e4t direkt nach der Maschine.<\/li>\n<\/ul>\n<h3>C260 Cartridge Messing f\u00fcr Hochfestigkeitsteile<\/h3>\n<p>Wenn Ihre beweglichen Teile st\u00e4rkeren Belastungen ausgesetzt sind, ist C260 die bessere Wahl. Es opfert ein kleines bisschen Bearbeitbarkeit f\u00fcr einen enormen Schub an struktureller Festigkeit. Wir verwenden dieses speziell f\u00fcr schwere Industriemaschinen, bei denen Teile mechanischer Verformung widerstehen m\u00fcssen, w\u00e4hrend sie gleichzeitig eine hervorragende Korrosionsbest\u00e4ndigkeit aufweisen.<\/p>\n<h3>Vergleich zwischen Messing- und Bronzebuchsen (C932)<\/h3>\n<p>Wie schneiden Standardmessinglegierungen im Vergleich zu einer speziellen Lagerbronze wie C932 (h\u00e4ufig bekannt als SAE 660) ab? Das Wissen um den Unterschied verhindert vorzeitigen Teileausfall in der Fertigungslinie.<\/p>\n<table>\n<thead>\n<tr>\n<th style=\"text-align: left;\">Merkmal<\/th>\n<th style=\"text-align: left;\">C360 Bronze<\/th>\n<th style=\"text-align: left;\">C932 Bronze (SAE 660)<\/th>\n<\/tr>\n<\/thead>\n<tbody>\n<tr>\n<td style=\"text-align: left;\"><strong>Beste Anwendung<\/strong><\/td>\n<td style=\"text-align: left;\">Hochgeschwindigkeits-, Leichtlastkomponenten<\/td>\n<td style=\"text-align: left;\">Schwerlast-, Hochbelastungslager<\/td>\n<\/tr>\n<tr>\n<td style=\"text-align: left;\"><strong>Verschlei\u00dffestigkeit<\/strong><\/td>\n<td style=\"text-align: left;\">Gute<\/td>\n<td style=\"text-align: left;\">Ausgezeichneten<\/td>\n<\/tr>\n<tr>\n<td style=\"text-align: left;\"><strong>Reibungssteuerung<\/strong><\/td>\n<td style=\"text-align: left;\">Geringe Reibung f\u00fcr schnelle Bewegungen<\/td>\n<td style=\"text-align: left;\">Nat\u00fcrliche selbstschmierende Eigenschaften<\/td>\n<\/tr>\n<tr>\n<td style=\"text-align: left;\"><strong>Zerspanbarkeit<\/strong><\/td>\n<td style=\"text-align: left;\">Ausgezeichnet<\/td>\n<td style=\"text-align: left;\">Sehr Gut<\/td>\n<\/tr>\n<\/tbody>\n<\/table>\n<p>F\u00fcr allt\u00e4gliche Industriekomponenten h\u00e4lt Messing die Kosten niedrig und beschleunigt Ihre Produktionslinie. Aber wenn Sie mit schweren Lasten und st\u00e4ndiger Reibung arbeiten, ist die Aufr\u00fcstung auf SAE 660 Lagerbronze die kl\u00fcgste Investition f\u00fcr langfristige Haltbarkeit.<\/p>\n<h2>Wichtige CNC-Bearbeitungsparameter f\u00fcr Messingkomponenten<\/h2>\n<p>Bei der Ausf\u00fchrung von Messingzahnr\u00e4dern und Buchsen-CNC-Bearbeitung f\u00fcr Anwendungen mit geringem Reibungswiderstand in der Industrie ist es entscheidend, die Maschineneinstellungen richtig zu w\u00e4hlen. Pr\u00e4zisionsfertigung h\u00e4ngt davon ab, die genauen Parameter einzustellen, um enge Toleranzen einzuhalten und das reibungslose Funktionieren beweglicher Teile in industriellen Maschinen zu gew\u00e4hrleisten.<\/p>\n<h3>Optimierung von Schnittgeschwindigkeiten und Vorschubraten<\/h3>\n<p>Messing ist bekannt f\u00fcr seine hohe Bearbeitbarkeit. Dieser nat\u00fcrliche Vorteil erm\u00f6glicht es uns, schnellere Bearbeitungszyklen durchzuf\u00fchren, ohne die Qualit\u00e4t zu beeintr\u00e4chtigen. F\u00fcr kundenspezifisch gefertigte Teile halten wir die Schnittgeschwindigkeiten in der Regel hoch und die Vorschubraten moderat. Dieses optimale Gleichgewicht verhindert Materialrisse und sorgt f\u00fcr eine strikte Ma\u00dfhaltigkeit.<\/p>\n<table>\n<thead>\n<tr>\n<th style=\"text-align: left;\">Bearbeitungsprozess<\/th>\n<th style=\"text-align: left;\">Schnittgeschwindigkeit (SFM)<\/th>\n<th style=\"text-align: left;\">Vorschubrate (IPR)<\/th>\n<\/tr>\n<\/thead>\n<tbody>\n<tr>\n<td style=\"text-align: left;\"><strong>CNC-Drehen<\/strong><\/td>\n<td style=\"text-align: left;\">500 &#8211; 800<\/td>\n<td style=\"text-align: left;\">0.002 &#8211; 0.015<\/td>\n<\/tr>\n<tr>\n<td style=\"text-align: left;\"><strong>CNC-Fr\u00e4sen<\/strong><\/td>\n<td style=\"text-align: left;\">400 &#8211; 700<\/td>\n<td style=\"text-align: left;\">0.002 &#8211; 0.010<\/td>\n<\/tr>\n<\/tbody>\n<\/table>\n<h3>Werkzeugauswahl und Strategien zur Verschlei\u00dfreduzierung<\/h3>\n<p>Obwohl Messing relativ weich ist, ist die Wahl der richtigen Schneidwerkzeuge entscheidend f\u00fcr eine gleichbleibende Produktion. Wir verwenden unbeschichtete Hartmetallwerkzeuge, da sie scharf bleiben und Kantenaufbau widerstehen. Scharfe Werkzeuge sind unsere beste Verteidigung gegen schlechte Toleranzen. Wenn Sie das Materialverhalten vergleichen, zeigt Ihnen, wie <a href=\"https:\/\/zscncparts.com\/de\/aluminum-vs-brass-vs-stainless-steel-choose-the-right-cnc-material\/\">Aluminium vs. Messing vs. Edelstahl<\/a> sich die Maschine unterschiedlich verh\u00e4lt, warum der Werkzeugverschlei\u00df bei Messing deutlich geringer ist, was letztlich Kosten bei industriellen Komponenten spart.<\/p>\n<ul>\n<li><strong>Werkstoff des Werkzeugs:<\/strong> Verwenden Sie unbeschichteten, polierten Vollhartmetall f\u00fcr die saubersten Schnitte.<\/li>\n<li><strong>Schneidwinkel:<\/strong> Wenden Sie einen null oder leicht negativen Schneidwinkel an, um zu verhindern, dass das Werkzeug in das Messing einsinkt.<\/li>\n<li><strong>Freistichwinkel:<\/strong> Halten Sie die Freistichwinkel gro\u00dfz\u00fcgig, um Reibung zu vermeiden und die Hitzeentwicklung zu minimieren.<\/li>\n<\/ul>\n<h3>K\u00fchlmittel- und Schmiermittelsetup f\u00fcr eine optimale Oberfl\u00e4chenqualit\u00e4t<\/h3>\n<p>Eine hervorragende Oberfl\u00e4chenbearbeitung ist bei mechanischen Komponenten mit geringem Reibungswiderstand unverzichtbar. W\u00e4hrend Messing h\u00e4ufig trocken bearbeitet werden kann, verwenden wir leichte Schneidfl\u00fcssigkeiten oder wasserl\u00f6sliche K\u00fchlmittel f\u00fcr hochpr\u00e4zise Arbeiten.<\/p>\n<ul>\n<li><strong>Spanabfuhr:<\/strong> Hochdruckk\u00fchlmittel sp\u00fclt kleine Messingsp\u00e4ne sofort weg und verhindert Nachschnitt.<\/li>\n<li><strong>Temperaturkontrolle:<\/strong> H\u00e4lt die Schneidzone k\u00fchl, was f\u00fcr die Aufrechterhaltung der Ma\u00dfgenauigkeit bei langen Produktionsl\u00e4ufen entscheidend ist.<\/li>\n<li><strong>Glatte Oberfl\u00e4che:<\/strong> Bietet die notwendige Schmierung, um die spiegel\u00e4hnlichen Oberfl\u00e4chen zu erzielen, die f\u00fcr Reibungsarme Zahnr\u00e4der und Buchsen erforderlich sind.<\/li>\n<\/ul>\n<h2>Oberfl\u00e4chenfinishs zur Verbesserung der Reibungsarmut<\/h2>\n<p><img decoding=\"async\" data-src=\"https:\/\/pub-36eea33d6f1540d281c285671ffb8664.r2.dev\/2026\/03\/26\/Brass_Gear_Bushing_CNC_Low-Friction_Finishes_sMF50.webp\" alt=\"Messingzahnr\u00e4der Buchse CNC Geringe Reibungsbel\u00e4ge\" title=\"\" src=\"data:image\/svg+xml;base64,PHN2ZyB3aWR0aD0iMSIgaGVpZ2h0PSIxIiB4bWxucz0iaHR0cDovL3d3dy53My5vcmcvMjAwMC9zdmciPjwvc3ZnPg==\" class=\"lazyload\"><\/p>\n<p>Wenn wir Messingzahnr\u00e4der und Buchsen CNC-Bearbeitung f\u00fcr industriellen Anwendungen mit niedriger Reibung durchf\u00fchren, ist die richtige Dimensionierung nur die H\u00e4lfte der Arbeit. Um die Lebensdauer beweglicher Teile zu maximieren, ist die Anwendung der richtigen Oberfl\u00e4chenveredelung unverzichtbar. Eine ordnungsgem\u00e4\u00dfe Oberfl\u00e4che erh\u00f6ht die Verschlei\u00dffestigkeit erheblich und sorgt daf\u00fcr, dass Ihre industriellen Komponenten unter Belastung effizient laufen. Wenn Sie unsicher sind, welche Veredelungsanforderungen f\u00fcr Ihr Projekt gelten, kann die \u00dcberpr\u00fcfung einer umfassenden <a href=\"https:\/\/zscncparts.com\/de\/resources\/faq\/\">Fertigungs-FAQ<\/a> dabei helfen, zu kl\u00e4ren, welche Behandlungen am besten mit Ihren betrieblichen Zielen \u00fcbereinstimmen.<\/p>\n<h3>Honen und Polieren f\u00fcr einen reibungslosen Betrieb<\/h3>\n<p>F\u00fcr Pr\u00e4zisionsfertigung, die enge Toleranzen erfordert, reichen rohe Bearbeitungsmarkierungen einfach nicht aus. Wir setzen auf Honen und Polieren, um die Oberfl\u00e4chenreibung drastisch zu reduzieren und vor vorzeitigem Verschlei\u00df zu sch\u00fctzen.<\/p>\n<ul>\n<li><strong>Honen:<\/strong> Erzeugt ein hochpr\u00e4zises, mikro-quergehatchtes Muster auf der Metalloberfl\u00e4che. Diese Textur ist speziell daf\u00fcr ausgelegt, Schmiermittel zu erfassen und zu halten, was sie ideal f\u00fcr den Dauerbetrieb macht.<\/li>\n<li><strong>Polieren:<\/strong> Poliert mikroskopische Spitzen und T\u00e4ler weg und hinterl\u00e4sst eine spiegel\u00e4hnliche Oberfl\u00e4che. Dies minimiert Metall-auf-Metall-Reibung und sorgt f\u00fcr eine reibungslose mechanische Bewegung.<\/li>\n<\/ul>\n<h3>Galvanisieren und Beschichtungsoptionen<\/h3>\n<p>W\u00e4hrend Messing nat\u00fcrlicherweise eine gute Schmierf\u00e4higkeit bietet, erfordern anspruchsvolle Umgebungen oft eine zus\u00e4tzliche Schutzschicht. Wir tragen gezielte Beschichtungen auf, um die Oberfl\u00e4chenh\u00e4rte zu erh\u00f6hen und die Reibungswerte noch weiter zu senken.<\/p>\n<table>\n<thead>\n<tr>\n<th style=\"text-align: left;\">Oberfl\u00e4chentyp<\/th>\n<th style=\"text-align: left;\">Hauptvorteil<\/th>\n<th style=\"text-align: left;\">Am besten geeignet f\u00fcr<\/th>\n<\/tr>\n<\/thead>\n<tbody>\n<tr>\n<td style=\"text-align: left;\"><strong>Nickel-Beschichtung ohne Elektrolyse<\/strong><\/td>\n<td style=\"text-align: left;\">Au\u00dfergew\u00f6hnliche Verschlei\u00dffestigkeit und gleichm\u00e4\u00dfige Dicke<\/td>\n<td style=\"text-align: left;\">Hochbelastete Industriemaschinen und Zahnr\u00e4der<\/td>\n<\/tr>\n<tr>\n<td style=\"text-align: left;\"><strong>PTFE-Beschichtung<\/strong><\/td>\n<td style=\"text-align: left;\">Ultimative Reibungsarmut, Antihaft-Oberfl\u00e4che<\/td>\n<td style=\"text-align: left;\">Trockenlaufende oder selbstschmierende Buchsensysteme<\/td>\n<\/tr>\n<tr>\n<td style=\"text-align: left;\"><strong>Hartchrom<\/strong><\/td>\n<td style=\"text-align: left;\">Extrem hohe Oberfl\u00e4chenh\u00e4rte und Kratzschutz<\/td>\n<td style=\"text-align: left;\">Komponenten, die st\u00e4ndig abrasiven Stoffen ausgesetzt sind<\/td>\n<\/tr>\n<\/tbody>\n<\/table>\n<h2>H\u00e4ufige industrielle Anwendungen f\u00fcr bearbeitete Messingzahnr\u00e4der<\/h2>\n<p>Unser Ansatz f\u00fcr <strong>Messingzahnrad- und Buchsen-CNC-Bearbeitung f\u00fcr reibungsarme Industrieanwendungen<\/strong> liefert Teile, die die globale Industrie am Laufen halten. Wir konzentrieren uns auf Pr\u00e4zisionsfertigung, um zuverl\u00e4ssige kundenspezifische Teile herzustellen, die in verschiedenen anspruchsvollen Umgebungen funktionieren.<\/p>\n<h3>Kraft\u00fcbertragung und Mechanische Systeme<\/h3>\n<p>Mechanische Komponenten sind auf gleichm\u00e4\u00dfige, reibungslose Bewegungen angewiesen, um Systemausf\u00e4lle zu verhindern. Messingzahnr\u00e4der sind der Standard f\u00fcr Kraft\u00fcbertragungssysteme, bei denen niedriger Reibungswiderstand unverzichtbar ist.<\/p>\n<ul>\n<li><strong>Bewegliche Teile:<\/strong> Nat\u00fcrliche Schmierf\u00e4higkeit sorgt f\u00fcr leisen, effizienten Betrieb.<\/li>\n<li><strong>Verschlei\u00dffestigkeit:<\/strong> Verl\u00e4ngert die Lebensdauer kritischer industrieller Komponenten und reduziert Wartungsstillst\u00e4nde.<\/li>\n<li><strong>Pr\u00e4zisionspassform:<\/strong> Wir halten enge Toleranzen ein, um eine fehlerfreie Verzahnung in komplexen Getrieben zu garantieren.<\/li>\n<\/ul>\n<h3>Schwere Maschinen und Fluidsteuerungsausr\u00fcstung<\/h3>\n<p>Harte Umgebungen erfordern Materialien, die unter Stress nicht degradieren. Schwere Industriemaschinen, Pumpen und Ventile f\u00fcr die Fluidsteuerung sind auf die physikalischen Eigenschaften von Messing angewiesen, um \u00fcber die Zeit sicher zu funktionieren.<\/p>\n<ul>\n<li><strong>Korrosionsbest\u00e4ndigkeit:<\/strong> Widersteht Wasser, \u00d6len und aggressiven Industriefl\u00fcssigkeiten ohne Rostbildung.<\/li>\n<li><strong>Dimensionalstabilit\u00e4t:<\/strong> Beh\u00e4lt seine Form und strukturelle Integrit\u00e4t auch bei schwankendem Druck.<\/li>\n<\/ul>\n<h3>Integration von Elektrik und Elektronikhardware<\/h3>\n<p>Da Messing hervorragende elektrische Leitf\u00e4higkeit mit mechanischer St\u00e4rke kombiniert, bearbeiten wir h\u00e4ufig Zahnr\u00e4der und Buchsen, die direkt in empfindliche technische Hardware, Motoren und Schaltanlagen integriert werden. Die richtige Materialwahl ist hier entscheidend. Durch den Einsatz von optimiertem <a href=\"https:\/\/zscncparts.com\/de\/brass-cnc-machining-for-electrical-and-electronic-components-material-selection-and-design-guide\/\">Messing-CNC-Bearbeitung f\u00fcr elektrische und elektronische Komponenten<\/a>stellen wir sicher, dass Ihre Teile sowohl die strukturelle Unterst\u00fctzung als auch die leitf\u00e4higen Eigenschaften f\u00fcr moderne elektronische Baugruppen bieten.<\/p>\n<div id=\"references\" class=\"min-w-0 scroll-mt-8 overflow-hidden\">\n<div class=\"text-[16px]\">\n<h2 id=\"references\" class=\"mb-2 mt-2 scroll-mt-24 font-serif text-[1.714286em] font-semibold border-border-l1 pb-1 border-b overflow-hidden\">Branchenreferenzen<\/h2>\n<\/div>\n<div class=\"flex flex-col gap-2 text-sm leading-relaxed\">\n<div class=\"break-words text-[1em] leading-7\"><a class=\"break-words text-[1em] text-blue-500 hover:underline dark:text-blue-200\" href=\"https:\/\/firstmold.com\/tips\/bronze-cnc-machining\/\" target=\"_blank\" rel=\"noopener noreferrer\">https:\/\/firstmold.com\/tips\/bronze-cnc-machining\/<\/a><\/div>\n<div class=\"break-words text-[1em] leading-7\"><\/div>\n<\/div>\n<\/div>","protected":false},"excerpt":{"rendered":"<p>Messinggetriebe und Buchsen CNC-Bearbeitung f\u00fcr industrielle Anwendungen mit niedriger Reibung, pr\u00e4zisen Toleranzen, hoher Bearbeitbarkeit und Korrosionsbest\u00e4ndigkeit<\/p>","protected":false},"featured_media":3771,"comment_status":"open","ping_status":"closed","template":"","meta":{"_monsterinsights_skip_tracking":false,"_monsterinsights_sitenote_active":false,"_monsterinsights_sitenote_note":"","_monsterinsights_sitenote_category":0,"site-sidebar-layout":"default","site-content-layout":"","ast-site-content-layout":"default","site-content-style":"default","site-sidebar-style":"default","ast-global-header-display":"","ast-banner-title-visibility":"","ast-main-header-display":"","ast-hfb-above-header-display":"","ast-hfb-below-header-display":"","ast-hfb-mobile-header-display":"","site-post-title":"","ast-breadcrumbs-content":"","ast-featured-img":"","footer-sml-layout":"","theme-transparent-header-meta":"default","adv-header-id-meta":"","stick-header-meta":"","header-above-stick-meta":"","header-main-stick-meta":"","header-below-stick-meta":"","astra-migrate-meta-layouts":"set","ast-page-background-enabled":"default","ast-page-background-meta":{"desktop":{"background-color":"var(--ast-global-color-5)","background-image":"","background-repeat":"repeat","background-position":"center center","background-size":"auto","background-attachment":"scroll","background-type":"","background-media":"","overlay-type":"","overlay-color":"","overlay-opacity":"","overlay-gradient":""},"tablet":{"background-color":"","background-image":"","background-repeat":"repeat","background-position":"center center","background-size":"auto","background-attachment":"scroll","background-type":"","background-media":"","overlay-type":"","overlay-color":"","overlay-opacity":"","overlay-gradient":""},"mobile":{"background-color":"","background-image":"","background-repeat":"repeat","background-position":"center center","background-size":"auto","background-attachment":"scroll","background-type":"","background-media":"","overlay-type":"","overlay-color":"","overlay-opacity":"","overlay-gradient":""}},"ast-content-background-meta":{"desktop":{"background-color":"var(--ast-global-color-4)","background-image":"","background-repeat":"repeat","background-position":"center center","background-size":"auto","background-attachment":"scroll","background-type":"","background-media":"","overlay-type":"","overlay-color":"","overlay-opacity":"","overlay-gradient":""},"tablet":{"background-color":"var(--ast-global-color-4)","background-image":"","background-repeat":"repeat","background-position":"center center","background-size":"auto","background-attachment":"scroll","background-type":"","background-media":"","overlay-type":"","overlay-color":"","overlay-opacity":"","overlay-gradient":""},"mobile":{"background-color":"var(--ast-global-color-4)","background-image":"","background-repeat":"repeat","background-position":"center center","background-size":"auto","background-attachment":"scroll","background-type":"","background-media":"","overlay-type":"","overlay-color":"","overlay-opacity":"","overlay-gradient":""}}},"product_brand":[],"product_cat":[15],"product_tag":[],"class_list":{"0":"post-3772","1":"product","2":"type-product","3":"status-publish","4":"has-post-thumbnail","6":"product_cat-cnc-machining","7":"desktop-align-left","8":"tablet-align-left","9":"mobile-align-left","11":"first","12":"instock","13":"shipping-taxable","14":"purchasable","15":"product-type-simple"},"_links":{"self":[{"href":"https:\/\/zscncparts.com\/de\/wp-json\/wp\/v2\/product\/3772","targetHints":{"allow":["GET"]}}],"collection":[{"href":"https:\/\/zscncparts.com\/de\/wp-json\/wp\/v2\/product"}],"about":[{"href":"https:\/\/zscncparts.com\/de\/wp-json\/wp\/v2\/types\/product"}],"replies":[{"embeddable":true,"href":"https:\/\/zscncparts.com\/de\/wp-json\/wp\/v2\/comments?post=3772"}],"wp:featuredmedia":[{"embeddable":true,"href":"https:\/\/zscncparts.com\/de\/wp-json\/wp\/v2\/media\/3771"}],"wp:attachment":[{"href":"https:\/\/zscncparts.com\/de\/wp-json\/wp\/v2\/media?parent=3772"}],"wp:term":[{"taxonomy":"product_brand","embeddable":true,"href":"https:\/\/zscncparts.com\/de\/wp-json\/wp\/v2\/product_brand?post=3772"},{"taxonomy":"product_cat","embeddable":true,"href":"https:\/\/zscncparts.com\/de\/wp-json\/wp\/v2\/product_cat?post=3772"},{"taxonomy":"product_tag","embeddable":true,"href":"https:\/\/zscncparts.com\/de\/wp-json\/wp\/v2\/product_tag?post=3772"}],"curies":[{"name":"wp","href":"https:\/\/api.w.org\/{rel}","templated":true}]}}