{"id":3658,"date":"2026-02-28T15:04:15","date_gmt":"2026-02-28T07:04:15","guid":{"rendered":"https:\/\/zscncparts.com\/?post_type=product&#038;p=3658"},"modified":"2026-02-28T15:13:14","modified_gmt":"2026-02-28T07:13:14","slug":"7075-aluminum-cnc-machining-for-highstrength-aerospace-and-motorsport-parts","status":"publish","type":"product","link":"https:\/\/zscncparts.com\/de\/product\/7075-aluminum-cnc-machining-for-highstrength-aerospace-and-motorsport-parts\/","title":{"rendered":"7075 Aluminium CNC-Bearbeitung f\u00fcr Luft- und Raumfahrt- sowie Motorsportteile"},"content":{"rendered":"<h2>Warum 7075-T6 Aluminium f\u00fcr mission-kritische Anwendungen w\u00e4hlen?<\/h2>\n<p>Bei der Entwicklung von Komponenten f\u00fcr Hochstressumgebungen ist die Materialauswahl die erste Verteidigungslinie gegen Ausf\u00e4lle. Bei ZSCNC empfehlen wir h\u00e4ufig <strong>7075-Aluminium CNC-Bearbeitung f\u00fcr hochfeste Luft- und Raumfahrt- sowie Motorsportteile<\/strong> weil es ein Leistungsprofil bietet, das nur wenige andere Legierungen erreichen k\u00f6nnen. Oft als \u201eK\u00f6nig des Aluminiums\u201c bezeichnet, liefert die Serie 7075 \u2013 speziell die T6-H\u00e4rte \u2013 ein Festigkeits-Gewichts-Verh\u00e4ltnis, das mit vielen St\u00e4hlen vergleichbar ist, dabei aber die leichten Eigenschaften beibeh\u00e4lt, die f\u00fcr Flug und Rennen unerl\u00e4sslich sind.<\/p>\n<h3>\u00dcberlegene Erm\u00fcdungsbest\u00e4ndigkeit bei zyklischer Belastung<\/h3>\n<p>Bei Anwendungen wie Flugzeugtragfl\u00e4chen oder Hochleistungsaufh\u00e4ngungsarmen ist statische Festigkeit nicht die einzige Anforderung. Komponenten m\u00fcssen st\u00e4ndiger Vibration und zyklischer Belastung standhalten. Hier \u00fcberzeugt 7075-T6 durch au\u00dfergew\u00f6hnliche Erm\u00fcdungsbest\u00e4ndigkeit, die Mikrorisse unter wiederholter Belastung verhindert. Dies macht es zur Standardwahl f\u00fcr Teile, bei denen die strukturelle Integrit\u00e4t nicht durch Gewichtsverluste beeintr\u00e4chtigt werden darf.<\/p>\n<h3>Maschinenbearbeitung und Oberfl\u00e4chenfinish<\/h3>\n<p>W\u00e4hrend 7075 deutlich h\u00e4rter ist als die g\u00e4ngige Legierung 6061, verarbeitet unsere fortschrittliche CNC-Ausr\u00fcstung es mit Pr\u00e4zision. Die H\u00e4rte des Materials tr\u00e4gt tats\u00e4chlich zu einer \u00fcberlegenen Spanbildung bei, was es uns erm\u00f6glicht, \u00e4u\u00dferst glatte Oberfl\u00e4chenfinishs zu erzielen, ohne die \u201egummiartige\u201c Textur, die manchmal bei weicheren Aluminiumlegierungen vorkommt.<\/p>\n<h3>Materialvergleich: 7075-T6 vs. Alternativen<\/h3>\n<p>Um Ihnen zu veranschaulichen, warum 7075 die bevorzugte Wahl f\u00fcr strukturelle Anwendungen ist, hier ein direkter Vergleich seiner mechanischen Eigenschaften mit Standardaluminium und Edelstahl:<\/p>\n<table>\n<thead>\n<tr>\n<th style=\"text-align: left;\">Materialeigenschaft<\/th>\n<th style=\"text-align: left;\">7075-T6 Aluminium<\/th>\n<th style=\"text-align: left;\">6061-T6 Aluminium<\/th>\n<th style=\"text-align: left;\">Edelstahl 304<\/th>\n<\/tr>\n<\/thead>\n<tbody>\n<tr>\n<td style=\"text-align: left;\"><strong>Streckgrenze<\/strong><\/td>\n<td style=\"text-align: left;\">~503 MPa (Hoch)<\/td>\n<td style=\"text-align: left;\">~276 MPa (Mittel)<\/td>\n<td style=\"text-align: left;\">~215 MPa (Niedrig)<\/td>\n<\/tr>\n<tr>\n<td style=\"text-align: left;\"><strong>Zugfestigkeit<\/strong><\/td>\n<td style=\"text-align: left;\">~572 MPa<\/td>\n<td style=\"text-align: left;\">~310 MPa<\/td>\n<td style=\"text-align: left;\">~505 MPa<\/td>\n<\/tr>\n<tr>\n<td style=\"text-align: left;\"><strong>H\u00e4rte (Brinell)<\/strong><\/td>\n<td style=\"text-align: left;\">150<\/td>\n<td style=\"text-align: left;\">95<\/td>\n<td style=\"text-align: left;\">123<\/td>\n<\/tr>\n<tr>\n<td style=\"text-align: left;\"><strong>Dichte<\/strong><\/td>\n<td style=\"text-align: left;\">2,81 g\/cm\u00b3<\/td>\n<td style=\"text-align: left;\">2,70 g\/cm\u00b3<\/td>\n<td style=\"text-align: left;\">8,00 g\/cm\u00b3<\/td>\n<\/tr>\n<tr>\n<td style=\"text-align: left;\"><strong>Hauptanwendung<\/strong><\/td>\n<td style=\"text-align: left;\">Luft- und Raumfahrt\/Motorsport<\/td>\n<td style=\"text-align: left;\">Allgemeine Verwendung<\/td>\n<td style=\"text-align: left;\">Korrosionsbest\u00e4ndigkeit<\/td>\n<\/tr>\n<\/tbody>\n<\/table>\n<p><em>Hinweis: 7075-T6 bietet fast doppelt so hohe Streckgrenze wie 6061-T6 und \u00fcbertrifft 304 Edelstahl in der Festigkeit, w\u00e4hrend es etwa 65% weniger wiegt als Stahl.<\/em><\/p>\n<h2>Fertigungskapazit\u00e4ten von ZSCNC f\u00fcr 7075-Legierung<\/h2>\n<p><img decoding=\"async\" data-src=\"https:\/\/pub-36eea33d6f1540d281c285671ffb8664.r2.dev\/2026\/02\/28\/7075_aluminum_CNC_machining_for_aerospace_parts_wO.webp\" alt=\"7075 Aluminium CNC-Bearbeitung f\u00fcr Luft- und Raumfahrtteile\" title=\"\" src=\"data:image\/svg+xml;base64,PHN2ZyB3aWR0aD0iMSIgaGVpZ2h0PSIxIiB4bWxucz0iaHR0cDovL3d3dy53My5vcmcvMjAwMC9zdmciPjwvc3ZnPg==\" class=\"lazyload\"><\/p>\n<p>Wir sind spezialisiert auf <strong>7075-Aluminium CNC-Bearbeitung f\u00fcr hochfeste Luft- und Raumfahrt- sowie Motorsportteile<\/strong>, wobei eine hochwertige Flotte von Ger\u00e4ten eingesetzt wird, um die anspruchsvollsten Geometrien zu bearbeiten. Unser Werk ist optimiert, um 7075-T6 und T651 Platten mit extremer Pr\u00e4zision zu verarbeiten, sodass \u201ekritische Missionen\u201c nicht nur ein Schlagwort sind, sondern ein Standard.<\/p>\n<h3>Fortschrittliche Bearbeitungstechniken<\/h3>\n<ul>\n<li><strong>5-Achs-CNC-Fr\u00e4sen:<\/strong> Wir produzieren komplexe Geometrien f\u00fcr die Luft- und Raumfahrt, wie Impeller und Turbinenschaufeln, ohne dass mehrere R\u00fcstvorg\u00e4nge erforderlich sind. Unsere fortschrittlichen <a href=\"https:\/\/zscncparts.com\/de\/services\/cnc-machining\/milling\/\">5-Achsen-CNC-Fr\u00e4sen<\/a> F\u00e4higkeiten eliminieren Fehler beim Nachr\u00fcsten, wodurch die engsten Toleranzen f\u00fcr <strong>luft- und raumfahrttaugliches Aluminium-CNC<\/strong> Komponenten.<\/li>\n<li><strong>Pr\u00e4zisions-CNC-Drehen:<\/strong> F\u00fcr hochfeste Wellen, Befestigungselemente und Hydraulikanschl\u00fcsse liefern unsere <a href=\"https:\/\/zscncparts.com\/de\/services\/cnc-machining\/turning\/\">Pr\u00e4zisions-CNC-Drehzentren<\/a> \u00fcberlegene Oberfl\u00e4chenfinishs und Konzentricit\u00e4t, die f\u00fcr <strong>leichtgewichtige Motorsportkomponenten erforderlich sind<\/strong>.<\/li>\n<li><strong>Schweizer Bearbeitung:<\/strong> Wir fertigen komplexe, kleine Stifte und Stecker f\u00fcr Avionik. Dieser Prozess erm\u00f6glicht es uns, hochfeste Teile mit mikroskopischer Detailgenauigkeit herzustellen.<\/li>\n<\/ul>\n<h3>Umgang mit Materialspannungen und Verformungen<\/h3>\n<p>Das Bearbeiten von 7075 erfordert mehr als nur hohe Geschwindigkeiten; es erfordert eine Strategie zur Steuerung der inneren Materialspannungen. Um Verformungen zu verhindern und die Ma\u00dfhaltigkeit zu gew\u00e4hrleisten, folgen wir einem strengen Produktionszyklus:<\/p>\n<ol>\n<li><strong>Raupenbearbeitung:<\/strong> Schweres Materialabtrag, um das Teil in die N\u00e4he seiner Endform zu bringen.<\/li>\n<li><strong>Spannungsabbau:<\/strong> Das Zulassen der inneren Spannungen des <strong>7075-T651-Platte<\/strong> zur Stabilisierung.<\/li>\n<li><strong>Endbearbeitung:<\/strong> Hochgeschwindigkeitsdurchl\u00e4ufe, um <strong>Pr\u00e4zisionsbearbeitung von 7075 mit engen Toleranzen zu erreichen<\/strong> Ergebnisse.<\/li>\n<\/ol>\n<p>Unser Ansatz stellt sicher, dass jedes Teil, von Tragrahmen bis zu Hydraulikverteilerbl\u00f6cken, nach dem Verlassen der Maschine exakt Ihrer CAD-Modelltreue entspricht.<\/p>\n<h2>Wichtige Anwendungen in Luft- und Raumfahrt &amp; Motorsport<\/h2>\n<p><img decoding=\"async\" data-src=\"https:\/\/pub-36eea33d6f1540d281c285671ffb8664.r2.dev\/2026\/02\/28\/7075_aluminum_CNC_machining_aerospace_parts_S5nH9j.webp\" alt=\"7075 Aluminium CNC-Bearbeitung f\u00fcr Luft- und Raumfahrtteile\" title=\"\" src=\"data:image\/svg+xml;base64,PHN2ZyB3aWR0aD0iMSIgaGVpZ2h0PSIxIiB4bWxucz0iaHR0cDovL3d3dy53My5vcmcvMjAwMC9zdmciPjwvc3ZnPg==\" class=\"lazyload\"><\/p>\n<p>Bei ZSCNC sind wir spezialisiert auf <strong>7075-Aluminium CNC-Bearbeitung f\u00fcr hochfeste Luft- und Raumfahrt- sowie Motorsportteile<\/strong>, die Komponenten liefern, die den h\u00e4rtesten Betriebsbedingungen standhalten. Da dieses Legierung eine Festigkeits-Gewichts-Verh\u00e4ltnis bietet, das mit einigen St\u00e4hlen vergleichbar ist, ist es der Standard f\u00fcr Anwendungen, bei denen ein struktureller Ausfall keine Option ist.<\/p>\n<h3>Luft- und Raumfahrtkomponenten<\/h3>\n<p>In der Luftfahrt ist es entscheidend, Masse zu reduzieren und gleichzeitig die strukturelle Integrit\u00e4t zu bewahren. Wir fertigen flugkritische Hardware, einschlie\u00dflich Rumpfrahmen, Trennw\u00e4nde und Fl\u00fcgelrippen. Unsere Anlage verarbeitet komplexe Geometrien f\u00fcr Spanten und Hochdruckventilgeh\u00e4use, wobei jedes Teil strenge ISO-Standards erf\u00fcllt. Wir sind auch auf Pr\u00e4zision spezialisiert <a href=\"https:\/\/zscncparts.com\/de\/product\/aerospace-turning-parts\/\">Flugzeugdrehteile<\/a> f\u00fcr Hydrauliksysteme und Kraftstoffleitungen, die Mikrometer-Genauigkeit erfordern.<\/p>\n<h3>Motorsport &amp; Automobilleistung<\/h3>\n<p>Rennteams vertrauen auf uns f\u00fcr <strong>leichtgewichtige Motorsportteile<\/strong> die Handling und Geschwindigkeit verbessern. Wir bearbeiten starre Komponenten, die intensiven G-Kr\u00e4ften und Vibrationen standhalten:<\/p>\n<ul>\n<li><strong>Fahrwerkslenker &amp; Aufh\u00e4ngungskomponenten:<\/strong> Verhinderung von Flex w\u00e4hrend Hochgeschwindigkeitskurven.<\/li>\n<li><strong>Chassis-Halterungen:<\/strong> Sicherung von Motoren und Getrieben unter schwerem Drehmoment.<\/li>\n<li><strong>Bremss\u00e4ttel:<\/strong> Sicherstellung gleichm\u00e4\u00dfiger Bremskraft ohne thermische Verzerrung.<\/li>\n<\/ul>\n<h3>Verteidigung &amp; Struktur<\/h3>\n<p>Neben Flug und Rennsport produzieren wir <strong>hochfeste Teile<\/strong> f\u00fcr Verteidigung und industrielle Anwendungen. Diese umfassen robuste Geh\u00e4use und Strukturhalterungen, die f\u00fcr anspruchsvolle Einsatzumgebungen entwickelt wurden, in denen Standard-Aluminiumlegierungen sich verformen oder versagen w\u00fcrden. Durch die Verwendung hochwertiger <a href=\"https:\/\/zscncparts.com\/de\/product\/aluminum-for-aerospace-cnc-parts\/\">Aluminium f\u00fcr Luft- und Raumfahrt CNC-Teile<\/a> bieten diese Komponenten maximale Haltbarkeit.<\/p>\n<h2>Oberfl\u00e4chenveredelung &amp; Nachbearbeitung f\u00fcr 7075-Teile<\/h2>\n<p>Rohbearbeitetes 7075-Aluminium ist stark, aber in der Luft- und Raumfahrt sowie im Motorsport ist \u201estark\u201c nicht immer ausreichend. Das Material muss extreme Umgebungen, Salzspr\u00fchnebel und st\u00e4ndigen Reibung aushalten. Bei ZSCNC bieten wir spezialisierte Nachbearbeitungen an, um sicherzustellen, dass Ihre hochfesten Komponenten genau wie vorgesehen funktionieren.<\/p>\n<h3>Hartanodisierung (Typ III)<\/h3>\n<p>F\u00fcr Teile, die starker Abnutzung ausgesetzt sind, reicht Standard-Anodisierung nicht aus. Wir verwenden <strong>Typ III Hartanodisierung<\/strong> um eine dichte, verschlei\u00dffeste Oxidschicht zu erzeugen. Diese dringt in die Aluminiumoberfl\u00e4che ein und erh\u00f6ht die H\u00e4rte sowie die Korrosionsbest\u00e4ndigkeit erheblich. Es ist die Standardoberfl\u00e4che f\u00fcr Fahrwerkskomponenten, Hydraulikk\u00f6rper und Zahnr\u00e4der, bei denen Oberfl\u00e4chenhaltbarkeit unerl\u00e4sslich ist.<\/p>\n<h3>Chromat-Konversionsbeschichtung (Alodine)<\/h3>\n<p>Wenn Ihre Luft- und Raumfahrtteile Korrosionsschutz ben\u00f6tigen, aber elektrische Leitf\u00e4higkeit (wie Erdungsb\u00e4nder oder Avionikgeh\u00e4use) erhalten m\u00fcssen, wenden wir <strong>Chromat-Konversionsbeschichtung (Alodine)<\/strong>an. Im Gegensatz zur Anodisierung, die ein elektrischer Isolator ist, sch\u00fctzt Alodine das Aluminiumsubstrat, w\u00e4hrend es elektrische Kontinuit\u00e4t erm\u00f6glicht, was es f\u00fcr Flughardware unerl\u00e4sslich macht.<\/p>\n<h3>H\u00e4rtetests \u00dcberpr\u00fcfung<\/h3>\n<p>Das Bearbeiten erzeugt Hitze, und unsachgem\u00e4\u00dfe Handhabung kann die W\u00e4rmebehandlung des Legierungs ver\u00e4ndern. Wir stellen sicher, dass die <strong>T6 oder T651 W\u00e4rmebehandlung<\/strong> Ihres 7075-Materials w\u00e4hrend des gesamten Prozesses erhalten bleibt. Falls nach dem Grobfr\u00e4sen Spannungsarmung erforderlich ist, steuern wir die thermischen Zyklen, um Verformungen zu vermeiden, ohne die endg\u00fcltige Zugfestigkeit des Materials zu beeintr\u00e4chtigen.<\/p>\n<h3>\u00c4sthetische Oberfl\u00e4chen: Kugelstrahlen &amp; Polieren<\/h3>\n<p>Funktion steht an erster Stelle, aber die Oberfl\u00e4chenqualit\u00e4t ist entscheidend. F\u00fcr sichtbare Hochleistungsbauteile bieten wir:<\/p>\n<ul>\n<li><strong>Kugelstrahlen:<\/strong> Erzeugt eine gleichm\u00e4\u00dfige matte Textur, die Werkzeugspuren verbirgt und Blendung reduziert.<\/li>\n<li><strong>Polieren:<\/strong> Erreicht eine spiegel\u00e4hnliche Oberfl\u00e4che f\u00fcr aerodynamische Fl\u00e4chen oder show-qualitative Automobilkomponenten.<\/li>\n<\/ul>\n<p>Verstehen, wie <a href=\"https:\/\/zscncparts.com\/de\/surface-finish-impactthe-influence-of-surface-roughness-ra-on-the-performance-of-parts\/\">Oberfl\u00e4chenrauheit (Ra) die Bauteileleistung beeinflusst<\/a> ist entscheidend f\u00fcr die Erm\u00fcdungslebensdauer, insbesondere bei Hochstressanwendungen. Wir helfen Ihnen, die richtige Oberfl\u00e4che zu w\u00e4hlen, um \u00c4sthetik und technische Anforderungen auszubalancieren.<\/p>\n<h2>Qualit\u00e4tssicherung &amp; Materialpr\u00fcfung f\u00fcr 7075-Teile<\/h2>\n<p>Wenn wir <strong>CNC-Bearbeitung von Aluminium 7075<\/strong> Projekte f\u00fcr die Luft- und Raumfahrt oder den Motorsport durchf\u00fchren, gibt es kein \u201egut genug\u201c. Ein kleiner Fehler in einem Hochstressbauteil wie einem Aufh\u00e4ngungsarm oder Fl\u00fcgelrippe kann katastrophal sein. Deshalb priorisiert unsere Werkstatt eine strenge \u00dcberpr\u00fcfung in jeder Produktionsphase, um Sicherheit und Leistung zu gew\u00e4hrleisten.<\/p>\n<p>So garantieren wir die Integrit\u00e4t Ihrer hochfesten Teile:<\/p>\n<ul>\n<li><strong>ISO 9001:2015 Zertifizierung:<\/strong> Unsere Einrichtung arbeitet unter strengen Qualit\u00e4tsmanagementsystemen. Dies stellt sicher, dass jede Charge von <strong>luft- und raumfahrttauglichem Aluminium<\/strong> einem dokumentierten, wiederholbaren Prozess folgt, vom Eingang des Rohmaterials bis zum endg\u00fcltigen Versand.<\/li>\n<li><strong>Materialzertifikat (COA):<\/strong> Sie m\u00fcssen sicher sein, dass Ihr Metall echt ist. Wir stellen mit jeder Bestellung Mill Test Reports (MTRs) aus, die die chemische Zusammensetzung \u00fcberpr\u00fcfen und die Echtheit des zinklegierten 7075 nachweisen. Diese R\u00fcckverfolgbarkeit ist f\u00fcr sicherheitskritische Anwendungen unerl\u00e4sslich.<\/li>\n<li><strong>CMM-Inspektion:<\/strong> F\u00fcr komplexe Geometrien sind manuelle Messschieber nicht ausreichend. Wir verwenden Koordinatenmessmaschinen (CMM), um komplexe Merkmale anhand Ihrer urspr\u00fcnglichen CAD-Dateien zu \u00fcberpr\u00fcfen und Mikron-genaue Genauigkeit zu gew\u00e4hrleisten. Dies ist besonders wichtig bei der Validierung <a href=\"https:\/\/zscncparts.com\/de\/product\/5axis-cnc-machining-services-for-complex-aluminum-parts\/\">5-Achs-CNC-Bearbeitungsdienste f\u00fcr komplexe Aluminiumteile<\/a> wo Toleranzen \u00e4u\u00dferst eng sind.<\/li>\n<li><strong>Erstst\u00fcckpr\u00fcfung (FAI):<\/strong> Bevor wir die Serienproduktion hochfahren, f\u00fchren wir eine umfassende FAI durch. Diese best\u00e4tigt, dass unsere Werkzeuge und Programme ein Teil produzieren, das Ihren Spezifikationen zu 100 % entspricht, was das Risiko bei gro\u00df angelegten Luft- und Raumfahrtprojekten erheblich reduziert.<\/li>\n<\/ul>\n<h2>Warum eine Partnerschaft mit ZSCNC f\u00fcr Ihre Hochleistungsteile?<\/h2>\n<p>Wenn Sie f\u00fcr den Himmel oder die Rennstrecke bauen, brauchen Sie einen Fertigungspartner, der die Eins\u00e4tze versteht. Bei ZSCNC schneiden wir nicht nur Metall; wir bieten eine komplette Fertigungsl\u00f6sung, die auf hochbelastete Anwendungen zugeschnitten ist und dabei <strong>CNC-Bearbeitung von Aluminium 7075<\/strong>.<\/p>\n<ul>\n<li><strong>Skalierbare Fertigung:<\/strong> Ob Sie einen einzelnen Prototypen f\u00fcr Windkanaltests oder eine vollst\u00e4ndige Produktionsserie von 10.000 Aufh\u00e4ngungskomponenten ben\u00f6tigen, unsere hauseigene Anlage bew\u00e4ltigt alles. Wir \u00fcberbr\u00fccken die L\u00fccke zwischen anf\u00e4nglicher Forschung &amp; Entwicklung und Massenfertigung, ohne dass Sie den Lieferanten wechseln m\u00fcssen, und gew\u00e4hrleisten so Konsistenz \u00fcber jede Charge hinweg.<\/li>\n<li><strong>Kompetente DFM-Unterst\u00fctzung:<\/strong> Wir bieten kostenlose Design for Manufacturing (DFM)-Pr\u00fcfungen an, um Ihre CAD-Dateien zu optimieren, bevor die Fr\u00e4ser das Material \u00fcberhaupt ber\u00fchren. Unsere Ingenieure schlagen Modifikationen vor, um Materialverschwendung und Zykluszeit zu reduzieren, wodurch Sie <a href=\"https:\/\/zscncparts.com\/de\/how-to-reduce-machining-cost-for-lowvolume-automotive-cnc-parts\/\">Fertigungskosten f\u00fcr Kleinserien im Automobilbereich zu senken<\/a> gleichzeitig die f\u00fcr Aluminium in Luft- und Raumfahrtqualit\u00e4t erforderliche strukturelle Integrit\u00e4t erhalten.<\/li>\n<li><strong>globale Logistik:<\/strong> Wir haben umfangreiche Erfahrung im Export in die USA, nach Europa und Japan. Wir verstehen die Dringlichkeit von Rennsaisons und Terminen in der Luft- und Raumfahrt und bieten zuverl\u00e4ssige Versandoptionen (einschlie\u00dflich DDP), um sicherzustellen, dass Ihre Teile p\u00fcnktlich und jedes Mal ankommen.<\/li>\n<\/ul>\n<h2>H\u00e4ufig gestellte Fragen (FAQ)<\/h2>\n<p><strong>Was ist der Hauptunterschied zwischen 7075er und 6061er Aluminium?<\/strong><br \/>\nDer Hauptunterschied liegt in der Festigkeit und Zusammensetzung. <strong>7075 Aluminium<\/strong> ist mit Zink legiert, was ihm eine Zugfestigkeit verleiht, die mit vielen St\u00e4hlen vergleichbar ist. Deshalb ist es der Standard f\u00fcr hochbelastete Anwendungen in der Luft- und Raumfahrt und im Motorsport. Im Gegensatz dazu basiert 6061 auf Magnesium und Silizium und bietet eine bessere Korrosionsbest\u00e4ndigkeit und Schwei\u00dfbarkeit, aber eine geringere Gesamtfestigkeit. Wenn Ihr Projekt Allzweck- <a href=\"https:\/\/zscncparts.com\/de\/product\/custom-aluminum-cnc-machining-parts-supplier-china\/\">kundenspezifische Aluminium-CNC-Bearbeitungsteile<\/a>erfordert, ist 6061 oft ausreichend, aber f\u00fcr kritische, tragende Komponenten ist 7075 die bessere Wahl.<\/p>\n<p><strong>K\u00f6nnen Sie 7075er Aluminiumteile effektiv schwei\u00dfen?<\/strong><br \/>\nIm Allgemeinen, <strong>no<\/strong>. 7075 gilt nach Standardmethoden wie WIG oder MIG als \u201enicht schwei\u00dfbar\u201c, da es w\u00e4hrend des Abk\u00fchlprozesses sehr anf\u00e4llig f\u00fcr Hei\u00dfrisse und Mikrorisse ist. Wenn Ihr Design geschwei\u00dfte Baugruppen erfordert, empfehlen wir in der Regel, auf 6061 umzusteigen oder mechanische Verbindungselemente (Schrauben\/Nieten) zu verwenden, um 7075er Komponenten zu verbinden.<\/p>\n<p><strong>Was ist die Standard-Vorlaufzeit f\u00fcr kundenspezifische 7075er-Fr\u00e4steile?<\/strong><br \/>\nWir verstehen, dass Geschwindigkeit im Rennsport und in der Luft- und Raumfahrtentwicklung oft entscheidend ist. Dank unserer hauseigenen Fabrik mit \u00fcber 40 CNC-Maschinen k\u00f6nnen wir <strong>eine Lieferung in nur 7 Tagen<\/strong> f\u00fcr dringende Projekte anbieten. Ob Sie schnelle Prototypen oder eine Produktionsserie von <a href=\"https:\/\/zscncparts.com\/de\/product\/cnc-machining-for-automotive-aluminum-parts-supplier-china\/\">CNC-Bearbeitungen f\u00fcr Automobil-Aluminiumteile verwendet wird<\/a>ben\u00f6tigen, unser 24-Stunden-Angebotssystem und der optimierte Workflow sorgen daf\u00fcr, dass Sie Ihre Teile schnell und pr\u00e4zise erhalten.<\/p>\n<p><strong>Stellen Sie Materialzertifizierungen f\u00fcr Aluminium in Luft- und Raumfahrtqualit\u00e4t aus?<\/strong><br \/>\nJa, absolut. F\u00fcr branchenkritische Industrien ist Materialr\u00fcckverfolgbarkeit unverzichtbar. Wir stellen vollst\u00e4ndige <strong>Materialzertifikate (COA)<\/strong> und Mill-Testberichte auf Anfrage aus, um die chemische Zusammensetzung und mechanischen Eigenschaften des verwendeten Materials 7075-T6 oder T651 zu \u00fcberpr\u00fcfen. Als ISO 9001-zertifizierter Hersteller stellen wir sicher, dass jeder Aluminiumblock die strengen Standards f\u00fcr Hochleistungsanwendungen erf\u00fcllt.<\/p>\n<div id=\"references\" class=\"min-w-0 scroll-mt-8 overflow-hidden\">\n<div class=\"text-[16px]\">\n<h2 id=\"references\" class=\"mb-2 mt-2 scroll-mt-24 font-serif text-[1.714286em] font-semibold border-border-l1 pb-1 border-b overflow-hidden\">Verwandte Quellen<\/h2>\n<\/div>\n<div class=\"flex flex-col gap-2 text-sm leading-relaxed\">\n<div class=\"break-words text-[1em] leading-7\"><a class=\"break-words text-[1em] text-blue-500 hover:underline dark:text-blue-200\" href=\"https:\/\/en.wikipedia.org\/wiki\/7075_aluminium_alloy\" target=\"_blank\" rel=\"noopener noreferrer\">https:\/\/en.wikipedia.org\/wiki\/7075_aluminium_alloy<\/a><\/div>\n<div class=\"break-words text-[1em] leading-7\"><\/div>\n<\/div>\n<\/div>","protected":false},"excerpt":{"rendered":"<p>ZSCNC bietet 7075 Aluminium CNC-Bearbeitung f\u00fcr hochfeste Luft- und Raumfahrt- sowie Motorsportteile mit 5-Achsen-Genauigkeit und ISO 9001 Qualit\u00e4t<\/p>","protected":false},"featured_media":3657,"comment_status":"open","ping_status":"closed","template":"","meta":{"_monsterinsights_skip_tracking":false,"_monsterinsights_sitenote_active":false,"_monsterinsights_sitenote_note":"","_monsterinsights_sitenote_category":0,"site-sidebar-layout":"default","site-content-layout":"","ast-site-content-layout":"default","site-content-style":"default","site-sidebar-style":"default","ast-global-header-display":"","ast-banner-title-visibility":"","ast-main-header-display":"","ast-hfb-above-header-display":"","ast-hfb-below-header-display":"","ast-hfb-mobile-header-display":"","site-post-title":"","ast-breadcrumbs-content":"","ast-featured-img":"","footer-sml-layout":"","theme-transparent-header-meta":"default","adv-header-id-meta":"","stick-header-meta":"","header-above-stick-meta":"","header-main-stick-meta":"","header-below-stick-meta":"","astra-migrate-meta-layouts":"set","ast-page-background-enabled":"default","ast-page-background-meta":{"desktop":{"background-color":"var(--ast-global-color-5)","background-image":"","background-repeat":"repeat","background-position":"center center","background-size":"auto","background-attachment":"scroll","background-type":"","background-media":"","overlay-type":"","overlay-color":"","overlay-opacity":"","overlay-gradient":""},"tablet":{"background-color":"","background-image":"","background-repeat":"repeat","background-position":"center center","background-size":"auto","background-attachment":"scroll","background-type":"","background-media":"","overlay-type":"","overlay-color":"","overlay-opacity":"","overlay-gradient":""},"mobile":{"background-color":"","background-image":"","background-repeat":"repeat","background-position":"center center","background-size":"auto","background-attachment":"scroll","background-type":"","background-media":"","overlay-type":"","overlay-color":"","overlay-opacity":"","overlay-gradient":""}},"ast-content-background-meta":{"desktop":{"background-color":"var(--ast-global-color-4)","background-image":"","background-repeat":"repeat","background-position":"center center","background-size":"auto","background-attachment":"scroll","background-type":"","background-media":"","overlay-type":"","overlay-color":"","overlay-opacity":"","overlay-gradient":""},"tablet":{"background-color":"var(--ast-global-color-4)","background-image":"","background-repeat":"repeat","background-position":"center center","background-size":"auto","background-attachment":"scroll","background-type":"","background-media":"","overlay-type":"","overlay-color":"","overlay-opacity":"","overlay-gradient":""},"mobile":{"background-color":"var(--ast-global-color-4)","background-image":"","background-repeat":"repeat","background-position":"center center","background-size":"auto","background-attachment":"scroll","background-type":"","background-media":"","overlay-type":"","overlay-color":"","overlay-opacity":"","overlay-gradient":""}}},"product_brand":[],"product_cat":[15,38,31],"product_tag":[],"class_list":{"0":"post-3658","1":"product","2":"type-product","3":"status-publish","4":"has-post-thumbnail","6":"product_cat-cnc-machining","7":"product_cat-laser-cutting","8":"product_cat-turning","9":"desktop-align-left","10":"tablet-align-left","11":"mobile-align-left","13":"first","14":"instock","15":"shipping-taxable","16":"purchasable","17":"product-type-simple"},"_links":{"self":[{"href":"https:\/\/zscncparts.com\/de\/wp-json\/wp\/v2\/product\/3658","targetHints":{"allow":["GET"]}}],"collection":[{"href":"https:\/\/zscncparts.com\/de\/wp-json\/wp\/v2\/product"}],"about":[{"href":"https:\/\/zscncparts.com\/de\/wp-json\/wp\/v2\/types\/product"}],"replies":[{"embeddable":true,"href":"https:\/\/zscncparts.com\/de\/wp-json\/wp\/v2\/comments?post=3658"}],"wp:featuredmedia":[{"embeddable":true,"href":"https:\/\/zscncparts.com\/de\/wp-json\/wp\/v2\/media\/3657"}],"wp:attachment":[{"href":"https:\/\/zscncparts.com\/de\/wp-json\/wp\/v2\/media?parent=3658"}],"wp:term":[{"taxonomy":"product_brand","embeddable":true,"href":"https:\/\/zscncparts.com\/de\/wp-json\/wp\/v2\/product_brand?post=3658"},{"taxonomy":"product_cat","embeddable":true,"href":"https:\/\/zscncparts.com\/de\/wp-json\/wp\/v2\/product_cat?post=3658"},{"taxonomy":"product_tag","embeddable":true,"href":"https:\/\/zscncparts.com\/de\/wp-json\/wp\/v2\/product_tag?post=3658"}],"curies":[{"name":"wp","href":"https:\/\/api.w.org\/{rel}","templated":true}]}}