{"id":3632,"date":"2026-02-24T15:43:11","date_gmt":"2026-02-24T07:43:11","guid":{"rendered":"https:\/\/zscncparts.com\/?post_type=product&#038;p=3632"},"modified":"2026-03-07T16:16:05","modified_gmt":"2026-03-07T08:16:05","slug":"brass-cnc-machining-services-for-electrical-connectors-and-terminals","status":"publish","type":"product","link":"https:\/\/zscncparts.com\/de\/product\/brass-cnc-machining-services-for-electrical-connectors-and-terminals\/","title":{"rendered":"Messing CNC-Bearbeitung f\u00fcr elektrische Anschl\u00fcsse und Terminals"},"content":{"rendered":"<h2>Hochpr\u00e4zise Messing CNC-Bearbeitungsdienstleistungen f\u00fcr elektrische Kontakte und Terminals<\/h2>\n<p>Wenn die Konnektivit\u00e4t fehlschl\u00e4gt, scheitert das gesamte System. Wir verstehen, dass in der Elektronikbranche Pr\u00e4zision nicht nur eine Anforderung ist \u2013 sie ist die Grundlage f\u00fcr Leistung. Wir spezialisieren uns auf die Herstellung hochleitf\u00e4higer Messingkomponenten, die die Signalintegrit\u00e4t f\u00fcr kritische Anwendungen gew\u00e4hrleisten, von der Automobilstromverteilung bis hin zu empfindlichen Unterhaltungselektronikger\u00e4ten. Durch die Kontrolle jedes Aspekts der Produktion liefern wir <strong>pr\u00e4zise gedrehte Messingteile<\/strong> die die strengsten geometrischen Toleranzen erf\u00fcllen.<\/p>\n<h3>Schweizer Schraubenbearbeitungsdienste f\u00fcr lange Pins<\/h3>\n<p>F\u00fcr schlanke Komponenten wie m\u00e4nnliche Pins und lange Terminals ist Durchbiegung w\u00e4hrend des Schneidens ein gro\u00dfes Problem. Wir nutzen fortschrittliche Schlittenkopffr\u00e4smaschinen <strong>Schweizer Automatendrehdienstleistungen<\/strong> um das Werkst\u00fcck nahe am Schneidwerkzeug zu unterst\u00fctzen.<\/p>\n<ul>\n<li><strong>Hohe L\u00e4ngen-zu-Durchmesser-Verh\u00e4ltnisse:<\/strong> Wir bearbeiten lange, d\u00fcnne <strong>kundenspezifische elektrische Kontaktstifte<\/strong> ohne Biegen oder Vibration.<\/li>\n<li><strong>Konstante Konzentricit\u00e4t:<\/strong> Sorgt f\u00fcr nahtlose Passgenauigkeit bei Mehrpol-Steckverbindern.<\/li>\n<li><strong>Hohe Volumen-Effizienz:<\/strong> Zykluszeiten sind f\u00fcr die Massenproduktion von Standard- und kundenspezifischen Terminals optimiert.<\/li>\n<\/ul>\n<h3>Mehr-Achsen-Drehen f\u00fcr komplexe Geh\u00e4use von Steckverbindern<\/h3>\n<p>Einfaches Drehen reicht f\u00fcr moderne Verbindungsl\u00f6sungen nicht aus. Unsere Anlage ist mit Mehr-Achsen-Drehzentren ausgestattet, die in einer einzigen Einrichtung fr\u00e4sen, bohren und drehen k\u00f6nnen. Dieser \u201eAlles-in-Einem\u201c-Ansatz ist unerl\u00e4sslich f\u00fcr die Herstellung komplexer <strong>Messing-CNC-Bearbeitungen f\u00fcr Elektronik<\/strong> Komponenten, wie RF-Steckh\u00fclsen und Sensorgeh\u00e4use, die Seitenl\u00f6cher, Schlitze oder off-center Merkmale erfordern. Durch den Wegfall sekund\u00e4rer Spannvorrichtungen gew\u00e4hrleisten wir eine \u00fcberlegene Positionsgenauigkeit.<\/p>\n<h3>Mikrobearbeitungsf\u00e4higkeiten f\u00fcr Miniaturkontakte<\/h3>\n<p>Da elektronische Ger\u00e4te kleiner werden, muss die Hardware entsprechend angepasst werden. Wir bieten spezialisierte <strong>Mikrobearbeitungsdienste<\/strong> f\u00fcr ultrakleine Komponenten an, die Durchmesser von bis zu 0,5 mm mit mikroskopischer Pr\u00e4zision bearbeiten.<\/p>\n<ul>\n<li><strong>Gratfreie Oberfl\u00e4che:<\/strong> Entscheidend f\u00fcr eine ordnungsgem\u00e4\u00dfe Leitf\u00e4higkeit und die Vermeidung von Kurzschl\u00fcssen in engen Baugruppen.<\/li>\n<li><strong>Enge Toleranzen:<\/strong> Wir gew\u00e4hrleisten Mikrometer-genaue Pr\u00e4zision bei Miniatursteckdosen und Pogo-Pins.<\/li>\n<li><strong>Feinf\u00fchliger Umgang:<\/strong> Spezialisierte Prozesse zum Schutz empfindlicher Teile w\u00e4hrend der Bearbeitung und Reinigung.<\/li>\n<\/ul>\n<h2>Materialauswahl: Messinglegierungen f\u00fcr optimale Leitf\u00e4higkeit<\/h2>\n<p>Die Auswahl der richtigen Legierung ist entscheidend, wenn wir <strong>Messing-CNC-Bearbeitungsdienste f\u00fcr elektrische Anschl\u00fcsse und Terminals anbieten<\/strong>. Wir balancieren elektrische Leitf\u00e4higkeit, Bearbeitbarkeit und mechanische Festigkeit, um sicherzustellen, dass Ihre Komponenten zuverl\u00e4ssig funktionieren. Ob Sie Standard- <strong>C36000-Messingkomponenten<\/strong> oder spezielle bleifreie Optionen ben\u00f6tigen, wir beziehen hochwertige Lagerbest\u00e4nde, um Ihre genauen Spezifikationen zu erf\u00fcllen.<\/p>\n<p>Verstehen <a href=\"https:\/\/zscncparts.com\/de\/how-to-select-precise-cnc-machining-materials\/\">wie man pr\u00e4zise CNC-Bearbeitungsmaterialien ausw\u00e4hlt<\/a> hilft bei der Optimierung von Kosten und Leistung. Hier ist eine \u00dcbersicht der g\u00e4ngigen Legierungen, die wir f\u00fcr elektronische Hardware verwenden:<\/p>\n<h3>G\u00e4ngige Messinglegierungen f\u00fcr Elektronik<\/h3>\n<table>\n<thead>\n<tr>\n<th style=\"text-align: left;\">Legierungsgrad<\/th>\n<th style=\"text-align: left;\">G\u00e4ngiger Name<\/th>\n<th style=\"text-align: left;\">Wichtige Eigenschaften<\/th>\n<th style=\"text-align: left;\">Beste Anwendung<\/th>\n<\/tr>\n<\/thead>\n<tbody>\n<tr>\n<td style=\"text-align: left;\"><strong>C36000 \/ C3604<\/strong><\/td>\n<td style=\"text-align: left;\">Freik\u00fcrzendes Messing<\/td>\n<td style=\"text-align: left;\">Ausgezeichnete Bearbeitbarkeit, glatte Oberfl\u00e4che<\/td>\n<td style=\"text-align: left;\">Hochvolumige Stifte, Abstandshalter und Standardanschl\u00fcsse.<\/td>\n<\/tr>\n<tr>\n<td style=\"text-align: left;\"><strong>C26000<\/strong><\/td>\n<td style=\"text-align: left;\">Kartuschenmessing<\/td>\n<td style=\"text-align: left;\">Hohe Duktilit\u00e4t, hervorragende Kaltverformbarkeit<\/td>\n<td style=\"text-align: left;\"><strong>Messing-Krimpverbinder<\/strong>, Clips und Teile, die gebogen werden m\u00fcssen.<\/td>\n<\/tr>\n<tr>\n<td style=\"text-align: left;\"><strong>C46400<\/strong><\/td>\n<td style=\"text-align: left;\">Marine-Messing<\/td>\n<td style=\"text-align: left;\">Hohe Korrosionsbest\u00e4ndigkeit, gute Festigkeit<\/td>\n<td style=\"text-align: left;\">Marine-Steckverbinder und Au\u00dfen-Industriesensoren.<\/td>\n<\/tr>\n<tr>\n<td style=\"text-align: left;\"><strong>Bleifrei \/ Umweltfreundlich<\/strong><\/td>\n<td style=\"text-align: left;\">RoHS-konformes Messing<\/td>\n<td style=\"text-align: left;\">&lt;0,1% Bleigehalt, umweltfreundlich<\/td>\n<td style=\"text-align: left;\">Markt mit strengen Vorschriften (EU, Medizin, Automobil).<\/td>\n<\/tr>\n<\/tbody>\n<\/table>\n<h3>RoHS- und REACH-Konformit\u00e4t<\/h3>\n<p>F\u00fcr globale M\u00e4rkte, die strenge Umweltauflagen erfordern, bieten wir <strong>RoHS-konforme Messingbearbeitung<\/strong>. W\u00e4hrend Blei die Bearbeitbarkeit unterst\u00fctzt, fordern moderne Vorschriften oft bleifreie Alternativen. Wir verarbeiten diese Materialien mit spezialisierten Werkzeugen, um enge Toleranzen einzuhalten, ohne die Oberfl\u00e4chenqualit\u00e4t zu beeintr\u00e4chtigen. Wenn Sie nach bestimmten <a href=\"https:\/\/zscncparts.com\/de\/material\/metal\/brass\/\">Messingmaterialeigenschaften<\/a>suchen, kann unser Team Sie bei der Auswahl der besten Option f\u00fcr <strong>hochleitf\u00e4hige Messingteile<\/strong> beraten, die sowohl elektrische als auch regulatorische Standards erf\u00fcllen.<\/p>\n<h3>Spezialisierte Anforderungen<\/h3>\n<ul>\n<li><strong>C36000 (Freipr\u00e4gen):<\/strong> Unser Standard f\u00fcr Geschwindigkeit. Es erm\u00f6glicht eine schnelle <strong>Schweizer Automatendrehdienstleistungen<\/strong>, was zu niedrigeren St\u00fcckkosten bei gro\u00dfen St\u00fcckzahlen f\u00fchrt.<\/li>\n<li><strong>C26000 (Patrone):<\/strong> Unerl\u00e4sslich f\u00fcr <strong>C260 C360 Messingbearbeitung<\/strong> Projekte, bei denen das Teil sich (Crimpen) auf einen Draht deformieren muss, ohne zu rei\u00dfen.<\/li>\n<li><strong>Marine Messing:<\/strong> Wir verwenden dieses f\u00fcr <strong>OEM-Messinganschl\u00fcsse<\/strong> die Feuchtigkeit ausgesetzt sind, um sicherzustellen, dass sich das Geh\u00e4use des Steckers im Laufe der Zeit nicht verschlechtert.<\/li>\n<\/ul>\n<p>Indem wir die spezifische Kupferlegierung auf die Funktion des Teils abstimmen, stellen wir sicher, dass jeder Pin, jede Buchse und jeder Anschluss maximale Effizienz liefert.<\/p>\n<h2>Oberfl\u00e4chenbeschichtung &amp; Veredelungsdienste f\u00fcr Konnektivit\u00e4t<\/h2>\n<p>Rohes Messing bietet ausgezeichnete mechanische Eigenschaften, aber f\u00fcr <strong>elektrische Anschl\u00fcsse und Kontakte<\/strong>, die Oberfl\u00e4chenveredelung bestimmt die Lebensdauer und Leistung des Bauteils. Ohne eine geeignete Behandlung k\u00f6nnen Kupferlegierungen im Laufe der Zeit oxidieren, was den Widerstand erh\u00f6ht und potenziell zu Ausf\u00e4llen f\u00fchrt. Wir bieten umfassende Veredelungsl\u00f6sungen, um sicherzustellen, dass Ihre <strong>Messing-CNC-Bearbeitungsdienste f\u00fcr elektrische Anschl\u00fcsse und Terminals anbieten<\/strong> zu zuverl\u00e4ssigen Komponenten im Einsatz f\u00fchren.<\/p>\n<p>Wir passen unsere Galvanisierungsprozesse an die spezifischen elektrischen und umweltbezogenen Anforderungen Ihrer Anwendung an:<\/p>\n<ul>\n<li><strong>Goldbeschichtung:<\/strong> Der Goldstandard f\u00fcr Hochzuverl\u00e4ssigkeits-Steckverbinder. Es bietet au\u00dfergew\u00f6hnlichen Korrosionsschutz und erh\u00e4lt eine niedrige Kontaktwiderstand, was <strong>vergoldete Steckverbinderstifte<\/strong> wesentlich f\u00fcr die kritische Signal\u00fcbertragung in Daten- und Medizinprodukten ist.<\/li>\n<li><strong>Nickelbeschichtung:<\/strong> Wird h\u00e4ufig als Barrierschicht unter Gold oder Zinn aufgetragen. Es verhindert die Diffusion von Kupfer in die obere Schicht und erh\u00f6ht die Verschlei\u00dffestigkeit des Steckverbinders erheblich.<\/li>\n<li><strong>Zinnbeschichtung:<\/strong> Eine kosteng\u00fcnstige L\u00f6sung, die h\u00e4ufig in der Unterhaltungselektronik verwendet wird. Es bietet hervorragende L\u00f6tbarkeit und ist die bevorzugte Wahl f\u00fcr PCB-montierte Anschl\u00fcsse und <strong>Messing-Klemmen<\/strong>.<\/li>\n<li><strong>Silberbeschichtung:<\/strong> F\u00fcr Anwendungen, die maximale Strom\u00fcbertragung erfordern, ist Silber un\u00fcbertroffen. Es besitzt die h\u00f6chste elektrische Leitf\u00e4higkeit aller Metalle, minimiert die W\u00e4rmeentwicklung bei Hochstromkontakten.<\/li>\n<\/ul>\n<p>Neben der Beschichtung ist die Oberfl\u00e4chenvorbereitung entscheidend. Wir verwenden Ultraschallreinigung und Passivierung, um alle Bearbeitungs\u00f6le und Ablagerungen zu entfernen. Das Verst\u00e4ndnis der <a href=\"https:\/\/zscncparts.com\/de\/surface-finish-impactthe-influence-of-surface-roughness-ra-on-the-performance-of-parts\/\">Einflusses der Oberfl\u00e4chenrauheit auf die Teileleistung<\/a> ist entscheidend; eine glattere Oberfl\u00e4che sorgt f\u00fcr bessere Haftung der Beschichtung und reduziert die Reibung beim Verbinden der Stecker. Unsere Teile sind sofort einsatzbereit, um Ihre Produktionslinie niemals zu unterbrechen.<\/p>\n<h2>Arten von Messingsteckverbindern, die wir herstellen<\/h2>\n<p>Unsere Anlage ist ausgestattet, um eine Vielzahl elektronischer Hardware zu bearbeiten und sich an die spezifischen Bed\u00fcrfnisse des globalen Marktes anzupassen. Wir beschr\u00e4nken uns nicht nur auf Standardkatalogteile; wir spezialisieren uns auf <strong>Messing-CNC-Bearbeitungsdienste f\u00fcr elektrische Anschl\u00fcsse und Terminals anbieten<\/strong> die genau nach Ihren Blaupausen gefertigt werden. Von mikroskopisch kleinen Kontakten bis hin zu robusten Stromverteilungseinheiten, hier ist, was wir t\u00e4glich produzieren:<\/p>\n<ul>\n<li><strong>Steckverbinder mit m\u00e4nnlichen\/weiblichen Pins &amp; Buchsen:<\/strong> Sie sind das Herzst\u00fcck jedes Mehrpolsystems. Wir verwenden <strong>Schweizer Automatendrehdienstleistungen<\/strong> herstellen <strong>kundenspezifische elektrische Kontaktstifte<\/strong> mit au\u00dfergew\u00f6hnlicher Geradheit und Oberfl\u00e4chenqualit\u00e4t, um eine zuverl\u00e4ssige Verbindung Zyklus f\u00fcr Zyklus zu gew\u00e4hrleisten.<\/li>\n<li><strong>Crimpklemmen:<\/strong> Wir fertigen <strong>CNC-gedrehte Anschl\u00fcsse<\/strong> und <strong>Messing-Klemmen<\/strong> die speziell f\u00fcr die Kabelanschlussentwicklung entwickelt wurden. Wir legen gro\u00dfen Wert auf Wandst\u00e4rke und Materialelastizit\u00e4t, um sicherzustellen, dass das Teil sicher gecrimpt wird, ohne zu rei\u00dfen.<\/li>\n<li><strong>Erdungsklemmen &amp; Sammelschienen:<\/strong> F\u00fcr die Stromverteilung fr\u00e4sen wir massives <strong>hochleitf\u00e4hige Messingteile<\/strong>. Diese Erdungsklemmen sind unerl\u00e4sslich f\u00fcr die sichere Verwaltung elektrischer Lasten in Steuerungen und Automobilsystemen.<\/li>\n<li><strong>RF-Steckverbindergeh\u00e4use (SMA, SMB, Koaxial):<\/strong> Hochfrequenzanwendungen erfordern absolute Pr\u00e4zision. F\u00fcr die komplexen Geometrien, die h\u00e4ufig bei Koaxialanschl\u00fcssen und Wellenleitern vorkommen, wenden wir fortschrittliche <a href=\"https:\/\/zscncparts.com\/de\/product\/5axis-cnc-machining\/\">5-Achsen-CNC-Bearbeitung<\/a> an, um perfekte Kongruenz und Signalintegrit\u00e4t zu gew\u00e4hrleisten.<\/li>\n<li><strong>Gewindegeh\u00e4use f\u00fcr Sensoren:<\/strong> Wir produzieren langlebige <strong>OEM-Messinganschl\u00fcsse<\/strong> und Sensorgeh\u00e4use, die in der industriellen Automatisierung verwendet werden. Diese Geh\u00e4use bieten einen robusten Schutz f\u00fcr empfindliche Elektronik und verf\u00fcgen \u00fcber pr\u00e4zise Gewinde f\u00fcr eine sichere Montage.<\/li>\n<\/ul>\n<h2>Technische Spezifikationen f\u00fcr Pr\u00e4zisions-gedrehte Messingteile<\/h2>\n<p><img decoding=\"async\" data-src=\"https:\/\/pub-36eea33d6f1540d281c285671ffb8664.r2.dev\/2026\/02\/24\/Brass_CNC_Machining_Precision_Electrical_Parts_upI.webp\" alt=\"Messing CNC-Bearbeitung f\u00fcr pr\u00e4zise elektrische Teile\" title=\"\" src=\"data:image\/svg+xml;base64,PHN2ZyB3aWR0aD0iMSIgaGVpZ2h0PSIxIiB4bWxucz0iaHR0cDovL3d3dy53My5vcmcvMjAwMC9zdmciPjwvc3ZnPg==\" class=\"lazyload\"><\/p>\n<p>Bei der Herstellung <strong>Messing-CNC-Bearbeitungsdienstleistungen<\/strong> f\u00fcr elektronische Anwendungen, bei denen Pr\u00e4zision die Grundanforderung ist. Wir wissen, dass ein loser Pin oder eine enge Buchse Signalversagen verursacht. Unsere Anlage nutzt fortschrittliche <strong>Schweizer Automatendrehdienstleistungen<\/strong> um lange, schlanke Komponenten und komplexe <strong>pr\u00e4zise gedrehte Messingteile<\/strong> mit au\u00dfergew\u00f6hnlicher Konsistenz herzustellen. Wir halten routinem\u00e4\u00dfig enge Toleranzen bis zu <strong>+\/- 0,005mm<\/strong>, um sicherzustellen, dass jeder Anschluss perfekt in sein Geh\u00e4use passt. Um die Strenge hinter diesen Messungen zu verstehen, k\u00f6nnen Sie unsere detaillierte Aufschl\u00fcsselung der <a href=\"https:\/\/zscncparts.com\/de\/cnc-machining-accuracy-standards-analysis-of-industrialgrade-cnc-machining-accuracy-standards-how-to-achieve-a-perfect-tolerance-of-0005mm\/\">industriellen CNC-Bearbeitungsstandards verwenden<\/a>.<\/p>\n<h3>Schweizer F\u00e4higkeiten und Oberfl\u00e4chenfinishs einsehen<\/h3>\n<p>Unser Aufbau ist optimiert f\u00fcr <strong>Mikrobearbeitungsdienste<\/strong>, Handhabung von Durchmessern ab 0,5 mm. Dies ist entscheidend f\u00fcr Miniaturkontakte, die in hochdichten Steckverbindern verwendet werden. \u00dcber die Dimensionen hinaus ist die Oberfl\u00e4chenbeschaffenheit f\u00fcr nachfolgende Galvanisierungsprozesse von entscheidender Bedeutung. Wir erreichen eine Oberfl\u00e4chenrauheit von <strong>Ra 0,4 bis Ra 1,6<\/strong> direkt von der Maschine, was eine glatte Oberfl\u00e4che f\u00fcr Gold- oder Nickelbeschichtungen bietet, ohne dass \u00fcberm\u00e4\u00dfiges Polieren erforderlich ist.<\/p>\n<p>Egal, ob Sie einen einzelnen Prototyp zum Passformtest oder Gro\u00dfserien f\u00fcr die Automobilmontage ben\u00f6tigen, unsere Produktionslinien bieten volle Flexibilit\u00e4t.<\/p>\n<p><strong>Wichtige Fertigungsspezifikationen:<\/strong><\/p>\n<table>\n<thead>\n<tr>\n<th style=\"text-align: left;\">Merkmal<\/th>\n<th style=\"text-align: left;\">Spezifikationsbereich<\/th>\n<\/tr>\n<\/thead>\n<tbody>\n<tr>\n<td style=\"text-align: left;\"><strong>Ma\u00dfhaltigkeit<\/strong><\/td>\n<td style=\"text-align: left;\">Bis zu <strong>+\/- 0,005mm<\/strong><\/td>\n<\/tr>\n<tr>\n<td style=\"text-align: left;\"><strong>Durchmesserbereich (Schweiz)<\/strong><\/td>\n<td style=\"text-align: left;\">0,5 mm \u2013 32 mm<\/td>\n<\/tr>\n<tr>\n<td style=\"text-align: left;\"><strong>Durchmesserbereich (Drehen)<\/strong><\/td>\n<td style=\"text-align: left;\">2 mm \u2013 200 mm<\/td>\n<\/tr>\n<tr>\n<td style=\"text-align: left;\"><strong>Oberfl\u00e4chenrauheit<\/strong><\/td>\n<td style=\"text-align: left;\">Ra 0,4 \u2013 Ra 1,6 (frisch bearbeitet)<\/td>\n<\/tr>\n<tr>\n<td style=\"text-align: left;\"><strong>Rundlaufgenauigkeit<\/strong><\/td>\n<td style=\"text-align: left;\">&lt; 0,01 mm<\/td>\n<\/tr>\n<tr>\n<td style=\"text-align: left;\"><strong>Chargenvolumen<\/strong><\/td>\n<td style=\"text-align: left;\">1 Einheit (Prototyp) bis \u00fcber 1.000.000 Einheiten<\/td>\n<\/tr>\n<\/tbody>\n<\/table>\n<h2>Warum ZSCNC f\u00fcr elektronische Hardware w\u00e4hlen?<\/h2>\n<p><img decoding=\"async\" data-src=\"https:\/\/pub-36eea33d6f1540d281c285671ffb8664.r2.dev\/2026\/02\/24\/Brass_CNC_Machining_for_Electrical_Connectors_bcSu.webp\" alt=\"Messing CNC-Bearbeitung f\u00fcr elektrische Kontakte\" title=\"\" src=\"data:image\/svg+xml;base64,PHN2ZyB3aWR0aD0iMSIgaGVpZ2h0PSIxIiB4bWxucz0iaHR0cDovL3d3dy53My5vcmcvMjAwMC9zdmciPjwvc3ZnPg==\" class=\"lazyload\"><\/p>\n<p>Beim Bezug von <strong>Messing-CNC-Bearbeitungsdienste f\u00fcr elektrische Anschl\u00fcsse und Terminals anbieten<\/strong>, Zuverl\u00e4ssigkeit und Pr\u00e4zision sind unverhandelbar. Bei ZSCNC agieren wir als direkter Hersteller, was bedeutet, dass Sie transparente Preise ohne die Aufschl\u00e4ge typischer Handelsunternehmen oder Zwischenh\u00e4ndler erhalten. Dieser direkte Ansatz erm\u00f6glicht es uns, wettbewerbsf\u00e4hige Preise auf <strong>OEM-Messinganschl\u00fcsse<\/strong> und ma\u00dfgeschneiderte Anschl\u00fcsse anzubieten, w\u00e4hrend wir die strikte Kontrolle \u00fcber Produktionspl\u00e4ne beibehalten.<\/p>\n<p>Qualit\u00e4tssicherung ist in jede Phase unseres Arbeitsablaufs integriert. Wir nutzen fortschrittliche Messtechnik im laufenden Prozess, einschlie\u00dflich Laser-Mikrometer und Koordinatenmessmaschinen (CMM), um Toleranzen auf <strong>CNC-Drehteile<\/strong> in Echtzeit. Dies stellt sicher, dass jeder Kontaktstift und Geh\u00e4use des Steckers Ihren genauen Spezifikationen entspricht, bevor er unser Werk verl\u00e4sst. Unsere strenge <a href=\"https:\/\/zscncparts.com\/de\/about-us\/manufacturing-process\/\">Fertigungsprozess<\/a> garantiert Konsistenz, egal ob wir eine Pilotcharge oder eine Gro\u00dfserienproduktion durchf\u00fchren.<\/p>\n<p>Wir verstehen die spezifischen Anforderungen moderner Technologiesektoren. Unser Team verf\u00fcgt \u00fcber umfangreiche Erfahrung in der Lieferung von Komponenten f\u00fcr die <a href=\"https:\/\/zscncparts.com\/de\/industries\/electronics\/\">Elektronikindustrie<\/a>, unterst\u00fctzt kritische Anwendungen in Elektrofahrzeugen (EV), 5G-Infrastruktur und Unterhaltungselektronik. Um enge Fristen einzuhalten, bieten wir schnelle Werkzeugvorbereitung und betreiben 24\/7 Fertigungslinien, um Ihre Lieferkette ununterbrochen zu halten.<\/p>\n<table>\n<thead>\n<tr>\n<th style=\"text-align: left;\">Schl\u00fcsselvorteil<\/th>\n<th style=\"text-align: left;\">Wert f\u00fcr Ihr Projekt<\/th>\n<\/tr>\n<\/thead>\n<tbody>\n<tr>\n<td style=\"text-align: left;\"><strong>Direkt vom Hersteller<\/strong><\/td>\n<td style=\"text-align: left;\">Geringere Kosten und direkte Kommunikation; keine Maklergeb\u00fchren.<\/td>\n<\/tr>\n<tr>\n<td style=\"text-align: left;\"><strong>Fortschrittliche Messtechnik<\/strong><\/td>\n<td style=\"text-align: left;\">100% Ma\u00dfverifikation mit Laser- &amp; CMM-Werkzeugen.<\/td>\n<\/tr>\n<tr>\n<td style=\"text-align: left;\"><strong>Branchenkompetenz<\/strong><\/td>\n<td style=\"text-align: left;\">Bew\u00e4hrte Erfolgsbilanz in der Herstellung von EV-, 5G- und <strong>elektronischer Hardware<\/strong>.<\/td>\n<\/tr>\n<tr>\n<td style=\"text-align: left;\"><strong>24\/7 Geschwindigkeit<\/strong><\/td>\n<td style=\"text-align: left;\">Schnelle Durchlaufzeiten vom Prototyp bis zur Massenproduktion.<\/td>\n<\/tr>\n<\/tbody>\n<\/table>\n<h2>H\u00e4ufig gestellte Fragen (FAQ)<\/h2>\n<h3>Was ist die Mindestbestellmenge (MOQ) f\u00fcr kundenspezifische Terminals?<\/h3>\n<p>Wir verstehen, dass jedes Projekt einen unterschiedlichen Lebenszyklus hat. Wir sind flexibel bei unseren Produktionsvolumina und unterst\u00fctzen alles von <strong>Schnelles Prototyping<\/strong> ein paar Dutzend Einheiten bis hin zu Hochvolumen-Massenproduktionen in Millionenh\u00f6he. Ob Sie eine kleine Charge von <strong>kundenspezifische elektrische Kontaktstifte<\/strong> zum Testen oder eine gro\u00df angelegte Fertigung ben\u00f6tigen, wir skalieren unsere Abl\u00e4ufe, um Ihre spezifische Nachfrage ohne starre, unangemessene Mindestmengen zu erf\u00fcllen.<\/p>\n<h3>K\u00f6nnen Sie RoHS-konforme bleifreie Messingbearbeitung durchf\u00fchren?<\/h3>\n<p>Ja, absolut. Mit sich versch\u00e4rfenden globalen Umweltvorschriften spezialisieren wir uns auf <strong>RoHS-konforme Messingbearbeitung<\/strong>. Wir arbeiten regelm\u00e4\u00dfig mit bleifreien Messinglegierungen (wie Eco Brass) und bleifreien Varianten, die eine hohe Leitf\u00e4higkeit bei Einhaltung von REACH- und RoHS-Standards gew\u00e4hrleisten. Dies stellt sicher, dass Ihre <strong>elektronischer Hardware<\/strong> Projekte f\u00fcr den Export in M\u00e4rkte wie die EU konform sind.<\/p>\n<h3>Bieten Sie Montageservices wie das Einsetzen von Kunststoffisolatoren an?<\/h3>\n<p>Wir bieten mehr als nur das Schneiden von Metall. Um Ihre Lieferkette zu vereinfachen, bieten wir wertsteigernde Montageservices an. Dazu geh\u00f6rt das Pressen <strong>pr\u00e4zise gedrehte Messingteile<\/strong> in Kunststoffisolatoren, Geh\u00e4use oder die Kombination mit anderen Komponenten. F\u00fcr Kunden, die komplexe automatisierte Systeme entwickeln, passt dies gut zu unseren umfassenderen F\u00e4higkeiten, \u00e4hnlich wie bei unserem <a href=\"https:\/\/zscncparts.com\/de\/product\/custom-cnc-machining-services-for-machinery-and-robotics-parts\/\">ma\u00dfgeschneiderten CNC-Bearbeitungsdiensten f\u00fcr Maschinen- und Robotikteile<\/a>, das fertig montierte Baugruppen liefert.<\/p>\n<h3>Welche Dateiformate akzeptieren Sie f\u00fcr Angebote?<\/h3>\n<p>Um ein m\u00f6glichst genaues Angebot f\u00fcr Ihre <strong>CNC-gedrehte Anschl\u00fcsse<\/strong>zu erstellen, bevorzugen wir 3D-CAD-Dateien in <strong>STEP (.stp)<\/strong> or <strong>IGES (.igs)<\/strong> Formaten. Zus\u00e4tzlich bitten wir um 2D-Zeichnungen (PDF), die kritische Ma\u00dfe, Toleranzen (insbesondere f\u00fcr Schweizer Bearbeitung) und spezifische Oberfl\u00e4chenfinish-Anforderungen klar definieren. Diese Kombination erm\u00f6glicht es unserem Engineering-Team, die Herstellbarkeit Ihres Designs sofort zu \u00fcberpr\u00fcfen.<\/p>","protected":false},"excerpt":{"rendered":"<p>Messing CNC-Bearbeitungsdienste f\u00fcr elektrische Anschl\u00fcsse und Terminals mit engen Toleranzen, hochleitf\u00e4higen Legierungen und kundenspezifischer Beschichtung<\/p>","protected":false},"featured_media":3631,"comment_status":"open","ping_status":"closed","template":"","meta":{"_monsterinsights_skip_tracking":false,"_monsterinsights_sitenote_active":false,"_monsterinsights_sitenote_note":"","_monsterinsights_sitenote_category":0,"site-sidebar-layout":"default","site-content-layout":"","ast-site-content-layout":"default","site-content-style":"default","site-sidebar-style":"default","ast-global-header-display":"","ast-banner-title-visibility":"","ast-main-header-display":"","ast-hfb-above-header-display":"","ast-hfb-below-header-display":"","ast-hfb-mobile-header-display":"","site-post-title":"","ast-breadcrumbs-content":"","ast-featured-img":"","footer-sml-layout":"","theme-transparent-header-meta":"default","adv-header-id-meta":"","stick-header-meta":"","header-above-stick-meta":"","header-main-stick-meta":"","header-below-stick-meta":"","astra-migrate-meta-layouts":"set","ast-page-background-enabled":"default","ast-page-background-meta":{"desktop":{"background-color":"var(--ast-global-color-5)","background-image":"","background-repeat":"repeat","background-position":"center center","background-size":"auto","background-attachment":"scroll","background-type":"","background-media":"","overlay-type":"","overlay-color":"","overlay-opacity":"","overlay-gradient":""},"tablet":{"background-color":"","background-image":"","background-repeat":"repeat","background-position":"center center","background-size":"auto","background-attachment":"scroll","background-type":"","background-media":"","overlay-type":"","overlay-color":"","overlay-opacity":"","overlay-gradient":""},"mobile":{"background-color":"","background-image":"","background-repeat":"repeat","background-position":"center center","background-size":"auto","background-attachment":"scroll","background-type":"","background-media":"","overlay-type":"","overlay-color":"","overlay-opacity":"","overlay-gradient":""}},"ast-content-background-meta":{"desktop":{"background-color":"var(--ast-global-color-4)","background-image":"","background-repeat":"repeat","background-position":"center center","background-size":"auto","background-attachment":"scroll","background-type":"","background-media":"","overlay-type":"","overlay-color":"","overlay-opacity":"","overlay-gradient":""},"tablet":{"background-color":"var(--ast-global-color-4)","background-image":"","background-repeat":"repeat","background-position":"center center","background-size":"auto","background-attachment":"scroll","background-type":"","background-media":"","overlay-type":"","overlay-color":"","overlay-opacity":"","overlay-gradient":""},"mobile":{"background-color":"var(--ast-global-color-4)","background-image":"","background-repeat":"repeat","background-position":"center center","background-size":"auto","background-attachment":"scroll","background-type":"","background-media":"","overlay-type":"","overlay-color":"","overlay-opacity":"","overlay-gradient":""}}},"product_brand":[],"product_cat":[15,30,31],"product_tag":[],"class_list":{"0":"post-3632","1":"product","2":"type-product","3":"status-publish","4":"has-post-thumbnail","6":"product_cat-cnc-machining","7":"product_cat-milling","8":"product_cat-turning","9":"desktop-align-left","10":"tablet-align-left","11":"mobile-align-left","13":"first","14":"instock","15":"shipping-taxable","16":"purchasable","17":"product-type-simple"},"_links":{"self":[{"href":"https:\/\/zscncparts.com\/de\/wp-json\/wp\/v2\/product\/3632","targetHints":{"allow":["GET"]}}],"collection":[{"href":"https:\/\/zscncparts.com\/de\/wp-json\/wp\/v2\/product"}],"about":[{"href":"https:\/\/zscncparts.com\/de\/wp-json\/wp\/v2\/types\/product"}],"replies":[{"embeddable":true,"href":"https:\/\/zscncparts.com\/de\/wp-json\/wp\/v2\/comments?post=3632"}],"wp:featuredmedia":[{"embeddable":true,"href":"https:\/\/zscncparts.com\/de\/wp-json\/wp\/v2\/media\/3631"}],"wp:attachment":[{"href":"https:\/\/zscncparts.com\/de\/wp-json\/wp\/v2\/media?parent=3632"}],"wp:term":[{"taxonomy":"product_brand","embeddable":true,"href":"https:\/\/zscncparts.com\/de\/wp-json\/wp\/v2\/product_brand?post=3632"},{"taxonomy":"product_cat","embeddable":true,"href":"https:\/\/zscncparts.com\/de\/wp-json\/wp\/v2\/product_cat?post=3632"},{"taxonomy":"product_tag","embeddable":true,"href":"https:\/\/zscncparts.com\/de\/wp-json\/wp\/v2\/product_tag?post=3632"}],"curies":[{"name":"wp","href":"https:\/\/api.w.org\/{rel}","templated":true}]}}