{"id":3630,"date":"2026-02-14T14:30:21","date_gmt":"2026-02-14T06:30:21","guid":{"rendered":"https:\/\/zscncparts.com\/?post_type=product&#038;p=3630"},"modified":"2026-02-14T14:32:24","modified_gmt":"2026-02-14T06:32:24","slug":"custom-cnc-machining-of-plastic-parts-for-automation-medical-and-packaging","status":"publish","type":"product","link":"https:\/\/zscncparts.com\/de\/product\/custom-cnc-machining-of-plastic-parts-for-automation-medical-and-packaging\/","title":{"rendered":"Individuelle CNC-Kunststoffbearbeitung f\u00fcr Automatisierungs-, Medizin- und Verpackungsanwendungen"},"content":{"rendered":"<h2>Spezialisierte CNC-Kunststoffbearbeitung f\u00fcr kritische Branchen<\/h2>\n<p>Wir liefern hochpr\u00e4zise <strong>ma\u00dfgeschneiderte CNC-Bearbeitung von Kunststoffteilen f\u00fcr Automatisierung, Medizin und Verpackung<\/strong> Anwendungen, wobei jedes Bauteil die strengen Standards dieser Hochleistungsbranchen erf\u00fcllt. Im Gegensatz zu allgemeinen Werkst\u00e4tten spezialisieren wir uns auf die einzigartigen thermischen und mechanischen Eigenschaften von Polymeren, was uns erm\u00f6glicht, enge Toleranzen bei komplexen Geometrien einzuhalten, die anderen schwerfallen.<\/p>\n<p>Unsere Einrichtung kombiniert fortschrittliche 3-, 4- und 5-Achs-CNC-Technologie mit tiefgreifender Materialkompetenz, um Ihr Projekt von der Konzeption bis zur Serienproduktion zu unterst\u00fctzen. Durch die direkte Zusammenarbeit mit unserer Fabrik umgehen Sie die Aufschl\u00e4ge von Zwischenh\u00e4ndlern und profitieren von einem optimierten Fertigungsprozess, der auf Geschwindigkeit und Pr\u00e4zision ausgelegt ist.<\/p>\n<p><strong>Warum Branchen unsere Kunststoffbearbeitungsdienste vertrauen:<\/strong><\/p>\n<ul>\n<li><strong>Pr\u00e4zisionstechnik:<\/strong> In der Lage, Toleranzen von bis zu <strong>+\/- 0,01 mm<\/strong> bei technischen Kunststoffen zu erreichen.<\/li>\n<li><strong>Schnelle Bearbeitung:<\/strong> Schnelles Prototyping mit Musterlieferung in <strong>3\u20137 Tage<\/strong> zur Beschleunigung Ihrer Markteinf\u00fchrung.<\/li>\n<li><strong>Direkt vom Werk Wert:<\/strong> Wettbewerbsf\u00e4hige Preise sowohl f\u00fcr einzelne Prototypen als auch f\u00fcr Gro\u00dfserienproduktionen ohne Mindestbestellmenge (MOQ).<\/li>\n<li><strong>Materialvielfalt:<\/strong> Fachwissen in der Bearbeitung von allem, von Standard-ABS und Nylon bis hin zu Hochleistungs-PEEK und Ultem.<\/li>\n<\/ul>\n<h2>Branchenspezifische L\u00f6sungen: Wo wir gl\u00e4nzen<\/h2>\n<p><img decoding=\"async\" data-src=\"https:\/\/pub-36eea33d6f1540d281c285671ffb8664.r2.dev\/2026\/02\/14\/Custom_CNC_Plastic_Parts_for_Automation_Medical_nx.webp\" alt=\"Ma\u00dfgeschneiderte CNC-Kunststoffteile f\u00fcr Automatisierung &amp; Medizin\" title=\"\" src=\"data:image\/svg+xml;base64,PHN2ZyB3aWR0aD0iMSIgaGVpZ2h0PSIxIiB4bWxucz0iaHR0cDovL3d3dy53My5vcmcvMjAwMC9zdmciPjwvc3ZnPg==\" class=\"lazyload\"><\/p>\n<p>Wir passen unsere <strong>Ma\u00dfgeschneiderte CNC-Kunststoffbearbeitung f\u00fcr Automatisierungs-, Medizin- und Verpackungsanwendungen<\/strong> an die genauen Standards jeder Branche an. Verschiedene Branchen erfordern spezifische Materialeigenschaften, von extremer Hitzebest\u00e4ndigkeit bis hin zu strenger Lebensmittelsicherheit.<\/p>\n<h3>Automatisierung &amp; Robotik<\/h3>\n<p>Hochgeschwindigkeitsmontagelinien erfordern Komponenten, die konstantem Reibung und Stress standhalten k\u00f6nnen. Wir fertigen langlebige <strong>Automatisierungsverschlei\u00dfteile<\/strong>, einschlie\u00dflich struktureller Komponenten und <strong>Ma\u00dfgeschneiderte Delrin-Zahnr\u00e4der<\/strong>. Mit technischen Kunststoffen wie Nylon (PA6\/PA66) und POM stellen wir sicher, dass Ihre robotischen Systeme eine hohe Betriebszeit aufrechterhalten, mit Teilen, die f\u00fcr Langlebigkeit und Verschlei\u00dffestigkeit ausgelegt sind.<\/p>\n<h3>Medizinische Ger\u00e4te<\/h3>\n<p>Pr\u00e4zision und Reinheit sind in der Gesundheitsversorgung entscheidend. Unsere Anlage ist spezialisiert auf <strong>Medizinische PEEK-Bearbeitung<\/strong> und die Verarbeitung anderer Hochleistungskunststoffe wie PPSU und Ultem (PEI). Wir liefern biokompatible Komponenten f\u00fcr chirurgische Instrumente, Laborausr\u00fcstung und Diagnostikger\u00e4te, unter Einsatz von <strong>5-Achs Kunststoff-CNC-Bearbeitung<\/strong> um die komplexen Geometrien f\u00fcr medizinische Innovationen zu realisieren.<\/p>\n<h3>Verpackungsmaschinen<\/h3>\n<p>F\u00fcr die Lebensmittel- und Getr\u00e4nkeindustrie bieten wir <strong>Lebensmittelsichere Kunststoffkomponenten<\/strong> an, die strengen Hygienevorschriften entsprechen. Wir bearbeiten verschlei\u00dffeste F\u00fchrungen, Sternr\u00e4der und Buchsen aus FDA-konformen Materialien wie UHMWPE und PETP. Unser Ansatz stellt sicher, dass <a href=\"https:\/\/zscncparts.com\/de\/how-cnc-machining-improves-flexibility-of-packaging-equipment-for-dutch-and-german-factories\/\">CNC-Bearbeitung die Flexibilit\u00e4t f\u00fcr Verpackungsanlagen verbessert<\/a>, was schnelle Umr\u00fcstungen und eine konstante Leistung in Hochvolumenproduktionsumgebungen erm\u00f6glicht.<\/p>\n<h2>Materialauswahl: Technische Kunststoffe, die wir bearbeiten<\/h2>\n<p>Die Auswahl des richtigen Polymers ist die Grundlage f\u00fcr eine erfolgreiche <strong>Ma\u00dfgeschneiderte CNC-Kunststoffbearbeitung f\u00fcr Automatisierungs-, Medizin- und Verpackungsanwendungen<\/strong>. Wir arbeiten mit einem umfangreichen Lager an Materialien, um sicherzustellen, dass Ihre Komponenten spezifische thermische, chemische und mechanische Anforderungen erf\u00fcllen. Ob Sie hohe Hitzebest\u00e4ndigkeit f\u00fcr Sterilisationen oder niedrigen Reibungskoeffizienten f\u00fcr F\u00f6rderanlagen ben\u00f6tigen, wir haben den Vorrat und die Expertise, um zu liefern.<\/p>\n<h3>Hochleistungs- und Medizinische Optionen<\/h3>\n<p>F\u00fcr die anspruchsvollsten Anwendungen spezialisieren wir uns auf <strong>Medizinische PEEK-Bearbeitung<\/strong> und andere fortschrittliche Thermoplaste. Materialien wie PEEK, PPS und Ultem (PEI) bieten au\u00dfergew\u00f6hnliche Festigkeit und Biokompatibilit\u00e4t, was sie zum Standard f\u00fcr chirurgische Instrumente und implantierbare Komponenten macht. Wir bearbeiten auch <strong>PTFE-Dichtungen und Isolatoren<\/strong> (Teflon), bekannt f\u00fcr ihre chemische Tr\u00e4gheit und niedrigen Reibungskoeffizienten.<\/p>\n<h3>Standard-Konstruktionswerkstoffe<\/h3>\n<p>F\u00fcr die industrielle Automatisierung und allgemeine Maschinen verwenden wir eine <a href=\"https:\/\/zscncparts.com\/de\/material\/plastic\/\">umfassende Palette an Kunststoffmaterialien<\/a> die auf Haltbarkeit und Kosteneffizienz ausgelegt sind.<\/p>\n<ul>\n<li><strong>Delrin (POM):<\/strong> Ideal f\u00fcr <strong>Ma\u00dfgeschneiderte Delrin-Zahnr\u00e4der<\/strong> und Buchsen aufgrund hoher Steifigkeit und dimensionaler Stabilit\u00e4t.<\/li>\n<li><strong>Nylon (PA6\/PA66):<\/strong> Verwendet f\u00fcr <strong>Industrielle Nylon-Komponenten<\/strong> die hohe Verschlei\u00dffestigkeit und Z\u00e4higkeit erfordern.<\/li>\n<li><strong>Polycarbonat (PC) &amp; Acryl (PMMA):<\/strong> Perfekt f\u00fcr transparente Abdeckungen und <strong>Optische Qualit\u00e4ts-Acrylpolitur<\/strong>.<\/li>\n<li><strong>UHMWPE:<\/strong> Das bevorzugte Material f\u00fcr <strong>Lebensmittelsichere Kunststoffkomponenten<\/strong> und Verschlei\u00dfleisten in Verpackungslinien.<\/li>\n<\/ul>\n<h3>Zertifizierung und R\u00fcckverfolgbarkeit<\/h3>\n<p>In regulierten Branchen ist Materialpr\u00fcfung entscheidend. Wir bieten vollst\u00e4ndige Materialzertifikate und R\u00fcckverfolgbarkeit f\u00fcr all unsere <strong>CNC-Bearbeitung von technischen Kunststoffen<\/strong>. Dies stellt sicher, dass Teile, die f\u00fcr Medizinprodukte oder Lebensmittelverarbeitungsmaschinen bestimmt sind, streng den FDA- und Biokompatibilit\u00e4tsstandards entsprechen, sodass Sie vollst\u00e4ndiges Vertrauen in die Sicherheit und Konformit\u00e4t Ihres Endprodukts haben. Wir richten unsere <a href=\"https:\/\/zscncparts.com\/de\/product\/custom-cnc-machining-services-for-machinery-and-robotics-parts\/\">Bearbeitungsdienstleistungen f\u00fcr Maschinen und Robotik<\/a> mit diesen strengen Materialkontrollen aus, um Qualit\u00e4t vom Rohblock bis zum fertigen Teil zu garantieren.<\/p>\n<h2>Unsere Fertigungskapazit\u00e4ten und Toleranzen<\/h2>\n<p>Bei ZSCNC verbinden wir \u00fcber 20 Jahre Erfahrung mit fortschrittlicher Technologie, um Pr\u00e4zisionsteile zu liefern, die den strengen Standards der Automatisierungs-, Medizin- und Verpackungsindustrie entsprechen. Wir verstehen, dass die Bearbeitung weicher Materialien einen anderen Ansatz erfordert als Metall, wobei der Fokus auf Sp\u00e4nekontrolle und W\u00e4rmemanagement liegt, um die Ma\u00dfhaltigkeit zu gew\u00e4hrleisten.<\/p>\n<p>Unsere Kernfertigungskapazit\u00e4ten umfassen:<\/p>\n<ul>\n<li><strong>5-Achs Kunststoff-CNC-Bearbeitung:<\/strong> Wir nutzen fortschrittliche 3-, 4- und 5-Achs-Fr\u00e4szentren, um komplexe Geometrien und organische Formen herzustellen. Dies ist entscheidend f\u00fcr die Herstellung von komplexen <a href=\"https:\/\/zscncparts.com\/de\/key-requirements-for-cnc-machining-medical-device-components-2\/\">Medizinproduktkomponenten<\/a> und chirurgischen Instrumenten, die eine Mehrseitenbearbeitung ohne Nachspannvorrichtung erfordern.<\/li>\n<li><strong>Pr\u00e4zisions-CNC-Drehservices:<\/strong> Unsere Drehzentren sind optimiert f\u00fcr die Herstellung zylindrischer Teile wie Buchsen, Rollen, Wellen und Schnecken, die h\u00e4ufig in Verpackungsmaschinen und Automatisierungssystemen vorkommen.<\/li>\n<li><strong>Hochpr\u00e4zise Polymerbearbeitung:<\/strong> Das Erreichen enger Toleranzen bei Kunststoffen ist aufgrund von Materialspannungen und Hitze herausfordernd. Wir halten konsequent Toleranzen so eng wie <strong>\u00b10,01mm<\/strong>, um sicherzustellen, dass Ihre ma\u00dfgeschneiderte CNC-Bearbeitung von Kunststoffteilen f\u00fcr Automatisierungs-, Medizin- und Verpackungsanwendungen w\u00e4hrend der Montage perfekt passt.<\/li>\n<\/ul>\n<h2>Qualit\u00e4tssicherung und Oberfl\u00e4chenveredelung<\/h2>\n<p>Die Bearbeitung von Kunststoff erfordert einen anderen Ansatz als Metall, um Verformungen zu vermeiden. Wir priorisieren die strukturelle Integrit\u00e4t durch Stressabbau- und Gl\u00fchprozesse. Dies verhindert Verzug und stellt sicher, dass die Teile ihre Ma\u00dfe auch lange nach dem Verlassen der Maschine beibehalten, insbesondere bei empfindlichen Materialien wie PEEK und Ultem.<\/p>\n<h3>Pr\u00e4zise Oberfl\u00e4chenveredelungsoptionen<\/h3>\n<p>Wir bieten eine breite Palette an Nachbearbeitungstechniken, um funktionale und \u00e4sthetische Anforderungen zu erf\u00fcllen. Das Verst\u00e4ndnis der <a href=\"https:\/\/zscncparts.com\/de\/surface-finish-impactthe-influence-of-surface-roughness-ra-on-the-performance-of-parts\/\">Einflusses der Oberfl\u00e4chenrauheit auf die Teileleistung<\/a> hilft bei der Auswahl des richtigen Finishs f\u00fcr Ihre spezifische Anwendung.<\/p>\n<ul>\n<li><strong>Vapor-Polieren:<\/strong> Ideal f\u00fcr die Erreichung von <strong>Optische Qualit\u00e4ts-Acrylpolitur<\/strong> Klarheit in transparenten Teilen wie Verteiler, Linsen und medizinischen F\u00fchrungen.<\/li>\n<li><strong>Kugelstrahlen:<\/strong> Erzeugt eine einheitliche matte Textur, die Werkzeugspuren auf industriellen Geh\u00e4usen und externen Komponenten verbirgt.<\/li>\n<li><strong>Wie bearbeitet:<\/strong> Ein kosteng\u00fcnstiges Standardfinish mit glatten Werkzeugwegen, geeignet f\u00fcr interne Zahnr\u00e4der und Strukturhalter.<\/li>\n<\/ul>\n<h3>ISO 9001 Zertifizierte Inspektion<\/h3>\n<p>Als engagierter <strong>ISO 9001 Kunststoffwerkstatt<\/strong>, wir validieren jede kritische Dimension. Unser Qualit\u00e4tssicherungsteam verwendet CMM (Koordinatenmessger\u00e4te), um komplexe Geometrien zu \u00fcberpr\u00fcfen und sicherzustellen, dass wir konstant <strong>Hochpr\u00e4zise Polymerbearbeitung<\/strong> Ergebnisse liefern. Wir f\u00fchren eine 100%-Pr\u00fcfung vor dem Versand durch, um sicherzustellen, dass Ihre Teile perfekt in Ihre Automatisierungs-, Medizin- oder Verpackungsanlagen passen.<\/p>\n<h2>Warum Partner bei ZSCNC?<\/h2>\n<p>Die Wahl des richtigen Herstellers ist mehr als nur der Preis; es geht um Zuverl\u00e4ssigkeit und technische Unterst\u00fctzung. Mit \u00fcber 20 Jahren Erfahrung bieten wir <strong>ma\u00dfgeschneiderte CNC-Bearbeitung von Kunststoffteilen f\u00fcr Automatisierung, Medizin und Verpackung<\/strong> direkt von unserer Fabrik. Durch die Eliminierung von Zwischenh\u00e4ndlern bieten wir wettbewerbsf\u00e4hige Fabrikpreise, ohne Kompromisse bei der Qualit\u00e4t f\u00fcr kritische Branchen einzugehen.<\/p>\n<p>So unterst\u00fctzen wir Ihre Lieferkette:<\/p>\n<ul>\n<li><strong>Kostenlose DFM-\u00dcberpr\u00fcfungen:<\/strong> Wir betreiben nicht nur die Maschinen; wir entwickeln L\u00f6sungen. Unser Team analysiert Ihre CAD-Dateien (STEP, IGES, XT), um potenzielle Bearbeitungsprobleme zu erkennen und die Kosten vor Beginn der Produktion zu optimieren.<\/li>\n<li><strong>Skalierbare Produktion:<\/strong> Wir haben <strong>Keine Mindestbestellmenge (MOQ)<\/strong> Anforderungen. Wir unterst\u00fctzen Sie vom ersten Konzept bis hin zur Produktion\u2014wo <a href=\"https:\/\/zscncparts.com\/de\/why-many-medical-device-startups-choose-cnc-machining-for-prototypes\/\">CNC-Bearbeitung f\u00fcr Prototypen<\/a> erm\u00f6glicht eine schnelle Validierung \u2013 bis hin zur Hochvolumen-Massenproduktion.<\/li>\n<li><strong>Geschwindigkeit und Logistik:<\/strong> Zeit ist Geld. Wir bieten schnelle Bearbeitungszeiten mit Musterlieferung in nur <strong>3\u20137 Tage<\/strong>. Unser globales Logistiknetzwerk sorgt f\u00fcr sicheren Versand via DHL, FedEx, UPS oder Seefracht, um Teile rechtzeitig zu Ihrem Standort zu bringen.<\/li>\n<li><strong>Zertifizierte Qualit\u00e4t:<\/strong> Als <strong>ISO 9001 Kunststoffwerkstatt<\/strong>, jedes Teil durchl\u00e4uft eine 100%-Pr\u00fcfung, um sicherzustellen, dass es Ihren genauen Spezifikationen entspricht.<\/li>\n<\/ul>\n<h2>FAQ: Individuelle CNC-Bearbeitung von Kunststoffteilen<\/h2>\n<h3>Wie kontrollieren Sie die thermische Ausdehnung bei Kunststoffen?<\/h3>\n<p>Kunststoffe reagieren anders auf Hitze als Metalle und dehnen sich oft aus oder verziehen sich, wenn sie nicht richtig behandelt werden. Um sicherzustellen <strong>Hochpr\u00e4zise Polymerbearbeitung<\/strong>, dass dies vermieden wird, pflegen wir eine streng temperaturkontrollierte Umgebung in unserem <strong>ISO 9001 Kunststoffwerk<\/strong>. Wir verwenden spezielle Schneidstrategien \u2013 wie hohe Spindeldrehzahlen mit niedrigen Vorschubgeschwindigkeiten und scharfe, polierte Werkzeuge \u2013 um Reibungsw\u00e4rme zu minimieren. F\u00fcr empfindliche Materialien wie PTFE oder gro\u00dfe <strong>Industrielle Nylon-Komponenten<\/strong>, setzen wir auch Spannungsabbau-Gl\u00fchprozesse ein, um die Ma\u00dfstabilit\u00e4t zu garantieren.<\/p>\n<h3>Stellen Sie FDA- lebensmittelsichere Zertifikate aus?<\/h3>\n<p>Ja, wir bieten vollst\u00e4ndige Materialr\u00fcckverfolgbarkeit und Konformit\u00e4tsdokumentation f\u00fcr regulierte Branchen. Ob Sie <strong>Lebensmittelsichere Kunststoffkomponenten<\/strong> f\u00fcr Produktionslinien oder biokompatible Teile f\u00fcr medizinische Ger\u00e4te ben\u00f6tigen, wir liefern die erforderlichen FDA- und RoHS-Zertifikate. Dies ist Standardverfahren f\u00fcr unsere <strong>UHMWPE-Verpackungsteile<\/strong> und <strong>Medizinische PEEK-Bearbeitung<\/strong> Projekte, um sicherzustellen, dass Ihre Produkte strenge Sicherheitsstandards erf\u00fcllen.<\/p>\n<h3>Wie lang ist die Lieferzeit f\u00fcr individuelle Kunststoffprototypen?<\/h3>\n<p>Wir wissen, dass Geschwindigkeit f\u00fcr die Produktentwicklung entscheidend ist. Unser <strong>Schnelle Prototypenentwicklung mit technischen Kunststoffen<\/strong> Service liefert in der Regel funktionale Muster in nur <strong>3\u20137 Tage<\/strong>. Von <strong>Ma\u00dfgeschneiderte Delrin-Zahnr\u00e4der<\/strong> bis hin zu komplexen <strong>5-Achs Kunststoff-CNC-Bearbeitung<\/strong> Projekten bieten wir einen nahtlosen \u00dcbergang vom Prototyp zur Serienproduktion. Unser effizienter Arbeitsablauf unterst\u00fctzt verschiedene Branchen und liefert Pr\u00e4zisionsteile f\u00fcr medizinische Instrumente, Verpackungslinien und sogar <a href=\"https:\/\/zscncparts.com\/de\/custom-cnc-machined-automotive-parts-manufacturer\/\">kundengefertigte CNC-gefertigte Automobilteile<\/a>.<\/p>\n<div id=\"references\" class=\"min-w-0 scroll-mt-8 overflow-hidden\">\n<div class=\"text-[16px]\">\n<h2 id=\"references\" class=\"mb-2 mt-2 scroll-mt-24 font-serif text-[1.714286em] font-semibold border-border-l1 pb-1 border-b overflow-hidden\">Verwandte Quellen<\/h2>\n<\/div>\n<div class=\"flex flex-col gap-2 text-sm leading-relaxed\">\n<div class=\"break-words text-[1em] leading-7\"><a class=\"break-words text-[1em] text-blue-500 hover:underline dark:text-blue-200\" href=\"https:\/\/www.mitsubishi-chemical-group.com\/mc-adv-solutions\/en\/solutions\/industries\/medical.html\" target=\"_blank\" rel=\"noopener noreferrer\">https:\/\/www.mitsubishi-chemical-group.com\/mc-adv-solutions\/en\/solutions\/industries\/medical.html<\/a><\/div>\n<div class=\"break-words text-[1em] leading-7\"><a class=\"break-words text-[1em] text-blue-500 hover:underline dark:text-blue-200\" href=\"https:\/\/www.solvay.com\/en\/brands\/zeniva-peek\" target=\"_blank\" rel=\"noopener noreferrer\">https:\/\/www.solvay.com\/en\/brands\/zeniva-peek<\/a><\/div>\n<div class=\"break-words text-[1em] leading-7\"><\/div>\n<\/div>\n<\/div>","protected":false},"excerpt":{"rendered":"<p>Ma\u00dfgeschneiderte CNC-Bearbeitung von Kunststoffteilen f\u00fcr Automatisierungsmedizin und Verpackung mit ISO 9001-Genauigkeit, schnellem Durchlauf und technischen Kunststoffen<\/p>","protected":false},"featured_media":3629,"comment_status":"open","ping_status":"closed","template":"","meta":{"_monsterinsights_skip_tracking":false,"_monsterinsights_sitenote_active":false,"_monsterinsights_sitenote_note":"","_monsterinsights_sitenote_category":0,"site-sidebar-layout":"default","site-content-layout":"","ast-site-content-layout":"default","site-content-style":"default","site-sidebar-style":"default","ast-global-header-display":"","ast-banner-title-visibility":"","ast-main-header-display":"","ast-hfb-above-header-display":"","ast-hfb-below-header-display":"","ast-hfb-mobile-header-display":"","site-post-title":"","ast-breadcrumbs-content":"","ast-featured-img":"","footer-sml-layout":"","theme-transparent-header-meta":"default","adv-header-id-meta":"","stick-header-meta":"","header-above-stick-meta":"","header-main-stick-meta":"","header-below-stick-meta":"","astra-migrate-meta-layouts":"set","ast-page-background-enabled":"default","ast-page-background-meta":{"desktop":{"background-color":"var(--ast-global-color-5)","background-image":"","background-repeat":"repeat","background-position":"center center","background-size":"auto","background-attachment":"scroll","background-type":"","background-media":"","overlay-type":"","overlay-color":"","overlay-opacity":"","overlay-gradient":""},"tablet":{"background-color":"","background-image":"","background-repeat":"repeat","background-position":"center center","background-size":"auto","background-attachment":"scroll","background-type":"","background-media":"","overlay-type":"","overlay-color":"","overlay-opacity":"","overlay-gradient":""},"mobile":{"background-color":"","background-image":"","background-repeat":"repeat","background-position":"center center","background-size":"auto","background-attachment":"scroll","background-type":"","background-media":"","overlay-type":"","overlay-color":"","overlay-opacity":"","overlay-gradient":""}},"ast-content-background-meta":{"desktop":{"background-color":"var(--ast-global-color-4)","background-image":"","background-repeat":"repeat","background-position":"center center","background-size":"auto","background-attachment":"scroll","background-type":"","background-media":"","overlay-type":"","overlay-color":"","overlay-opacity":"","overlay-gradient":""},"tablet":{"background-color":"var(--ast-global-color-4)","background-image":"","background-repeat":"repeat","background-position":"center center","background-size":"auto","background-attachment":"scroll","background-type":"","background-media":"","overlay-type":"","overlay-color":"","overlay-opacity":"","overlay-gradient":""},"mobile":{"background-color":"var(--ast-global-color-4)","background-image":"","background-repeat":"repeat","background-position":"center center","background-size":"auto","background-attachment":"scroll","background-type":"","background-media":"","overlay-type":"","overlay-color":"","overlay-opacity":"","overlay-gradient":""}}},"product_brand":[],"product_cat":[15,32,31],"product_tag":[],"class_list":{"0":"post-3630","1":"product","2":"type-product","3":"status-publish","4":"has-post-thumbnail","6":"product_cat-cnc-machining","7":"product_cat-5-axis","8":"product_cat-turning","9":"desktop-align-left","10":"tablet-align-left","11":"mobile-align-left","13":"first","14":"instock","15":"shipping-taxable","16":"purchasable","17":"product-type-simple"},"_links":{"self":[{"href":"https:\/\/zscncparts.com\/de\/wp-json\/wp\/v2\/product\/3630","targetHints":{"allow":["GET"]}}],"collection":[{"href":"https:\/\/zscncparts.com\/de\/wp-json\/wp\/v2\/product"}],"about":[{"href":"https:\/\/zscncparts.com\/de\/wp-json\/wp\/v2\/types\/product"}],"replies":[{"embeddable":true,"href":"https:\/\/zscncparts.com\/de\/wp-json\/wp\/v2\/comments?post=3630"}],"wp:featuredmedia":[{"embeddable":true,"href":"https:\/\/zscncparts.com\/de\/wp-json\/wp\/v2\/media\/3629"}],"wp:attachment":[{"href":"https:\/\/zscncparts.com\/de\/wp-json\/wp\/v2\/media?parent=3630"}],"wp:term":[{"taxonomy":"product_brand","embeddable":true,"href":"https:\/\/zscncparts.com\/de\/wp-json\/wp\/v2\/product_brand?post=3630"},{"taxonomy":"product_cat","embeddable":true,"href":"https:\/\/zscncparts.com\/de\/wp-json\/wp\/v2\/product_cat?post=3630"},{"taxonomy":"product_tag","embeddable":true,"href":"https:\/\/zscncparts.com\/de\/wp-json\/wp\/v2\/product_tag?post=3630"}],"curies":[{"name":"wp","href":"https:\/\/api.w.org\/{rel}","templated":true}]}}