{"id":3585,"date":"2026-01-30T09:40:45","date_gmt":"2026-01-30T01:40:45","guid":{"rendered":"https:\/\/zscncparts.com\/?post_type=product&#038;p=3585"},"modified":"2026-01-30T09:56:17","modified_gmt":"2026-01-30T01:56:17","slug":"custom-cnc-machining-for-automation-and-robotics-parts-in-europe","status":"publish","type":"product","link":"https:\/\/zscncparts.com\/de\/product\/custom-cnc-machining-for-automation-and-robotics-parts-in-europe\/","title":{"rendered":"Benutzerdefinierte CNC-Bearbeitung f\u00fcr Robotik-Automatisierungsteile Europa Lieferung"},"content":{"rendered":"<h2>Spezialisierte Bearbeitungsf\u00e4higkeiten f\u00fcr die Robotikbranche<\/h2>\n<p>Bei ZS CNC Parts verstehen wir, dass der Automatisierungssektor absolute Pr\u00e4zision und Zuverl\u00e4ssigkeit erfordert. Wir bieten <strong>Benutzerdefinierte CNC-Bearbeitung f\u00fcr Automatisierungs- und Robotikteile in Europa<\/strong>, Lieferung von Komponenten, die nahtlos in Hochleistungs-Industriesysteme integriert werden. Von Rapid Prototyping bis hin zur Serienproduktion ist unsere Anlage ausgestattet, um die komplexen Geometrien und strengen Toleranzen zu erf\u00fcllen, die moderne Robotik erfordern.<\/p>\n<p>Unsere Kern-Bearbeitungsdienstleistungen f\u00fcr die Automatisierungsbranche umfassen:<\/p>\n<ul>\n<li><strong>5-Achs-CNC-Fr\u00e4sen:<\/strong> Dies ist unerl\u00e4sslich f\u00fcr die Erstellung komplexer Konturen in Roboter-Gelenken und Strukturrahmen. Durch den Einsatz fortschrittlicher <strong>5-Achs-Bearbeitung<\/strong>, k\u00f6nnen wir komplexe Teile mit weniger R\u00fcstvorg\u00e4ngen herstellen, was eine h\u00f6here Genauigkeit und schnellere Durchlaufzeiten f\u00fcr <strong>Roboter-Endeffektor-Herstellung erm\u00f6glicht<\/strong>.<\/li>\n<li><strong>Pr\u00e4zisions-CNC-Drehen:<\/strong> Wir fertigen kritische Rotationskomponenten wie Antriebswellen, Stifte und Motorengeh\u00e4use. Unser <strong>enge Toleranz-CNC-Drehen<\/strong> garantiert hohe Rundlaufgenauigkeit und Oberfl\u00e4chenqualit\u00e4t, die f\u00fcr den reibungslosen Betrieb von Robotikantriebssystemen entscheidend sind.<\/li>\n<li><strong>Hochpr\u00e4zise &amp; Mikro-Bearbeitung:<\/strong> F\u00fcr Miniaturzahnr\u00e4der, Sensorengeh\u00e4use und empfindliche interne Mechanismen erreichen wir Toleranzen bis zu <strong>\u00b10,005mm<\/strong>. Diese Pr\u00e4zision unterst\u00fctzt die anspruchsvollen Anforderungen von <strong>industriellen Automatisierungskomponenten<\/strong>, um eine zuverl\u00e4ssige Leistung in anspruchsvollen Umgebungen zu gew\u00e4hrleisten.<\/li>\n<\/ul>\n<h2>Kritische Anwendungen &amp; Gemeinsame Komponenten<\/h2>\n<p>In der schnelllebigen Welt der industriellen Automatisierung h\u00e4ngt die Zuverl\u00e4ssigkeit eines Systems von der Pr\u00e4zision seiner einzelnen Teile ab. Wir unterst\u00fctzen Hersteller, indem wir liefern <strong>industriellen Automatisierungskomponenten<\/strong> die strenge betriebliche Anforderungen erf\u00fcllen. Von Schwerlast-Logistikrobotern bis hin zu empfindlichen Montage-Cobots decken unsere CNC-F\u00e4higkeiten das gesamte Spektrum der Roboterhardware ab.<\/p>\n<h3>Roboterarme &amp; Chassis-Strukturteile<\/h3>\n<p>Die strukturelle Integrit\u00e4t ist entscheidend f\u00fcr die Leistung des Roboters. Wir spezialisieren uns auf <strong>kundenspezifische Roboterchassis-Fertigung<\/strong> und Armverbindungen, die Haltbarkeit mit Beweglichkeit ausbalancieren. Durch die Verwendung hochfester Legierungen stellen wir sicher, dass das Rahmenwerk wiederholtem Stress ohne Verformung standh\u00e4lt. Unsere <a href=\"https:\/\/zscncparts.com\/de\/product\/custom-aluminum-cnc-machined-parts\/\">kundenspezifische Aluminium-CNC-gefr\u00e4ste Teile<\/a> sind ideal, um das Gesamtgewicht des Roboters zu reduzieren, was schnellere Beschleunigung und verbesserte Energieeffizienz erm\u00f6glicht.<\/p>\n<h3>Endeffektoren (EOAT) Greifer und Werkzeugwechsler<\/h3>\n<p>Das gesch\u00e4ftliche Ende eines jeden Roboters erfordert h\u00f6chste Pr\u00e4zision. Wir bieten <strong>Roboter-Endeffektor-Herstellung erm\u00f6glicht<\/strong> f\u00fcr Greifer, Sauggreifplatten und automatische Werkzeugwechsler an. Diese Komponenten verf\u00fcgen oft \u00fcber komplexe Konturen, um spezifische Produktformen zu passen, was eine 5-Achs-Fr\u00e4sbearbeitung erfordert, um einen perfekten Griff jedes Mal zu gew\u00e4hrleisten.<\/p>\n<h3>Antriebssystemgeh\u00e4use und Motorhalterungen<\/h3>\n<p>Um die Positionierungsgenauigkeit zu erhalten, m\u00fcssen Antriebskomponenten sicher untergebracht werden. Wir bearbeiten <strong>harmonische Getriebegeh\u00e4use<\/strong> und Motorhalterungen mit engen Toleranzen, um Fehlstellungen zu verhindern. Die richtige Bearbeitung stellt sicher, dass Zahnr\u00e4der und Motoren reibungslos laufen, den Verschlei\u00df reduzieren und die Wartungsintervalle der Automatisierungszelle verl\u00e4ngern.<\/p>\n<h3>Sensoren &amp; Vision-Geh\u00e4use<\/h3>\n<p>Der Schutz der \u201eAugen\u201c des Roboters ist entscheidend. Wir fertigen robuste Geh\u00e4use f\u00fcr LiDAR, Kameras und N\u00e4herungssensoren. Diese Geh\u00e4use werden maschinell bearbeitet, um empfindliche Elektronik vor Staub, Fl\u00fcssigkeiten und St\u00f6\u00dfen zu sch\u00fctzen, w\u00e4hrend sie pr\u00e4zise Befestigungspunkte f\u00fcr Kalibrierungen bieten.<\/p>\n<h2>Materialauswahl f\u00fcr Leistung und Beweglichkeit<\/h2>\n<p>Die Auswahl des richtigen Rohmaterials ist entscheidend, um die Geschwindigkeit, Nutzlast und Lebensdauer automatisierter Systeme zu optimieren. Wenn wir liefern <strong>kundenspezifische CNC-Bearbeitung f\u00fcr Automatisierungs- und Robotikteile in Europa<\/strong>, wir konzentrieren uns auf die Balance zwischen Gewichtsreduzierung und struktureller Integrit\u00e4t. Wir lagern eine breite Palette an industrietauglichen Materialien, um die spezifischen technischen Anforderungen europ\u00e4ischer Automatisierungsstandards zu erf\u00fcllen.<\/p>\n<ul>\n<li><strong>Leichtes Aluminium:<\/strong> Um Tr\u00e4gheit in Hochgeschwindigkeits-Roboterarmen und Br\u00fccken zu reduzieren, verwenden wir umfangreich <a href=\"https:\/\/zscncparts.com\/de\/material\/metal\/aluminum\/\">Aluminiumlegierungen<\/a> wie <strong>6061-T6<\/strong> und <strong>7075-T6<\/strong>. Diese Materialien bieten das notwendige Verh\u00e4ltnis von Festigkeit zu Gewicht f\u00fcr <strong>Aluminium 7075 Robotikteile<\/strong>, was schnellere Zykluszeiten und geringeren Energieverbrauch erm\u00f6glicht.<\/li>\n<li><strong>Hochfeste Hartmetalle:<\/strong> F\u00fcr Antriebswellen, Zahnr\u00e4der und Tragstrukturen unter hoher Belastung bearbeiten wir langlebige Metalle, einschlie\u00dflich <strong>Edelstahl<\/strong> (304\/316) und <strong>Titan Grad 5<\/strong>. Unsere <a href=\"https:\/\/zscncparts.com\/de\/material\/metal\/titanium\/\">Titanbearbeitungskapazit\u00e4ten<\/a> erm\u00f6glichen es uns, <strong>CNC-Bearbeitung luftfahrttauglicher<\/strong> Komponenten herzustellen, die extremen Belastungen und Korrosion standhalten.<\/li>\n<li><strong>Ingenieurkunststoffe:<\/strong> F\u00fcr Anwendungen, die elektrische Isolierung oder niedrigen Reibungswiderstand erfordern, verwenden wir fortschrittliche Polymere. Wir sind spezialisiert auf <strong>POM\/Delrin-bearbeitete Teile<\/strong> f\u00fcr reibungsarme Buchsen und <strong>PEEK<\/strong> f\u00fcr Komponenten, die hohen Temperaturen und Chemikalien ausgesetzt sind.<\/li>\n<\/ul>\n<h2>Technische Spezifikationen &amp; Toleranzen<\/h2>\n<p>In der risikoreichen Welt der Automatisierung kann schon eine mikroskopische Abweichung zu Systemausf\u00e4llen f\u00fchren. Wir agieren als ein <strong>ISO 9001 zertifizierter Maschinenbaubetrieb<\/strong>, um sicherzustellen, dass jede Komponente, die wir liefern, strengen internationalen Standards entspricht. Unsere Anlage ist ausgestattet, um <strong>enge Toleranz-CNC-Drehen<\/strong> und Fr\u00e4sen, erreicht routinem\u00e4\u00dfig Pr\u00e4zisionsniveaus bis zu <strong>\u00b10,005mm<\/strong>. Dieses Ma\u00df an Genauigkeit ist entscheidend f\u00fcr Komponenten wie Hohlwellengeh\u00e4use und Hochgeschwindigkeits-Roboter-Gelenke, bei denen Passform und Funktion nicht verhandelbar sind.<\/p>\n<p>Um die Tiefe unserer Pr\u00e4zisionsf\u00e4higkeiten zu verstehen, k\u00f6nnen Sie unsere Analyse zu <a href=\"https:\/\/zscncparts.com\/de\/cnc-machining-accuracy-standards-analysis-of-industrialgrade-cnc-machining-accuracy-standards-how-to-achieve-a-perfect-tolerance-of-0005mm\/\">industriellen CNC-Bearbeitungsstandards verwenden<\/a>.<\/p>\n<h3>Oberfl\u00e4chenveredelung f\u00fcr Haltbarkeit und \u00c4sthetik<\/h3>\n<p>\u00dcber die Geometrie hinaus bestimmt die Oberfl\u00e4chenbeschaffenheit die Langlebigkeit und Leistung Ihrer Teile. Wir bieten eine vollst\u00e4ndige Palette an Veredelungsdienstleistungen, die auf <strong>industriellen Automatisierungskomponenten<\/strong>:<\/p>\n<ul>\n<li><strong>Anodisieren (Typ II &amp; III):<\/strong> Erzeugt langlebige <strong>anodisierte Aluminiumkomponenten<\/strong> die Korrosion und Verschlei\u00df widerstehen, perfekt f\u00fcr exponierte Roboterarme und Chassis.<\/li>\n<li><strong>Nickel-Beschichtung ohne Elektromagnet:<\/strong> deposiert eine gleichm\u00e4\u00dfige Dicke auf komplexen Formen und bietet hohe H\u00e4rte und Gleitf\u00e4higkeit f\u00fcr interne Zahnr\u00e4der und Gleitmechanismen.<\/li>\n<li><strong>Kugelstrahlen:<\/strong> Entfernt Bearbeitungsspuren, um eine einheitliche matte Textur zu erzeugen, reduziert Blendung f\u00fcr Bildverarbeitungssysteme und verbessert den Griff an Endeffektoren.<\/li>\n<\/ul>\n<h3>Kurze Spezifikationsreferenz<\/h3>\n<table>\n<thead>\n<tr>\n<th style=\"text-align: left;\">Spezifikation<\/th>\n<th style=\"text-align: left;\">Standardf\u00e4higkeit<\/th>\n<th style=\"text-align: left;\">Roboteranwendung<\/th>\n<\/tr>\n<\/thead>\n<tbody>\n<tr>\n<td style=\"text-align: left;\"><strong>Pr\u00e4zisions-Toleranz<\/strong><\/td>\n<td style=\"text-align: left;\">\u00b10,005mm \u2013 \u00b10,01mm<\/td>\n<td style=\"text-align: left;\">Lagerpassungen, Sensorbefestigungen und Antriebswellen.<\/td>\n<\/tr>\n<tr>\n<td style=\"text-align: left;\"><strong>Oberfl\u00e4chenrauheit<\/strong><\/td>\n<td style=\"text-align: left;\">Ra 0,8 \u2013 Ra 1,6 (Standard)<\/td>\n<td style=\"text-align: left;\">Sanfter Betrieb f\u00fcr bewegliche Baugruppen.<\/td>\n<\/tr>\n<tr>\n<td style=\"text-align: left;\"><strong>Inspektion<\/strong><\/td>\n<td style=\"text-align: left;\">CMM- &amp; Optische Messung<\/td>\n<td style=\"text-align: left;\">\u00dcberpr\u00fcfte Genauigkeit bei komplexen Geometrien.<\/td>\n<\/tr>\n<tr>\n<td style=\"text-align: left;\"><strong>Einhaltung<\/strong><\/td>\n<td style=\"text-align: left;\">RoHS \/ REACH Bereitschaft<\/td>\n<td style=\"text-align: left;\">Geeignet f\u00fcr die Anforderungen des europ\u00e4ischen Marktes.<\/td>\n<\/tr>\n<\/tbody>\n<\/table>\n<h2>Dienstleistung f\u00fcr den europ\u00e4ischen Markt: Logistik &amp; Qualit\u00e4t<\/h2>\n<p><img decoding=\"async\" data-src=\"https:\/\/pub-36eea33d6f1540d281c285671ffb8664.r2.dev\/2026\/01\/30\/Custom_CNC_machining_Europe_automation_parts_iOwYY.webp\" alt=\"Ma\u00dfgeschneiderte CNC-Bearbeitung Europa Automatisierungs-Teile\" title=\"\" src=\"data:image\/svg+xml;base64,PHN2ZyB3aWR0aD0iMSIgaGVpZ2h0PSIxIiB4bWxucz0iaHR0cDovL3d3dy53My5vcmcvMjAwMC9zdmciPjwvc3ZnPg==\" class=\"lazyload\"><\/p>\n<p>Wir verstehen, dass europ\u00e4ische Automatisierungsingenieure Zuverl\u00e4ssigkeit und Pr\u00e4zision ohne Kompromisse fordern. Als <strong>ISO 9001 zertifizierter Maschinenbaubetrieb<\/strong>, setzen wir strenge Qualit\u00e4tsmanagementsysteme in unserer gesamten Produktionsst\u00e4tte um. Jedes Bauteil, von komplexen Robotergelenken bis zu Antriebsh\u00e4usern, durchl\u00e4uft eine umfassende \u00dcberpr\u00fcfung mit fortschrittlichen Koordinatenmessmaschinen (CMM), um Toleranzen bis zu \u00b10,005mm zu garantieren.<\/p>\n<h3>Optimierte Logistik und DDP-Versand<\/h3>\n<p>Beschaffung <strong>Benutzerdefinierte CNC-Bearbeitung f\u00fcr Automatisierungs- und Robotikteile in Europa<\/strong> sollte keine logistischen Kopfschmerzen verursachen. Wir vereinfachen die Lieferkette durch die Angebotserstellung von <strong>DDP (Delivered Duty Paid)<\/strong> Versandoptionen. Das bedeutet, dass wir die Einfuhrz\u00f6lle und die Zollabfertigung \u00fcbernehmen und Teile direkt an Ihr Lager oder Ihre Montagelinie in Deutschland, Frankreich, Italien oder \u00fcberall auf dem Kontinent liefern.<\/p>\n<h3>Schnelle Abwicklung f\u00fcr Prototypen und Produktion<\/h3>\n<p>Geschwindigkeit ist entscheidend bei der Entwicklung neuer Roboterdesigns. Wir unterst\u00fctzen Ihren Zeitplan mit:<\/p>\n<ul>\n<li><strong>Schnelle Angebote:<\/strong> Detaillierte Kostenanalyse innerhalb von 24 Stunden.<\/li>\n<li><strong>Schnelles Prototyping:<\/strong> Schnelle Fertigung zur Validierung von Designs vor der Massenproduktion.<\/li>\n<li><strong>Skalierbare Produktion:<\/strong> Nahtloser \u00dcbergang von Einzelst\u00fccken zu Gro\u00dfserien.<\/li>\n<\/ul>\n<p>Um Ihnen bei der besseren Planung zu helfen, teilen wir auch Strategien, um <a href=\"https:\/\/zscncparts.com\/de\/speed-up-cnc-lead-times-5-practical-tips-for-reducing-the-delivery-time-of-cnc-components\/\">Reduzierung der Lieferzeit f\u00fcr CNC-Komponenten<\/a>, damit Ihre Automatisierungsprojekte im Zeitplan bleiben.<\/p>\n<h2>Warum ZSCNC f\u00fcr Ihre Automatisierungsprojekte w\u00e4hlen?<\/h2>\n<p>Beschaffung <strong>Benutzerdefinierte CNC-Bearbeitung f\u00fcr Automatisierungs- und Robotikteile in Europa<\/strong> ben\u00f6tigt einen Partner, der sowohl Pr\u00e4zisionsengineering als auch Logistik versteht. Bei ZSCNC agieren wir als Erweiterung Ihres Engineering-Teams, nicht nur als Lieferant. Wir kombinieren fortschrittliche Bearbeitungskapazit\u00e4ten mit einem tiefen Verst\u00e4ndnis der strengen Standards des europ\u00e4ischen Automatisierungssektors.<\/p>\n<p>Wir legen Priorit\u00e4t auf <strong>Design for Manufacturing (DfM)<\/strong> Bewertungen bei jedem Projekt. Bevor die Produktion beginnt, analysieren unsere Ingenieure Ihre Entw\u00fcrfe, um Optimierungen vorzuschlagen, die Kosten senken und die Funktionalit\u00e4t verbessern. Dieser proaktive Ansatz verhindert Verz\u00f6gerungen und stellt sicher, dass Ihre <strong>industriellen Automatisierungskomponenten<\/strong> genau wie vorgesehen funktionieren. Unser transparenter <a href=\"https:\/\/zscncparts.com\/de\/about-us\/manufacturing-process\/\">Fertigungsprozess<\/a> stellt sicher, dass Sie volle Transparenz vom ersten Angebot bis zur Endkontrolle haben.<\/p>\n<h3>Skalierbarkeit und Kosteneffizienz<\/h3>\n<p>Wir unterst\u00fctzen Ihr Projekt in jeder Phase seines Lebenszyklus. Ob Sie <strong>schnelles Prototyping f\u00fcr Robotik<\/strong> ben\u00f6tigen, um ein Konzept zu validieren, oder in <strong>Niedrigvolumen-CNC-Produktion<\/strong> f\u00fcr einen Markteintritt, skaliert unsere Einrichtung, um Ihre Nachfrage zu decken. Als <strong>ISO 9001 zertifizierter Maschinenbaubetrieb<\/strong>, bieten wir werkseigene Preise, eliminieren Zwischenh\u00e4ndleraufschl\u00e4ge und gew\u00e4hrleisten gleichzeitig Qualit\u00e4t auf Luft- und Raumfahrtniveau.<\/p>\n<p><strong>Der ZSCNC-Vorteil:<\/strong><\/p>\n<table>\n<thead>\n<tr>\n<th style=\"text-align: left;\">Merkmal<\/th>\n<th style=\"text-align: left;\">Vorteile f\u00fcr Automatisierungsingenieure<\/th>\n<\/tr>\n<\/thead>\n<tbody>\n<tr>\n<td style=\"text-align: left;\"><strong>DfM-Unterst\u00fctzung<\/strong><\/td>\n<td style=\"text-align: left;\">Erkennt Designfehler fr\u00fchzeitig, um kostspielige Nacharbeit zu vermeiden.<\/td>\n<\/tr>\n<tr>\n<td style=\"text-align: left;\"><strong>Flexible Skalierbarkeit<\/strong><\/td>\n<td style=\"text-align: left;\">Nahtloser \u00dcbergang von einzelnen Prototypen zur Serienproduktion.<\/td>\n<\/tr>\n<tr>\n<td style=\"text-align: left;\"><strong>Direkt vom Hersteller<\/strong><\/td>\n<td style=\"text-align: left;\">Wettbewerbsf\u00e4hige Preise f\u00fcr hochpr\u00e4zise Teile ohne Handelsgeb\u00fchren.<\/td>\n<\/tr>\n<tr>\n<td style=\"text-align: left;\"><strong>Qualit\u00e4tskontrolle<\/strong><\/td>\n<td style=\"text-align: left;\">100% Inspektion, die sicherstellt, dass Teile perfekt in Ihre robotischen Baugruppen passen.<\/td>\n<\/tr>\n<\/tbody>\n<\/table>\n<h2>H\u00e4ufig gestellte Fragen (FAQ)<\/h2>\n<h3>K\u00f6nnen Sie enge Toleranzen f\u00fcr robotische Getriebeh\u00e4user einhalten?<\/h3>\n<p>Ja, die Einhaltung strenger Ma\u00dfgenauigkeit steht im Mittelpunkt unseres <strong>Pr\u00e4zisions-CNC-Fr\u00e4sdienstleistungen<\/strong>. Wir erreichen routinem\u00e4\u00dfig Toleranzen von bis zu <strong>\u00b10,005mm<\/strong>, was f\u00fcr <strong>Harmonic-Drive-Geh\u00e4usebearbeitung<\/strong> und andere Hochleistungs-Getriebekomponenten entscheidend ist. Unser nach ISO 9001:2015 zertifizierter Qualit\u00e4tskontrollprozess stellt sicher, dass jedes Getriebegeh\u00e4use die genauen Spezifikationen f\u00fcr einen reibungslosen, spielarmen Betrieb in der industriellen Automatisierung erf\u00fcllt.<\/p>\n<h3>Bieten Sie Montageleistungen f\u00fcr mehrteilige robotische Komponenten an?<\/h3>\n<p>Wir konzentrieren uns haupts\u00e4chlich auf die Herstellung hochpr\u00e4ziser <strong>industriellen Automatisierungskomponenten<\/strong> die sofort einsatzbereit sind. W\u00e4hrend unser Kerngesch\u00e4ft in der Bearbeitung und Oberfl\u00e4chenveredelung liegt, stellen wir sicher, dass alle Passteile\u2014wie <strong>Roboterarme &amp; Chassis<\/strong> oder komplexe Gelenkbaugruppen\u2014mit der f\u00fcr eine nahtlose Montage in Ihrer Einrichtung erforderlichen Konsistenz produziert werden. F\u00fcr spezielle Projekte, die Unterbaugruppen oder das Einsetzen von Inserts (wie Helicoils) erfordern, sprechen Sie bitte Ihre Anforderungen w\u00e4hrend der DfM-\u00dcberpr\u00fcfung mit unserem Engineering-Team ab.<\/p>\n<h3>Wie schnell k\u00f6nnen Sie in bestimmte europ\u00e4ische L\u00e4nder versenden?<\/h3>\n<p>Wir verstehen, dass Geschwindigkeit bei <strong>schnelles Prototyping f\u00fcr Robotik<\/strong>entscheidend ist. Wir erstellen Angebote innerhalb von 24 Stunden und bieten Expressversandoptionen f\u00fcr wichtige europ\u00e4ische M\u00e4rkte, einschlie\u00dflich Deutschland, Frankreich, Italien und Gro\u00dfbritannien. Durch die Nutzung zuverl\u00e4ssiger internationaler Logistikpartner stellen wir sicher, dass Ihre <strong>ma\u00dfgeschneiderten CNC-Bearbeitungsdiensten f\u00fcr Maschinen- und Robotikteile<\/strong> sicher und termingerecht ankommt, egal ob Sie ein einzelnes Prototyp oder eine Kleinserienproduktion ben\u00f6tigen.<\/p>\n<h3>Welche Dateiformate akzeptieren Sie f\u00fcr Angebote?<\/h3>\n<p>Um das genaueste Angebot und Feedback zur DfM zu erhalten, empfehlen wir den Versand von 3D-CAD-Dateien in <strong>STEP (.stp\/.step)<\/strong>, <strong>IGES (.igs)<\/strong>, oder <strong>X_T (Parasolid)<\/strong> Formate. F\u00fcr Teile, die spezielle Gewinde, Toleranzen oder Oberfl\u00e4chenfinishs (wie Eloxieren) erfordern, f\u00fcgen Sie bitte auch eine 2D-PDF-Zeichnung bei. Dies stellt sicher, dass unsere Ingenieure alle notwendigen Daten haben, um unsere <strong>5-Achs-Bearbeitung<\/strong> Zentren korrekt f\u00fcr Ihre komplexen Geometrien zu programmieren.<\/p>\n<div id=\"references\" class=\"min-w-0 scroll-mt-8 overflow-hidden\">\n<div class=\"text-[16px]\">\n<h2 id=\"references\" class=\"mb-2 mt-2 scroll-mt-24 font-serif text-[1.714286em] font-semibold border-border-l1 pb-1 border-b overflow-hidden\">Verwandte Quellen<\/h2>\n<\/div>\n<div class=\"flex flex-col gap-2 text-sm leading-relaxed\">\n<div class=\"break-words text-[1em] leading-7\"><a class=\"break-words text-[1em] text-blue-500 hover:underline dark:text-blue-200\" href=\"https:\/\/www.fictiv.com\/articles\/machining-for-robotics-applications\" target=\"_blank\" rel=\"noopener noreferrer\">https:\/\/www.fictiv.com\/articles\/machining-for-robotics-applications<\/a><\/div>\n<div class=\"break-words text-[1em] leading-7\"><\/div>\n<\/div>\n<\/div>","protected":false},"excerpt":{"rendered":"<p>Benutzerdefinierte CNC-Bearbeitung f\u00fcr Automatisierungs- und Robotikteile in Europa mit Pr\u00e4zisions-Toleranzen, schneller Lieferung und ISO 9001-Zertifizierung<\/p>","protected":false},"featured_media":3584,"comment_status":"open","ping_status":"closed","template":"","meta":{"_monsterinsights_skip_tracking":false,"_monsterinsights_sitenote_active":false,"_monsterinsights_sitenote_note":"","_monsterinsights_sitenote_category":0,"site-sidebar-layout":"default","site-content-layout":"","ast-site-content-layout":"default","site-content-style":"default","site-sidebar-style":"default","ast-global-header-display":"","ast-banner-title-visibility":"","ast-main-header-display":"","ast-hfb-above-header-display":"","ast-hfb-below-header-display":"","ast-hfb-mobile-header-display":"","site-post-title":"","ast-breadcrumbs-content":"","ast-featured-img":"","footer-sml-layout":"","theme-transparent-header-meta":"default","adv-header-id-meta":"","stick-header-meta":"","header-above-stick-meta":"","header-main-stick-meta":"","header-below-stick-meta":"","astra-migrate-meta-layouts":"set","ast-page-background-enabled":"default","ast-page-background-meta":{"desktop":{"background-color":"var(--ast-global-color-5)","background-image":"","background-repeat":"repeat","background-position":"center center","background-size":"auto","background-attachment":"scroll","background-type":"","background-media":"","overlay-type":"","overlay-color":"","overlay-opacity":"","overlay-gradient":""},"tablet":{"background-color":"","background-image":"","background-repeat":"repeat","background-position":"center center","background-size":"auto","background-attachment":"scroll","background-type":"","background-media":"","overlay-type":"","overlay-color":"","overlay-opacity":"","overlay-gradient":""},"mobile":{"background-color":"","background-image":"","background-repeat":"repeat","background-position":"center center","background-size":"auto","background-attachment":"scroll","background-type":"","background-media":"","overlay-type":"","overlay-color":"","overlay-opacity":"","overlay-gradient":""}},"ast-content-background-meta":{"desktop":{"background-color":"var(--ast-global-color-4)","background-image":"","background-repeat":"repeat","background-position":"center center","background-size":"auto","background-attachment":"scroll","background-type":"","background-media":"","overlay-type":"","overlay-color":"","overlay-opacity":"","overlay-gradient":""},"tablet":{"background-color":"var(--ast-global-color-4)","background-image":"","background-repeat":"repeat","background-position":"center center","background-size":"auto","background-attachment":"scroll","background-type":"","background-media":"","overlay-type":"","overlay-color":"","overlay-opacity":"","overlay-gradient":""},"mobile":{"background-color":"var(--ast-global-color-4)","background-image":"","background-repeat":"repeat","background-position":"center center","background-size":"auto","background-attachment":"scroll","background-type":"","background-media":"","overlay-type":"","overlay-color":"","overlay-opacity":"","overlay-gradient":""}}},"product_brand":[],"product_cat":[15],"product_tag":[],"class_list":{"0":"post-3585","1":"product","2":"type-product","3":"status-publish","4":"has-post-thumbnail","6":"product_cat-cnc-machining","7":"desktop-align-left","8":"tablet-align-left","9":"mobile-align-left","11":"first","12":"instock","13":"shipping-taxable","14":"purchasable","15":"product-type-simple"},"_links":{"self":[{"href":"https:\/\/zscncparts.com\/de\/wp-json\/wp\/v2\/product\/3585","targetHints":{"allow":["GET"]}}],"collection":[{"href":"https:\/\/zscncparts.com\/de\/wp-json\/wp\/v2\/product"}],"about":[{"href":"https:\/\/zscncparts.com\/de\/wp-json\/wp\/v2\/types\/product"}],"replies":[{"embeddable":true,"href":"https:\/\/zscncparts.com\/de\/wp-json\/wp\/v2\/comments?post=3585"}],"wp:featuredmedia":[{"embeddable":true,"href":"https:\/\/zscncparts.com\/de\/wp-json\/wp\/v2\/media\/3584"}],"wp:attachment":[{"href":"https:\/\/zscncparts.com\/de\/wp-json\/wp\/v2\/media?parent=3585"}],"wp:term":[{"taxonomy":"product_brand","embeddable":true,"href":"https:\/\/zscncparts.com\/de\/wp-json\/wp\/v2\/product_brand?post=3585"},{"taxonomy":"product_cat","embeddable":true,"href":"https:\/\/zscncparts.com\/de\/wp-json\/wp\/v2\/product_cat?post=3585"},{"taxonomy":"product_tag","embeddable":true,"href":"https:\/\/zscncparts.com\/de\/wp-json\/wp\/v2\/product_tag?post=3585"}],"curies":[{"name":"wp","href":"https:\/\/api.w.org\/{rel}","templated":true}]}}