{"id":3526,"date":"2026-01-21T15:17:09","date_gmt":"2026-01-21T07:17:09","guid":{"rendered":"https:\/\/zscncparts.com\/?post_type=product&#038;p=3526"},"modified":"2026-01-21T15:21:17","modified_gmt":"2026-01-21T07:21:17","slug":"precision-cnc-machining-services-for-tighttolerance-parts-in-europe","status":"publish","type":"product","link":"https:\/\/zscncparts.com\/de\/product\/precision-cnc-machining-services-for-tighttolerance-parts-in-europe\/","title":{"rendered":"Pr\u00e4zise CNC-Bearbeitungsdienstleistungen f\u00fcr enge Toleranzteile in Deutschland"},"content":{"rendered":"<h2>Ingenieurtechnische Exzellenz f\u00fcr kritische Komponenten<\/h2>\n<p>Bei ZSCNC definieren wir unsere <strong>Pr\u00e4zise CNC-Bearbeitungsdienstleistungen f\u00fcr enge\u2011Toleranzteile in Europa<\/strong> durch unsere F\u00e4higkeit, komplexe Geometrien auszuf\u00fchren, die Standard-Bearbeitungsbetriebe einfach nicht bew\u00e4ltigen k\u00f6nnen. Wenn Fertigl\u00f6sungen den strengen Konstruktionsspezifikationen nicht gerecht werden, greift unser Ingenieurteam ein, um Komponenten mit Mikron-Genauigkeit zu liefern. Wir spezialisieren uns darauf, die L\u00fccke zwischen Standardfertigung und den Hochleistungsanforderungen der europ\u00e4ischen Luft- und Raumfahrt, Medizin- und Automatisierungssektoren zu \u00fcberbr\u00fccken.<\/p>\n<p>Unsere globale Infrastruktur ist so optimiert, dass sie strikt den europ\u00e4ischen Fertigungsstandards entspricht, einschlie\u00dflich ISO- und DIN-Spezifikationen. Durch die Kombination fortschrittlicher 5-Achs-Bearbeitungszentren mit strenger Qualit\u00e4tskontrolle stellen wir sicher, dass jedes Teil die geometrischen Abmessungs- und Toleranzanforderungen (GD&amp;T) Ihrer CAD-Dateien erf\u00fcllt. Wir bieten europ\u00e4ischen OEMs einen strategischen Vorteil: <strong>Schweizer Pr\u00e4zision<\/strong> zu einem wettbewerbsf\u00e4higen Preis, sodass Kosteneffizienz niemals auf Kosten von Genauigkeit oder Zuverl\u00e4ssigkeit geht.<\/p>\n<h2>Fortschrittliche Bearbeitungsf\u00e4higkeiten f\u00fcr komplexe Geometrien<\/h2>\n<p>Wenn die Standard-3-Achs-Bearbeitung an ihre Grenzen st\u00f6\u00dft, <strong>Pr\u00e4zise CNC-Bearbeitungsdienstleistungen f\u00fcr enge\u2011Toleranzteile in Europa<\/strong> greifen wir ein, um die L\u00fccke zu schlie\u00dfen. Wir schneiden nicht nur Metall; wir entwickeln L\u00f6sungen f\u00fcr <strong>Multi-Achs-Komplexgeometrien<\/strong> die absolute Perfektion erfordern. Unsere Anlage ist ausgestattet, um Hochmengen- und Kleinserienfertigung sowie Gro\u00dfserien f\u00fcr die anspruchsvollsten Branchen durchzuf\u00fchren.<\/p>\n<h3>Multi-Achs-Fr\u00e4s- und Drehl\u00f6sungen<\/h3>\n<p>Wir nutzen fortschrittliche <strong>5-Achs-CNC-Fr\u00e4szentren<\/strong> um komplexe Komponenten wie Luft- und Raumfahrt-Impeller und orthop\u00e4dische Implantate in einer einzigen Einrichtung herzustellen. Dies reduziert Handhabungsfehler und sorgt f\u00fcr \u00fcberlegene Oberfl\u00e4chenfinishs. F\u00fcr zylindrische Teile, die sekund\u00e4re Fr\u00e4smerkmale erfordern, erm\u00f6glicht unser <strong>CNC-Drehen mit Live-Tools<\/strong> kombinierte Operationen. Dieser Ansatz garantiert Konzentriertheit und reduziert die Durchlaufzeiten erheblich, indem das Umsetzen der Teile zwischen Maschinen entf\u00e4llt.<\/p>\n<h3>Schweizer Pr\u00e4zision f\u00fcr Mikro-Genauigkeit<\/h3>\n<p>F\u00fcr die ultra-kleinen Komponenten, die h\u00e4ufig in der europ\u00e4ischen Uhren- und Medizinbranche ben\u00f6tigt werden, unsere <strong>Ma\u00dfgeschneiderte Schweizer Drehteile<\/strong> und <strong>Mikrobearbeitungsdienstleistungen<\/strong> bieten unvergleichliche Genauigkeit. Wir verstehen die Anforderungen in diesen Branchen; es ist genau <a href=\"https:\/\/zscncparts.com\/de\/why-many-medical-device-startups-choose-cnc-machining-for-prototypes\/\">warum viele Startups im Bereich medizinischer Ger\u00e4te CNC-Bearbeitung f\u00fcr Prototypen w\u00e4hlen<\/a> um ihre kritischen Designs vor der Serienproduktion zu validieren.<\/p>\n<h3>Technische Spezifikationen &amp; Toleranzen<\/h3>\n<p>Wir wahren strenge <strong>Ma\u00dfhaltigkeit und Oberfl\u00e4chenfinish-Kontrolle<\/strong> um DIN- und ISO-Standards zu entsprechen. Ob Sie spezifische <a href=\"https:\/\/zscncparts.com\/de\/aluminum-cnc-machining-tolerances-for-packaging-and-automation-equipment-in-germany\/\">Aluminium-CNC-Bearbeitungs-Toleranzen f\u00fcr Verpackungs- und Automatisierungsger\u00e4te in Deutschland ben\u00f6tigen<\/a> oder enge Toleranzen f\u00fcr Schweizer Instrumentierung, unsere F\u00e4higkeiten sind durch Daten verifiziert.<\/p>\n<p><strong>\u00dcberblick \u00fcber die Bearbeitungsf\u00e4higkeiten:<\/strong><\/p>\n<table>\n<thead>\n<tr>\n<th style=\"text-align: left;\">Merkmal<\/th>\n<th style=\"text-align: left;\">Spezifikation<\/th>\n<\/tr>\n<\/thead>\n<tbody>\n<tr>\n<td style=\"text-align: left;\"><strong>Standardtoleranz<\/strong><\/td>\n<td style=\"text-align: left;\">\u00b10,01mm (ISO 2768-m)<\/td>\n<\/tr>\n<tr>\n<td style=\"text-align: left;\"><strong>Enge Toleranz<\/strong><\/td>\n<td style=\"text-align: left;\"><strong>\u00b10,005mm<\/strong> (Auf Anfrage &amp; geometrieabh\u00e4ngig)<\/td>\n<\/tr>\n<tr>\n<td style=\"text-align: left;\"><strong>Unterst\u00fctzte Dateiformate<\/strong><\/td>\n<td style=\"text-align: left;\">STEP (.stp), IGES (.igs), Parasolid (.x_t), DXF<\/td>\n<\/tr>\n<tr>\n<td style=\"text-align: left;\"><strong>Maximale Bauteilgr\u00f6\u00dfen<\/strong><\/td>\n<td style=\"text-align: left;\">Fr\u00e4sen: bis zu 800mm x 500mm; Drehen: \u00d8300mm<\/td>\n<\/tr>\n<tr>\n<td style=\"text-align: left;\"><strong>Mikrobearbeitung<\/strong><\/td>\n<td style=\"text-align: left;\">Teile bis zu \u00d80,5mm via Schweizer Drehmaschinen<\/td>\n<\/tr>\n<\/tbody>\n<\/table>\n<p>Wir akzeptieren alle g\u00e4ngigen CAD-Formate, um den <strong>DFM-Analyse<\/strong> Prozess zu optimieren, sodass Ihre Dateien sofort nach dem Hochladen auf unseren Servern f\u00fcr die Produktion bereit sind.<\/p>\n<h2>Zertifizierte Materialien f\u00fcr anspruchsvolle Anwendungen<\/h2>\n<p>F\u00fcr unsere europ\u00e4ischen Partner ist Materialr\u00fcckverfolgbarkeit unverhandelbar. Wir stellen sicher, dass jede von uns hergestellte Komponente den strengen Branchenstandards entspricht und die L\u00fccke zwischen globaler Fertigung und lokaler Compliance schlie\u00dft. Wir bieten vollst\u00e4ndige <strong>Werkstoffpr\u00fcfberichte (MTR)<\/strong> und <strong>Konformit\u00e4tszertifikate (CoC)<\/strong> auf Anfrage an, um zu best\u00e4tigen, dass die chemischen und physikalischen Eigenschaften Ihrer Rohstoffe perfekt mit Ihren Spezifikationen \u00fcbereinstimmen.<\/p>\n<h3>Hochwertige Metalloptionen<\/h3>\n<p>Wir lagern und bearbeiten eine vielf\u00e4ltige Auswahl an Metallen, die f\u00fcr Branchen von Automobil bis Medizintechnik geeignet sind. Unsere F\u00e4higkeiten umfassen:<\/p>\n<ul>\n<li><strong>Aluminium:<\/strong> Wir bearbeiten umfangreich <strong>6061<\/strong> und <strong>7075<\/strong> Legierungen und bieten ein ausgezeichnetes Verh\u00e4ltnis von Festigkeit zu Gewicht f\u00fcr Luft- und Raumfahrt sowie Tragwerksbauteile.<\/li>\n<li><strong>Edelstahl:<\/strong> F\u00fcr Anwendungen, die \u00fcberlegene Korrosionsbest\u00e4ndigkeit und Hygiene erfordern, wie Lebensmittelverarbeitung oder medizinische Ger\u00e4te, bieten wir pr\u00e4zise <a href=\"https:\/\/zscncparts.com\/de\/material\/metal\/stainless-steel\/\">Edelstahlschneidarbeiten<\/a> f\u00fcr Sorten wie 304 und 316.<\/li>\n<li><strong>Spezialmetalle:<\/strong> Unsere Anlage ist ausgestattet, um <strong>Titan<\/strong> f\u00fcr Hochleistungsanforderungen zu verarbeiten, sowie <strong>Messing<\/strong> und <strong>Kupfer<\/strong> f\u00fcr elektrische und dekorative Komponenten.<\/li>\n<\/ul>\n<h3>Fertigung von technischen Kunststoffen<\/h3>\n<p>Wenn Metall nicht die richtige Wahl ist, liefern wir pr\u00e4zise gefertigte Kunststoffkomponenten aus Hochleistungspolymeren mit engen Toleranzen. Wir spezialisieren uns auf Materialien, die w\u00e4hrend des Fertigungsprozesses ihre Dimensionsstabilit\u00e4t behalten:<\/p>\n<ul>\n<li><strong>PEEK:<\/strong> Wir bieten <a href=\"https:\/\/zscncparts.com\/de\/material\/plastic\/peek\/\">kundenspezifische PEEK-Bearbeitung<\/a> f\u00fcr Teile, die hohe thermische und chemische Best\u00e4ndigkeit erfordern, h\u00e4ufig verwendet in medizinischen Implantaten und Luft- und Raumfahrtverbindungen.<\/li>\n<li><strong>POM (Delrin):<\/strong> Ein bevorzugtes Material f\u00fcr Pr\u00e4zisionszahnr\u00e4der und steife mechanische Teile aufgrund seiner hervorragenden Bearbeitbarkeit.<\/li>\n<li><strong>Weitere technische Kunststoffe:<\/strong> Unsere F\u00e4higkeiten erstrecken sich auf <strong>PTFE<\/strong>, <strong>Nylon<\/strong>, <strong>ABS<\/strong>, und <strong>Polycarbonat (PC)<\/strong>, sodass wir die spezifischen Anforderungen an Reibung, Verschlei\u00df und Sto\u00dffestigkeit Ihres Projekts erf\u00fcllen k\u00f6nnen.<\/li>\n<\/ul>\n<h2>Strenge Qualit\u00e4tskontrolle: \u00dcberpr\u00fcfte Genauigkeit<\/h2>\n<p>Bei der Bereitstellung <strong>pr\u00e4ziser CNC-Bearbeitungsdienstleistungen f\u00fcr enge Toleranzteile in Deutschland<\/strong>, wissen wir, dass Genauigkeit unverhandelbar ist. Vertrauen basiert auf Daten, nicht nur auf Versprechen. Als <strong>ISO 9001:2015-zertifizierter Hersteller<\/strong>haben wir Qualit\u00e4tssicherung in jede Produktionsphase integriert, um sicherzustellen, dass die Teile, die Sie erhalten, bis auf den Mikrometer mit Ihren CAD-Dateien \u00fcbereinstimmen.<\/p>\n<h3>Echtzeit\u00fcberwachung und CMM-\u00dcberpr\u00fcfung<\/h3>\n<p>Qualit\u00e4tskontrolle wartet nicht bis zum Ende. Wir verwenden strenge In-Prozess-Inspektionsprotokolle, um kritische Ma\u00dfe zu \u00fcberwachen, w\u00e4hrend das Teil noch auf der Maschine ist. So k\u00f6nnen wir potenzielle Abweichungen sofort erkennen.<\/p>\n<p>F\u00fcr komplexe Geometrien und <strong>Toleranzgenauen CNC-Bearbeitungsdienstleistungen<\/strong>, verlassen wir uns auf fortschrittliche Koordinatenmessmaschinen (CMM). Diese Ger\u00e4te erm\u00f6glichen es uns, zu \u00fcberpr\u00fcfen <strong>Geometrische Tolerierung und Ma\u00dfkontrolle (GD&amp;T)<\/strong>, wobei Konzentricit\u00e4t, Ebenheit und Parallelit\u00e4t den strengen Anforderungen der Luft- und Raumfahrt sowie medizinischen Anwendungen entsprechen. Das Verst\u00e4ndnis der Nuancen von <a href=\"https:\/\/zscncparts.com\/de\/aluminum-cnc-machining-tolerances-for-automation-and-packaging-equipment\/\">Aluminium CNC-Bearbeitungstoleranzen<\/a> hilft uns, unsere Pr\u00fcfprozesse zu kalibrieren, um zu garantieren <strong>Ma\u00dfhaltigkeit und Oberfl\u00e4chenfinish-Kontrolle<\/strong> f\u00fcr jede Charge.<\/p>\n<h3>Dokumentation f\u00fcr europ\u00e4ische Konformit\u00e4t<\/h3>\n<p>Wir verstehen, dass f\u00fcr unsere Partner in Deutschland, der Schweiz und im Vereinigten K\u00f6nigreich die Papierarbeit oft genauso kritisch ist wie die Hardware. Wir gew\u00e4hrleisten vollst\u00e4ndige R\u00fcckverfolgbarkeit und Transparenz bei jeder Lieferung.<\/p>\n<ul>\n<li><strong>Erstst\u00fcckpr\u00fcfung (FAI):<\/strong> Wir stellen detaillierte FAI-Berichte bereit, um zu \u00fcberpr\u00fcfen, ob das erste Teil perfekt mit der Zeichnung \u00fcbereinstimmt, bevor die Serienproduktion beginnt.<\/li>\n<li><strong>CMM-Pr\u00fcfberichte:<\/strong> Umfassende Daten, die best\u00e4tigen, dass kritische Merkmale erf\u00fcllen <strong>Pr\u00fcfberichte f\u00fcr EU-Qualit\u00e4tsanforderungen<\/strong>.<\/li>\n<li><strong>Materialzertifikate:<\/strong> Vollst\u00e4ndige R\u00fcckverfolgbarkeit mit Mill-Testberichten (MTR) und Konformit\u00e4tszertifikaten (CoC).<\/li>\n<\/ul>\n<p>Durch die Einhaltung von AS9100- und ISO-Standards schlie\u00dfen wir die L\u00fccke zwischen globalen Herstellungskosten und den strengen Qualit\u00e4tsanforderungen des europ\u00e4ischen Marktes.<\/p>\n<h2>Komplette Oberfl\u00e4chenbearbeitungsdienste<\/h2>\n<p><img decoding=\"async\" data-src=\"https:\/\/pub-36eea33d6f1540d281c285671ffb8664.r2.dev\/2026\/01\/21\/Precision_CNC_machining_and_finishing_Europe_NuszN.webp\" alt=\"Pr\u00e4zise CNC-Bearbeitung und Oberfl\u00e4chenveredelung in Europa\" title=\"\" src=\"data:image\/svg+xml;base64,PHN2ZyB3aWR0aD0iMSIgaGVpZ2h0PSIxIiB4bWxucz0iaHR0cDovL3d3dy53My5vcmcvMjAwMC9zdmciPjwvc3ZnPg==\" class=\"lazyload\"><\/p>\n<p>Wir bieten ein umfassendes One-Stop-Shop-Erlebnis, um sicherzustellen, dass Ihre Komponenten vollst\u00e4ndig fertiggestellt und sofort einsatzbereit geliefert werden. Das Liefern <strong>pr\u00e4ziser CNC-Bearbeitungsdienstleistungen f\u00fcr enge Toleranzteile in Deutschland<\/strong> bedeutet, \u00fcber das Schneiden von Metall hinauszugehen; es erfordert die Beherrschung der finalen Oberfl\u00e4chen\u00e4sthetik und funktionalen Eigenschaften. Wir wahren strenge <strong>Ma\u00dfhaltigkeit und Oberfl\u00e4chenfinish-Kontrolle<\/strong> w\u00e4hrend der Nachbearbeitung, um sicherzustellen, dass die Beschichtungstiefen die endg\u00fcltige Geometrie des Teils nicht beeintr\u00e4chtigen.<\/p>\n<p>Unsere Oberfl\u00e4chenveredelungsf\u00e4higkeiten umfassen:<\/p>\n<ul>\n<li><strong>Anodisieren (Typ II &amp; III):<\/strong> Erh\u00f6ht die Korrosionsbest\u00e4ndigkeit und Oberfl\u00e4chenh\u00e4rte. Dies ist eine Standardanforderung f\u00fcr viele unserer <a href=\"https:\/\/zscncparts.com\/de\/product\/cnc-machining-services-for-automotive-aluminum-parts-in-germany\/\">CNC-Bearbeitungsdienstleistungen f\u00fcr Automobil-Aluminiumteile in Deutschland<\/a>, die sowohl Schutz als auch \u00e4sthetischen Reiz bietet.<\/li>\n<li><strong>Passivierung &amp; Elektropolieren:<\/strong> Unverzichtbar f\u00fcr medizinische und lebensmittelgerechte Anwendungen, bei denen Oberfl\u00e4chen-Eisen aus Edelstahl entfernt wird, um Rost zu verhindern und die Sterilit\u00e4t zu verbessern.<\/li>\n<li><strong>Pulverbeschichtung &amp; Kugelstrahlen:<\/strong> Erzielt ein gleichm\u00e4\u00dfiges, langlebiges mattes Finish. Wir k\u00f6nnen spezifische Texturanforderungen umsetzen, einschlie\u00dflich einer feinen <strong>Oberfl\u00e4chenrauheit Ra 0,4<\/strong> f\u00fcr hochpr\u00e4zise optische oder mechanische Schnittstellen.<\/li>\n<li><strong>W\u00e4rmebehandlung:<\/strong> Verbessert die Materialfestigkeit und H\u00e4rte f\u00fcr anspruchsvolle industrielle Umgebungen.<\/li>\n<li><strong>Lasergravur:<\/strong> Bietet dauerhafte Kennzeichnung von Teilen f\u00fcr R\u00fcckverfolgbarkeit, Logos und Seriennummern.<\/li>\n<\/ul>\n<h2>St\u00e4rkung europ\u00e4ischer Innovationen<\/h2>\n<p>Wir unterst\u00fctzen Ingenieurteams in ganz Europa durch die Lieferung <strong>pr\u00e4ziser CNC-Bearbeitungsdienstleistungen f\u00fcr enge Toleranzteile in Deutschland<\/strong>. Unsere Fertigungskapazit\u00e4ten entsprechen den strengen Anforderungen lokaler Industrien, sodass Ihre Komponenten, egal ob in Stuttgart oder Toulouse, genau den Spezifikationen entsprechen, ohne Kompromisse.<\/p>\n<ul>\n<li><strong>Automobil-Exzellenz:<\/strong> Wir liefern Hochleistungs-Motorenkomponenten und Sensorgeh\u00e4use f\u00fcr den deutschen und italienischen Markt und gew\u00e4hrleisten die strenge Ma\u00dfgenauigkeit, die f\u00fcr Hochgeschwindigkeitsanwendungen erforderlich ist.<\/li>\n<li><strong>Medizinische Pr\u00e4zision:<\/strong> F\u00fcr Innovationszentren wie Deutschland und Irland sind wir spezialisiert auf <a href=\"https:\/\/zscncparts.com\/de\/key-requirements-for-cnc-machining-medical-device-components-2\/\">Herstellung von medizinischen Ger\u00e4tekomponenten<\/a>, die chirurgische Instrumente und Implantate aus biokompatiblen Materialien wie PEEK und Titan produzieren.<\/li>\n<li><strong>Luft- und Raumfahrtzuverl\u00e4ssigkeit:<\/strong> Wir unterst\u00fctzen die Luft- und Raumfahrtbranche in Deutschland und Gro\u00dfbritannien mit leichten Drohnenteilen und Strukturhalterungen. Unser <a href=\"https:\/\/zscncparts.com\/de\/product\/aerospace-turning-parts\/\">Flugzeugdrehteile<\/a> sind so konzipiert, dass sie extremen Bedingungen standhalten und gleichzeitig das Gewicht minimieren.<\/li>\n<li><strong>Robotik &amp; Automatisierung:<\/strong> Von ma\u00dfgeschneiderten Endeffektoren bis hin zu Pr\u00e4zisionszahnr\u00e4dern fr\u00e4sen wir komplexe Geometrien, die die Automatisierung vorantreiben.<\/li>\n<\/ul>\n<h2>Nahtlose globale Logistik und Versand nach Europa<\/h2>\n<p>Entfernung sollte Ihren Projektzeitplan niemals beeintr\u00e4chtigen. Wir \u00fcberbr\u00fccken die geografische Distanz durch robuste Logistikl\u00f6sungen, die die Beschaffung <strong>pr\u00e4ziser CNC-Bearbeitungsdienstleistungen f\u00fcr enge Toleranzteile in Deutschland<\/strong> so einfach machen wie die Zusammenarbeit mit einem lokalen Betrieb. Unsere etablierte Partnerschaft mit gro\u00dfen internationalen Kurieren stellt sicher, dass Ihre hochpr\u00e4zisen Komponenten schnell von unserer Fabrik zu Ihrer gelangen.<\/p>\n<p>Wir bedienen die spezifischen Bed\u00fcrfnisse europ\u00e4ischer Ingenieure und Einkaufsleiter durch flexible Versandmodelle:<\/p>\n<ul>\n<li><strong>Express-Luftlieferung:<\/strong> Ideal f\u00fcr <strong>schnelles Prototyping f\u00fcr den EU-Markt<\/strong> Anforderungen. Wir nutzen DHL, FedEx und UPS, um Teile in nur <strong>3\u20135 Tagen<\/strong>zu liefern, sodass Ihre F&amp;E-Zyklen ungest\u00f6rt bleiben.<\/li>\n<li><strong>Kosteng\u00fcnstiger Seefrachtversand:<\/strong> F\u00fcr Hochvolumen-Produktionsl\u00e4ufe bieten wir wirtschaftliche Seefrachtoptionen, die die Gesamtkosten erheblich senken, ohne die Sicherheit zu beeintr\u00e4chtigen.<\/li>\n<li><strong>DDP-Services (Geliefert verzollt):<\/strong> Um den Importprozess zu vereinfachen, \u00fcbernehmen wir alle Zollabfertigungen, Z\u00f6lle und Steuern. Das bedeutet, dass Sie eine nahtlose T\u00fcr-zu-T\u00fcr-Erfahrung ohne administrative Kopfschmerzen erhalten.<\/li>\n<\/ul>\n<h3>Vereinfachter Bestellprozess<\/h3>\n<p>Das Herstellen und Versenden Ihrer Teile erfolgt \u00fcber einen einfachen, transparenten Workflow, der auf Effizienz ausgelegt ist:<\/p>\n<ol>\n<li><strong>CAD-Upload:<\/strong> Reichen Sie Ihre 3D-Dateien (STEP, IGES, X_T) \u00fcber unser sicheres Portal ein.<\/li>\n<li><strong>DFM &amp; Angebot:<\/strong> Erhalten Sie ein umfassendes Angebot und kostenloses Feedback zum Design for Manufacturing innerhalb von 24 Stunden.<\/li>\n<li><strong>Produktion &amp; Qualit\u00e4tssicherung:<\/strong> Wir fertigen Ihre Teile und f\u00fchren strenge <strong>CMM-Pr\u00fcfberichte<\/strong> durch, um die Genauigkeit zu \u00fcberpr\u00fcfen, bevor sie das Werk verlassen.<\/li>\n<li><strong>Lieferung:<\/strong> Wir verpacken Ihre Komponenten sicher und versenden sie direkt an Ihren Standort, wobei wir <a href=\"https:\/\/zscncparts.com\/de\/product\/custom-cnc-machining-supplier-for-automotive-parts-in-netherlands-and-belgium\/\">ma\u00dfgeschneiderte CNC-Bearbeitungslieferungen f\u00fcr Automobilteile in Deutschland und Belgien<\/a> und \u00fcber den Kontinent hinweg unterst\u00fctzen.<\/li>\n<\/ol>\n<p>Als ein vertrauensw\u00fcrdiger <a href=\"https:\/\/zscncparts.com\/de\/product\/china-custom-cnc-machining-supplier-for-overseas-buyers\/\">China ma\u00dfgeschneiderter CNC-Bearbeitungsanbieter f\u00fcr \u00dcbersee-K\u00e4ufer<\/a>, stellen wir sicher, dass jeder Schritt, vom Dateiupload bis zur Endlieferung, auf Geschwindigkeit, Zuverl\u00e4ssigkeit und Einhaltung europ\u00e4ischer Standards optimiert ist.<\/p>\n<h2>H\u00e4ufig gestellte Fragen<\/h2>\n<h3>Wie stellen Sie sicher, dass meine Teile den europ\u00e4ischen Toleranzstandards entsprechen?<\/h3>\n<p>Wir agieren als <strong>ISO 9001:2015-zertifizierter Hersteller<\/strong>, was bedeutet, dass unsere Qualit\u00e4tsmanagementsysteme streng und standardisiert sind. Um zu liefern <strong>pr\u00e4ziser CNC-Bearbeitungsdienstleistungen f\u00fcr enge Toleranzteile in Deutschland<\/strong>, verwenden wir fortschrittliche 3-, 4- und 5-Achs-CNC-Zentren, die Toleranzen von bis zu <strong>\u00b10,005mm<\/strong>einhalten k\u00f6nnen. Jedes Bauteil durchl\u00e4uft eine strenge Prozess\u00fcberwachung und abschlie\u00dfende \u00dcberpr\u00fcfung mit CMM-Ger\u00e4ten, um sicherzustellen, dass es Ihren genauen CAD-Spezifikationen entspricht, bevor es das Werk verl\u00e4sst.<\/p>\n<h3>K\u00f6nnen Sie DIN- oder ISO-spezifische Materialklassen bearbeiten?<\/h3>\n<p>Ja, wir beziehen eine Vielzahl von Metallen und Kunststoffen, die internationalen Standards entsprechen. Ob Ihr Projekt Standard-Aluminiumlegierungen, technische Kunststoffe oder Hochleistungs- <a href=\"https:\/\/zscncparts.com\/de\/material\/metal\/titanium\/\">Titanmaterialien<\/a>erfordert, wir passen die Materialzusammensetzung an Ihre spezifischen DIN- oder ISO-Anforderungen an. Wir \u00fcberpr\u00fcfen die Rohstoffe bei Ankunft, um sicherzustellen, dass sie die erforderlichen mechanischen und chemischen Eigenschaften f\u00fcr Ihre Anwendung erf\u00fcllen.<\/p>\n<h3>Wie hoch ist die Lieferzeit f\u00fcr den Versand nach Deutschland, Gro\u00dfbritannien oder Frankreich?<\/h3>\n<p>Wir verstehen die Notwendigkeit von Geschwindigkeit in Forschung &amp; Entwicklung sowie Produktion. Unsere Standardlieferzeiten f\u00fcr die Bearbeitung betragen in der Regel <strong>3\u20137 Tage<\/strong>. Nach Abschluss der Produktion verwenden wir etablierte internationale Logistikpartner, um direkt an europ\u00e4ische Ziele zu versenden. Express-Luftversandoptionen erm\u00f6glichen es in der Regel, dass Teile innerhalb von <strong>3\u20135 Werktagen<\/strong>, um sicherzustellen, dass Ihr Projekt im Zeitplan bleibt.<\/p>\n<h3>Stellen Sie Materialzertifikate und Inspektionsberichte bereit?<\/h3>\n<p>Transparenz ist der Schl\u00fcssel zu unserem Prozess. Wir stellen vollst\u00e4ndige Dokumentation zur Unterst\u00fctzung Ihrer Compliance-Anforderungen bereit, einschlie\u00dflich <strong>Pr\u00fcfberichte f\u00fcr EU-Qualit\u00e4tsanforderungen<\/strong>, Materialpr\u00fcfberichte (MTR) und Konformit\u00e4tszertifikate (CoC). Wenn Ihr Projekt einen Erstmustertestbericht (FAI) erfordert, k\u00f6nnen wir diesen hinzuf\u00fcgen, um die Ma\u00dfgenauigkeit und Oberfl\u00e4chenqualit\u00e4t zu \u00fcberpr\u00fcfen.<\/p>\n<div id=\"references\" class=\"min-w-0 scroll-mt-8 overflow-hidden\">\n<div class=\"text-[16px]\">\n<h2 id=\"references\" class=\"mb-2 mt-2 scroll-mt-24 font-serif text-[1.714286em] font-semibold border-border-l1 pb-1 border-b overflow-hidden\">Verwandte Quellen<\/h2>\n<\/div>\n<div class=\"flex flex-col gap-2 text-sm leading-relaxed\">\n<div class=\"break-words text-[1em] leading-7\"><a class=\"break-words text-[1em] text-blue-500 hover:underline dark:text-blue-200\" href=\"https:\/\/www.hastelloy.com\/products\/alloys\" target=\"_blank\" rel=\"noopener noreferrer\">https:\/\/www.hastelloy.com\/products\/alloys<\/a><\/div>\n<div class=\"break-words text-[1em] leading-7\"><a class=\"break-words text-[1em] text-blue-500 hover:underline dark:text-blue-200\" href=\"https:\/\/www.mmsonline.com\/articles\/what-is-swiss-type-machining\" target=\"_blank\" rel=\"noopener noreferrer\">https:\/\/www.mmsonline.com\/articles\/what-is-swiss-type-machining<\/a><\/div>\n<\/div>\n<\/div>","protected":false},"excerpt":{"rendered":"<p>Pr\u00e4zise CNC-Bearbeitungsdienstleistungen f\u00fcr enge Toleranzteile in Deutschland mit ISO-zertifizierter Genauigkeit, 5-Achsen-F\u00e4higkeit und schneller Lieferung f\u00fcr kritische Komponenten<\/p>","protected":false},"featured_media":3525,"comment_status":"open","ping_status":"closed","template":"","meta":{"_monsterinsights_skip_tracking":false,"_monsterinsights_sitenote_active":false,"_monsterinsights_sitenote_note":"","_monsterinsights_sitenote_category":0,"site-sidebar-layout":"default","site-content-layout":"","ast-site-content-layout":"default","site-content-style":"default","site-sidebar-style":"default","ast-global-header-display":"","ast-banner-title-visibility":"","ast-main-header-display":"","ast-hfb-above-header-display":"","ast-hfb-below-header-display":"","ast-hfb-mobile-header-display":"","site-post-title":"","ast-breadcrumbs-content":"","ast-featured-img":"","footer-sml-layout":"","theme-transparent-header-meta":"default","adv-header-id-meta":"","stick-header-meta":"","header-above-stick-meta":"","header-main-stick-meta":"","header-below-stick-meta":"","astra-migrate-meta-layouts":"set","ast-page-background-enabled":"default","ast-page-background-meta":{"desktop":{"background-color":"var(--ast-global-color-5)","background-image":"","background-repeat":"repeat","background-position":"center center","background-size":"auto","background-attachment":"scroll","background-type":"","background-media":"","overlay-type":"","overlay-color":"","overlay-opacity":"","overlay-gradient":""},"tablet":{"background-color":"","background-image":"","background-repeat":"repeat","background-position":"center center","background-size":"auto","background-attachment":"scroll","background-type":"","background-media":"","overlay-type":"","overlay-color":"","overlay-opacity":"","overlay-gradient":""},"mobile":{"background-color":"","background-image":"","background-repeat":"repeat","background-position":"center center","background-size":"auto","background-attachment":"scroll","background-type":"","background-media":"","overlay-type":"","overlay-color":"","overlay-opacity":"","overlay-gradient":""}},"ast-content-background-meta":{"desktop":{"background-color":"var(--ast-global-color-4)","background-image":"","background-repeat":"repeat","background-position":"center center","background-size":"auto","background-attachment":"scroll","background-type":"","background-media":"","overlay-type":"","overlay-color":"","overlay-opacity":"","overlay-gradient":""},"tablet":{"background-color":"var(--ast-global-color-4)","background-image":"","background-repeat":"repeat","background-position":"center center","background-size":"auto","background-attachment":"scroll","background-type":"","background-media":"","overlay-type":"","overlay-color":"","overlay-opacity":"","overlay-gradient":""},"mobile":{"background-color":"var(--ast-global-color-4)","background-image":"","background-repeat":"repeat","background-position":"center center","background-size":"auto","background-attachment":"scroll","background-type":"","background-media":"","overlay-type":"","overlay-color":"","overlay-opacity":"","overlay-gradient":""}}},"product_brand":[],"product_cat":[15,32,31],"product_tag":[],"class_list":{"0":"post-3526","1":"product","2":"type-product","3":"status-publish","4":"has-post-thumbnail","6":"product_cat-cnc-machining","7":"product_cat-5-axis","8":"product_cat-turning","9":"desktop-align-left","10":"tablet-align-left","11":"mobile-align-left","13":"first","14":"instock","15":"shipping-taxable","16":"purchasable","17":"product-type-simple"},"_links":{"self":[{"href":"https:\/\/zscncparts.com\/de\/wp-json\/wp\/v2\/product\/3526","targetHints":{"allow":["GET"]}}],"collection":[{"href":"https:\/\/zscncparts.com\/de\/wp-json\/wp\/v2\/product"}],"about":[{"href":"https:\/\/zscncparts.com\/de\/wp-json\/wp\/v2\/types\/product"}],"replies":[{"embeddable":true,"href":"https:\/\/zscncparts.com\/de\/wp-json\/wp\/v2\/comments?post=3526"}],"wp:featuredmedia":[{"embeddable":true,"href":"https:\/\/zscncparts.com\/de\/wp-json\/wp\/v2\/media\/3525"}],"wp:attachment":[{"href":"https:\/\/zscncparts.com\/de\/wp-json\/wp\/v2\/media?parent=3526"}],"wp:term":[{"taxonomy":"product_brand","embeddable":true,"href":"https:\/\/zscncparts.com\/de\/wp-json\/wp\/v2\/product_brand?post=3526"},{"taxonomy":"product_cat","embeddable":true,"href":"https:\/\/zscncparts.com\/de\/wp-json\/wp\/v2\/product_cat?post=3526"},{"taxonomy":"product_tag","embeddable":true,"href":"https:\/\/zscncparts.com\/de\/wp-json\/wp\/v2\/product_tag?post=3526"}],"curies":[{"name":"wp","href":"https:\/\/api.w.org\/{rel}","templated":true}]}}