{"id":3182,"date":"2025-12-10T10:00:52","date_gmt":"2025-12-10T02:00:52","guid":{"rendered":"https:\/\/zscncparts.com\/?page_id=3182"},"modified":"2025-12-10T10:00:54","modified_gmt":"2025-12-10T02:00:54","slug":"privacy-policy","status":"publish","type":"page","link":"https:\/\/zscncparts.com\/de\/privacy-policy\/","title":{"rendered":"Datenschutzrichtlinie"},"content":{"rendered":"<h2 class=\"wp-block-heading\"><strong>Datenschutzrichtlinie<\/strong><\/h2>\n\n\n\n<p><strong>Zuletzt aktualisiert: November<\/strong> <strong>2025<\/strong><\/p>\n\n\n\n<p>Diese Datenschutzerkl\u00e4rung erkl\u00e4rt, wie <strong>Shanghai Zhansong Industrial Co., Ltd.<\/strong> \u201eZhansong Industrial\u201c, \u201ewir\u201c, \u201euns\u201c oder \u201eunser\u201c pers\u00f6nliche Informationen von Personen (\u201eNutzer\u201c, \u201eSie\u201c, \u201eIhr\u201c) sammelt, verwendet, speichert und sch\u00fctzt, die unsere Website besuchen, mit uns kommunizieren, Angebote anfordern, Bestellungen aufgeben oder anderweitig mit unseren Produkten und Dienstleistungen interagieren, einschlie\u00dflich Pr\u00e4zisions-CNC-Bearbeitung und verwandter industrieller L\u00f6sungen.<\/p>\n\n\n\n<p>Wir verpflichten uns, Ihre pers\u00f6nlichen Daten zu sch\u00fctzen und verantwortungsvoll im Einklang mit geltenden Datenschutzgesetzen zu behandeln.<\/p>\n\n\n\n<p>Wenn Sie Fragen zu dieser Datenschutzerkl\u00e4rung haben oder Ihre Datenrechte aus\u00fcben m\u00f6chten, kontaktieren Sie uns bitte unter:<br><strong>E-Mail:<\/strong> <a>JMJG_SZ@163.com<\/a><br><strong>Telefon:<\/strong> +86-15062453593<\/p>\n\n\n\n<p>Unsere Dienste sind nicht f\u00fcr Kinder unter 16 Jahren bestimmt, und wir sammeln wissentlich keine personenbezogenen Daten von Minderj\u00e4hrigen.<\/p>\n\n\n\n<hr class=\"wp-block-separator has-alpha-channel-opacity\"\/>\n\n\n\n<h2 class=\"wp-block-heading\"><strong>1. Was sind personenbezogene Daten?<\/strong><\/h2>\n\n\n\n<p>\u201ePersonenbezogene Daten\u201c beziehen sich auf alle Informationen, die eine Person identifizieren oder identifizieren k\u00f6nnen. Beispiele sind Namen, E-Mail-Adressen, Telefonnummern, Identifikationsdaten, Standortinformationen, IP-Adressen und \u00e4hnliche Details.<br>Dies kann auch \u201esensible personenbezogene Daten\u201c umfassen, wie Gesundheitsinformationen, biometrische Kennzeichen oder andere gesetzlich gesch\u00fctzte Kategorien. Wir sammeln keine sensiblen Daten absichtlich, es sei denn, dies ist erforderlich und ausdr\u00fccklich erlaubt.<\/p>\n\n\n\n<hr class=\"wp-block-separator has-alpha-channel-opacity\"\/>\n\n\n\n<h2 class=\"wp-block-heading\"><strong>2. Welche Informationen wir sammeln<\/strong><\/h2>\n\n\n\n<p>Wir k\u00f6nnen die folgenden Kategorien personenbezogener Daten erfassen:<\/p>\n\n\n\n<h3 class=\"wp-block-heading\"><strong>a. Informationen, die Sie direkt bereitstellen<\/strong><\/h3>\n\n\n\n<p>Sie k\u00f6nnen freiwillig personenbezogene Daten angeben, wenn Sie:<\/p>\n\n\n\n<ul class=\"wp-block-list\">\n<li>Ein Angebot anfordern oder eine Bestellung aufgeben<\/li>\n\n\n\n<li>Zeichnungen, technische Dokumente oder Projektanforderungen einreichen<\/li>\n\n\n\n<li>Webformular ausf\u00fcllen<\/li>\n\n\n\n<li>Uns per E-Mail, Telefon oder Messaging-Plattformen kontaktieren<\/li>\n\n\n\n<li>Newsletter oder Marketingmitteilungen abonnieren<\/li>\n\n\n\n<li>Sich um eine Stelle bewerben<\/li>\n\n\n\n<li>Unsere Einrichtungen besuchen oder bei Ausstellungen oder Messen mit uns interagieren<\/li>\n<\/ul>\n\n\n\n<p>Diese Informationen k\u00f6nnen enthalten:<\/p>\n\n\n\n<ul class=\"wp-block-list\">\n<li>Name<\/li>\n\n\n\n<li>Firmenname und Berufsbezeichnung<\/li>\n\n\n\n<li>E-Mail-Adresse<\/li>\n\n\n\n<li>Telefonnummer<\/li>\n\n\n\n<li>Rechnungs- und Versanddetails<\/li>\n\n\n\n<li>Zahlungsbezogene Informationen<\/li>\n\n\n\n<li>Inhalt der Kommunikation und hochgeladene Dateien<\/li>\n<\/ul>\n\n\n\n<h3 class=\"wp-block-heading\"><strong>b. Informationen \u00fcber Dritte<\/strong><\/h3>\n\n\n\n<p>Sie k\u00f6nnen uns Informationen \u00fcber Personen in Ihrem Unternehmen oder Ihrer Lieferkette bereitstellen. Sie sollten sicherstellen, dass Sie berechtigt sind, solche Informationen zu teilen, bevor Sie dies tun.<\/p>\n\n\n\n<h3 class=\"wp-block-heading\"><strong>c. Ger\u00e4te- und Website-Nutzungsdaten<\/strong><\/h3>\n\n\n\n<p>Wenn Sie unsere Website besuchen, k\u00f6nnen wir automatisch technische Daten erfassen, wie zum Beispiel:<\/p>\n\n\n\n<ul class=\"wp-block-list\">\n<li>IP-Adresse<\/li>\n\n\n\n<li>Browsertyp und -version<\/li>\n\n\n\n<li>Betriebssystem<\/li>\n\n\n\n<li>Zeitzoneneinstellung<\/li>\n\n\n\n<li>Angesehene Seiten, Klickverhalten und Navigationsmuster der Website<\/li>\n\n\n\n<li>Verweis-URLs<\/li>\n<\/ul>\n\n\n\n<h3 class=\"wp-block-heading\"><strong>d. Informationen von Dritten<\/strong><\/h3>\n\n\n\n<p>Wir k\u00f6nnen zus\u00e4tzliche Informationen von erhalten:<\/p>\n\n\n\n<ul class=\"wp-block-list\">\n<li>Logistikdienstleister<\/li>\n\n\n\n<li>Zahlungsabwickler<\/li>\n\n\n\n<li>Bonit\u00e4tspr\u00fcfungsstellen (soweit gesetzlich zul\u00e4ssig)<\/li>\n\n\n\n<li>\u00d6ffentlich zug\u00e4ngliche Quellen<\/li>\n<\/ul>\n\n\n\n<p>Das Bereitstellen bestimmter Daten kann notwendig sein, damit wir Produkte oder Dienstleistungen liefern k\u00f6nnen; ohne diese sind einige Funktionen m\u00f6glicherweise nicht verf\u00fcgbar.<\/p>\n\n\n\n<hr class=\"wp-block-separator has-alpha-channel-opacity\"\/>\n\n\n\n<h2 class=\"wp-block-heading\"><strong>3. Wie wir personenbezogene Daten verwenden<\/strong><\/h2>\n\n\n\n<p>Wir k\u00f6nnen personenbezogene Daten f\u00fcr die folgenden Zwecke verarbeiten:<\/p>\n\n\n\n<ol class=\"wp-block-list\">\n<li><strong>Beantwortung Ihrer Anfragen<\/strong>, Angebotsanfragen oder allgemeine Kommunikation.<\/li>\n\n\n\n<li><strong>Bearbeitung von Bestellungen<\/strong>, Herstellung von Produkten und Lieferung von Waren und Dienstleistungen.<\/li>\n\n\n\n<li><strong>Verwaltung von Kundenkonten<\/strong>, Rechnungsstellung und Zahlungs\u00fcberpr\u00fcfung.<\/li>\n\n\n\n<li><strong>Betrieb, Wartung und Verbesserung unserer Website und interner Systeme.<\/strong><\/li>\n\n\n\n<li><strong>Kundenservice bereitstellen<\/strong>, technische Unterst\u00fctzung und After-Sales-Services.<\/li>\n\n\n\n<li><strong>Versand von servicebezogenen Benachrichtigungen<\/strong>, einschlie\u00dflich Updates zu Versand oder Bestellstatus.<\/li>\n\n\n\n<li><strong>Versand von Marketingnachrichten<\/strong>, Newsletter oder Werbeinformationen (soweit gesetzlich zul\u00e4ssig).<\/li>\n\n\n\n<li><strong>Durchf\u00fchrung interner Analysen<\/strong>, Produktentwicklung und Leistungs\u00fcberwachung.<\/li>\n\n\n\n<li><strong>Aufrechterhaltung der Gesch\u00e4ftssicherheit<\/strong>, Betrugspr\u00e4vention und Schutz geistigen Eigentums.<\/li>\n\n\n\n<li><strong>Einhaltung gesetzlicher Verpflichtungen<\/strong>, regulatorischer Anforderungen oder Reaktion auf rechtm\u00e4\u00dfige Anfragen.<\/li>\n\n\n\n<li><strong>Erleichterung der Logistik<\/strong>, Zollverfahren und Koordination internationaler Sendungen.<\/li>\n<\/ol>\n\n\n\n<p>Wir st\u00fctzen uns je nach Situation auf die folgenden rechtlichen Grundlagen:<\/p>\n\n\n\n<ul class=\"wp-block-list\">\n<li>Vertragserf\u00fcllung<\/li>\n\n\n\n<li>Einhaltung gesetzlicher Verpflichtungen<\/li>\n\n\n\n<li>Legitime Gesch\u00e4ftsinteressen<\/li>\n\n\n\n<li>Ihre Zustimmung (f\u00fcr Marketing oder optionale Dienste)<\/li>\n<\/ul>\n\n\n\n<hr class=\"wp-block-separator has-alpha-channel-opacity\"\/>\n\n\n\n<h2 class=\"wp-block-heading\"><strong>4. Cookies und Tracking-Technologien<\/strong><\/h2>\n\n\n\n<p>Wir verwenden Cookies und \u00e4hnliche Technologien, um die Funktionalit\u00e4t der Website zu verbessern und die Benutzererfahrung zu optimieren. Cookies k\u00f6nnen verwendet werden, um:<\/p>\n\n\n\n<ul class=\"wp-block-list\">\n<li>Wesentliche Website-Funktionen zu aktivieren<\/li>\n\n\n\n<li>Verkehr und Besucheraktivit\u00e4ten zu analysieren<\/li>\n\n\n\n<li>Pr\u00e4ferenzen zu speichern<\/li>\n\n\n\n<li>Relevanz der Werbung zu unterst\u00fctzen (falls zutreffend)<\/li>\n<\/ul>\n\n\n\n<p>Sie k\u00f6nnen Cookies \u00fcber Ihre Browsereinstellungen deaktivieren, wobei bestimmte Funktionen m\u00f6glicherweise ohne sie nicht ordnungsgem\u00e4\u00df funktionieren.<\/p>\n\n\n\n<hr class=\"wp-block-separator has-alpha-channel-opacity\"\/>\n\n\n\n<h2 class=\"wp-block-heading\"><strong>5. Weitergabe und Offenlegung personenbezogener Daten<\/strong><\/h2>\n\n\n\n<p>Wir k\u00f6nnen pers\u00f6nliche Daten teilen mit:<\/p>\n\n\n\n<h3 class=\"wp-block-heading\"><strong>a. Interne Partner<\/strong><\/h3>\n\n\n\n<p>Tochtergesellschaften, Zweigstellen oder autorisiertes Personal, das an Produktion, Qualit\u00e4tskontrolle, Logistik oder Kundenservice beteiligt ist.<\/p>\n\n\n\n<h3 class=\"wp-block-heading\"><strong>b. Dienstleister<\/strong><\/h3>\n\n\n\n<p>Vertrauensw\u00fcrdige Dritte, die unsere Abl\u00e4ufe unterst\u00fctzen, wie zum Beispiel:<\/p>\n\n\n\n<ul class=\"wp-block-list\">\n<li>Fracht- und Versandunternehmen<\/li>\n\n\n\n<li>IT-Hosting- und Cloud-Service-Anbieter<\/li>\n\n\n\n<li>Zahlungsabwickler<\/li>\n\n\n\n<li>Professionelle Berater (Recht, Buchhaltung, Compliance)<\/li>\n\n\n\n<li>Marketing- und E-Mail-Vertriebsdienste<\/li>\n<\/ul>\n\n\n\n<h3 class=\"wp-block-heading\"><strong>c. Gesch\u00e4ftspartner<\/strong><\/h3>\n\n\n\n<p>Nur wenn es notwendig ist, um Ihre Bestellung zu erf\u00fcllen oder angeforderte Dienstleistungen bereitzustellen.<\/p>\n\n\n\n<h3 class=\"wp-block-heading\"><strong>d. Beh\u00f6rden<\/strong><\/h3>\n\n\n\n<p>Wenn es gesetzlich vorgeschrieben ist, zur Einhaltung von Vorschriften, Zolldokumentation oder rechtlichen Verfahren.<\/p>\n\n\n\n<h3 class=\"wp-block-heading\"><strong>e. Unternehmens\u00fcbernahmen<\/strong><\/h3>\n\n\n\n<p>Im Falle einer Fusion, \u00dcbernahme, Umstrukturierung oder Ver\u00e4u\u00dferung von Verm\u00f6genswerten k\u00f6nnen Ihre Informationen an die Nachfolgeeinheit \u00fcbertragen werden.<\/p>\n\n\n\n<p>Wir tun <strong>nicht<\/strong> pers\u00f6nliche Daten verkaufen.<\/p>\n\n\n\n<hr class=\"wp-block-separator has-alpha-channel-opacity\"\/>\n\n\n\n<h2 class=\"wp-block-heading\"><strong>6. Internationale \u00dcbertragungen<\/strong><\/h2>\n\n\n\n<p>Da unsere Kunden und Lieferanten weltweit t\u00e4tig sind, k\u00f6nnen Ihre pers\u00f6nlichen Daten in L\u00e4nder au\u00dferhalb Ihrer Region \u00fcbertragen werden, einschlie\u00dflich Jurisdiktionen, die m\u00f6glicherweise nicht den gleichen Datenschutzbestimmungen unterliegen.<\/p>\n\n\n\n<p>Wenn solche \u00dcbertragungen erfolgen, setzen wir geeignete Schutzma\u00dfnahmen um, wie zum Beispiel:<\/p>\n\n\n\n<ul class=\"wp-block-list\">\n<li>Standardvertragsklauseln<\/li>\n\n\n\n<li>Vertraulichkeitsvereinbarungen<\/li>\n\n\n\n<li>Technische und organisatorische Sicherheitsma\u00dfnahmen<\/li>\n<\/ul>\n\n\n\n<p>Sie k\u00f6nnen uns kontaktieren, um weitere Informationen zu diesen Schutzma\u00dfnahmen anzufordern.<\/p>\n\n\n\n<hr class=\"wp-block-separator has-alpha-channel-opacity\"\/>\n\n\n\n<h2 class=\"wp-block-heading\"><strong>7. Datenaufbewahrung<\/strong><\/h2>\n\n\n\n<p>Wir speichern personenbezogene Daten nur so lange, wie es notwendig ist, um die Zwecke zu erf\u00fcllen, f\u00fcr die sie gesammelt wurden, einschlie\u00dflich:<\/p>\n\n\n\n<ul class=\"wp-block-list\">\n<li>Vertragsdurchf\u00fchrung<\/li>\n\n\n\n<li>Rechtliche Verpflichtungen<\/li>\n\n\n\n<li>Streitbeilegung<\/li>\n\n\n\n<li>Interne Gesch\u00e4ftsaufzeichnungen<\/li>\n<\/ul>\n\n\n\n<p>In einigen F\u00e4llen k\u00f6nnen anonymisierte Daten zu statistischen Zwecken oder zur Qualit\u00e4tsverbesserung aufbewahrt werden.<\/p>\n\n\n\n<hr class=\"wp-block-separator has-alpha-channel-opacity\"\/>\n\n\n\n<h2 class=\"wp-block-heading\"><strong>8. Sicherheitsma\u00dfnahmen<\/strong><\/h2>\n\n\n\n<p>Wir setzen technische und organisatorische Ma\u00dfnahmen ein, die zum Schutz personenbezogener Daten entwickelt wurden, einschlie\u00dflich:<\/p>\n\n\n\n<ul class=\"wp-block-list\">\n<li>Sichere Server und verschl\u00fcsselte Verbindungen<\/li>\n\n\n\n<li>Firewall-Schutz<\/li>\n\n\n\n<li>Zugriffskontrollbeschr\u00e4nkungen<\/li>\n\n\n\n<li>Regelm\u00e4\u00dfige System\u00fcberwachung<\/li>\n<\/ul>\n\n\n\n<p>Trotz unserer Bem\u00fchungen ist keine \u00dcbertragungsmethode \u00fcber das Internet vollst\u00e4ndig sicher. Benutzer sind verantwortlich f\u00fcr die Sicherung von Passw\u00f6rtern oder Kontozugangsdaten, falls zutreffend.<\/p>\n\n\n\n<hr class=\"wp-block-separator has-alpha-channel-opacity\"\/>\n\n\n\n<h2 class=\"wp-block-heading\"><strong>9. Websites Dritter<\/strong><\/h2>\n\n\n\n<p>Unsere Website kann auf externe Seiten verlinken. Wir sind nicht verantwortlich f\u00fcr die Datenschutzpraktiken von Drittanbieterplattformen. Benutzer werden ermutigt, deren jeweilige Datenschutzrichtlinien zu \u00fcberpr\u00fcfen, bevor sie personenbezogene Daten bereitstellen.<\/p>\n\n\n\n<hr class=\"wp-block-separator has-alpha-channel-opacity\"\/>\n\n\n\n<h2 class=\"wp-block-heading\"><strong>10. Ihre Rechte<\/strong><\/h2>\n\n\n\n<p>Je nach Ihrer Gerichtsbarkeit haben Sie m\u00f6glicherweise das Recht auf:<\/p>\n\n\n\n<ul class=\"wp-block-list\">\n<li>Anfrage auf Zugriff auf Ihre pers\u00f6nlichen Daten<\/li>\n\n\n\n<li>Anfrage auf Berichtigung oder Aktualisierung<\/li>\n\n\n\n<li>Anfrage auf L\u00f6schung (soweit gesetzlich zul\u00e4ssig)<\/li>\n\n\n\n<li>Widerspruch gegen die Verarbeitung oder Widerruf der Einwilligung<\/li>\n\n\n\n<li>Anfrage auf Daten\u00fcbertragbarkeit<\/li>\n\n\n\n<li>Opt-out bei Marketingkommunikation<\/li>\n<\/ul>\n\n\n\n<p>Um diese Rechte auszu\u00fcben, kontaktieren Sie uns bitte unter <strong><a>JMJG_SZ@163.com<\/a><\/strong>.<\/p>\n\n\n\n<p>Marketing-E-Mails enthalten eine Abbestelloption.<\/p>\n\n\n\n<hr class=\"wp-block-separator has-alpha-channel-opacity\"\/>\n\n\n\n<h2 class=\"wp-block-heading\"><strong>11. \u00c4nderungen dieser Datenschutzerkl\u00e4rung<\/strong><\/h2>\n\n\n\n<p>Wir k\u00f6nnen diese Datenschutzerkl\u00e4rung regelm\u00e4\u00dfig aktualisieren, um \u00c4nderungen in rechtlichen Anforderungen oder Gesch\u00e4ftspraktiken widerzuspiegeln. Aktualisierte Versionen werden auf unserer Website mit dem entsprechend \u00fcberarbeiteten \u201eLetzte Aktualisierung\u201c-Datum ver\u00f6ffentlicht.<\/p>\n\n\n\n<hr class=\"wp-block-separator has-alpha-channel-opacity\"\/>\n\n\n\n<h2 class=\"wp-block-heading\"><strong>12. Kontaktieren Sie uns<\/strong><\/h2>\n\n\n\n<p>Bei Fragen, Anfragen oder Bedenken bez\u00fcglich dieser Datenschutzerkl\u00e4rung oder unserer Datenverarbeitungspraktiken kontaktieren Sie uns bitte:<\/p>\n\n\n\n<p><strong>Shanghai Zhansong Industrial Co., Ltd.<\/strong><br>E-Mail: <strong><a>JMJG_SZ@163.com<\/a><\/strong><br>Telefon: <strong>+86-15062453593<\/strong><br>Shanghai, Deutschland<\/p>","protected":false},"excerpt":{"rendered":"<p>Privacy Policy Last Updated: November 2025 This Privacy Policy explains how Shanghai Zhansong Industrial Co., Ltd. (\u201cZhansong Industrial,\u201d \u201cwe,\u201d \u201cus,\u201d [&hellip;]<\/p>","protected":false},"author":1,"featured_media":0,"parent":0,"menu_order":0,"comment_status":"closed","ping_status":"closed","template":"","meta":{"_monsterinsights_skip_tracking":false,"_monsterinsights_sitenote_active":false,"_monsterinsights_sitenote_note":"","_monsterinsights_sitenote_category":0,"site-sidebar-layout":"default","site-content-layout":"","ast-site-content-layout":"default","site-content-style":"default","site-sidebar-style":"default","ast-global-header-display":"","ast-banner-title-visibility":"","ast-main-header-display":"","ast-hfb-above-header-display":"","ast-hfb-below-header-display":"","ast-hfb-mobile-header-display":"","site-post-title":"","ast-breadcrumbs-content":"","ast-featured-img":"","footer-sml-layout":"","theme-transparent-header-meta":"","adv-header-id-meta":"","stick-header-meta":"","header-above-stick-meta":"","header-main-stick-meta":"","header-below-stick-meta":"","astra-migrate-meta-layouts":"default","ast-page-background-enabled":"default","ast-page-background-meta":{"desktop":{"background-color":"var(--ast-global-color-5)","background-image":"","background-repeat":"repeat","background-position":"center center","background-size":"auto","background-attachment":"scroll","background-type":"","background-media":"","overlay-type":"","overlay-color":"","overlay-opacity":"","overlay-gradient":""},"tablet":{"background-color":"","background-image":"","background-repeat":"repeat","background-position":"center center","background-size":"auto","background-attachment":"scroll","background-type":"","background-media":"","overlay-type":"","overlay-color":"","overlay-opacity":"","overlay-gradient":""},"mobile":{"background-color":"","background-image":"","background-repeat":"repeat","background-position":"center center","background-size":"auto","background-attachment":"scroll","background-type":"","background-media":"","overlay-type":"","overlay-color":"","overlay-opacity":"","overlay-gradient":""}},"ast-content-background-meta":{"desktop":{"background-color":"var(--ast-global-color-4)","background-image":"","background-repeat":"repeat","background-position":"center center","background-size":"auto","background-attachment":"scroll","background-type":"","background-media":"","overlay-type":"","overlay-color":"","overlay-opacity":"","overlay-gradient":""},"tablet":{"background-color":"var(--ast-global-color-4)","background-image":"","background-repeat":"repeat","background-position":"center center","background-size":"auto","background-attachment":"scroll","background-type":"","background-media":"","overlay-type":"","overlay-color":"","overlay-opacity":"","overlay-gradient":""},"mobile":{"background-color":"var(--ast-global-color-4)","background-image":"","background-repeat":"repeat","background-position":"center center","background-size":"auto","background-attachment":"scroll","background-type":"","background-media":"","overlay-type":"","overlay-color":"","overlay-opacity":"","overlay-gradient":""}},"footnotes":""},"class_list":["post-3182","page","type-page","status-publish","hentry"],"_links":{"self":[{"href":"https:\/\/zscncparts.com\/de\/wp-json\/wp\/v2\/pages\/3182","targetHints":{"allow":["GET"]}}],"collection":[{"href":"https:\/\/zscncparts.com\/de\/wp-json\/wp\/v2\/pages"}],"about":[{"href":"https:\/\/zscncparts.com\/de\/wp-json\/wp\/v2\/types\/page"}],"author":[{"embeddable":true,"href":"https:\/\/zscncparts.com\/de\/wp-json\/wp\/v2\/users\/1"}],"replies":[{"embeddable":true,"href":"https:\/\/zscncparts.com\/de\/wp-json\/wp\/v2\/comments?post=3182"}],"version-history":[{"count":0,"href":"https:\/\/zscncparts.com\/de\/wp-json\/wp\/v2\/pages\/3182\/revisions"}],"wp:attachment":[{"href":"https:\/\/zscncparts.com\/de\/wp-json\/wp\/v2\/media?parent=3182"}],"curies":[{"name":"wp","href":"https:\/\/api.w.org\/{rel}","templated":true}]}}