{"id":2542,"date":"2025-12-01T00:01:32","date_gmt":"2025-11-30T16:01:32","guid":{"rendered":"https:\/\/zscncparts.com\/?page_id=2542"},"modified":"2025-12-07T17:00:16","modified_gmt":"2025-12-07T09:00:16","slug":"videos","status":"publish","type":"page","link":"https:\/\/zscncparts.com\/de\/resources\/videos\/","title":{"rendered":"Videos"},"content":{"rendered":"<style>* { box-sizing: border-box; } body {margin: 0;}*{box-sizing:border-box;}body{margin-top:0px;margin-right:0px;margin-bottom:0px;margin-left:0px;}#content > div:first-child{width:100% !important;max-width:100% !important;}main#content{width:100% !important;max-width:100% !important;}.site-content .ast-container{display:block !important;}.c1156{max-width:100%;width:100%;}.c1512{max-width:100%;width:100%;}.c1839{max-width:100%;width:100%;}.c1903{max-width:100%;width:100%;}.c2523{max-width:100%;width:100%;}<\/style>\n<p><body><\/p>\n<section class=\"bg-white mb-0 max-w-full w-full' style='max-width: 100%; width: max-width: c1156\" style=\"max-width: 100%; width: 100%;\">\n<div class=\"container mx-auto px-6 py-20\">\n<h2 class=\"text-3xl md:text-4xl font-bold text-[#002255] mb-12 text-center font-inter\">Demonstrationsvideos zum Fertigungsprozess<\/h2>\n<div class=\"space-y-20 lg:space-y-0 lg:grid lg:grid-cols-3 lg:gap-x-12\">\n<article class=\"flex flex-col items-center text-center\">\n<h3 class=\"text-xl font-semibold text-[#002255] mb-3 font-inter\">Vollst\u00e4ndige Demonstration der CNC-Bearbeitung<\/h3>\n<p class=\"text-[#2c3e50] max-w-md font-system\">Entdecken Sie einen vollst\u00e4ndigen <a href=\"\/de\/services\/cnc-machining\/\" class=\"text-[#f46b45] hover:underline font-semibold\">CNC-Bearbeitung<\/a> Arbeitsablauf von der Einrichtung bis zum Endprodukt. Pr\u00e4zision und Effizienz Schritt f\u00fcr Schritt gezeigt.<\/p>\n<\/article>\n<article class=\"flex flex-col items-center text-center\">\n<h3 class=\"text-xl font-semibold text-[#002255] mb-3 font-inter\">Qualit\u00e4tskontrollpunkte<\/h3>\n<p class=\"text-[#2c3e50] max-w-md font-system\">Detaillierte Inspektionsschritte stellen sicher, dass das Produkt in jeder Phase der Fertigung strenge Toleranzen und Standards erf\u00fcllt.<\/p>\n<\/article>\n<article class=\"flex flex-col items-center text-center\">\n<h3 class=\"text-xl font-semibold text-[#002255] mb-3 font-inter\">Verpackungs- und Versandprozess<\/h3>\n<p class=\"text-[#2c3e50] max-w-md font-system\">Erleben Sie robuste Verpackungsmethoden, die empfindliche Komponenten w\u00e4hrend eines sicheren und termingerechten Versands sch\u00fctzen.<\/p>\n<\/article><\/div>\n<\/div>\n<\/section>\n<section class=\"bg-white mb-0 w-full max-w-full' style='max-width: 100%; width: max-width: c1512\" style=\"max-width: 100%; width: 100%;\">\n<div class=\"container mx-auto px-6 py-20\">\n<h2 class=\"text-4xl font-semibold text-[#002255] mb-12 text-center font-['Inter']\"> ZSCNC Schl\u00fcsselger\u00e4te &amp; Produktionspr\u00e4sentation <\/h2>\n<div class=\"grid gap-16 lg:grid-cols-3 md:grid-cols-2 sm:grid-cols-1\">\n<article class=\"bg-white rounded-[0px] shadow-[0_4px_6px_rgba(0,0,0,0.1)] p-6 flex flex-col\">\n<h3 class=\"text-2xl font-bold text-[#002255] mb-4 font-['Inter']\"> Fortschrittliches CNC-Bearbeitungszentrum <\/h3>\n<p class=\"text-[#7f8c8d] flex-grow mb-6 font-system\"> Pr\u00e4zisionsbearbeitung mit modernsten CNC-Zentren liefert au\u00dfergew\u00f6hnliche Genauigkeit. Unsere Ger\u00e4te gew\u00e4hrleisten gleichbleibende Qualit\u00e4t bei komplexen Automobilteilen. <\/p>\n<\/article>\n<article class=\"bg-gray-50 rounded-[0px] shadow-[0_4px_6px_rgba(0,0,0,0.1)] p-6 flex flex-col\">\n<h3 class=\"text-2xl font-bold text-[#002255] mb-4 font-['Inter']\"> Digitaler Produktionslinienrundgang <\/h3>\n<p class=\"text-[#7f8c8d] flex-grow mb-6 font-system\"> Entdecken Sie unsere vollst\u00e4ndig integrierte Produktionsumgebung, die auf Effizienz und Qualit\u00e4tskontrolle optimiert ist. Sehen Sie digitale Arbeitsabl\u00e4ufe in Aktion. <\/p>\n<\/article>\n<article class=\"bg-white rounded-[0px] shadow-[0_4px_6px_rgba(0,0,0,0.1)] p-6 flex flex-col\">\n<h3 class=\"text-2xl font-bold text-[#002255] mb-4 font-['Inter']\"> Vorgestellte fortschrittliche Ger\u00e4te <\/h3>\n<p class=\"text-[#7f8c8d] flex-grow mb-6 font-system\"> Hervorhebung unserer 5-Achsen-CNC- und EDM-Technologien. Entwickelt f\u00fcr die Fertigung komplexer Geometrien mit Pr\u00e4zision und Wiederholbarkeit. <\/p>\n<\/article><\/div>\n<\/p><\/div>\n<\/section>\n<section class=\"bg-white mb-0 w-full max-w-full' style='max-width: 100%; width: max-width: c1839\" style=\"max-width: 100%; width: 100%;\">\n<div class=\"container mx-auto px-6 py-20\">\n<h2 class=\"text-[#002255] text-3xl sm:text-4xl font-semibold mb-12 font-['Inter']\"> ZSCNC Produkt- &amp; Anwendungsvideos <\/h2>\n<\/div>\n<\/section>\n<section class=\"bg-white mb-0 max-w-full w-full' style='max-width: 100%; width: max-width: c1903\" style=\"max-width: 100%; width: 100%;\">\n<div class=\"container mx-auto px-6 py-20\">\n<h2 class=\"text-3xl font-semibold text-[#002255] text-center mb-14 font-['Inter']\">Qualit\u00e4tsmanagement- &amp; Inspektionsl\u00f6sungen<\/h2>\n<div class=\"grid gap-16 lg:grid-cols-2 lg:items-center bg-gray-50 rounded-[0px] shadow-[0_4px_6px_rgba(0,0,0,0.1)] mb-20\">\n<div> <img decoding=\"async\" data-src=\"https:\/\/zscncparts.com\/wp-content\/uploads\/2025\/12\/inspection-equipment-operation-gae.webp\" alt=\"Bedienung von Inspektionsger\u00e4ten\" width=\"1280\" height=\"720\" class=\"rounded-[4px] shadow-[0_4px_6px_rgba(0,0,0,0.1)] w-full object-cover max-h-96 lazyload\" title=\"\" src=\"data:image\/svg+xml;base64,PHN2ZyB3aWR0aD0iMSIgaGVpZ2h0PSIxIiB4bWxucz0iaHR0cDovL3d3dy53My5vcmcvMjAwMC9zdmciPjwvc3ZnPg==\" style=\"--smush-placeholder-width: 1280px; --smush-placeholder-aspect-ratio: 1280\/720;\"> <\/div>\n<div>\n<h3 class=\"text-xl font-bold mb-3 text-[#002255] font-['Inter']\">Inspektionsger\u00e4te-Betrieb<\/h3>\n<p class=\"text-[#7f8c8d] mb-6 leading-relaxed font-system\"> Optimieren Sie die Produktqualit\u00e4t mit fortschrittlichen Inspektionsger\u00e4te-Videos. Erm\u00f6glichen Sie den Bedienern, durch klare, visuelle Anweisungen Pr\u00e4zision und Konformit\u00e4t sicherzustellen. <\/p>\n<p> <button type=\"button\" class=\"bg-gradient-to-bl from-[rgba(0,34,85,1)] to-[rgba(42,82,152,1)] text-white h-12 px-6 text-base rounded-[0px] flex items-center justify-center border-none cursor-pointer\"> Entdecken Sie Ger\u00e4te-Tutorials <\/button> <\/div>\n<\/p><\/div>\n<div class=\"mt-20 grid gap-16 lg:grid-cols-2 lg:items-center lg:grid-flow-col-dense bg-white rounded-[0px] shadow-[0_4px_6px_rgba(0,0,0,0.1)] mb-20\">\n<div class=\"lg:col-start-2\"> <img decoding=\"async\" data-src=\"https:\/\/zscncparts.com\/wp-content\/uploads\/2025\/12\/process-control-in-machining-ia1.webp\" alt=\"Prozesskontrolle beim Bearbeiten\" width=\"800\" height=\"533\" class=\"rounded-[4px] shadow-[0_4px_6px_rgba(0,0,0,0.1)] w-full object-cover max-h-96 lazyload\" title=\"\" src=\"data:image\/svg+xml;base64,PHN2ZyB3aWR0aD0iMSIgaGVpZ2h0PSIxIiB4bWxucz0iaHR0cDovL3d3dy53My5vcmcvMjAwMC9zdmciPjwvc3ZnPg==\" style=\"--smush-placeholder-width: 800px; --smush-placeholder-aspect-ratio: 800\/533;\"> <\/div>\n<div class=\"lg:col-start-1\">\n<h3 class=\"text-xl font-bold mb-3 text-[#002255] font-['Inter']\">Prozesskontrollvideos<\/h3>\n<p class=\"text-[#7f8c8d] mb-6 leading-relaxed font-system\"> Prozesskonsistenz mit Schritt-f\u00fcr-Schritt-Kontrollvideos meistern. Fehler reduzieren und Durchsatz verbessern, indem Teams mit umsetzbaren Erkenntnissen geschult werden. <\/p>\n<p> <button type=\"button\" class=\"bg-gradient-to-bl from-[rgba(0,34,85,1)] to-[rgba(42,82,152,1)] text-white h-12 px-6 text-base rounded-[0px] flex items-center justify-center border-none cursor-pointer\"> Kontrolltechniken anzeigen <\/button> <\/div>\n<\/p><\/div>\n<div class=\"mt-20 grid gap-16 lg:grid-cols-2 lg:items-center bg-gray-50 rounded-[0px] shadow-[0_4px_6px_rgba(0,0,0,0.1)]\">\n<div> <img decoding=\"async\" data-src=\"https:\/\/zscncparts.com\/wp-content\/uploads\/2025\/12\/traceability-process-in-manufacturing-isr.webp\" alt=\"R\u00fcckverfolgbarkeitsprozess in der Fertigung\" width=\"800\" height=\"449\" class=\"rounded-[4px] shadow-[0_4px_6px_rgba(0,0,0,0.1)] w-full object-cover max-h-96 lazyload\" title=\"\" src=\"data:image\/svg+xml;base64,PHN2ZyB3aWR0aD0iMSIgaGVpZ2h0PSIxIiB4bWxucz0iaHR0cDovL3d3dy53My5vcmcvMjAwMC9zdmciPjwvc3ZnPg==\" style=\"--smush-placeholder-width: 800px; --smush-placeholder-aspect-ratio: 800\/449;\"> <\/div>\n<div>\n<h3 class=\"text-xl font-bold mb-3 text-[#002255] font-['Inter']\">R\u00fcckverfolgbarkeit in Aktion<\/h3>\n<p class=\"text-[#7f8c8d] mb-6 leading-relaxed font-system\"> R\u00fcckverfolgbarkeitsprotokolle mit Videos umsetzen, die Handlungsschritte zeigen. Jede Phase verfolgen, um regulatorische Standards zu erf\u00fcllen und die Produktintegrit\u00e4t zu gew\u00e4hrleisten. <\/p>\n<p> <button type=\"button\" class=\"bg-gradient-to-bl from-[rgba(0,34,85,1)] to-[rgba(42,82,152,1)] text-white h-12 px-6 text-base rounded-[0px] flex items-center justify-center border-none cursor-pointer\"> Entdecken Sie den R\u00fcckverfolgbarkeits-Workflow <\/button> <\/div>\n<\/p><\/div>\n<\/p><\/div>\n<\/section>\n<section class=\"bg-white mb-0 w-full max-w-full' style='max-width: 100%; width: max-width: c2523\" style=\"max-width: 100%; width: 100%;\">\n<div class=\"container mx-auto px-6 py-20\">\n<h2 class=\"text-3xl font-semibold text-[#002255] text-center mb-12 font-['Inter']\">Kundenprojekte und Kollaborations-Workflow<\/h2>\n<div class=\"grid gap-16 lg:grid-cols-2\">\n<div class=\"flex flex-col justify-center\">\n<h3 class=\"text-xl font-semibold text-[#002255] mb-4 font-['Inter']\">Projektzusammenarbeits-Workflow<\/h3>\n<p class=\"text-[#7f8c8d] mb-6 leading-relaxed font-system\"> Erleben Sie nahtlose Zusammenarbeit durch transparente Workflows. Unsere animierten und Live-Erkl\u00e4rungsvideos kl\u00e4ren jede Projektphase, optimieren die Kommunikation und Lieferung. Erfahren Sie mehr \u00fcber unseren Fertigungsprozess, um jeden Schritt zu verstehen. <\/p>\n<h3 class=\"text-xl font-semibold text-[#002255] mb-4 font-['Inter']\">Auslands-Kundenpartnerschaften<\/h3>\n<p class=\"text-[#7f8c8d] mb-6 leading-relaxed font-system\"> St\u00e4rkung globaler Partnerschaften mit engagiertem Videocontent, der Koordination, Qualit\u00e4tskontrolle und kulturelle Zusammenarbeit detailliert darstellt. <\/p>\n<h3 class=\"text-xl font-semibold text-[#002255] mb-4 font-['Inter']\">\u00dcbersicht \u00fcber After-Sales- und technischen Support<\/h3>\n<p class=\"text-[#7f8c8d] leading-relaxed font-system\"> Umfassende Supportvideos sorgen f\u00fcr schnelle L\u00f6sungen und technische Unterst\u00fctzung und unterstreichen unser Engagement f\u00fcr den Erfolg unserer Kunden \u00fcber die Lieferung hinaus. Erfahren Sie mehr \u00fcber unsere Kundenservice-Philosophie. <\/p>\n<\/p><\/div>\n<div class=\"relative w-full h-64 sm:h-80 md:h-96 lg:h-auto rounded-[4px] overflow-hidden shadow-[0_4px_6px_rgba(0,0,0,0.1)]\"> <img decoding=\"async\" data-src=\"https:\/\/zscncparts.com\/wp-content\/uploads\/2025\/12\/demonstration-of-precision-machining-with-advanced-digital-process-qtc.webp\" alt=\"Demonstration der Pr\u00e4zisionsbearbeitung mit fortschrittlichem digitalen Prozess\" class=\"object-cover w-full h-full rounded-[4px]&#039; loading=&#039;lazy lazyload\" title=\"\" src=\"data:image\/svg+xml;base64,PHN2ZyB3aWR0aD0iMSIgaGVpZ2h0PSIxIiB4bWxucz0iaHR0cDovL3d3dy53My5vcmcvMjAwMC9zdmciPjwvc3ZnPg==\" style=\"--smush-placeholder-width: 700px; --smush-placeholder-aspect-ratio: 700\/467;\"> <\/div>\n<\/p><\/div>\n<\/p><\/div>\n<\/section>\n<p><\/body><\/p>\n<p><!-- AIVB Required Assets -->\n<link rel=\"stylesheet\" href=\"https:\/\/cdn.jsdelivr.net\/npm\/tailwindcss@2.2.19\/dist\/tailwind.min.css\">\n<link rel=\"stylesheet\" id=\"aivb-fontawesome-css\" href=\"https:\/\/cdn.jsdelivr.net\/npm\/@fortawesome\/fontawesome-free@6.4.0\/css\/all.min.css?ver=6.4.0\" media=\"all\">\n<script src=\"https:\/\/cdn.tailwindcss.com\"><\/script><\/p>\n<style>\n#content { width: 100% !important;  max-width: 100% !important; }\n#content > div:first-child { width: 100% !important;  max-width: 100% !important; }\n.ast-container { width: 100% !important;  max-width: 100% !important; }\nmain#content { width: 100% !important; max-width: 100% !important; }\n.page-content { width: 100% !important; max-width: 100% !important; }\n.site-content .ast-container { display: block !important; }\n<\/style>","protected":false},"excerpt":{"rendered":"<p>Manufacturing Process Demonstration Videos CNC Machining Full Process Demonstration Explore a complete CNC machining workflow from setup to final product. [&hellip;]<\/p>","protected":false},"author":1,"featured_media":0,"parent":2534,"menu_order":0,"comment_status":"closed","ping_status":"closed","template":"","meta":{"_monsterinsights_skip_tracking":false,"_monsterinsights_sitenote_active":false,"_monsterinsights_sitenote_note":"","_monsterinsights_sitenote_category":0,"site-sidebar-layout":"no-sidebar","site-content-layout":"page-builder","ast-site-content-layout":"default","site-content-style":"unboxed","site-sidebar-style":"default","ast-global-header-display":"","ast-banner-title-visibility":"","ast-main-header-display":"","ast-hfb-above-header-display":"","ast-hfb-below-header-display":"","ast-hfb-mobile-header-display":"","site-post-title":"","ast-breadcrumbs-content":"","ast-featured-img":"","footer-sml-layout":"","theme-transparent-header-meta":"","adv-header-id-meta":"","stick-header-meta":"","header-above-stick-meta":"","header-main-stick-meta":"","header-below-stick-meta":"","astra-migrate-meta-layouts":"default","ast-page-background-enabled":"default","ast-page-background-meta":{"desktop":{"background-color":"var(--ast-global-color-5)","background-image":"","background-repeat":"repeat","background-position":"center center","background-size":"auto","background-attachment":"scroll","background-type":"","background-media":"","overlay-type":"","overlay-color":"","overlay-opacity":"","overlay-gradient":""},"tablet":{"background-color":"","background-image":"","background-repeat":"repeat","background-position":"center center","background-size":"auto","background-attachment":"scroll","background-type":"","background-media":"","overlay-type":"","overlay-color":"","overlay-opacity":"","overlay-gradient":""},"mobile":{"background-color":"","background-image":"","background-repeat":"repeat","background-position":"center center","background-size":"auto","background-attachment":"scroll","background-type":"","background-media":"","overlay-type":"","overlay-color":"","overlay-opacity":"","overlay-gradient":""}},"ast-content-background-meta":{"desktop":{"background-color":"var(--ast-global-color-4)","background-image":"","background-repeat":"repeat","background-position":"center center","background-size":"auto","background-attachment":"scroll","background-type":"","background-media":"","overlay-type":"","overlay-color":"","overlay-opacity":"","overlay-gradient":""},"tablet":{"background-color":"var(--ast-global-color-4)","background-image":"","background-repeat":"repeat","background-position":"center center","background-size":"auto","background-attachment":"scroll","background-type":"","background-media":"","overlay-type":"","overlay-color":"","overlay-opacity":"","overlay-gradient":""},"mobile":{"background-color":"var(--ast-global-color-4)","background-image":"","background-repeat":"repeat","background-position":"center center","background-size":"auto","background-attachment":"scroll","background-type":"","background-media":"","overlay-type":"","overlay-color":"","overlay-opacity":"","overlay-gradient":""}},"footnotes":""},"class_list":["post-2542","page","type-page","status-publish","hentry"],"_links":{"self":[{"href":"https:\/\/zscncparts.com\/de\/wp-json\/wp\/v2\/pages\/2542","targetHints":{"allow":["GET"]}}],"collection":[{"href":"https:\/\/zscncparts.com\/de\/wp-json\/wp\/v2\/pages"}],"about":[{"href":"https:\/\/zscncparts.com\/de\/wp-json\/wp\/v2\/types\/page"}],"author":[{"embeddable":true,"href":"https:\/\/zscncparts.com\/de\/wp-json\/wp\/v2\/users\/1"}],"replies":[{"embeddable":true,"href":"https:\/\/zscncparts.com\/de\/wp-json\/wp\/v2\/comments?post=2542"}],"version-history":[{"count":0,"href":"https:\/\/zscncparts.com\/de\/wp-json\/wp\/v2\/pages\/2542\/revisions"}],"up":[{"embeddable":true,"href":"https:\/\/zscncparts.com\/de\/wp-json\/wp\/v2\/pages\/2534"}],"wp:attachment":[{"href":"https:\/\/zscncparts.com\/de\/wp-json\/wp\/v2\/media?parent=2542"}],"curies":[{"name":"wp","href":"https:\/\/api.w.org\/{rel}","templated":true}]}}