{"id":2534,"date":"2025-11-30T23:44:59","date_gmt":"2025-11-30T15:44:59","guid":{"rendered":"https:\/\/zscncparts.com\/?page_id=2534"},"modified":"2025-12-07T16:25:16","modified_gmt":"2025-12-07T08:25:16","slug":"resources","status":"publish","type":"page","link":"https:\/\/zscncparts.com\/de\/resources\/","title":{"rendered":"Ressourcen"},"content":{"rendered":"<style>* { box-sizing: border-box; } body {margin: 0;}*{box-sizing:border-box;}body{margin-top:0px;margin-right:0px;margin-bottom:0px;margin-left:0px;}#content > div:first-child{width:100% !important;max-width:100% !important;}main#content{width:100% !important;max-width:100% !important;}.site-content .ast-container{display:block !important;}.c2665{max-width:100%;width:100%;}.c906{max-width:100%;width:100%;}.c1098{max-width:100%;width:100%;}.c1509{max-width:100%;width:100%;}.c2004{max-width:100%;width:100%;}.c3175{max-width:100%;width:100%;}.c4134{max-width:100%;width:100%;}<\/style>\n<p><body><\/p>\n<section class=\"relative bg-[#ffffff] bg-[url('https:\/\/zscncparts.com\/wp-content\/uploads\/2025\/12\/industrial-robotic-arm-automating-manufacturing-process-sow.webp')] bg-center bg-no-repeat bg-cover md:bg-contain lg:bg-cover min-h-[336px] sm:min-h-[420px] lg:min-h-[504px] mb-0 w-full max-w-full c906\" style=\"max-width: 100%; width: 100%;\">\n<div class=\"absolute inset-0 bg-[#002255] bg-opacity-60\"><\/div>\n<div class=\"relative z-10 max-w-7xl mx-auto px-6 py-20 flex flex-col justify-center h-full text-white sm:py-28 lg:py-32 container\">\n<h1 class=\"text-3xl sm:text-4xl lg:text-5xl font-extrabold leading-tight max-w-3xl drop-shadow-md font-['Inter'] !text-[#ffffff]\">\n      CNC-Bearbeitungs-Wissenszentrum<br \/>\n    <\/h1>\n<p class=\"mt-4 text-lg sm:text-xl max-w-2xl leading-relaxed drop-shadow-md font-sans\">\n      F\u00f6rdern Sie Fertigungsinnovationen mit unseren fundierten Einblicken und unserem kuratierten Wissen. St\u00e4rken Sie Entscheidungen, verbessern Sie die Prozessplanung und beschleunigen Sie die industrielle Automatisierung.\n    <\/p>\n<\/div>\n<\/section>\n<section class=\"bg-white text-[#2c3e50] mb-0 w-full max-w-full' style='max-width: 100%; width: max-width: c1098\" style=\"max-width: 100%; width: 100%;\">\n<div class=\"container mx-auto px-6 py-20\">\n<h2 class=\"text-3xl font-semibold text-[#002255] mb-12 text-center md:text-left font-['Inter']\">ZSCNC-Ressourcen\u00fcbersicht &amp; Brancheneinblicke<\/h2>\n<div class=\"grid grid-cols-1 lg:grid-cols-2 gap-16 items-center\">\n<div>\n<h3 class=\"text-xl font-semibold text-[#002255] mb-4 font-['Inter']\">Umfassende Ressourcenkategorisierung<\/h3>\n<p class=\"mb-6 leading-relaxed font-system\"> Greifen Sie auf eine strukturierte Bibliothek branchenspezifischer und technischer Ressourcen zu, die Entscheidungsprozesse vereinfachen und die operative Effizienz steigern. <\/p>\n<h3 class=\"text-xl font-semibold text-[#002255] mb-4 font-['Inter']\">Experten-Branchen- und technische Einblicke<\/h3>\n<p class=\"mb-6 leading-relaxed font-system\"> Gewinnen Sie umsetzbares Wissen aus fundierten technischen Analysen und Markttrends, die auf fortgeschrittene Fertigungssektoren zugeschnitten sind. <\/p>\n<h3 class=\"text-xl font-semibold text-[#002255] mb-4 font-['Inter']\">Gef\u00fchrter Prozess- und Fragenrahmen<\/h3>\n<p class=\"mb-6 leading-relaxed font-system\"> Navigieren Sie durch komplexe Fertigungsabl\u00e4ufe mit schrittweiser Anleitung, optimieren Sie die Betriebsergebnisse und mindern Sie Risiken. <\/p>\n<h3 class=\"text-xl font-semibold text-[#002255] mb-4 font-['Inter']\">Visuelle Demonstrationen &amp; Pr\u00e4sentationen der Werkskapazit\u00e4ten<\/h3>\n<p class=\"leading-relaxed font-system\"> Entdecken Sie hochaufl\u00f6sende Bilder und Demonstrationen, die modernste Werkskapazit\u00e4ten und automatisierte Prozesse veranschaulichen. <\/p>\n<\/p><\/div>\n<div> <img decoding=\"async\" data-src=\"https:\/\/zscncparts.com\/wp-content\/uploads\/2025\/12\/industrial-robotic-arm-automating-manufacturing-process-sow.webp\" alt=\"Industrieroboterarm, der den Fertigungsprozess automatisiert\" class=\"w-full rounded-[4px] shadow-[0_4px_6px_rgba(0,0,0,0.1)] object-cover max-h-[480px]&#039; loading=&#039;lazy&#039; width=&#039;1742&#039; height=&#039;980 lazyload\" title=\"\" src=\"data:image\/svg+xml;base64,PHN2ZyB3aWR0aD0iMSIgaGVpZ2h0PSIxIiB4bWxucz0iaHR0cDovL3d3dy53My5vcmcvMjAwMC9zdmciPjwvc3ZnPg==\" style=\"--smush-placeholder-width: 1000px; --smush-placeholder-aspect-ratio: 1000\/563;\"> <\/div>\n<\/p><\/div>\n<\/p><\/div>\n<\/section>\n<section class=\"bg-gray-50 mb-0 w-full' style='max-width: 100%; width: max-width: c1509\" style=\"max-width: 100%; width: 100%;\">\n<div class=\"container mx-auto px-6 py-20\">\n<h2 class=\"text-4xl font-semibold text-[#002255] mb-12 text-center font-['Inter']\">Detaillierte Brancheneinblicke &amp; Expertise<\/h2>\n<div class=\"space-y-8 lg:space-y-0 lg:grid lg:grid-cols-2 lg:gap-8\">\n<article class=\"flex flex-col lg:flex-row bg-white rounded-[0px] shadow-md overflow-hidden\">\n<div class=\"p-4 flex flex-col justify-center\">\n<h3 class=\"text-xl font-bold text-[#002255] mb-2 font-['Inter']\">Auswahl des Bearbeitungsprozesses &amp; Pr\u00e4zisionssteuerung<\/h3>\n<p class=\"text-[#7f8c8d] leading-relaxed font-system-ui text-sm\">\n                Optimieren Sie die Fertigungsergebnisse mit fortschrittlichen <a href=\"\/de\/services\/cnc-machining\/\" class=\"text-[#f46b45] hover:underline font-semibold\">Bearbeitungs-<\/a> Strategien. Unsere Expertise gew\u00e4hrleistet eine pr\u00e4zise Prozessauswahl f\u00fcr h\u00f6chste Qualit\u00e4t.\n            <\/p>\n<\/div>\n<\/article>\n<article class=\"flex flex-col lg:flex-row-reverse bg-gray-50 rounded-[0px] shadow-md overflow-hidden\">\n<div class=\"p-4 flex flex-col justify-center\">\n<h3 class=\"text-xl font-bold text-[#002255] mb-2 font-['Inter']\">Qualit\u00e4ts- und Lieferstandards f\u00fcr internationale Projekte<\/h3>\n<p class=\"text-[#7f8c8d] leading-relaxed font-system-ui text-sm\">\n                Wir halten uns an strenge Qualit\u00e4tskontrollen und zuverl\u00e4ssige Liefertermine und gew\u00e4hrleisten die Einhaltung globaler Standards f\u00fcr Ihre internationalen Fertigungsanforderungen.\n            <\/p>\n<\/div>\n<\/article>\n<article class=\"flex flex-col lg:flex-row bg-white rounded-[0px] shadow-md overflow-hidden\">\n<div class=\"p-4 flex flex-col justify-center\">\n<h3 class=\"text-xl font-bold text-[#002255] mb-2 font-['Inter']\">Strukturelle Design-Kollaboration f\u00fcr Fertigbarkeit<\/h3>\n<p class=\"text-[#7f8c8d] leading-relaxed font-system-ui text-sm\">\n                Unsere Ingenieurteams arbeiten eng mit den Kunden zusammen, um strukturelle Designs auf optimale Fertigbarkeit abzustimmen, Kosten zu senken und die Produktleistung zu verbessern.\n            <\/p>\n<\/div>\n<\/article>\n<article class=\"flex flex-col lg:flex-row-reverse bg-gray-50 rounded-[0px] shadow-md overflow-hidden\">\n<div class=\"p-4 flex flex-col justify-center\">\n<h3 class=\"text-xl font-bold text-[#002255] mb-2 font-['Inter']\">Erfahrung mit Prototypenl\u00e4ufen &amp; Produktionsskalierung<\/h3>\n<p class=\"text-[#7f8c8d] leading-relaxed font-system-ui text-sm\">\n                Von ersten Prototypenl\u00e4ufen bis hin zur Serienproduktion sorgen wir f\u00fcr nahtlose \u00dcberg\u00e4nge mit gleichbleibender Qualit\u00e4t und Effizienz in <a href=\"\/de\/services\/cnc-machining\/milling\/\" class=\"text-[#f46b45] hover:underline font-semibold\">Fr\u00e4sen<\/a> und <a href=\"\/de\/services\/cnc-machining\/turning\/\" class=\"text-[#f46b45] hover:underline font-semibold\">Drehen<\/a>.\n            <\/p>\n<\/div>\n<\/article>\n<\/div>\n<footer class=\"mt-16 text-center text-[#002255] font-semibold font-['Inter']\">\n<p>ZSCNC \u2013 Pr\u00e4zision liefern. Innovation vorantreiben.<\/p>\n<\/footer><\/div>\n<\/section>\n<section class=\"bg-white mb-0 w-full' style='max-width: 100%; width: max-width: c2004\" style=\"max-width: 100%; width: 100%;\">\n<div class=\"container mx-auto px-6 py-20\">\n<h2 class=\"text-4xl font-semibold text-[#002255] mb-12 text-center font-['Inter']\">ZSCNC Kollaborations- &amp; Prozessleitfaden<\/h2>\n<div class=\"space-y-20 lg:space-y-0 lg:grid lg:grid-cols-2 lg:gap-x-16\">\n<article class=\"flex flex-col justify-between bg-gray-50 p-6 shadow-[0_4px_6px_rgba(0,0,0,0.1)] rounded-[0px]\">\n<div>\n<h3 class=\"text-2xl font-bold text-[#002255] mb-4 font-['Inter']\">Projektbeginn und Angebotserstellung<\/h3>\n<p class=\"text-[#7f8c8d] mb-6 font-system\"> Wir kl\u00e4ren Ihre Projektanforderungen, erstellen pr\u00e4zise Angebote und setzen klare Erwartungen hinsichtlich Kosten und Zeitplan, um einen reibungslosen <a href=\"\/de\/about\/manufacturing-process\/\" class=\"text-[#f46b45] hover:underline font-semibold\">Fertigungsprozess<\/a>. <\/p>\n<\/div>\n<\/article>\n<article class=\"flex flex-col justify-between lg:pt-12 bg-white p-6 shadow-[0_4px_6px_rgba(0,0,0,0.1)] rounded-[0px]\">\n<div>\n<h3 class=\"text-2xl font-bold text-[#002255] mb-4 font-['Inter']\">Prozess\u00fcberpr\u00fcfung &amp; Prototypenentwicklung<\/h3>\n<p class=\"text-[#7f8c8d] mb-6 font-system\"> Unser Team \u00fcberpr\u00fcft den Prozess sorgf\u00e4ltig und produziert <a href=\"\/de\/services\/fabrication\/rapid-prototyping\/\" class=\"text-[#f46b45] hover:underline font-semibold\">Prototypen<\/a> um die Produktgenauigkeit und Qualit\u00e4t zu gew\u00e4hrleisten. <\/p>\n<\/div>\n<\/article>\n<article class=\"flex flex-col justify-between lg:pt-12 bg-gray-50 p-6 shadow-[0_4px_6px_rgba(0,0,0,0.1)] rounded-[0px]\">\n<div>\n<h3 class=\"text-2xl font-bold text-[#002255] mb-4 font-['Inter']\">Produktion &amp; Qualit\u00e4ts\u00fcberwachung<\/h3>\n<p class=\"text-[#7f8c8d] mb-6 font-system\"> Kontinuierliche \u00dcberwachung und Inspektionen gew\u00e4hrleisten <a href=\"\/de\/about\/quality-control\/\" class=\"text-[#f46b45] hover:underline font-semibold\">hochwertige<\/a> Ausgabe, die Ihren Spezifikationen entspricht. <\/p>\n<\/div>\n<\/article>\n<article class=\"flex flex-col justify-between lg:pt-12 bg-white p-6 shadow-[0_4px_6px_rgba(0,0,0,0.1)] rounded-[0px]\">\n<div>\n<h3 class=\"text-2xl font-bold text-[#002255] mb-4 font-['Inter']\">Verpackung, Versand &amp; After-Sales-Support<\/h3>\n<p class=\"text-[#7f8c8d] mb-6 font-system\"> Zuverl\u00e4ssige Verpackung und z\u00fcgiger Versand sichern Ihre Bestellung, au\u00dferdem sorgt fortlaufender Support f\u00fcr Zufriedenheit. <\/p>\n<\/div>\n<\/article>\n<section aria-labelledby=\"faq-heading\" class=\"lg:col-span-2 mt-20 bg-gray-50 p-6 shadow-[0_4px_6px_rgba(0,0,0,0.1)] rounded-[0px] mb-0 c2665\" style=\"max-width: 100%; width: 100%;\">\n<h3 id=\"faq-heading\" class=\"text-3xl font-extrabold text-[#002255] mb-10 text-center font-['Inter']\">H\u00e4ufig gestellte Fragen<\/h3>\n<p class=\"text-[#7f8c8d] mb-6 font-system text-center\">Finden Sie Antworten auf h\u00e4ufig gestellte Fragen in unserem <a href=\"\/de\/resources\/faq\/\" class=\"text-[#f46b45] hover:underline font-semibold\">FAQ-Bereich<\/a>.<\/p>\n<dl class=\"max-w-4xl mx-auto space-y-8\">\n<div>\n<dt class=\"font-semibold text-[#002255] text-lg mb-2 font-['Inter']\">Wie starte ich ein Projekt mit ZSCNC?<\/dt>\n<dd class=\"text-[#7f8c8d] font-system\"> Kontaktieren Sie uns, um Ihre Anforderungen zu besprechen und ein detailliertes Angebot zu erhalten, das auf Ihre Bed\u00fcrfnisse zugeschnitten ist. <\/dd>\n<\/p><\/div>\n<div>\n<dt class=\"font-semibold text-[#002255] text-lg mb-2 font-['Inter']\">Was ist der Prototyping-Prozess?<\/dt>\n<dd class=\"text-[#7f8c8d] font-system\"> Wir erstellen Prototypen basierend auf Ihren Entw\u00fcrfen, um Pr\u00e4zision und Funktionalit\u00e4t vor der Serienproduktion zu \u00fcberpr\u00fcfen. <\/dd>\n<\/p><\/div>\n<div>\n<dt class=\"font-semibold text-[#002255] text-lg mb-2 font-['Inter']\">Wie stellen Sie die Produktionsqualit\u00e4t sicher?<\/dt>\n<dd class=\"text-[#7f8c8d] font-system\"> Unser Qualit\u00e4tsteam \u00fcberwacht kontinuierlich die Produktion und f\u00fchrt Inspektionen in jeder Phase durch. <\/dd>\n<\/p><\/div>\n<div>\n<dt class=\"font-semibold text-[#002255] text-lg mb-2 font-['Inter']\">Was sind Ihre Versand- und Support-Richtlinien?<\/dt>\n<dd class=\"text-[#7f8c8d] font-system\"> Wir bieten sichere Verpackung, termingerechten Versand und engagierten After-Sales-Support f\u00fcr alle Kunden. <\/dd>\n<\/p><\/div>\n<\/dl>\n<\/section><\/div>\n<\/p><\/div>\n<\/section>\n<section class=\"bg-gray-50 mb-0 w-full max-w-full' style='max-width: 100%; width: max-width: c3175\" style=\"max-width: 100%; width: 100%;\">\n<div class=\"container mx-auto px-6 py-20\">\n<h2 class=\"text-4xl font-semibold text-[#002255] mb-12 text-center font-['Inter']\">ZSCNC Prozess- &amp; F\u00e4higkeitendemonstration<\/h2>\n<div class=\"grid gap-16 lg:grid-cols-2 items-center\">\n<div>\n<h3 class=\"text-2xl font-semibold text-[#002255] mb-4 font-['Inter']\">Wichtige Bearbeitungsprozesse &amp; Arbeitsablauf<\/h3>\n<p class=\"text-[#2c3e50] mb-6 leading-relaxed font-system\"> Entdecken Sie den Pr\u00e4zisionsbearbeitungs-Workflow von ZSCNC, der Konsistenz, Genauigkeit und Effizienz liefert. Unsere optimierten Prozesse verk\u00fcrzen die Durchlaufzeiten, ohne die Qualit\u00e4t zu beeintr\u00e4chtigen. <\/p>\n<div class=\"space-y-4\">\n<p class=\"text-sm text-[#7f8c8d]\">Workflow-Demonstration, die Mehr-Achs-CNC-Drehmaschinenoperationen zeigt.<\/p>\n<\/p><\/div>\n<\/p><\/div>\n<div> <img decoding=\"async\" data-src=\"https:\/\/zscncparts.com\/wp-content\/uploads\/2025\/12\/precision-cnc-machined-oil-gas-components-6me.webp\" alt=\"CNC-Bearbeitungsprozess in Aktion\" width=\"768\" height=\"513\" class=\"rounded-[4px] shadow-lg w-full object-cover lazyload\" title=\"\" src=\"data:image\/svg+xml;base64,PHN2ZyB3aWR0aD0iMSIgaGVpZ2h0PSIxIiB4bWxucz0iaHR0cDovL3d3dy53My5vcmcvMjAwMC9zdmciPjwvc3ZnPg==\" style=\"--smush-placeholder-width: 768px; --smush-placeholder-aspect-ratio: 768\/513;\"> <\/div>\n<\/p><\/div>\n<div class=\"mt-20\">\n<h3 class=\"text-2xl font-semibold text-[#002255] mb-8 text-center font-['Inter']\">Typische Teile &amp; Anwendungsszenarien<\/h3>\n<div class=\"grid gap-10 sm:grid-cols-2 lg:grid-cols-3\">\n<div class=\"bg-white rounded-[0px] shadow-lg p-6 flex flex-col items-center text-center\"> <img decoding=\"async\" data-src=\"https:\/\/zscncparts.com\/wp-content\/uploads\/2025\/12\/complex-mechanical-component-manufacturing-qtx.webp\" alt=\"Herstellung komplexer mechanischer Komponenten\" width=\"800\" height=\"449\" class=\"mb-4 rounded-[4px] object-cover w-full lazyload\" title=\"\" src=\"data:image\/svg+xml;base64,PHN2ZyB3aWR0aD0iMSIgaGVpZ2h0PSIxIiB4bWxucz0iaHR0cDovL3d3dy53My5vcmcvMjAwMC9zdmciPjwvc3ZnPg==\" style=\"--smush-placeholder-width: 800px; --smush-placeholder-aspect-ratio: 800\/449;\"> <\/p>\n<h4 class=\"text-lg font-semibold text-[#002255] mb-2 font-['Inter']\">Komplexe mechanische Komponenten<\/h4>\n<p class=\"text-[#7f8c8d] text-sm font-system\">Hochpr\u00e4zise Fertigung f\u00fcr Luft- und Raumfahrt- sowie Automobilteile.<\/p>\n<\/p><\/div>\n<div class=\"bg-gray-50 rounded-[0px] shadow-lg p-6 flex flex-col items-center text-center\"> <img decoding=\"async\" data-src=\"https:\/\/zscncparts.com\/wp-content\/uploads\/2025\/12\/engineering-design-and-manufacturing-udf.webp\" alt=\"Ingenieurdesign und Fertigung\" width=\"626\" height=\"417\" class=\"mb-4 rounded-[4px] object-cover w-full lazyload\" title=\"\" src=\"data:image\/svg+xml;base64,PHN2ZyB3aWR0aD0iMSIgaGVpZ2h0PSIxIiB4bWxucz0iaHR0cDovL3d3dy53My5vcmcvMjAwMC9zdmciPjwvc3ZnPg==\" style=\"--smush-placeholder-width: 626px; --smush-placeholder-aspect-ratio: 626\/417;\"> <\/p>\n<h4 class=\"text-lg font-semibold text-[#002255] mb-2 font-['Inter']\">Pr\u00e4zisionsteile<\/h4>\n<p class=\"text-[#7f8c8d] text-sm font-system\">Ma\u00dfgeschneiderte L\u00f6sungen zur Unterst\u00fctzung von F&amp;E- und Prototyping-Phasen.<\/p>\n<\/p><\/div>\n<div class=\"bg-white rounded-[0px] shadow-lg p-6 flex flex-col items-center text-center\"> <img decoding=\"async\" data-src=\"https:\/\/zscncparts.com\/wp-content\/uploads\/2025\/12\/metalworking-and-turning-process-jww.webp\" alt=\"Metallbearbeitung und Drehprozess\" width=\"1300\" height=\"1012\" class=\"mb-4 rounded-[4px] object-cover w-full lazyload\" title=\"\" src=\"data:image\/svg+xml;base64,PHN2ZyB3aWR0aD0iMSIgaGVpZ2h0PSIxIiB4bWxucz0iaHR0cDovL3d3dy53My5vcmcvMjAwMC9zdmciPjwvc3ZnPg==\" style=\"--smush-placeholder-width: 1300px; --smush-placeholder-aspect-ratio: 1300\/1012;\"> <\/p>\n<h4 class=\"text-lg font-semibold text-[#002255] mb-2 font-['Inter']\">Metallbearbeitung &amp; Drehen<\/h4>\n<p class=\"text-[#7f8c8d] text-sm font-system\">Vertraut f\u00fcr die Herstellung industrieller Metallkomponenten.<\/p>\n<\/p><\/div>\n<\/p><\/div>\n<\/p><\/div>\n<\/p><\/div>\n<\/section>\n<section class=\"bg-white mb-0 max-w-full w-full' style='max-width: 100%; width: max-width: c4134\" style=\"max-width: 100%; width: 100%;\">\n<div class=\"container mx-auto px-6 py-20\">\n<h2 class=\"text-4xl font-semibold text-[#002255] max-w-4xl mx-auto text-center mb-16 font-inter\"> Updates und Kundenbindungsmodul <\/h2>\n<div class=\"grid grid-cols-1 lg:grid-cols-2 gap-16 items-center max-w-7xl mx-auto\">\n<div class=\"space-y-8\">\n<article>\n<h3 class=\"text-2xl font-bold text-[#002255] mb-3 font-inter\"> Kontinuierliche Ressourcenaktualisierungen <\/h3>\n<p class=\"text-[#7f8c8d] leading-relaxed font-sans\"> Stellen Sie sicher, dass Ihr Team stets Zugriff auf die neuesten Brancheneinblicke und Technologien durch nahtlose automatisierte Updates hat. <\/p>\n<\/article>\n<article>\n<h3 class=\"text-2xl font-bold text-[#002255] mb-3 font-inter\"> Kunden-Themenvorschl\u00e4ge und Feedback <\/h3>\n<p class=\"text-[#7f8c8d] leading-relaxed font-sans\"> Erm\u00f6glichen Sie es Kunden, Themen vorzuschlagen und Feedback zu geben, um einen dynamischen Dialog zu schaffen, der Produkt- und Serviceverbesserungen vorantreibt. Erfahren Sie mehr \u00fcber unseren Ansatz zur Kundenbindung auf der \u00dcber uns-Seite. <\/p>\n<\/article>\n<article>\n<h3 class=\"text-2xl font-bold text-[#002255] mb-3 font-inter\"> Weiterentwickeltes Wissenszentrum und Partnerschaftsfokus <\/h3>\n<p class=\"text-[#7f8c8d] leading-relaxed font-sans\"> Arbeiten Sie mit Partnern zusammen, um das Wissenszentrum kontinuierlich zu erweitern und zu verfeinern, und f\u00f6rdern Sie eine Kultur der Innovation und gemeinsamen Wachstums. <\/p>\n<\/article>\n<p> <a href=\"https:\/\/zscncparts.com\/de\/request-quote\/\" aria-label=\"Erfahren Sie mehr \u00fcber ZSCNC-Updates und Engagement\"><button type=\"button\" class=\"bg-gradient-to-tr from-[#002255] to-[#2a5298] text-white h-12 px-6 text-base rounded-[0px] flex items-center justify-center border-none cursor-pointer mt-6\">Entdecken Sie ZSCNC-L\u00f6sungen<\/button><\/a> <\/div>\n<div> <img decoding=\"async\" data-src=\"https:\/\/zscncparts.com\/wp-content\/uploads\/2025\/12\/knowledge-graph-fusion-illustrating-advanced-manufacturing-planning-xic.webp\" alt=\"Fusion des Wissensgraphen, der fortschrittliche Fertigungsplanung veranschaulicht\" class=\"w-full h-auto rounded-[4px] shadow-[0_4px_6px_rgba(0,0,0,0.1)]&#039; width=&#039;940&#039; height=&#039;590&#039; loading=&#039;lazy&#039; decoding=&#039;async lazyload\" title=\"\" src=\"data:image\/svg+xml;base64,PHN2ZyB3aWR0aD0iMSIgaGVpZ2h0PSIxIiB4bWxucz0iaHR0cDovL3d3dy53My5vcmcvMjAwMC9zdmciPjwvc3ZnPg==\" style=\"--smush-placeholder-width: 1536px; --smush-placeholder-aspect-ratio: 1536\/1026;\"> <\/div>\n<\/p><\/div>\n<\/p><\/div>\n<\/section>\n<p><\/body><\/p>\n<p><!-- AIVB Required Assets -->\n<link rel=\"stylesheet\" href=\"https:\/\/cdn.jsdelivr.net\/npm\/tailwindcss@2.2.19\/dist\/tailwind.min.css\">\n<link rel=\"stylesheet\" id=\"aivb-fontawesome-css\" href=\"https:\/\/cdn.jsdelivr.net\/npm\/@fortawesome\/fontawesome-free@6.4.0\/css\/all.min.css?ver=6.4.0\" media=\"all\">\n<script src=\"https:\/\/cdn.tailwindcss.com\"><\/script><\/p>\n<style>\n#content { width: 100% !important;  max-width: 100% !important; }\n#content > div:first-child { width: 100% !important;  max-width: 100% !important; }\n.ast-container { width: 100% !important;  max-width: 100% !important; }\nmain#content { width: 100% !important; max-width: 100% !important; }\n.page-content { width: 100% !important; max-width: 100% !important; }\n.site-content .ast-container { display: block !important; }\n<\/style>","protected":false},"excerpt":{"rendered":"<p>CNC Machining Knowledge Center Drive manufacturing innovation with our deep insights and curated knowledge. Empower decisions, enhance process planning, and [&hellip;]<\/p>","protected":false},"author":1,"featured_media":0,"parent":0,"menu_order":0,"comment_status":"closed","ping_status":"closed","template":"","meta":{"_monsterinsights_skip_tracking":false,"_monsterinsights_sitenote_active":false,"_monsterinsights_sitenote_note":"","_monsterinsights_sitenote_category":0,"site-sidebar-layout":"no-sidebar","site-content-layout":"page-builder","ast-site-content-layout":"default","site-content-style":"unboxed","site-sidebar-style":"default","ast-global-header-display":"","ast-banner-title-visibility":"","ast-main-header-display":"","ast-hfb-above-header-display":"","ast-hfb-below-header-display":"","ast-hfb-mobile-header-display":"","site-post-title":"","ast-breadcrumbs-content":"","ast-featured-img":"","footer-sml-layout":"","theme-transparent-header-meta":"","adv-header-id-meta":"","stick-header-meta":"","header-above-stick-meta":"","header-main-stick-meta":"","header-below-stick-meta":"","astra-migrate-meta-layouts":"default","ast-page-background-enabled":"default","ast-page-background-meta":{"desktop":{"background-color":"var(--ast-global-color-5)","background-image":"","background-repeat":"repeat","background-position":"center center","background-size":"auto","background-attachment":"scroll","background-type":"","background-media":"","overlay-type":"","overlay-color":"","overlay-opacity":"","overlay-gradient":""},"tablet":{"background-color":"","background-image":"","background-repeat":"repeat","background-position":"center center","background-size":"auto","background-attachment":"scroll","background-type":"","background-media":"","overlay-type":"","overlay-color":"","overlay-opacity":"","overlay-gradient":""},"mobile":{"background-color":"","background-image":"","background-repeat":"repeat","background-position":"center center","background-size":"auto","background-attachment":"scroll","background-type":"","background-media":"","overlay-type":"","overlay-color":"","overlay-opacity":"","overlay-gradient":""}},"ast-content-background-meta":{"desktop":{"background-color":"var(--ast-global-color-4)","background-image":"","background-repeat":"repeat","background-position":"center center","background-size":"auto","background-attachment":"scroll","background-type":"","background-media":"","overlay-type":"","overlay-color":"","overlay-opacity":"","overlay-gradient":""},"tablet":{"background-color":"var(--ast-global-color-4)","background-image":"","background-repeat":"repeat","background-position":"center center","background-size":"auto","background-attachment":"scroll","background-type":"","background-media":"","overlay-type":"","overlay-color":"","overlay-opacity":"","overlay-gradient":""},"mobile":{"background-color":"var(--ast-global-color-4)","background-image":"","background-repeat":"repeat","background-position":"center center","background-size":"auto","background-attachment":"scroll","background-type":"","background-media":"","overlay-type":"","overlay-color":"","overlay-opacity":"","overlay-gradient":""}},"footnotes":""},"class_list":["post-2534","page","type-page","status-publish","hentry"],"_links":{"self":[{"href":"https:\/\/zscncparts.com\/de\/wp-json\/wp\/v2\/pages\/2534","targetHints":{"allow":["GET"]}}],"collection":[{"href":"https:\/\/zscncparts.com\/de\/wp-json\/wp\/v2\/pages"}],"about":[{"href":"https:\/\/zscncparts.com\/de\/wp-json\/wp\/v2\/types\/page"}],"author":[{"embeddable":true,"href":"https:\/\/zscncparts.com\/de\/wp-json\/wp\/v2\/users\/1"}],"replies":[{"embeddable":true,"href":"https:\/\/zscncparts.com\/de\/wp-json\/wp\/v2\/comments?post=2534"}],"version-history":[{"count":0,"href":"https:\/\/zscncparts.com\/de\/wp-json\/wp\/v2\/pages\/2534\/revisions"}],"wp:attachment":[{"href":"https:\/\/zscncparts.com\/de\/wp-json\/wp\/v2\/media?parent=2534"}],"curies":[{"name":"wp","href":"https:\/\/api.w.org\/{rel}","templated":true}]}}