{"id":2504,"date":"2025-11-30T22:40:39","date_gmt":"2025-11-30T14:40:39","guid":{"rendered":"https:\/\/zscncparts.com\/?page_id=2504"},"modified":"2025-12-04T20:56:33","modified_gmt":"2025-12-04T12:56:33","slug":"automotive","status":"publish","type":"page","link":"https:\/\/zscncparts.com\/de\/industries\/automotive\/","title":{"rendered":"Automobilindustrie"},"content":{"rendered":"<style>* { box-sizing: border-box; } body {margin: 0;}*{box-sizing:border-box;}body{margin-top:0px;margin-right:0px;margin-bottom:0px;margin-left:0px;}#content > div:first-child{width:100% !important;max-width:100% !important;}main#content{width:100% !important;max-width:100% !important;}.site-content .ast-container{display:block !important;}.c909{max-width:100%;width:100%;}.c1225{max-width:100%;width:100%;}.c1690{max-width:100%;width:100%;}.c2204{max-width:100%;width:100%;}.c2704{max-width:100%;width:100%;}.c3207{max-width:100%;width:100%;}.c3723{max-width:100%;width:100%;}.c20749{max-width:100%;width:100%;}.c21003{max-width:100%;width:100%;}.c21446{max-width:100%;width:100%;}.c21952{max-width:100%;width:100%;}.c22445{max-width:100%;width:100%;}.c22910{max-width:100%;width:100%;}.c23423{max-width:100%;width:100%;}.c35405{max-width:100%;width:100%;}.c35659{max-width:100%;width:100%;}.c36102{max-width:100%;width:100%;}.c36608{max-width:100%;width:100%;}.c37101{max-width:100%;width:100%;}.c37566{max-width:100%;width:100%;}.c38079{max-width:100%;width:100%;}<\/style>\n<p><body><\/p>\n<section class=\"relative bg-white bg-[url('https:\/\/zscncparts.com\/wp-content\/uploads\/2025\/11\/cnc-machining-operation-yh2.webp')] bg-center bg-no-repeat bg-cover max-h-[600px] sm:max-h-[700px] md:max-h-[720px] lg:max-h-[680px] xl:max-h-[720px] mb-0 max-w-full w-full c909 c20749 c35405\" style=\"max-width: 100%; width: 100%;\">\n<div class=\"absolute inset-0 bg-[#002255] bg-opacity-60\"><\/div>\n<div class=\"relative z-10 max-w-7xl mx-auto px-6 py-20 sm:py-32 flex flex-col justify-center h-full container\">\n<h1 class=\"text-white text-3xl sm:text-4xl md:text-4xl font-extrabold leading-tight max-w-3xl font-['Inter']\"> Hochleistungs-Bearbeitungsl\u00f6sungen f\u00fcr die Automobilindustrie <\/h1>\n<p class=\"mt-6 text-lg sm:text-xl text-white max-w-2xl font-medium leading-relaxed font-sans\"> Liefern Sie Pr\u00e4zision, Effizienz und Skalierbarkeit mit ZSCNCs fortschrittlicher Bearbeitungstechnologie. Treiben Sie die Exzellenz in der Automobilherstellung mit unserem vertrauensw\u00fcrdigen <\/p>\n<div class=\"mt-10 flex flex-col sm:flex-row gap-4 max-w-xs sm:max-w-none\">\n<div class=\"rounded-[0px] shadow-[0_4px_6px_rgba(0,0,0,0.1)]\"> <button type=\"button\" class=\"bg-gradient-to-bl from-[rgba(0,34,85,1)] to-[rgba(42,82,152,1)] text-white h-12 px-6 text-base rounded-[0px] flex items-center justify-center border-none cursor-pointer\"> <a href=\"https:\/\/zscncparts.com\/de\/request-quote\/\" class=\"text-[#f46b45] hover:underline font-semibold\">Demo anfordern<\/a> <\/button> <\/div>\n<div class=\"rounded-[0px] shadow-[0_4px_6px_rgba(0,0,0,0.1)]\">  <\/div>\n<\/p><\/div>\n<\/p><\/div>\n<\/section>\n<section class=\"bg-white text-[#2c3e50] mb-0 max-w-full w-full' style='max-width: 100%; width: max-width: c1225 c21003 c35659\" style=\"max-width: 100%; width: 100%;\">\n<div class=\"container mx-auto px-6 py-20\">\n<h2 class=\"text-3xl font-bold font-['Inter'] text-[#002255] mb-12 text-center\"> Kernautomobilkomponenten, die von ZSCNC verarbeitet werden <\/h2>\n<div class=\"grid gap-12 lg:grid-cols-2\">\n<article class=\"flex flex-col justify-center font-system\">\n<h3 class=\"text-2xl font-semibold font-['Inter'] text-[#002255] mb-4\"> Antriebsstrang- und Getriebe-Komponenten <\/h3>\n<p class=\"mb-6 max-w-prose text-[#2c3e50]\"> ZSCNC liefert Pr\u00e4zisions-CNC-Bearbeitung f\u00fcr kritische Antriebsstrangteile, die Haltbarkeit und optimale Leistung unter extremen Bedingungen gew\u00e4hrleisten. <\/p>\n<h3 class=\"text-2xl font-semibold font-['Inter'] text-[#002255] mb-4\"> Fahrgestell- und Aufh\u00e4ngungsstruktureile <\/h3>\n<p class=\"mb-6 max-w-prose text-[#2c3e50]\"> Unsere Expertise umfasst strukturelle Fahrgestellkomponenten mit engen Toleranzen, die St\u00e4rke und Stabilit\u00e4t f\u00fcr Fahrzeugsicherheit und Komfort bieten. <\/p>\n<h3 class=\"text-2xl font-semibold font-['Inter'] text-[#002255] mb-4\"> Karosserie- und Innenraum-Funktionshardware <\/h3>\n<p class=\"mb-6 max-w-prose text-[#2c3e50]\"> Wir fertigen hochwertige Karosserieteile und Innenraumhardware durch fortschrittliche <a href=\"\/de\/services\/cnc-machining\/milling\/\" class=\"text-[#f46b45] hover:underline font-semibold\">Fr\u00e4sen<\/a>, die Funktionalit\u00e4t mit \u00e4sthetischer Pr\u00e4zision verbinden, um den Fahrzeugwert zu steigern. <\/p>\n<h3 class=\"text-2xl font-semibold font-['Inter'] text-[#002255] mb-4\"> Neue Energie- und elektronische Steuerungskomponenten <\/h3>\n<p class=\"max-w-prose text-[#2c3e50]\"> ZSCNC unterst\u00fctzt fortschrittliche Systeme f\u00fcr Fahrzeuge mit neuer Energie, indem es elektronische Steuerungen und High-Tech-Komponenten mit hohen Standards f\u00fcr Zuverl\u00e4ssigkeit produziert, einschlie\u00dflich <a href=\"\/de\/services\/cnc-machining\/turning\/\" class=\"text-[#f46b45] hover:underline font-semibold\">Drehen<\/a> Dienstleistungen. <\/p>\n<\/article>\n<div class=\"flex items-center justify-center\"> <img decoding=\"async\" data-src=\"https:\/\/zscncparts.com\/wp-content\/uploads\/2025\/12\/precision-cnc-machining-of-automotive-parts-arr.webp\" alt=\"Pr\u00e4zisions-CNC-Bearbeitung von Automobilteilen\" width=\"550\" height=\"550\" class=\"rounded-[4px] shadow-[0_4px_6px_rgba(0,0,0,0.1)] w-full max-w-md object-cover&#039; loading=&#039;lazy lazyload\" title=\"\" src=\"data:image\/svg+xml;base64,PHN2ZyB3aWR0aD0iMSIgaGVpZ2h0PSIxIiB4bWxucz0iaHR0cDovL3d3dy53My5vcmcvMjAwMC9zdmciPjwvc3ZnPg==\" style=\"--smush-placeholder-width: 550px; --smush-placeholder-aspect-ratio: 550\/550;\"> <\/div>\n<\/p><\/div>\n<\/p><\/div>\n<\/section>\n<section class=\"bg-white mb-0 max-w-full w-full' style='max-width: 100%; width: max-width: c1690 c21446 c36102\" style=\"max-width: 100%; width: 100%;\">\n<div class=\"container mx-auto px-6 py-20\">\n<h2 class=\"text-3xl md:text-4xl font-semibold font-['Inter'] text-[#002255] max-w-4xl mx-auto text-center\"> Automobilindustrie <a href=\"\/de\/materials\/\" class=\"text-[#f46b45] hover:underline font-semibold\">Materialien<\/a> Expertise &amp; Leistungsabgleich <\/h2>\n<p class=\"mt-6 text-lg font-sans text-[#2c3e50] max-w-3xl mx-auto text-center leading-relaxed\"> Bei ZSCNC spezialisieren wir uns auf pr\u00e4zise Automobilmaterialien, die entwickelt wurden, um exakte Leistungsanforderungen zu erf\u00fcllen. Unsere Expertise sorgt f\u00fcr optimale Haltbarkeit, Gewichtsreduzierung und Kosteneffizienz f\u00fcr Ihre Projekte. <\/p>\n<div class=\"mt-16 grid gap-16 lg:grid-cols-2 lg:items-center\">\n<div> <img decoding=\"async\" data-src=\"https:\/\/zscncparts.com\/wp-content\/uploads\/2025\/12\/custom-automotive-parts-manufactured-by-zscnc-h3v.webp\" alt=\"Ma\u00dfgeschneiderte Automobilteile hergestellt von ZSCNC\" width=\"900\" height=\"510\" class=\"rounded-[4px] shadow-[0_4px_6px_rgba(0,0,0,0.1)] w-full object-cover max-h-[320px] md:max-h-[440px] lg:max-h-[510px]&#039; loading=&#039;lazy lazyload\" title=\"\" src=\"data:image\/svg+xml;base64,PHN2ZyB3aWR0aD0iMSIgaGVpZ2h0PSIxIiB4bWxucz0iaHR0cDovL3d3dy53My5vcmcvMjAwMC9zdmciPjwvc3ZnPg==\" style=\"--smush-placeholder-width: 900px; --smush-placeholder-aspect-ratio: 900\/510;\"> <\/div>\n<div class=\"space-y-10\">\n<article>\n<h3 class=\"text-xl font-semibold font-['Inter'] text-[#002255] mb-2\"> Pr\u00e4zise Materialauswahl <\/h3>\n<p class=\"text-[#2c3e50] leading-relaxed font-sans\"> Unsere Materialingenieure analysieren Anwendungsparameter, um Legierungen und Verbundstoffe auszuw\u00e4hlen, die \u00fcberlegene Festigkeit und thermische Stabilit\u00e4t bieten. <\/p>\n<\/article>\n<article>\n<h3 class=\"text-xl font-semibold font-['Inter'] text-[#002255] mb-2\"> Leistungsabgleich &amp; Validierung <\/h3>\n<p class=\"text-[#2c3e50] leading-relaxed font-sans\"> Mit fortschrittlicher Simulation und Tests stimmen wir Materialeigenschaften auf die Leistungsanforderungen Ihres Fahrzeugs ab, um zuverl\u00e4ssige Ergebnisse zu gew\u00e4hrleisten. <\/p>\n<\/article>\n<article>\n<h3 class=\"text-xl font-semibold font-['Inter'] text-[#002255] mb-2\"> End-to-End-Unterst\u00fctzung f\u00fcr OEMs <\/h3>\n<p class=\"text-[#2c3e50] leading-relaxed font-sans\"> Von der Prototypentwicklung bis zur Serienfertigung bietet ZSCNC durchgehend Qualit\u00e4t und fachkundige Beratung entlang Ihrer Lieferkette. <\/p>\n<\/article>\n<p> <button type=\"button\" aria-label=\"Kontaktieren Sie ZSCNC f\u00fcr Fachwissen im Bereich Automobilmaterialien\" class=\"mt-6 bg-gradient-to-tr from-[#002255] to-[#2a5298] text-white h-12 px-6 text-base rounded-[0px] flex items-center justify-center border-none cursor-pointer\"><a href=\"https:\/\/zscncparts.com\/de\/services\/\" class=\"text-white no-underline\">Entdecken Sie unsere L\u00f6sungen<\/a><\/button> <\/div>\n<\/p><\/div>\n<\/p><\/div>\n<\/section>\n<section class=\"bg-[#ffffff] mb-0 w-full max-w-full' style='max-width: 100%; width: max-width: c2204 c21952 c36608\" style=\"max-width: 100%; width: 100%;\">\n<div class=\"container mx-auto px-6 py-20\">\n<h2 class=\"text-3xl font-semibold text-[#002255] text-center mb-12 font-['Inter']\">ZSCNCs fortschrittliche Verarbeitungskapazit\u00e4ten f\u00fcr Automobilprojekte<\/h2>\n<div class=\"grid gap-16 max-w-7xl mx-auto lg:grid-cols-2\">\n<div class=\"flex flex-col justify-center space-y-8\">\n<article>\n<h3 class=\"text-xl font-bold text-[#002255] mb-3 font-['Inter']\">Pr\u00e4zisions-CNC-Drehen und Fr\u00e4sen<\/h3>\n<p class=\"text-[#7f8c8d]\">Experten-CNC-Drehen und Fr\u00e4sen gew\u00e4hrleisten enge Toleranzen f\u00fcr kritische Automobilkomponenten mit gleichbleibender Qualit\u00e4t.<\/p>\n<\/article>\n<article>\n<h3 class=\"text-xl font-bold text-[#002255] mb-3 font-['Inter']\">Verbund- und Mehrfachoperationen-Bearbeitung<\/h3>\n<p class=\"text-[#7f8c8d]\">Unsere Mehrfachoperationen-Bearbeitungskapazit\u00e4ten reduzieren R\u00fcstzeiten und verbessern die Ma\u00dfgenauigkeit bei komplexen Bauteilen.<\/p>\n<\/article>\n<article>\n<h3 class=\"text-xl font-bold text-[#002255] mb-3 font-['Inter']\">Kleine Serienprototypen und Designvalidierung<\/h3>\n<p class=\"text-[#7f8c8d]\">Schnelles Prototyping unterst\u00fctzt die Designvalidierung und -iteration und beschleunigt die Entwicklungszyklen von Automobilprojekten.<\/p>\n<\/article>\n<article>\n<h3 class=\"text-xl font-bold text-[#002255] mb-3 font-['Inter']\">Qualit\u00e4tskontrolle und Ma\u00dfinspektion<\/h3>\n<p class=\"text-[#7f8c8d]\">Umfassende Inspektionsprozesse stellen sicher, dass jedes Teil den Ma\u00dfvorgaben und funktionalen Anforderungen entspricht.<\/p>\n<\/article><\/div>\n<div class=\"overflow-hidden rounded-[4px] shadow-[0_4px_6px_rgba(0,0,0,0.1)]\"> <img decoding=\"async\" data-src=\"https:\/\/zscncparts.com\/wp-content\/uploads\/2025\/12\/custom-automotive-parts-manufacturing-precision-cnc-bop.webp\" alt=\"Ma\u00dfgeschneiderte Automobilteile Fertigung mit Pr\u00e4zisions-CNC\" width=\"1024\" height=\"536\" class=\"object-cover w-full h-full rounded-[4px]&#039; loading=&#039;lazy lazyload\" title=\"\" src=\"data:image\/svg+xml;base64,PHN2ZyB3aWR0aD0iMSIgaGVpZ2h0PSIxIiB4bWxucz0iaHR0cDovL3d3dy53My5vcmcvMjAwMC9zdmciPjwvc3ZnPg==\" style=\"--smush-placeholder-width: 1024px; --smush-placeholder-aspect-ratio: 1024\/536;\"> <\/div>\n<\/p><\/div>\n<\/p><\/div>\n<\/section>\n<section class=\"bg-white mb-0 max-w-full w-full' style='max-width: 100%; width: max-width: c2704 c22445 c37101\" style=\"max-width: 100%; width: 100%;\">\n<div class=\"container mx-auto px-6 py-20\">\n<h2 class=\"text-3xl font-bold text-[#002255] text-center mb-12 font-['Inter']\">Automobil-Kollaborationsmodelle &amp; Kundenszenarien<\/h2>\n<div class=\"grid gap-8 lg:grid-cols-2\">\n<article class=\"flex flex-col items-center bg-white rounded-[0px] shadow-md overflow-hidden\">\n<div class=\"p-4 w-full font-system\">\n<h3 class=\"text-lg font-semibold text-[#002255] mb-2 font-['Inter']\">Erstausr\u00fcster (OEMs) und Plattform-F&amp;E-Teams<\/h3>\n<p class=\"text-[#7f8c8d] mb-2 text-sm\">Fr\u00fchzeitige Zusammenarbeit mit F&amp;E, um Pr\u00e4zisions-CNC-Bearbeitung zu integrieren und Qualit\u00e4t sowie Skalierbarkeit zu gew\u00e4hrleisten.<\/p>\n<p class=\"text-[#7f8c8d] text-sm\">ZSCNC unterst\u00fctzt nahtlose Kommunikation und iterative Prototypenentwicklung, ma\u00dfgeschneidert f\u00fcr Innovationzyklen in der Automobilbranche.<\/p>\n<\/div>\n<\/article>\n<article class=\"flex flex-col items-center bg-gray-50 rounded-[0px] shadow-md overflow-hidden\">\n<div class=\"p-4 w-full font-system\">\n<h3 class=\"text-lg font-semibold text-[#002255] mb-2 font-['Inter']\">Tier-1- und Tier-2-Zulieferer<\/h3>\n<p class=\"text-[#7f8c8d] mb-2 text-sm\">Erm\u00f6glichen Just-in-Time-Produktion mit Echtzeit-Prozessverfolgung und pr\u00e4ziser Komponentenlieferung.<\/p>\n<p class=\"text-[#7f8c8d] text-sm\">ZSCNC integriert Zulieferer-Workflows, um die Prozesse zu optimieren <a href=\"\/de\/about\/quality-control\/\" class=\"text-[#f46b45] hover:underline font-semibold\">Qualit\u00e4tskontrolle<\/a> und Durchlaufzeiten in den verschiedenen Stufen zu reduzieren.<\/p>\n<\/div>\n<\/article>\n<article class=\"flex flex-col items-center bg-white rounded-[0px] shadow-md overflow-hidden\">\n<div class=\"p-4 w-full font-system\">\n<h3 class=\"text-lg font-semibold text-[#002255] mb-2 font-['Inter']\">Aftermarket- und Rennteams<\/h3>\n<p class=\"text-[#7f8c8d] mb-2 text-sm\">Liefern hochgradig individualisierte, leistungsorientierte Teile mit schneller Fertigung und langlebigen Materialien.<\/p>\n<p class=\"text-[#7f8c8d] text-sm\">ZSCNC f\u00f6rdert Innovationen f\u00fcr Rennfahrer und Modifikatoren durch flexible Bestellmengen und fachkundige Unterst\u00fctzung.<\/p>\n<\/div>\n<\/article>\n<article class=\"flex flex-col items-center bg-gray-50 rounded-[0px] shadow-md overflow-hidden\">\n<div class=\"p-4 w-full font-system\">\n<h3 class=\"text-lg font-semibold text-[#002255] mb-2 font-['Inter']\">Automobil-Elektronik &amp; Startups im Bereich Neue Energien<\/h3>\n<p class=\"text-[#7f8c8d] mb-2 text-sm\">Unterst\u00fctzung bei schnellem Wachstum durch fortschrittliche F&amp;E-Zusammenarbeit bei <a href=\"\/de\/industries\/electronics\/\" class=\"text-[#f46b45] hover:underline font-semibold\">Elektronik<\/a> und nachhaltigen <a href=\"\/de\/industries\/energy\/\" class=\"text-[#f46b45] hover:underline font-semibold\">Energie<\/a> Komponenten.<\/p>\n<p class=\"text-[#7f8c8d] text-sm\">ZSCNC liefert Pr\u00e4zision, Geschwindigkeit und Qualit\u00e4t, die Startups f\u00fcr disruptive Automobiltechnologien verlangen.<\/p>\n<\/div>\n<\/article>\n<\/div><\/div>\n<\/section>\n<section class=\"bg-white mb-0 w-full' style='max-width: 100%; width: max-width: c3207 c22910 c37566\" style=\"max-width: 100%; width: 100%;\">\n<div class=\"container mx-auto px-6 py-20\">\n<h2 class=\"text-3xl font-semibold text-[#002255] text-center mb-12 font-['Inter']\">Automobilstandard-Qualit\u00e4tssicherung &amp; Lieferqualit\u00e4t<\/h2>\n<div class=\"grid gap-16 lg:grid-cols-2\">\n<div class=\"flex flex-col justify-center space-y-8\">\n<div>\n<h3 class=\"text-xl font-bold text-[#002255] mb-2 font-['Inter']\">End-to-End-Qualit\u00e4tskontrolle<\/h3>\n<p class=\"text-[#7f8c8d] leading-relaxed font-sans\">Wir gew\u00e4hrleisten eine umfassende Qualit\u00e4tskontrolle in jeder Phase, von Rohmaterialien bis zur Endmontage, und erf\u00fcllen strenge Automobilstandards.<\/p>\n<\/p><\/div>\n<div>\n<h3 class=\"text-xl font-bold text-[#002255] mb-2 font-['Inter']\"><a href=\"\/de\/about\/manufacturing-process\/\" class=\"text-[#f46b45] hover:underline font-semibold\">Prozess<\/a> Dokumentation &amp; Produktionsaufzeichnungen<\/h3>\n<p class=\"text-[#7f8c8d] leading-relaxed font-sans\">Genaue Dokumentation und nachvollziehbare Produktionsaufzeichnungen garantieren Transparenz und Einhaltung w\u00e4hrend des gesamten Herstellungsprozesses.<\/p>\n<\/p><\/div>\n<div>\n<h3 class=\"text-xl font-bold text-[#002255] mb-2 font-['Inter']\">Verpackungs- &amp; Internationaler Versand-Expertenwissen<\/h3>\n<p class=\"text-[#7f8c8d] leading-relaxed font-sans\">Spezialisierte Verpackungsl\u00f6sungen sch\u00fctzen Teile w\u00e4hrend des Transports, unterst\u00fctzt durch bew\u00e4hrte Expertise in globaler Logistik und Zollverfahren.<\/p>\n<\/p><\/div>\n<div>\n<h3 class=\"text-xl font-bold text-[#002255] mb-2 font-['Inter']\">Lieferplanung &amp; Chargenmanagement<\/h3>\n<p class=\"text-[#7f8c8d] leading-relaxed font-sans\">Wir optimieren Lieferzeiten durch sorgf\u00e4ltiges Chargenmanagement, um Just-in-Time-Verf\u00fcgbarkeit zu gew\u00e4hrleisten und Ausfallzeiten zu reduzieren.<\/p>\n<\/p><\/div>\n<\/p><\/div>\n<div> <img decoding=\"async\" data-src=\"https:\/\/zscncparts.com\/wp-content\/uploads\/2025\/12\/precision-automotive-parts-cnc-machining-with-various-surface-treatments-0au.webp\" alt=\"Pr\u00e4zisionsautomobilteile CNC-Bearbeitung mit verschiedenen Oberfl\u00e4chenbehandlungen\" width=\"700\" height=\"700\" class=\"rounded-[4px] shadow-[0_4px_6px_rgba(0,0,0,0.1)] object-cover w-full h-auto&#039; loading=&#039;lazy&#039; decoding=&#039;async lazyload\" title=\"\" src=\"data:image\/svg+xml;base64,PHN2ZyB3aWR0aD0iMSIgaGVpZ2h0PSIxIiB4bWxucz0iaHR0cDovL3d3dy53My5vcmcvMjAwMC9zdmciPjwvc3ZnPg==\" style=\"--smush-placeholder-width: 700px; --smush-placeholder-aspect-ratio: 700\/700;\"> <\/div>\n<\/p><\/div>\n<\/p><\/div>\n<\/section>\n<section class=\"bg-white mb-0 max-w-full w-full' style='max-width: 100%; width: max-width: c3723 c23423 c38079\" style=\"max-width: 100%; width: 100%;\">\n<div class=\"container mx-auto px-6 py-20\">\n<h2 class=\"text-3xl font-bold text-[#002255] text-center mb-12 font-['Inter']\">Effiziente Zusammenarbeit f\u00fcr Automobilprojekte<\/h2>\n<div class=\"grid grid-cols-1 md:grid-cols-2 gap-6 mx-auto\">\n<article class=\"flex flex-col items-start gap-4 bg-gray-50 p-6\">\n<div><span class=\"text-xl font-semibold text-[#002255] mr-2\">1.<\/span><\/p>\n<h3 class=\"inline text-xl font-semibold text-[#002255] mb-2 font-['Inter']\">Projektanforderungen &amp; Konstruktionspr\u00fcfung<\/h3>\n<p class=\"text-[#7f8c8d] leading-relaxed font-system\">Effizient zusammenarbeiten, um Spezifikationen zu kl\u00e4ren und technische Zeichnungen vor der Produktion auf Genauigkeit zu \u00fcberpr\u00fcfen.<\/p>\n<\/div>\n<\/article>\n<article class=\"flex flex-col items-start gap-4 bg-white p-6\">\n<div><span class=\"text-xl font-semibold text-[#002255] mr-2\">2.<\/span><\/p>\n<h3 class=\"inline text-xl font-semibold text-[#002255] mb-2 font-['Inter']\">Angebots- &amp; Prozessplanbest\u00e4tigung<\/h3>\n<p class=\"text-[#7f8c8d] leading-relaxed font-system\">Best\u00e4tigen Sie wettbewerbsf\u00e4hige Angebote und detaillierte Prozesspl\u00e4ne, um transparente Kosten und effiziente Arbeitsabl\u00e4ufe sicherzustellen.<\/p>\n<\/div>\n<\/article>\n<article class=\"flex flex-col items-start gap-4 bg-gray-50 p-6\">\n<div><span class=\"text-xl font-semibold text-[#002255] mr-2\">3.<\/span><\/p>\n<h3 class=\"inline text-xl font-semibold text-[#002255] mb-2 font-['Inter']\">Musterdproduktion &amp; Ma\u00dfhaltigkeitspr\u00fcfung<\/h3>\n<p class=\"text-[#7f8c8d] leading-relaxed font-system\">Prototypen herstellen und pr\u00e4zise Ma\u00dfkontrollen durchf\u00fchren, um Qualit\u00e4t und Passgenauigkeit vor der Serienproduktion zu garantieren.<\/p>\n<\/div>\n<\/article>\n<article class=\"flex flex-col items-start gap-4 bg-white p-6\">\n<div><span class=\"text-xl font-semibold text-[#002255] mr-2\">4.<\/span><\/p>\n<h3 class=\"inline text-xl font-semibold text-[#002255] mb-2 font-['Inter']\">Auf stabile Produktion skalieren<\/h3>\n<p class=\"text-[#7f8c8d] leading-relaxed font-system\">Reibungsloser \u00dcbergang in die Volumenfertigung mit konsistenten Qualit\u00e4tskontrollen, termingerechte Lieferung.<\/p>\n<\/div>\n<\/article>\n<\/div><\/div>\n<\/section>\n<p><\/body><\/p>\n<p><!-- AIVB Required Assets -->\n<link rel=\"stylesheet\" href=\"https:\/\/cdn.jsdelivr.net\/npm\/tailwindcss@2.2.19\/dist\/tailwind.min.css\">\n<link rel=\"stylesheet\" id=\"aivb-fontawesome-css\" href=\"https:\/\/cdn.jsdelivr.net\/npm\/@fortawesome\/fontawesome-free@6.4.0\/css\/all.min.css?ver=6.4.0\" media=\"all\">\n<script src=\"https:\/\/cdn.tailwindcss.com\"><\/script><\/p>\n<style>\n#content { width: 100% !important;  max-width: 100% !important; }\n#content > div:first-child { width: 100% !important;  max-width: 100% !important; }\n.ast-container { width: 100% !important;  max-width: 100% !important; }\nmain#content { width: 100% !important; max-width: 100% !important; }\n.page-content { width: 100% !important; max-width: 100% !important; }\n.site-content .ast-container { display: block !important; }\n<\/style>","protected":false},"excerpt":{"rendered":"<p>High Performance Machining Solutions for the Automotive Industry Deliver precision, efficiency, and scalability with ZSCNC&rsquo;s advanced machining technology. Drive automotive [&hellip;]<\/p>","protected":false},"author":1,"featured_media":0,"parent":2503,"menu_order":0,"comment_status":"closed","ping_status":"closed","template":"","meta":{"_monsterinsights_skip_tracking":false,"_monsterinsights_sitenote_active":false,"_monsterinsights_sitenote_note":"","_monsterinsights_sitenote_category":0,"site-sidebar-layout":"no-sidebar","site-content-layout":"page-builder","ast-site-content-layout":"default","site-content-style":"unboxed","site-sidebar-style":"default","ast-global-header-display":"","ast-banner-title-visibility":"","ast-main-header-display":"","ast-hfb-above-header-display":"","ast-hfb-below-header-display":"","ast-hfb-mobile-header-display":"","site-post-title":"","ast-breadcrumbs-content":"","ast-featured-img":"","footer-sml-layout":"","theme-transparent-header-meta":"","adv-header-id-meta":"","stick-header-meta":"","header-above-stick-meta":"","header-main-stick-meta":"","header-below-stick-meta":"","astra-migrate-meta-layouts":"default","ast-page-background-enabled":"default","ast-page-background-meta":{"desktop":{"background-color":"var(--ast-global-color-5)","background-image":"","background-repeat":"repeat","background-position":"center center","background-size":"auto","background-attachment":"scroll","background-type":"","background-media":"","overlay-type":"","overlay-color":"","overlay-opacity":"","overlay-gradient":""},"tablet":{"background-color":"","background-image":"","background-repeat":"repeat","background-position":"center center","background-size":"auto","background-attachment":"scroll","background-type":"","background-media":"","overlay-type":"","overlay-color":"","overlay-opacity":"","overlay-gradient":""},"mobile":{"background-color":"","background-image":"","background-repeat":"repeat","background-position":"center center","background-size":"auto","background-attachment":"scroll","background-type":"","background-media":"","overlay-type":"","overlay-color":"","overlay-opacity":"","overlay-gradient":""}},"ast-content-background-meta":{"desktop":{"background-color":"var(--ast-global-color-4)","background-image":"","background-repeat":"repeat","background-position":"center center","background-size":"auto","background-attachment":"scroll","background-type":"","background-media":"","overlay-type":"","overlay-color":"","overlay-opacity":"","overlay-gradient":""},"tablet":{"background-color":"var(--ast-global-color-4)","background-image":"","background-repeat":"repeat","background-position":"center center","background-size":"auto","background-attachment":"scroll","background-type":"","background-media":"","overlay-type":"","overlay-color":"","overlay-opacity":"","overlay-gradient":""},"mobile":{"background-color":"var(--ast-global-color-4)","background-image":"","background-repeat":"repeat","background-position":"center center","background-size":"auto","background-attachment":"scroll","background-type":"","background-media":"","overlay-type":"","overlay-color":"","overlay-opacity":"","overlay-gradient":""}},"footnotes":""},"class_list":["post-2504","page","type-page","status-publish","hentry"],"_links":{"self":[{"href":"https:\/\/zscncparts.com\/de\/wp-json\/wp\/v2\/pages\/2504","targetHints":{"allow":["GET"]}}],"collection":[{"href":"https:\/\/zscncparts.com\/de\/wp-json\/wp\/v2\/pages"}],"about":[{"href":"https:\/\/zscncparts.com\/de\/wp-json\/wp\/v2\/types\/page"}],"author":[{"embeddable":true,"href":"https:\/\/zscncparts.com\/de\/wp-json\/wp\/v2\/users\/1"}],"replies":[{"embeddable":true,"href":"https:\/\/zscncparts.com\/de\/wp-json\/wp\/v2\/comments?post=2504"}],"version-history":[{"count":0,"href":"https:\/\/zscncparts.com\/de\/wp-json\/wp\/v2\/pages\/2504\/revisions"}],"up":[{"embeddable":true,"href":"https:\/\/zscncparts.com\/de\/wp-json\/wp\/v2\/pages\/2503"}],"wp:attachment":[{"href":"https:\/\/zscncparts.com\/de\/wp-json\/wp\/v2\/media?parent=2504"}],"curies":[{"name":"wp","href":"https:\/\/api.w.org\/{rel}","templated":true}]}}