{"id":3804,"date":"2026-04-09T14:21:31","date_gmt":"2026-04-09T06:21:31","guid":{"rendered":"https:\/\/zscncparts.com\/?post_type=product&#038;p=3804"},"modified":"2026-04-09T15:17:21","modified_gmt":"2026-04-09T07:17:21","slug":"custom-cnc-machining-services-for-industrial-automation-equipment-suppliers","status":"publish","type":"product","link":"https:\/\/zscncparts.com\/cs\/product\/custom-cnc-machining-services-for-industrial-automation-equipment-suppliers\/","title":{"rendered":"Zak\u00e1zkov\u00e9 CNC obr\u00e1b\u011bn\u00ed pro pr\u016fmyslov\u00e9 automatiza\u010dn\u00ed za\u0159\u00edzen\u00ed"},"content":{"rendered":"<h2>Zak\u00e1zkov\u00e9 CNC obr\u00e1b\u011bn\u00ed pro pr\u016fmyslovou automatizaci<\/h2>\n<h3>Role p\u0159esn\u00e9ho obr\u00e1b\u011bn\u00ed v v\u00fdrob\u011b za\u0159\u00edzen\u00ed<\/h3>\n<p>P\u0159esn\u00e9 CNC obr\u00e1b\u011bn\u00ed je kl\u00ed\u010dov\u00e9 pro v\u00fdrobu vysoce kvalitn\u00edch sou\u010d\u00e1st\u00ed pou\u017e\u00edvan\u00fdch v pr\u016fmyslov\u00e9 automatiza\u010dn\u00ed technice. P\u0159esnost na \u00farovni mikron\u016f a schopnost vytv\u00e1\u0159et slo\u017eit\u00e9 geometrie zaji\u0161\u0165uj\u00ed, \u017ee d\u00edly perfektn\u011b pasuj\u00ed a spolehliv\u011b funguj\u00ed v n\u00e1ro\u010dn\u00fdch prost\u0159ed\u00edch. Tato p\u0159esnost podporuje bezprobl\u00e9mov\u00fd chod robot\u016f, dopravn\u00edk\u016f a \u0159\u00eddic\u00edch syst\u00e9m\u016f, p\u0159\u00edmo ovliv\u0148uje \u017eivotnost a efektivitu za\u0159\u00edzen\u00ed. D\u00edky zdokonalov\u00e1n\u00ed ka\u017ed\u00e9ho detailu pomoc\u00ed pokro\u010dil\u00fdch obr\u00e1b\u011bc\u00edch technik mohou v\u00fdrobci dodr\u017eovat pevn\u00e9 standardy nezbytn\u00e9 pro automatiza\u010dn\u00ed aplikace.<\/p>\n<h3>Od rychl\u00e9ho prototypov\u00e1n\u00ed po hromadnou v\u00fdrobu<\/h3>\n<p>Na\u0161e zak\u00e1zkov\u00e9 CNC obr\u00e1b\u011bn\u00ed pokr\u00fdv\u00e1 cel\u00fd \u017eivotn\u00ed cyklus produktu \u2013 od rychl\u00fdch prototyp\u016f po \u0161k\u00e1lovatelnou v\u00fdrobu ve velk\u00e9m objemu. Rychl\u00e9 prototypov\u00e1n\u00ed urychluje v\u00fdvoj t\u00edm, \u017ee rychle p\u0159ev\u00e1d\u00ed koncepty na ov\u011b\u0159en\u00e9 vzorky, co\u017e umo\u017e\u0148uje iterace designu p\u0159ed masovou v\u00fdrobou. Kdy\u017e se zv\u00fd\u0161\u00ed objemov\u00e9 po\u017eadavky, na\u0161e flexibiln\u00ed v\u00fdrobn\u00ed kapacity zaji\u0161\u0165uj\u00ed konzistentn\u00ed kvalitu a v\u010dasn\u00e9 dod\u00e1n\u00ed bez kompromis\u016f v p\u0159esnosti. Tato p\u0159izp\u016fsobivost umo\u017e\u0148uje dodavatel\u016fm pr\u016fmyslov\u00e9 automatiza\u010dn\u00ed techniky efektivn\u011b reagovat na tr\u017en\u00ed po\u017eadavky p\u0159i zachov\u00e1n\u00ed p\u0159\u00edsn\u00fdch standard\u016f.<\/p>\n<h2>Na\u0161e pokro\u010dil\u00e9 CNC obr\u00e1b\u011bc\u00ed schopnosti<\/h2>\n<h3>P\u0159esn\u00e9 CNC fr\u00e9zov\u00e1n\u00ed<\/h3>\n<p>Nab\u00edz\u00edme vysoce p\u0159esn\u00e9 CNC fr\u00e9zov\u00e1n\u00ed p\u0159izp\u016fsoben\u00e9 dodavatel\u016fm pr\u016fmyslov\u00e9 automatiza\u010dn\u00ed techniky, schopn\u00e9 zvl\u00e1dnout slo\u017eit\u00e9 geometrie s tolerancemi na \u00farovni mikron\u016f. Na\u0161e fr\u00e9zovac\u00ed centra exceluj\u00ed v tvorb\u011b ostr\u00fdch hran, slo\u017eit\u00fdch povrchov\u00fdch detail\u016f a v\u00edceos\u00fdch kontur. To zaji\u0161\u0165uje, \u017ee sou\u010d\u00e1sti dokonale zapadnou do robotiky, balic\u00edch stroj\u016f a polovodi\u010dov\u00fdch za\u0159\u00edzen\u00ed.<\/p>\n<h3>Zak\u00e1zkov\u00e9 CNC soustru\u017een\u00ed<\/h3>\n<p>Na\u0161e slu\u017eby CNC soustru\u017een\u00ed poskytuj\u00ed p\u0159esn\u00e9 v\u00e1lcov\u00e9 a z\u00e1vitov\u00e9 sou\u010d\u00e1sti s konzistentn\u00ed kvalitou. Vyu\u017e\u00edv\u00e1me nejmodern\u011bj\u0161\u00ed soustruhy, podporujeme jak mal\u00e9 zak\u00e1zky, tak \u0161k\u00e1lovateln\u00e9 v\u00fdrobn\u00ed s\u00e9rie p\u0159i zachov\u00e1n\u00ed p\u0159\u00edsn\u00e9 kontrola rozm\u011br\u016f. Detailn\u00ed soustru\u017een\u00ed umo\u017e\u0148uje obr\u00e1b\u011bt r\u016fzn\u00e9 kovy a plasty, \u010d\u00edm\u017e zvy\u0161uje spolehlivost pohybov\u00fdch syst\u00e9m\u016f a dopravn\u00edk\u016f. Pro p\u0159\u00edklady na\u0161\u00ed p\u0159esnosti soustru\u017een\u00ed si prohl\u00e9dn\u011bte n\u00e1\u0161 <a href=\"https:\/\/zscncparts.com\/cs\/product\/highprecision-turning-processing-of-304-stainless-steel-parts\/\">vysoce p\u0159esn\u00e9 soustru\u017een\u00ed nerezov\u00fdch d\u00edl\u016f<\/a>.<\/p>\n<h3>Elektrick\u00e9 v\u00fdbojov\u00e9 obr\u00e1b\u011bn\u00ed (EDM)<\/h3>\n<p>EDM je kl\u00ed\u010dov\u00fd proces pro obr\u00e1b\u011bn\u00ed tvrd\u00fdch kov\u016f a jemn\u00fdch tvar\u016f, kter\u00e9 nelze dos\u00e1hnout konven\u010dn\u00edm \u0159ez\u00e1n\u00edm. Pou\u017e\u00edv\u00e1me pokro\u010dilou technologii EDM k v\u00fdrob\u011b ostr\u00fdch vnit\u0159n\u00edch roh\u016f, jemn\u00fdch detail\u016f a slo\u017eit\u00fdch dutin, kter\u00e9 jsou nezbytn\u00e9 pro specializovan\u00e9 n\u00e1stroje a p\u0159esn\u00e9 p\u0159\u00edpravky. Tato schopnost dopl\u0148uje na\u0161e fr\u00e9zov\u00e1n\u00ed a soustru\u017een\u00ed, aby poskytla kompletn\u00ed zak\u00e1zkov\u00e9 CNC obr\u00e1b\u011bn\u00ed pro dodavatele pr\u016fmyslov\u00e9 automatiza\u010dn\u00ed techniky.<\/p>\n<h2>Pr\u00e9miov\u00e9 materi\u00e1ly pro d\u00edly automatiza\u010dn\u00ed techniky<\/h2>\n<h3>Vysoce pevn\u00e9 kovy: hlin\u00edk, ocel a titan<\/h3>\n<p>Pracujeme s \u0159adou vysoce pevn\u00fdch kov\u016f, kter\u00e9 jsou nezbytn\u00e9 pro odoln\u00e9 d\u00edly automatiza\u010dn\u00ed techniky. Hlin\u00edk nab\u00edz\u00ed vynikaj\u00edc\u00ed pom\u011br pevnosti k hmotnosti a odolnost proti korozi, ide\u00e1ln\u00ed pro lehk\u00e9 sou\u010d\u00e1sti. Nerezov\u00e1 ocel poskytuje nep\u0159ekonatelnou hou\u017eevnatost a odolnost proti opot\u0159eben\u00ed v n\u00e1ro\u010dn\u00fdch pr\u016fmyslov\u00fdch prost\u0159ed\u00edch. Titan nab\u00edz\u00ed vynikaj\u00edc\u00ed pevnost a n\u00edzkou hmotnost pro pokro\u010dil\u00e9, vysoce v\u00fdkonn\u00e9 d\u00edly stroj\u016f. Na\u0161e odborn\u00e9 znalosti v obr\u00e1b\u011bn\u00ed t\u011bchto kov\u016f zaji\u0161\u0165uj\u00ed spolehliv\u00e9, dlouhotrvaj\u00edc\u00ed sou\u010d\u00e1sti spl\u0148uj\u00edc\u00ed p\u0159\u00edsn\u00e9 tolerance a slo\u017eit\u00e9 geometrie.<\/p>\n<h3>Odoln\u00e9 in\u017een\u00fdrsk\u00e9 plasty a kompozity<\/h3>\n<p>Krom\u011b kov\u016f dod\u00e1v\u00e1me p\u0159esn\u00e9 d\u00edly vyroben\u00e9 z odoln\u00fdch technick\u00fdch plast\u016f, jako jsou ABS, Nylon, PEEK a PTFE. Tyto materi\u00e1ly poskytuj\u00ed vynikaj\u00edc\u00ed chemickou odolnost, elektrickou izolaci a opot\u0159eben\u00ed vhodn\u00e9 pro automatiza\u010dn\u00ed syst\u00e9my. Jejich ni\u017e\u0161\u00ed hmotnost sni\u017euje spot\u0159ebu energie bez kompromis\u016f v pevnosti nebo p\u0159esnosti. Pou\u017eit\u00edm pokro\u010dil\u00fdch CNC obr\u00e1b\u011bc\u00edch technik zpracov\u00e1v\u00e1me plasty a kompozity p\u0159esn\u011b podle specifikac\u00ed, podporuj\u00edc\u00ed v\u0161estrann\u00e9 aplikace v robotice, balen\u00ed a polovodi\u010dov\u00e9m vybaven\u00ed. Tato flexibilita n\u00e1m umo\u017e\u0148uje dod\u00e1vat komponenty p\u0159izp\u016fsoben\u00e9 va\u0161im jedine\u010dn\u00fdm pot\u0159eb\u00e1m pr\u016fmyslov\u00e9 automatizace.<\/p>\n<h2>Mo\u017enosti povrchov\u00e9 \u00fapravy a n\u00e1sledn\u00e9ho zpracov\u00e1n\u00ed<\/h2>\n<h3>Anodov\u00e1n\u00ed, pokovov\u00e1n\u00ed a n\u00e1t\u011bry<\/h3>\n<p>Povrchov\u00e1 \u00faprava zlep\u0161uje vzhled i v\u00fdkon CNC obr\u00e1b\u011bn\u00fdch d\u00edl\u016f pro pr\u016fmyslovou automatizaci. Kl\u00ed\u010dov\u00e9 mo\u017enosti zahrnuj\u00ed:<\/p>\n<ul>\n<li><strong>Anodizace:<\/strong> Zvy\u0161uje odolnost proti korozi a zlep\u0161uje vlastnosti opot\u0159eben\u00ed, zejm\u00e9na u hlin\u00edkov\u00fdch d\u00edl\u016f.<\/li>\n<li><strong>Povrchov\u00e1 \u00faprava:<\/strong> B\u011b\u017en\u00e9 mo\u017enosti pokovov\u00e1n\u00ed, jako je nikl nebo chrom, zvy\u0161uj\u00ed tvrdost a chr\u00e1n\u00ed proti oxidaci.<\/li>\n<li><strong>N\u00e1t\u011br:<\/strong> Specializovan\u00e9 n\u00e1t\u011bry, jako je pr\u00e1\u0161kov\u00e9 lakov\u00e1n\u00ed nebo pasivace, d\u00e1le prodlu\u017euj\u00ed \u017eivotnost d\u00edl\u016f a zlep\u0161uj\u00ed chemickou odolnost.<\/li>\n<\/ul>\n<p>Tyto povrchov\u00e9 \u00fapravy zaji\u0161\u0165uj\u00ed, \u017ee komponenty si zachov\u00e1vaj\u00ed integritu a spolehlivost v n\u00e1ro\u010dn\u00fdch prost\u0159ed\u00edch automatizace.<\/p>\n<h3>Tepeln\u00e9 zpracov\u00e1n\u00ed pro zv\u00fd\u0161en\u00ed odolnosti<\/h3>\n<p>Procesy tepeln\u00e9ho zpracov\u00e1n\u00ed zvy\u0161uj\u00ed mechanick\u00e9 vlastnosti kl\u00ed\u010dov\u00e9 pro d\u00edly automatizace, v\u010detn\u011b:<\/p>\n<table>\n<thead>\n<tr>\n<th>Typ zpracov\u00e1n\u00ed<\/th>\n<th>\u00da\u010dinek<\/th>\n<th>Typick\u00e9 p\u0159\u00edpady pou\u017eit\u00ed<\/th>\n<\/tr>\n<\/thead>\n<tbody>\n<tr>\n<td>Koulen\u00ed<\/td>\n<td>Sni\u017euje k\u0159ehkost<\/td>\n<td>Slo\u017eit\u011bj\u0161\u00ed d\u00edly vy\u017eaduj\u00edc\u00ed zlep\u0161enou ta\u017enost<\/td>\n<\/tr>\n<tr>\n<td>Kalen\u00ed<\/td>\n<td>Zvy\u0161uje tvrdost povrchu<\/td>\n<td>Opot\u0159eben\u00ed odoln\u00e9 ozuben\u00e9 kola a h\u0159\u00eddele<\/td>\n<\/tr>\n<tr>\n<td>Taven\u00ed<\/td>\n<td>Vyva\u017euje tvrdost a hou\u017eevnatost<\/td>\n<td>Nosn\u00e9 upev\u0148ovac\u00ed prvky<\/td>\n<\/tr>\n<\/tbody>\n<\/table>\n<p>Pou\u017eit\u00ed p\u0159esn\u00fdch tepeln\u00fdch zpracov\u00e1n\u00ed zaji\u0161\u0165uje, \u017ee va\u0161e zak\u00e1zkov\u00e9 CNC obr\u00e1b\u011bn\u00e9 d\u00edly spl\u0148uj\u00ed standardy odolnosti a v\u00fdkonu pro dodavatele pr\u016fmyslov\u00e9 automatizace.<\/p>\n<h2>B\u011b\u017en\u00e9 aplikace CNC obr\u00e1b\u011bn\u00ed v automatizaci<\/h2>\n<h3>Komponenty robotiky a \u0159\u00edzen\u00ed pohybu<\/h3>\n<p>Zak\u00e1zkov\u00e9 slu\u017eby CNC obr\u00e1b\u011bn\u00ed pro dodavatele pr\u016fmyslov\u00e9 automatiza\u010dn\u00ed techniky hraj\u00ed kl\u00ed\u010dovou roli p\u0159i v\u00fdrob\u011b vysoce p\u0159esn\u00fdch robotick\u00fdch d\u00edl\u016f a komponent\u016f \u0159\u00edzen\u00ed pohybu. Tyto d\u00edly vy\u017eaduj\u00ed p\u0159esnost na \u00farovni mikron\u016f a slo\u017eit\u00e9 geometrie, kter\u00e9 na\u0161e pokro\u010dil\u00e9 CNC fr\u00e9zov\u00e1n\u00ed, soustru\u017een\u00ed a 5os\u00e9 obr\u00e1b\u011bn\u00ed poskytuj\u00ed konzistentn\u011b. To zaji\u0161\u0165uje plynul\u00fd a spolehliv\u00fd v\u00fdkon robot\u016f v r\u016fzn\u00fdch pr\u016fmyslov\u00fdch automatiza\u010dn\u00edch syst\u00e9mech.<\/p>\n<h3>P\u00e1sov\u00e9 dopravn\u00edky a d\u00edly pro mont\u00e1\u017en\u00ed linky<\/h3>\n<p>Na\u0161e odborn\u00e9 znalosti v CNC obr\u00e1b\u011bn\u00ed podporuj\u00ed v\u00fdrobu odoln\u00fdch a p\u0159esn\u011b navr\u017een\u00fdch d\u00edl\u016f pro dopravn\u00edkov\u00e9 syst\u00e9my a mont\u00e1\u017en\u00ed linky. Tyto d\u00edly mus\u00ed odol\u00e1vat nep\u0159etr\u017eit\u00e9mu provozu a intenzivn\u00ed mechanick\u00e9 z\u00e1t\u011b\u017ei, p\u0159i\u010dem\u017e pou\u017eit\u00ed kvalitn\u00edch kov\u016f, jako je hlin\u00edk a nerezov\u00e1 ocel, zaji\u0161\u0165uje dlouhotrvaj\u00edc\u00ed v\u00fdkon a p\u0159esnou kontrolu tolerance, aby va\u0161e v\u00fdrobn\u00ed linka fungovala hladce.<\/p>\n<h3>Zak\u00e1zkov\u00e9 n\u00e1stroje, p\u0159\u00edpravky a upev\u0148ovac\u00ed prvky<\/h3>\n<p>Specializujeme se na v\u00fdrobu zak\u00e1zkov\u00fdch n\u00e1stroj\u016f, p\u0159\u00edpravk\u016f a upev\u0148ovac\u00edch prvk\u016f p\u0159izp\u016fsoben\u00fdch dodavatel\u016fm pr\u016fmyslov\u00e9 automatizace. P\u0159esn\u00e9 CNC obr\u00e1b\u011bn\u00ed n\u00e1m umo\u017e\u0148uje vytv\u00e1\u0159et tyto kl\u00ed\u010dov\u00e9 pom\u016fcky s p\u0159esn\u00fdmi specifikacemi, \u010d\u00edm\u017e zvy\u0161ujeme v\u00fdrobn\u00ed efektivitu a opakovatelnost. A\u0165 u\u017e jde o mal\u00e9 s\u00e9riov\u00e9 v\u00fdroby nebo \u0161k\u00e1lovateln\u00e9 mno\u017estv\u00ed, na\u0161e komplexn\u00ed slu\u017eby od prototypov\u00e1n\u00ed po plnou v\u00fdrobu poskytuj\u00ed spolehliv\u00e1 \u0159e\u0161en\u00ed n\u00e1stroj\u016f.<\/p>\n<h2>Zaji\u0161t\u011bn\u00ed kvality a v\u00fdrobn\u00ed normy<\/h2>\n<p><img decoding=\"async\" data-src=\"https:\/\/pub-36eea33d6f1540d281c285671ffb8664.r2.dev\/2026\/04\/09\/Custom_CNC_machining_for_industrial_automation_nfp.webp\" alt=\"Zak\u00e1zkov\u00e9 CNC obr\u00e1b\u011bn\u00ed pro pr\u016fmyslovou automatizaci\" title=\"\" src=\"data:image\/svg+xml;base64,PHN2ZyB3aWR0aD0iMSIgaGVpZ2h0PSIxIiB4bWxucz0iaHR0cDovL3d3dy53My5vcmcvMjAwMC9zdmciPjwvc3ZnPg==\" class=\"lazyload\"><\/p>\n<h3>Dodr\u017eov\u00e1n\u00ed p\u0159\u00edsn\u00fdch toleranc\u00ed obr\u00e1b\u011bn\u00ed<\/h3>\n<p>Spln\u011bn\u00ed p\u0159\u00edsn\u00fdch toleranc\u00ed obr\u00e1b\u011bn\u00ed je kl\u00ed\u010dov\u00e9 pro pr\u016fmyslov\u00e9 automatiza\u010dn\u00ed za\u0159\u00edzen\u00ed, kde p\u0159esn\u00e9 spojen\u00ed a funkce ovliv\u0148uj\u00ed celkovou spolehlivost syst\u00e9mu. Pou\u017e\u00edv\u00e1me pokro\u010dil\u00e9 CNC stroje kalibrovan\u00e9 na mikronovou p\u0159esnost, aby ka\u017ed\u00fd d\u00edl spl\u0148oval p\u0159esn\u00e9 rozm\u011brov\u00e9 po\u017eadavky. Kontrola proces\u016f a sledov\u00e1n\u00ed v re\u00e1ln\u00e9m \u010dase minimalizuj\u00ed odchylky, co\u017e zaji\u0161\u0165uje d\u00edly, kter\u00e9 se v\u017edy pohybuj\u00ed v r\u00e1mci stanoven\u00fdch toleranc\u00ed. Tato p\u0159esnost sni\u017euje probl\u00e9my p\u0159i sestavov\u00e1n\u00ed a zlep\u0161uje v\u00fdkon v n\u00e1ro\u010dn\u00fdch automatiza\u010dn\u00edch prost\u0159ed\u00edch.<\/p>\n<h3>Komplexn\u00ed inspekce kontroly kvality<\/h3>\n<p>Na\u0161e z\u00e1vazek ke kvalit\u011b p\u0159esahuje samotn\u00e9 obr\u00e1b\u011bn\u00ed d\u00edky d\u016fsledn\u00fdm kontrol\u00e1m kvality b\u011bhem cel\u00e9ho v\u00fdrobn\u00edho cyklu. Vyu\u017e\u00edv\u00e1me koordin\u00e1tory m\u011b\u0159ic\u00ed stroje (CMM), vizu\u00e1ln\u00ed inspekce a hodnocen\u00ed povrchov\u00fdch \u00faprav, abychom ov\u011b\u0159ili, \u017ee ka\u017ed\u00fd d\u00edl odpov\u00edd\u00e1 n\u00e1vrhov\u00fdm specifikac\u00edm p\u0159ed dod\u00e1n\u00edm. Dokumentace a statistick\u00e1 kontrola procesu (SPC) podporuj\u00ed sledovatelnost a kontinu\u00e1ln\u00ed zlep\u0161ov\u00e1n\u00ed, co\u017e zaji\u0161\u0165uje, \u017ee na\u0161e zak\u00e1zkov\u00e9 slu\u017eby CNC obr\u00e1b\u011bn\u00ed spl\u0148uj\u00ed vysok\u00e9 standardy, kter\u00e9 o\u010dek\u00e1vaj\u00ed OEM a v\u00fdrobci. Pro dokon\u010dov\u00e1n\u00ed n\u00e1stroj\u016f a povrchov\u00e9 \u00fapravy si prohl\u00e9dn\u011bte na\u0161e <a href=\"https:\/\/zscncparts.com\/cs\/product\/secondary-finishing-services\/\">slu\u017eeb sekund\u00e1rn\u00edho povrchov\u00e9ho zpracov\u00e1n\u00ed<\/a> kter\u00e9 dopl\u0148uj\u00ed p\u0159\u00edsn\u00e1 opat\u0159en\u00ed kvality.<\/p>\n<h2>Pro\u010d spolupracovat s n\u00e1mi jako va\u0161\u00edm dodavatelem za\u0159\u00edzen\u00ed<\/h2>\n<h3>V\u011bnovan\u00e1 podpora pro OEM a v\u00fdrobce<\/h3>\n<p>Poskytujeme p\u0159izp\u016fsobenou podporu zam\u011b\u0159enou na pot\u0159eby OEM a pr\u016fmyslov\u00fdch v\u00fdrobc\u016f. N\u00e1\u0161 zku\u0161en\u00fd t\u00fdm \u00fazce spolupracuje s klienty b\u011bhem n\u00e1vrhu, prototypov\u00e1n\u00ed a v\u00fdroby, aby se zajistilo, \u017ee sou\u010d\u00e1sti dokonale padnou do va\u0161eho automatiza\u010dn\u00edho za\u0159\u00edzen\u00ed. Nab\u00eddkou integrovan\u00fdch slu\u017eeb \u2013 od p\u0159esn\u00e9ho obr\u00e1b\u011bn\u00ed CNC po kompletn\u00ed mont\u00e1\u017e \u2013 zjednodu\u0161ujeme v\u00e1\u0161 dodavatelsk\u00fd \u0159et\u011bzec a zvy\u0161ujeme celkovou efektivitu projektu.<\/p>\n<h3>Rychl\u00e9 dodac\u00ed lh\u016fty a konkurenceschopn\u00e9 ceny<\/h3>\n<p>Na\u0161e vlastn\u00ed tov\u00e1rna a zefektivn\u011bn\u00e9 procesy umo\u017e\u0148uj\u00ed rychl\u00e9 dod\u00e1n\u00ed, \u010dasto do 7 dn\u016f, ani\u017e by do\u0161lo ke sn\u00ed\u017een\u00ed p\u0159esnosti nebo kvality. Nab\u00edz\u00edme projektov\u00e9 ceny navr\u017een\u00e9 pro flexibilitu, a\u0165 u\u017e pot\u0159ebujete mal\u00e9 s\u00e9riov\u00e9 v\u00fdroby nebo \u0161k\u00e1lovateln\u00e9 objemy v\u00fdroby. Tato kombinace rychlosti a n\u00e1kladov\u00e9 efektivnosti n\u00e1s \u010din\u00ed ide\u00e1ln\u00edm partnerem pro dodavatele po\u017eaduj\u00edc\u00ed spolehliv\u00e9 zak\u00e1zkov\u00e9 CNC obr\u00e1b\u011bn\u00ed pro pr\u016fmyslovou automatizaci.<\/p>\n<div id=\"references\" class=\"min-w-0 scroll-mt-8 overflow-hidden\">\n<div class=\"text-[16px]\">\n<h2 id=\"references\" class=\"mb-2 mt-2 scroll-mt-24 font-serif text-[1.714286em] font-semibold border-border-l1 pb-1 border-b overflow-hidden\">Odkazy z pr\u016fmyslu<\/h2>\n<\/div>\n<div class=\"flex flex-col gap-2 text-sm leading-relaxed\">\n<div class=\"break-words text-[1em] leading-7\"><a class=\"break-words text-[1em] text-blue-500 hover:underline dark:text-blue-200\" href=\"https:\/\/www.fastpreci.com\/cnc-turning\/\" target=\"_blank\" rel=\"noopener noreferrer\">https:\/\/www.fastpreci.com\/cnc-turning\/<\/a><\/div>\n<div class=\"break-words text-[1em] leading-7\"><\/div>\n<\/div>\n<\/div>","protected":false},"excerpt":{"rendered":"<p>Zak\u00e1zkov\u00e9 CNC obr\u00e1b\u011bn\u00ed pro dodavatele pr\u016fmyslov\u00e9 automatiza\u010dn\u00ed techniky od prototypov\u00e1n\u00ed po objemovou v\u00fdrobu s p\u0159esn\u00fdmi tolerancemi a rychl\u00fdmi dodac\u00edmi lh\u016ftami<\/p>","protected":false},"featured_media":3785,"comment_status":"open","ping_status":"closed","template":"","meta":{"_monsterinsights_skip_tracking":false,"_monsterinsights_sitenote_active":false,"_monsterinsights_sitenote_note":"","_monsterinsights_sitenote_category":0,"site-sidebar-layout":"default","site-content-layout":"","ast-site-content-layout":"default","site-content-style":"default","site-sidebar-style":"default","ast-global-header-display":"","ast-banner-title-visibility":"","ast-main-header-display":"","ast-hfb-above-header-display":"","ast-hfb-below-header-display":"","ast-hfb-mobile-header-display":"","site-post-title":"","ast-breadcrumbs-content":"","ast-featured-img":"","footer-sml-layout":"","theme-transparent-header-meta":"default","adv-header-id-meta":"","stick-header-meta":"","header-above-stick-meta":"","header-main-stick-meta":"","header-below-stick-meta":"","astra-migrate-meta-layouts":"set","ast-page-background-enabled":"default","ast-page-background-meta":{"desktop":{"background-color":"var(--ast-global-color-5)","background-image":"","background-repeat":"repeat","background-position":"center center","background-size":"auto","background-attachment":"scroll","background-type":"","background-media":"","overlay-type":"","overlay-color":"","overlay-opacity":"","overlay-gradient":""},"tablet":{"background-color":"","background-image":"","background-repeat":"repeat","background-position":"center center","background-size":"auto","background-attachment":"scroll","background-type":"","background-media":"","overlay-type":"","overlay-color":"","overlay-opacity":"","overlay-gradient":""},"mobile":{"background-color":"","background-image":"","background-repeat":"repeat","background-position":"center center","background-size":"auto","background-attachment":"scroll","background-type":"","background-media":"","overlay-type":"","overlay-color":"","overlay-opacity":"","overlay-gradient":""}},"ast-content-background-meta":{"desktop":{"background-color":"var(--ast-global-color-4)","background-image":"","background-repeat":"repeat","background-position":"center center","background-size":"auto","background-attachment":"scroll","background-type":"","background-media":"","overlay-type":"","overlay-color":"","overlay-opacity":"","overlay-gradient":""},"tablet":{"background-color":"var(--ast-global-color-4)","background-image":"","background-repeat":"repeat","background-position":"center center","background-size":"auto","background-attachment":"scroll","background-type":"","background-media":"","overlay-type":"","overlay-color":"","overlay-opacity":"","overlay-gradient":""},"mobile":{"background-color":"var(--ast-global-color-4)","background-image":"","background-repeat":"repeat","background-position":"center center","background-size":"auto","background-attachment":"scroll","background-type":"","background-media":"","overlay-type":"","overlay-color":"","overlay-opacity":"","overlay-gradient":""}}},"product_brand":[],"product_cat":[15,32],"product_tag":[],"class_list":{"0":"post-3804","1":"product","2":"type-product","3":"status-publish","4":"has-post-thumbnail","6":"product_cat-cnc-machining","7":"product_cat-5-axis","8":"desktop-align-left","9":"tablet-align-left","10":"mobile-align-left","12":"first","13":"instock","14":"shipping-taxable","15":"purchasable","16":"product-type-simple"},"_links":{"self":[{"href":"https:\/\/zscncparts.com\/cs\/wp-json\/wp\/v2\/product\/3804","targetHints":{"allow":["GET"]}}],"collection":[{"href":"https:\/\/zscncparts.com\/cs\/wp-json\/wp\/v2\/product"}],"about":[{"href":"https:\/\/zscncparts.com\/cs\/wp-json\/wp\/v2\/types\/product"}],"replies":[{"embeddable":true,"href":"https:\/\/zscncparts.com\/cs\/wp-json\/wp\/v2\/comments?post=3804"}],"wp:featuredmedia":[{"embeddable":true,"href":"https:\/\/zscncparts.com\/cs\/wp-json\/wp\/v2\/media\/3785"}],"wp:attachment":[{"href":"https:\/\/zscncparts.com\/cs\/wp-json\/wp\/v2\/media?parent=3804"}],"wp:term":[{"taxonomy":"product_brand","embeddable":true,"href":"https:\/\/zscncparts.com\/cs\/wp-json\/wp\/v2\/product_brand?post=3804"},{"taxonomy":"product_cat","embeddable":true,"href":"https:\/\/zscncparts.com\/cs\/wp-json\/wp\/v2\/product_cat?post=3804"},{"taxonomy":"product_tag","embeddable":true,"href":"https:\/\/zscncparts.com\/cs\/wp-json\/wp\/v2\/product_tag?post=3804"}],"curies":[{"name":"wp","href":"https:\/\/api.w.org\/{rel}","templated":true}]}}