{"id":3799,"date":"2026-04-02T13:55:29","date_gmt":"2026-04-02T05:55:29","guid":{"rendered":"https:\/\/zscncparts.com\/?post_type=product&#038;p=3799"},"modified":"2026-04-02T14:17:18","modified_gmt":"2026-04-02T06:17:18","slug":"semiconductor-cnc-machining-precision-parts","status":"publish","type":"product","link":"https:\/\/zscncparts.com\/cs\/product\/semiconductor-cnc-machining-precision-parts\/","title":{"rendered":"V\u00fdroba polovodi\u010d\u016f CNC obr\u00e1b\u011bn\u00edm: P\u0159esn\u00e9 d\u00edly pro za\u0159\u00edzen\u00ed polovodi\u010dov\u00e9ho pr\u016fmyslu"},"content":{"rendered":"<h2>Co je v\u00fdroba polovodi\u010d\u016f CNC obr\u00e1b\u011bn\u00edm?<\/h2>\n<h3>Definice a p\u0159ehled odv\u011btv\u00ed<\/h3>\n<p>V\u00fdroba polovodi\u010d\u016f CNC obr\u00e1b\u011bn\u00edm zahrnuje p\u0159esnou v\u00fdrobu kritick\u00fdch sou\u010d\u00e1st\u00ed pou\u017e\u00edvan\u00fdch p\u0159i v\u00fdrob\u011b polovodi\u010d\u016f a za\u0159\u00edzen\u00ed. Tento proces vyu\u017e\u00edv\u00e1 pokro\u010dil\u00e9 po\u010d\u00edta\u010dem \u0159\u00edzen\u00e9 stroje (CNC) k fr\u00e9zov\u00e1n\u00ed, soustru\u017een\u00ed nebo v\u00fdrob\u011b d\u00edl\u016f p\u0159esn\u011b podle specifikac\u00ed. V odv\u011btv\u00ed polovodi\u010d\u016f, kde v\u00fdkon sou\u010d\u00e1st\u00ed p\u0159\u00edmo ovliv\u0148uje v\u00fdrobu mikroprocesor\u016f, pam\u011b\u0165ov\u00fdch \u010dip\u016f a dal\u0161\u00edch elektronick\u00fdch za\u0159\u00edzen\u00ed, zaji\u0161\u0165uje CNC obr\u00e1b\u011bn\u00ed v\u00fdrobu d\u00edl\u016f s p\u0159esnost\u00ed na mikrony a opakovatelnost\u00ed. S pokrokem v technologii polovodi\u010d\u016f roste popt\u00e1vka po vysoce p\u0159esn\u00fdch, spolehliv\u00fdch \u0159e\u0161en\u00edch obr\u00e1b\u011bn\u00ed, kter\u00e1 podporuj\u00ed za\u0159\u00edzen\u00ed pou\u017e\u00edvan\u00e1 p\u0159i manipulaci s wafery, vakuov\u00fdch syst\u00e9mech a lithografii.<\/p>\n<h3>Pro\u010d je p\u0159esn\u00e9 obr\u00e1b\u011bn\u00ed kl\u00ed\u010dov\u00e9 v odv\u011btv\u00ed polovodi\u010d\u016f<\/h3>\n<p>V\u00fdroba polovodi\u010d\u016f CNC obr\u00e1b\u011bn\u00edm hraje z\u00e1sadn\u00ed roli p\u0159i zaji\u0161t\u011bn\u00ed stability procesu a v\u00fdt\u011b\u017enosti ve v\u00fdrob\u011b pokro\u010dil\u00fdch \u010dip\u016f. P\u0159esn\u00e9 obr\u00e1b\u011bn\u00ed je z\u00e1kladn\u00ed pro sou\u010d\u00e1sti za\u0159\u00edzen\u00ed polovodi\u010d\u016f kv\u016fli jejich slo\u017eit\u00fdm geometri\u00edm a p\u0159\u00edsn\u00fdm toleranc\u00edm. I mal\u00e9 odchylky mohou zp\u016fsobit funk\u010dn\u00ed selh\u00e1n\u00ed nebo kontaminaci p\u0159i zpracov\u00e1n\u00ed polovodi\u010d\u016f. P\u0159esn\u00e9 CNC obr\u00e1b\u011bn\u00ed zaji\u0161\u0165uje toleranci pod mikronem a dokonal\u00e9 povrchov\u00e9 \u00fapravy, kter\u00e9 spl\u0148uj\u00ed nejp\u0159\u00edsn\u011bj\u0161\u00ed pr\u016fmyslov\u00e9 normy. Tato \u00farove\u0148 p\u0159esnosti zaru\u010duje kompatibilitu s citliv\u00fdmi materi\u00e1ly a procesy polovodi\u010d\u016f, \u010d\u00edm\u017e zvy\u0161uje spolehlivost za\u0159\u00edzen\u00ed a v\u00fdt\u011b\u017enost. Nav\u00edc podporuje rychl\u00e9 prototypov\u00e1n\u00ed a v\u00fdrobu v mal\u00fdch s\u00e9ri\u00edch, co\u017e je kl\u00ed\u010dov\u00e9 pro v\u00fdzkum a v\u00fdvoj polovodi\u010d\u016f a iterativn\u00ed v\u00fdvoj produkt\u016f.<\/p>\n<h2>Hlavn\u00ed v\u00fdhody v\u00fdroby polovodi\u010d\u016f CNC obr\u00e1b\u011bn\u00edm<\/h2>\n<h3>Dosahov\u00e1n\u00ed extr\u00e9mn\u00ed p\u0159esnosti a toleranc\u00ed pod mikronem<\/h3>\n<p>Schopnost p\u0159esnosti pod mikronem<br \/>\nVynikaj\u00edc\u00ed povrchov\u00e1 \u00faprava a \u010distota<br \/>\nVysok\u00e1 opakovatelnost a \u0161k\u00e1lovatelnost<br \/>\nFlexibiln\u00ed v\u00fdroba od prototypu po hromadnou v\u00fdrobu<\/p>\n<p>CNC obr\u00e1b\u011bn\u00ed poskytuje p\u0159esnost na \u00farovni bodu, \u010dasto dosahuj\u00edc\u00ed toleranc\u00ed pod mikronem, co\u017e je nezbytn\u00e9 pro manipulaci s wafery a lithografick\u00e9 d\u00edly. Tato p\u0159esnost zaji\u0161\u0165uje optim\u00e1ln\u00ed v\u00fdkon za\u0159\u00edzen\u00ed a kompatibilitu v slo\u017eit\u00fdch syst\u00e9mech, kde i men\u0161\u00ed odchylky mohou zp\u016fsobit vady nebo ztr\u00e1tu v\u00fdt\u011b\u017enosti.<\/p>\n<h3>Zaji\u0161t\u011bn\u00ed vynikaj\u00edc\u00ed povrchov\u00e9 \u00fapravy a \u010distoty<\/h3>\n<p>Hladk\u00fd povrch je kl\u00ed\u010dov\u00fd v za\u0159\u00edzen\u00ed polovodi\u010d\u016f, aby se zabr\u00e1nilo kontaminaci \u010d\u00e1sticemi a umo\u017enily t\u011bsn\u00e9 t\u011bsn\u011bn\u00ed v vakuov\u00fdch komor\u00e1ch a syst\u00e9mech dod\u00e1vky plynu. Techniky CNC obr\u00e1b\u011bn\u00ed poskytuj\u00ed konzistentn\u011b \u010dist\u00e9, le\u0161t\u011bn\u00e9 povrchy, kter\u00e9 spl\u0148uj\u00ed p\u0159\u00edsn\u00e9 normy \u010distoty v pr\u016fmyslu, \u010d\u00edm\u017e sni\u017euj\u00ed rizika b\u011bhem chemick\u00e9 depozice par a dal\u0161\u00edch v\u00fdrobn\u00edch krok\u016f.<\/p>\n<h3>Zaji\u0161t\u011bn\u00ed vysok\u00e9 konzistence a \u0161k\u00e1lovatelnosti v\u00fdroby<\/h3>\n<p>CNC obr\u00e1b\u011bn\u00ed je vynikaj\u00edc\u00ed p\u0159i v\u00fdrob\u011b velk\u00fdch objem\u016f identick\u00fdch d\u00edl\u016f s minim\u00e1ln\u00ed odchylkou, co\u017e je nezbytn\u00e9 pro \u0161k\u00e1lovatelnou v\u00fdrobu polovodi\u010d\u016f. Jeho opakovatelnost podporuje p\u0159\u00edsn\u00e9 tolerance a \u010distotu materi\u00e1l\u016f nap\u0159\u00ed\u010d s\u00e9riemi, umo\u017e\u0148uje stabiln\u00ed v\u00fdrobu kl\u00ed\u010dov\u00fdch komponent\u016f pro \u0159\u00edzen\u00ed tepla a inspekci bez kompromis\u016f na kvalit\u011b. Pokro\u010dil\u00e1 \u0159e\u0161en\u00ed CNC tak\u00e9 usnad\u0148uj\u00ed agiln\u00ed \u00fapravy p\u0159i vzniku nov\u00fdch po\u017eadavk\u016f na proces, \u010d\u00edm\u017e zachov\u00e1vaj\u00ed flexibilitu v\u00fdroby.<\/p>\n<p>Nap\u0159\u00edklad vyu\u017eit\u00ed pokro\u010dil\u00e9 obr\u00e1b\u011bc\u00ed technologie podobn\u00e9 \u0159e\u0161en\u00edm ve v\u00fdrob\u011b vysoce p\u0159esn\u00e9ho za\u0159\u00edzen\u00ed, jako jsou ty pou\u017e\u00edvan\u00e9 p\u0159i v\u00fdrob\u011b cyklistick\u00fdch d\u00edl\u016f na CNC, zd\u016fraz\u0148uje, jak investice do schopnost\u00ed p\u0159in\u00e1\u0161\u00ed konzistentn\u00ed, \u0161k\u00e1lovateln\u00fd v\u00fdstup pro jemn\u00e9 polovodi\u010dov\u00e9 komponenty.<\/p>\n<h2>Obvykl\u00e9 materi\u00e1ly pou\u017e\u00edvan\u00e9 p\u0159i obr\u00e1b\u011bn\u00ed polovodi\u010d\u016f<\/h2>\n<h3>Specializovan\u00e9 kovy: hlin\u00edk a nerezov\u00e1 ocel<\/h3>\n<p>Hlin\u00edk a nerezov\u00e1 ocel jsou z\u00e1kladn\u00ed kovy ve v\u00fdrob\u011b za\u0159\u00edzen\u00ed pro polovodi\u010de d\u00edky jejich odolnosti, odolnosti proti korozi a vynikaj\u00edc\u00ed obr\u00e1b\u011bn\u00ed. Hlin\u00edk je cen\u011bn pro sv\u00e9 n\u00edzk\u00e9 hmotnosti a tepelnou vodivost, co\u017e ho \u010din\u00ed ide\u00e1ln\u00edm pro teplotn\u011b citliv\u00e9 sou\u010d\u00e1sti. Nerezov\u00e1 ocel nab\u00edz\u00ed vynikaj\u00edc\u00ed pevnost a chemickou stabilitu, co\u017e je nezbytn\u00e9 pro vakuov\u00e9 komory a syst\u00e9my dod\u00e1vky plynu, kde je kontrola kontaminace kl\u00ed\u010dov\u00e1. Oba kovy lze obr\u00e1b\u011bt s p\u0159esnost\u00ed na mal\u00e9 tolerance a dokonal\u00fdm povrchov\u00fdm fini\u0161em, podporuj\u00edc\u00edm mikronovou p\u0159esnost po\u017eadovanou v aplikac\u00edch polovodi\u010d\u016f.<\/p>\n<h3>Vysoce v\u00fdkonn\u00e9 in\u017een\u00fdrsk\u00e9 plasty: PEEK a PTFE<\/h3>\n<p>In\u017een\u00fdrsk\u00e9 plasty jako PEEK a PTFE hraj\u00ed kl\u00ed\u010dovou roli p\u0159i CNC obr\u00e1b\u011bn\u00ed polovodi\u010d\u016f, kde je pot\u0159eba chemick\u00e1 odolnost, elektrick\u00e1 izolace a rozm\u011brov\u00e1 stabilita. PEEK, s vysokou odolnost\u00ed v\u016f\u010di teplot\u00e1m a mechanickou pevnost\u00ed, se \u010dasto pou\u017e\u00edv\u00e1 pro t\u011bsn\u011bn\u00ed, izol\u00e1tory a konstruk\u010dn\u00ed d\u00edly vystaven\u00e9 drsn\u00fdm podm\u00ednk\u00e1m zpracov\u00e1n\u00ed. PTFE poskytuje vynikaj\u00edc\u00ed n\u00edzk\u00fd t\u0159ec\u00ed odpor a odolnost v\u016f\u010di agresivn\u00edm chemik\u00e1li\u00edm, co\u017e z n\u011bj \u010din\u00ed preferovanou volbu pro sou\u010d\u00e1sti, kter\u00e9 p\u0159ich\u00e1zej\u00ed do kontaktu s reaktivn\u00edmi plyny nebo kapalinami. Tyto plasty si udr\u017euj\u00ed svou struktur\u00e1ln\u00ed integritu i p\u0159i slo\u017eit\u00e9m obr\u00e1b\u011bn\u00ed a podporuj\u00ed vysoce v\u00fdkonn\u00e9 syst\u00e9my polovodi\u010d\u016f.<\/p>\n<h3>Pokro\u010dil\u00e9 keramick\u00e9 materi\u00e1ly a k\u0159em\u00edk<\/h3>\n<p>A\u010dkoliv se na\u0161e hlavn\u00ed zam\u011b\u0159en\u00ed soust\u0159ed\u00ed na kovy a plasty, pokro\u010dil\u00e9 keramick\u00e9 materi\u00e1ly a k\u0159em\u00edk jsou d\u016fle\u017eit\u00e9 materi\u00e1ly \u010dasto pou\u017e\u00edvan\u00e9 v specializovan\u00fdch \u010d\u00e1stech polovodi\u010d\u016f. Jejich tvrdost a tepeln\u00e1 stabilita umo\u017e\u0148uj\u00ed vynikaj\u00edc\u00ed odolnost proti opot\u0159eben\u00ed a izolaci p\u0159i velmi mal\u00fdch m\u011b\u0159\u00edtc\u00edch, co\u017e je kl\u00ed\u010dov\u00e9 pro litografii a testovac\u00ed za\u0159\u00edzen\u00ed. Obr\u00e1b\u011bn\u00ed t\u011bchto materi\u00e1l\u016f vy\u017eaduje p\u0159esnost a odborn\u00e9 znalosti k zachov\u00e1n\u00ed \u010distoty a zabr\u00e1n\u011bn\u00ed mikrotrhlin\u00e1m. Pro z\u00e1kazn\u00edky pot\u0159ebuj\u00edc\u00ed d\u00edly z t\u011bchto materi\u00e1l\u016f jsou na\u0161e CNC schopnosti v souladu s p\u0159\u00edsn\u00fdmi normami kvality, aby splnily n\u00e1ro\u010dn\u00e9 po\u017eadavky v\u00fdroby polovodi\u010d\u016f.<\/p>\n<p>Pro v\u00edce informac\u00ed o v\u00fdb\u011bru p\u0159esn\u00fdch materi\u00e1l\u016f pro vysoce technologick\u00e9 p\u0159\u00edstroje si prohl\u00e9dn\u011bte n\u00e1\u0161 pr\u016fvodce na t\u00e9ma <a href=\"https:\/\/zscncparts.com\/cs\/how-to-select-precise-cnc-machining-materials\/\">p\u0159esn\u00fdch materi\u00e1l\u016f pro CNC obr\u00e1b\u011bn\u00ed<\/a>.<\/p>\n<h2>V\u00fdzvy p\u0159i CNC obr\u00e1b\u011bn\u00ed polovodi\u010d\u016f<\/h2>\n<h3>Syst\u00e9my manipulace a zpracov\u00e1n\u00ed wafer\u016f<\/h3>\n<p>P\u0159esn\u00e9 CNC obr\u00e1b\u011bn\u00ed produkuje kl\u00ed\u010dov\u00e9 sou\u010d\u00e1sti pro syst\u00e9my manipulace s wafery, v\u010detn\u011b robotick\u00fdch ramen, chuck\u016f a upev\u0148ovac\u00edch za\u0159\u00edzen\u00ed. Tyto d\u00edly vy\u017eaduj\u00ed p\u0159esnost na \u00farovni mikron\u016f, aby bezpe\u010dn\u011b uchopily a p\u0159epravovaly k\u0159ehk\u00e9 wafery bez po\u0161kozen\u00ed. Na\u0161e schopnosti podporuj\u00ed p\u0159\u00edsn\u00e9 tolerance a hladk\u00e9 povrchov\u00e9 \u00fapravy, kter\u00e9 jsou nezbytn\u00e9 pro prost\u0159ed\u00ed bez kontaminace.<\/p>\n<h3>Vakuov\u00e9 komory a syst\u00e9my dod\u00e1vky plynu<\/h3>\n<p>Vakuov\u00e9 komory a komponenty pro dod\u00e1vku plynu vy\u017eaduj\u00ed p\u0159esn\u00e9 obr\u00e1b\u011bn\u00ed k udr\u017een\u00ed vzduchot\u011bsn\u00fdch t\u011bsn\u011bn\u00ed a p\u0159esn\u00e9 \u0159\u00edzen\u00ed pr\u016ftoku. CNC obr\u00e1b\u011bn\u00ed zaji\u0161\u0165uje konzistentn\u00ed rozm\u011bry a kvalitu povrchu d\u00edl\u016f, jako jsou ventily, fitinky a t\u011bsn\u011bn\u00ed pou\u017e\u00edvan\u00e9 v ultra\u010dist\u00fdch, kontrolovan\u00fdch atmosf\u00e9rick\u00fdch syst\u00e9mech, kter\u00e9 jsou kl\u00ed\u010dov\u00e9 pro v\u00fdrobu polovodi\u010d\u016f.<\/p>\n<h3>\u0158e\u0161en\u00ed pro tepelnou spr\u00e1vu<\/h3>\n<p>Efektivn\u00ed odvod tepla je z\u00e1sadn\u00ed v za\u0159\u00edzen\u00ed pro polovodi\u010de, proto obr\u00e1b\u00edme tepeln\u00e1 \u0159e\u0161en\u00ed, jako jsou chladi\u010de, chladic\u00ed desky a rozvodn\u00e9 bloky z vysoce v\u00fdkonn\u00fdch kov\u016f, nap\u0159\u00edklad hlin\u00edku a nerezov\u00e9 oceli. Na\u0161e CNC procesy zaji\u0161\u0165uj\u00ed po\u017eadovanou rozm\u011brovou stabilitu a povrchovou \u00fapravu, kter\u00e9 jsou kl\u00ed\u010dov\u00e9 pro optim\u00e1ln\u00ed tepelnou vodivost a spolehlivost.<\/p>\n<h3>Testovac\u00ed, inspek\u010dn\u00ed a lithografick\u00e9 d\u00edly<\/h3>\n<p>CNC obr\u00e1b\u011bn\u00ed podporuje v\u00fdrobu vysoce p\u0159esn\u00fdch d\u00edl\u016f pro testovac\u00ed za\u0159\u00edzen\u00ed, inspek\u010dn\u00ed p\u0159\u00edslu\u0161enstv\u00ed a lithografick\u00e9 n\u00e1stroje. Tyto komponenty vy\u017eaduj\u00ed bezvadnou p\u0159esnost a povrchov\u00e9 vlastnosti, aby zajistily p\u0159esn\u00e9 zarovn\u00e1n\u00ed, reprodukovatelnost a funk\u010dn\u00ed v\u00fdkon p\u0159i v\u00fdrob\u011b a kontrole kvality polovodi\u010dov\u00fdch za\u0159\u00edzen\u00ed.<\/p>\n<p>Na\u0161e odborn\u00e9 znalosti v obr\u00e1b\u011bn\u00ed t\u011bchto kl\u00ed\u010dov\u00fdch komponent\u016f polovodi\u010dov\u00e9ho vybaven\u00ed vyu\u017e\u00edvaj\u00ed p\u0159\u00edsn\u00e9 tolerance, speci\u00e1ln\u00ed materi\u00e1ly a d\u016fsledn\u00e9 normy kvality, aby splnily vysok\u00e9 n\u00e1roky elektronick\u00e9ho pr\u016fmyslu. Pro slo\u017eitou v\u00fdrobu d\u00edl\u016f a integrovan\u00e9 sestavy na\u0161e pokro\u010dil\u00e9 CNC \u0159e\u0161en\u00ed umo\u017e\u0148uj\u00ed rychl\u00e9 prototypov\u00e1n\u00ed a\u017e po velkoplo\u0161nou v\u00fdrobu. Pro dal\u0161\u00ed v\u00fdrobn\u00ed procesy, kter\u00e9 dopl\u0148uj\u00ed pot\u0159eby obr\u00e1b\u011bn\u00ed polovodi\u010d\u016f, si prohl\u00e9dn\u011bte na\u0161e komplexn\u00ed slu\u017eby v\u00fdroby.<\/p>\n<h2>Hlavn\u00ed v\u00fdzvy p\u0159i obr\u00e1b\u011bn\u00ed polovodi\u010dov\u00fdch d\u00edl\u016f<\/h2>\n<h3>Pr\u00e1ce s tvrd\u00fdmi a k\u0159ehk\u00fdmi materi\u00e1ly<\/h3>\n<p>Polovodi\u010dov\u00e9 sou\u010d\u00e1stky \u010dasto vy\u017eaduj\u00ed obr\u00e1b\u011bn\u00ed materi\u00e1l\u016f, kter\u00e9 jsou jak extr\u00e9mn\u011b tvrd\u00e9, tak k\u0159ehk\u00e9. Kovy jako titan a nerezov\u00e1 ocel nab\u00edzej\u00ed pevnost, ale vy\u017eaduj\u00ed p\u0159esnou kontrolu n\u00e1stroj\u016f, aby se p\u0159ede\u0161lo opot\u0159eben\u00ed a po\u0161kozen\u00ed. Mezit\u00edm k\u0159ehk\u00e9 materi\u00e1ly pou\u017e\u00edvan\u00e9 v polovodi\u010dov\u00e9m za\u0159\u00edzen\u00ed, v\u010detn\u011b ur\u010dit\u00fdch plast\u016f a kompozit\u016f, vy\u017eaduj\u00ed jemn\u00e9 zach\u00e1zen\u00ed, aby nedo\u0161lo ke prasknut\u00ed nebo deformaci. Vyv\u00e1\u017een\u00ed rychlosti a p\u00e9\u010de je nezbytn\u00e9 pro zachov\u00e1n\u00ed integrity d\u00edl\u016f b\u011bhem CNC obr\u00e1b\u011bn\u00ed.<\/p>\n<h3>Fr\u00e9zov\u00e1n\u00ed slo\u017eit\u00fdch geometrick\u00fdch tvar\u016f<\/h3>\n<p>D\u00edly polovodi\u010dov\u00e9ho za\u0159\u00edzen\u00ed \u010dasto zahrnuj\u00ed slo\u017eit\u00e9 tvary s p\u0159\u00edsn\u00fdmi tolerancemi a mikroskopick\u00fdmi detaily. Dos\u00e1hnout t\u011bchto slo\u017eit\u00fdch geometri\u00ed vy\u017eaduje pokro\u010dilou CNC technologii, jako je 5-osa a \u0161v\u00fdcarsk\u00e9 obr\u00e1b\u011bn\u00ed, schopn\u00e9 p\u0159esn\u00fdch v\u00edce\u00fahlov\u00fdch \u0159ez\u016f. Tato slo\u017eitost zvy\u0161uje obt\u00ed\u017enost obr\u00e1b\u011bn\u00ed, vy\u017eaduje odborn\u00e9 programov\u00e1n\u00ed a dovednosti, aby se zabr\u00e1nilo koliz\u00edm n\u00e1stroj\u016f a zajistila se konzistentn\u00ed reprodukce detailn\u00edch prvk\u016f.<\/p>\n<h3>Udr\u017eov\u00e1n\u00ed p\u0159\u00edsn\u00e9 \u010distoty materi\u00e1l\u016f a kompatibility<\/h3>\n<p>Udr\u017eov\u00e1n\u00ed absolutn\u00ed \u010distoty a kompatibility b\u011bhem obr\u00e1b\u011bn\u00ed je kl\u00ed\u010dov\u00e9 pro polovodi\u010dov\u00e9 aplikace. Kontaminace z n\u00e1stroj\u016f nebo nespr\u00e1vn\u00e9ho zpracov\u00e1n\u00ed m\u016f\u017ee sn\u00ed\u017eit v\u00fdkon za\u0159\u00edzen\u00ed. Proto mus\u00ed obr\u00e1b\u011bn\u00ed dodr\u017eovat p\u0159\u00edsn\u00e9 protokoly, v\u010detn\u011b vyhrazen\u00fdch sad n\u00e1stroj\u016f a proces\u016f kompatibiln\u00edch s \u010dist\u00fdmi prostory, pokud je to nutn\u00e9. V\u00fdb\u011br vysoce kvalitn\u00edch materi\u00e1l\u016f, jako je leteck\u00e1 hlin\u00edkov\u00e1 slitina nebo chemicky odoln\u00fd PEEK, pom\u00e1h\u00e1 zajistit, aby sou\u010d\u00e1sti spl\u0148ovaly p\u0159\u00edsn\u00e9 pr\u016fmyslov\u00e9 normy bez kompromis\u016f v \u010distot\u011b.<\/p>\n<p>Pro obr\u00e1b\u011bn\u00ed n\u00e1ro\u010dn\u00fdch kov\u016f, jako je nerezov\u00e1 ocel, s p\u0159esnost\u00ed a kvalitou povrchu, mohou v\u00fdrobci odkazovat na specializovan\u00e9 <a href=\"https:\/\/zscncparts.com\/cs\/machining-stainless-steel\/\">CNC obr\u00e1b\u011bn\u00ed nerezov\u00e9 oceli<\/a> optimalizovan\u00e9 pro p\u0159\u00edsn\u00e9 tolerance b\u011b\u017en\u00e9 u d\u00edl\u016f polovodi\u010d\u016f.<\/p>\n<h2>Volba spr\u00e1vn\u00e9ho partnera pro CNC obr\u00e1b\u011bn\u00ed polovodi\u010d\u016f<\/h2>\n<h3>Hodnocen\u00ed pokro\u010dil\u00fdch technologi\u00ed a schopnost\u00ed za\u0159\u00edzen\u00ed<\/h3>\n<p>Spolupr\u00e1ce s poskytovatelem CNC obr\u00e1b\u011bn\u00ed vybaven\u00fdm nejmodern\u011bj\u0161\u00edmi stroji je kl\u00ed\u010dov\u00e1 pro d\u00edly polovodi\u010dov\u00fdch za\u0159\u00edzen\u00ed. Pokro\u010dil\u00e9 v\u00edceos\u00e9 CNC stroje, \u0161v\u00fdcarsk\u00e9 obr\u00e1b\u011bn\u00ed a EDM technologie umo\u017e\u0148uj\u00ed v\u00fdrobu slo\u017eit\u00fdch d\u00edl\u016f s mikronovou p\u0159esnost\u00ed a slo\u017eit\u00fdmi geometriemi. Tyto technologie zaji\u0161\u0165uj\u00ed konzistentn\u00ed opakovatelnost a p\u0159\u00edsn\u00e9 tolerance pot\u0159ebn\u00e9 ve v\u00fdrob\u011b polovodi\u010d\u016f. P\u0159\u00edstup k automatizaci a \u0161irok\u00e9 \u0161k\u00e1le obr\u00e1b\u011bc\u00edch schopnost\u00ed urychluje prototypov\u00e1n\u00ed a efektivn\u011b \u0161k\u00e1luje v\u00fdrobu bez kompromis\u016f v kvalit\u011b.<\/p>\n<h3>Zaji\u0161t\u011bn\u00ed p\u0159\u00edsn\u00e9 kontroly kvality a souladu<\/h3>\n<p>D\u00edly polovodi\u010d\u016f vy\u017eaduj\u00ed p\u0159\u00edsnou kontrolu kvality, aby splnily pr\u016fmyslov\u00e9 normy. Vyberte si dodavatele obr\u00e1b\u011bn\u00ed s osv\u011bd\u010denou certifikac\u00ed ISO 9001 a robustn\u00edm inspek\u010dn\u00edm syst\u00e9mem, kter\u00fd zahrnuje pokro\u010dil\u00e9 m\u011b\u0159ic\u00ed p\u0159\u00edstroje a ov\u011b\u0159ovac\u00ed postupy. Transparentn\u00ed proces s pr\u016fb\u011b\u017en\u00fdmi kontrolami kvality minimalizuje vady a zaru\u010duje, \u017ee ka\u017ed\u00fd d\u00edl spl\u0148uje p\u0159\u00edsn\u00e9 rozm\u011brov\u00e9 a povrchov\u00e9 po\u017eadavky. P\u0159\u00edsn\u00e1 shoda chr\u00e1n\u00ed va\u0161i spolehlivost dodavatelsk\u00e9ho \u0159et\u011bzce a zvy\u0161uje v\u00fdt\u011b\u017enost v n\u00e1sledn\u00fdch aplikac\u00edch polovodi\u010d\u016f.<\/p>\n<h3>Hodnocen\u00ed zku\u0161enost\u00ed s specializovan\u00fdmi materi\u00e1ly<\/h3>\n<p>Zku\u0161enosti s obr\u00e1b\u011bn\u00edm specializovan\u00fdch materi\u00e1l\u016f \u2013 jako je titan, nerezov\u00e1 ocel, hlin\u00edkov\u00e9 slitiny, PEEK a PTFE \u2013 jsou nezbytn\u00e9 p\u0159i z\u00edsk\u00e1v\u00e1n\u00ed d\u00edl\u016f pro polovodi\u010dov\u00e9 za\u0159\u00edzen\u00ed. Tyto materi\u00e1ly vy\u017eaduj\u00ed jemn\u00e9 zach\u00e1zen\u00ed kv\u016fli jejich mechanick\u00fdm vlastnostem a norm\u00e1m \u010distoty. Partne\u0159i s prok\u00e1zanou odbornost\u00ed v obou oblastech kov\u016f a vysoce v\u00fdkonn\u00fdch plast\u016f dod\u00e1vaj\u00ed d\u00edly, kter\u00e9 spolehliv\u011b funguj\u00ed v kontrolovan\u00e9m prost\u0159ed\u00ed polovodi\u010d\u016f. Jejich znalosti sni\u017euj\u00ed riziko kontaminace a neslu\u010ditelnosti materi\u00e1l\u016f a z\u00e1rove\u0148 zaji\u0161\u0165uj\u00ed vynikaj\u00edc\u00ed obr\u00e1b\u011bn\u00ed a odolnost.<\/p>\n<p>Pro dal\u0161\u00ed informace o dosa\u017een\u00ed p\u0159\u00edsn\u00e9 rozm\u011brov\u00e9 kontroly s pokro\u010dil\u00fdm vybaven\u00edm si prostudujte n\u00e1\u0161 podrobn\u00fd pr\u016fvodce na <a href=\"https:\/\/zscncparts.com\/cs\/standard-tolerances-for-5axis-parts\/\">standardn\u00edch toleranc\u00edch pro d\u00edly s 5 osy<\/a> pro pochopen\u00ed p\u0159esnostn\u00edch standard\u016f kritick\u00fdch v CNC obr\u00e1b\u011bn\u00ed polovodi\u010d\u016f.<\/p>\n<h2 data-section-id=\"1rrrqgd\" data-start=\"3353\" data-end=\"3411\">Z\u00edskejte slu\u017eby vysoce p\u0159esn\u00e9ho CNC obr\u00e1b\u011bn\u00ed polovodi\u010d\u016f<\/h2>\n<p data-start=\"3413\" data-end=\"3476\">Hled\u00e1te spolehliv\u00e9ho partnera pro CNC obr\u00e1b\u011bn\u00ed polovodi\u010d\u016f?<\/p>\n<p data-start=\"3478\" data-end=\"3489\">Poskytujeme:<\/p>\n<ul data-start=\"3490\" data-end=\"3688\">\n<li data-section-id=\"fey13q\" data-start=\"3490\" data-end=\"3534\">Obr\u00e1b\u011bn\u00ed s p\u0159esnost\u00ed na \u00farovni tolerance (a\u017e \u00b10,01 mm)<\/li>\n<li data-section-id=\"1fagszw\" data-start=\"3535\" data-end=\"3604\">Zku\u0161enosti s hlin\u00edkem, nerezovou ocel\u00ed a technick\u00fdmi plasty<\/li>\n<li data-section-id=\"1owrma3\" data-start=\"3605\" data-end=\"3648\">Podpora od prototypu po hromadnou v\u00fdrobu<\/li>\n<li data-section-id=\"1smwlr0\" data-start=\"3649\" data-end=\"3688\">P\u0159\u00edsn\u00e1 kontrola kvality a inspekce<\/li>\n<\/ul>\n<p data-start=\"3690\" data-end=\"3769\">Kontaktujte n\u00e1s je\u0161t\u011b dnes a prodiskutujte sv\u00e9 komponenty pro polovodi\u010de a z\u00edskejte rychlou nab\u00eddku.<\/p>\n<div id=\"references\" class=\"min-w-0 scroll-mt-8 overflow-hidden\">\n<div class=\"text-[16px]\">\n<h2 id=\"references\" class=\"mb-2 mt-2 scroll-mt-24 font-serif text-[1.714286em] font-semibold border-border-l1 pb-1 border-b overflow-hidden\">Odkazy z pr\u016fmyslu<\/h2>\n<\/div>\n<div class=\"flex flex-col gap-2 text-sm leading-relaxed\">\n<div class=\"break-words text-[1em] leading-7\"><a class=\"break-words text-[1em] text-blue-500 hover:underline dark:text-blue-200\" href=\"https:\/\/www.ellisontechnologies.com\/industries\/semiconductor\" target=\"_blank\" rel=\"noopener noreferrer\">https:\/\/www.ellisontechnologies.com\/industries\/semiconductor<\/a><\/div>\n<div class=\"break-words text-[1em] leading-7\"><\/div>\n<\/div>\n<\/div>","protected":false},"excerpt":{"rendered":"<p>Zjist\u011bte, jak v\u00fdroba polovodi\u010d\u016f CNC obr\u00e1b\u011bn\u00edm dod\u00e1v\u00e1 vysoce p\u0159esn\u00e9 d\u00edly pro manipulaci s wafery, vakuov\u00e9 syst\u00e9my a lithografick\u00e9 za\u0159\u00edzen\u00ed. Prozkoumejte materi\u00e1ly, tolerance a kl\u00ed\u010dov\u00e9 v\u00fdhody.<\/p>","protected":false},"featured_media":3798,"comment_status":"open","ping_status":"closed","template":"","meta":{"_monsterinsights_skip_tracking":false,"_monsterinsights_sitenote_active":false,"_monsterinsights_sitenote_note":"","_monsterinsights_sitenote_category":0,"site-sidebar-layout":"default","site-content-layout":"","ast-site-content-layout":"default","site-content-style":"default","site-sidebar-style":"default","ast-global-header-display":"","ast-banner-title-visibility":"","ast-main-header-display":"","ast-hfb-above-header-display":"","ast-hfb-below-header-display":"","ast-hfb-mobile-header-display":"","site-post-title":"","ast-breadcrumbs-content":"","ast-featured-img":"","footer-sml-layout":"","theme-transparent-header-meta":"default","adv-header-id-meta":"","stick-header-meta":"","header-above-stick-meta":"","header-main-stick-meta":"","header-below-stick-meta":"","astra-migrate-meta-layouts":"set","ast-page-background-enabled":"default","ast-page-background-meta":{"desktop":{"background-color":"var(--ast-global-color-5)","background-image":"","background-repeat":"repeat","background-position":"center center","background-size":"auto","background-attachment":"scroll","background-type":"","background-media":"","overlay-type":"","overlay-color":"","overlay-opacity":"","overlay-gradient":""},"tablet":{"background-color":"","background-image":"","background-repeat":"repeat","background-position":"center center","background-size":"auto","background-attachment":"scroll","background-type":"","background-media":"","overlay-type":"","overlay-color":"","overlay-opacity":"","overlay-gradient":""},"mobile":{"background-color":"","background-image":"","background-repeat":"repeat","background-position":"center center","background-size":"auto","background-attachment":"scroll","background-type":"","background-media":"","overlay-type":"","overlay-color":"","overlay-opacity":"","overlay-gradient":""}},"ast-content-background-meta":{"desktop":{"background-color":"var(--ast-global-color-4)","background-image":"","background-repeat":"repeat","background-position":"center center","background-size":"auto","background-attachment":"scroll","background-type":"","background-media":"","overlay-type":"","overlay-color":"","overlay-opacity":"","overlay-gradient":""},"tablet":{"background-color":"var(--ast-global-color-4)","background-image":"","background-repeat":"repeat","background-position":"center center","background-size":"auto","background-attachment":"scroll","background-type":"","background-media":"","overlay-type":"","overlay-color":"","overlay-opacity":"","overlay-gradient":""},"mobile":{"background-color":"var(--ast-global-color-4)","background-image":"","background-repeat":"repeat","background-position":"center center","background-size":"auto","background-attachment":"scroll","background-type":"","background-media":"","overlay-type":"","overlay-color":"","overlay-opacity":"","overlay-gradient":""}}},"product_brand":[],"product_cat":[15,32],"product_tag":[],"class_list":{"0":"post-3799","1":"product","2":"type-product","3":"status-publish","4":"has-post-thumbnail","6":"product_cat-cnc-machining","7":"product_cat-5-axis","8":"desktop-align-left","9":"tablet-align-left","10":"mobile-align-left","12":"first","13":"instock","14":"shipping-taxable","15":"purchasable","16":"product-type-simple"},"_links":{"self":[{"href":"https:\/\/zscncparts.com\/cs\/wp-json\/wp\/v2\/product\/3799","targetHints":{"allow":["GET"]}}],"collection":[{"href":"https:\/\/zscncparts.com\/cs\/wp-json\/wp\/v2\/product"}],"about":[{"href":"https:\/\/zscncparts.com\/cs\/wp-json\/wp\/v2\/types\/product"}],"replies":[{"embeddable":true,"href":"https:\/\/zscncparts.com\/cs\/wp-json\/wp\/v2\/comments?post=3799"}],"wp:featuredmedia":[{"embeddable":true,"href":"https:\/\/zscncparts.com\/cs\/wp-json\/wp\/v2\/media\/3798"}],"wp:attachment":[{"href":"https:\/\/zscncparts.com\/cs\/wp-json\/wp\/v2\/media?parent=3799"}],"wp:term":[{"taxonomy":"product_brand","embeddable":true,"href":"https:\/\/zscncparts.com\/cs\/wp-json\/wp\/v2\/product_brand?post=3799"},{"taxonomy":"product_cat","embeddable":true,"href":"https:\/\/zscncparts.com\/cs\/wp-json\/wp\/v2\/product_cat?post=3799"},{"taxonomy":"product_tag","embeddable":true,"href":"https:\/\/zscncparts.com\/cs\/wp-json\/wp\/v2\/product_tag?post=3799"}],"curies":[{"name":"wp","href":"https:\/\/api.w.org\/{rel}","templated":true}]}}