{"id":3772,"date":"2026-03-26T10:42:10","date_gmt":"2026-03-26T02:42:10","guid":{"rendered":"https:\/\/zscncparts.com\/?post_type=product&#038;p=3772"},"modified":"2026-03-26T10:49:35","modified_gmt":"2026-03-26T02:49:35","slug":"brass-gear-and-bushing-cnc-machining-for-lowfriction-industrial-applications","status":"publish","type":"product","link":"https:\/\/zscncparts.com\/cs\/product\/brass-gear-and-bushing-cnc-machining-for-lowfriction-industrial-applications\/","title":{"rendered":"Mosazn\u00fd ozuben\u00fd kola a pouzdra CNC obr\u00e1b\u011bn\u00ed pro n\u00edzkou t\u0159en\u00ed"},"content":{"rendered":"<h2>Hlavn\u00ed v\u00fdhody mosazi p\u0159i v\u00fdrob\u011b ozuben\u00fdch kol a pouzder<\/h2>\n<p>P\u0159i v\u00fdb\u011bru materi\u00e1l\u016f pro vysoce v\u00fdkonn\u00e9 <strong>pr\u016fmyslov\u00e9 komponenty<\/strong>, mosaz vynik\u00e1 jako p\u0159edn\u00ed volba. Pro d\u00edly, kter\u00e9 vy\u017eaduj\u00ed nep\u0159etr\u017eit\u00fd pohyb a spolehlivost, mosaz nab\u00edz\u00ed nep\u0159ekonatelnou kombinaci zpracovatelnosti a odolnosti v <strong>p\u0159esn\u00e9 v\u00fdrob\u011b<\/strong>.<\/p>\n<h3>Vynikaj\u00edc\u00ed obrobitelnost a rychlej\u0161\u00ed v\u00fdrobn\u00ed cykly<\/h3>\n<p>Mosaz je zn\u00e1m\u00e1 pro svou <strong>vysokou obrobitelnost<\/strong>, co\u017e z n\u00ed \u010din\u00ed ide\u00e1ln\u00ed materi\u00e1l pro tvorbu slo\u017eit\u00fdch ozuben\u00fdch kol a pouzder.<\/p>\n<ul>\n<li><strong>Rychlej\u0161\u00ed obr\u00e1b\u011bc\u00ed cykly:<\/strong> Vysoce efektivn\u00ed odstra\u0148ov\u00e1n\u00ed materi\u00e1lu b\u011bhem <strong>CNC fr\u00e9zov\u00e1n\u00ed<\/strong> a soustru\u017een\u00ed v\u00fdrazn\u011b urychluje v\u00fdrobn\u00ed \u010dasov\u00e9 pl\u00e1ny.<\/li>\n<li><strong>T\u011bsn\u00e9 tolerance:<\/strong> P\u0159edv\u00eddateln\u00e9 chov\u00e1n\u00ed mosazi b\u011bhem obr\u00e1b\u011bn\u00ed umo\u017e\u0148uje p\u0159esn\u00e9 specifikace, kter\u00e9 jsou kl\u00ed\u010dov\u00e9 pro <strong>zak\u00e1zkov\u00e9 obr\u00e1b\u011bn\u00e9 d\u00edly<\/strong>.<\/li>\n<li><strong>Dlouhov\u011bkost n\u00e1stroje:<\/strong> M\u011bkkost mosazi vede ke sn\u00ed\u017een\u00ed opot\u0159eben\u00ed \u0159ezn\u00fdch n\u00e1stroj\u016f, sni\u017euje celkov\u00e9 v\u00fdrobn\u00ed n\u00e1klady a minimalizuje prostoje.<\/li>\n<\/ul>\n<h3>P\u0159irozen\u00e1 mazivost pro samomazac\u00ed lo\u017eiska<\/h3>\n<p>V mechanick\u00fdch syst\u00e9mech t\u0159en\u00ed rychle degraduje <strong>pohybliv\u00e9 \u010d\u00e1sti<\/strong>. M\u011b\u010f nab\u00edz\u00ed vnit\u0159n\u00ed povrchov\u00e9 vlastnosti, kter\u00e9 p\u0159\u00edmo bojuj\u00ed proti tomuto opot\u0159eben\u00ed.<\/p>\n<ul>\n<li><strong>Vlastn\u00ed kluznost:<\/strong> P\u0159irozen\u00e1 mazivost m\u011bdi sni\u017euje p\u0159\u00edsnou z\u00e1vislost na t\u011b\u017ek\u00e9m, nep\u0159etr\u017eit\u00e9m vn\u011bj\u0161\u00edm maz\u00e1n\u00ed.<\/li>\n<li><strong>Vysok\u00e1 odolnost proti opot\u0159eben\u00ed:<\/strong> Ni\u017e\u0161\u00ed sou\u010dinitel t\u0159en\u00ed znamen\u00e1, \u017ee obr\u00e1b\u011bn\u00e9 ozuben\u00e9 kola a pouzdra vydr\u017e\u00ed d\u00e9le a budou spolehliv\u011b fungovat v n\u00e1ro\u010dn\u00fdch <strong>pr\u016fmyslov\u00fdch stroj\u00edch<\/strong>.<\/li>\n<li><strong>Hladk\u00fd chod:<\/strong> M\u011b\u010f zabra\u0148uje zaseknut\u00ed, zad\u0159en\u00ed nebo zaseknut\u00ed, kter\u00e9 \u010dasto vedou ke katastrof\u00e1ln\u00edmu selh\u00e1n\u00ed za\u0159\u00edzen\u00ed v aplikac\u00edch s kovem na kov.<\/li>\n<\/ul>\n<h3>Vynikaj\u00edc\u00ed rozm\u011brov\u00e1 stabilita a odolnost proti korozi<\/h3>\n<p>Pr\u016fmyslov\u00e9 prost\u0159ed\u00ed je ne\u00faprosn\u00e9, vy\u017eaduj\u00edc\u00ed materi\u00e1ly, kter\u00e9 se nebudou deformovat, roz\u0161i\u0159ovat nebo degradovat p\u0159i provozn\u00edm stresu.<\/p>\n<ul>\n<li><strong>Dimenzion\u00e1ln\u00ed stabilita:<\/strong> M\u011b\u010f si udr\u017e\u00ed p\u0159esn\u00fd tvar i p\u0159i t\u011b\u017ek\u00fdch mechanick\u00fdch zat\u00ed\u017een\u00edch, co\u017e zaji\u0161\u0165uje, \u017ee ozuben\u00e1 kola a pouzdra si zachovaj\u00ed dokonal\u00e9 zarovn\u00e1n\u00ed po celou dobu sv\u00e9 provozn\u00ed \u017eivotnosti.<\/li>\n<li><strong>Odolnost proti korozi:<\/strong> Slitina p\u0159irozen\u011b odol\u00e1v\u00e1 korozi a degradaci zp\u016fsoben\u00e9 vlhkost\u00ed nebo agresivn\u00edmi mazivy, co\u017e ji \u010din\u00ed vysoce spolehlivou v exponovan\u00fdch nebo kapaln\u00fdmi m\u00e9dii zat\u00ed\u017een\u00fdch prost\u0159ed\u00edch.<\/li>\n<li><strong>Tepeln\u00e1 vodivost:<\/strong> Vynikaj\u00edc\u00ed odvod tepla zabra\u0148uje lok\u00e1ln\u00edmu p\u0159eh\u0159\u00edv\u00e1n\u00ed a tepeln\u00e9mu rozta\u017een\u00ed, \u010d\u00edm\u017e d\u00e1le prodlu\u017euje \u017eivotnost va\u0161ich kl\u00ed\u010dov\u00fdch <strong>mechanick\u00fdch sou\u010d\u00e1st\u00ed<\/strong>.<\/li>\n<\/ul>\n<h2>Nejlep\u0161\u00ed slitiny m\u011bdi a bronzu pro pr\u016fmyslov\u00e1 pouzdra<\/h2>\n<p><img decoding=\"async\" data-src=\"https:\/\/pub-36eea33d6f1540d281c285671ffb8664.r2.dev\/2026\/03\/26\/Brass_bronze_CNC_machined_low-friction_bushings_MO.webp\" alt=\"Mosazn\u00e1 bronzov\u00e1 pouzdra obr\u00e1b\u011bn\u00e1 CNC pro n\u00edzk\u00e9 t\u0159en\u00ed\" title=\"\" src=\"data:image\/svg+xml;base64,PHN2ZyB3aWR0aD0iMSIgaGVpZ2h0PSIxIiB4bWxucz0iaHR0cDovL3d3dy53My5vcmcvMjAwMC9zdmciPjwvc3ZnPg==\" class=\"lazyload\"><\/p>\n<p>P\u0159i zpracov\u00e1n\u00ed CNC obr\u00e1b\u011bn\u00ed m\u011bd\u011bn\u00fdch ozuben\u00fdch kol a pouzder pro n\u00edzkotlak\u00e9 pr\u016fmyslov\u00e9 aplikace je materi\u00e1l, kter\u00fd si vyberete, kl\u00ed\u010dov\u00fd pro \u00fasp\u011bch projektu. Spol\u00e9h\u00e1me na vybranou skupinu kov\u016f, kter\u00e9 zaji\u0161\u0165uj\u00ed vynikaj\u00edc\u00ed odolnost proti opot\u0159eben\u00ed a spolehlivou rozm\u011brovou stabilitu pro glob\u00e1ln\u00ed v\u00fdrobn\u00ed po\u017eadavky.<\/p>\n<h3>C360 voln\u011b \u0159ezn\u00e1 m\u011b\u010f pro p\u0159esn\u00e9 tolerance<\/h3>\n<p>C360 je na\u0161e absolutn\u00ed obl\u00edben\u00e1 volba pro p\u0159esn\u00e9 v\u00fdroby. D\u00edky mimo\u0159\u00e1dn\u011b vysok\u00e9 obr\u00e1b\u011bc\u00ed schopnosti n\u00e1m umo\u017e\u0148uje dosahovat p\u0159esn\u00fdch toleranc\u00ed konzistentn\u011b bez opot\u0159eben\u00ed n\u00e1stroj\u016f.<\/p>\n<ul>\n<li><strong>Rychlej\u0161\u00ed cykly obr\u00e1b\u011bn\u00ed:<\/strong> Drasticky sni\u017euje v\u00e1\u0161 \u010das v\u00fdroby a n\u00e1klady.<\/li>\n<li><strong>Perfektn\u00ed pro p\u0159esn\u00e9 specifikace:<\/strong> Ide\u00e1ln\u00ed, kdy\u017e va\u0161e zak\u00e1zkov\u00e9 obr\u00e1b\u011bn\u00e9 d\u00edly vy\u017eaduj\u00ed p\u0159esn\u00e9 a opakovateln\u00e9 rozm\u011bry.<\/li>\n<li><strong>Spolehliv\u00fd z\u00e1klad:<\/strong> V\u00fdb\u011br standardn\u00edch <a href=\"https:\/\/zscncparts.com\/cs\/material\/metal\/brass\/\">mosazn\u00fdch materi\u00e1l\u016f pro CNC obr\u00e1b\u011bn\u00ed<\/a> jako C360 zaru\u010duje bezvadn\u00fd povrchov\u00fd vzhled p\u0159\u00edmo z obr\u00e1b\u011bc\u00edho stroje.<\/li>\n<\/ul>\n<h3>C260 mosazn\u00e1 vlo\u017eka pro vysokou pevnost d\u00edl\u016f<\/h3>\n<p>Pokud va\u0161e pohybliv\u00e9 d\u00edly \u010del\u00ed v\u011bt\u0161\u00edmu nam\u00e1h\u00e1n\u00ed, je C260 lep\u0161\u00ed volbou. Ob\u011btuje trochu obr\u00e1b\u011bnitelnosti za obrovsk\u00fd n\u00e1r\u016fst pevnosti konstrukce. Pou\u017e\u00edv\u00e1me ji speci\u00e1ln\u011b pro t\u011b\u017ek\u00e9 pr\u016fmyslov\u00e9 stroje, kde d\u00edly mus\u00ed odol\u00e1vat mechanick\u00e9mu deformov\u00e1n\u00ed a z\u00e1rove\u0148 si zachovat vynikaj\u00edc\u00ed odolnost proti korozi.<\/p>\n<h3>Porovn\u00e1n\u00ed mosazi a bronzu (C932) pouzder<\/h3>\n<p>Jak se standardn\u00ed slitiny mosazi srovn\u00e1vaj\u00ed s vyhrazen\u00fdm lo\u017eiskov\u00fdm bronzem jako C932 (obvykle zn\u00e1m\u00fd jako SAE 660)? Znalost rozd\u00edlu zabr\u00e1n\u00ed p\u0159ed\u010dasn\u00e9mu selh\u00e1n\u00ed d\u00edl\u016f na v\u00fdrobn\u00ed lince.<\/p>\n<table>\n<thead>\n<tr>\n<th style=\"text-align: left;\">Funkce<\/th>\n<th style=\"text-align: left;\">Mosaz C360<\/th>\n<th style=\"text-align: left;\">Bronz C932 (SAE 660)<\/th>\n<\/tr>\n<\/thead>\n<tbody>\n<tr>\n<td style=\"text-align: left;\"><strong>Nejlep\u0161\u00ed pou\u017eit\u00ed<\/strong><\/td>\n<td style=\"text-align: left;\">D\u00edly pro vysokorychlostn\u00ed, lehk\u00e9 zat\u00ed\u017een\u00ed<\/td>\n<td style=\"text-align: left;\">T\u011b\u017ek\u00e9, vysokoz\u00e1t\u011b\u017eov\u00e9 lo\u017eiska<\/td>\n<\/tr>\n<tr>\n<td style=\"text-align: left;\"><strong>Odolnost proti opot\u0159eben\u00ed<\/strong><\/td>\n<td style=\"text-align: left;\">Dobr\u00e9<\/td>\n<td style=\"text-align: left;\">Vynikaj\u00edc\u00ed<\/td>\n<\/tr>\n<tr>\n<td style=\"text-align: left;\"><strong>\u0158\u00edzen\u00ed t\u0159en\u00ed<\/strong><\/td>\n<td style=\"text-align: left;\">N\u00edzk\u00e9 t\u0159en\u00ed pro rychl\u00fd pohyb<\/td>\n<td style=\"text-align: left;\">P\u0159irozen\u00e9 samomazac\u00ed vlastnosti<\/td>\n<\/tr>\n<tr>\n<td style=\"text-align: left;\"><strong>Obrobitelnost<\/strong><\/td>\n<td style=\"text-align: left;\">Vynikaj\u00edc\u00ed<\/td>\n<td style=\"text-align: left;\">Velmi dobr\u00e9<\/td>\n<\/tr>\n<\/tbody>\n<\/table>\n<p>Pro ka\u017edodenn\u00ed pr\u016fmyslov\u00e9 komponenty dr\u017e\u00ed mosaz n\u00e1klady n\u00edzko a urychluje va\u0161i v\u00fdrobn\u00ed linku. Ale kdy\u017e pracujete s t\u011b\u017ek\u00fdmi zat\u00ed\u017een\u00edmi a st\u00e1l\u00fdm t\u0159en\u00edm, je nejchyt\u0159ej\u0161\u00ed investic\u00ed p\u0159echod na lo\u017eiskov\u00fd bronz SAE 660 pro dlouhodobou odolnost.<\/p>\n<h2>Kritick\u00e9 parametry CNC obr\u00e1b\u011bn\u00ed pro mosazn\u00e9 d\u00edly<\/h2>\n<p>P\u0159i prov\u00e1d\u011bn\u00ed CNC obr\u00e1b\u011bn\u00ed mosazn\u00fdch ozuben\u00fdch kol a pouzder pro pr\u016fmyslov\u00e9 aplikace s n\u00edzk\u00fdm t\u0159en\u00edm je kl\u00ed\u010dov\u00e9 spr\u00e1vn\u00e9 nastaven\u00ed stroje. P\u0159esn\u00e1 v\u00fdroba spo\u010d\u00edv\u00e1 v p\u0159esn\u00e9m nastaven\u00ed parametr\u016f, kter\u00e9 udr\u017euj\u00ed p\u0159\u00edsn\u00e9 tolerance a zaji\u0161\u0165uj\u00ed bezprobl\u00e9mov\u00e9 fungov\u00e1n\u00ed pohybliv\u00fdch \u010d\u00e1st\u00ed v pr\u016fmyslov\u00e9 technice.<\/p>\n<h3>Optimalizace \u0159ezn\u00fdch rychlost\u00ed a posuv\u016f<\/h3>\n<p>Mosaz je zn\u00e1m\u00e1 svou vysokou obr\u00e1b\u011bc\u00ed schopnost\u00ed. Tato p\u0159irozen\u00e1 v\u00fdhoda n\u00e1m umo\u017e\u0148uje zrychlit cykly obr\u00e1b\u011bn\u00ed bez ztr\u00e1ty kvality. U zak\u00e1zkov\u00fdch obr\u00e1b\u011bn\u00fdch d\u00edl\u016f obvykle udr\u017eujeme \u0159ezn\u00e9 rychlosti vysok\u00e9 a posuvy m\u00edrn\u00e9. Tato optim\u00e1ln\u00ed rovnov\u00e1ha zabra\u0148uje trh\u00e1n\u00ed materi\u00e1lu a zaji\u0161\u0165uje p\u0159\u00edsnou rozm\u011brovou stabilitu.<\/p>\n<table>\n<thead>\n<tr>\n<th style=\"text-align: left;\">Operace obr\u00e1b\u011bn\u00ed<\/th>\n<th style=\"text-align: left;\">Rychlost \u0159ez\u00e1n\u00ed (SFM)<\/th>\n<th style=\"text-align: left;\">Posuv (IPR)<\/th>\n<\/tr>\n<\/thead>\n<tbody>\n<tr>\n<td style=\"text-align: left;\"><strong>CNC soustru\u017een\u00ed<\/strong><\/td>\n<td style=\"text-align: left;\">500 &#8211; 800<\/td>\n<td style=\"text-align: left;\">0.002 &#8211; 0.015<\/td>\n<\/tr>\n<tr>\n<td style=\"text-align: left;\"><strong>CNC fr\u00e9zov\u00e1n\u00ed<\/strong><\/td>\n<td style=\"text-align: left;\">400 &#8211; 700<\/td>\n<td style=\"text-align: left;\">0.002 &#8211; 0.010<\/td>\n<\/tr>\n<\/tbody>\n<\/table>\n<h3>V\u00fdb\u011br n\u00e1stroj\u016f a strategie sni\u017eov\u00e1n\u00ed opot\u0159eben\u00ed<\/h3>\n<p>A\u010dkoliv je mosaz relativn\u011b m\u011bkk\u00e1, v\u00fdb\u011br spr\u00e1vn\u00fdch \u0159ezn\u00fdch n\u00e1stroj\u016f je kl\u00ed\u010dov\u00fd pro konzistentn\u00ed v\u00fdrobu. Spol\u00e9h\u00e1me na nekovov\u00e9 karbidov\u00e9 n\u00e1stroje, proto\u017ee z\u016fst\u00e1vaj\u00ed ostr\u00e9 a odol\u00e1vaj\u00ed tvorb\u011b okrajov\u00fdch usazenin. Udr\u017eov\u00e1n\u00ed ostrosti n\u00e1stroj\u016f je na\u0161ou nejlep\u0161\u00ed obranou proti \u0161patn\u00fdm toleranc\u00edm. Pokud porovn\u00e1v\u00e1te chov\u00e1n\u00ed materi\u00e1lu, pochopen\u00ed toho, jak se <a href=\"https:\/\/zscncparts.com\/cs\/aluminum-vs-brass-vs-stainless-steel-choose-the-right-cnc-material\/\">hlin\u00edkem, mosaz\u00ed a nerezovou ocel\u00ed<\/a> stroj odli\u0161n\u011b chov\u00e1, v\u00e1m uk\u00e1\u017ee, pro\u010d je opot\u0159eben\u00ed n\u00e1stroj\u016f z mosazi v\u00fdrazn\u011b ni\u017e\u0161\u00ed, co\u017e v\u00e1m nakonec u\u0161et\u0159\u00ed pen\u00edze na pr\u016fmyslov\u00fdch sou\u010d\u00e1stech.<\/p>\n<ul>\n<li><strong>Materi\u00e1l n\u00e1stroje:<\/strong> Pou\u017e\u00edvejte nekovov\u00e9, le\u0161t\u011bn\u00e9 pevnolit\u00e9 karbidov\u00e9 n\u00e1stroje pro nej\u010dist\u0161\u00ed \u0159ezy.<\/li>\n<li><strong>\u00dahel n\u00e1klonu:<\/strong> Pou\u017eijte nulov\u00fd nebo m\u00edrn\u011b z\u00e1porn\u00fd \u00fahel n\u00e1klonu, aby se zabr\u00e1nilo zabo\u0159en\u00ed n\u00e1stroje do mosazi.<\/li>\n<li><strong>\u00dahel odklonu:<\/strong> Udr\u017eujte \u00fahly odklonu \u0161t\u011bdr\u00e9, aby se zabr\u00e1nilo t\u0159en\u00ed a minimalizovalo se teplo.<\/li>\n<\/ul>\n<h3>Chlazen\u00ed a maz\u00e1n\u00ed pro optim\u00e1ln\u00ed povrchovou \u00fapravu<\/h3>\n<p>Vynikaj\u00edc\u00ed povrchov\u00e1 \u00faprava je nezbytn\u00e1 pro n\u00edzkot\u0159ec\u00ed mechanick\u00e9 sou\u010d\u00e1sti. A\u010dkoliv lze mosaz \u010dasto obr\u00e1b\u011bt za sucha, pou\u017e\u00edv\u00e1me lehk\u00e9 \u0159ezn\u00e9 kapaliny nebo vodou \u0159editeln\u00e9 chladic\u00ed kapaliny pro pr\u00e1ce s vysokou p\u0159esnost\u00ed.<\/p>\n<ul>\n<li><strong>Odstra\u0148ov\u00e1n\u00ed t\u0159\u00edsek:<\/strong> Vysokotlak\u00e9 chlazen\u00ed okam\u017eit\u011b odplavuje mal\u00e9 mosazn\u00e9 t\u0159\u00edsky, \u010d\u00edm\u017e zabra\u0148uje op\u011btovn\u00e9mu \u0159ez\u00e1n\u00ed.<\/li>\n<li><strong>Kontrola teploty:<\/strong> Udr\u017euje \u0159eznou z\u00f3nu chladnou, co\u017e je kl\u00ed\u010dov\u00e9 pro zachov\u00e1n\u00ed rozm\u011brov\u00e9 p\u0159esnosti b\u011bhem dlouh\u00fdch v\u00fdrobn\u00edch s\u00e9ri\u00ed.<\/li>\n<li><strong>Hladk\u00fd povrch:<\/strong> Poskytuje pot\u0159ebn\u00e9 maz\u00e1n\u00ed pro dosa\u017een\u00ed zrcadlov\u00fdch povrch\u016f, kter\u00e9 jsou vy\u017eadov\u00e1ny pro n\u00edzkot\u0159ec\u00ed ozuben\u00e9 kola a pouzdra.<\/li>\n<\/ul>\n<h2>Povrchov\u00e9 \u00fapravy pro zv\u00fd\u0161en\u00ed v\u00fdkonu s n\u00edzk\u00fdm t\u0159en\u00edm<\/h2>\n<p><img decoding=\"async\" data-src=\"https:\/\/pub-36eea33d6f1540d281c285671ffb8664.r2.dev\/2026\/03\/26\/Brass_Gear_Bushing_CNC_Low-Friction_Finishes_sMF50.webp\" alt=\"Mosazn\u00e1 ozuben\u00e1 pouzdra CNC s n\u00edzk\u00fdm t\u0159en\u00edm a povrchovou \u00fapravou\" title=\"\" src=\"data:image\/svg+xml;base64,PHN2ZyB3aWR0aD0iMSIgaGVpZ2h0PSIxIiB4bWxucz0iaHR0cDovL3d3dy53My5vcmcvMjAwMC9zdmciPjwvc3ZnPg==\" class=\"lazyload\"><\/p>\n<p>Kdy\u017e se zab\u00fdv\u00e1me CNC obr\u00e1b\u011bn\u00edm mosazn\u00fdch ozuben\u00fdch kol a pouzder pro pr\u016fmyslov\u00e9 aplikace s n\u00edzk\u00fdm t\u0159en\u00edm, spr\u00e1vn\u00e9 rozm\u011bry jsou pouze polovinou pr\u00e1ce. Aby se maximalizovala \u017eivotnost pohybliv\u00fdch d\u00edl\u016f, je nezbytn\u00e9 pou\u017e\u00edt spr\u00e1vn\u00e9 povrchov\u00e9 \u00fapravy. Spr\u00e1vn\u00e9 dokon\u010den\u00ed v\u00fdrazn\u011b zvy\u0161uje odolnost proti opot\u0159eben\u00ed a zaji\u0161\u0165uje, \u017ee va\u0161e pr\u016fmyslov\u00e9 komponenty budou efektivn\u011b fungovat p\u0159i zat\u00ed\u017een\u00ed. Pokud si nejste jisti specifick\u00fdmi po\u017eadavky na povrchov\u00e9 \u00fapravy pro v\u00e1\u0161 projekt, m\u016f\u017ee v\u00e1m pomoci p\u0159ehledn\u00fd <a href=\"https:\/\/zscncparts.com\/cs\/resources\/faq\/\">v\u00fdrobn\u00ed FAQ<\/a> kter\u00fd objasn\u00ed, kter\u00e9 o\u0161et\u0159en\u00ed nejl\u00e9pe odpov\u00eddaj\u00ed va\u0161im provozn\u00edm c\u00edl\u016fm.<\/p>\n<h3>Le\u0161t\u011bn\u00ed a brou\u0161en\u00ed pro hladk\u00fd chod<\/h3>\n<p>Pro p\u0159esnou v\u00fdrobu vy\u017eaduj\u00edc\u00ed p\u0159\u00edsn\u00e9 tolerance jednodu\u0161e nesta\u010d\u00ed pouze hrub\u00e9 obr\u00e1b\u011bn\u00ed. Spol\u00e9h\u00e1me na brou\u0161en\u00ed a le\u0161t\u011bn\u00ed, kter\u00e9 v\u00fdrazn\u011b sni\u017euj\u00ed t\u0159en\u00ed na povrchu a zabra\u0148uj\u00ed p\u0159ed\u010dasn\u00e9mu opot\u0159eben\u00ed.<\/p>\n<ul>\n<li><strong>Brou\u0161en\u00ed:<\/strong> Vytv\u00e1\u0159\u00ed vysoce p\u0159esn\u00fd, mikro-k\u0159\u00ed\u017eov\u011b \u0161rafovan\u00fd vzor na povrchu kovu. Tato textura je speci\u00e1ln\u011b navr\u017eena tak, aby zachyt\u00e1vala a udr\u017eovala mazivo, co\u017e ji \u010din\u00ed ide\u00e1ln\u00ed pro nep\u0159etr\u017eit\u00fd provoz.<\/li>\n<li><strong>Le\u0161t\u011bn\u00ed:<\/strong> Vyhlazuje mikroskopick\u00e9 \u0161pi\u010dky a \u00fadol\u00ed, zanech\u00e1v\u00e1 zrcadlov\u00fd lesk. To minimalizuje t\u0159en\u00ed kov o kov a zaji\u0161\u0165uje plynul\u00fd mechanick\u00fd pohyb.<\/li>\n<\/ul>\n<h3>Elektrolytick\u00e1 pozlacen\u00ed a mo\u017enosti povlakov\u00e1n\u00ed<\/h3>\n<p>A\u010dkoliv m\u011b\u010fn\u00edky p\u0159irozen\u011b nab\u00edzej\u00ed skv\u011blou mazivost, n\u00e1ro\u010dn\u00e9 prost\u0159ed\u00ed \u010dasto vy\u017eaduj\u00ed dal\u0161\u00ed vrstvu ochrany. Aplikujeme c\u00edlen\u00e9 povlaky ke zv\u00fd\u0161en\u00ed tvrdosti povrchu a sn\u00ed\u017een\u00ed t\u0159en\u00ed je\u0161t\u011b v\u00edce.<\/p>\n<table>\n<thead>\n<tr>\n<th style=\"text-align: left;\">Typ povrchov\u00e9 \u00fapravy<\/th>\n<th style=\"text-align: left;\">Hlavn\u00ed p\u0159\u00ednos<\/th>\n<th style=\"text-align: left;\">Nejlep\u0161\u00ed pro<\/th>\n<\/tr>\n<\/thead>\n<tbody>\n<tr>\n<td style=\"text-align: left;\"><strong>Elektroless nikl<\/strong><\/td>\n<td style=\"text-align: left;\">Vynikaj\u00edc\u00ed odolnost proti opot\u0159eben\u00ed a jednotn\u00e1 tlou\u0161\u0165ka<\/td>\n<td style=\"text-align: left;\">Pr\u016fmyslov\u00e9 stroje a ozuben\u00e1 kola s vysok\u00fdm zat\u00ed\u017een\u00edm<\/td>\n<\/tr>\n<tr>\n<td style=\"text-align: left;\"><strong>PTFE povlak<\/strong><\/td>\n<td style=\"text-align: left;\">Nejvy\u0161\u0161\u00ed n\u00edzk\u00e9 t\u0159en\u00ed, nep\u0159ilnav\u00fd povrch<\/td>\n<td style=\"text-align: left;\">Syst\u00e9my pouzder s such\u00fdm chodem nebo samo mazac\u00ed<\/td>\n<\/tr>\n<tr>\n<td style=\"text-align: left;\"><strong>Tvrd\u00fd chrom<\/strong><\/td>\n<td style=\"text-align: left;\">Extr\u00e9mn\u00ed tvrdost povrchu a prevence po\u0161kr\u00e1b\u00e1n\u00ed<\/td>\n<td style=\"text-align: left;\">Sou\u010d\u00e1sti trvale vystaven\u00e9 abraziv\u016fm<\/td>\n<\/tr>\n<\/tbody>\n<\/table>\n<h2>B\u011b\u017en\u00e9 pr\u016fmyslov\u00e9 aplikace obr\u00e1b\u011bn\u00fdch m\u011bd\u011bn\u00fdch ozuben\u00fdch kol<\/h2>\n<p>N\u00e1\u0161 p\u0159\u00edstup k <strong>obr\u00e1b\u011bn\u00ed m\u011bd\u011bn\u00fdch ozuben\u00fdch kol a pouzder CNC pro pr\u016fmyslov\u00e9 aplikace s n\u00edzk\u00fdm t\u0159en\u00edm<\/strong> dod\u00e1v\u00e1 d\u00edly, kter\u00e9 udr\u017euj\u00ed glob\u00e1ln\u00ed pr\u016fmysl v pohybu. Zam\u011b\u0159ujeme se na p\u0159esn\u00e9 v\u00fdroby, abychom vyr\u00e1b\u011bli spolehliv\u00e9 zak\u00e1zkov\u00e9 obr\u00e1b\u011bn\u00e9 d\u00edly, kter\u00e9 funguj\u00ed v r\u016fzn\u00fdch n\u00e1ro\u010dn\u00fdch prost\u0159ed\u00edch.<\/p>\n<h3>P\u0159enos energie a mechanick\u00e9 syst\u00e9my<\/h3>\n<p>Mechanick\u00e9 sou\u010d\u00e1sti spol\u00e9haj\u00ed na konzistentn\u00ed, plynul\u00fd pohyb, aby p\u0159ede\u0161ly selh\u00e1n\u00ed syst\u00e9mu. Mosazn\u00e9 ozuben\u00e9 kola jsou standardem pro syst\u00e9my p\u0159enosu energie, kde je n\u00edzk\u00fd t\u0159en\u00ed nezbytn\u00e9.<\/p>\n<ul>\n<li><strong>Pohybliv\u00e9 \u010d\u00e1sti:<\/strong> P\u0159irozen\u00e1 mazivost zaji\u0161\u0165uje tich\u00fd a efektivn\u00ed provoz.<\/li>\n<li><strong>Odolnost proti opot\u0159eben\u00ed:<\/strong> Prodlu\u017euje \u017eivotnost kl\u00ed\u010dov\u00fdch pr\u016fmyslov\u00fdch komponent\u016f, sni\u017euje dobu \u00fadr\u017eby.<\/li>\n<li><strong>P\u0159esn\u00e9 uchycen\u00ed:<\/strong> Dodr\u017eujeme p\u0159\u00edsn\u00e9 tolerance, aby bylo zaji\u0161t\u011bno bezvadn\u00e9 zapadnut\u00ed v slo\u017eit\u00fdch p\u0159evodovk\u00e1ch.<\/li>\n<\/ul>\n<h3>T\u011b\u017ek\u00e1 technika a za\u0159\u00edzen\u00ed pro \u0159\u00edzen\u00ed kapalin<\/h3>\n<p>N\u00e1ro\u010dn\u00e9 prost\u0159ed\u00ed vy\u017eaduj\u00ed materi\u00e1ly, kter\u00e9 se nezhor\u0161uj\u00ed pod stresem. T\u011b\u017ek\u00e1 pr\u016fmyslov\u00e1 technika, \u010derpadla a ventily pro \u0159\u00edzen\u00ed kapalin spol\u00e9haj\u00ed na fyzik\u00e1ln\u00ed vlastnosti mosazi, aby mohly bezpe\u010dn\u011b fungovat po dlouhou dobu.<\/p>\n<ul>\n<li><strong>Odolnost proti korozi:<\/strong> Odol\u00e1v\u00e1 vod\u011b, olej\u016fm a n\u00e1ro\u010dn\u00fdm pr\u016fmyslov\u00fdm kapalin\u00e1m bez reziv\u011bn\u00ed.<\/li>\n<li><strong>Dimenzion\u00e1ln\u00ed stabilita:<\/strong> Udr\u017euje sv\u016fj tvar a struktur\u00e1ln\u00ed integritu i p\u0159i kol\u00eds\u00e1n\u00ed tlak\u016f.<\/li>\n<\/ul>\n<h3>Integrace elektrick\u00e9ho a elektronick\u00e9ho hardwaru<\/h3>\n<p>Proto\u017ee mosaz nab\u00edz\u00ed vynikaj\u00edc\u00ed elektrickou vodivost spolu s mechanickou pevnost\u00ed, \u010dasto obr\u00e1b\u00edme ozuben\u00e1 kola a pouzdra, kter\u00e1 se p\u0159\u00edmo integruj\u00ed do citliv\u00e9ho technick\u00e9ho hardwaru, motor\u016f a sp\u00edna\u010d\u016f. Spr\u00e1vn\u00fd v\u00fdb\u011br materi\u00e1lu je zde kl\u00ed\u010dov\u00fd. Vyu\u017eit\u00edm optimalizovan\u00e9ho <a href=\"https:\/\/zscncparts.com\/cs\/brass-cnc-machining-for-electrical-and-electronic-components-material-selection-and-design-guide\/\">CNC obr\u00e1b\u011bn\u00ed mosazi pro elektrick\u00e9 a elektronick\u00e9 sou\u010d\u00e1stky<\/a>zajist\u00edme, \u017ee va\u0161e d\u00edly poskytnou jak struktur\u00e1ln\u00ed podporu, tak vodiv\u00e9 vlastnosti pot\u0159ebn\u00e9 pro modern\u00ed elektronick\u00e9 sestavy.<\/p>\n<div id=\"references\" class=\"min-w-0 scroll-mt-8 overflow-hidden\">\n<div class=\"text-[16px]\">\n<h2 id=\"references\" class=\"mb-2 mt-2 scroll-mt-24 font-serif text-[1.714286em] font-semibold border-border-l1 pb-1 border-b overflow-hidden\">Odkazy z pr\u016fmyslu<\/h2>\n<\/div>\n<div class=\"flex flex-col gap-2 text-sm leading-relaxed\">\n<div class=\"break-words text-[1em] leading-7\"><a class=\"break-words text-[1em] text-blue-500 hover:underline dark:text-blue-200\" href=\"https:\/\/firstmold.com\/tips\/bronze-cnc-machining\/\" target=\"_blank\" rel=\"noopener noreferrer\">https:\/\/firstmold.com\/tips\/bronze-cnc-machining\/<\/a><\/div>\n<div class=\"break-words text-[1em] leading-7\"><\/div>\n<\/div>\n<\/div>","protected":false},"excerpt":{"rendered":"<p>Mosazn\u00e1 ozuben\u00e1 kola a pouzdra CNC obr\u00e1b\u011bn\u00ed pro n\u00edzkotlak\u00e9 pr\u016fmyslov\u00e9 aplikace s p\u0159esn\u00fdmi tolerancemi, vysokou obrobitelnost\u00ed a odolnost\u00ed proti korozi<\/p>","protected":false},"featured_media":3771,"comment_status":"open","ping_status":"closed","template":"","meta":{"_monsterinsights_skip_tracking":false,"_monsterinsights_sitenote_active":false,"_monsterinsights_sitenote_note":"","_monsterinsights_sitenote_category":0,"site-sidebar-layout":"default","site-content-layout":"","ast-site-content-layout":"default","site-content-style":"default","site-sidebar-style":"default","ast-global-header-display":"","ast-banner-title-visibility":"","ast-main-header-display":"","ast-hfb-above-header-display":"","ast-hfb-below-header-display":"","ast-hfb-mobile-header-display":"","site-post-title":"","ast-breadcrumbs-content":"","ast-featured-img":"","footer-sml-layout":"","theme-transparent-header-meta":"default","adv-header-id-meta":"","stick-header-meta":"","header-above-stick-meta":"","header-main-stick-meta":"","header-below-stick-meta":"","astra-migrate-meta-layouts":"set","ast-page-background-enabled":"default","ast-page-background-meta":{"desktop":{"background-color":"var(--ast-global-color-5)","background-image":"","background-repeat":"repeat","background-position":"center center","background-size":"auto","background-attachment":"scroll","background-type":"","background-media":"","overlay-type":"","overlay-color":"","overlay-opacity":"","overlay-gradient":""},"tablet":{"background-color":"","background-image":"","background-repeat":"repeat","background-position":"center center","background-size":"auto","background-attachment":"scroll","background-type":"","background-media":"","overlay-type":"","overlay-color":"","overlay-opacity":"","overlay-gradient":""},"mobile":{"background-color":"","background-image":"","background-repeat":"repeat","background-position":"center center","background-size":"auto","background-attachment":"scroll","background-type":"","background-media":"","overlay-type":"","overlay-color":"","overlay-opacity":"","overlay-gradient":""}},"ast-content-background-meta":{"desktop":{"background-color":"var(--ast-global-color-4)","background-image":"","background-repeat":"repeat","background-position":"center center","background-size":"auto","background-attachment":"scroll","background-type":"","background-media":"","overlay-type":"","overlay-color":"","overlay-opacity":"","overlay-gradient":""},"tablet":{"background-color":"var(--ast-global-color-4)","background-image":"","background-repeat":"repeat","background-position":"center center","background-size":"auto","background-attachment":"scroll","background-type":"","background-media":"","overlay-type":"","overlay-color":"","overlay-opacity":"","overlay-gradient":""},"mobile":{"background-color":"var(--ast-global-color-4)","background-image":"","background-repeat":"repeat","background-position":"center center","background-size":"auto","background-attachment":"scroll","background-type":"","background-media":"","overlay-type":"","overlay-color":"","overlay-opacity":"","overlay-gradient":""}}},"product_brand":[],"product_cat":[15],"product_tag":[],"class_list":{"0":"post-3772","1":"product","2":"type-product","3":"status-publish","4":"has-post-thumbnail","6":"product_cat-cnc-machining","7":"desktop-align-left","8":"tablet-align-left","9":"mobile-align-left","11":"first","12":"instock","13":"shipping-taxable","14":"purchasable","15":"product-type-simple"},"_links":{"self":[{"href":"https:\/\/zscncparts.com\/cs\/wp-json\/wp\/v2\/product\/3772","targetHints":{"allow":["GET"]}}],"collection":[{"href":"https:\/\/zscncparts.com\/cs\/wp-json\/wp\/v2\/product"}],"about":[{"href":"https:\/\/zscncparts.com\/cs\/wp-json\/wp\/v2\/types\/product"}],"replies":[{"embeddable":true,"href":"https:\/\/zscncparts.com\/cs\/wp-json\/wp\/v2\/comments?post=3772"}],"wp:featuredmedia":[{"embeddable":true,"href":"https:\/\/zscncparts.com\/cs\/wp-json\/wp\/v2\/media\/3771"}],"wp:attachment":[{"href":"https:\/\/zscncparts.com\/cs\/wp-json\/wp\/v2\/media?parent=3772"}],"wp:term":[{"taxonomy":"product_brand","embeddable":true,"href":"https:\/\/zscncparts.com\/cs\/wp-json\/wp\/v2\/product_brand?post=3772"},{"taxonomy":"product_cat","embeddable":true,"href":"https:\/\/zscncparts.com\/cs\/wp-json\/wp\/v2\/product_cat?post=3772"},{"taxonomy":"product_tag","embeddable":true,"href":"https:\/\/zscncparts.com\/cs\/wp-json\/wp\/v2\/product_tag?post=3772"}],"curies":[{"name":"wp","href":"https:\/\/api.w.org\/{rel}","templated":true}]}}