{"id":3745,"date":"2026-03-12T16:26:11","date_gmt":"2026-03-12T08:26:11","guid":{"rendered":"https:\/\/zscncparts.com\/?post_type=product&#038;p=3745"},"modified":"2026-03-12T16:38:17","modified_gmt":"2026-03-12T08:38:17","slug":"c464-naval-brass-cnc-machining","status":"publish","type":"product","link":"https:\/\/zscncparts.com\/cs\/product\/c464-naval-brass-cnc-machining\/","title":{"rendered":"C464 n\u00e1mo\u0159n\u00ed mosaz: CNC obr\u00e1b\u011bn\u00ed pro n\u00e1mo\u0159n\u00ed hardware a odolnost v\u016f\u010di slan\u00e9 vod\u011b"},"content":{"rendered":"<h2>Hlavn\u00ed v\u00fdhody C464 n\u00e1mo\u0159n\u00ed mosazi pro n\u00e1mo\u0159n\u00ed pou\u017eit\u00ed<\/h2>\n<h3>V\u00fdjime\u010dn\u00e1 odolnost v\u016f\u010di korozi slanou vodou<\/h3>\n<p>Co je C464 n\u00e1mo\u0159n\u00ed mosaz?<\/p>\n<p>C464 n\u00e1mo\u0159n\u00ed mosaz je slitina m\u011bdi a zinku s p\u0159\u00eddavkem c\u00ednu, kter\u00e1 poskytuje v\u00fdjime\u010dnou odolnost v\u016f\u010di korozi mo\u0159skou vodou a dezinkifikaci. D\u00edky sv\u00e9 pevnosti, odolnosti a odolnosti v\u016f\u010di korozi je \u0161iroce pou\u017e\u00edv\u00e1na v n\u00e1mo\u0159n\u00edm hardware, komponent\u00e1ch pro stavbu lod\u00ed, h\u0159\u00eddel\u00edch vrtul\u00ed a syst\u00e9mech ventil\u016f pro slanou vodu.<\/p>\n<p>Pomoc\u00ed p\u0159esn\u00e9ho CNC obr\u00e1b\u011bn\u00ed lze C464 n\u00e1mo\u0159n\u00ed mosaz vyr\u00e1b\u011bt na vysoce v\u00fdkonn\u00e9 n\u00e1mo\u0159n\u00ed sou\u010d\u00e1sti s t\u011bsn\u00fdmi tolerancemi a vynikaj\u00edc\u00edmi povrchov\u00fdmi \u00fapravami.<\/p>\n<p>N\u00e1mo\u0159n\u00ed mosaz (C464) je speci\u00e1ln\u011b navr\u017eena tak, aby odol\u00e1vala agresivn\u00ed povaze mo\u0159sk\u00e9ho prost\u0159ed\u00ed.<\/p>\n<h3>P\u0159id\u00e1n\u00ed **c\u00ednu** do struktury slitiny m\u011bdi-zinku v\u00fdrazn\u011b zvy\u0161uje jej\u00ed odolnost v\u016f\u010di korozi mo\u0159skou vodou a **dezincifikaci**.<\/h3>\n<p>Na rozd\u00edl od standardn\u00edch mosazn\u00fdch slitin, kter\u00e9 se mohou rychle rozpadnout p\u0159i pono\u0159en\u00ed, C464 si zachov\u00e1v\u00e1 svou struktur\u00e1ln\u00ed integritu, co\u017e z n\u00ed \u010din\u00ed hlavn\u00ed volbu pro podvodn\u00ed hardware a komponenty vystaven\u00e9 slan\u00e9 mlze.<br \/>\nVysok\u00e1 pevnost a odolnost v drsn\u00fdch podm\u00ednk\u00e1ch<br \/>\nMo\u0159sk\u00e9 aplikace vy\u017eaduj\u00ed materi\u00e1ly, kter\u00e9 vydr\u017e\u00ed extr\u00e9mn\u00ed fyzick\u00fd stres.<br \/>\nN\u00e1mo\u0159n\u00ed mosaz C464 nab\u00edz\u00ed vynikaj\u00edc\u00ed **mechanick\u00e9 vlastnosti**, vysokou tvrdost a vynikaj\u00edc\u00ed odolnost proti \u00fanav\u011b.<\/p>\n<h3>Tato slitina je schopn\u00e1 odolat vibrac\u00edm, tlaku a teplotn\u00edm v\u00fdkyv\u016fm b\u011b\u017en\u00fdm v n\u00e1mo\u0159n\u00edch operac\u00edch.<\/h3>\n<p>* **Odolnost proti opot\u0159eben\u00ed:** Ide\u00e1ln\u00ed pro pohybliv\u00e9 \u010d\u00e1sti vystaven\u00e9 t\u0159en\u00ed.<\/p>\n<h2>Mo\u017enosti obr\u00e1b\u011bn\u00ed CNC pro C464 mosaz<\/h2>\n<p><img decoding=\"async\" data-src=\"https:\/\/pub-36eea33d6f1540d281c285671ffb8664.r2.dev\/2026\/03\/12\/C464_Naval_Brass_CNC_Machining_Marine_Hardware_We5.webp\" alt=\"C464 N\u00e1mo\u0159n\u00ed mosaz CNC obr\u00e1b\u011bn\u00ed n\u00e1mo\u0159n\u00edho hardware\" title=\"\" src=\"data:image\/svg+xml;base64,PHN2ZyB3aWR0aD0iMSIgaGVpZ2h0PSIxIiB4bWxucz0iaHR0cDovL3d3dy53My5vcmcvMjAwMC9zdmciPjwvc3ZnPg==\" class=\"lazyload\"><\/p>\n<p>Kdy\u017e p\u0159ijde na <strong>N\u00e1mo\u0159n\u00ed mosaz (C464) CNC obr\u00e1b\u011bn\u00ed pro n\u00e1mo\u0159n\u00ed hardware a odolnost v\u016f\u010di korozi<\/strong>, m\u00edt spr\u00e1vn\u00e9 vybaven\u00ed a odborn\u00e9 znalosti d\u011bl\u00e1 velk\u00fd rozd\u00edl. Na\u0161e slu\u017eby p\u0159esn\u00e9ho obr\u00e1b\u011bn\u00ed jsou pln\u011b optimalizov\u00e1ny tak, aby zvl\u00e1dly jedine\u010dn\u00e9 po\u017eadavky tohoto tvrd\u00e9ho mosazn\u011b m\u011bd\u011bn\u00e9ho slitiny, a dod\u00e1valy d\u00edly, kter\u00e9 vydr\u017e\u00ed nejdrsn\u011bj\u0161\u00ed oce\u00e1nsk\u00e9 prost\u0159ed\u00ed.<\/p>\n<h3>P\u0159esn\u00e9 fr\u00e9zov\u00e1n\u00ed a soustru\u017een\u00ed CNC<\/h3>\n<p>Vyu\u017e\u00edv\u00e1me pokro\u010dil\u00e9 vybaven\u00ed k tvarov\u00e1n\u00ed n\u00e1mo\u0159n\u00ed mosazn\u00e9 slitiny C46400 s v\u00fdjime\u010dnou p\u0159esnost\u00ed. A\u010dkoliv jej\u00ed hodnocen\u00ed obr\u00e1b\u011bn\u00ed je m\u00edrn\u011b ni\u017e\u0161\u00ed ne\u017e u standardn\u00ed voln\u011b obr\u00e1b\u011bn\u00e9 mosazi kv\u016fli jej\u00ed vysok\u00e9 tvrdosti, na\u0161e specializovan\u00e9 n\u00e1stroje si s t\u00edmto \u00fakolem porad\u00ed snadno. Pokud v\u00e1\u0161 projekt zahrnuje slo\u017eit\u00e9 mo\u0159sk\u00e9 geometrie, vyu\u017eit\u00ed standardn\u00edho <a href=\"https:\/\/zscncparts.com\/cs\/design-tips-for-parts-that-will-be-machined-on-5axis-cnc\/\">tipy pro n\u00e1vrh d\u00edl\u016f, kter\u00e9 budou obr\u00e1b\u011bny na 5os\u00e9m CNC<\/a> zaru\u010duje rychlej\u0161\u00ed v\u00fdrobu a minim\u00e1ln\u00ed pl\u00fdtv\u00e1n\u00ed materi\u00e1lem.<\/p>\n<ul>\n<li><strong>CNC fr\u00e9zov\u00e1n\u00ed:<\/strong> Ide\u00e1ln\u00ed pro slo\u017eit\u00e9 3D mo\u0159sk\u00e9 profily, mont\u00e1\u017en\u00ed dr\u017e\u00e1ky a zak\u00e1zkov\u00fd palubn\u00ed hardware.<\/li>\n<li><strong>CNC soustru\u017een\u00ed:<\/strong> Perfektn\u00ed pro p\u0159esn\u00e9 v\u00e1lcov\u00e9 sou\u010d\u00e1sti, v\u010detn\u011b t\u011b\u017ek\u00fdch vrtulov\u00fdch h\u0159\u00eddel\u00ed a n\u00e1mo\u0159n\u00edch spojovac\u00edch prvk\u016f.<br \/>\n<h3>Na\u0161e CNC obr\u00e1b\u011bc\u00ed schopnosti pro n\u00e1mo\u0159n\u00ed mosaz<\/h3>\n<p>V ZSCNC se specializujeme na obr\u00e1b\u011bn\u00ed mo\u0159sk\u00fdch m\u011bd\u011bn\u00fdch slitin v\u010detn\u011b C464 n\u00e1mo\u0159n\u00ed mosazi. Na\u0161e schopnosti zahrnuj\u00ed:<\/p>\n<p>3os\u00e9, 4os\u00e9 a 5os\u00e9 CNC fr\u00e9zov\u00e1n\u00ed<\/p>\n<p>Vysoce p\u0159esn\u00e9 CNC soustru\u017een\u00ed<\/p>\n<p>P\u0159esnosti do \u00b10,01 mm<\/p>\n<p>Vlastn\u00ed povrchov\u00e9 \u00fapravy a le\u0161t\u011bn\u00ed<\/p>\n<p>Mal\u00e9 s\u00e9rie a prototypov\u00e1 v\u00fdroba<\/p>\n<p>To n\u00e1m umo\u017e\u0148uje vyr\u00e1b\u011bt slo\u017eit\u00e9 komponenty n\u00e1mo\u0159n\u00edho hardware s konzistentn\u00ed kvalitou a spolehlivou odolnost\u00ed proti korozi.<\/li>\n<\/ul>\n<h3>Dosahov\u00e1n\u00ed p\u0159esn\u00fdch toleranc\u00ed a kvality t\u011bsn\u011bn\u00ed<\/h3>\n<p>P\u0159\u00edmo\u0159sk\u00e9 za\u0159\u00edzen\u00ed si nem\u016f\u017ee dovolit \u00fanik nebo selh\u00e1n\u00ed. Obr\u00e1b\u00edme sou\u010d\u00e1sti C464 s extr\u00e9mn\u011b p\u0159esn\u00fdmi tolerancemi, abychom zajistili bezvadn\u00e9 sestaven\u00ed a absolutn\u00ed kvalitu t\u011bsn\u011bn\u00ed. Tato p\u0159esnost je nezbytn\u00e1 pro podvodn\u00ed hydraulick\u00e9 aplikace a syst\u00e9my s vysok\u00fdm tlakem.<\/p>\n<table>\n<thead>\n<tr>\n<th style=\"text-align: left;\">Zam\u011b\u0159en\u00ed na obr\u00e1b\u011bn\u00ed<\/th>\n<th style=\"text-align: left;\">P\u0159\u00edm\u00fd p\u0159\u00ednos pro p\u0159\u00edmo\u0159sk\u00e9 za\u0159\u00edzen\u00ed<\/th>\n<\/tr>\n<\/thead>\n<tbody>\n<tr>\n<td style=\"text-align: left;\"><strong>Dimenzion\u00e1ln\u00ed p\u0159esnost<\/strong><\/td>\n<td style=\"text-align: left;\">Zaru\u010duje vodot\u011bsn\u00e9 spojen\u00ed pro mechanick\u00e9 t\u011bsn\u011bn\u00ed a O-krou\u017eky.<\/td>\n<\/tr>\n<tr>\n<td style=\"text-align: left;\"><strong>Kontrola povrchov\u00e9ho vzhledu<\/strong><\/td>\n<td style=\"text-align: left;\">Minimalizuje t\u0159en\u00ed, maximalizuje odolnost proti po\u0161kr\u00e1b\u00e1n\u00ed a \u017eivotnost opot\u0159eben\u00ed.<\/td>\n<\/tr>\n<tr>\n<td style=\"text-align: left;\"><strong>Konzistence ve v\u00fdrobn\u00ed d\u00e1vce<\/strong><\/td>\n<td style=\"text-align: left;\">Dod\u00e1v\u00e1 spolehlivou odolnost proti dezoxydaci p\u0159i vysok\u00fdch objemech v\u00fdroby.<\/td>\n<\/tr>\n<\/tbody>\n<\/table>\n<h3>Sekund\u00e1rn\u00ed operace a mo\u017enosti povrchov\u00fdch \u00faprav<\/h3>\n<p>Pro dod\u00e1n\u00ed kompletn\u011b dokon\u010den\u00e9ho produktu p\u0159ipraven\u00e9ho pro lodn\u00ed stavitelstv\u00ed nebo dekorativn\u00ed armatury poskytujeme kompletn\u00ed sadu sekund\u00e1rn\u00edch operac\u00ed.<\/p>\n<ul>\n<li><strong>Sestava a spojov\u00e1n\u00ed:<\/strong> Vynikaj\u00edc\u00ed kompatibilita materi\u00e1lu pro bezvadn\u00e9 p\u00e1jen\u00ed a brazing.<\/li>\n<li><strong>Vylep\u0161en\u00ed povrchu:<\/strong> Vysoko leskl\u00e9 povrchy pro estetick\u00fd vzhled nebo speci\u00e1ln\u00ed n\u00e1t\u011bry pro dal\u0161\u00ed zv\u00fd\u0161en\u00ed odolnosti proti korozi mo\u0159sk\u00e9 vody.<\/li>\n<li><strong>Tepeln\u00e9 \u00fapravy:<\/strong> C\u00edlen\u00e9 operace na zm\u00edrn\u011bn\u00ed stresu navr\u017een\u00e9 tak, aby eliminovaly riziko prask\u00e1n\u00ed zp\u016fsoben\u00e9ho koroz\u00ed p\u0159i dlouhodob\u00e9m pou\u017e\u00edv\u00e1n\u00ed.<\/li>\n<\/ul>\n<h2>Typick\u00e9 aplikace n\u00e1mo\u0159n\u00edho hardwaru<\/h2>\n<p>Kdy\u017e se pod\u00edv\u00e1me na <strong>N\u00e1mo\u0159n\u00ed mosaz (C464) CNC obr\u00e1b\u011bn\u00ed pro n\u00e1mo\u0159n\u00ed hardware a odolnost v\u016f\u010di korozi<\/strong>, praktick\u00e9 pou\u017eit\u00ed jsou rozs\u00e1hl\u00e1. V komer\u010dn\u00edm stavitelstv\u00ed lod\u00ed a zak\u00e1zkov\u00e9m n\u00e1mo\u0159n\u00edm in\u017een\u00fdrstv\u00ed spol\u00e9h\u00e1me na n\u00e1mo\u0159n\u00ed mosaz C46400 pr\u00e1v\u011b proto, \u017ee p\u0159e\u017e\u00edv\u00e1 tam, kde selh\u00e1vaj\u00ed standardn\u00ed kovy.<\/p>\n<h3>H\u0159\u00eddele a spojovac\u00ed prvky vrtul\u00ed<\/h3>\n<p>Podvodn\u00ed pohonn\u00e9 syst\u00e9my a konstruk\u010dn\u00ed sestavy vy\u017eaduj\u00ed materi\u00e1ly, kter\u00e9 se nezhor\u0161\u00ed nebo nezlom\u00ed pod tlakem. D\u00edky vynikaj\u00edc\u00ed odolnosti proti dezinkifikaci a vysok\u00e9 tvrdosti fr\u00e9zujeme C464 pro tyto kritick\u00e9 konstruk\u010dn\u00ed body.<\/p>\n<ul>\n<li><strong>H\u0159\u00eddele vrtul\u00ed:<\/strong> Poskytuje odolnost proti \u00fanav\u011b pot\u0159ebnou k zvl\u00e1dnut\u00ed nep\u0159etr\u017eit\u00e9ho mechanick\u00e9ho nam\u00e1h\u00e1n\u00ed a z\u00e1rove\u0148 nab\u00edz\u00ed \u0161pi\u010dkovou odolnost proti korozi mo\u0159skou vodou.<\/li>\n<li><strong>N\u00e1mo\u0159n\u00ed spojovac\u00ed prvky:<\/strong> Vyr\u00e1b\u00edme t\u011b\u017ek\u00e9 \u0161rouby, matice a vruty, kter\u00e9 upev\u0148uj\u00ed trupov\u00e9 sou\u010d\u00e1sti bez reziv\u011bn\u00ed nebo oslabov\u00e1n\u00ed b\u011bhem desetilet\u00ed pou\u017e\u00edv\u00e1n\u00ed.<\/li>\n<\/ul>\n<h3>Dekorativn\u00ed a funk\u010dn\u00ed lodn\u00ed p\u0159\u00edslu\u0161enstv\u00ed<\/h3>\n<p>Mo\u0159sk\u00e9 hardware mus\u00ed dob\u0159e fungovat, ale tak\u00e9 mus\u00ed vypadat dob\u0159e na palub\u011b. Jako jeden z nejv\u00edce univerz\u00e1ln\u00edch <a href=\"https:\/\/zscncparts.com\/cs\/material\/metal\/copper\/\">zpracovan\u00fdch m\u011bd\u011bn\u00fdch materi\u00e1l\u016f<\/a> s kter\u00fdmi pracujeme, Naval Brass nab\u00edz\u00ed brilantn\u00ed, klasick\u00fd povrch spolu s jeho odolnost\u00ed.<\/p>\n<ul>\n<li><strong>Palubn\u00ed hardware:<\/strong> Lodn\u00ed oka, kladky a z\u00e1bradl\u00ed si zachov\u00e1vaj\u00ed svou integritu a vzhled i p\u0159es neust\u00e1l\u00e9 vystaven\u00ed slunci a soli.<\/li>\n<li><strong>Panty a dr\u017e\u00e1ky:<\/strong> Vynikaj\u00edc\u00ed odolnost proti zad\u00edr\u00e1n\u00ed zaji\u0161\u0165uje, \u017ee se pohybliv\u00e9 funk\u010dn\u00ed \u010d\u00e1sti nezasek\u00e1vaj\u00ed a neopot\u0159ebov\u00e1vaj\u00ed se v pr\u016fb\u011bhu \u010dasu.<\/li>\n<\/ul>\n<h3>Vysoce v\u00fdkonn\u00e9 komponenty ventil\u016f a \u010derpadel<\/h3>\n<p>Syst\u00e9my pro manipulaci s kapalinami na plavidlech \u010del\u00ed neust\u00e1l\u00e9mu, drsn\u00e9mu proudu slan\u00e9 vody. Struktur\u00e1ln\u00ed stabilita C464 z n\u011bj \u010din\u00ed ide\u00e1ln\u00ed volbu pro tyto slo\u017eit\u00e9 vnit\u0159n\u00ed syst\u00e9my.<\/p>\n<ul>\n<li><strong>Sk\u0159\u00edn\u011b \u010derpadel:<\/strong> Konstruov\u00e1ny tak, aby odol\u00e1valy intenzivn\u00edmu vnit\u0159n\u00edmu tlaku a agresivn\u00edmu vn\u011bj\u0161\u00edmu prost\u0159ed\u00ed.<\/li>\n<li><strong>T\u011bla ventil\u016f:<\/strong> Vysok\u00e9 hodnocen\u00ed obrobitelnosti t\u00e9to mosazn\u00e9 slitiny m\u011bdi n\u00e1m umo\u017e\u0148uje \u0159ezat slo\u017eit\u00e9 z\u00e1vity s \u00fazkou toleranc\u00ed, kter\u00e9 jsou vy\u017eadov\u00e1ny pro hydraulick\u00e9 aplikace odoln\u00e9 proti \u00faniku.<\/li>\n<\/ul>\n<h2>Srovn\u00e1n\u00ed t\u0159\u00edd n\u00e1mo\u0159n\u00ed mosazi (C464) pro CNC obr\u00e1b\u011bn\u00ed<\/h2>\n<h3>C464 N\u00e1mo\u0159n\u00ed mosaz vs C360 Voln\u00e1 obr\u00e1b\u011bc\u00ed mosaz<\/h3>\n<p><img decoding=\"async\" data-src=\"https:\/\/pub-36eea33d6f1540d281c285671ffb8664.r2.dev\/2026\/03\/12\/Naval_Brass_C464_CNC_Machining_Marine_Hardware_sQs.webp\" alt=\"N\u00e1mo\u0159n\u00ed mosaz C464 CNC obr\u00e1b\u011bn\u00ed n\u00e1mo\u0159n\u00edho hardware\" title=\"\" src=\"data:image\/svg+xml;base64,PHN2ZyB3aWR0aD0iMSIgaGVpZ2h0PSIxIiB4bWxucz0iaHR0cDovL3d3dy53My5vcmcvMjAwMC9zdmciPjwvc3ZnPg==\" class=\"lazyload\"><\/p>\n<p>P\u0159i oce\u0148ov\u00e1n\u00ed projekt\u016f pro na\u0161e <a href=\"https:\/\/zscncparts.com\/cs\/services\/\">slu\u017eby p\u0159esn\u00e9ho obr\u00e1b\u011bn\u00ed<\/a>, \u010dasto vid\u00edm, jak se klienti rozhoduj\u00ed mezi slitinou C46400 n\u00e1mo\u0159n\u00ed mosaz a C360 volnou obr\u00e1b\u011bc\u00ed mosaz\u00ed. I kdy\u017e jsou ob\u011b vynikaj\u00edc\u00ed mosaz- m\u011b\u010fov\u00e9 slitiny, slou\u017e\u00ed zcela odli\u0161n\u00fdm prost\u0159ed\u00edm.<\/p>\n<p>C360 je pr\u016fmyslov\u00fdm standardem pro \u0159eznou rychlost, s hodnocen\u00edm obr\u00e1b\u011bn\u00ed 100%. Je velmi n\u00e1kladov\u011b efektivn\u00ed pro obecn\u00e9 d\u00edly. Nicm\u00e9n\u011b se rychle rozkl\u00e1d\u00e1 v drsn\u00e9m prost\u0159ed\u00ed slan\u00e9 vody. Na druhou stranu, C464 p\u0159id\u00e1v\u00e1 kl\u00ed\u010dov\u00fd obsah c\u00ednu 1% do sv\u00e9 chemick\u00e9 slo\u017een\u00ed. To mu d\u00e1v\u00e1 vynikaj\u00edc\u00ed odolnost proti dezinkifikaci. I kdy\u017e se jeho obr\u00e1b\u011bn\u00ed sn\u00ed\u017e\u00ed na p\u0159ibli\u017en\u011b 30%, kompromis zaru\u010duje, \u017ee va\u0161e d\u00edly skute\u010dn\u011b p\u0159e\u017eij\u00ed oce\u00e1n.<\/p>\n<p><strong>Kl\u00ed\u010dov\u00e9 rozd\u00edly na prvn\u00ed pohled:<\/strong><\/p>\n<table>\n<thead>\n<tr>\n<th style=\"text-align: left;\">Funkce<\/th>\n<th style=\"text-align: left;\">C464 N\u00e1mo\u0159n\u00ed mosaz<\/th>\n<th style=\"text-align: left;\">C360 Voln\u00e1 obr\u00e1b\u011bc\u00ed mosaz<\/th>\n<\/tr>\n<\/thead>\n<tbody>\n<tr>\n<td style=\"text-align: left;\">**<strong>Prim\u00e1rn\u00ed prost\u0159ed\u00ed<\/strong><\/td>\n<td style=\"text-align: left;\">P\u0159\u00edm\u00e1 mo\u0159sk\u00e1 voda, drsn\u00e9 mo\u0159sk\u00e9 podm\u00ednky<\/td>\n<td style=\"text-align: left;\">Vnit\u0159n\u00ed, nekorozivn\u00ed prost\u0159ed\u00ed<\/td>\n<\/tr>\n<tr>\n<td style=\"text-align: left;\"><strong>Hodnocen\u00ed obrobitelnosti<\/strong><\/td>\n<td style=\"text-align: left;\">St\u0159edn\u00ed (30%)<\/td>\n<td style=\"text-align: left;\">Vynikaj\u00edc\u00ed (100%)<\/td>\n<\/tr>\n<tr>\n<td style=\"text-align: left;\"><strong>Ochrana proti korozi<\/strong><\/td>\n<td style=\"text-align: left;\">Vynikaj\u00edc\u00ed odolnost proti korozi mo\u0159sk\u00e9 vody<\/td>\n<td style=\"text-align: left;\">Dobr\u00e1 (n\u00e1chyln\u00e1 k dezinkifikaci v soli)<\/td>\n<\/tr>\n<tr>\n<td style=\"text-align: left;\"><strong>B\u011b\u017en\u00e9 pou\u017eit\u00ed<\/strong><\/td>\n<td style=\"text-align: left;\">H\u0159\u00eddele vrtul\u00ed, lodn\u00ed stavitelstv\u00ed<\/td>\n<td style=\"text-align: left;\">Standardn\u00ed ozuben\u00e1 kola, vnit\u0159n\u00ed instalace<\/td>\n<\/tr>\n<\/tbody>\n<\/table>\n<h3>V\u00fdb\u011br spr\u00e1vn\u00e9 slitiny pro v\u00e1\u0161 n\u00e1mo\u0159n\u00ed projekt<\/h3>\n<p>V\u00fdb\u011br spr\u00e1vn\u00e9ho materi\u00e1lu p\u0159\u00edmo ovliv\u0148uje \u017eivotnost va\u0161eho n\u00e1mo\u0159n\u00edho hardwaru. V\u017edy doporu\u010duji sv\u00fdm klient\u016fm, aby si p\u0159ed volbou slitiny pe\u010dliv\u011b prohl\u00e9dli p\u0159esn\u00e9 provozn\u00ed podm\u00ednky sou\u010d\u00e1stky. Pokud je va\u0161e sou\u010d\u00e1st pono\u0159en\u00e1 nebo vystaven\u00e1 st\u00e1l\u00e9mu sr\u00e1\u017een\u00ed soli, standardn\u00ed bezolovnat\u00e1 m\u011b\u010f nebo C360 to nezvl\u00e1dnou. Pot\u0159ebujete materi\u00e1l ur\u010den\u00fd pro extr\u00e9mn\u00ed odolnost.<\/p>\n<p>Zde je n\u00e1vod, jak spr\u00e1vn\u011b rozhodnout pro va\u0161i v\u00fdrobn\u00ed s\u00e9rii:<\/p>\n<ul>\n<li><strong>Zvolte C464 n\u00e1mo\u0159n\u00ed m\u011b\u010f, kdy\u017e:<\/strong> Va\u0161e d\u00edly vy\u017eaduj\u00ed vysokou tvrdost, odolnost proti \u00fanav\u011b a ochranu proti prask\u00e1n\u00ed vlivem nap\u011bt\u00ed. Je to nejlep\u0161\u00ed volba pro t\u011b\u017ek\u00e9 n\u00e1mo\u0159n\u00ed za\u0159\u00edzen\u00ed, hydraulick\u00e9 aplikace a \u0161rouby s vysokou z\u00e1t\u011b\u017e\u00ed vystaven\u00e9 pov\u011btrnostn\u00edm vliv\u016fm.<\/li>\n<li><strong>Zvolte C360 mosaz, kdy\u017e:<\/strong> Vyr\u00e1b\u00edte vnit\u0159n\u00ed komponenty kabiny, elektronick\u00e9 konektory nebo z\u00e1kladn\u00ed dekorativn\u00ed prvky, kter\u00e9 z\u016fst\u00e1vaj\u00ed zcela such\u00e9 a chr\u00e1n\u011bn\u00e9 p\u0159ed oce\u00e1nskou vlhkost\u00ed.<\/li>\n<\/ul>\n<p>Porovn\u00e1n\u00edm slitiny s prost\u0159ed\u00edm zajist\u00edte odolnost proti t\u0159en\u00ed a dlouhodobou \u017eivotnost tam, kde je to nejd\u016fle\u017eit\u011bj\u0161\u00ed, \u010d\u00edm\u017e sn\u00ed\u017e\u00edte n\u00e1klady na \u00fadr\u017ebu a zv\u00fd\u0161\u00edte v\u00fdkon.<\/p>\n<h2>\u010casto kladen\u00e9 ot\u00e1zky o obr\u00e1b\u011bn\u00ed n\u00e1mo\u0159n\u00ed mosazi<\/h2>\n<p>Zde jsou nej\u010dast\u011bj\u0161\u00ed ot\u00e1zky, kter\u00e9 dost\u00e1v\u00e1me ohledn\u011b CNC obr\u00e1b\u011bn\u00ed n\u00e1mo\u0159n\u00ed mosazi (C464) pro n\u00e1mo\u0159n\u00ed hardware a odolnost proti korozi.<\/p>\n<h3>Pro\u010d je C464 ide\u00e1ln\u00ed pro vystaven\u00ed slan\u00e9 vod\u011b?<\/h3>\n<p>Odolnost p\u0159\u00edmo vypl\u00fdv\u00e1 z jeho <strong>chemick\u00e9ho slo\u017een\u00ed<\/strong>.<\/p>\n<ul>\n<li><strong>Obsah c\u00ednu a zinku:<\/strong> Slitina n\u00e1mo\u0159n\u00ed mosazi C46400 je slitina mosazi a m\u011bdi upraven\u00e1 p\u0159ibli\u017en\u011b o 1% c\u00ednu.<\/li>\n<li><strong>Odolnost proti dezinkifikaci:<\/strong> Tato specifick\u00e1 p\u0159\u00edm\u011bs c\u00ednu zabra\u0148uje rozpou\u0161t\u011bn\u00ed zinku p\u0159i vystaven\u00ed drsn\u00fdm slan\u00fdm vod\u00e1m.<\/li>\n<li><strong>Ov\u011b\u0159en\u00fd v\u00fdkon:<\/strong> To vytv\u00e1\u0159\u00ed vynikaj\u00edc\u00ed odolnost proti korozi mo\u0159skou vodou, co\u017e je na\u0161e nejlep\u0161\u00ed doporu\u010den\u00ed pro kritick\u00e9 aplikace ve stavb\u011b lod\u00ed.<\/li>\n<\/ul>\n<h3>Lze komponenty z mosazi C464 upravit povrchovou \u00fapravou nebo le\u0161t\u011bn\u00edm?<\/h3>\n<p>Rozhodn\u011b. P\u0159esto\u017ee se spol\u00e9h\u00e1me na tento kov pro jeho odolnost, m\u00e1 kr\u00e1sn\u00fd povrch.<\/p>\n<ul>\n<li><strong>Le\u0161t\u011bn\u00ed:<\/strong> M\u016f\u017eeme le\u0161tit C464 do zrcadlov\u00e9ho lesku, co\u017e je ide\u00e1ln\u00ed pro vysoce kvalitn\u00ed dekorativn\u00ed prvky na jacht\u00e1ch a lod\u00edch.<\/li>\n<li><strong>Povrchov\u00e1 \u00faprava:<\/strong> Snadno p\u0159ij\u00edm\u00e1 povrchov\u00e9 \u00fapravy. Pokud v\u00e1\u0161 projekt vy\u017eaduje pokovov\u00e1n\u00ed, aby odpov\u00eddalo jin\u00e9mu hardware, C464 to bez probl\u00e9m\u016f zvl\u00e1dne.<\/li>\n<\/ul>\n<h3>Existuj\u00ed n\u011bjak\u00e1 omezen\u00ed materi\u00e1lu u n\u00e1mo\u0159n\u00ed mosazi?<\/h3>\n<p>Ka\u017ed\u00fd kov m\u00e1 sv\u00e9 kompromisy. P\u0159i n\u00e1vrhu pro C464 m\u011bjte na pam\u011bti tyto faktory:<\/p>\n<ul>\n<li><strong>Hodnocen\u00ed ni\u017e\u0161\u00ed obr\u00e1b\u011bnitelnosti:<\/strong> C464 nen\u00ed olov\u011bn\u00e1, voln\u011b obr\u00e1b\u011bn\u00e1 mosaz. Proto\u017ee klade d\u016fraz na pevnost a odolnost proti \u00fanav\u011b, je t\u011b\u017e\u0161\u00ed ji \u0159ezat a vy\u017eaduje specifick\u00e9 strategie n\u00e1stroj\u016f, aby se p\u0159ede\u0161lo nadm\u011brn\u00e9mu opot\u0159eben\u00ed n\u00e1stroj\u016f.<\/li>\n<li><strong>Prask\u00e1n\u00ed p\u0159i korozn\u00edm nap\u011bt\u00ed:<\/strong> Pokud je kov vystaven nep\u0159etr\u017eit\u00e9mu, extr\u00e9mn\u00edmu nap\u011bt\u00ed v korozivn\u00edm prost\u0159ed\u00ed, m\u016f\u017ee \u010dasem prasknout. Spr\u00e1vn\u00fd n\u00e1vrh a procesy uvoln\u011bn\u00ed nap\u011bt\u00ed jsou nezbytn\u00e9.<\/li>\n<\/ul>\n<p>Pro pln\u00e9 vyu\u017eit\u00ed jeho vysok\u00e9 tvrdosti a odolnosti proti t\u0159en\u00ed pot\u0159ebujete t\u00fdm, kter\u00fd rozum\u00ed pr\u00e1ci s kovem. <a href=\"https:\/\/zscncparts.com\/cs\/cnc-machining\/blogs\/\">slu\u017eby p\u0159esn\u00e9ho obr\u00e1b\u011bn\u00ed<\/a>Spol\u00e9hat se na zku\u0161en\u00e9 zaji\u0161\u0165uje, \u017ee mechanick\u00e9 vlastnosti jsou optimalizov\u00e1ny pro va\u0161e nejn\u00e1ro\u010dn\u011bj\u0161\u00ed vrtulov\u00e9 h\u0159\u00eddele a hydraulick\u00e9 aplikace.<\/p>\n<h2 data-section-id=\"1k7r56\" data-start=\"3114\" data-end=\"3167\">Po\u017e\u00e1dejte o cenovou nab\u00eddku na CNC obr\u00e1b\u011bn\u00ed z n\u00e1mo\u0159n\u00edho bronzu C464<\/h2>\n<p data-start=\"3169\" data-end=\"3387\">Pokud v\u00e1\u0161 projekt vy\u017eaduje <strong data-start=\"3194\" data-end=\"3227\">sou\u010d\u00e1sti z n\u00e1mo\u0159n\u00edho bronzu t\u0159\u00eddy A<\/strong>n\u00e1\u0161 in\u017een\u00fdrsk\u00fd t\u00fdm m\u016f\u017ee podpo\u0159it zak\u00e1zkov\u00e9 CNC obr\u00e1b\u011bn\u00ed pro <strong data-start=\"3287\" data-end=\"3313\">d\u00edly z n\u00e1mo\u0159n\u00edho bronzu C464<\/strong>v\u010detn\u011b vrtulov\u00fdch h\u0159\u00eddel\u00ed, n\u00e1mo\u0159n\u00edch spojovac\u00edch prvk\u016f, ventil\u016f a palubn\u00edho hardware.<\/p>\n<p data-start=\"3389\" data-end=\"3490\">Po\u0161lete n\u00e1m va\u0161e <strong data-start=\"3402\" data-end=\"3436\">CAD v\u00fdkresy nebo specifikace<\/strong> pro rychlou cenovou nab\u00eddku a technickou zp\u011btnou vazbu.<\/p>\n<div id=\"references\" class=\"min-w-0 scroll-mt-8 overflow-hidden\">\n<div class=\"text-[16px]\">\n<h2 id=\"references\" class=\"mb-2 mt-2 scroll-mt-24 font-serif text-[1.714286em] font-semibold border-border-l1 pb-1 border-b overflow-hidden\">Odkazy z pr\u016fmyslu<\/h2>\n<\/div>\n<div class=\"flex flex-col gap-2 text-sm leading-relaxed\">\n<div class=\"break-words text-[1em] leading-7\"><a class=\"break-words text-[1em] text-blue-500 hover:underline dark:text-blue-200\" href=\"https:\/\/www.machining-custom.com\/blog\/custom-brass-cnc-machining-guide.html\" target=\"_blank\" rel=\"noopener noreferrer\">https:\/\/www.machining-custom.com\/blog\/custom-brass-cnc-machining-guide.html<\/a><\/div>\n<div class=\"break-words text-[1em] leading-7\"><\/div>\n<\/div>\n<\/div>","protected":false},"excerpt":{"rendered":"<p>C464 n\u00e1mo\u0159n\u00ed mosaz se \u0161iroce pou\u017e\u00edv\u00e1 pro n\u00e1mo\u0159n\u00ed hardware d\u00edky sv\u00e9 v\u00fdjime\u010dn\u00e9 odolnosti v\u016f\u010di korozi slanou vodou. Zjist\u011bte v\u00fdhody CNC obr\u00e1b\u011bn\u00ed C464 pro h\u0159\u00eddele vrtul\u00ed, spojovac\u00ed prvky a n\u00e1mo\u0159n\u00ed sou\u010d\u00e1sti<\/p>","protected":false},"featured_media":3744,"comment_status":"open","ping_status":"closed","template":"","meta":{"_monsterinsights_skip_tracking":false,"_monsterinsights_sitenote_active":false,"_monsterinsights_sitenote_note":"","_monsterinsights_sitenote_category":0,"site-sidebar-layout":"default","site-content-layout":"","ast-site-content-layout":"default","site-content-style":"default","site-sidebar-style":"default","ast-global-header-display":"","ast-banner-title-visibility":"","ast-main-header-display":"","ast-hfb-above-header-display":"","ast-hfb-below-header-display":"","ast-hfb-mobile-header-display":"","site-post-title":"","ast-breadcrumbs-content":"","ast-featured-img":"","footer-sml-layout":"","theme-transparent-header-meta":"default","adv-header-id-meta":"","stick-header-meta":"","header-above-stick-meta":"","header-main-stick-meta":"","header-below-stick-meta":"","astra-migrate-meta-layouts":"set","ast-page-background-enabled":"default","ast-page-background-meta":{"desktop":{"background-color":"var(--ast-global-color-5)","background-image":"","background-repeat":"repeat","background-position":"center center","background-size":"auto","background-attachment":"scroll","background-type":"","background-media":"","overlay-type":"","overlay-color":"","overlay-opacity":"","overlay-gradient":""},"tablet":{"background-color":"","background-image":"","background-repeat":"repeat","background-position":"center center","background-size":"auto","background-attachment":"scroll","background-type":"","background-media":"","overlay-type":"","overlay-color":"","overlay-opacity":"","overlay-gradient":""},"mobile":{"background-color":"","background-image":"","background-repeat":"repeat","background-position":"center center","background-size":"auto","background-attachment":"scroll","background-type":"","background-media":"","overlay-type":"","overlay-color":"","overlay-opacity":"","overlay-gradient":""}},"ast-content-background-meta":{"desktop":{"background-color":"var(--ast-global-color-4)","background-image":"","background-repeat":"repeat","background-position":"center center","background-size":"auto","background-attachment":"scroll","background-type":"","background-media":"","overlay-type":"","overlay-color":"","overlay-opacity":"","overlay-gradient":""},"tablet":{"background-color":"var(--ast-global-color-4)","background-image":"","background-repeat":"repeat","background-position":"center center","background-size":"auto","background-attachment":"scroll","background-type":"","background-media":"","overlay-type":"","overlay-color":"","overlay-opacity":"","overlay-gradient":""},"mobile":{"background-color":"var(--ast-global-color-4)","background-image":"","background-repeat":"repeat","background-position":"center center","background-size":"auto","background-attachment":"scroll","background-type":"","background-media":"","overlay-type":"","overlay-color":"","overlay-opacity":"","overlay-gradient":""}}},"product_brand":[],"product_cat":[15],"product_tag":[],"class_list":{"0":"post-3745","1":"product","2":"type-product","3":"status-publish","4":"has-post-thumbnail","6":"product_cat-cnc-machining","7":"desktop-align-left","8":"tablet-align-left","9":"mobile-align-left","11":"first","12":"instock","13":"shipping-taxable","14":"purchasable","15":"product-type-simple"},"_links":{"self":[{"href":"https:\/\/zscncparts.com\/cs\/wp-json\/wp\/v2\/product\/3745","targetHints":{"allow":["GET"]}}],"collection":[{"href":"https:\/\/zscncparts.com\/cs\/wp-json\/wp\/v2\/product"}],"about":[{"href":"https:\/\/zscncparts.com\/cs\/wp-json\/wp\/v2\/types\/product"}],"replies":[{"embeddable":true,"href":"https:\/\/zscncparts.com\/cs\/wp-json\/wp\/v2\/comments?post=3745"}],"wp:featuredmedia":[{"embeddable":true,"href":"https:\/\/zscncparts.com\/cs\/wp-json\/wp\/v2\/media\/3744"}],"wp:attachment":[{"href":"https:\/\/zscncparts.com\/cs\/wp-json\/wp\/v2\/media?parent=3745"}],"wp:term":[{"taxonomy":"product_brand","embeddable":true,"href":"https:\/\/zscncparts.com\/cs\/wp-json\/wp\/v2\/product_brand?post=3745"},{"taxonomy":"product_cat","embeddable":true,"href":"https:\/\/zscncparts.com\/cs\/wp-json\/wp\/v2\/product_cat?post=3745"},{"taxonomy":"product_tag","embeddable":true,"href":"https:\/\/zscncparts.com\/cs\/wp-json\/wp\/v2\/product_tag?post=3745"}],"curies":[{"name":"wp","href":"https:\/\/api.w.org\/{rel}","templated":true}]}}