{"id":3641,"date":"2026-02-26T13:18:15","date_gmt":"2026-02-26T05:18:15","guid":{"rendered":"https:\/\/zscncparts.com\/?post_type=product&#038;p=3641"},"modified":"2026-02-26T13:23:58","modified_gmt":"2026-02-26T05:23:58","slug":"6061-aluminum-cnc-machining-for-generalpurpose-structural-components","status":"publish","type":"product","link":"https:\/\/zscncparts.com\/cs\/product\/6061-aluminum-cnc-machining-for-generalpurpose-structural-components\/","title":{"rendered":"6061 Hlin\u00edkov\u00e1 CNC obr\u00e1b\u011bn\u00ed pro konstruk\u010dn\u00ed komponenty"},"content":{"rendered":"<h2>Pro\u010d je 6061 hlin\u00edk ide\u00e1ln\u00ed pro v\u0161eobecn\u00e9 konstruk\u010dn\u00ed d\u00edly<\/h2>\n<p>Hled\u00e1te spolehliv\u00fd, n\u00e1kladov\u011b efektivn\u00ed materi\u00e1l pro va\u0161e zak\u00e1zkov\u00e9 konstruk\u010dn\u00ed r\u00e1my a dr\u017e\u00e1ky? Nab\u00edz\u00edme <strong>6061 hlin\u00edkov\u00e9 CNC obr\u00e1b\u011bn\u00ed pro v\u0161eobecn\u00e9 konstruk\u010dn\u00ed komponenty<\/strong> proto\u017ee je to osv\u011bd\u010den\u00fd pr\u016fmyslov\u00fd standard. P\u0159i obr\u00e1b\u011bn\u00ed v\u0161eobecn\u00fdch hlin\u00edkov\u00fdch d\u00edl\u016f po\u017eadujeme kov, kter\u00fd dokonale vyva\u017euje v\u00fdkon s v\u00fdrobn\u00edmi mo\u017enostmi.<\/p>\n<h3>Vlastnosti slitiny hlin\u00edku 6061<\/h3>\n<p>Spol\u00e9h\u00e1me na hlin\u00edk 6061 pro konstruk\u010dn\u00ed pou\u017eit\u00ed d\u00edky jeho v\u0161estrann\u00fdm a vysoce p\u0159izp\u016fsobiv\u00fdm vlastnostem:<\/p>\n<ul>\n<li><strong>Vynikaj\u00edc\u00ed pom\u011br pevnosti k hmotnosti:<\/strong> Poskytuje pot\u0159ebnou konstruk\u010dn\u00ed pevnost pro nosn\u00e9 r\u00e1my bez p\u0159id\u00e1n\u00ed nadm\u011brn\u00e9 hmotnosti.<\/li>\n<li><strong>Vysok\u00e1 obrobitelnost:<\/strong> \u0158e\u017ee \u010dist\u011b a efektivn\u011b, co\u017e n\u00e1m umo\u017e\u0148uje udr\u017eet v\u00fdrobn\u00ed n\u00e1klady na n\u00edzk\u00e9 \u00farovni p\u0159i dosa\u017een\u00ed p\u0159esn\u00fdch toleranc\u00ed.<\/li>\n<li><strong>Sva\u0159itelnost:<\/strong> Snadno se spojuje s jin\u00fdmi sou\u010d\u00e1stmi, co\u017e z n\u011bj \u010din\u00ed ide\u00e1ln\u00ed materi\u00e1l pro slo\u017eit\u00e9 konstruk\u010dn\u00ed sestavy.<\/li>\n<li><strong>Odolnost proti korozi:<\/strong> Dob\u0159e odol\u00e1v\u00e1 n\u00e1ro\u010dn\u00fdm pr\u016fmyslov\u00fdm prost\u0159ed\u00edm, je\u0161t\u011b p\u0159ed aplikac\u00ed dal\u0161\u00edch povrchov\u00fdch \u00faprav.<\/li>\n<\/ul>\n<h3>Specifikace obr\u00e1b\u011bn\u00ed hlin\u00edku 6061-T6<\/h3>\n<p>Pro konstruk\u010dn\u00ed d\u00edly z\u00e1le\u017e\u00ed na teplot\u011b materi\u00e1lu. V\u00fdslovn\u011b se zam\u011b\u0159ujeme na <strong>obr\u00e1b\u011bn\u00ed hlin\u00edku 6061-T6<\/strong> abychom zajistili spolehliv\u00fd a opakovateln\u00fd mechanick\u00fd v\u00fdkon pro va\u0161e projekty.<\/p>\n<table>\n<thead>\n<tr>\n<th style=\"text-align: left;\">Vlastnosti materi\u00e1lu<\/th>\n<th style=\"text-align: left;\">Technick\u00e1 specifikace<\/th>\n<\/tr>\n<\/thead>\n<tbody>\n<tr>\n<td style=\"text-align: left;\"><strong>Slitina \/ Tepeln\u00e1 \u00faprava<\/strong><\/td>\n<td style=\"text-align: left;\">6061-T6 \/ 6061-T651<\/td>\n<\/tr>\n<tr>\n<td style=\"text-align: left;\"><strong>Tahov\u00e1 pevnost<\/strong><\/td>\n<td style=\"text-align: left;\">~310 MPa<\/td>\n<\/tr>\n<tr>\n<td style=\"text-align: left;\"><strong>Mez kluzu<\/strong><\/td>\n<td style=\"text-align: left;\">~276 MPa<\/td>\n<\/tr>\n<tr>\n<td style=\"text-align: left;\"><strong>Tvrdost<\/strong><\/td>\n<td style=\"text-align: left;\">Brinell 95<\/td>\n<\/tr>\n<\/tbody>\n<\/table>\n<p>Pou\u017eit\u00ed t\u011bchto p\u0159esn\u00fdch specifikac\u00ed zaji\u0161\u0165uje, \u017ee va\u0161e konstruk\u010dn\u00ed hlin\u00edkov\u00e9 komponenty spl\u0148uj\u00ed p\u0159\u00edsn\u00e9 in\u017een\u00fdrsk\u00e9 po\u017eadavky od prvn\u00edho prototypu po fin\u00e1ln\u00ed v\u00fdrobu.<\/p>\n<h2>Vlastn\u00ed CNC obr\u00e1b\u011bn\u00ed hlin\u00edku 6061<\/h2>\n<p><img decoding=\"async\" data-src=\"https:\/\/pub-36eea33d6f1540d281c285671ffb8664.r2.dev\/2026\/02\/26\/6061_Aluminum_CNC_Machining_Structural_Parts_RsfX2.webp\" alt=\"CNC obr\u00e1b\u011bn\u00ed konstruk\u010dn\u00edch d\u00edl\u016f z hlin\u00edku 6061\" title=\"\" src=\"data:image\/svg+xml;base64,PHN2ZyB3aWR0aD0iMSIgaGVpZ2h0PSIxIiB4bWxucz0iaHR0cDovL3d3dy53My5vcmcvMjAwMC9zdmciPjwvc3ZnPg==\" class=\"lazyload\"><\/p>\n<p>V ZSCNC je na\u0161e za\u0159\u00edzen\u00ed pln\u011b optimalizov\u00e1no pro poskytov\u00e1n\u00ed spolehliv\u00fdch <strong>6061 hlin\u00edkov\u00e9 CNC obr\u00e1b\u011bn\u00ed pro v\u0161eobecn\u00e9 konstruk\u010dn\u00ed komponenty<\/strong>. M\u00e1me vybaven\u00ed, t\u00fdm a technick\u00e9 know-how k dod\u00e1n\u00ed vysoce kvalitn\u00edho, <strong>n\u00e1kladov\u011b efektivn\u00edho obr\u00e1b\u011bn\u00ed hlin\u00edku<\/strong> p\u0159\u00edmo glob\u00e1ln\u00edm kupuj\u00edc\u00edm.<\/p>\n<h3>Na\u0161e hlavn\u00ed obr\u00e1b\u011bc\u00ed procesy<\/h3>\n<p>Zpracov\u00e1v\u00e1me v\u0161e od standardn\u00edch dr\u017e\u00e1k\u016f po slo\u017eit\u00e9 podvozky pomoc\u00ed kompletn\u00ed sady <strong>obecn\u011b pou\u017eiteln\u00fdch CNC slu\u017eeb pro hlin\u00edk<\/strong>:<\/p>\n<ul>\n<li><strong>CNC fr\u00e9zov\u00e1n\u00ed hlin\u00edku 6061:<\/strong> Pokro\u010dil\u00e9 3-osa, 4-osa a 5-osa nastaven\u00ed pro \u0159e\u0161en\u00ed slo\u017eit\u00fdch, v\u00edcestrann\u00fdch geometrick\u00fdch tvar\u016f.<\/li>\n<li><strong>CNC soustru\u017een\u00ed hlin\u00edku:<\/strong> Vysokorychlostn\u00ed, vysoce p\u0159esn\u00e9 obr\u00e1b\u011bn\u00ed na v\u00e1lcov\u00fdch konstruk\u010dn\u00edch d\u00edlech.<\/li>\n<li><strong>Swiss obr\u00e1b\u011bn\u00ed:<\/strong> Ide\u00e1ln\u00ed pro t\u011bsn\u00e9 tolerance, mal\u00e9-d\u00edry kol\u00edky a spojovac\u00ed prvky.<\/li>\n<\/ul>\n<h3>Kapacita a nep\u0159ekonateln\u00e1 p\u0159esnost<\/h3>\n<p>Nep\u0159ipou\u0161t\u00edme kompromisy v rozm\u011brov\u00e9 p\u0159esnosti. A\u0165 u\u017e pot\u0159ebujete standardn\u00ed mont\u00e1\u017en\u00ed desky nebo vysoce specializovan\u00e9 <a href=\"https:\/\/zscncparts.com\/cs\/custom-cnc-machined-automotive-parts-manufacturer\/\">Automobilov\u00e9 d\u00edly CNC obr\u00e1b\u011bn\u00e9<\/a>, garantujeme struktur\u00e1ln\u00ed integritu.<\/p>\n<ul>\n<li><strong>T\u011b\u017ek\u00e9 za\u0159\u00edzen\u00ed:<\/strong> V\u00edce ne\u017e 40 pokro\u010dil\u00fdch CNC stroj\u016f ur\u010den\u00fdch pro kontinu\u00e1ln\u00ed, stabiln\u00ed v\u00fdrobu.<\/li>\n<li><strong>Odborn\u00fd t\u00fdm:<\/strong> V\u00edce ne\u017e 70 zku\u0161en\u00fdch technik\u016f zaji\u0161\u0165uj\u00edc\u00edch kontrolu kvality a nastaven\u00ed stroj\u016f.<\/li>\n<li><strong>T\u011bsn\u00e9 tolerance:<\/strong> P\u0159esnost a\u017e na tenkou \u010d\u00e1ru <strong>\u00b10,005mm<\/strong>, spl\u0148uj\u00edc\u00ed p\u0159\u00edsn\u00e9 <strong>ISO 2768 jemn\u00e1 t\u0159\u00edda<\/strong> standardy.<\/li>\n<\/ul>\n<h3>\u0160k\u00e1lovateln\u00e1 v\u00fdroba<\/h3>\n<p>P\u0159izp\u016fsobujeme se \u017eivotn\u00edmu cyklu va\u0161eho projektu. Podporujeme <strong>rychl\u00e9 prototypov\u00e1n\u00ed z hlin\u00edku 6061<\/strong> abychom v\u00e1m pomohli rychle ov\u011b\u0159it n\u00e1vrhy, a plynule roz\u0161i\u0159ujeme na malou a\u017e st\u0159edn\u00ed s\u00e9riovou v\u00fdrobu. Kdy\u017e pot\u0159ebujete spolehlivou <strong>v\u00fdrobu konstruk\u010dn\u00edch hlin\u00edkov\u00fdch d\u00edl\u016f<\/strong>, dod\u00e1v\u00e1me OEM d\u00edly, kter\u00e9 se dokonale hod\u00ed hned na prvn\u00ed pokus.<\/p>\n<h2>Povrchov\u00e9 \u00fapravy pro d\u00edly z hlin\u00edku 6061<\/h2>\n<p>Z\u00edsk\u00e1n\u00ed spr\u00e1vn\u00e9ho povrchu pro va\u0161e <strong>zak\u00e1zkov\u00e9 d\u00edly z hlin\u00edku 6061<\/strong> je stejn\u011b d\u016fle\u017eit\u00e9 jako obr\u00e1b\u011bn\u00ed samotn\u00e9. Nab\u00edz\u00edme n\u011bkolik povrchov\u00fdch \u00faprav, kter\u00e9 spln\u00ed jak funk\u010dn\u00ed, tak vizu\u00e1ln\u00ed po\u017eadavky pro v\u0161eobecn\u00e9 konstruk\u010dn\u00ed komponenty.<\/p>\n<ul>\n<li><strong>P\u0159i obr\u00e1b\u011bn\u00ed:<\/strong> Toto je na\u0161e standardn\u00ed \u00faprava povrchu, ide\u00e1ln\u00ed pro skryt\u00e9 konstruk\u010dn\u00ed r\u00e1my. Je to nejlep\u0161\u00ed volba pro <strong>n\u00e1kladov\u011b efektivn\u00edho obr\u00e1b\u011bn\u00ed hlin\u00edku<\/strong> kdy\u017e estetika nen\u00ed hlavn\u00ed prioritou. Pokud v\u00e1\u0161 projekt vy\u017eaduje p\u0159esn\u00e9 specifikace, pochopen\u00ed <a href=\"https:\/\/zscncparts.com\/cs\/surface-finish-impactthe-influence-of-surface-roughness-ra-on-the-performance-of-parts\/\">vlivu drsnosti povrchu na v\u00fdkon d\u00edlu<\/a> v\u00e1m pom\u016f\u017ee optimalizovat v\u00e1\u0161 n\u00e1vrh.<\/li>\n<li><strong>Anodizace (Typ II &amp; III):<\/strong> Pou\u017e\u00edv\u00e1me eloxov\u00e1n\u00ed k v\u00fdrazn\u00e9mu zv\u00fd\u0161en\u00ed odolnosti proti korozi a tvrdosti povrchu. Tento proces vytv\u00e1\u0159\u00ed neuv\u011b\u0159iteln\u011b odoln\u00e9 <strong>eloxovan\u00e9 d\u00edly z hlin\u00edku 6061<\/strong> kter\u00e9 vydr\u017e\u00ed n\u00e1ro\u010dn\u00e9 pr\u016fmyslov\u00e9 prost\u0159ed\u00ed.<\/li>\n<li><strong>Pr\u00e1\u0161kov\u00fd n\u00e1t\u011br:<\/strong> Pro viditeln\u00e9 konstruk\u010dn\u00ed r\u00e1my a <a href=\"https:\/\/zscncparts.com\/cs\/product\/custom-aluminum-cnc-machined-parts\/\">zak\u00e1zkov\u00e9 hlin\u00edkov\u00e9 CNC obr\u00e1b\u011bn\u00e9 d\u00edly<\/a>, pr\u00e1\u0161kov\u00e9 lakov\u00e1n\u00ed poskytuje tvrd\u00fd, estetick\u00fd povrch, kter\u00fd odol\u00e1v\u00e1 od\u0161t\u00edpnut\u00ed, po\u0161kr\u00e1b\u00e1n\u00ed a vyblednut\u00ed.<\/li>\n<li><strong>P\u00edskov\u00e1n\u00ed:<\/strong> Pou\u017e\u00edv\u00e1me p\u00edskov\u00e1n\u00ed k efektivn\u00edmu odstran\u011bn\u00ed jak\u00fdchkoli stop po n\u00e1stroj\u00edch z <strong>obr\u00e1b\u011bn\u00ed hlin\u00edku 6061-T6<\/strong>. Zanech\u00e1v\u00e1 kov s \u010dist\u00fdm, jednotn\u00fdm a matn\u00fdm vzhledem.<\/li>\n<\/ul>\n<h2>Aplikace zak\u00e1zkov\u00fdch d\u00edl\u016f z hlin\u00edku 6061<\/h2>\n<p>Poskytujeme <strong>obecn\u011b pou\u017eiteln\u00fdch CNC slu\u017eeb pro hlin\u00edk<\/strong> pro glob\u00e1ln\u00ed klienty, dod\u00e1vaj\u00edc\u00ed vysoce kvalitn\u00ed <strong>OEM konstruk\u010dn\u00ed d\u00edly z hlin\u00edku<\/strong> kter\u00e9 p\u0159esn\u011b zapadnou do va\u0161ich sestav. D\u00edky sv\u00e9 neuv\u011b\u0159iteln\u00e9 v\u0161estrannosti je <strong>obr\u00e1b\u011bn\u00ed hlin\u00edku 6061-T6<\/strong> pr\u016fmyslov\u00fdm standardem pro <strong>v\u00fdrobu konstruk\u010dn\u00edch hlin\u00edkov\u00fdch d\u00edl\u016f<\/strong> nap\u0159\u00ed\u010d r\u016fzn\u00fdmi n\u00e1ro\u010dn\u00fdmi sektory.<\/p>\n<p>Zde je m\u00edsto, kde je nejv\u00edce vyu\u017e\u00edv\u00e1no CNC obr\u00e1b\u011bn\u00ed z hlin\u00edku 6061 pro v\u0161eobecn\u00e9 konstruk\u010dn\u00ed komponenty:<\/p>\n<ul>\n<li><strong>Automobilov\u00fd pr\u016fmysl:<\/strong> Vyr\u00e1b\u00edme spolehliv\u00e9 <strong>automobilov\u00e9 hlin\u00edkov\u00e9 CNC d\u00edly<\/strong>, v\u010detn\u011b zak\u00e1zkov\u00fdch dr\u017e\u00e1k\u016f, pevn\u00fdch r\u00e1mov\u00fdch komponent\u016f a odoln\u00fdch kryt\u016f.<\/li>\n<li><strong>Pr\u016fmyslov\u00e9 stroje:<\/strong> \u0158ez\u00e1me t\u011b\u017ek\u00e9 stroje, robustn\u00ed automatiza\u010dn\u00ed r\u00e1my a mont\u00e1\u017en\u00ed desky. Na\u0161e <a href=\"https:\/\/zscncparts.com\/cs\/product\/custom-cnc-machining-services-for-machinery-and-robotics-parts\/\">zak\u00e1zkov\u00e9 CNC obr\u00e1b\u011bc\u00ed slu\u017eby pro d\u00edly stroj\u016f a robotiky<\/a> zaru\u010duj\u00ed p\u0159esn\u00e9 uchycen\u00ed pro v\u0161echny va\u0161e <strong>hlin\u00edkov\u00e9 dr\u017e\u00e1ky na stroje<\/strong>.<\/li>\n<li><strong>Robotika a automatizace:<\/strong> Dod\u00e1v\u00e1me lehk\u00e9 konstruk\u010dn\u00ed podpory a slo\u017eit\u00e9 spojovac\u00ed komponenty pot\u0159ebn\u00e9 pro rychle se pohybuj\u00edc\u00ed, vysoce p\u0159esn\u00e9 automatizovan\u00e9 syst\u00e9my.<\/li>\n<li><strong>Leteck\u00fd pr\u016fmysl:<\/strong> Vyu\u017e\u00edv\u00e1me <strong>n\u00e1kladov\u011b efektivn\u00edho obr\u00e1b\u011bn\u00ed hlin\u00edku<\/strong> k v\u00fdstavb\u011b nekritick\u00fdch vnit\u0159n\u00edch konstruk\u010dn\u00edch prvk\u016f, kter\u00e9 udr\u017e\u00ed celkovou hmotnost n\u00e1kladu na minimu bez ztr\u00e1ty bezpe\u010dnosti.<\/li>\n<\/ul>\n<p>A\u0165 u\u017e pot\u0159ebujete <strong>rychl\u00e9 prototypov\u00e1n\u00ed z hlin\u00edku 6061<\/strong> nebo velk\u00e9 s\u00e9riov\u00e9 v\u00fdroby, na\u0161e <strong>p\u0159esn\u011b obr\u00e1b\u011bn\u00e9 hlin\u00edkov\u00e9 r\u00e1my<\/strong> poskytuj\u00ed p\u0159esnou konstruk\u010dn\u00ed podporu, kterou v\u00e1\u0161 projekt vy\u017eaduje.<\/p>\n<h2>Proces v\u00fdroby ZSCNC: Od CAD po glob\u00e1ln\u00ed doru\u010den\u00ed<\/h2>\n<p><img decoding=\"async\" data-src=\"https:\/\/pub-36eea33d6f1540d281c285671ffb8664.r2.dev\/2026\/02\/26\/6061_Aluminum_CNC_Machining_Process_and_Global_Del_1.webp\" alt=\"Proces CNC obr\u00e1b\u011bn\u00ed hlin\u00edku 6061 a glob\u00e1ln\u00ed dod\u00e1vky\" title=\"\" src=\"data:image\/svg+xml;base64,PHN2ZyB3aWR0aD0iMSIgaGVpZ2h0PSIxIiB4bWxucz0iaHR0cDovL3d3dy53My5vcmcvMjAwMC9zdmciPjwvc3ZnPg==\" class=\"lazyload\"><\/p>\n<p>Jako <strong>ISO 9001 hlin\u00edkov\u00e1 stroj\u00edrna<\/strong>, udr\u017eujeme n\u00e1\u0161 pracovn\u00ed tok jednoduch\u00fd, transparentn\u00ed a navr\u017een\u00fd pro rychlost. Kdy\u017e pot\u0159ebujete OEM hlin\u00edkov\u00e9 konstruk\u010dn\u00ed d\u00edly, chcete spolehliv\u00e9ho partnera, kter\u00fd zvl\u00e1dne v\u0161e od po\u010d\u00e1te\u010dn\u00edho n\u00e1vrhu souboru po kone\u010dn\u00e9 p\u0159ed\u00e1n\u00ed ve va\u0161\u00ed provozovn\u011b. Neust\u00e1le zdokonalujeme n\u00e1\u0161 <a href=\"https:\/\/zscncparts.com\/cs\/about-us\/manufacturing-process\/\">v\u00fdrobn\u00ed proces<\/a> abychom v\u00e1m zajistili vysoce kvalitn\u00ed CNC obr\u00e1b\u011bn\u00ed z hlin\u00edku 6061 pro v\u0161eobecn\u00e9 konstruk\u010dn\u00ed komponenty bez obvykl\u00fdch probl\u00e9m\u016f s dodavatelsk\u00fdm \u0159et\u011bzcem.<\/p>\n<p>Takto p\u0159iv\u00e1d\u00edme v\u00e1\u0161 projekt od CAD k realit\u011b:<\/p>\n<ul>\n<li><strong>Krok 1: Anal\u00fdza DFM &amp; Cenov\u00e1 nab\u00eddka do 24 hodin<\/strong><br \/>\nZa\u010d\u00edn\u00e1me p\u0159\u00edsnou kontrolou Design for Manufacturability (DFM). N\u00e1\u0161 in\u017een\u00fdrsk\u00fd t\u00fdm p\u0159ezkoum\u00e1 va\u0161e CAD soubory z hlediska rozm\u011brov\u00e9 shody a celkov\u00e9 v\u00fdrobnosti. D\u00edky v\u010dasn\u00e9mu odhalen\u00ed potenci\u00e1ln\u00edch probl\u00e9m\u016f stanov\u00edme rychlou cenovou nab\u00eddku do 24 hodin a garantujeme vysoce n\u00e1kladov\u011b efektivn\u00ed obr\u00e1b\u011bn\u00ed hlin\u00edku pro va\u0161e hospod\u00e1\u0159stv\u00ed.<\/li>\n<li><strong>Krok 2: Prototypov\u00e1n\u00ed &amp; Ov\u011b\u0159en\u00ed<\/strong><br \/>\nNe\u017e p\u0159ejdeme k pln\u00e9 s\u00e9riov\u00e9 v\u00fdrob\u011b, zam\u011b\u0159ujeme se na rychl\u00e9 prototypov\u00e1n\u00ed d\u00edl\u016f z hlin\u00edku 6061. Tento krok je kl\u00ed\u010dov\u00fd pro testov\u00e1n\u00ed fyzick\u00e9 p\u0159esnosti a zaji\u0161t\u011bn\u00ed konstruk\u010dn\u00ed integrity va\u0161ich n\u00e1vrh\u016f. Ujist\u00edme se, \u017ee d\u00edl funguje p\u0159esn\u011b tak, jak m\u00e1, ne\u017e zv\u00fd\u0161\u00edme objem v\u00fdroby.<\/li>\n<li><strong>Krok 3: P\u0159esn\u00e1 v\u00fdroba &amp; Kontrola kvality<\/strong><br \/>\nJakmile prototyp dostane va\u0161e zelen\u00e9 sv\u011btlo, p\u0159ech\u00e1z\u00edme do p\u0159esn\u00e9 v\u00fdroby. Spol\u00e9h\u00e1me na pokro\u010dil\u00e9 inspek\u010dn\u00ed n\u00e1stroje v ka\u017ed\u00e9 f\u00e1zi, abychom udr\u017eeli p\u0159\u00edsn\u00e9 tolerance. Ka\u017ed\u00e1 \u0161ar\u017ee zak\u00e1zkov\u00fdch d\u00edl\u016f z hlin\u00edku 6061 je dod\u00e1v\u00e1na s \u00faplnou dokumentac\u00ed o sledovatelnosti, co\u017e v\u00e1m d\u00e1v\u00e1 \u00faplnou d\u016fv\u011bru v materi\u00e1l a kvalitu v\u00fdroby.<\/li>\n<li><strong>Krok 4: Glob\u00e1ln\u00ed DDP p\u0159eprava<\/strong><br \/>\n\u0158\u00edd\u00edme logistiku, abyste se o ni nemuseli starat. Na\u0161e komplexn\u00ed glob\u00e1ln\u00ed DDP (Doru\u010deno s placenou celn\u00edmi poplatky) p\u0159eprava zaji\u0161\u0165uje, \u017ee va\u0161e konstruk\u010dn\u00ed hlin\u00edkov\u00e9 d\u00edly doraz\u00ed p\u0159\u00edmo k v\u00e1m, a\u0165 u\u017e je va\u0161e za\u0159\u00edzen\u00ed v \u010cesk\u00e9 republice nebo hled\u00e1te cenov\u011b efektivn\u00ed obr\u00e1b\u011bn\u00ed hlin\u00edku pro z\u00e1kazn\u00edky v EU. Dost\u00e1v\u00e1te spolehliv\u00e9, bezprobl\u00e9mov\u00e9 doru\u010den\u00ed bez p\u0159ekvapen\u00ed na celnic\u00edch.<\/li>\n<\/ul>\n<h2>\u010casto kladen\u00e9 ot\u00e1zky: Slu\u017eby CNC obr\u00e1b\u011bn\u00ed hlin\u00edku 6061<\/h2>\n<h3>6061 vs. 7075 pro konstruk\u010dn\u00ed d\u00edly?<\/h3>\n<p>Hlavn\u00ed rozd\u00edl spo\u010d\u00edv\u00e1 ve sva\u0159itelnosti a cen\u011b.<\/p>\n<ul>\n<li><strong>Hlin\u00edk 6061:<\/strong> Poskytuje vynikaj\u00edc\u00ed odolnost proti korozi, snadnou sva\u0159itelnost a pevnost. Je to volba \u010d\u00edslo jedna pro <strong>obecn\u00e9 hlin\u00edkov\u00e9 d\u00edly<\/strong> a standardn\u00ed r\u00e1mov\u00e9 konstrukce stroj\u016f.<\/li>\n<li><strong>Hlin\u00edk 7075:<\/strong> Nab\u00edz\u00ed vy\u0161\u0161\u00ed pevnost v tahu, ale je mnohem obt\u00ed\u017en\u011bj\u0161\u00ed sva\u0159ovat a m\u00e1 vy\u0161\u0161\u00ed cenu.<\/li>\n<\/ul>\n<p>Pro v\u011bt\u0161inu <strong>hlin\u00edkov\u00e9 dr\u017e\u00e1ky na stroje<\/strong> a konstruk\u010dn\u00edch r\u00e1m\u016f poskytuje 6061 nejprakti\u010dt\u011bj\u0161\u00ed a cenov\u011b nejv\u00fdhodn\u011bj\u0161\u00ed rovnov\u00e1hu.<\/p>\n<h3>Dok\u00e1\u017eete zpracovat T6 temperovan\u00fd hlin\u00edk?<\/h3>\n<p>Ur\u010dit\u011b. Specializujeme se na <strong>Zpracov\u00e1n\u00ed hlin\u00edku T6 temper<\/strong>. Tepeln\u00e9 zpracov\u00e1n\u00ed T6 d\u00e1v\u00e1 hlin\u00edku vynikaj\u00edc\u00ed pom\u011br pevnosti k hmotnosti, co\u017e je kl\u00ed\u010dov\u00e9 pro konstruk\u010dn\u00ed integritu. N\u00e1\u0161 t\u00fdm pravideln\u011b vyr\u00e1b\u00ed vysoce kvalitn\u00ed <a href=\"https:\/\/zscncparts.com\/cs\/product\/custom-aluminum-cnc-machining-parts-supplier-china\/\">zak\u00e1zkov\u00e9 d\u00edly z hlin\u00edku 6061<\/a> na m\u00edru podle n\u00e1ro\u010dn\u00fdch pr\u016fmyslov\u00fdch po\u017eadavk\u016f po cel\u00e9m sv\u011bt\u011b.<\/p>\n<h3>Jak\u00e1 je minim\u00e1ln\u00ed objednac\u00ed mno\u017estv\u00ed pro zak\u00e1zkov\u00e9 dr\u017e\u00e1ky z hlin\u00edku?<\/h3>\n<p>Udr\u017eujeme flexibilitu, abychom podpo\u0159ili va\u0161e specifick\u00e9 pot\u0159eby.<\/p>\n<ul>\n<li><strong>\u017d\u00e1dn\u00e9 pevn\u00e9 minim\u00e1ln\u00ed mno\u017estv\u00ed:<\/strong> Podporujeme v\u0161e od rychl\u00e9ho prototypov\u00e1n\u00ed po n\u00edzkov\u00fdrobn\u00ed a st\u0159edn\u011b velk\u00e9 s\u00e9riov\u00e9 v\u00fdroby.<\/li>\n<li><strong>\u0160k\u00e1lovateln\u00e1 \u0159e\u0161en\u00ed:<\/strong> N\u00e1\u0161 proces zaru\u010duje <strong>n\u00e1kladov\u011b efektivn\u00ed obr\u00e1b\u011bn\u00ed hlin\u00edku pro kupuj\u00edc\u00ed z EU<\/strong> a mezin\u00e1rodn\u00ed klienty, co\u017e znamen\u00e1, \u017ee objedn\u00e1v\u00e1te pouze to, co skute\u010dn\u011b pot\u0159ebujete pr\u00e1v\u011b te\u010f.<\/li>\n<\/ul>\n<h3>Jak zaji\u0161\u0165ujete rozm\u011brovou p\u0159esnost?<\/h3>\n<p>P\u0159esnost je sou\u010d\u00e1st\u00ed na\u0161eho pracovn\u00edho postupu. Jako <strong>ISO 9001 hlin\u00edkov\u00e1 stroj\u00edrna<\/strong>, udr\u017eujeme p\u0159\u00edsnou kontrolu kvality po celou dobu v\u00fdrobn\u00edho cyklu.<\/p>\n<ul>\n<li><strong>Pokro\u010dil\u00e9 vybaven\u00ed:<\/strong> Vyu\u017e\u00edv\u00e1me nejmodern\u011bj\u0161\u00ed 3-ose, 4-ose a 5-ose CNC centra.<\/li>\n<li><strong>P\u0159\u00edsn\u00e1 kontrola:<\/strong> Ka\u017ed\u00e1 \u0161ar\u017ee <strong>automobilov\u00e9 a stroj\u00edrensk\u00e9 hlin\u00edkov\u00e9 sou\u010d\u00e1sti<\/strong> jsou ov\u011b\u0159ov\u00e1ny pomoc\u00ed pokro\u010dil\u00fdch m\u011b\u0159ic\u00edch n\u00e1stroj\u016f, jako jsou koordin\u00e1tov\u00e9 m\u011b\u0159ic\u00ed stroje (CMM).<\/li>\n<\/ul>\n<p>To zaji\u0161\u0165uje t\u011bsn\u00e9 tolerance a\u017e \u00b10,005mm, co\u017e garantuje, \u017ee va\u0161e <a href=\"https:\/\/zscncparts.com\/cs\/product\/cnc-machining-services-for-automotive-aluminum-parts-in-germany\/\">automobilov\u00e9 hlin\u00edkov\u00e9 CNC d\u00edly<\/a> a konstruk\u010dn\u00ed r\u00e1my dokonale zapadnou do va\u0161eho fin\u00e1ln\u00edho sestaven\u00ed.<\/p>\n<div id=\"references\" class=\"min-w-0 scroll-mt-8 overflow-hidden\">\n<div class=\"text-[16px]\">\n<h2 id=\"references\" class=\"mb-2 mt-2 scroll-mt-24 font-serif text-[1.714286em] font-semibold border-border-l1 pb-1 border-b overflow-hidden\">Souvisej\u00edc\u00ed zdroje<\/h2>\n<\/div>\n<div class=\"flex flex-col gap-2 text-sm leading-relaxed\">\n<div class=\"break-words text-[1em] leading-7\"><a class=\"break-words text-[1em] text-blue-500 hover:underline dark:text-blue-200\" href=\"https:\/\/en.wikipedia.org\/wiki\/6061_aluminium_alloy\" target=\"_blank\" rel=\"noopener noreferrer\">https:\/\/en.wikipedia.org\/wiki\/6061_aluminium_alloy<\/a><\/div>\n<div class=\"break-words text-[1em] leading-7\"><\/div>\n<\/div>\n<\/div>","protected":false},"excerpt":{"rendered":"<p>Zak\u00e1zkov\u00e9 6061 hlin\u00edkov\u00e9 CNC obr\u00e1b\u011bn\u00ed pro v\u0161eobecn\u00e9 konstruk\u010dn\u00ed komponenty s p\u0159esn\u00fdmi tolerancemi, rychlou dodac\u00ed lh\u016ftou a kvalitou ISO 9001<\/p>","protected":false},"featured_media":3640,"comment_status":"open","ping_status":"closed","template":"","meta":{"_monsterinsights_skip_tracking":false,"_monsterinsights_sitenote_active":false,"_monsterinsights_sitenote_note":"","_monsterinsights_sitenote_category":0,"site-sidebar-layout":"default","site-content-layout":"","ast-site-content-layout":"default","site-content-style":"default","site-sidebar-style":"default","ast-global-header-display":"","ast-banner-title-visibility":"","ast-main-header-display":"","ast-hfb-above-header-display":"","ast-hfb-below-header-display":"","ast-hfb-mobile-header-display":"","site-post-title":"","ast-breadcrumbs-content":"","ast-featured-img":"","footer-sml-layout":"","theme-transparent-header-meta":"default","adv-header-id-meta":"","stick-header-meta":"","header-above-stick-meta":"","header-main-stick-meta":"","header-below-stick-meta":"","astra-migrate-meta-layouts":"set","ast-page-background-enabled":"default","ast-page-background-meta":{"desktop":{"background-color":"var(--ast-global-color-5)","background-image":"","background-repeat":"repeat","background-position":"center center","background-size":"auto","background-attachment":"scroll","background-type":"","background-media":"","overlay-type":"","overlay-color":"","overlay-opacity":"","overlay-gradient":""},"tablet":{"background-color":"","background-image":"","background-repeat":"repeat","background-position":"center center","background-size":"auto","background-attachment":"scroll","background-type":"","background-media":"","overlay-type":"","overlay-color":"","overlay-opacity":"","overlay-gradient":""},"mobile":{"background-color":"","background-image":"","background-repeat":"repeat","background-position":"center center","background-size":"auto","background-attachment":"scroll","background-type":"","background-media":"","overlay-type":"","overlay-color":"","overlay-opacity":"","overlay-gradient":""}},"ast-content-background-meta":{"desktop":{"background-color":"var(--ast-global-color-4)","background-image":"","background-repeat":"repeat","background-position":"center center","background-size":"auto","background-attachment":"scroll","background-type":"","background-media":"","overlay-type":"","overlay-color":"","overlay-opacity":"","overlay-gradient":""},"tablet":{"background-color":"var(--ast-global-color-4)","background-image":"","background-repeat":"repeat","background-position":"center center","background-size":"auto","background-attachment":"scroll","background-type":"","background-media":"","overlay-type":"","overlay-color":"","overlay-opacity":"","overlay-gradient":""},"mobile":{"background-color":"var(--ast-global-color-4)","background-image":"","background-repeat":"repeat","background-position":"center center","background-size":"auto","background-attachment":"scroll","background-type":"","background-media":"","overlay-type":"","overlay-color":"","overlay-opacity":"","overlay-gradient":""}}},"product_brand":[],"product_cat":[15,31],"product_tag":[],"class_list":{"0":"post-3641","1":"product","2":"type-product","3":"status-publish","4":"has-post-thumbnail","6":"product_cat-cnc-machining","7":"product_cat-turning","8":"desktop-align-left","9":"tablet-align-left","10":"mobile-align-left","12":"first","13":"instock","14":"shipping-taxable","15":"purchasable","16":"product-type-simple"},"_links":{"self":[{"href":"https:\/\/zscncparts.com\/cs\/wp-json\/wp\/v2\/product\/3641","targetHints":{"allow":["GET"]}}],"collection":[{"href":"https:\/\/zscncparts.com\/cs\/wp-json\/wp\/v2\/product"}],"about":[{"href":"https:\/\/zscncparts.com\/cs\/wp-json\/wp\/v2\/types\/product"}],"replies":[{"embeddable":true,"href":"https:\/\/zscncparts.com\/cs\/wp-json\/wp\/v2\/comments?post=3641"}],"wp:featuredmedia":[{"embeddable":true,"href":"https:\/\/zscncparts.com\/cs\/wp-json\/wp\/v2\/media\/3640"}],"wp:attachment":[{"href":"https:\/\/zscncparts.com\/cs\/wp-json\/wp\/v2\/media?parent=3641"}],"wp:term":[{"taxonomy":"product_brand","embeddable":true,"href":"https:\/\/zscncparts.com\/cs\/wp-json\/wp\/v2\/product_brand?post=3641"},{"taxonomy":"product_cat","embeddable":true,"href":"https:\/\/zscncparts.com\/cs\/wp-json\/wp\/v2\/product_cat?post=3641"},{"taxonomy":"product_tag","embeddable":true,"href":"https:\/\/zscncparts.com\/cs\/wp-json\/wp\/v2\/product_tag?post=3641"}],"curies":[{"name":"wp","href":"https:\/\/api.w.org\/{rel}","templated":true}]}}