{"id":3186,"date":"2025-12-10T10:08:49","date_gmt":"2025-12-10T02:08:49","guid":{"rendered":"https:\/\/zscncparts.com\/?page_id=3186"},"modified":"2025-12-10T10:08:50","modified_gmt":"2025-12-10T02:08:50","slug":"purchase-order-terms-and-conditions","status":"publish","type":"page","link":"https:\/\/zscncparts.com\/cs\/purchase-order-terms-and-conditions\/","title":{"rendered":"Obchodn\u00ed podm\u00ednky n\u00e1kupn\u00edho objedn\u00e1vky"},"content":{"rendered":"<h2 class=\"wp-block-heading\"><strong>Podm\u00ednky a ustanoven\u00ed objedn\u00e1vky<\/strong><\/h2>\n\n\n\n<p><strong>Shanghai Zhansong Industrial Co., Ltd.<\/strong><br><strong>Revidov\u00e1no: listopad 2025<\/strong><\/p>\n\n\n\n<p>Tyto Podm\u00ednky a ustanoven\u00ed objedn\u00e1vky (\u201ePodm\u00ednky\u201c) se vztahuj\u00ed na v\u0161echny n\u00e1kupy uskute\u010dn\u011bn\u00e9 <strong>Shanghai Zhansong Industrial Co., Ltd.<\/strong> (<\/p>\n\n\n\n<hr class=\"wp-block-separator has-alpha-channel-opacity\"\/>\n\n\n\n<h2 class=\"wp-block-heading\"><strong>1. Nab\u00eddka, P\u0159ijet\u00ed a Uzav\u0159en\u00ed Smlouvy<\/strong><\/h2>\n\n\n\n<p>Ka\u017ed\u00e1 objedn\u00e1vka vydan\u00e1 Kupuj\u00edc\u00edm je form\u00e1ln\u00ed nab\u00eddka na z\u00edsk\u00e1n\u00ed zbo\u017e\u00ed nebo slu\u017eeb popsan\u00fdch v n\u00ed, v\u00fdhradn\u011b za t\u011bchto Podm\u00ednek. P\u00edsemn\u00e9 potvrzen\u00ed Dodavatele, zah\u00e1jen\u00ed v\u00fdroby, odesl\u00e1n\u00ed zbo\u017e\u00ed nebo poskytnut\u00ed slu\u017eeb p\u0159edstavuje pln\u00e9 p\u0159ijet\u00ed objedn\u00e1vky a vytv\u00e1\u0159\u00ed z\u00e1vaznou smlouvu.<br>Jak\u00fdkoli n\u00e1vrh Dodavatele, kter\u00fd p\u0159id\u00e1v\u00e1, upravuje nebo odporuje t\u011bmto Podm\u00ednk\u00e1m, je v\u00fdslovn\u011b odm\u00edtnut. P\u0159ijet\u00ed zbo\u017e\u00ed odeslan\u00e9ho nebo slu\u017eeb poskytnut\u00fdch Kupuj\u00edc\u00edm nebude interpretov\u00e1no jako p\u0159ijet\u00ed dodavatelsk\u00fdch dodate\u010dn\u00fdch nebo odporuj\u00edc\u00edch podm\u00ednek, a\u0165 ji\u017e jsou zahrnuty v nab\u00eddk\u00e1ch Dodavatele, faktur\u00e1ch, potvrzen\u00edch objedn\u00e1vek nebo digit\u00e1ln\u00edch\/kliknut\u00edm potvrzen\u00fdch dokumentech.<\/p>\n\n\n\n<hr class=\"wp-block-separator has-alpha-channel-opacity\"\/>\n\n\n\n<h2 class=\"wp-block-heading\"><strong>2. Fakturace a platebn\u00ed po\u017eadavky<\/strong><\/h2>\n\n\n\n<p>Dodavatel vystav\u00ed faktury, kter\u00e9:<\/p>\n\n\n\n<ul class=\"wp-block-list\">\n<li>Odkazuj\u00ed na p\u0159esn\u00e9 \u010d\u00edslo objedn\u00e1vky.<\/li>\n\n\n\n<li>Odpov\u00eddaj\u00ed mno\u017estv\u00edm, jednotkov\u00fdm cen\u00e1m, podm\u00ednk\u00e1m dopravy a popis\u016fm uveden\u00fdm v objedn\u00e1vce.<\/li>\n\n\n\n<li>Jsou datov\u00e1ny nejd\u0159\u00edve ke dni odesl\u00e1n\u00ed, pokud nen\u00ed jinak povoleno.<\/li>\n<\/ul>\n\n\n\n<p>Faktury mus\u00ed b\u00fdt p\u0159edlo\u017eeny ihned po odesl\u00e1n\u00ed na pozornost odd\u011blen\u00ed Platebn\u00edho styku Kupuj\u00edc\u00edho. Platebn\u00ed lh\u016fty se \u0159\u00edd\u00ed podm\u00ednkami uveden\u00fdmi na objedn\u00e1vce, pokud nen\u00ed dohodnuto jinak p\u00edsemn\u011b.<\/p>\n\n\n\n<hr class=\"wp-block-separator has-alpha-channel-opacity\"\/>\n\n\n\n<h2 class=\"wp-block-heading\"><strong>3. Doru\u010den\u00ed, podm\u00ednky dopravy a riziko ztr\u00e1ty<\/strong><\/h2>\n\n\n\n<p>Pokud nen\u00ed na objedn\u00e1vce uvedeno jinak, doru\u010den\u00ed bude prob\u00edhat podle platn\u00fdch <strong>Incoterms\u00ae 2020<\/strong> pravidel ur\u010den\u00fdch na objedn\u00e1vce.<br>Pro zbo\u017e\u00ed odeslan\u00e9 z mimo \u00fazem\u00ed \u010cR, \u00fapln\u011b plat\u00ed Incoterm uveden\u00fd na objedn\u00e1vce, kter\u00fd pln\u011b upravuje odpov\u011bdnosti t\u00fdkaj\u00edc\u00ed se n\u00e1klad\u016f na dopravu, poji\u0161t\u011bn\u00ed a celn\u00ed \u0159\u00edzen\u00ed.<br>Dodavatel mus\u00ed:<\/p>\n\n\n\n<ul class=\"wp-block-list\">\n<li>Zajistit, aby zbo\u017e\u00ed dorazilo v\u010das nebo p\u0159ed dohodnut\u00fdm datem doru\u010den\u00ed, proto\u017ee \u010das je podstatn\u00fd pro pln\u011bn\u00ed.<\/li>\n\n\n\n<li>Okam\u017eit\u011b informujte Kupuj\u00edc\u00edho o jak\u00e9mkoli p\u0159edv\u00eddateln\u00e9m zpo\u017ed\u011bn\u00ed, naru\u0161en\u00ed pr\u00e1ce nebo logistick\u00e9m probl\u00e9mu.<\/li>\n\n\n\n<li>Nese ve\u0161ker\u00e1 rizika spojen\u00e1 se ztr\u00e1tou nebo po\u0161kozen\u00edm zbo\u017e\u00ed a\u017e do doby dod\u00e1n\u00ed podle ur\u010den\u00e9ho Incotermu.<\/li>\n<\/ul>\n\n\n\n<p>Kupuj\u00edc\u00ed si vyhrazuje pr\u00e1vo odm\u00edtnout, vr\u00e1tit nebo p\u0159ijmout s sn\u00ed\u017eenou cenou jak\u00e9koli nadm\u011brn\u00e9 z\u00e1silky nebo d\u0159\u00edv\u011bj\u0161\u00ed z\u00e1silky na n\u00e1klady Dodavatele.<\/p>\n\n\n\n<hr class=\"wp-block-separator has-alpha-channel-opacity\"\/>\n\n\n\n<h2 class=\"wp-block-heading\"><strong>4. Balen\u00ed, identifikace a dopravn\u00ed dokumenty<\/strong><\/h2>\n\n\n\n<p>Dodavatel mus\u00ed balit ve\u0161ker\u00e9 zbo\u017e\u00ed zp\u016fsobem, kter\u00fd zaji\u0161\u0165uje bezpe\u010dnou dod\u00e1vku a chr\u00e1n\u00ed zbo\u017e\u00ed p\u0159ed koroz\u00ed, kontaminac\u00ed a mechanick\u00fdm po\u0161kozen\u00edm. Pokud nen\u00ed uvedeno jinak:<\/p>\n\n\n\n<ul class=\"wp-block-list\">\n<li>Za balen\u00ed, bedn\u011bn\u00ed nebo manipulaci nejsou povoleny samostatn\u00e9 poplatky.<\/li>\n\n\n\n<li>Ka\u017ed\u00fd kontejner mus\u00ed jasn\u011b uv\u00e1d\u011bt \u010d\u00edslo objedn\u00e1vky, c\u00edlovou adresu a identifikaci polo\u017eky.<\/li>\n\n\n\n<li>Ka\u017ed\u00e1 z\u00e1silka mus\u00ed obsahovat podrobn\u00fd seznam balen\u00ed.<\/li>\n<\/ul>\n\n\n\n<p>Nespln\u011bn\u00ed t\u011bchto po\u017eadavk\u016f m\u016f\u017ee v\u00e9st ke zpo\u017ed\u011bn\u00ed platby nebo odm\u00edtnut\u00ed z\u00e1silky.<\/p>\n\n\n\n<hr class=\"wp-block-separator has-alpha-channel-opacity\"\/>\n\n\n\n<h2 class=\"wp-block-heading\"><strong>5. Kontrola, odm\u00edtnut\u00ed a n\u00e1prava<\/strong><\/h2>\n\n\n\n<p>Ve\u0161ker\u00e9 zbo\u017e\u00ed a slu\u017eby jsou podrobeny kontrole a testov\u00e1n\u00ed Kupuj\u00edc\u00edm kdykoli p\u0159im\u011b\u0159enou dobou \u2013 jak na s\u00eddle Dodavatele, tak p\u0159i p\u0159\u00edjezdu do za\u0159\u00edzen\u00ed Kupuj\u00edc\u00edho.<br>Platba Kupuj\u00edc\u00edm nezakl\u00e1d\u00e1 p\u0159ijet\u00ed. Kupuj\u00edc\u00ed m\u016f\u017ee odm\u00edtnout jak\u00e9koli zbo\u017e\u00ed, kter\u00e9 nen\u00ed v souladu s mno\u017estv\u00edm, kvalitou, zpracov\u00e1n\u00edm nebo dokumentac\u00ed.<\/p>\n\n\n\n<p>P\u0159i odm\u00edtnut\u00ed mus\u00ed Dodavatel neprodlen\u011b:<\/p>\n\n\n\n<ul class=\"wp-block-list\">\n<li>Vym\u011bnit zbo\u017e\u00ed na vlastn\u00ed n\u00e1klady <strong>or<\/strong><\/li>\n\n\n\n<li>Nesou ve\u0161ker\u00e9 n\u00e1klady na dopravu a manipulaci spojen\u00e9 s vr\u00e1cen\u00edm.<\/li>\n<\/ul>\n\n\n\n<p>Kupuj\u00edc\u00ed si m\u016f\u017ee zvolit ponechat vadn\u00e9 nebo nesouladn\u00e9 polo\u017eky a odpov\u00eddaj\u00edc\u00edm zp\u016fsobem sn\u00ed\u017eit kupn\u00ed cenu.<\/p>\n\n\n\n<hr class=\"wp-block-separator has-alpha-channel-opacity\"\/>\n\n\n\n<h2 class=\"wp-block-heading\"><strong>6. N\u00e1stroje, za\u0159\u00edzen\u00ed a materi\u00e1ly vlastn\u011bn\u00e9 Kupuj\u00edc\u00edm<\/strong><\/h2>\n\n\n\n<p>Jak\u00e9koli formy, n\u00e1stroje, p\u0159\u00edpravky, za\u0159\u00edzen\u00ed nebo speci\u00e1ln\u00ed vybaven\u00ed poskytnut\u00e9 nebo zaplacen\u00e9 Kupuj\u00edc\u00edm z\u016fst\u00e1vaj\u00ed v\u00fdhradn\u00edm vlastnictv\u00edm Kupuj\u00edc\u00edho. Dodavatel mus\u00ed:<\/p>\n\n\n\n<ul class=\"wp-block-list\">\n<li>Pou\u017e\u00edvat takov\u00e9 vlastnictv\u00ed v\u00fdhradn\u011b pro pr\u00e1ci povolenou Kupuj\u00edc\u00edm.<\/li>\n\n\n\n<li>Udr\u017eovat a pojistit materi\u00e1ly vlastn\u011bn\u00e9 Kupuj\u00edc\u00edm v dobr\u00e9m provozn\u00edm stavu.<\/li>\n\n\n\n<li>V\u0161echny polo\u017eky vlastn\u011bn\u00e9 Kupuj\u00edc\u00edm okam\u017eit\u011b vr\u00e1t\u00ed na po\u017e\u00e1d\u00e1n\u00ed.<\/li>\n<\/ul>\n\n\n\n<hr class=\"wp-block-separator has-alpha-channel-opacity\"\/>\n\n\n\n<h2 class=\"wp-block-heading\"><strong>7. Vlastnictv\u00ed V\u00fdrobku a Du\u0161evn\u00edho Vlastnictv\u00ed<\/strong><\/h2>\n\n\n\n<p>V\u0161echny v\u00fdkresy, specifikace, in\u017een\u00fdrsk\u00e9 dokumenty, prototypy, software a jak\u00fdkoli jin\u00fd v\u00fdrobn\u00ed v\u00fdsledek p\u0159ipraven\u00fd nebo dodan\u00fd na z\u00e1klad\u011b objedn\u00e1vky jsou v\u00fdlu\u010dn\u00fdm vlastnictv\u00edm Kupuj\u00edc\u00edho, pokud nen\u00ed v\u00fdslovn\u011b uvedeno jinak.<br>Dodavatel podep\u00ed\u0161e dokumenty nezbytn\u00e9 k dokonal\u00e9mu p\u0159evodu vlastnictv\u00ed Kupuj\u00edc\u00edho k takov\u00fdm materi\u00e1l\u016fm, v\u010detn\u011b postoupen\u00ed autorsk\u00fdch pr\u00e1v, patent\u016f a souvisej\u00edch pr\u00e1v.<\/p>\n\n\n\n<p>Dodavatel nesm\u00ed n\u00e1rokovat, registrovat, reprodukovat ani pou\u017e\u00edvat v\u00fdrobn\u00ed v\u00fdsledek Kupuj\u00edc\u00edho k jin\u00fdm \u00fa\u010del\u016fm ne\u017e spln\u011bn\u00ed objedn\u00e1vky.<\/p>\n\n\n\n<hr class=\"wp-block-separator has-alpha-channel-opacity\"\/>\n\n\n\n<h2 class=\"wp-block-heading\"><strong>8. D\u016fv\u011brnost<\/strong><\/h2>\n\n\n\n<p>Dodavatel bude zach\u00e1zet se v\u0161emi neve\u0159ejn\u00fdmi informacemi obdr\u017een\u00fdmi od Kupuj\u00edc\u00edho jako p\u0159\u00edsn\u011b d\u016fv\u011brn\u00fdmi. Takov\u00e9 informace zahrnuj\u00ed, ale nejsou omezeny na, n\u00e1vrhy produkt\u016f, parametry obr\u00e1b\u011bn\u00ed, seznamy z\u00e1kazn\u00edk\u016f, obchodn\u00ed pl\u00e1ny a provozn\u00ed procesy. Dodavatel bude:<\/p>\n\n\n\n<ul class=\"wp-block-list\">\n<li>Pou\u017e\u00edvat d\u016fv\u011brn\u00e9 informace pouze k pln\u011bn\u00ed objedn\u00e1vky.<\/li>\n\n\n\n<li>Sd\u00edlet je pouze s zam\u011bstnanci nebo subdodavateli, kte\u0159\u00ed maj\u00ed opr\u00e1vn\u011bn\u00fd d\u016fvod je zn\u00e1t.<\/li>\n\n\n\n<li>Vr\u00e1tit nebo zni\u010dit v\u0161echny d\u016fv\u011brn\u00e9 informace na po\u017e\u00e1d\u00e1n\u00ed Kupuj\u00edc\u00edho.<\/li>\n<\/ul>\n\n\n\n<p>Tyto povinnosti z\u016fst\u00e1vaj\u00ed v platnosti i po dokon\u010den\u00ed nebo ukon\u010den\u00ed objedn\u00e1vky.<\/p>\n\n\n\n<hr class=\"wp-block-separator has-alpha-channel-opacity\"\/>\n\n\n\n<h2 class=\"wp-block-heading\"><strong>9. Certifik\u00e1ty p\u016fvodu a dokumentace<\/strong><\/h2>\n\n\n\n<p>Dodavatel mus\u00ed poskytovat p\u0159esn\u00e9 certifik\u00e1ty p\u016fvodu a souvisej\u00edc\u00ed dokumentaci alespo\u0148 jednou ro\u010dn\u011b a p\u0159i jak\u00e9koli zm\u011bn\u011b v\u00fdrobn\u00edho m\u00edsta.<br>Neschopnost dodat po\u017eadovanou dokumentaci p\u016fvodu m\u016f\u017ee v\u00e9st ke zpo\u017ed\u011bn\u00ed platby nebo zru\u0161en\u00ed objedn\u00e1vky.<\/p>\n\n\n\n<hr class=\"wp-block-separator has-alpha-channel-opacity\"\/>\n\n\n\n<h2 class=\"wp-block-heading\"><strong>10. Z\u00e1ruky<\/strong><\/h2>\n\n\n\n<p>Dodavatel v\u00fdslovn\u011b zaru\u010duje, \u017ee v\u0161echny v\u00fdrobky:<\/p>\n\n\n\n<ul class=\"wp-block-list\">\n<li>Neobsahuj\u00ed vady v designu, materi\u00e1lu a zpracov\u00e1n\u00ed.<\/li>\n\n\n\n<li>Pln\u011b odpov\u00eddaj\u00ed specifikac\u00edm, v\u00fdkres\u016fm, vzork\u016fm a po\u017eadavk\u016fm na kvalitu Kupuj\u00edc\u00edho.<\/li>\n\n\n\n<li>Jsou vhodn\u00e9 pro jejich zam\u00fd\u0161len\u00fd \u00fa\u010del.<\/li>\n\n\n\n<li>Byly vyrobeny za pou\u017eit\u00ed vhodn\u00fdch kontroln\u00edch proces\u016f a syst\u00e9m\u016f jakosti.<\/li>\n<\/ul>\n\n\n\n<p>Tyto z\u00e1ruky jsou dopl\u0148kem k jak\u00fdmkoli z\u00e1konn\u00fdm nebo roz\u0161\u00ed\u0159en\u00fdm z\u00e1ruk\u00e1m poskytnut\u00fdm z\u00e1konem nebo pr\u016fmyslov\u00fdmi standardy.<\/p>\n\n\n\n<hr class=\"wp-block-separator has-alpha-channel-opacity\"\/>\n\n\n\n<h2 class=\"wp-block-heading\"><strong>11. Nezasahov\u00e1n\u00ed do pr\u00e1v du\u0161evn\u00edho vlastnictv\u00ed<\/strong><\/h2>\n\n\n\n<p>Dodavatel zaru\u010duje, \u017ee dodan\u00e9 zbo\u017e\u00ed a slu\u017eby neporu\u0161uj\u00ed \u017e\u00e1dn\u00e9 patentov\u00e9, autorsk\u00e9, ochrann\u00e9 zn\u00e1mky nebo jin\u00e1 pr\u00e1va du\u0161evn\u00edho vlastnictv\u00ed v jak\u00e9koli jurisdikci, pokud takov\u00e9 poru\u0161en\u00ed nevzniklo p\u0159\u00edmo na z\u00e1klad\u011b konkr\u00e9tn\u00edch p\u00edsemn\u00fdch n\u00e1vrh\u016f n\u00e1vrh\u016f Kupuj\u00edc\u00edho.<\/p>\n\n\n\n<hr class=\"wp-block-separator has-alpha-channel-opacity\"\/>\n\n\n\n<h2 class=\"wp-block-heading\"><strong>12. Soulad s platn\u00fdmi z\u00e1kony a normami<\/strong><\/h2>\n\n\n\n<p>Dodavatel bude dodr\u017eovat v\u0161echny platn\u00e9 n\u00e1rodn\u00ed a mezin\u00e1rodn\u00ed z\u00e1kony, p\u0159edpisy a pr\u016fmyslov\u00e9 normy, v\u010detn\u011b, ale nikoli v\u00fdlu\u010dn\u011b:<\/p>\n\n\n\n<ul class=\"wp-block-list\">\n<li>P\u0159edpisy t\u00fdkaj\u00edc\u00ed se bezpe\u010dnosti v\u00fdrobk\u016f a \u017eivotn\u00edho prost\u0159ed\u00ed (nap\u0159. RoHS, REACH, WEEE).<\/li>\n\n\n\n<li>Normy FDA a GMP platn\u00e9 v dan\u00e9 oblasti.<\/li>\n\n\n\n<li>P\u0159edpisy t\u00fdkaj\u00edc\u00ed se ochrany zdrav\u00ed a bezpe\u010dnosti p\u0159i pr\u00e1ci.<\/li>\n<\/ul>\n\n\n\n<p>Dodavatel ozn\u00e1m\u00ed Kupuj\u00edc\u00edmu do 24 hodin jak\u00fdkoli dotaz nebo inspekci regula\u010dn\u00ed agentury souvisej\u00edc\u00ed s dodan\u00fdm zbo\u017e\u00edm.<\/p>\n\n\n\n<hr class=\"wp-block-separator has-alpha-channel-opacity\"\/>\n\n\n\n<h2 class=\"wp-block-heading\"><strong>13. Etick\u00e9 jedn\u00e1n\u00ed a firemn\u00ed odpov\u011bdnost<\/strong><\/h2>\n\n\n\n<p>Dodavatel bude jednat eticky a leg\u00e1ln\u011b, dodr\u017eovat spravedliv\u00e9 pracovn\u00ed praktiky a udr\u017eovat bezpe\u010dn\u00e9 pracovn\u00ed podm\u00ednky. Dodavatel nesm\u00ed zapojit se do \u00faplatk\u00e1\u0159stv\u00ed, korupce, diskriminace, nucen\u00e9 pr\u00e1ce, d\u011btsk\u00e9 pr\u00e1ce nebo nebezpe\u010dn\u00fdch environment\u00e1ln\u00edch praktik.<\/p>\n\n\n\n<p>Kupuj\u00edc\u00ed si vyhrazuje pr\u00e1vo prov\u00e9st audit etick\u00e9 shody Dodavatele.<\/p>\n\n\n\n<hr class=\"wp-block-separator has-alpha-channel-opacity\"\/>\n\n\n\n<h2 class=\"wp-block-heading\"><strong>14. Sta\u017een\u00ed z trhu a n\u00e1pravn\u00e1 opat\u0159en\u00ed<\/strong><\/h2>\n\n\n\n<p>Pokud bude jak\u00e9koli dodan\u00e9 zbo\u017e\u00ed p\u0159edm\u011btem sta\u017een\u00ed z trhu, bezpe\u010dnostn\u00edho ozn\u00e1men\u00ed, sta\u017een\u00ed z trhu nebo n\u00e1pravn\u00e9ho opat\u0159en\u00ed, Dodavatel mus\u00ed:<\/p>\n\n\n\n<ul class=\"wp-block-list\">\n<li>Okam\u017eit\u011b informovat Kupuj\u00edc\u00edho.<\/li>\n\n\n\n<li>Uhradit v\u0161echny n\u00e1klady spojen\u00e9 se sta\u017een\u00edm z trhu nebo n\u00e1pravn\u00fdm opat\u0159en\u00edm.<\/li>\n\n\n\n<li>Pln\u011b spolupracovat s Kupuj\u00edc\u00edm, regula\u010dn\u00edmi agenturami a posti\u017een\u00fdmi z\u00e1kazn\u00edky.<\/li>\n<\/ul>\n\n\n\n<p>Kupuj\u00edc\u00ed si vyhrazuje v\u00fdhradn\u00ed pr\u00e1vo ur\u010dit strategii sta\u017een\u00ed z trhu a komunikaci.<\/p>\n\n\n\n<hr class=\"wp-block-separator has-alpha-channel-opacity\"\/>\n\n\n\n<h2 class=\"wp-block-heading\"><strong>15. Nebezpe\u010dn\u00e9 materi\u00e1ly<\/strong><\/h2>\n\n\n\n<p>Dodavatel mus\u00ed p\u0159edem ozn\u00e1mit jak\u00e9koli materi\u00e1ly, kter\u00e9 p\u0159edstavuj\u00ed potenci\u00e1ln\u00ed riziko pro lidsk\u00e9 zdrav\u00ed, majetek nebo \u017eivotn\u00ed prost\u0159ed\u00ed, a mus\u00ed poskytnout v\u0161echny po\u017eadovan\u00e9 bezpe\u010dnostn\u00ed listy a ozna\u010den\u00ed.<\/p>\n\n\n\n<hr class=\"wp-block-separator has-alpha-channel-opacity\"\/>\n\n\n\n<h2 class=\"wp-block-heading\"><strong>16. Soulad s konfliktn\u00edmi miner\u00e1ly<\/strong><\/h2>\n\n\n\n<p>Dodavatel bude udr\u017eovat odpov\u011bdn\u00e9 z\u00e1sobovac\u00ed praktiky v souladu s pokyny OECD a platn\u00fdmi z\u00e1kony t\u00fdkaj\u00edc\u00edmi se c\u00ednu, wolframu, tantalitu a zlata (3TG). Dodavatel zaru\u010duje, \u017ee dodan\u00e9 materi\u00e1ly neobsahuj\u00ed konfliktn\u00ed miner\u00e1ly poch\u00e1zej\u00edc\u00ed z zak\u00e1zan\u00fdch oblast\u00ed.<\/p>\n\n\n\n<p>Dodavatel poskytne podp\u016frnou dokumentaci na po\u017e\u00e1d\u00e1n\u00ed.<\/p>\n\n\n\n<hr class=\"wp-block-separator has-alpha-channel-opacity\"\/>\n\n\n\n<h2 class=\"wp-block-heading\"><strong>17. Syst\u00e9m \u0159\u00edzen\u00ed jakosti a sledovatelnost<\/strong><\/h2>\n\n\n\n<p>Dodavatel zajist\u00ed:<\/p>\n\n\n\n<ul class=\"wp-block-list\">\n<li>Plnou sledovatelnost surovin a proces\u016f.<\/li>\n\n\n\n<li>Prevence, identifikace a oprava neshodn\u00e9ho produktu.<\/li>\n\n\n\n<li>Ozn\u00e1men\u00ed Kupuj\u00edc\u00edmu o jak\u00fdchkoli podstatn\u00fdch zm\u011bn\u00e1ch v procesu, za\u0159\u00edzen\u00ed nebo designu.<\/li>\n<\/ul>\n\n\n\n<p>Z\u00e1znamy souvisej\u00edc\u00ed s objedn\u00e1vkami Kupuj\u00edc\u00edho mus\u00ed b\u00fdt uchov\u00e1v\u00e1ny alespo\u0148 <strong>jeden (1) rok<\/strong> pokud nen\u00ed uvedeno jinak.<\/p>\n\n\n\n<hr class=\"wp-block-separator has-alpha-channel-opacity\"\/>\n\n\n\n<h2 class=\"wp-block-heading\"><strong>18. Zru\u0161en\u00ed objedn\u00e1vky<\/strong><\/h2>\n\n\n\n<p>Kupuj\u00edc\u00ed m\u016f\u017ee zru\u0161it jakoukoli objedn\u00e1vku zcela nebo \u010d\u00e1ste\u010dn\u011b:<\/p>\n\n\n\n<ul class=\"wp-block-list\">\n<li><strong>Z d\u016fvodu<\/strong>, pokud Dodavatel poru\u0161\u00ed jakoukoli povinnost.<\/li>\n\n\n\n<li><strong>Bez d\u016fvodu<\/strong>, kdykoli p\u0159ed odesl\u00e1n\u00edm nebo dokon\u010den\u00edm slu\u017eby.<\/li>\n<\/ul>\n\n\n\n<p>U zru\u0161en\u00ed bez d\u016fvodu t\u00fdkaj\u00edc\u00edho se zak\u00e1zkov\u00fdch zbo\u017e\u00ed nebo slu\u017eeb, Kupuj\u00edc\u00ed nahrad\u00ed Dodavateli ov\u011b\u0159en\u00e9, rozumn\u00e9, nezbytn\u00e9 n\u00e1klady, kter\u00e9 vznikly do data zru\u0161en\u00ed, nep\u0159esahuj\u00edc\u00ed hodnotu objedn\u00e1vky.<\/p>\n\n\n\n<hr class=\"wp-block-separator has-alpha-channel-opacity\"\/>\n\n\n\n<h2 class=\"wp-block-heading\"><strong>19. Od\u0161kodn\u011bn\u00ed<\/strong><\/h2>\n\n\n\n<p>Dodavatel od\u0161kodn\u00ed a ochr\u00e1n\u00ed Kupuj\u00edc\u00edho p\u0159ed ve\u0161ker\u00fdmi n\u00e1klady, \u0161kodami, n\u00e1roky nebo odpov\u011bdnostmi vypl\u00fdvaj\u00edc\u00edmi z:<\/p>\n\n\n\n<ul class=\"wp-block-list\">\n<li>Poru\u0161en\u00ed z\u00e1ruk nebo povinnost\u00ed dodavatelem.<\/li>\n\n\n\n<li>Vady nebo selh\u00e1n\u00ed produktu.<\/li>\n\n\n\n<li>Zran\u011bn\u00ed nebo \u0161koda na majetku v souvislosti s dodan\u00fdm zbo\u017e\u00edm nebo slu\u017ebami.<\/li>\n<\/ul>\n\n\n\n<p>Tato povinnost vylu\u010duje \u0161kody, u kter\u00fdch se prok\u00e1\u017ee, \u017ee byly zp\u016fsobeny v\u00fdhradn\u011b nedbalost\u00ed kupuj\u00edc\u00edho.<\/p>\n\n\n\n<hr class=\"wp-block-separator has-alpha-channel-opacity\"\/>\n\n\n\n<h2 class=\"wp-block-heading\"><strong>20. Subdod\u00e1vky<\/strong><\/h2>\n\n\n\n<p>Dodavatel nesm\u00ed zad\u00e1vat subdod\u00e1vky ani p\u0159ev\u00e1d\u011bt \u017e\u00e1dnou \u010d\u00e1st v\u00fdroby nebo poskytov\u00e1n\u00ed slu\u017eeb bez p\u0159edchoz\u00edho p\u00edsemn\u00e9ho souhlasu kupuj\u00edc\u00edho.<\/p>\n\n\n\n<hr class=\"wp-block-separator has-alpha-channel-opacity\"\/>\n\n\n\n<h2 class=\"wp-block-heading\"><strong>21. Po\u017eadavky na poji\u0161t\u011bn\u00ed<\/strong><\/h2>\n\n\n\n<p>Dodavatel je povinen udr\u017eovat pojistn\u00e9 kryt\u00ed v souladu s obez\u0159etnou pr\u016fmyslovou v\u00fdrobn\u00ed prax\u00ed, v\u010detn\u011b, ale nejen, odpov\u011bdnosti za v\u00fdrobek, \u00farazov\u00e9ho poji\u0161t\u011bn\u00ed zam\u011bstnanc\u016f a v\u0161eobecn\u00e9 komer\u010dn\u00ed odpov\u011bdnosti. Doklad o poji\u0161t\u011bn\u00ed mus\u00ed b\u00fdt p\u0159edlo\u017een na vy\u017e\u00e1d\u00e1n\u00ed.<\/p>\n\n\n\n<hr class=\"wp-block-separator has-alpha-channel-opacity\"\/>\n\n\n\n<h2 class=\"wp-block-heading\"><strong>22. Dan\u011b<\/strong><\/h2>\n\n\n\n<p>Pokud nen\u00ed v objedn\u00e1vce uvedeno jinak, je dodavatel odpov\u011bdn\u00fd za v\u0161echny dan\u011b spojen\u00e9 s prodejem a dod\u00e1n\u00edm zbo\u017e\u00ed nebo slu\u017eeb, s v\u00fdjimkou dan\u00ed z p\u0159\u00edjmu kupuj\u00edc\u00edho.<\/p>\n\n\n\n<hr class=\"wp-block-separator has-alpha-channel-opacity\"\/>\n\n\n\n<h2 class=\"wp-block-heading\"><strong>23. Status nez\u00e1visl\u00e9ho dodavatele<\/strong><\/h2>\n\n\n\n<p>Dodavatel je nez\u00e1visl\u00fd dodavatel, a nikoli zam\u011bstnanec, z\u00e1stupce, partner nebo reprezentant kupuj\u00edc\u00edho. Dodavatel je v\u00fdhradn\u011b odpov\u011bdn\u00fd za odm\u011b\u0148ov\u00e1n\u00ed, poji\u0161t\u011bn\u00ed a dodr\u017eov\u00e1n\u00ed pr\u00e1vn\u00edch p\u0159edpis\u016f pro sv\u00e9 zam\u011bstnance.<\/p>\n\n\n\n<hr class=\"wp-block-separator has-alpha-channel-opacity\"\/>\n\n\n\n<h2 class=\"wp-block-heading\"><strong>24. Rozhodn\u00e9 pr\u00e1vo a \u0159e\u0161en\u00ed spor\u016f<\/strong><\/h2>\n\n\n\n<p>Tyto podm\u00ednky a souvisej\u00edc\u00ed objedn\u00e1vka se \u0159\u00edd\u00ed pr\u00e1vn\u00edmi p\u0159edpisy <strong>\u010c\u00ednsk\u00e9 lidov\u00e9 republiky<\/strong>, bez ohledu na z\u00e1sady kolizn\u00edho pr\u00e1va.<br>Nejlevn\u011bj\u0161\u00ed <strong>\u00damluva OSN o smlouv\u00e1ch o mezin\u00e1rodn\u00ed koupi zbo\u017e\u00ed (CISG)<\/strong> se nepou\u017eije.<br>Spory se \u0159e\u0161\u00ed jedn\u00e1n\u00edm, a pokud se je nepoda\u0159\u00ed vy\u0159e\u0161it, p\u0159edlo\u017e\u00ed se rozhod\u010d\u00edmu org\u00e1nu vz\u00e1jemn\u011b odsouhlasen\u00e9mu v \u0160anghaji.<\/p>\n\n\n\n<hr class=\"wp-block-separator has-alpha-channel-opacity\"\/>\n\n\n\n<h2 class=\"wp-block-heading\"><strong>25. \u00dapln\u00e1 dohoda a zm\u011bny<\/strong><\/h2>\n\n\n\n<p>Tyto Podm\u00ednky spolu s platn\u00fdm objedn\u00e1vkov\u00fdm formul\u00e1\u0159em tvo\u0159\u00ed \u00faplnou a v\u00fdlu\u010dnou dohodu mezi Kupuj\u00edc\u00edm a Dodavatelem.<br>\u017d\u00e1dn\u00e1 zm\u011bna nebo vzd\u00e1n\u00ed se pr\u00e1va nen\u00ed z\u00e1vazn\u00e1, pokud nen\u00ed provedena p\u00edsemn\u011b a podeps\u00e1na Kupuj\u00edc\u00edm.<br>Ne\u00fasp\u011bch Kupuj\u00edc\u00edho v uplatn\u011bn\u00ed jak\u00e9hokoliv ustanoven\u00ed nep\u0159edstavuje vzd\u00e1n\u00ed se tohoto nebo jak\u00e9hokoliv jin\u00e9ho ustanoven\u00ed.<\/p>\n\n\n\n<hr class=\"wp-block-separator has-alpha-channel-opacity\"\/>\n\n\n\n<h2 class=\"wp-block-heading\"><strong>Informace o Kupuj\u00edc\u00edm<\/strong><\/h2>\n\n\n\n<p><strong>Shanghai Zhansong Industrial Co., Ltd.<\/strong><br>E-mail: <strong><a>JMJG_SZ@163.com<\/a><\/strong><br>Telefon: <strong>+86-150-6245-3593<\/strong><br>Adresa: Shanghai, \u010c\u00edna<br>Webov\u00e1 str\u00e1nka: <a href=\"https:\/\/zscncparts.com\/cs\/\">https:\/\/zscncparts.com\/<\/a><\/p>","protected":false},"excerpt":{"rendered":"<p>PURCHASE ORDER TERMS AND CONDITIONS Shanghai Zhansong Industrial Co., Ltd.Revised: November 2025 These Purchase Order Terms and Conditions (\u201cTerms\u201d) apply [&hellip;]<\/p>","protected":false},"author":1,"featured_media":0,"parent":0,"menu_order":0,"comment_status":"closed","ping_status":"closed","template":"","meta":{"_monsterinsights_skip_tracking":false,"_monsterinsights_sitenote_active":false,"_monsterinsights_sitenote_note":"","_monsterinsights_sitenote_category":0,"site-sidebar-layout":"default","site-content-layout":"","ast-site-content-layout":"default","site-content-style":"default","site-sidebar-style":"default","ast-global-header-display":"","ast-banner-title-visibility":"","ast-main-header-display":"","ast-hfb-above-header-display":"","ast-hfb-below-header-display":"","ast-hfb-mobile-header-display":"","site-post-title":"","ast-breadcrumbs-content":"","ast-featured-img":"","footer-sml-layout":"","theme-transparent-header-meta":"","adv-header-id-meta":"","stick-header-meta":"","header-above-stick-meta":"","header-main-stick-meta":"","header-below-stick-meta":"","astra-migrate-meta-layouts":"default","ast-page-background-enabled":"default","ast-page-background-meta":{"desktop":{"background-color":"var(--ast-global-color-5)","background-image":"","background-repeat":"repeat","background-position":"center center","background-size":"auto","background-attachment":"scroll","background-type":"","background-media":"","overlay-type":"","overlay-color":"","overlay-opacity":"","overlay-gradient":""},"tablet":{"background-color":"","background-image":"","background-repeat":"repeat","background-position":"center center","background-size":"auto","background-attachment":"scroll","background-type":"","background-media":"","overlay-type":"","overlay-color":"","overlay-opacity":"","overlay-gradient":""},"mobile":{"background-color":"","background-image":"","background-repeat":"repeat","background-position":"center center","background-size":"auto","background-attachment":"scroll","background-type":"","background-media":"","overlay-type":"","overlay-color":"","overlay-opacity":"","overlay-gradient":""}},"ast-content-background-meta":{"desktop":{"background-color":"var(--ast-global-color-4)","background-image":"","background-repeat":"repeat","background-position":"center center","background-size":"auto","background-attachment":"scroll","background-type":"","background-media":"","overlay-type":"","overlay-color":"","overlay-opacity":"","overlay-gradient":""},"tablet":{"background-color":"var(--ast-global-color-4)","background-image":"","background-repeat":"repeat","background-position":"center center","background-size":"auto","background-attachment":"scroll","background-type":"","background-media":"","overlay-type":"","overlay-color":"","overlay-opacity":"","overlay-gradient":""},"mobile":{"background-color":"var(--ast-global-color-4)","background-image":"","background-repeat":"repeat","background-position":"center center","background-size":"auto","background-attachment":"scroll","background-type":"","background-media":"","overlay-type":"","overlay-color":"","overlay-opacity":"","overlay-gradient":""}},"footnotes":""},"class_list":["post-3186","page","type-page","status-publish","hentry"],"_links":{"self":[{"href":"https:\/\/zscncparts.com\/cs\/wp-json\/wp\/v2\/pages\/3186","targetHints":{"allow":["GET"]}}],"collection":[{"href":"https:\/\/zscncparts.com\/cs\/wp-json\/wp\/v2\/pages"}],"about":[{"href":"https:\/\/zscncparts.com\/cs\/wp-json\/wp\/v2\/types\/page"}],"author":[{"embeddable":true,"href":"https:\/\/zscncparts.com\/cs\/wp-json\/wp\/v2\/users\/1"}],"replies":[{"embeddable":true,"href":"https:\/\/zscncparts.com\/cs\/wp-json\/wp\/v2\/comments?post=3186"}],"version-history":[{"count":0,"href":"https:\/\/zscncparts.com\/cs\/wp-json\/wp\/v2\/pages\/3186\/revisions"}],"wp:attachment":[{"href":"https:\/\/zscncparts.com\/cs\/wp-json\/wp\/v2\/media?parent=3186"}],"curies":[{"name":"wp","href":"https:\/\/api.w.org\/{rel}","templated":true}]}}