{"id":3182,"date":"2025-12-10T10:00:52","date_gmt":"2025-12-10T02:00:52","guid":{"rendered":"https:\/\/zscncparts.com\/?page_id=3182"},"modified":"2025-12-10T10:00:54","modified_gmt":"2025-12-10T02:00:54","slug":"privacy-policy","status":"publish","type":"page","link":"https:\/\/zscncparts.com\/cs\/privacy-policy\/","title":{"rendered":"Z\u00e1sady ochrany soukrom\u00ed"},"content":{"rendered":"<h2 class=\"wp-block-heading\"><strong>Z\u00e1sady ochrany soukrom\u00ed<\/strong><\/h2>\n\n\n\n<p><strong>Posledn\u00ed aktualizace: listopad<\/strong> <strong>2025<\/strong><\/p>\n\n\n\n<p>Tato z\u00e1sada ochrany osobn\u00edch \u00fadaj\u016f vysv\u011btluje, jak <strong>Shanghai Zhansong Industrial Co., Ltd.<\/strong> \u201eZhansong Industrial\u201c, \u201emy\u201c, \u201en\u00e1s\u201c nebo \u201ena\u0161e\u201c shroma\u017e\u010fuje, pou\u017e\u00edv\u00e1, ukl\u00e1d\u00e1 a chr\u00e1n\u00ed osobn\u00ed \u00fadaje od jednotlivc\u016f (\u201eU\u017eivatel\u00e9\u201c, \u201evy\u201c, \u201ev\u00e1\u0161\u201c), kte\u0159\u00ed nav\u0161t\u011bvuj\u00ed na\u0161e webov\u00e9 str\u00e1nky, komunikuj\u00ed s n\u00e1mi, \u017e\u00e1daj\u00ed o nab\u00eddky, zad\u00e1vaj\u00ed objedn\u00e1vky nebo jinak spolupracuj\u00ed s na\u0161imi produkty a slu\u017ebami, v\u010detn\u011b p\u0159esn\u00e9ho CNC obr\u00e1b\u011bn\u00ed a souvisej\u00edc\u00edch pr\u016fmyslov\u00fdch \u0159e\u0161en\u00ed.<\/p>\n\n\n\n<p>Jsme odhodl\u00e1ni chr\u00e1nit va\u0161e osobn\u00ed \u00fadaje a zach\u00e1zet s nimi odpov\u011bdn\u011b v souladu s platn\u00fdmi z\u00e1kony o ochran\u011b dat.<\/p>\n\n\n\n<p>Pokud m\u00e1te jak\u00e9koli ot\u00e1zky ohledn\u011b t\u00e9to z\u00e1sady ochrany osobn\u00edch \u00fadaj\u016f nebo si p\u0159ejete uplatnit sv\u00e1 pr\u00e1va k \u00fadaj\u016fm, kontaktujte n\u00e1s na:<br><strong>E-mail:<\/strong> <a>JMJG_SZ@163.com<\/a><br><strong>Telefon:<\/strong> +86-15062453593<\/p>\n\n\n\n<p>Na\u0161e slu\u017eby nejsou ur\u010deny pro d\u011bti mlad\u0161\u00ed 16 let a v\u011bdom\u011b nesb\u00edr\u00e1me osobn\u00ed \u00fadaje od nezletil\u00fdch.<\/p>\n\n\n\n<hr class=\"wp-block-separator has-alpha-channel-opacity\"\/>\n\n\n\n<h2 class=\"wp-block-heading\"><strong>1. Co jsou osobn\u00ed \u00fadaje?<\/strong><\/h2>\n\n\n\n<p>\u201eOsobn\u00ed \u00fadaje\u201c ozna\u010duj\u00ed jak\u00e9koli informace, kter\u00e9 identifikuj\u00ed nebo mohou rozumn\u011b identifikovat jednotlivce. P\u0159\u00edklady zahrnuj\u00ed jm\u00e9na, e-mailov\u00e9 adresy, telefonn\u00ed \u010d\u00edsla, identifika\u010dn\u00ed \u00fadaje, informace o poloze, IP adresy a podobn\u00e9 \u00fadaje.<br>To m\u016f\u017ee tak\u00e9 zahrnovat \u201ecitliv\u00e9 osobn\u00ed \u00fadaje\u201c, jako jsou zdravotn\u00ed informace, biometrick\u00e9 identifik\u00e1tory nebo jin\u00e9 kategorie chr\u00e1n\u011bn\u00e9 z\u00e1konem. \u00damysln\u011b nesb\u00edr\u00e1me citliv\u00e9 \u00fadaje, pokud to nen\u00ed vy\u017eadov\u00e1no a v\u00fdslovn\u011b povoleno.<\/p>\n\n\n\n<hr class=\"wp-block-separator has-alpha-channel-opacity\"\/>\n\n\n\n<h2 class=\"wp-block-heading\"><strong>2. Jak\u00e9 \u00fadaje sb\u00edr\u00e1me<\/strong><\/h2>\n\n\n\n<p>M\u016f\u017eeme shroma\u017e\u010fovat n\u00e1sleduj\u00edc\u00ed kategorie osobn\u00edch \u00fadaj\u016f:<\/p>\n\n\n\n<h3 class=\"wp-block-heading\"><strong>a. Informace, kter\u00e9 poskytnete p\u0159\u00edmo<\/strong><\/h3>\n\n\n\n<p>M\u016f\u017eete dobrovoln\u011b poskytnout osobn\u00ed \u00fadaje, kdy\u017e:<\/p>\n\n\n\n<ul class=\"wp-block-list\">\n<li>\u017d\u00e1d\u00e1te o nab\u00eddku nebo zad\u00e1v\u00e1te objedn\u00e1vku<\/li>\n\n\n\n<li>Odes\u00edl\u00e1te v\u00fdkresy, technick\u00e9 dokumenty nebo po\u017eadavky na projekt<\/li>\n\n\n\n<li>Vypl\u0148ujete formul\u00e1\u0159e na webov\u00fdch str\u00e1nk\u00e1ch<\/li>\n\n\n\n<li>Kontaktujete n\u00e1s e-mailem, telefonicky nebo prost\u0159ednictv\u00edm komunika\u010dn\u00edch platforem<\/li>\n\n\n\n<li>Odeb\u00edr\u00e1te newslettery nebo marketingov\u00e9 komunikace<\/li>\n\n\n\n<li>\u017d\u00e1d\u00e1te o pr\u00e1ci<\/li>\n\n\n\n<li>Nav\u0161t\u011bvujete na\u0161e za\u0159\u00edzen\u00ed nebo se s n\u00e1mi setk\u00e1v\u00e1te na v\u00fdstav\u00e1ch \u010di veletrz\u00edch<\/li>\n<\/ul>\n\n\n\n<p>Tato informace m\u016f\u017ee zahrnovat:<\/p>\n\n\n\n<ul class=\"wp-block-list\">\n<li>Jm\u00e9no<\/li>\n\n\n\n<li>N\u00e1zev spole\u010dnosti a pracovn\u00ed pozici<\/li>\n\n\n\n<li>E-mailov\u00e1 adresa<\/li>\n\n\n\n<li>Telefonn\u00ed \u010d\u00edslo<\/li>\n\n\n\n<li>Faktura\u010dn\u00ed a dodac\u00ed \u00fadaje<\/li>\n\n\n\n<li>Informace souvisej\u00edc\u00ed s platbou<\/li>\n\n\n\n<li>Obsah komunikace a nahran\u00fdch soubor\u016f<\/li>\n<\/ul>\n\n\n\n<h3 class=\"wp-block-heading\"><strong>b. Informace o jin\u00fdch osob\u00e1ch<\/strong><\/h3>\n\n\n\n<p>M\u016f\u017eete n\u00e1m poskytnout informace o jednotlivc\u00edch ve va\u0161\u00ed organizaci nebo dodavatelsk\u00e9m \u0159et\u011bzci. M\u011bli byste se ujistit, \u017ee m\u00e1te opr\u00e1vn\u011bn\u00ed takov\u00e9 informace sd\u00edlet.<\/p>\n\n\n\n<h3 class=\"wp-block-heading\"><strong>c. Data o za\u0159\u00edzen\u00ed a pou\u017e\u00edv\u00e1n\u00ed webov\u00fdch str\u00e1nek<\/strong><\/h3>\n\n\n\n<p>Kdy\u017e nav\u0161t\u00edv\u00edte na\u0161e webov\u00e9 str\u00e1nky, m\u016f\u017eeme automaticky shroma\u017e\u010fovat technick\u00e1 data, nap\u0159\u00edklad:<\/p>\n\n\n\n<ul class=\"wp-block-list\">\n<li>IP adresa<\/li>\n\n\n\n<li>Typ a verze prohl\u00ed\u017ee\u010de<\/li>\n\n\n\n<li>Opera\u010dn\u00ed syst\u00e9m<\/li>\n\n\n\n<li>Nastaven\u00ed \u010dasov\u00e9ho p\u00e1sma<\/li>\n\n\n\n<li>Zobrazen\u00e9 str\u00e1nky, chov\u00e1n\u00ed p\u0159i klik\u00e1n\u00ed a vzory navigace na str\u00e1nk\u00e1ch<\/li>\n\n\n\n<li>Odkazov\u00e9 URL adresy<\/li>\n<\/ul>\n\n\n\n<h3 class=\"wp-block-heading\"><strong>d. Informace od t\u0159et\u00edch stran<\/strong><\/h3>\n\n\n\n<p>M\u016f\u017eeme obdr\u017eet dal\u0161\u00ed informace od:<\/p>\n\n\n\n<ul class=\"wp-block-list\">\n<li>Poskytovatel\u016f logistick\u00fdch slu\u017eeb<\/li>\n\n\n\n<li>Platebn\u00ed zpracovatel\u00e9<\/li>\n\n\n\n<li>Subjekty pro ov\u011b\u0159ov\u00e1n\u00ed \u00fav\u011bru (kde je to pr\u00e1vn\u011b povoleno)<\/li>\n\n\n\n<li>Ve\u0159ejn\u011b dostupn\u00e9 zdroje<\/li>\n<\/ul>\n\n\n\n<p>Poskytov\u00e1n\u00ed ur\u010dit\u00fdch \u00fadaj\u016f m\u016f\u017ee b\u00fdt nezbytn\u00e9 pro doru\u010den\u00ed produkt\u016f nebo slu\u017eeb; bez nich n\u011bkter\u00e9 funkce nemus\u00ed b\u00fdt dostupn\u00e9.<\/p>\n\n\n\n<hr class=\"wp-block-separator has-alpha-channel-opacity\"\/>\n\n\n\n<h2 class=\"wp-block-heading\"><strong>3. Jak pou\u017e\u00edv\u00e1me osobn\u00ed \u00fadaje<\/strong><\/h2>\n\n\n\n<p>M\u016f\u017eeme zpracov\u00e1vat osobn\u00ed \u00fadaje pro n\u00e1sleduj\u00edc\u00ed \u00fa\u010dely:<\/p>\n\n\n\n<ol class=\"wp-block-list\">\n<li><strong>Reakce na va\u0161e dotazy<\/strong>, \u017e\u00e1dosti o nab\u00eddky nebo obecn\u00e1 komunikace.<\/li>\n\n\n\n<li><strong>Zpracov\u00e1n\u00ed objedn\u00e1vek<\/strong>, v\u00fdroba produkt\u016f a doru\u010den\u00ed zbo\u017e\u00ed a slu\u017eeb.<\/li>\n\n\n\n<li><strong>Spr\u00e1va z\u00e1kaznick\u00fdch \u00fa\u010dt\u016f<\/strong>, fakturace a ov\u011b\u0159ov\u00e1n\u00ed plateb.<\/li>\n\n\n\n<li><strong>Provoz, \u00fadr\u017eba a zlep\u0161ov\u00e1n\u00ed na\u0161ich webov\u00fdch str\u00e1nek a intern\u00edch syst\u00e9m\u016f.<\/strong><\/li>\n\n\n\n<li><strong>Poskytov\u00e1n\u00ed z\u00e1kaznick\u00e9 podpory<\/strong>, technick\u00e1 pomoc a slu\u017eby po prodeji.<\/li>\n\n\n\n<li><strong>Odes\u00edl\u00e1n\u00ed ozn\u00e1men\u00ed souvisej\u00edc\u00edch se slu\u017ebami<\/strong>, v\u010detn\u011b aktualizac\u00ed o z\u00e1silk\u00e1ch nebo stavu objedn\u00e1nek.<\/li>\n\n\n\n<li><strong>Doru\u010dov\u00e1n\u00ed marketingov\u00fdch sd\u011blen\u00ed<\/strong>, newsletter\u016f nebo propaga\u010dn\u00edch informac\u00ed (kde je to pr\u00e1vn\u011b povoleno).<\/li>\n\n\n\n<li><strong>Prov\u00e1d\u011bn\u00ed intern\u00ed analytiky<\/strong>, v\u00fdvoj produktu a sledov\u00e1n\u00ed v\u00fdkonu.<\/li>\n\n\n\n<li><strong>Udr\u017eov\u00e1n\u00ed bezpe\u010dnosti podnik\u00e1n\u00ed<\/strong>, prevence podvod\u016f a ochrana du\u0161evn\u00edho vlastnictv\u00ed.<\/li>\n\n\n\n<li><strong>Dodr\u017eov\u00e1n\u00ed pr\u00e1vn\u00edch povinnost\u00ed<\/strong>, regula\u010dn\u00edch po\u017eadavk\u016f nebo reakce na z\u00e1konn\u00e9 \u017e\u00e1dosti.<\/li>\n\n\n\n<li><strong>Usnadn\u011bn\u00ed logistiky<\/strong>, celn\u00ed procedury a koordinace mezin\u00e1rodn\u00ed p\u0159epravy.<\/li>\n<\/ol>\n\n\n\n<p>Spol\u00e9h\u00e1me na n\u00e1sleduj\u00edc\u00ed pr\u00e1vn\u00ed z\u00e1klady v z\u00e1vislosti na situaci:<\/p>\n\n\n\n<ul class=\"wp-block-list\">\n<li>Pln\u011bn\u00ed smlouvy<\/li>\n\n\n\n<li>Soulad s pr\u00e1vn\u00edmi povinnostmi<\/li>\n\n\n\n<li>Legitimn\u00ed obchodn\u00ed z\u00e1jmy<\/li>\n\n\n\n<li>V\u00e1\u0161 souhlas (pro marketingov\u00e9 nebo voliteln\u00e9 slu\u017eby)<\/li>\n<\/ul>\n\n\n\n<hr class=\"wp-block-separator has-alpha-channel-opacity\"\/>\n\n\n\n<h2 class=\"wp-block-heading\"><strong>4. Cookies a sledovac\u00ed technologie<\/strong><\/h2>\n\n\n\n<p>Pou\u017e\u00edv\u00e1me cookies a podobn\u00e9 technologie ke zlep\u0161en\u00ed funk\u010dnosti webov\u00fdch str\u00e1nek a zlep\u0161en\u00ed u\u017eivatelsk\u00e9ho z\u00e1\u017eitku. Cookies mohou b\u00fdt pou\u017eity k:<\/p>\n\n\n\n<ul class=\"wp-block-list\">\n<li>Povolen\u00ed z\u00e1kladn\u00edch funkc\u00ed webov\u00fdch str\u00e1nek<\/li>\n\n\n\n<li>Analyzov\u00e1n\u00ed provozu a chov\u00e1n\u00ed n\u00e1v\u0161t\u011bvn\u00edk\u016f<\/li>\n\n\n\n<li>Zapamatov\u00e1n\u00ed preferenc\u00ed<\/li>\n\n\n\n<li>Podpo\u0159e relevance reklamy (pokud je to relevantn\u00ed)<\/li>\n<\/ul>\n\n\n\n<p>Cookies m\u016f\u017eete zak\u00e1zat prost\u0159ednictv\u00edm nastaven\u00ed prohl\u00ed\u017ee\u010de, a\u010dkoli n\u011bkter\u00e9 funkce nemus\u00ed fungovat spr\u00e1vn\u011b bez nich.<\/p>\n\n\n\n<hr class=\"wp-block-separator has-alpha-channel-opacity\"\/>\n\n\n\n<h2 class=\"wp-block-heading\"><strong>5. Sd\u00edlen\u00ed a zve\u0159ejn\u011bn\u00ed osobn\u00edch \u00fadaj\u016f<\/strong><\/h2>\n\n\n\n<p>M\u016f\u017eeme sd\u00edlet osobn\u00ed \u00fadaje s:<\/p>\n\n\n\n<h3 class=\"wp-block-heading\"><strong>a. Intern\u00edmi pobo\u010dkami<\/strong><\/h3>\n\n\n\n<p>Dce\u0159in\u00fdmi spole\u010dnostmi, pobo\u010dkami nebo opr\u00e1vn\u011bn\u00fdm person\u00e1lem zapojen\u00fdm do v\u00fdroby, kontroly kvality, logistiky nebo z\u00e1kaznick\u00e9ho servisu.<\/p>\n\n\n\n<h3 class=\"wp-block-heading\"><strong>b. Poskytovateli slu\u017eeb<\/strong><\/h3>\n\n\n\n<p>D\u016fv\u011bryhodn\u00fdmi t\u0159et\u00edmi stranami, kter\u00e9 podporuj\u00ed na\u0161e operace, nap\u0159\u00edklad:<\/p>\n\n\n\n<ul class=\"wp-block-list\">\n<li>Spedi\u010dn\u00ed a p\u0159epravn\u00ed spole\u010dnosti<\/li>\n\n\n\n<li>Poskytovatel\u00e9 IT hostingu a cloudov\u00fdch slu\u017eeb<\/li>\n\n\n\n<li>Platebn\u00ed zpracovatel\u00e9<\/li>\n\n\n\n<li>Odborn\u00ed poradci (pr\u00e1vn\u00ed, \u00fa\u010detn\u00ed, compliance)<\/li>\n\n\n\n<li>Marketingov\u00e9 a e-mailov\u00e9 distribu\u010dn\u00ed slu\u017eby<\/li>\n<\/ul>\n\n\n\n<h3 class=\"wp-block-heading\"><strong>c. Obchodn\u00edmi partnery<\/strong><\/h3>\n\n\n\n<p>Pouze pokud je to nutn\u00e9 k spln\u011bn\u00ed va\u0161\u00ed objedn\u00e1vky nebo poskytnut\u00ed po\u017eadovan\u00fdch slu\u017eeb.<\/p>\n\n\n\n<h3 class=\"wp-block-heading\"><strong>d. Vl\u00e1dn\u00edmi \u00fa\u0159ady<\/strong><\/h3>\n\n\n\n<p>Tam, kde to vy\u017eaduj\u00ed z\u00e1kony, regula\u010dn\u00ed p\u0159edpisy, celn\u00ed dokumentace nebo pr\u00e1vn\u00ed \u0159\u00edzen\u00ed.<\/p>\n\n\n\n<h3 class=\"wp-block-heading\"><strong>e. Korpor\u00e1tn\u00edmi transakcemi<\/strong><\/h3>\n\n\n\n<p>V p\u0159\u00edpad\u011b f\u00faze, akvizice, restrukturalizace nebo prodeje aktiv m\u016f\u017ee b\u00fdt va\u0161e informace p\u0159evedena na n\u00e1stupnickou entitu.<\/p>\n\n\n\n<p>D\u011bl\u00e1me <strong>ne<\/strong> prod\u00e1vat osobn\u00ed \u00fadaje.<\/p>\n\n\n\n<hr class=\"wp-block-separator has-alpha-channel-opacity\"\/>\n\n\n\n<h2 class=\"wp-block-heading\"><strong>6. Mezin\u00e1rodn\u00ed p\u0159evody<\/strong><\/h2>\n\n\n\n<p>Proto\u017ee na\u0161i z\u00e1kazn\u00edci a dodavatel\u00e9 p\u016fsob\u00ed glob\u00e1ln\u011b, mohou b\u00fdt va\u0161e osobn\u00ed \u00fadaje p\u0159evedeny do zem\u00ed mimo va\u0161i oblast, v\u010detn\u011b jurisdikc\u00ed, kter\u00e9 nemus\u00ed m\u00edt stejnou \u00farove\u0148 p\u0159edpis\u016f na ochranu dat.<\/p>\n\n\n\n<p>Kdy\u017e k takov\u00fdm p\u0159evod\u016fm doch\u00e1z\u00ed, zav\u00e1d\u00edme vhodn\u00e1 opat\u0159en\u00ed, nap\u0159\u00edklad:<\/p>\n\n\n\n<ul class=\"wp-block-list\">\n<li>Standardn\u00ed smluvn\u00ed dolo\u017eky<\/li>\n\n\n\n<li>Dohody o d\u016fv\u011brnosti<\/li>\n\n\n\n<li>Technick\u00e1 a organiza\u010dn\u00ed bezpe\u010dnostn\u00ed opat\u0159en\u00ed<\/li>\n<\/ul>\n\n\n\n<p>M\u016f\u017eete n\u00e1s kontaktovat s \u017e\u00e1dost\u00ed o v\u00edce informac\u00ed o t\u011bchto opat\u0159en\u00edch.<\/p>\n\n\n\n<hr class=\"wp-block-separator has-alpha-channel-opacity\"\/>\n\n\n\n<h2 class=\"wp-block-heading\"><strong>7. Uchov\u00e1v\u00e1n\u00ed dat<\/strong><\/h2>\n\n\n\n<p>Osobn\u00ed \u00fadaje uchov\u00e1v\u00e1me pouze po dobu nezbytnou k napln\u011bn\u00ed \u00fa\u010del\u016f, pro kter\u00e9 byly shrom\u00e1\u017ed\u011bny, v\u010detn\u011b:<\/p>\n\n\n\n<ul class=\"wp-block-list\">\n<li>Pln\u011bn\u00ed smlouvy<\/li>\n\n\n\n<li>Pr\u00e1vn\u00ed povinnosti<\/li>\n\n\n\n<li>\u0158e\u0161en\u00ed spor\u016f<\/li>\n\n\n\n<li>Vnit\u0159n\u00ed evidence podnik\u00e1n\u00ed<\/li>\n<\/ul>\n\n\n\n<p>V n\u011bkter\u00fdch p\u0159\u00edpadech mohou b\u00fdt anonymizovan\u00e1 data uchov\u00e1v\u00e1na pro statistick\u00e9 nebo zlep\u0161en\u00ed kvality \u00fa\u010dely.<\/p>\n\n\n\n<hr class=\"wp-block-separator has-alpha-channel-opacity\"\/>\n\n\n\n<h2 class=\"wp-block-heading\"><strong>8. Bezpe\u010dnostn\u00ed opat\u0159en\u00ed<\/strong><\/h2>\n\n\n\n<p>Pou\u017e\u00edv\u00e1me technick\u00e1 a organiza\u010dn\u00ed opat\u0159en\u00ed navr\u017een\u00e1 tak, aby chr\u00e1nila osobn\u00ed \u00fadaje, v\u010detn\u011b:<\/p>\n\n\n\n<ul class=\"wp-block-list\">\n<li>Zabezpe\u010den\u00e9 servery a \u0161ifrovan\u00e1 p\u0159ipojen\u00ed<\/li>\n\n\n\n<li>Ochrana firewall<\/li>\n\n\n\n<li>Omezen\u00ed p\u0159\u00edstupu<\/li>\n\n\n\n<li>Pravideln\u00e9 sledov\u00e1n\u00ed syst\u00e9mu<\/li>\n<\/ul>\n\n\n\n<p>Navzdory na\u0161im snah\u00e1m nen\u00ed \u017e\u00e1dn\u00e1 metoda p\u0159enosu p\u0159es internet zcela bezpe\u010dn\u00e1. U\u017eivatel\u00e9 jsou odpov\u011bdn\u00ed za zabezpe\u010den\u00ed hesel nebo p\u0159ihla\u0161ovac\u00edch \u00fadaj\u016f, pokud je to relevantn\u00ed.<\/p>\n\n\n\n<hr class=\"wp-block-separator has-alpha-channel-opacity\"\/>\n\n\n\n<h2 class=\"wp-block-heading\"><strong>9. Webov\u00e9 str\u00e1nky t\u0159et\u00edch stran<\/strong><\/h2>\n\n\n\n<p>Na\u0161e webov\u00e9 str\u00e1nky mohou odkazovat na extern\u00ed str\u00e1nky. Nejsme odpov\u011bdn\u00ed za z\u00e1sady ochrany soukrom\u00ed t\u0159et\u00edch stran. U\u017eivatel\u00e9 jsou povzbuzov\u00e1ni k prostudov\u00e1n\u00ed jejich z\u00e1sad ochrany soukrom\u00ed p\u0159ed poskytnut\u00edm jak\u00fdchkoli osobn\u00edch \u00fadaj\u016f.<\/p>\n\n\n\n<hr class=\"wp-block-separator has-alpha-channel-opacity\"\/>\n\n\n\n<h2 class=\"wp-block-heading\"><strong>10. Va\u0161e pr\u00e1va<\/strong><\/h2>\n\n\n\n<p>V z\u00e1vislosti na va\u0161\u00ed jurisdikci m\u00e1te pr\u00e1vo:<\/p>\n\n\n\n<ul class=\"wp-block-list\">\n<li>Po\u017e\u00e1dat o p\u0159\u00edstup ke sv\u00fdm osobn\u00edm \u00fadaj\u016fm<\/li>\n\n\n\n<li>Po\u017e\u00e1dat o opravu nebo aktualizaci<\/li>\n\n\n\n<li>Po\u017e\u00e1dat o smaz\u00e1n\u00ed (kde je to pr\u00e1vn\u011b p\u0159\u00edpustn\u00e9)<\/li>\n\n\n\n<li>Nam\u00edtnout proti zpracov\u00e1n\u00ed nebo odvolat souhlas<\/li>\n\n\n\n<li>Po\u017e\u00e1dat o p\u0159enositelnost sv\u00fdch \u00fadaj\u016f<\/li>\n\n\n\n<li>Odhl\u00e1sit se z marketingov\u00fdch sd\u011blen\u00ed<\/li>\n<\/ul>\n\n\n\n<p>Pro uplatn\u011bn\u00ed t\u011bchto pr\u00e1v n\u00e1s kontaktujte na <strong><a>JMJG_SZ@163.com<\/a><\/strong>.<\/p>\n\n\n\n<p>Marketingov\u00e9 e-maily obsahuj\u00ed mo\u017enost odhl\u00e1\u0161en\u00ed.<\/p>\n\n\n\n<hr class=\"wp-block-separator has-alpha-channel-opacity\"\/>\n\n\n\n<h2 class=\"wp-block-heading\"><strong>11. Zm\u011bny t\u00e9to z\u00e1sady ochrany osobn\u00edch \u00fadaj\u016f<\/strong><\/h2>\n\n\n\n<p>Tuto z\u00e1sadu ochrany osobn\u00edch \u00fadaj\u016f m\u016f\u017eeme \u010das od \u010dasu aktualizovat, aby odr\u00e1\u017eela zm\u011bny v pr\u00e1vn\u00edch po\u017eadavc\u00edch nebo obchodn\u00edch praktik\u00e1ch. Aktualizovan\u00e9 verze budou zve\u0159ejn\u011bny na na\u0161ich webov\u00fdch str\u00e1nk\u00e1ch s p\u0159\u00edslu\u0161n\u011b upraven\u00fdm datem \u201ePosledn\u00ed aktualizace\u201c.<\/p>\n\n\n\n<hr class=\"wp-block-separator has-alpha-channel-opacity\"\/>\n\n\n\n<h2 class=\"wp-block-heading\"><strong>12. Kontaktujte n\u00e1s<\/strong><\/h2>\n\n\n\n<p>Pro ot\u00e1zky, po\u017eadavky nebo obavy t\u00fdkaj\u00edc\u00ed se t\u00e9to z\u00e1sady ochrany osobn\u00edch \u00fadaj\u016f nebo na\u0161ich praktik zpracov\u00e1n\u00ed dat n\u00e1s pros\u00edm kontaktujte:<\/p>\n\n\n\n<p><strong>Shanghai Zhansong Industrial Co., Ltd.<\/strong><br>E-mail: <strong><a>JMJG_SZ@163.com<\/a><\/strong><br>Telefon: <strong>+86-15062453593<\/strong><br>Praha, \u010cesk\u00e1 republika<\/p>","protected":false},"excerpt":{"rendered":"<p>Privacy Policy Last Updated: November 2025 This Privacy Policy explains how Shanghai Zhansong Industrial Co., Ltd. (\u201cZhansong Industrial,\u201d \u201cwe,\u201d \u201cus,\u201d [&hellip;]<\/p>","protected":false},"author":1,"featured_media":0,"parent":0,"menu_order":0,"comment_status":"closed","ping_status":"closed","template":"","meta":{"_monsterinsights_skip_tracking":false,"_monsterinsights_sitenote_active":false,"_monsterinsights_sitenote_note":"","_monsterinsights_sitenote_category":0,"site-sidebar-layout":"default","site-content-layout":"","ast-site-content-layout":"default","site-content-style":"default","site-sidebar-style":"default","ast-global-header-display":"","ast-banner-title-visibility":"","ast-main-header-display":"","ast-hfb-above-header-display":"","ast-hfb-below-header-display":"","ast-hfb-mobile-header-display":"","site-post-title":"","ast-breadcrumbs-content":"","ast-featured-img":"","footer-sml-layout":"","theme-transparent-header-meta":"","adv-header-id-meta":"","stick-header-meta":"","header-above-stick-meta":"","header-main-stick-meta":"","header-below-stick-meta":"","astra-migrate-meta-layouts":"default","ast-page-background-enabled":"default","ast-page-background-meta":{"desktop":{"background-color":"var(--ast-global-color-5)","background-image":"","background-repeat":"repeat","background-position":"center center","background-size":"auto","background-attachment":"scroll","background-type":"","background-media":"","overlay-type":"","overlay-color":"","overlay-opacity":"","overlay-gradient":""},"tablet":{"background-color":"","background-image":"","background-repeat":"repeat","background-position":"center center","background-size":"auto","background-attachment":"scroll","background-type":"","background-media":"","overlay-type":"","overlay-color":"","overlay-opacity":"","overlay-gradient":""},"mobile":{"background-color":"","background-image":"","background-repeat":"repeat","background-position":"center center","background-size":"auto","background-attachment":"scroll","background-type":"","background-media":"","overlay-type":"","overlay-color":"","overlay-opacity":"","overlay-gradient":""}},"ast-content-background-meta":{"desktop":{"background-color":"var(--ast-global-color-4)","background-image":"","background-repeat":"repeat","background-position":"center center","background-size":"auto","background-attachment":"scroll","background-type":"","background-media":"","overlay-type":"","overlay-color":"","overlay-opacity":"","overlay-gradient":""},"tablet":{"background-color":"var(--ast-global-color-4)","background-image":"","background-repeat":"repeat","background-position":"center center","background-size":"auto","background-attachment":"scroll","background-type":"","background-media":"","overlay-type":"","overlay-color":"","overlay-opacity":"","overlay-gradient":""},"mobile":{"background-color":"var(--ast-global-color-4)","background-image":"","background-repeat":"repeat","background-position":"center center","background-size":"auto","background-attachment":"scroll","background-type":"","background-media":"","overlay-type":"","overlay-color":"","overlay-opacity":"","overlay-gradient":""}},"footnotes":""},"class_list":["post-3182","page","type-page","status-publish","hentry"],"_links":{"self":[{"href":"https:\/\/zscncparts.com\/cs\/wp-json\/wp\/v2\/pages\/3182","targetHints":{"allow":["GET"]}}],"collection":[{"href":"https:\/\/zscncparts.com\/cs\/wp-json\/wp\/v2\/pages"}],"about":[{"href":"https:\/\/zscncparts.com\/cs\/wp-json\/wp\/v2\/types\/page"}],"author":[{"embeddable":true,"href":"https:\/\/zscncparts.com\/cs\/wp-json\/wp\/v2\/users\/1"}],"replies":[{"embeddable":true,"href":"https:\/\/zscncparts.com\/cs\/wp-json\/wp\/v2\/comments?post=3182"}],"version-history":[{"count":0,"href":"https:\/\/zscncparts.com\/cs\/wp-json\/wp\/v2\/pages\/3182\/revisions"}],"wp:attachment":[{"href":"https:\/\/zscncparts.com\/cs\/wp-json\/wp\/v2\/media?parent=3182"}],"curies":[{"name":"wp","href":"https:\/\/api.w.org\/{rel}","templated":true}]}}