{"id":2542,"date":"2025-12-01T00:01:32","date_gmt":"2025-11-30T16:01:32","guid":{"rendered":"https:\/\/zscncparts.com\/?page_id=2542"},"modified":"2025-12-07T17:00:16","modified_gmt":"2025-12-07T09:00:16","slug":"videos","status":"publish","type":"page","link":"https:\/\/zscncparts.com\/cs\/resources\/videos\/","title":{"rendered":"Videa"},"content":{"rendered":"<style>* { box-sizing: border-box; } body {margin: 0;}*{box-sizing:border-box;}body{margin-top:0px;margin-right:0px;margin-bottom:0px;margin-left:0px;}#content > div:first-child{width:100% !important;max-width:100% !important;}main#content{width:100% !important;max-width:100% !important;}.site-content .ast-container{display:block !important;}.c1156{max-width:100%;width:100%;}.c1512{max-width:100%;width:100%;}.c1839{max-width:100%;width:100%;}.c1903{max-width:100%;width:100%;}.c2523{max-width:100%;width:100%;}<\/style>\n<p><body><\/p>\n<section class=\"bg-white mb-0 max-w-full w-full' style='max-width: 100%; width: max-width: c1156\" style=\"max-width: 100%; width: 100%;\">\n<div class=\"container mx-auto px-6 py-20\">\n<h2 class=\"text-3xl md:text-4xl font-bold text-[#002255] mb-12 text-center font-inter\">Videa uk\u00e1zky v\u00fdrobn\u00edho procesu<\/h2>\n<div class=\"space-y-20 lg:space-y-0 lg:grid lg:grid-cols-3 lg:gap-x-12\">\n<article class=\"flex flex-col items-center text-center\">\n<h3 class=\"text-xl font-semibold text-[#002255] mb-3 font-inter\">Uk\u00e1zka cel\u00e9ho obr\u00e1b\u011bc\u00edho procesu CNC<\/h3>\n<p class=\"text-[#2c3e50] max-w-md font-system\">Prozkoumejte kompletn\u00ed <a href=\"\/cs\/services\/cnc-machining\/\" class=\"text-[#f46b45] hover:underline font-semibold\">CNC obr\u00e1b\u011bn\u00ed<\/a> pracovn\u00ed tok od nastaven\u00ed po fin\u00e1ln\u00ed produkt. P\u0159esnost a efektivita p\u0159edvedeny krok za krokem.<\/p>\n<\/article>\n<article class=\"flex flex-col items-center text-center\">\n<h3 class=\"text-xl font-semibold text-[#002255] mb-3 font-inter\">Kontroln\u00ed body jakosti<\/h3>\n<p class=\"text-[#2c3e50] max-w-md font-system\">Podrobn\u00e9 inspek\u010dn\u00ed kroky zaji\u0161\u0165uj\u00ed, \u017ee v\u00fdrobek spl\u0148uje p\u0159\u00edsn\u00e9 tolerance a normy v ka\u017ed\u00e9 f\u00e1zi v\u00fdroby.<\/p>\n<\/article>\n<article class=\"flex flex-col items-center text-center\">\n<h3 class=\"text-xl font-semibold text-[#002255] mb-3 font-inter\">Proces balen\u00ed a expedice<\/h3>\n<p class=\"text-[#2c3e50] max-w-md font-system\">Za\u017eijte robustn\u00ed metody balen\u00ed navr\u017een\u00e9 tak, aby chr\u00e1nily k\u0159ehk\u00e9 sou\u010d\u00e1sti b\u011bhem bezpe\u010dn\u00e9 a v\u010dasn\u00e9 expedice.<\/p>\n<\/article><\/div>\n<\/div>\n<\/section>\n<section class=\"bg-white mb-0 w-full max-w-full' style='max-width: 100%; width: max-width: c1512\" style=\"max-width: 100%; width: 100%;\">\n<div class=\"container mx-auto px-6 py-20\">\n<h2 class=\"text-4xl font-semibold text-[#002255] mb-12 text-center font-['Inter']\"> Prezentace kl\u00ed\u010dov\u00e9ho za\u0159\u00edzen\u00ed a v\u00fdroby ZSCNC <\/h2>\n<div class=\"grid gap-16 lg:grid-cols-3 md:grid-cols-2 sm:grid-cols-1\">\n<article class=\"bg-white rounded-[0px] shadow-[0_4px_6px_rgba(0,0,0,0.1)] p-6 flex flex-col\">\n<h3 class=\"text-2xl font-bold text-[#002255] mb-4 font-['Inter']\"> Pokro\u010dil\u00e9 centrum CNC obr\u00e1b\u011bn\u00ed <\/h3>\n<p class=\"text-[#7f8c8d] flex-grow mb-6 font-system\"> P\u0159esn\u00e9 obr\u00e1b\u011bn\u00ed s nejmodern\u011bj\u0161\u00edmi CNC centry poskytuje v\u00fdjime\u010dnou p\u0159esnost. Na\u0161e za\u0159\u00edzen\u00ed zaji\u0161\u0165uje konzistentn\u00ed kvalitu slo\u017eit\u00fdch automobilov\u00fdch d\u00edl\u016f. <\/p>\n<\/article>\n<article class=\"bg-gray-50 rounded-[0px] shadow-[0_4px_6px_rgba(0,0,0,0.1)] p-6 flex flex-col\">\n<h3 class=\"text-2xl font-bold text-[#002255] mb-4 font-['Inter']\"> Prohl\u00eddka digit\u00e1ln\u00ed v\u00fdrobn\u00ed linky <\/h3>\n<p class=\"text-[#7f8c8d] flex-grow mb-6 font-system\"> Prozkoumejte na\u0161e pln\u011b integrovan\u00e9 v\u00fdrobn\u00ed prost\u0159ed\u00ed optimalizovan\u00e9 pro efektivitu a kontrolu kvality. Sledujte digit\u00e1ln\u00ed pracovn\u00ed postupy v akci. <\/p>\n<\/article>\n<article class=\"bg-white rounded-[0px] shadow-[0_4px_6px_rgba(0,0,0,0.1)] p-6 flex flex-col\">\n<h3 class=\"text-2xl font-bold text-[#002255] mb-4 font-['Inter']\"> Vybran\u00e9 pokro\u010dil\u00e9 za\u0159\u00edzen\u00ed <\/h3>\n<p class=\"text-[#7f8c8d] flex-grow mb-6 font-system\"> Zv\u00fdrazn\u011bn\u00ed na\u0161ich technologi\u00ed 5os\u00e9ho CNC a EDM. Navr\u017eeno pro v\u00fdrobu slo\u017eit\u00fdch geometrick\u00fdch tvar\u016f s p\u0159esnost\u00ed a opakovatelnost\u00ed. <\/p>\n<\/article><\/div>\n<\/p><\/div>\n<\/section>\n<section class=\"bg-white mb-0 w-full max-w-full' style='max-width: 100%; width: max-width: c1839\" style=\"max-width: 100%; width: 100%;\">\n<div class=\"container mx-auto px-6 py-20\">\n<h2 class=\"text-[#002255] text-3xl sm:text-4xl font-semibold mb-12 font-['Inter']\"> Videa produkt\u016f a aplikac\u00ed ZSCNC <\/h2>\n<\/div>\n<\/section>\n<section class=\"bg-white mb-0 max-w-full w-full' style='max-width: 100%; width: max-width: c1903\" style=\"max-width: 100%; width: 100%;\">\n<div class=\"container mx-auto px-6 py-20\">\n<h2 class=\"text-3xl font-semibold text-[#002255] text-center mb-14 font-['Inter']\">\u0158\u00edzen\u00ed jakosti a inspek\u010dn\u00ed \u0159e\u0161en\u00ed<\/h2>\n<div class=\"grid gap-16 lg:grid-cols-2 lg:items-center bg-gray-50 rounded-[0px] shadow-[0_4px_6px_rgba(0,0,0,0.1)] mb-20\">\n<div> <img decoding=\"async\" data-src=\"https:\/\/zscncparts.com\/wp-content\/uploads\/2025\/12\/inspection-equipment-operation-gae.webp\" alt=\"Obsluha inspek\u010dn\u00edho za\u0159\u00edzen\u00ed\" width=\"1280\" height=\"720\" class=\"rounded-[4px] shadow-[0_4px_6px_rgba(0,0,0,0.1)] w-full object-cover max-h-96 lazyload\" title=\"\" src=\"data:image\/svg+xml;base64,PHN2ZyB3aWR0aD0iMSIgaGVpZ2h0PSIxIiB4bWxucz0iaHR0cDovL3d3dy53My5vcmcvMjAwMC9zdmciPjwvc3ZnPg==\" style=\"--smush-placeholder-width: 1280px; --smush-placeholder-aspect-ratio: 1280\/720;\"> <\/div>\n<div>\n<h3 class=\"text-xl font-bold mb-3 text-[#002255] font-['Inter']\">Provoz inspek\u010dn\u00edho za\u0159\u00edzen\u00ed<\/h3>\n<p class=\"text-[#7f8c8d] mb-6 leading-relaxed font-system\"> Optimalizujte kvalitu v\u00fdrobk\u016f pomoc\u00ed vide\u00ed pokro\u010dil\u00e9ho inspek\u010dn\u00edho za\u0159\u00edzen\u00ed. Posilujte oper\u00e1tory, aby zajistili p\u0159esnost a shodu prost\u0159ednictv\u00edm jasn\u00e9ho vizu\u00e1ln\u00edho instruk\u010dn\u00edho materi\u00e1lu. <\/p>\n<p> <button type=\"button\" class=\"bg-gradient-to-bl from-[rgba(0,34,85,1)] to-[rgba(42,82,152,1)] text-white h-12 px-6 text-base rounded-[0px] flex items-center justify-center border-none cursor-pointer\"> Prozkoumejte n\u00e1vody na za\u0159\u00edzen\u00ed <\/button> <\/div>\n<\/p><\/div>\n<div class=\"mt-20 grid gap-16 lg:grid-cols-2 lg:items-center lg:grid-flow-col-dense bg-white rounded-[0px] shadow-[0_4px_6px_rgba(0,0,0,0.1)] mb-20\">\n<div class=\"lg:col-start-2\"> <img decoding=\"async\" data-src=\"https:\/\/zscncparts.com\/wp-content\/uploads\/2025\/12\/process-control-in-machining-ia1.webp\" alt=\"Proces \u0159\u00edzen\u00ed v obr\u00e1b\u011bn\u00ed\" width=\"800\" height=\"533\" class=\"rounded-[4px] shadow-[0_4px_6px_rgba(0,0,0,0.1)] w-full object-cover max-h-96 lazyload\" title=\"\" src=\"data:image\/svg+xml;base64,PHN2ZyB3aWR0aD0iMSIgaGVpZ2h0PSIxIiB4bWxucz0iaHR0cDovL3d3dy53My5vcmcvMjAwMC9zdmciPjwvc3ZnPg==\" style=\"--smush-placeholder-width: 800px; --smush-placeholder-aspect-ratio: 800\/533;\"> <\/div>\n<div class=\"lg:col-start-1\">\n<h3 class=\"text-xl font-bold mb-3 text-[#002255] font-['Inter']\">Videa pro \u0159\u00edzen\u00ed procesu<\/h3>\n<p class=\"text-[#7f8c8d] mb-6 leading-relaxed font-system\"> Udr\u017eujte konzistenci hlavn\u00edho procesu pomoc\u00ed krok za krokem \u0159\u00edzen\u00ed vide\u00ed. Sni\u017ete po\u010det vad a zlep\u0161ete pr\u016fchodnost \u0161kolen\u00edm t\u00fdm\u016f s ak\u010dn\u00edmi poznatky. <\/p>\n<p> <button type=\"button\" class=\"bg-gradient-to-bl from-[rgba(0,34,85,1)] to-[rgba(42,82,152,1)] text-white h-12 px-6 text-base rounded-[0px] flex items-center justify-center border-none cursor-pointer\"> Prohl\u00e9dn\u011bte si techniky \u0159\u00edzen\u00ed <\/button> <\/div>\n<\/p><\/div>\n<div class=\"mt-20 grid gap-16 lg:grid-cols-2 lg:items-center bg-gray-50 rounded-[0px] shadow-[0_4px_6px_rgba(0,0,0,0.1)]\">\n<div> <img decoding=\"async\" data-src=\"https:\/\/zscncparts.com\/wp-content\/uploads\/2025\/12\/traceability-process-in-manufacturing-isr.webp\" alt=\"Proces sledovatelnosti ve v\u00fdrob\u011b\" width=\"800\" height=\"449\" class=\"rounded-[4px] shadow-[0_4px_6px_rgba(0,0,0,0.1)] w-full object-cover max-h-96 lazyload\" title=\"\" src=\"data:image\/svg+xml;base64,PHN2ZyB3aWR0aD0iMSIgaGVpZ2h0PSIxIiB4bWxucz0iaHR0cDovL3d3dy53My5vcmcvMjAwMC9zdmciPjwvc3ZnPg==\" style=\"--smush-placeholder-width: 800px; --smush-placeholder-aspect-ratio: 800\/449;\"> <\/div>\n<div>\n<h3 class=\"text-xl font-bold mb-3 text-[#002255] font-['Inter']\">Sledovatelnost v akci<\/h3>\n<p class=\"text-[#7f8c8d] mb-6 leading-relaxed font-system\"> Implementujte protokoly sledovatelnosti s videi ukazuj\u00edc\u00edmi kroky akce. Sledujte ka\u017edou f\u00e1zi, abyste splnili regula\u010dn\u00ed normy a zajistili integritu produktu. <\/p>\n<p> <button type=\"button\" class=\"bg-gradient-to-bl from-[rgba(0,34,85,1)] to-[rgba(42,82,152,1)] text-white h-12 px-6 text-base rounded-[0px] flex items-center justify-center border-none cursor-pointer\"> Objevte pracovn\u00ed tok sledovatelnosti <\/button> <\/div>\n<\/p><\/div>\n<\/p><\/div>\n<\/section>\n<section class=\"bg-white mb-0 w-full max-w-full' style='max-width: 100%; width: max-width: c2523\" style=\"max-width: 100%; width: 100%;\">\n<div class=\"container mx-auto px-6 py-20\">\n<h2 class=\"text-3xl font-semibold text-[#002255] text-center mb-12 font-['Inter']\">Projektov\u00e9 z\u00e1kaznick\u00e9 a spolupracuj\u00edc\u00ed workflow<\/h2>\n<div class=\"grid gap-16 lg:grid-cols-2\">\n<div class=\"flex flex-col justify-center\">\n<h3 class=\"text-xl font-semibold text-[#002255] mb-4 font-['Inter']\">Workflow spolupr\u00e1ce na projektu<\/h3>\n<p class=\"text-[#7f8c8d] mb-6 leading-relaxed font-system\"> Za\u017eijte plynulou spolupr\u00e1ci prost\u0159ednictv\u00edm transparentn\u00edch pracovn\u00edch tok\u016f. Na\u0161e animovan\u00e1 a \u017eiv\u00e1 vysv\u011btluj\u00edc\u00ed videa objas\u0148uj\u00ed ka\u017edou f\u00e1zi projektu, optimalizuj\u00ed komunikaci a dod\u00e1vky. Dozv\u00edte se v\u00edce o na\u0161em v\u00fdrobn\u00edm procesu, abyste pochopili ka\u017ed\u00fd krok. <\/p>\n<h3 class=\"text-xl font-semibold text-[#002255] mb-4 font-['Inter']\">Mezin\u00e1rodn\u00ed partnerstv\u00ed se z\u00e1kazn\u00edky<\/h3>\n<p class=\"text-[#7f8c8d] mb-6 leading-relaxed font-system\"> Posilov\u00e1n\u00ed glob\u00e1ln\u00edch partnerstv\u00ed s v\u011bnovan\u00fdm video obsahem podrobn\u011b popisuj\u00edc\u00edm koordinaci, kontrolu kvality a kulturn\u00ed spolupr\u00e1ci. <\/p>\n<h3 class=\"text-xl font-semibold text-[#002255] mb-4 font-['Inter']\">P\u0159ehled poprodejn\u00ed a technick\u00e9 podpory<\/h3>\n<p class=\"text-[#7f8c8d] leading-relaxed font-system\"> Komplexn\u00ed podp\u016frn\u00e1 videa zaji\u0161\u0165uj\u00ed rychl\u00e9 \u0159e\u0161en\u00ed a technickou pomoc, zd\u016fraz\u0148uj\u00ed n\u00e1\u0161 z\u00e1vazek k \u00fasp\u011bchu z\u00e1kazn\u00edka po dod\u00e1n\u00ed. Dozv\u00edte se v\u00edce o na\u0161\u00ed filozofii z\u00e1kaznick\u00e9 podpory. <\/p>\n<\/p><\/div>\n<div class=\"relative w-full h-64 sm:h-80 md:h-96 lg:h-auto rounded-[4px] overflow-hidden shadow-[0_4px_6px_rgba(0,0,0,0.1)]\"> <img decoding=\"async\" data-src=\"https:\/\/zscncparts.com\/wp-content\/uploads\/2025\/12\/demonstration-of-precision-machining-with-advanced-digital-process-qtc.webp\" alt=\"Uk\u00e1zka p\u0159esn\u00e9ho obr\u00e1b\u011bn\u00ed s pokro\u010dil\u00fdm digit\u00e1ln\u00edm procesem\" class=\"object-cover w-full h-full rounded-[4px]&#039; loading=&#039;lazy lazyload\" title=\"\" src=\"data:image\/svg+xml;base64,PHN2ZyB3aWR0aD0iMSIgaGVpZ2h0PSIxIiB4bWxucz0iaHR0cDovL3d3dy53My5vcmcvMjAwMC9zdmciPjwvc3ZnPg==\" style=\"--smush-placeholder-width: 700px; --smush-placeholder-aspect-ratio: 700\/467;\"> <\/div>\n<\/p><\/div>\n<\/p><\/div>\n<\/section>\n<p><\/body><\/p>\n<p><!-- AIVB Required Assets -->\n<link rel=\"stylesheet\" href=\"https:\/\/cdn.jsdelivr.net\/npm\/tailwindcss@2.2.19\/dist\/tailwind.min.css\">\n<link rel=\"stylesheet\" id=\"aivb-fontawesome-css\" href=\"https:\/\/cdn.jsdelivr.net\/npm\/@fortawesome\/fontawesome-free@6.4.0\/css\/all.min.css?ver=6.4.0\" media=\"all\">\n<script src=\"https:\/\/cdn.tailwindcss.com\"><\/script><\/p>\n<style>\n#content { width: 100% !important;  max-width: 100% !important; }\n#content > div:first-child { width: 100% !important;  max-width: 100% !important; }\n.ast-container { width: 100% !important;  max-width: 100% !important; }\nmain#content { width: 100% !important; max-width: 100% !important; }\n.page-content { width: 100% !important; max-width: 100% !important; }\n.site-content .ast-container { display: block !important; }\n<\/style>","protected":false},"excerpt":{"rendered":"<p>Manufacturing Process Demonstration Videos CNC Machining Full Process Demonstration Explore a complete CNC machining workflow from setup to final product. [&hellip;]<\/p>","protected":false},"author":1,"featured_media":0,"parent":2534,"menu_order":0,"comment_status":"closed","ping_status":"closed","template":"","meta":{"_monsterinsights_skip_tracking":false,"_monsterinsights_sitenote_active":false,"_monsterinsights_sitenote_note":"","_monsterinsights_sitenote_category":0,"site-sidebar-layout":"no-sidebar","site-content-layout":"page-builder","ast-site-content-layout":"default","site-content-style":"unboxed","site-sidebar-style":"default","ast-global-header-display":"","ast-banner-title-visibility":"","ast-main-header-display":"","ast-hfb-above-header-display":"","ast-hfb-below-header-display":"","ast-hfb-mobile-header-display":"","site-post-title":"","ast-breadcrumbs-content":"","ast-featured-img":"","footer-sml-layout":"","theme-transparent-header-meta":"","adv-header-id-meta":"","stick-header-meta":"","header-above-stick-meta":"","header-main-stick-meta":"","header-below-stick-meta":"","astra-migrate-meta-layouts":"default","ast-page-background-enabled":"default","ast-page-background-meta":{"desktop":{"background-color":"var(--ast-global-color-5)","background-image":"","background-repeat":"repeat","background-position":"center center","background-size":"auto","background-attachment":"scroll","background-type":"","background-media":"","overlay-type":"","overlay-color":"","overlay-opacity":"","overlay-gradient":""},"tablet":{"background-color":"","background-image":"","background-repeat":"repeat","background-position":"center center","background-size":"auto","background-attachment":"scroll","background-type":"","background-media":"","overlay-type":"","overlay-color":"","overlay-opacity":"","overlay-gradient":""},"mobile":{"background-color":"","background-image":"","background-repeat":"repeat","background-position":"center center","background-size":"auto","background-attachment":"scroll","background-type":"","background-media":"","overlay-type":"","overlay-color":"","overlay-opacity":"","overlay-gradient":""}},"ast-content-background-meta":{"desktop":{"background-color":"var(--ast-global-color-4)","background-image":"","background-repeat":"repeat","background-position":"center center","background-size":"auto","background-attachment":"scroll","background-type":"","background-media":"","overlay-type":"","overlay-color":"","overlay-opacity":"","overlay-gradient":""},"tablet":{"background-color":"var(--ast-global-color-4)","background-image":"","background-repeat":"repeat","background-position":"center center","background-size":"auto","background-attachment":"scroll","background-type":"","background-media":"","overlay-type":"","overlay-color":"","overlay-opacity":"","overlay-gradient":""},"mobile":{"background-color":"var(--ast-global-color-4)","background-image":"","background-repeat":"repeat","background-position":"center center","background-size":"auto","background-attachment":"scroll","background-type":"","background-media":"","overlay-type":"","overlay-color":"","overlay-opacity":"","overlay-gradient":""}},"footnotes":""},"class_list":["post-2542","page","type-page","status-publish","hentry"],"_links":{"self":[{"href":"https:\/\/zscncparts.com\/cs\/wp-json\/wp\/v2\/pages\/2542","targetHints":{"allow":["GET"]}}],"collection":[{"href":"https:\/\/zscncparts.com\/cs\/wp-json\/wp\/v2\/pages"}],"about":[{"href":"https:\/\/zscncparts.com\/cs\/wp-json\/wp\/v2\/types\/page"}],"author":[{"embeddable":true,"href":"https:\/\/zscncparts.com\/cs\/wp-json\/wp\/v2\/users\/1"}],"replies":[{"embeddable":true,"href":"https:\/\/zscncparts.com\/cs\/wp-json\/wp\/v2\/comments?post=2542"}],"version-history":[{"count":0,"href":"https:\/\/zscncparts.com\/cs\/wp-json\/wp\/v2\/pages\/2542\/revisions"}],"up":[{"embeddable":true,"href":"https:\/\/zscncparts.com\/cs\/wp-json\/wp\/v2\/pages\/2534"}],"wp:attachment":[{"href":"https:\/\/zscncparts.com\/cs\/wp-json\/wp\/v2\/media?parent=2542"}],"curies":[{"name":"wp","href":"https:\/\/api.w.org\/{rel}","templated":true}]}}