{"id":2534,"date":"2025-11-30T23:44:59","date_gmt":"2025-11-30T15:44:59","guid":{"rendered":"https:\/\/zscncparts.com\/?page_id=2534"},"modified":"2025-12-07T16:25:16","modified_gmt":"2025-12-07T08:25:16","slug":"resources","status":"publish","type":"page","link":"https:\/\/zscncparts.com\/cs\/resources\/","title":{"rendered":"Zdroje"},"content":{"rendered":"<style>* { box-sizing: border-box; } body {margin: 0;}*{box-sizing:border-box;}body{margin-top:0px;margin-right:0px;margin-bottom:0px;margin-left:0px;}#content > div:first-child{width:100% !important;max-width:100% !important;}main#content{width:100% !important;max-width:100% !important;}.site-content .ast-container{display:block !important;}.c2665{max-width:100%;width:100%;}.c906{max-width:100%;width:100%;}.c1098{max-width:100%;width:100%;}.c1509{max-width:100%;width:100%;}.c2004{max-width:100%;width:100%;}.c3175{max-width:100%;width:100%;}.c4134{max-width:100%;width:100%;}<\/style>\n<p><body><\/p>\n<section class=\"relative bg-[#ffffff] bg-[url('https:\/\/zscncparts.com\/wp-content\/uploads\/2025\/12\/industrial-robotic-arm-automating-manufacturing-process-sow.webp')] bg-center bg-no-repeat bg-cover md:bg-contain lg:bg-cover min-h-[336px] sm:min-h-[420px] lg:min-h-[504px] mb-0 w-full max-w-full c906\" style=\"max-width: 100%; width: 100%;\">\n<div class=\"absolute inset-0 bg-[#002255] bg-opacity-60\"><\/div>\n<div class=\"relative z-10 max-w-7xl mx-auto px-6 py-20 flex flex-col justify-center h-full text-white sm:py-28 lg:py-32 container\">\n<h1 class=\"text-3xl sm:text-4xl lg:text-5xl font-extrabold leading-tight max-w-3xl drop-shadow-md font-['Inter'] !text-[#ffffff]\">\n      Centrum znalost\u00ed CNC obr\u00e1b\u011bn\u00ed<br \/>\n    <\/h1>\n<p class=\"mt-4 text-lg sm:text-xl max-w-2xl leading-relaxed drop-shadow-md font-sans\">\n      Podpo\u0159te inovace ve v\u00fdrob\u011b d\u00edky na\u0161im hlubok\u00fdm poznatk\u016fm a vybran\u00fdm znalostem. Posilte rozhodov\u00e1n\u00ed, zlep\u0161ete pl\u00e1nov\u00e1n\u00ed proces\u016f a urychlete pr\u016fmyslovou automatizaci.\n    <\/p>\n<\/div>\n<\/section>\n<section class=\"bg-white text-[#2c3e50] mb-0 w-full max-w-full' style='max-width: 100%; width: max-width: c1098\" style=\"max-width: 100%; width: 100%;\">\n<div class=\"container mx-auto px-6 py-20\">\n<h2 class=\"text-3xl font-semibold text-[#002255] mb-12 text-center md:text-left font-['Inter']\">ZSCNC P\u0159ehled zdroj\u016f a poznatky z oboru<\/h2>\n<div class=\"grid grid-cols-1 lg:grid-cols-2 gap-16 items-center\">\n<div>\n<h3 class=\"text-xl font-semibold text-[#002255] mb-4 font-['Inter']\">Komplexn\u00ed kategorizace zdroj\u016f<\/h3>\n<p class=\"mb-6 leading-relaxed font-system\"> P\u0159istupujte ke strukturovan\u00e9 knihovn\u011b pr\u016fmyslov\u011b specifick\u00fdch a technick\u00fdch zdroj\u016f, kter\u00e9 zjednodu\u0161uj\u00ed rozhodov\u00e1n\u00ed a zvy\u0161uj\u00ed provozn\u00ed efektivitu. <\/p>\n<h3 class=\"text-xl font-semibold text-[#002255] mb-4 font-['Inter']\">Odborn\u00e9 poznatky z oboru a technick\u00e9 poznatky<\/h3>\n<p class=\"mb-6 leading-relaxed font-system\"> Z\u00edskejte praktick\u00e9 znalosti z hloubkov\u00fdch technick\u00fdch anal\u00fdz a tr\u017en\u00edch trend\u016f \u0161it\u00fdch na m\u00edru pokro\u010dil\u00fdm v\u00fdrobn\u00edm odv\u011btv\u00edm. <\/p>\n<h3 class=\"text-xl font-semibold text-[#002255] mb-4 font-['Inter']\">R\u00e1mec pro \u0159\u00edzen\u00fd proces a ot\u00e1zky<\/h3>\n<p class=\"mb-6 leading-relaxed font-system\"> Proch\u00e1zejte slo\u017eit\u00e9 v\u00fdrobn\u00ed pracovn\u00ed postupy krok za krokem, optimalizujte provozn\u00ed v\u00fdsledky a zm\u00edr\u0148ujte rizika. <\/p>\n<h3 class=\"text-xl font-semibold text-[#002255] mb-4 font-['Inter']\">Vizu\u00e1ln\u00ed uk\u00e1zky a prezentace schopnost\u00ed z\u00e1vodu<\/h3>\n<p class=\"leading-relaxed font-system\"> Prozkoumejte sn\u00edmky ve vysok\u00e9m rozli\u0161en\u00ed a uk\u00e1zky ilustruj\u00edc\u00ed \u0161pi\u010dkov\u00e9 schopnosti z\u00e1vodu a automatizovan\u00e9 procesy. <\/p>\n<\/p><\/div>\n<div> <img decoding=\"async\" data-src=\"https:\/\/zscncparts.com\/wp-content\/uploads\/2025\/12\/industrial-robotic-arm-automating-manufacturing-process-sow.webp\" alt=\"Pr\u016fmyslov\u00e1 robotick\u00e1 ramena automatizuj\u00edc\u00ed v\u00fdrobn\u00ed proces\" class=\"w-full rounded-[4px] shadow-[0_4px_6px_rgba(0,0,0,0.1)] object-cover max-h-[480px]&#039; loading=&#039;lazy&#039; width=&#039;1742&#039; height=&#039;980 lazyload\" title=\"\" src=\"data:image\/svg+xml;base64,PHN2ZyB3aWR0aD0iMSIgaGVpZ2h0PSIxIiB4bWxucz0iaHR0cDovL3d3dy53My5vcmcvMjAwMC9zdmciPjwvc3ZnPg==\" style=\"--smush-placeholder-width: 1000px; --smush-placeholder-aspect-ratio: 1000\/563;\"> <\/div>\n<\/p><\/div>\n<\/p><\/div>\n<\/section>\n<section class=\"bg-gray-50 mb-0 w-full' style='max-width: 100%; width: max-width: c1509\" style=\"max-width: 100%; width: 100%;\">\n<div class=\"container mx-auto px-6 py-20\">\n<h2 class=\"text-4xl font-semibold text-[#002255] mb-12 text-center font-['Inter']\">Hloubkov\u00e9 poznatky a odborn\u00e9 znalosti z oboru<\/h2>\n<div class=\"space-y-8 lg:space-y-0 lg:grid lg:grid-cols-2 lg:gap-8\">\n<article class=\"flex flex-col lg:flex-row bg-white rounded-[0px] shadow-md overflow-hidden\">\n<div class=\"p-4 flex flex-col justify-center\">\n<h3 class=\"text-xl font-bold text-[#002255] mb-2 font-['Inter']\">V\u00fdb\u011br procesu obr\u00e1b\u011bn\u00ed a p\u0159esn\u00e9 \u0159\u00edzen\u00ed<\/h3>\n<p class=\"text-[#7f8c8d] leading-relaxed font-system-ui text-sm\">\n                Optimalizujte v\u00fdsledky v\u00fdroby pomoc\u00ed pokro\u010dil\u00fdch <a href=\"\/cs\/services\/cnc-machining\/\" class=\"text-[#f46b45] hover:underline font-semibold\">obr\u00e1b\u011bc\u00edch<\/a> strategi\u00ed. Na\u0161e odbornost zaji\u0161\u0165uje p\u0159esn\u00fd v\u00fdb\u011br procesu pro nejvy\u0161\u0161\u00ed kvalitu.\n            <\/p>\n<\/div>\n<\/article>\n<article class=\"flex flex-col lg:flex-row-reverse bg-gray-50 rounded-[0px] shadow-md overflow-hidden\">\n<div class=\"p-4 flex flex-col justify-center\">\n<h3 class=\"text-xl font-bold text-[#002255] mb-2 font-['Inter']\">Standardy kvality a dod\u00e1vek pro mezin\u00e1rodn\u00ed projekty<\/h3>\n<p class=\"text-[#7f8c8d] leading-relaxed font-system-ui text-sm\">\n                Dodr\u017eujeme p\u0159\u00edsn\u00e9 kontroly kvality a spolehliv\u00e9 dodac\u00ed lh\u016fty, \u010d\u00edm\u017e zaji\u0161\u0165ujeme shodu s glob\u00e1ln\u00edmi standardy pro va\u0161e mezin\u00e1rodn\u00ed v\u00fdrobn\u00ed pot\u0159eby.\n            <\/p>\n<\/div>\n<\/article>\n<article class=\"flex flex-col lg:flex-row bg-white rounded-[0px] shadow-md overflow-hidden\">\n<div class=\"p-4 flex flex-col justify-center\">\n<h3 class=\"text-xl font-bold text-[#002255] mb-2 font-['Inter']\">Spolupr\u00e1ce na konstruk\u010dn\u00edm n\u00e1vrhu pro vyrobitelnost<\/h3>\n<p class=\"text-[#7f8c8d] leading-relaxed font-system-ui text-sm\">\n                Na\u0161e in\u017een\u00fdrsk\u00e9 t\u00fdmy \u00fazce spolupracuj\u00ed s klienty na slad\u011bn\u00ed konstruk\u010dn\u00edch n\u00e1vrh\u016f s optim\u00e1ln\u00ed vyrobitelnost\u00ed, sni\u017euj\u00ed n\u00e1klady a zlep\u0161uj\u00ed v\u00fdkonnost produktu.\n            <\/p>\n<\/div>\n<\/article>\n<article class=\"flex flex-col lg:flex-row-reverse bg-gray-50 rounded-[0px] shadow-md overflow-hidden\">\n<div class=\"p-4 flex flex-col justify-center\">\n<h3 class=\"text-xl font-bold text-[#002255] mb-2 font-['Inter']\">Zku\u0161enosti s prototypov\u00fdmi s\u00e9riemi a \u0161k\u00e1lov\u00e1n\u00edm v\u00fdroby<\/h3>\n<p class=\"text-[#7f8c8d] leading-relaxed font-system-ui text-sm\">\n                Od po\u010d\u00e1te\u010dn\u00edch prototypov\u00fdch test\u016f po v\u00fdrobu na plnou kapacitu zaji\u0161\u0165ujeme plynul\u00e9 p\u0159echody s konzistentn\u00ed kvalitou a efektivitou v <a href=\"\/cs\/services\/cnc-machining\/milling\/\" class=\"text-[#f46b45] hover:underline font-semibold\">fr\u00e9zov\u00e1n\u00ed<\/a> a <a href=\"\/cs\/services\/cnc-machining\/turning\/\" class=\"text-[#f46b45] hover:underline font-semibold\">soustru\u017een\u00ed<\/a>.\n            <\/p>\n<\/div>\n<\/article>\n<\/div>\n<footer class=\"mt-16 text-center text-[#002255] font-semibold font-['Inter']\">\n<p>ZSCNC \u2013 Dod\u00e1v\u00e1me p\u0159esnost. Poh\u00e1n\u00edme inovace.<\/p>\n<\/footer><\/div>\n<\/section>\n<section class=\"bg-white mb-0 w-full' style='max-width: 100%; width: max-width: c2004\" style=\"max-width: 100%; width: 100%;\">\n<div class=\"container mx-auto px-6 py-20\">\n<h2 class=\"text-4xl font-semibold text-[#002255] mb-12 text-center font-['Inter']\">Pr\u016fvodce spoluprac\u00ed a procesy ZSCNC<\/h2>\n<div class=\"space-y-20 lg:space-y-0 lg:grid lg:grid-cols-2 lg:gap-x-16\">\n<article class=\"flex flex-col justify-between bg-gray-50 p-6 shadow-[0_4px_6px_rgba(0,0,0,0.1)] rounded-[0px]\">\n<div>\n<h3 class=\"text-2xl font-bold text-[#002255] mb-4 font-['Inter']\">Zah\u00e1jen\u00ed projektu a nab\u00eddka<\/h3>\n<p class=\"text-[#7f8c8d] mb-6 font-system\"> Up\u0159es\u0148ujeme va\u0161e pot\u0159eby projektu, poskytujeme p\u0159esn\u00e9 nab\u00eddky a stanovujeme jasn\u00e1 o\u010dek\u00e1v\u00e1n\u00ed ohledn\u011b n\u00e1klad\u016f a \u010dasov\u00e9ho pl\u00e1nu, co\u017e zaji\u0161\u0165uje hladk\u00fd <a href=\"\/cs\/about\/manufacturing-process\/\" class=\"text-[#f46b45] hover:underline font-semibold\">v\u00fdrobn\u00ed proces<\/a>. <\/p>\n<\/div>\n<\/article>\n<article class=\"flex flex-col justify-between lg:pt-12 bg-white p-6 shadow-[0_4px_6px_rgba(0,0,0,0.1)] rounded-[0px]\">\n<div>\n<h3 class=\"text-2xl font-bold text-[#002255] mb-4 font-['Inter']\">Revize procesu a prototypov\u00e1n\u00ed<\/h3>\n<p class=\"text-[#7f8c8d] mb-6 font-system\"> N\u00e1\u0161 t\u00fdm d\u016fsledn\u011b p\u0159ezkoum\u00e1 proces a vytvo\u0159\u00ed <a href=\"\/cs\/services\/fabrication\/rapid-prototyping\/\" class=\"text-[#f46b45] hover:underline font-semibold\">prototypy<\/a> za \u00fa\u010delem zaji\u0161t\u011bn\u00ed p\u0159esnosti a kvality produktu. <\/p>\n<\/div>\n<\/article>\n<article class=\"flex flex-col justify-between lg:pt-12 bg-gray-50 p-6 shadow-[0_4px_6px_rgba(0,0,0,0.1)] rounded-[0px]\">\n<div>\n<h3 class=\"text-2xl font-bold text-[#002255] mb-4 font-['Inter']\">Dohled nad v\u00fdrobou a kvalitou<\/h3>\n<p class=\"text-[#7f8c8d] mb-6 font-system\"> Nep\u0159etr\u017eit\u00e9 sledov\u00e1n\u00ed a inspekce zaji\u0161\u0165uj\u00ed <a href=\"\/cs\/about\/quality-control\/\" class=\"text-[#f46b45] hover:underline font-semibold\">vysoce kvalitn\u00ed<\/a> v\u00fdstup, kter\u00fd odpov\u00edd\u00e1 va\u0161im specifikac\u00edm. <\/p>\n<\/div>\n<\/article>\n<article class=\"flex flex-col justify-between lg:pt-12 bg-white p-6 shadow-[0_4px_6px_rgba(0,0,0,0.1)] rounded-[0px]\">\n<div>\n<h3 class=\"text-2xl font-bold text-[#002255] mb-4 font-['Inter']\">Balen\u00ed, doprava a podpora po prodeji<\/h3>\n<p class=\"text-[#7f8c8d] mb-6 font-system\"> Spolehliv\u00e9 balen\u00ed a rychl\u00e1 doprava chr\u00e1n\u00ed va\u0161i objedn\u00e1vku, nav\u00edc pr\u016fb\u011b\u017en\u00e1 podpora zaji\u0161\u0165uje spokojenost. <\/p>\n<\/div>\n<\/article>\n<section aria-labelledby=\"faq-heading\" class=\"lg:col-span-2 mt-20 bg-gray-50 p-6 shadow-[0_4px_6px_rgba(0,0,0,0.1)] rounded-[0px] mb-0 c2665\" style=\"max-width: 100%; width: 100%;\">\n<h3 id=\"faq-heading\" class=\"text-3xl font-extrabold text-[#002255] mb-10 text-center font-['Inter']\">\u010casto kladen\u00e9 ot\u00e1zky<\/h3>\n<p class=\"text-[#7f8c8d] mb-6 font-system text-center\">Najd\u011bte odpov\u011bdi na b\u011b\u017en\u00e9 dotazy v na\u0161\u00ed <a href=\"\/cs\/resources\/faq\/\" class=\"text-[#f46b45] hover:underline font-semibold\">sekci FAQ<\/a>.<\/p>\n<dl class=\"max-w-4xl mx-auto space-y-8\">\n<div>\n<dt class=\"font-semibold text-[#002255] text-lg mb-2 font-['Inter']\">Jak za\u010d\u00edt projekt s ZSCNC?<\/dt>\n<dd class=\"text-[#7f8c8d] font-system\"> Kontaktujte n\u00e1s, abychom prodiskutovali va\u0161e po\u017eadavky a obdr\u017eeli podrobnou nab\u00eddku p\u0159izp\u016fsobenou va\u0161im pot\u0159eb\u00e1m. <\/dd>\n<\/p><\/div>\n<div>\n<dt class=\"font-semibold text-[#002255] text-lg mb-2 font-['Inter']\">Jak\u00fd je proces prototypov\u00e1n\u00ed?<\/dt>\n<dd class=\"text-[#7f8c8d] font-system\"> Vytv\u00e1\u0159\u00edme prototypy na z\u00e1klad\u011b va\u0161ich n\u00e1vrh\u016f, abychom ov\u011b\u0159ili p\u0159esnost a funk\u010dnost p\u0159ed plnou v\u00fdrobou. <\/dd>\n<\/p><\/div>\n<div>\n<dt class=\"font-semibold text-[#002255] text-lg mb-2 font-['Inter']\">Jak zaji\u0161\u0165ujete kvalitu v\u00fdroby?<\/dt>\n<dd class=\"text-[#7f8c8d] font-system\"> N\u00e1\u0161 t\u00fdm kvality nep\u0159etr\u017eit\u011b sleduje v\u00fdrobu a prov\u00e1d\u00ed inspekce v ka\u017ed\u00e9 f\u00e1zi. <\/dd>\n<\/p><\/div>\n<div>\n<dt class=\"font-semibold text-[#002255] text-lg mb-2 font-['Inter']\">Jak\u00e9 jsou va\u0161e z\u00e1sady dopravy a podpory?<\/dt>\n<dd class=\"text-[#7f8c8d] font-system\"> Nab\u00edz\u00edme bezpe\u010dn\u00e9 balen\u00ed, v\u010dasn\u00e9 doru\u010den\u00ed a v\u011bnovanou poprodejn\u00ed podporu v\u0161em klient\u016fm. <\/dd>\n<\/p><\/div>\n<\/dl>\n<\/section><\/div>\n<\/p><\/div>\n<\/section>\n<section class=\"bg-gray-50 mb-0 w-full max-w-full' style='max-width: 100%; width: max-width: c3175\" style=\"max-width: 100%; width: 100%;\">\n<div class=\"container mx-auto px-6 py-20\">\n<h2 class=\"text-4xl font-semibold text-[#002255] mb-12 text-center font-['Inter']\">Demonstrace procesu a schopnost\u00ed ZSCNC<\/h2>\n<div class=\"grid gap-16 lg:grid-cols-2 items-center\">\n<div>\n<h3 class=\"text-2xl font-semibold text-[#002255] mb-4 font-['Inter']\">Kl\u00ed\u010dov\u00e9 obr\u00e1b\u011bc\u00ed procesy a pracovn\u00ed postupy<\/h3>\n<p class=\"text-[#2c3e50] mb-6 leading-relaxed font-system\"> Prozkoumejte pracovn\u00ed tok p\u0159esn\u00e9ho obr\u00e1b\u011bn\u00ed ZSCNC, kter\u00fd zaji\u0161\u0165uje konzistenci, p\u0159esnost a efektivitu. Na\u0161e zjednodu\u0161en\u00e9 procesy sni\u017euj\u00ed dobu dod\u00e1n\u00ed bez kompromis\u016f v kvalit\u011b. <\/p>\n<div class=\"space-y-4\">\n<p class=\"text-sm text-[#7f8c8d]\">Uk\u00e1zka pracovn\u00edho postupu s v\u00edceos\u00fdm CNC soustruhem.<\/p>\n<\/p><\/div>\n<\/p><\/div>\n<div> <img decoding=\"async\" data-src=\"https:\/\/zscncparts.com\/wp-content\/uploads\/2025\/12\/precision-cnc-machined-oil-gas-components-6me.webp\" alt=\"Proces CNC obr\u00e1b\u011bn\u00ed v akci\" width=\"768\" height=\"513\" class=\"rounded-[4px] shadow-lg w-full object-cover lazyload\" title=\"\" src=\"data:image\/svg+xml;base64,PHN2ZyB3aWR0aD0iMSIgaGVpZ2h0PSIxIiB4bWxucz0iaHR0cDovL3d3dy53My5vcmcvMjAwMC9zdmciPjwvc3ZnPg==\" style=\"--smush-placeholder-width: 768px; --smush-placeholder-aspect-ratio: 768\/513;\"> <\/div>\n<\/p><\/div>\n<div class=\"mt-20\">\n<h3 class=\"text-2xl font-semibold text-[#002255] mb-8 text-center font-['Inter']\">Typick\u00e9 d\u00edly a aplika\u010dn\u00ed sc\u00e9n\u00e1\u0159e<\/h3>\n<div class=\"grid gap-10 sm:grid-cols-2 lg:grid-cols-3\">\n<div class=\"bg-white rounded-[0px] shadow-lg p-6 flex flex-col items-center text-center\"> <img decoding=\"async\" data-src=\"https:\/\/zscncparts.com\/wp-content\/uploads\/2025\/12\/complex-mechanical-component-manufacturing-qtx.webp\" alt=\"V\u00fdroba slo\u017eit\u00fdch mechanick\u00fdch sou\u010d\u00e1st\u00ed\" width=\"800\" height=\"449\" class=\"mb-4 rounded-[4px] object-cover w-full lazyload\" title=\"\" src=\"data:image\/svg+xml;base64,PHN2ZyB3aWR0aD0iMSIgaGVpZ2h0PSIxIiB4bWxucz0iaHR0cDovL3d3dy53My5vcmcvMjAwMC9zdmciPjwvc3ZnPg==\" style=\"--smush-placeholder-width: 800px; --smush-placeholder-aspect-ratio: 800\/449;\"> <\/p>\n<h4 class=\"text-lg font-semibold text-[#002255] mb-2 font-['Inter']\">Slo\u017eit\u011bj\u0161\u00ed mechanick\u00e9 sou\u010d\u00e1stky<\/h4>\n<p class=\"text-[#7f8c8d] text-sm font-system\">Vysoce p\u0159esn\u00e1 v\u00fdroba pro leteck\u00fd a automobilov\u00fd pr\u016fmysl.<\/p>\n<\/p><\/div>\n<div class=\"bg-gray-50 rounded-[0px] shadow-lg p-6 flex flex-col items-center text-center\"> <img decoding=\"async\" data-src=\"https:\/\/zscncparts.com\/wp-content\/uploads\/2025\/12\/engineering-design-and-manufacturing-udf.webp\" alt=\"Strojn\u00ed n\u00e1vrh a v\u00fdroba\" width=\"626\" height=\"417\" class=\"mb-4 rounded-[4px] object-cover w-full lazyload\" title=\"\" src=\"data:image\/svg+xml;base64,PHN2ZyB3aWR0aD0iMSIgaGVpZ2h0PSIxIiB4bWxucz0iaHR0cDovL3d3dy53My5vcmcvMjAwMC9zdmciPjwvc3ZnPg==\" style=\"--smush-placeholder-width: 626px; --smush-placeholder-aspect-ratio: 626\/417;\"> <\/p>\n<h4 class=\"text-lg font-semibold text-[#002255] mb-2 font-['Inter']\">Sou\u010d\u00e1sti p\u0159esn\u00e9ho in\u017een\u00fdrstv\u00ed<\/h4>\n<p class=\"text-[#7f8c8d] text-sm font-system\">Na m\u00edru \u0161it\u00e9 \u0159e\u0161en\u00ed podporuj\u00edc\u00ed f\u00e1ze v\u00fdzkumu a v\u00fdvoje a prototypov\u00e1n\u00ed.<\/p>\n<\/p><\/div>\n<div class=\"bg-white rounded-[0px] shadow-lg p-6 flex flex-col items-center text-center\"> <img decoding=\"async\" data-src=\"https:\/\/zscncparts.com\/wp-content\/uploads\/2025\/12\/metalworking-and-turning-process-jww.webp\" alt=\"Kovov\u00fdroba a obr\u00e1b\u011bn\u00ed na soustruhu\" width=\"1300\" height=\"1012\" class=\"mb-4 rounded-[4px] object-cover w-full lazyload\" title=\"\" src=\"data:image\/svg+xml;base64,PHN2ZyB3aWR0aD0iMSIgaGVpZ2h0PSIxIiB4bWxucz0iaHR0cDovL3d3dy53My5vcmcvMjAwMC9zdmciPjwvc3ZnPg==\" style=\"--smush-placeholder-width: 1300px; --smush-placeholder-aspect-ratio: 1300\/1012;\"> <\/p>\n<h4 class=\"text-lg font-semibold text-[#002255] mb-2 font-['Inter']\">Kovoobr\u00e1b\u011bn\u00ed a soustru\u017een\u00ed<\/h4>\n<p class=\"text-[#7f8c8d] text-sm font-system\">D\u016fv\u011bryhodn\u00e9 pro v\u00fdrobu kovov\u00fdch komponent\u016f pr\u016fmyslov\u00e9 t\u0159\u00eddy.<\/p>\n<\/p><\/div>\n<\/p><\/div>\n<\/p><\/div>\n<\/p><\/div>\n<\/section>\n<section class=\"bg-white mb-0 max-w-full w-full' style='max-width: 100%; width: max-width: c4134\" style=\"max-width: 100%; width: 100%;\">\n<div class=\"container mx-auto px-6 py-20\">\n<h2 class=\"text-4xl font-semibold text-[#002255] max-w-4xl mx-auto text-center mb-16 font-inter\"> Modul aktualizac\u00ed a zapojen\u00ed z\u00e1kazn\u00edk\u016f <\/h2>\n<div class=\"grid grid-cols-1 lg:grid-cols-2 gap-16 items-center max-w-7xl mx-auto\">\n<div class=\"space-y-8\">\n<article>\n<h3 class=\"text-2xl font-bold text-[#002255] mb-3 font-inter\"> Nep\u0159etr\u017eit\u00e9 aktualizace zdroj\u016f <\/h3>\n<p class=\"text-[#7f8c8d] leading-relaxed font-sans\"> Zajist\u011bte, aby v\u00e1\u0161 t\u00fdm m\u011bl v\u017edy p\u0159\u00edstup k nejnov\u011bj\u0161\u00edm pr\u016fmyslov\u00fdm poznatk\u016fm a technologi\u00edm prost\u0159ednictv\u00edm bezprobl\u00e9mov\u00fdch automatick\u00fdch aktualizac\u00ed. <\/p>\n<\/article>\n<article>\n<h3 class=\"text-2xl font-bold text-[#002255] mb-3 font-inter\"> N\u00e1vrhy t\u00e9mat pro z\u00e1kazn\u00edky a zp\u011btn\u00e1 vazba <\/h3>\n<p class=\"text-[#7f8c8d] leading-relaxed font-sans\"> Posilte z\u00e1kazn\u00edky, aby navrhovali t\u00e9mata a poskytovali zp\u011btnou vazbu, \u010d\u00edm\u017e vytvo\u0159\u00edte dynamick\u00fd dialog, kter\u00fd poh\u00e1n\u00ed zlep\u0161en\u00ed produkt\u016f a slu\u017eeb. V\u00edce o na\u0161em p\u0159\u00edstupu k zapojen\u00ed z\u00e1kazn\u00edk\u016f na str\u00e1nce o n\u00e1s. <\/p>\n<\/article>\n<article>\n<h3 class=\"text-2xl font-bold text-[#002255] mb-3 font-inter\"> Evolu\u010dn\u00ed Centrum znalost\u00ed a zam\u011b\u0159en\u00ed na partnerstv\u00ed <\/h3>\n<p class=\"text-[#7f8c8d] leading-relaxed font-sans\"> Spolupracujte s partnery na neust\u00e1l\u00e9m roz\u0161i\u0159ov\u00e1n\u00ed a zdokonalov\u00e1n\u00ed centra znalost\u00ed, podporuj\u00edc\u00ed kulturu inovac\u00ed a sd\u00edlen\u00e9ho r\u016fstu. <\/p>\n<\/article>\n<p> <a href=\"https:\/\/zscncparts.com\/cs\/request-quote\/\" aria-label=\"Zjist\u011bte v\u00edce o aktualizac\u00edch a zapojen\u00ed ZSCNC\"><button type=\"button\" class=\"bg-gradient-to-tr from-[#002255] to-[#2a5298] text-white h-12 px-6 text-base rounded-[0px] flex items-center justify-center border-none cursor-pointer mt-6\">Prozkoumejte ZSCNC \u0159e\u0161en\u00ed<\/button><\/a> <\/div>\n<div> <img decoding=\"async\" data-src=\"https:\/\/zscncparts.com\/wp-content\/uploads\/2025\/12\/knowledge-graph-fusion-illustrating-advanced-manufacturing-planning-xic.webp\" alt=\"F\u00faze znalostn\u00edho grafu ilustruj\u00edc\u00ed pokro\u010dil\u00e9 pl\u00e1nov\u00e1n\u00ed v\u00fdroby\" class=\"w-full h-auto rounded-[4px] shadow-[0_4px_6px_rgba(0,0,0,0.1)]&#039; width=&#039;940&#039; height=&#039;590&#039; loading=&#039;lazy&#039; decoding=&#039;async lazyload\" title=\"\" src=\"data:image\/svg+xml;base64,PHN2ZyB3aWR0aD0iMSIgaGVpZ2h0PSIxIiB4bWxucz0iaHR0cDovL3d3dy53My5vcmcvMjAwMC9zdmciPjwvc3ZnPg==\" style=\"--smush-placeholder-width: 1536px; --smush-placeholder-aspect-ratio: 1536\/1026;\"> <\/div>\n<\/p><\/div>\n<\/p><\/div>\n<\/section>\n<p><\/body><\/p>\n<p><!-- AIVB Required Assets -->\n<link rel=\"stylesheet\" href=\"https:\/\/cdn.jsdelivr.net\/npm\/tailwindcss@2.2.19\/dist\/tailwind.min.css\">\n<link rel=\"stylesheet\" id=\"aivb-fontawesome-css\" href=\"https:\/\/cdn.jsdelivr.net\/npm\/@fortawesome\/fontawesome-free@6.4.0\/css\/all.min.css?ver=6.4.0\" media=\"all\">\n<script src=\"https:\/\/cdn.tailwindcss.com\"><\/script><\/p>\n<style>\n#content { width: 100% !important;  max-width: 100% !important; }\n#content > div:first-child { width: 100% !important;  max-width: 100% !important; }\n.ast-container { width: 100% !important;  max-width: 100% !important; }\nmain#content { width: 100% !important; max-width: 100% !important; }\n.page-content { width: 100% !important; max-width: 100% !important; }\n.site-content .ast-container { display: block !important; }\n<\/style>","protected":false},"excerpt":{"rendered":"<p>CNC Machining Knowledge Center Drive manufacturing innovation with our deep insights and curated knowledge. Empower decisions, enhance process planning, and [&hellip;]<\/p>","protected":false},"author":1,"featured_media":0,"parent":0,"menu_order":0,"comment_status":"closed","ping_status":"closed","template":"","meta":{"_monsterinsights_skip_tracking":false,"_monsterinsights_sitenote_active":false,"_monsterinsights_sitenote_note":"","_monsterinsights_sitenote_category":0,"site-sidebar-layout":"no-sidebar","site-content-layout":"page-builder","ast-site-content-layout":"default","site-content-style":"unboxed","site-sidebar-style":"default","ast-global-header-display":"","ast-banner-title-visibility":"","ast-main-header-display":"","ast-hfb-above-header-display":"","ast-hfb-below-header-display":"","ast-hfb-mobile-header-display":"","site-post-title":"","ast-breadcrumbs-content":"","ast-featured-img":"","footer-sml-layout":"","theme-transparent-header-meta":"","adv-header-id-meta":"","stick-header-meta":"","header-above-stick-meta":"","header-main-stick-meta":"","header-below-stick-meta":"","astra-migrate-meta-layouts":"default","ast-page-background-enabled":"default","ast-page-background-meta":{"desktop":{"background-color":"var(--ast-global-color-5)","background-image":"","background-repeat":"repeat","background-position":"center center","background-size":"auto","background-attachment":"scroll","background-type":"","background-media":"","overlay-type":"","overlay-color":"","overlay-opacity":"","overlay-gradient":""},"tablet":{"background-color":"","background-image":"","background-repeat":"repeat","background-position":"center center","background-size":"auto","background-attachment":"scroll","background-type":"","background-media":"","overlay-type":"","overlay-color":"","overlay-opacity":"","overlay-gradient":""},"mobile":{"background-color":"","background-image":"","background-repeat":"repeat","background-position":"center center","background-size":"auto","background-attachment":"scroll","background-type":"","background-media":"","overlay-type":"","overlay-color":"","overlay-opacity":"","overlay-gradient":""}},"ast-content-background-meta":{"desktop":{"background-color":"var(--ast-global-color-4)","background-image":"","background-repeat":"repeat","background-position":"center center","background-size":"auto","background-attachment":"scroll","background-type":"","background-media":"","overlay-type":"","overlay-color":"","overlay-opacity":"","overlay-gradient":""},"tablet":{"background-color":"var(--ast-global-color-4)","background-image":"","background-repeat":"repeat","background-position":"center center","background-size":"auto","background-attachment":"scroll","background-type":"","background-media":"","overlay-type":"","overlay-color":"","overlay-opacity":"","overlay-gradient":""},"mobile":{"background-color":"var(--ast-global-color-4)","background-image":"","background-repeat":"repeat","background-position":"center center","background-size":"auto","background-attachment":"scroll","background-type":"","background-media":"","overlay-type":"","overlay-color":"","overlay-opacity":"","overlay-gradient":""}},"footnotes":""},"class_list":["post-2534","page","type-page","status-publish","hentry"],"_links":{"self":[{"href":"https:\/\/zscncparts.com\/cs\/wp-json\/wp\/v2\/pages\/2534","targetHints":{"allow":["GET"]}}],"collection":[{"href":"https:\/\/zscncparts.com\/cs\/wp-json\/wp\/v2\/pages"}],"about":[{"href":"https:\/\/zscncparts.com\/cs\/wp-json\/wp\/v2\/types\/page"}],"author":[{"embeddable":true,"href":"https:\/\/zscncparts.com\/cs\/wp-json\/wp\/v2\/users\/1"}],"replies":[{"embeddable":true,"href":"https:\/\/zscncparts.com\/cs\/wp-json\/wp\/v2\/comments?post=2534"}],"version-history":[{"count":0,"href":"https:\/\/zscncparts.com\/cs\/wp-json\/wp\/v2\/pages\/2534\/revisions"}],"wp:attachment":[{"href":"https:\/\/zscncparts.com\/cs\/wp-json\/wp\/v2\/media?parent=2534"}],"curies":[{"name":"wp","href":"https:\/\/api.w.org\/{rel}","templated":true}]}}