{"id":2508,"date":"2025-11-30T22:42:53","date_gmt":"2025-11-30T14:42:53","guid":{"rendered":"https:\/\/zscncparts.com\/?page_id=2508"},"modified":"2025-12-04T20:47:33","modified_gmt":"2025-12-04T12:47:33","slug":"aerospace","status":"publish","type":"page","link":"https:\/\/zscncparts.com\/cs\/industries\/aerospace\/","title":{"rendered":"Leteck\u00fd pr\u016fmysl"},"content":{"rendered":"<style>* { box-sizing: border-box; } body {margin: 0;}*{box-sizing:border-box;}body{margin-top:0px;margin-right:0px;margin-bottom:0px;margin-left:0px;}#content > div:first-child{width:100% !important;max-width:100% !important;}main#content{width:100% !important;max-width:100% !important;}.site-content .ast-container{display:block !important;}.c906{max-width:100%;width:100%;}.c1065{max-width:100%;width:100%;}.c1962{max-width:100%;width:100%;}.c2520{max-width:100%;width:100%;}.c2906{max-width:100%;width:100%;}.c3458{max-width:100%;width:100%;}.c28328{max-width:100%;width:100%;}.c28429{max-width:100%;width:100%;}.c29298{max-width:100%;width:100%;}.c29847{max-width:100%;width:100%;}.c30205{max-width:100%;width:100%;}.c30756{max-width:100%;width:100%;}.c40753{max-width:100%;width:100%;}.c40854{max-width:100%;width:100%;}.c41685{max-width:100%;width:100%;}.c42234{max-width:100%;width:100%;}.c42603{max-width:100%;width:100%;}.c43154{max-width:100%;width:100%;}<\/style>\n<p><body><\/p>\n<section class=\"relative bg-white bg-[url('https:\/\/cdn.prod.website-files.com\/6054d9b47c9c3858afaf183d\/64ee0a47313f5f84f4344bfd_8H9A1780.webp')] bg-center bg-no-repeat bg-cover min-h-[360px] sm:min-h-[432px] md:min-h-[480px] mb-0 max-w-full w-full c906 c28328 c40753\" style=\"max-width: 100%; width: 100%;\">\n<div class=\"absolute inset-0 bg-[#002255] bg-opacity-70\"><\/div>\n<div class=\"relative z-10 max-w-7xl mx-auto px-6 py-20 flex flex-col justify-center h-full text-white sm:py-32 md:py-40 container font-['Inter']\">\n<h1 class=\"text-4xl sm:text-5xl font-extrabold leading-tight max-w-3xl !text-[#ffffff]\">P\u0159esn\u00e9 CNC obr\u00e1b\u011bn\u00ed pro leteckou dokonalost<\/h1>\n<p class=\"mt-6 max-w-2xl text-lg sm:text-xl font-medium leading-relaxed font-sans\">\n      V ZSCNC poskytujeme leteck\u00e9 CNC obr\u00e1b\u011bn\u00ed s p\u0159esnost\u00ed na \u00farovni letectv\u00ed s nep\u0159ekonatelnou p\u0159esnost\u00ed a spolehlivost\u00ed. Na\u0161e pokro\u010dil\u00e9 procesy sni\u017euj\u00ed dobu v\u00fdroby a n\u00e1klady p\u0159i optimalizaci v\u00fdkonu d\u00edl\u016f.\n    <\/p>\n<div class=\"mt-10 flex flex-col sm:flex-row gap-4 max-w-xs sm:max-w-none\"><button type=\"button\" class=\"bg-gradient-to-tr from-[#002255] to-[#2a5298] text-white h-12 px-6 text-base rounded-[0px] flex items-center justify-center border-none cursor-pointer\"><a href=\"https:\/\/zscncparts.com\/cs\/request-quote\/\" class=\"text-white hover:underline font-semibold\">Po\u017e\u00e1dat o cenovou nab\u00eddku<\/a><\/button><\/div>\n<\/div>\n<\/section>\n<section class=\"bg-white mb-0 max-w-full w-full' style='max-width: 100%; width: max-width: c1065 c28429 c40854\" style=\"max-width: 100%; width: 100%;\">\n<div class=\"container mx-auto px-6 py-20\">\n<h2 class=\"text-3xl font-bold text-[#002255] mb-12 text-center font-['Inter']\">Typy leteck\u00fdch sou\u010d\u00e1st\u00ed a typick\u00e9 pou\u017eit\u00ed<\/h2>\n<div class=\"grid gap-16 lg:grid-cols-2\">\n<article class=\"flex flex-col-reverse lg:flex-row items-center gap-8 bg-gray-50\">\n<div class=\"lg:w-1\/2\">\n<h3 class=\"text-xl font-semibold text-[#002255] mb-4 font-['Inter']\">Nosn\u00e9 sou\u010d\u00e1sti<\/h3>\n<p class=\"text-[#7f8c8d] mb-2 font-system\"> Kritick\u00e9 r\u00e1mov\u00e9 d\u00edly zaji\u0161\u0165uj\u00edc\u00ed integritu a odolnost letadla. <\/p>\n<p class=\"text-[#7f8c8d] font-system\"> Obvykle pou\u017e\u00edvan\u00e9 v trupov\u00fdch, k\u0159\u00eddov\u00fdch a ocasn\u00edch sestav\u00e1ch pro zaji\u0161t\u011bn\u00ed pevnosti p\u0159i zat\u00ed\u017een\u00ed.<\/p>\n<\/p><\/div>\n<div class=\"lg:w-1\/2\"> <img decoding=\"async\" data-src=\"https:\/\/zscncparts.com\/wp-content\/uploads\/2025\/12\/structural-aerospace-components-z8y.webp\" alt=\"Konstruk\u010dn\u00ed leteck\u00e9 komponenty\" width=\"1306\" height=\"973\" class=\"rounded-[4px] shadow-[0_4px_6px_rgba(0,0,0,0.1)] w-full h-auto object-cover lazyload\" title=\"\" src=\"data:image\/svg+xml;base64,PHN2ZyB3aWR0aD0iMSIgaGVpZ2h0PSIxIiB4bWxucz0iaHR0cDovL3d3dy53My5vcmcvMjAwMC9zdmciPjwvc3ZnPg==\" style=\"--smush-placeholder-width: 1306px; --smush-placeholder-aspect-ratio: 1306\/973;\"> <\/div>\n<\/article>\n<article class=\"flex flex-col lg:flex-row items-center gap-8 bg-white\">\n<div class=\"lg:w-1\/2\"> <img decoding=\"async\" data-src=\"https:\/\/zscncparts.com\/wp-content\/uploads\/2025\/12\/drive-and-motion-parts-in-aerospace-n4m.webp\" alt=\"Sou\u010d\u00e1sti pohonu a pohybu v letectv\u00ed a kosmonautice\" width=\"1000\" height=\"667\" class=\"rounded-[4px] shadow-[0_4px_6px_rgba(0,0,0,0.1)] w-full h-auto object-cover lazyload\" title=\"\" src=\"data:image\/svg+xml;base64,PHN2ZyB3aWR0aD0iMSIgaGVpZ2h0PSIxIiB4bWxucz0iaHR0cDovL3d3dy53My5vcmcvMjAwMC9zdmciPjwvc3ZnPg==\" style=\"--smush-placeholder-width: 1000px; --smush-placeholder-aspect-ratio: 1000\/667;\"> <\/div>\n<div class=\"lg:w-1\/2\">\n<h3 class=\"text-xl font-semibold text-[#002255] mb-4 font-['Inter']\">Pohonn\u00e9 a pohybov\u00e9 d\u00edly<\/h3>\n<p class=\"text-[#7f8c8d] mb-2 font-system\"> P\u0159esn\u00e9 sou\u010d\u00e1sti umo\u017e\u0148uj\u00edc\u00ed \u0159\u00edzen\u00fd pohyb a p\u0159enos s\u00edly. <\/p>\n<p class=\"text-[#7f8c8d] font-system\"> Zahrnuj\u00ed ozuben\u00e1 kola, h\u0159\u00eddele a pohony, kter\u00e9 jsou kl\u00ed\u010dov\u00e9 pro motory a \u0159\u00eddic\u00ed syst\u00e9my. <\/p>\n<\/p><\/div>\n<\/article>\n<article class=\"flex flex-col-reverse lg:flex-row items-center gap-8 bg-gray-50\">\n<div class=\"lg:w-1\/2\">\n<h3 class=\"text-xl font-semibold text-[#002255] mb-4 font-['Inter']\">Spojovac\u00ed a upev\u0148ovac\u00ed prvky<\/h3>\n<p class=\"text-[#7f8c8d] mb-2 font-system\"> Vysoce pevn\u00e9 \u0161rouby, n\u00fdty a spojovac\u00ed prvky pro spolehlivou mont\u00e1\u017e. <\/p>\n<p class=\"text-[#7f8c8d] font-system\"> Zaji\u0161\u0165uj\u00ed struktur\u00e1ln\u00ed integritu a z\u00e1rove\u0148 umo\u017e\u0148uj\u00ed \u00fadr\u017ebu a v\u00fdm\u011bnu sou\u010d\u00e1st\u00ed. <\/p>\n<\/p><\/div>\n<div class=\"lg:w-1\/2\"> <img decoding=\"async\" data-src=\"https:\/\/zscncparts.com\/wp-content\/uploads\/2025\/12\/aerospace-fastening-and-connection-elements-drx.webp\" alt=\"Spojovac\u00ed a upev\u0148ovac\u00ed prvky pro letectv\u00ed a kosmonautiku\" width=\"600\" height=\"400\" class=\"rounded-[4px] shadow-[0_4px_6px_rgba(0,0,0,0.1)] w-full h-auto object-cover lazyload\" title=\"\" src=\"data:image\/svg+xml;base64,PHN2ZyB3aWR0aD0iMSIgaGVpZ2h0PSIxIiB4bWxucz0iaHR0cDovL3d3dy53My5vcmcvMjAwMC9zdmciPjwvc3ZnPg==\" style=\"--smush-placeholder-width: 600px; --smush-placeholder-aspect-ratio: 600\/400;\"> <\/div>\n<\/article>\n<article class=\"flex flex-col lg:flex-row items-center gap-8 bg-white\">\n<div class=\"lg:w-1\/2\"> <img decoding=\"async\" data-src=\"https:\/\/zscncparts.com\/wp-content\/uploads\/2025\/12\/functional-and-cabin-accessories-in-aerospace-r2i.png\" alt=\"Funk\u010dn\u00ed a kabinov\u00e9 p\u0159\u00edslu\u0161enstv\u00ed v letectv\u00ed\" width=\"391\" height=\"246\" class=\"rounded-[4px] shadow-[0_4px_6px_rgba(0,0,0,0.1)] w-full h-auto object-cover lazyload\" title=\"\" src=\"data:image\/svg+xml;base64,PHN2ZyB3aWR0aD0iMSIgaGVpZ2h0PSIxIiB4bWxucz0iaHR0cDovL3d3dy53My5vcmcvMjAwMC9zdmciPjwvc3ZnPg==\" style=\"--smush-placeholder-width: 391px; --smush-placeholder-aspect-ratio: 391\/246;\"> <\/div>\n<div class=\"lg:w-1\/2\">\n<h3 class=\"text-xl font-semibold text-[#002255] mb-4 font-['Inter']\">Funk\u010dn\u00ed a kabinov\u00e9 p\u0159\u00edslu\u0161enstv\u00ed<\/h3>\n<p class=\"text-[#7f8c8d] mb-2 font-system\"> Vnit\u0159n\u00ed sou\u010d\u00e1sti zvy\u0161uj\u00edc\u00ed komfort cestuj\u00edc\u00edch a funk\u010dnost syst\u00e9m\u016f. <\/p>\n<p class=\"text-[#7f8c8d] font-system\"> Zahrnuj\u00ed panely, ovl\u00e1dac\u00ed prvky a environment\u00e1ln\u00ed p\u0159\u00edslu\u0161enstv\u00ed p\u0159izp\u016fsoben\u00e9 pro bezpe\u010dnost a pou\u017eitelnost. Pro dotazy nav\u0161tivte na\u0161i <a href=\"\/cs\/contact\/\" class=\"text-[#f46b45] hover:underline font-semibold\">kontaktn\u00ed str\u00e1nku<\/a>. <\/p>\n<\/p><\/div>\n<\/article><\/div>\n<\/p><\/div>\n<\/section>\n<section class=\"bg-gray-50 mb-0 w-full max-w-full' style='max-width: 100%; width: max-width: c1962 c29298 c41685\" style=\"max-width: 100%; width: 100%;\">\n<div class=\"container mx-auto px-6 py-20\">\n<h2 class=\"text-3xl font-semibold font-['Inter'] text-[#002255] text-center mb-12 md:text-4xl\"> Rozsah zpracov\u00e1n\u00ed materi\u00e1l\u016f pro leteck\u00e9 aplikace <\/h2>\n<div class=\"grid gap-12 lg:grid-cols-2 lg:items-center\">\n<div>\n<ul class=\"space-y-8 text-[#002255] text-lg leading-relaxed font-system\">\n<li>\n<h3 class=\"font-semibold mb-2\">Leteck\u00e9 slitiny hlin\u00edku<\/h3>\n<p>P\u0159esnost <a href=\"\/cs\/materials\/aluminum\/\" class=\"text-[#f46b45] hover:underline font-semibold\">zpracov\u00e1n\u00ed materi\u00e1l\u016f pro hlin\u00edk<\/a> s tepel\u00fdm zpracov\u00e1n\u00edm zaji\u0161\u0165uj\u00edc\u00edm optim\u00e1ln\u00ed pom\u011br pevnosti k hmotnosti.<\/p>\n<\/li>\n<li>\n<h3 class=\"font-semibold mb-2\">Nerezov\u00e1 ocel a korozivzdorn\u00e9 slitiny<\/h3>\n<p>Pokro\u010dil\u00e9 procesy povrchov\u00e9 \u00fapravy a ochrany proti korozi p\u0159izp\u016fsoben\u00e9 pro leteck\u00e9 standardy.<\/p>\n<\/li>\n<li>\n<h3 class=\"font-semibold mb-2\">Uhl\u00edkov\u00e1 ocel a slitiny oceli<\/h3>\n<p>Zak\u00e1zkov\u00e1 v\u00fdroba pro spln\u011bn\u00ed po\u017eadavk\u016f na vysokou odolnost a odolnost proti \u00fanav\u011b.<\/p>\n<\/li>\n<li>\n<h3 class=\"font-semibold mb-2\">Speci\u00e1ln\u00ed materi\u00e1ly a spolupracuj\u00edc\u00ed zpracov\u00e1n\u00ed<\/h3>\n<p>Integrovan\u00e9 pracovn\u00ed postupy kombinuj\u00edc\u00ed odborn\u00e9 obr\u00e1b\u011bn\u00ed, sva\u0159ov\u00e1n\u00ed a povrchov\u00e9 \u00fapravy.<\/p>\n<\/li>\n<\/ul><\/div>\n<div class=\"rounded-[0px] overflow-hidden shadow-[0_4px_6px_rgba(0,0,0,0.1)]\"> <img decoding=\"async\" data-src=\"https:\/\/zscncparts.com\/wp-content\/uploads\/2025\/11\/structural-aerospace-components-lsc.webp\" alt=\"V\u00fdrobn\u00ed proces p\u0159esn\u00fdch d\u00edl\u016f pro letectv\u00ed a kosmonautiku\" width=\"600\" height=\"397\" class=\"w-full h-auto object-cover rounded-[4px]&#039; loading=&#039;lazy&#039; decoding=&#039;async lazyload\" title=\"\" src=\"data:image\/svg+xml;base64,PHN2ZyB3aWR0aD0iMSIgaGVpZ2h0PSIxIiB4bWxucz0iaHR0cDovL3d3dy53My5vcmcvMjAwMC9zdmciPjwvc3ZnPg==\" style=\"--smush-placeholder-width: 600px; --smush-placeholder-aspect-ratio: 600\/397;\"> <\/div>\n<\/p><\/div>\n<\/p><\/div>\n<\/section>\n<section class=\"bg-white text-[#2c3e50] mb-0 max-w-full w-full' style='max-width: 100%; width: max-width: c2520 c29847 c42234\" style=\"max-width: 100%; width: 100%;\">\n<div class=\"container mx-auto px-6 py-20\">\n<h2 class=\"text-3xl font-bold text-[#002255] mb-8 text-center sm:text-left font-Inter\">Procesn\u00ed schopnosti CNC stroj\u016f ur\u010den\u00e9 pro letectv\u00ed<\/h2>\n<div class=\"lg:flex lg:items-center lg:gap-16\">\n<div class=\"lg:w-1\/2\"> <img decoding=\"async\" data-src=\"https:\/\/zscncparts.com\/wp-content\/uploads\/2025\/12\/precision-aerospace-components-manufactured-by-multi-axis-cnc-machining-tfl.webp\" alt=\"P\u0159esn\u00e9 komponenty pro letectv\u00ed a kosmonautiku vyr\u00e1b\u011bn\u00e9 v\u00edceos\u00fdm CNC obr\u00e1b\u011bn\u00edm\" class=\"w-full rounded-[4px] shadow-[0_4px_6px_rgba(0,0,0,0.1)]&#039; width=&#039;1306&#039; height=&#039;973&#039; loading=&#039;lazy&#039; decoding=&#039;async lazyload\" title=\"\" src=\"data:image\/svg+xml;base64,PHN2ZyB3aWR0aD0iMSIgaGVpZ2h0PSIxIiB4bWxucz0iaHR0cDovL3d3dy53My5vcmcvMjAwMC9zdmciPjwvc3ZnPg==\" style=\"--smush-placeholder-width: 768px; --smush-placeholder-aspect-ratio: 768\/475;\"> <\/div>\n<div class=\"lg:w-1\/2 mt-12 lg:mt-0\">\n<p class=\"mb-6 text-lg leading-relaxed font-system\"> V ZSCNC na\u0161e p\u0159esn\u00e9 v\u00edceos\u00e9 CNC obr\u00e1b\u011bn\u00ed poskytuje stabiln\u00ed kontrolu rozm\u011br\u016f, kter\u00e1 je kl\u00ed\u010dov\u00e1 pro leteck\u00e9 d\u00edly. Specializujeme se na jemn\u00e9 obr\u00e1b\u011bn\u00ed d\u011br a z\u00e1vit\u016f, zaji\u0161\u0165uj\u00edc\u00ed optim\u00e1ln\u00ed kvalitu povrchu a p\u0159esn\u00e9 dodate\u010dn\u00e9 tolerance pro va\u0161e komponenty. <\/p>\n<ul class=\"space-y-4 text-[#002255] list-disc list-inside font-semibold\">\n<li>V\u00edceos\u00e9 CNC obr\u00e1b\u011bn\u00ed p\u0159izp\u016fsoben\u00e9 pro leteck\u00e9 tolerance<\/li>\n<li>Stabiln\u00ed kontrola rozm\u011br\u016f pro konzistentn\u00ed kvalitu a v\u00fdkon<\/li>\n<li>Jemn\u00e9 obr\u00e1b\u011bn\u00ed d\u011br a z\u00e1vit\u016f s p\u0159esnost\u00ed<\/li>\n<li>Vylep\u0161en\u00fd povrchov\u00fd vzhled s \u0159\u00edzen\u00edm dodate\u010dn\u00fdch toleranc\u00ed po obr\u00e1b\u011bn\u00ed<\/li>\n<\/ul>\n<p> <button type=\"button\" class=\"mt-10 bg-gradient-to-tr from-[#002255] to-[#2a5298] text-white h-12 px-6 text-base rounded-[0px] flex items-center justify-center border-none cursor-pointer focus:outline-none focus:ring-4 focus:ring-[#002255]\/50' aria-label='Learn more about ZSCNC aerospace CNC capabilities\"><a href=\"https:\/\/zscncparts.com\/cs\/about-us\/manufacturing-process\/\" class=\"text-white no-underline\"><br \/>\n        Zjist\u011bte v\u00edce o na\u0161ich schopnostech<br \/>\n    <\/a><\/button> <\/div>\n<\/p><\/div>\n<\/p><\/div>\n<\/section>\n<section class=\"bg-gray-50 mb-0 w-full max-w-full' style='max-width: 100%; width: max-width: c2906 c30205 c42603\" style=\"max-width: 100%; width: 100%;\">\n<div class=\"container mx-auto px-6 py-20\">\n<h2 class=\"text-3xl font-bold text-[#002255] text-center mb-12 font-['Inter']\">Syst\u00e9m kontroly jakosti a sledovatelnosti pro leteck\u00e9 projekty<\/h2>\n<div class=\"grid gap-12 lg:grid-cols-2 lg:items-center\">\n<div class=\"space-y-8\">\n<article aria-labelledby=\"qc-checkpoints\">\n<h3 id=\"qc-checkpoints\" class=\"text-xl font-semibold text-[#002255] font-['Inter']\">Komplexn\u00ed <a href=\"\/cs\/about\/quality-control\/\" class=\"text-[#f46b45] hover:underline font-semibold\">Kontrola kvality<\/a> Kontroln\u00ed body<\/h3>\n<p class=\"text-[#7f8c8d] leading-relaxed font-system\"> ZSCNC zav\u00e1d\u00ed p\u0159\u00edsn\u00e9 kontroln\u00ed body kvality b\u011bhem cel\u00e9ho \u017eivotn\u00edho cyklu leteck\u00fdch projekt\u016f, zaji\u0161\u0165uj\u00edc\u00ed, \u017ee ka\u017ed\u00fd komponent spl\u0148uje p\u0159\u00edsn\u00e9 normy. N\u00e1\u0161 systematick\u00fd p\u0159\u00edstup sni\u017euje po\u010det vad a zaru\u010duje konzistenci. <\/p>\n<\/article>\n<article aria-labelledby=\"advanced-measurement\">\n<h3 id=\"advanced-measurement\" class=\"text-xl font-semibold text-[#002255] font-['Inter']\">Pokro\u010dil\u00e9 m\u011b\u0159ic\u00ed za\u0159\u00edzen\u00ed a metody<\/h3>\n<p class=\"text-[#7f8c8d] leading-relaxed font-system\"> Vyu\u017e\u00edv\u00e1me nejmodern\u011bj\u0161\u00ed m\u011b\u0159ic\u00ed technologie, kter\u00e9 poskytuj\u00ed p\u0159esn\u00e9 inspekce a rozm\u011brov\u00e9 ov\u011b\u0159en\u00ed leteck\u00fdch komponent\u016f. Na\u0161e metody spl\u0148uj\u00ed po\u017eadavky na \u0161pi\u010dkovou p\u0159esnost v odv\u011btv\u00ed. <\/p>\n<\/article>\n<article aria-labelledby=\"documentation-records\">\n<h3 id=\"documentation-records\" class=\"text-xl font-semibold text-[#002255] font-['Inter']\">Dokumentace a evidence<\/h3>\n<p class=\"text-[#7f8c8d] leading-relaxed font-system\"> Ka\u017ed\u00fd kontroln\u00ed bod kvality je d\u016fkladn\u011b dokumentov\u00e1n s bezpe\u010dn\u00fdm veden\u00edm z\u00e1znam\u016f pro zaji\u0161t\u011bn\u00ed sledovatelnosti. To usnad\u0148uje audity a podporuje dodr\u017eov\u00e1n\u00ed p\u0159edpis\u016f v leteck\u00e9 v\u00fdrob\u011b. <\/p>\n<\/article>\n<article aria-labelledby=\"customer-feedback\">\n<h3 id=\"customer-feedback\" class=\"text-xl font-semibold text-[#002255] font-['Inter']\">Zp\u011btn\u00e1 vazba od z\u00e1kazn\u00edk\u016f<\/h3>\n<p class=\"text-[#7f8c8d] leading-relaxed font-system\"> Integrujeme zp\u011btnou vazbu z\u00e1kazn\u00edk\u016f k neust\u00e1l\u00e9mu zlep\u0161ov\u00e1n\u00ed kvalitativn\u00edch protokol\u016f. N\u00e1\u0161 zp\u011btnovazebn\u00ed cyklus poh\u00e1n\u00ed inovace a slad\u011bn\u00ed kvality v\u00fdroby s o\u010dek\u00e1v\u00e1n\u00edmi klient\u016f. V\u00edce o na\u0161em <a href=\"\/cs\/about\/company-profile\/\" class=\"text-[#f46b45] hover:underline font-semibold\">profilu spole\u010dnosti<\/a> a v\u00fdrobn\u00edm procesu, abychom pochopili na\u0161e z\u00e1vazky. <\/p>\n<\/article><\/div>\n<figure> <img decoding=\"async\" data-src=\"https:\/\/zscncparts.com\/wp-content\/uploads\/2025\/12\/certified-titanium-aerospace-components-rwq.webp\" alt=\"Komponenty pro letectv\u00ed a kosmonautiku s kontroln\u00edmi za\u0159\u00edzen\u00edmi kvality\" width=\"1306\" height=\"973\" class=\"w-full h-auto rounded-[4px] shadow-[0_4px_6px_rgba(0,0,0,0.1)]&#039; loading=&#039;lazy lazyload\" title=\"\" src=\"data:image\/svg+xml;base64,PHN2ZyB3aWR0aD0iMSIgaGVpZ2h0PSIxIiB4bWxucz0iaHR0cDovL3d3dy53My5vcmcvMjAwMC9zdmciPjwvc3ZnPg==\" style=\"--smush-placeholder-width: 1306px; --smush-placeholder-aspect-ratio: 1306\/973;\"> <\/figure>\n<\/p><\/div>\n<\/p><\/div>\n<\/section>\n<section class=\"bg-white mb-0 max-w-full w-full' style='max-width: 100%; width: max-width: c3458 c30756 c43154\" style=\"max-width: 100%; width: 100%;\">\n<div class=\"container mx-auto px-6 py-20\">\n<div class=\"text-center\">\n<h2 class=\"text-4xl font-bold text-[#002255] mb-6 font-inter\">Slu\u017eby pro projektov\u00e9 \u0159\u00edzen\u00ed ve spolupr\u00e1ci pro letectv\u00ed a kosmonautiku<\/h2>\n<\/div>\n<div class=\"grid grid-cols-1 lg:grid-cols-2 gap-12 items-center\">\n<div>\n<p class=\"text-lg text-[#2c3e50] mb-6 font-system\">\n            ZSCNC poskytuje plynou koordinaci pro urychlen\u00ed prototypov\u00e1n\u00ed a v\u00fdroby v letectv\u00ed a kosmonautice pomoc\u00ed pokro\u010dil\u00fdch slu\u017eeb CNC obr\u00e1b\u011bn\u00ed. Klade d\u016fraz na jasnou komunikaci a technickou p\u0159esnost, aby byl zaji\u0161t\u011bn \u00fasp\u011bch projektu.\n        <\/p>\n<ul class=\"space-y-5 text-[#2c3e50] font-system\">\n<li><strong class=\"text-[#002255]\">Technick\u00fd v\u00fdkres a kontrola po\u017eadavk\u016f:<\/strong> D\u016fkladn\u00e1 anal\u00fdza pro slad\u011bn\u00ed koncept\u016f a specifikac\u00ed.\n            <\/li>\n<li><strong class=\"text-[#002255]\">Rychl\u00e9 prototypov\u00e1n\u00ed a ov\u011b\u0159ov\u00e1n\u00ed:<\/strong> Rychl\u00fd v\u00fdvoj a testov\u00e1n\u00ed ke zkr\u00e1cen\u00ed doby uveden\u00ed na trh.\n            <\/li>\n<li><strong class=\"text-[#002255]\">Malov\u00fdroba v\u00edcevariantn\u00edch s\u00e9ri\u00ed:<\/strong> Flexibiln\u00ed v\u00fdroba p\u0159izp\u016fsoben\u00e1 r\u016fznorod\u00fdm komponent\u016fm letectv\u00ed a kosmonautiky.\n            <\/li>\n<li><strong class=\"text-[#002255]\">Nep\u0159etr\u017eit\u00e1 optimalizace a \u0159\u00edzen\u00ed n\u00e1klad\u016f:<\/strong> Nep\u0159etr\u017eit\u00e1 zlep\u0161en\u00ed zam\u011b\u0159en\u00e1 na efektivitu a kontrolu rozpo\u010dtu.\n            <\/li>\n<\/ul>\n<\/div>\n<div class=\"flex justify-center lg:justify-end\"><img decoding=\"async\" data-src=\"https:\/\/zscncparts.com\/wp-content\/uploads\/2025\/12\/aerospace-cnc-machining-applications-3ju.webp\" alt=\"Aplikace CNC obr\u00e1b\u011bn\u00ed pro letectv\u00ed a kosmonautiku\" width=\"500\" height=\"300\" class=\"rounded-[4px] shadow-md max-w-full h-auto&#039; loading=&#039;lazy&#039; decoding=&#039;async lazyload\" title=\"\" src=\"data:image\/svg+xml;base64,PHN2ZyB3aWR0aD0iMSIgaGVpZ2h0PSIxIiB4bWxucz0iaHR0cDovL3d3dy53My5vcmcvMjAwMC9zdmciPjwvc3ZnPg==\" style=\"--smush-placeholder-width: 500px; --smush-placeholder-aspect-ratio: 500\/300;\"><\/div>\n<\/div>\n<\/div>\n<\/section>\n<p><\/body><\/p>\n<p><!-- AIVB Required Assets -->\n<link rel=\"stylesheet\" href=\"https:\/\/cdn.jsdelivr.net\/npm\/tailwindcss@2.2.19\/dist\/tailwind.min.css\">\n<link rel=\"stylesheet\" id=\"aivb-fontawesome-css\" href=\"https:\/\/cdn.jsdelivr.net\/npm\/@fortawesome\/fontawesome-free@6.4.0\/css\/all.min.css?ver=6.4.0\" media=\"all\">\n<script src=\"https:\/\/cdn.tailwindcss.com\"><\/script><\/p>\n<style>\n#content { width: 100% !important;  max-width: 100% !important; }\n#content > div:first-child { width: 100% !important;  max-width: 100% !important; }\n.ast-container { width: 100% !important;  max-width: 100% !important; }\nmain#content { width: 100% !important; max-width: 100% !important; }\n.page-content { width: 100% !important; max-width: 100% !important; }\n.site-content .ast-container { display: block !important; }\n<\/style>","protected":false},"excerpt":{"rendered":"<p>Precision CNC Machining for Aerospace Excellence At ZSCNC, we deliver aerospace-grade precision CNC machining with unmatched accuracy and reliability. Our [&hellip;]<\/p>","protected":false},"author":1,"featured_media":0,"parent":2503,"menu_order":0,"comment_status":"closed","ping_status":"closed","template":"","meta":{"_monsterinsights_skip_tracking":false,"_monsterinsights_sitenote_active":false,"_monsterinsights_sitenote_note":"","_monsterinsights_sitenote_category":0,"site-sidebar-layout":"no-sidebar","site-content-layout":"page-builder","ast-site-content-layout":"default","site-content-style":"unboxed","site-sidebar-style":"default","ast-global-header-display":"","ast-banner-title-visibility":"","ast-main-header-display":"","ast-hfb-above-header-display":"","ast-hfb-below-header-display":"","ast-hfb-mobile-header-display":"","site-post-title":"","ast-breadcrumbs-content":"","ast-featured-img":"","footer-sml-layout":"","theme-transparent-header-meta":"","adv-header-id-meta":"","stick-header-meta":"","header-above-stick-meta":"","header-main-stick-meta":"","header-below-stick-meta":"","astra-migrate-meta-layouts":"default","ast-page-background-enabled":"default","ast-page-background-meta":{"desktop":{"background-color":"var(--ast-global-color-5)","background-image":"","background-repeat":"repeat","background-position":"center center","background-size":"auto","background-attachment":"scroll","background-type":"","background-media":"","overlay-type":"","overlay-color":"","overlay-opacity":"","overlay-gradient":""},"tablet":{"background-color":"","background-image":"","background-repeat":"repeat","background-position":"center center","background-size":"auto","background-attachment":"scroll","background-type":"","background-media":"","overlay-type":"","overlay-color":"","overlay-opacity":"","overlay-gradient":""},"mobile":{"background-color":"","background-image":"","background-repeat":"repeat","background-position":"center center","background-size":"auto","background-attachment":"scroll","background-type":"","background-media":"","overlay-type":"","overlay-color":"","overlay-opacity":"","overlay-gradient":""}},"ast-content-background-meta":{"desktop":{"background-color":"var(--ast-global-color-4)","background-image":"","background-repeat":"repeat","background-position":"center center","background-size":"auto","background-attachment":"scroll","background-type":"","background-media":"","overlay-type":"","overlay-color":"","overlay-opacity":"","overlay-gradient":""},"tablet":{"background-color":"var(--ast-global-color-4)","background-image":"","background-repeat":"repeat","background-position":"center center","background-size":"auto","background-attachment":"scroll","background-type":"","background-media":"","overlay-type":"","overlay-color":"","overlay-opacity":"","overlay-gradient":""},"mobile":{"background-color":"var(--ast-global-color-4)","background-image":"","background-repeat":"repeat","background-position":"center center","background-size":"auto","background-attachment":"scroll","background-type":"","background-media":"","overlay-type":"","overlay-color":"","overlay-opacity":"","overlay-gradient":""}},"footnotes":""},"class_list":["post-2508","page","type-page","status-publish","hentry"],"_links":{"self":[{"href":"https:\/\/zscncparts.com\/cs\/wp-json\/wp\/v2\/pages\/2508","targetHints":{"allow":["GET"]}}],"collection":[{"href":"https:\/\/zscncparts.com\/cs\/wp-json\/wp\/v2\/pages"}],"about":[{"href":"https:\/\/zscncparts.com\/cs\/wp-json\/wp\/v2\/types\/page"}],"author":[{"embeddable":true,"href":"https:\/\/zscncparts.com\/cs\/wp-json\/wp\/v2\/users\/1"}],"replies":[{"embeddable":true,"href":"https:\/\/zscncparts.com\/cs\/wp-json\/wp\/v2\/comments?post=2508"}],"version-history":[{"count":0,"href":"https:\/\/zscncparts.com\/cs\/wp-json\/wp\/v2\/pages\/2508\/revisions"}],"up":[{"embeddable":true,"href":"https:\/\/zscncparts.com\/cs\/wp-json\/wp\/v2\/pages\/2503"}],"wp:attachment":[{"href":"https:\/\/zscncparts.com\/cs\/wp-json\/wp\/v2\/media?parent=2508"}],"curies":[{"name":"wp","href":"https:\/\/api.w.org\/{rel}","templated":true}]}}