{"id":2504,"date":"2025-11-30T22:40:39","date_gmt":"2025-11-30T14:40:39","guid":{"rendered":"https:\/\/zscncparts.com\/?page_id=2504"},"modified":"2025-12-04T20:56:33","modified_gmt":"2025-12-04T12:56:33","slug":"automotive","status":"publish","type":"page","link":"https:\/\/zscncparts.com\/cs\/industries\/automotive\/","title":{"rendered":"Automobilov\u00fd pr\u016fmysl"},"content":{"rendered":"<style>* { box-sizing: border-box; } body {margin: 0;}*{box-sizing:border-box;}body{margin-top:0px;margin-right:0px;margin-bottom:0px;margin-left:0px;}#content > div:first-child{width:100% !important;max-width:100% !important;}main#content{width:100% !important;max-width:100% !important;}.site-content .ast-container{display:block !important;}.c909{max-width:100%;width:100%;}.c1225{max-width:100%;width:100%;}.c1690{max-width:100%;width:100%;}.c2204{max-width:100%;width:100%;}.c2704{max-width:100%;width:100%;}.c3207{max-width:100%;width:100%;}.c3723{max-width:100%;width:100%;}.c20749{max-width:100%;width:100%;}.c21003{max-width:100%;width:100%;}.c21446{max-width:100%;width:100%;}.c21952{max-width:100%;width:100%;}.c22445{max-width:100%;width:100%;}.c22910{max-width:100%;width:100%;}.c23423{max-width:100%;width:100%;}.c35405{max-width:100%;width:100%;}.c35659{max-width:100%;width:100%;}.c36102{max-width:100%;width:100%;}.c36608{max-width:100%;width:100%;}.c37101{max-width:100%;width:100%;}.c37566{max-width:100%;width:100%;}.c38079{max-width:100%;width:100%;}<\/style>\n<p><body><\/p>\n<section class=\"relative bg-white bg-[url('https:\/\/zscncparts.com\/wp-content\/uploads\/2025\/11\/cnc-machining-operation-yh2.webp')] bg-center bg-no-repeat bg-cover max-h-[600px] sm:max-h-[700px] md:max-h-[720px] lg:max-h-[680px] xl:max-h-[720px] mb-0 max-w-full w-full c909 c20749 c35405\" style=\"max-width: 100%; width: 100%;\">\n<div class=\"absolute inset-0 bg-[#002255] bg-opacity-60\"><\/div>\n<div class=\"relative z-10 max-w-7xl mx-auto px-6 py-20 sm:py-32 flex flex-col justify-center h-full container\">\n<h1 class=\"text-white text-3xl sm:text-4xl md:text-4xl font-extrabold leading-tight max-w-3xl font-['Inter']\"> \u0158e\u0161en\u00ed pro obr\u00e1b\u011bn\u00ed s vysok\u00fdm v\u00fdkonem pro automobilov\u00fd pr\u016fmysl <\/h1>\n<p class=\"mt-6 text-lg sm:text-xl text-white max-w-2xl font-medium leading-relaxed font-sans\"> Doru\u010dte p\u0159esnost, efektivitu a \u0161k\u00e1lovatelnost s pokro\u010dilou obr\u00e1b\u011bc\u00ed technologi\u00ed ZSCNC. Poh\u00e1n\u011bjte excelenci ve v\u00fdrob\u011b automobil\u016f s na\u0161\u00edm d\u016fv\u011bryhodn\u00fdm <\/p>\n<div class=\"mt-10 flex flex-col sm:flex-row gap-4 max-w-xs sm:max-w-none\">\n<div class=\"rounded-[0px] shadow-[0_4px_6px_rgba(0,0,0,0.1)]\"> <button type=\"button\" class=\"bg-gradient-to-bl from-[rgba(0,34,85,1)] to-[rgba(42,82,152,1)] text-white h-12 px-6 text-base rounded-[0px] flex items-center justify-center border-none cursor-pointer\"> <a href=\"https:\/\/zscncparts.com\/cs\/request-quote\/\" class=\"text-[#f46b45] hover:underline font-semibold\">Po\u017e\u00e1dat o uk\u00e1zku<\/a> <\/button> <\/div>\n<div class=\"rounded-[0px] shadow-[0_4px_6px_rgba(0,0,0,0.1)]\">  <\/div>\n<\/p><\/div>\n<\/p><\/div>\n<\/section>\n<section class=\"bg-white text-[#2c3e50] mb-0 max-w-full w-full' style='max-width: 100%; width: max-width: c1225 c21003 c35659\" style=\"max-width: 100%; width: 100%;\">\n<div class=\"container mx-auto px-6 py-20\">\n<h2 class=\"text-3xl font-bold font-['Inter'] text-[#002255] mb-12 text-center\"> J\u00e1dov\u00e9 automobilov\u00e9 sou\u010d\u00e1sti zpracovan\u00e9 spole\u010dnost\u00ed ZSCNC <\/h2>\n<div class=\"grid gap-12 lg:grid-cols-2\">\n<article class=\"flex flex-col justify-center font-system\">\n<h3 class=\"text-2xl font-semibold font-['Inter'] text-[#002255] mb-4\"> Sou\u010d\u00e1sti pohonn\u00e9ho \u00fastroj\u00ed a p\u0159evodovky <\/h3>\n<p class=\"mb-6 max-w-prose text-[#2c3e50]\"> ZSCNC dod\u00e1v\u00e1 p\u0159esn\u00e9 CNC obr\u00e1b\u011bn\u00ed pro kritick\u00e9 d\u00edly pohonn\u00e9ho \u00fastroj\u00ed, zaji\u0161\u0165uj\u00edc\u00ed odolnost a optim\u00e1ln\u00ed v\u00fdkon za extr\u00e9mn\u00edch podm\u00ednek. <\/p>\n<h3 class=\"text-2xl font-semibold font-['Inter'] text-[#002255] mb-4\"> R\u00e1mov\u00e9 a zav\u011bsn\u00e9 konstruk\u010dn\u00ed d\u00edly <\/h3>\n<p class=\"mb-6 max-w-prose text-[#2c3e50]\"> Na\u0161e odborn\u00e9 znalosti pokr\u00fdvaj\u00ed konstruk\u010dn\u00ed r\u00e1mov\u00e9 sou\u010d\u00e1sti s p\u0159esn\u00fdmi tolerancemi, poskytuj\u00edc\u00ed pevnost a stabilitu pro bezpe\u010dnost a komfort vozidla. <\/p>\n<h3 class=\"text-2xl font-semibold font-['Inter'] text-[#002255] mb-4\"> Karos\u00e1\u0159sk\u00e9 a interi\u00e9rov\u00e9 funk\u010dn\u00ed hardware <\/h3>\n<p class=\"mb-6 max-w-prose text-[#2c3e50]\"> Vyr\u00e1b\u00edme vysoce kvalitn\u00ed karos\u00e1\u0159sk\u00e9 d\u00edly a interi\u00e9rov\u00fd hardware pomoc\u00ed pokro\u010dil\u00fdch technologi\u00ed, <a href=\"\/cs\/services\/cnc-machining\/milling\/\" class=\"text-[#f46b45] hover:underline font-semibold\">fr\u00e9zov\u00e1n\u00ed<\/a>, kombinuj\u00edc\u00ed funk\u010dnost s estetickou p\u0159esnost\u00ed pro zv\u00fd\u0161en\u00ed hodnoty vozidla. <\/p>\n<h3 class=\"text-2xl font-semibold font-['Inter'] text-[#002255] mb-4\"> Nov\u00e1 energetick\u00e1 a elektronick\u00e1 \u0159\u00eddic\u00ed sou\u010d\u00e1sti <\/h3>\n<p class=\"max-w-prose text-[#2c3e50]\"> ZSCNC podporuje pokro\u010dil\u00e9 syst\u00e9my nov\u00fdch energetick\u00fdch vozidel v\u00fdrobou elektronick\u00fdch \u0159\u00eddic\u00edch a vysoce technick\u00fdch sou\u010d\u00e1st\u00ed s p\u0159\u00edsn\u00fdmi standardy spolehlivosti, v\u010detn\u011b <a href=\"\/cs\/services\/cnc-machining\/turning\/\" class=\"text-[#f46b45] hover:underline font-semibold\">soustru\u017een\u00ed<\/a> slu\u017eeb. <\/p>\n<\/article>\n<div class=\"flex items-center justify-center\"> <img decoding=\"async\" data-src=\"https:\/\/zscncparts.com\/wp-content\/uploads\/2025\/12\/precision-cnc-machining-of-automotive-parts-arr.webp\" alt=\"P\u0159esn\u00e9 CNC obr\u00e1b\u011bn\u00ed automobilov\u00fdch d\u00edl\u016f\" width=\"550\" height=\"550\" class=\"rounded-[4px] shadow-[0_4px_6px_rgba(0,0,0,0.1)] w-full max-w-md object-cover&#039; loading=&#039;lazy lazyload\" title=\"\" src=\"data:image\/svg+xml;base64,PHN2ZyB3aWR0aD0iMSIgaGVpZ2h0PSIxIiB4bWxucz0iaHR0cDovL3d3dy53My5vcmcvMjAwMC9zdmciPjwvc3ZnPg==\" style=\"--smush-placeholder-width: 550px; --smush-placeholder-aspect-ratio: 550\/550;\"> <\/div>\n<\/p><\/div>\n<\/p><\/div>\n<\/section>\n<section class=\"bg-white mb-0 max-w-full w-full' style='max-width: 100%; width: max-width: c1690 c21446 c36102\" style=\"max-width: 100%; width: 100%;\">\n<div class=\"container mx-auto px-6 py-20\">\n<h2 class=\"text-3xl md:text-4xl font-semibold font-['Inter'] text-[#002255] max-w-4xl mx-auto text-center\"> Automobilov\u00fd pr\u016fmysl <a href=\"\/cs\/materials\/\" class=\"text-[#f46b45] hover:underline font-semibold\">Materi\u00e1ly<\/a> Odbornosti a v\u00fdkonov\u00e9 shody <\/h2>\n<p class=\"mt-6 text-lg font-sans text-[#2c3e50] max-w-3xl mx-auto text-center leading-relaxed\"> Ve spole\u010dnosti ZSCNC se specializujeme na p\u0159esn\u00e9 automobilov\u00e9 materi\u00e1ly navr\u017een\u00e9 tak, aby spl\u0148ovaly p\u0159esn\u00e9 po\u017eadavky na v\u00fdkon. Na\u0161e odborn\u00e9 znalosti zaji\u0161\u0165uj\u00ed optim\u00e1ln\u00ed odolnost, sn\u00ed\u017een\u00ed hmotnosti a n\u00e1kladovou efektivitu va\u0161ich projekt\u016f. <\/p>\n<div class=\"mt-16 grid gap-16 lg:grid-cols-2 lg:items-center\">\n<div> <img decoding=\"async\" data-src=\"https:\/\/zscncparts.com\/wp-content\/uploads\/2025\/12\/custom-automotive-parts-manufactured-by-zscnc-h3v.webp\" alt=\"Zak\u00e1zkov\u00e9 automobilov\u00e9 d\u00edly vyr\u00e1b\u011bn\u00e9 spole\u010dnost\u00ed ZSCNC\" width=\"900\" height=\"510\" class=\"rounded-[4px] shadow-[0_4px_6px_rgba(0,0,0,0.1)] w-full object-cover max-h-[320px] md:max-h-[440px] lg:max-h-[510px]&#039; loading=&#039;lazy lazyload\" title=\"\" src=\"data:image\/svg+xml;base64,PHN2ZyB3aWR0aD0iMSIgaGVpZ2h0PSIxIiB4bWxucz0iaHR0cDovL3d3dy53My5vcmcvMjAwMC9zdmciPjwvc3ZnPg==\" style=\"--smush-placeholder-width: 900px; --smush-placeholder-aspect-ratio: 900\/510;\"> <\/div>\n<div class=\"space-y-10\">\n<article>\n<h3 class=\"text-xl font-semibold font-['Inter'] text-[#002255] mb-2\"> V\u00fdb\u011br p\u0159esn\u00fdch materi\u00e1l\u016f <\/h3>\n<p class=\"text-[#2c3e50] leading-relaxed font-sans\"> Na\u0161i materi\u00e1lov\u00ed in\u017een\u00fd\u0159i analyzuj\u00ed parametry aplikace, aby vybrali slitiny a kompozity, kter\u00e9 poskytuj\u00ed vynikaj\u00edc\u00ed pevnost a tepelnou stabilitu. <\/p>\n<\/article>\n<article>\n<h3 class=\"text-xl font-semibold font-['Inter'] text-[#002255] mb-2\"> Shoda v\u00fdkonu a validace <\/h3>\n<p class=\"text-[#2c3e50] leading-relaxed font-sans\"> Pomoc\u00ed pokro\u010dil\u00fdch simulac\u00ed a testov\u00e1n\u00ed slad\u00edme vlastnosti materi\u00e1l\u016f s po\u017eadavky v\u00fdkonu va\u0161eho vozidla pro spolehliv\u00e9 v\u00fdsledky. <\/p>\n<\/article>\n<article>\n<h3 class=\"text-xl font-semibold font-['Inter'] text-[#002255] mb-2\"> Podpora od za\u010d\u00e1tku do konce pro OEM <\/h3>\n<p class=\"text-[#2c3e50] leading-relaxed font-sans\"> Od v\u00fdvoje prototyp\u016f po v\u00fdrobu ve vysok\u00e9m objemu, ZSCNC poskytuje konzistentn\u00ed kvalitu a odborn\u00e9 poradenstv\u00ed po celou dobu va\u0161eho dodavatelsk\u00e9ho \u0159et\u011bzce. <\/p>\n<\/article>\n<p> <button type=\"button\" aria-label=\"Kontaktujte ZSCNC pro odborn\u00e9 znalosti v oblasti automobilov\u00fdch materi\u00e1l\u016f\" class=\"mt-6 bg-gradient-to-tr from-[#002255] to-[#2a5298] text-white h-12 px-6 text-base rounded-[0px] flex items-center justify-center border-none cursor-pointer\"><a href=\"https:\/\/zscncparts.com\/cs\/services\/\" class=\"text-white no-underline\">Objevte na\u0161e \u0159e\u0161en\u00ed<\/a><\/button> <\/div>\n<\/p><\/div>\n<\/p><\/div>\n<\/section>\n<section class=\"bg-[#ffffff] mb-0 w-full max-w-full' style='max-width: 100%; width: max-width: c2204 c21952 c36608\" style=\"max-width: 100%; width: 100%;\">\n<div class=\"container mx-auto px-6 py-20\">\n<h2 class=\"text-3xl font-semibold text-[#002255] text-center mb-12 font-['Inter']\">Pokro\u010dil\u00e9 mo\u017enosti zpracov\u00e1n\u00ed ZSCNC pro automobilov\u00e9 projekty<\/h2>\n<div class=\"grid gap-16 max-w-7xl mx-auto lg:grid-cols-2\">\n<div class=\"flex flex-col justify-center space-y-8\">\n<article>\n<h3 class=\"text-xl font-bold text-[#002255] mb-3 font-['Inter']\">P\u0159esn\u00e9 CNC soustru\u017een\u00ed a fr\u00e9zov\u00e1n\u00ed<\/h3>\n<p class=\"text-[#7f8c8d]\">Odborn\u00e9 CNC soustru\u017een\u00ed a fr\u00e9zov\u00e1n\u00ed zaji\u0161\u0165uj\u00ed p\u0159\u00edsn\u00e9 tolerance pro kritick\u00e9 automobilov\u00e9 sou\u010d\u00e1sti s konzistentn\u00ed kvalitou.<\/p>\n<\/article>\n<article>\n<h3 class=\"text-xl font-bold text-[#002255] mb-3 font-['Inter']\">Kombinovan\u00e9 a v\u00edcestup\u0148ov\u00e9 obr\u00e1b\u011bn\u00ed<\/h3>\n<p class=\"text-[#7f8c8d]\">Na\u0161e schopnosti v\u00edcestup\u0148ov\u00e9ho obr\u00e1b\u011bn\u00ed sni\u017euj\u00ed dobu nastavov\u00e1n\u00ed a zlep\u0161uj\u00ed rozm\u011brovou p\u0159esnost u slo\u017eit\u00fdch d\u00edl\u016f.<\/p>\n<\/article>\n<article>\n<h3 class=\"text-xl font-bold text-[#002255] mb-3 font-['Inter']\">Prototypov\u00e1n\u00ed v mal\u00fdch s\u00e9ri\u00edch a ov\u011b\u0159ov\u00e1n\u00ed n\u00e1vrhu<\/h3>\n<p class=\"text-[#7f8c8d]\">Rychl\u00e9 prototypov\u00e1n\u00ed podporuje ov\u011b\u0159ov\u00e1n\u00ed a iteraci n\u00e1vrhu, urychluje v\u00fdvojov\u00e9 cykly automobilov\u00fdch projekt\u016f.<\/p>\n<\/article>\n<article>\n<h3 class=\"text-xl font-bold text-[#002255] mb-3 font-['Inter']\">Kontrola kvality a rozm\u011brov\u00e1 inspekce<\/h3>\n<p class=\"text-[#7f8c8d]\">Komplexn\u00ed inspek\u010dn\u00ed procesy zaji\u0161\u0165uj\u00ed, \u017ee ka\u017ed\u00fd d\u00edl spl\u0148uje rozm\u011brov\u00e9 specifikace a funk\u010dn\u00ed po\u017eadavky.<\/p>\n<\/article><\/div>\n<div class=\"overflow-hidden rounded-[4px] shadow-[0_4px_6px_rgba(0,0,0,0.1)]\"> <img decoding=\"async\" data-src=\"https:\/\/zscncparts.com\/wp-content\/uploads\/2025\/12\/custom-automotive-parts-manufacturing-precision-cnc-bop.webp\" alt=\"V\u00fdroba zak\u00e1zkov\u00fdch automobilov\u00fdch d\u00edl\u016f s p\u0159esn\u00fdm CNC\" width=\"1024\" height=\"536\" class=\"object-cover w-full h-full rounded-[4px]&#039; loading=&#039;lazy lazyload\" title=\"\" src=\"data:image\/svg+xml;base64,PHN2ZyB3aWR0aD0iMSIgaGVpZ2h0PSIxIiB4bWxucz0iaHR0cDovL3d3dy53My5vcmcvMjAwMC9zdmciPjwvc3ZnPg==\" style=\"--smush-placeholder-width: 1024px; --smush-placeholder-aspect-ratio: 1024\/536;\"> <\/div>\n<\/p><\/div>\n<\/p><\/div>\n<\/section>\n<section class=\"bg-white mb-0 max-w-full w-full' style='max-width: 100%; width: max-width: c2704 c22445 c37101\" style=\"max-width: 100%; width: 100%;\">\n<div class=\"container mx-auto px-6 py-20\">\n<h2 class=\"text-3xl font-bold text-[#002255] text-center mb-12 font-['Inter']\">Modely spolupr\u00e1ce v automobilov\u00e9m pr\u016fmyslu a sc\u00e9n\u00e1\u0159e z\u00e1kazn\u00edk\u016f<\/h2>\n<div class=\"grid gap-8 lg:grid-cols-2\">\n<article class=\"flex flex-col items-center bg-white rounded-[0px] shadow-md overflow-hidden\">\n<div class=\"p-4 w-full font-system\">\n<h3 class=\"text-lg font-semibold text-[#002255] mb-2 font-['Inter']\">OEM a t\u00fdmy R&amp;D platformy<\/h3>\n<p class=\"text-[#7f8c8d] mb-2 text-sm\">V\u010dasn\u00e1 spolupr\u00e1ce s R&amp;D pro integraci p\u0159esn\u00e9ho CNC obr\u00e1b\u011bn\u00ed, zaji\u0161t\u011bn\u00ed kvality a \u0161k\u00e1lovatelnosti.<\/p>\n<p class=\"text-[#7f8c8d] text-sm\">ZSCNC podporuje plynulou komunikaci a iterativn\u00ed prototypov\u00e1n\u00ed p\u0159izp\u016fsoben\u00e9 inova\u010dn\u00edm cykl\u016fm v\u00fdrobc\u016f origin\u00e1ln\u00edho vybaven\u00ed.<\/p>\n<\/div>\n<\/article>\n<article class=\"flex flex-col items-center bg-gray-50 rounded-[0px] shadow-md overflow-hidden\">\n<div class=\"p-4 w-full font-system\">\n<h3 class=\"text-lg font-semibold text-[#002255] mb-2 font-['Inter']\">Dodavatel\u00e9 Tier 1 a Tier 2<\/h3>\n<p class=\"text-[#7f8c8d] mb-2 text-sm\">Umo\u017e\u0148uj\u00ed v\u00fdrobu na z\u00e1klad\u011b p\u0159esn\u00e9ho na\u010dasov\u00e1n\u00ed s sledov\u00e1n\u00edm procesu v re\u00e1ln\u00e9m \u010dase a dod\u00e1vkou p\u0159esn\u00fdch sou\u010d\u00e1st\u00ed.<\/p>\n<p class=\"text-[#7f8c8d] text-sm\">ZSCNC integruje pracovn\u00ed postupy dodavatel\u016f pro optimalizaci <a href=\"\/cs\/about\/quality-control\/\" class=\"text-[#f46b45] hover:underline font-semibold\">kontrola jakosti<\/a> a zkr\u00e1cen\u00ed dodac\u00edch lh\u016ft nap\u0159\u00ed\u010d \u00farovn\u011bmi.<\/p>\n<\/div>\n<\/article>\n<article class=\"flex flex-col items-center bg-white rounded-[0px] shadow-md overflow-hidden\">\n<div class=\"p-4 w-full font-system\">\n<h3 class=\"text-lg font-semibold text-[#002255] mb-2 font-['Inter']\">N\u00e1hradn\u00ed d\u00edly a z\u00e1vodn\u00ed t\u00fdmy<\/h3>\n<p class=\"text-[#7f8c8d] mb-2 text-sm\">Dod\u00e1vaj\u00ed vysoce p\u0159izp\u016fsoben\u00e9, v\u00fdkonnostn\u011b orientovan\u00e9 d\u00edly s rychlou v\u00fdrobou a odoln\u00fdmi materi\u00e1ly.<\/p>\n<p class=\"text-[#7f8c8d] text-sm\">ZSCNC podporuje inovace pro z\u00e1vodn\u00edky a modifik\u00e1tory prost\u0159ednictv\u00edm flexibiln\u00edch objem\u016f objedn\u00e1vek a odborn\u00e9 podpory.<\/p>\n<\/div>\n<\/article>\n<article class=\"flex flex-col items-center bg-gray-50 rounded-[0px] shadow-md overflow-hidden\">\n<div class=\"p-4 w-full font-system\">\n<h3 class=\"text-lg font-semibold text-[#002255] mb-2 font-['Inter']\">Automobilov\u00e1 elektronika a startupy v oblasti nov\u00fdch energi\u00ed<\/h3>\n<p class=\"text-[#7f8c8d] mb-2 text-sm\">Podpora rychl\u00e9ho \u0161k\u00e1lov\u00e1n\u00ed s pokro\u010dilou spoluprac\u00ed ve v\u00fdzkumu a v\u00fdvoji na <a href=\"\/cs\/industries\/electronics\/\" class=\"text-[#f46b45] hover:underline font-semibold\">elektronika<\/a> a udr\u017eiteln\u00fdch <a href=\"\/cs\/industries\/energy\/\" class=\"text-[#f46b45] hover:underline font-semibold\">energie<\/a> sou\u010d\u00e1stech.<\/p>\n<p class=\"text-[#7f8c8d] text-sm\">ZSCNC poskytuje p\u0159esnost, rychlost a kvalitu, kter\u00e9 startupy po\u017eaduj\u00ed pro pr\u016flomov\u00e9 automobilov\u00e9 technologie.<\/p>\n<\/div>\n<\/article>\n<\/div><\/div>\n<\/section>\n<section class=\"bg-white mb-0 w-full' style='max-width: 100%; width: max-width: c3207 c22910 c37566\" style=\"max-width: 100%; width: 100%;\">\n<div class=\"container mx-auto px-6 py-20\">\n<h2 class=\"text-3xl font-semibold text-[#002255] text-center mb-12 font-['Inter']\">Automobilov\u00e1 kvalita zaji\u0161t\u011bn\u00ed jakosti a excelence v dod\u00e1vk\u00e1ch<\/h2>\n<div class=\"grid gap-16 lg:grid-cols-2\">\n<div class=\"flex flex-col justify-center space-y-8\">\n<div>\n<h3 class=\"text-xl font-bold text-[#002255] mb-2 font-['Inter']\">End-to-End kontrola jakosti<\/h3>\n<p class=\"text-[#7f8c8d] leading-relaxed font-sans\">Zaji\u0161\u0165ujeme komplexn\u00ed kontrolu jakosti v ka\u017ed\u00e9 f\u00e1zi od surovin po fin\u00e1ln\u00ed sestaven\u00ed, spl\u0148uj\u00edc\u00ed p\u0159\u00edsn\u00e9 automobilov\u00e9 normy.<\/p>\n<\/p><\/div>\n<div>\n<h3 class=\"text-xl font-bold text-[#002255] mb-2 font-['Inter']\"><a href=\"\/cs\/about\/manufacturing-process\/\" class=\"text-[#f46b45] hover:underline font-semibold\">Proces<\/a> Dokumentace a v\u00fdrobn\u00ed z\u00e1znamy<\/h3>\n<p class=\"text-[#7f8c8d] leading-relaxed font-sans\">P\u0159esn\u00e1 dokumentace a sledovateln\u00e9 v\u00fdrobn\u00ed z\u00e1znamy zaru\u010duj\u00ed transparentnost a shodu po celou dobu v\u00fdrobn\u00edho procesu.<\/p>\n<\/p><\/div>\n<div>\n<h3 class=\"text-xl font-bold text-[#002255] mb-2 font-['Inter']\">Obalov\u00e9 a mezin\u00e1rodn\u00ed logistick\u00e9 slu\u017eby<\/h3>\n<p class=\"text-[#7f8c8d] leading-relaxed font-sans\">Specializovan\u00e1 balic\u00ed \u0159e\u0161en\u00ed chr\u00e1n\u00ed d\u00edly b\u011bhem p\u0159epravy, podpo\u0159en\u00e1 osv\u011bd\u010denou expert\u00edzou v glob\u00e1ln\u00ed logistice a celn\u00edch procedur\u00e1ch.<\/p>\n<\/p><\/div>\n<div>\n<h3 class=\"text-xl font-bold text-[#002255] mb-2 font-['Inter']\">Pl\u00e1nov\u00e1n\u00ed dod\u00e1vek a spr\u00e1va s\u00e9ri\u00ed<\/h3>\n<p class=\"text-[#7f8c8d] leading-relaxed font-sans\">Optimalizujeme \u010dasov\u00e9 pl\u00e1ny dod\u00e1vek s pe\u010dlivou spr\u00e1vou s\u00e9ri\u00ed, aby byla zaji\u0161t\u011bna dostupnost p\u0159esn\u011b v\u010das a minimalizov\u00e1ny prostoje.<\/p>\n<\/p><\/div>\n<\/p><\/div>\n<div> <img decoding=\"async\" data-src=\"https:\/\/zscncparts.com\/wp-content\/uploads\/2025\/12\/precision-automotive-parts-cnc-machining-with-various-surface-treatments-0au.webp\" alt=\"P\u0159esn\u00e9 CNC obr\u00e1b\u011bn\u00ed automobilov\u00fdch d\u00edl\u016f s r\u016fzn\u00fdmi povrchov\u00fdmi \u00fapravami\" width=\"700\" height=\"700\" class=\"rounded-[4px] shadow-[0_4px_6px_rgba(0,0,0,0.1)] object-cover w-full h-auto&#039; loading=&#039;lazy&#039; decoding=&#039;async lazyload\" title=\"\" src=\"data:image\/svg+xml;base64,PHN2ZyB3aWR0aD0iMSIgaGVpZ2h0PSIxIiB4bWxucz0iaHR0cDovL3d3dy53My5vcmcvMjAwMC9zdmciPjwvc3ZnPg==\" style=\"--smush-placeholder-width: 700px; --smush-placeholder-aspect-ratio: 700\/700;\"> <\/div>\n<\/p><\/div>\n<\/p><\/div>\n<\/section>\n<section class=\"bg-white mb-0 max-w-full w-full' style='max-width: 100%; width: max-width: c3723 c23423 c38079\" style=\"max-width: 100%; width: 100%;\">\n<div class=\"container mx-auto px-6 py-20\">\n<h2 class=\"text-3xl font-bold text-[#002255] text-center mb-12 font-['Inter']\">Zjednodu\u0161en\u00e1 spolupr\u00e1ce na automobilov\u00fdch projektech<\/h2>\n<div class=\"grid grid-cols-1 md:grid-cols-2 gap-6 mx-auto\">\n<article class=\"flex flex-col items-start gap-4 bg-gray-50 p-6\">\n<div><span class=\"text-xl font-semibold text-[#002255] mr-2\">1.<\/span><\/p>\n<h3 class=\"inline text-xl font-semibold text-[#002255] mb-2 font-['Inter']\">Po\u017eadavky na projekt a kontrola v\u00fdkres\u016f<\/h3>\n<p class=\"text-[#7f8c8d] leading-relaxed font-system\">Efektivn\u011b spolupracujte na up\u0159esn\u011bn\u00ed specifikac\u00ed a ov\u011b\u0159en\u00ed technick\u00fdch v\u00fdkres\u016f pro p\u0159esnost p\u0159ed v\u00fdrobou.<\/p>\n<\/div>\n<\/article>\n<article class=\"flex flex-col items-start gap-4 bg-white p-6\">\n<div><span class=\"text-xl font-semibold text-[#002255] mr-2\">2.<\/span><\/p>\n<h3 class=\"inline text-xl font-semibold text-[#002255] mb-2 font-['Inter']\">Potvrzen\u00ed nab\u00eddky a pl\u00e1nu procesu<\/h3>\n<p class=\"text-[#7f8c8d] leading-relaxed font-system\">Potvr\u010fte konkurenceschopn\u00e9 nab\u00eddky a podrobn\u00e9 pl\u00e1ny procesu, aby byly n\u00e1klady transparentn\u00ed a pracovn\u00ed postupy efektivn\u00ed.<\/p>\n<\/div>\n<\/article>\n<article class=\"flex flex-col items-start gap-4 bg-gray-50 p-6\">\n<div><span class=\"text-xl font-semibold text-[#002255] mr-2\">3.<\/span><\/p>\n<h3 class=\"inline text-xl font-semibold text-[#002255] mb-2 font-['Inter']\">V\u00fdroba vzork\u016f a kontrola rozm\u011br\u016f<\/h3>\n<p class=\"text-[#7f8c8d] leading-relaxed font-system\">Vyr\u00e1b\u011bjte prototypy a prov\u00e1d\u011bjte p\u0159esn\u00e9 kontroln\u00ed m\u011b\u0159en\u00ed rozm\u011br\u016f, aby byla zaji\u0161t\u011bna kvalita a spr\u00e1vn\u00e1 mont\u00e1\u017e p\u0159ed plnou v\u00fdrobou.<\/p>\n<\/div>\n<\/article>\n<article class=\"flex flex-col items-start gap-4 bg-white p-6\">\n<div><span class=\"text-xl font-semibold text-[#002255] mr-2\">4.<\/span><\/p>\n<h3 class=\"inline text-xl font-semibold text-[#002255] mb-2 font-['Inter']\">Zv\u00fd\u0161en\u00ed na stabiln\u00ed v\u00fdrobu<\/h3>\n<p class=\"text-[#7f8c8d] leading-relaxed font-system\">Plynul\u00fd p\u0159echod do objemov\u00e9 v\u00fdroby s konzistentn\u00edmi kontrolami kvality, spolehliv\u011b spl\u0148uj\u00edc\u00ed dodac\u00ed term\u00edny.<\/p>\n<\/div>\n<\/article>\n<\/div><\/div>\n<\/section>\n<p><\/body><\/p>\n<p><!-- AIVB Required Assets -->\n<link rel=\"stylesheet\" href=\"https:\/\/cdn.jsdelivr.net\/npm\/tailwindcss@2.2.19\/dist\/tailwind.min.css\">\n<link rel=\"stylesheet\" id=\"aivb-fontawesome-css\" href=\"https:\/\/cdn.jsdelivr.net\/npm\/@fortawesome\/fontawesome-free@6.4.0\/css\/all.min.css?ver=6.4.0\" media=\"all\">\n<script src=\"https:\/\/cdn.tailwindcss.com\"><\/script><\/p>\n<style>\n#content { width: 100% !important;  max-width: 100% !important; }\n#content > div:first-child { width: 100% !important;  max-width: 100% !important; }\n.ast-container { width: 100% !important;  max-width: 100% !important; }\nmain#content { width: 100% !important; max-width: 100% !important; }\n.page-content { width: 100% !important; max-width: 100% !important; }\n.site-content .ast-container { display: block !important; }\n<\/style>","protected":false},"excerpt":{"rendered":"<p>High Performance Machining Solutions for the Automotive Industry Deliver precision, efficiency, and scalability with ZSCNC&rsquo;s advanced machining technology. Drive automotive [&hellip;]<\/p>","protected":false},"author":1,"featured_media":0,"parent":2503,"menu_order":0,"comment_status":"closed","ping_status":"closed","template":"","meta":{"_monsterinsights_skip_tracking":false,"_monsterinsights_sitenote_active":false,"_monsterinsights_sitenote_note":"","_monsterinsights_sitenote_category":0,"site-sidebar-layout":"no-sidebar","site-content-layout":"page-builder","ast-site-content-layout":"default","site-content-style":"unboxed","site-sidebar-style":"default","ast-global-header-display":"","ast-banner-title-visibility":"","ast-main-header-display":"","ast-hfb-above-header-display":"","ast-hfb-below-header-display":"","ast-hfb-mobile-header-display":"","site-post-title":"","ast-breadcrumbs-content":"","ast-featured-img":"","footer-sml-layout":"","theme-transparent-header-meta":"","adv-header-id-meta":"","stick-header-meta":"","header-above-stick-meta":"","header-main-stick-meta":"","header-below-stick-meta":"","astra-migrate-meta-layouts":"default","ast-page-background-enabled":"default","ast-page-background-meta":{"desktop":{"background-color":"var(--ast-global-color-5)","background-image":"","background-repeat":"repeat","background-position":"center center","background-size":"auto","background-attachment":"scroll","background-type":"","background-media":"","overlay-type":"","overlay-color":"","overlay-opacity":"","overlay-gradient":""},"tablet":{"background-color":"","background-image":"","background-repeat":"repeat","background-position":"center center","background-size":"auto","background-attachment":"scroll","background-type":"","background-media":"","overlay-type":"","overlay-color":"","overlay-opacity":"","overlay-gradient":""},"mobile":{"background-color":"","background-image":"","background-repeat":"repeat","background-position":"center center","background-size":"auto","background-attachment":"scroll","background-type":"","background-media":"","overlay-type":"","overlay-color":"","overlay-opacity":"","overlay-gradient":""}},"ast-content-background-meta":{"desktop":{"background-color":"var(--ast-global-color-4)","background-image":"","background-repeat":"repeat","background-position":"center center","background-size":"auto","background-attachment":"scroll","background-type":"","background-media":"","overlay-type":"","overlay-color":"","overlay-opacity":"","overlay-gradient":""},"tablet":{"background-color":"var(--ast-global-color-4)","background-image":"","background-repeat":"repeat","background-position":"center center","background-size":"auto","background-attachment":"scroll","background-type":"","background-media":"","overlay-type":"","overlay-color":"","overlay-opacity":"","overlay-gradient":""},"mobile":{"background-color":"var(--ast-global-color-4)","background-image":"","background-repeat":"repeat","background-position":"center center","background-size":"auto","background-attachment":"scroll","background-type":"","background-media":"","overlay-type":"","overlay-color":"","overlay-opacity":"","overlay-gradient":""}},"footnotes":""},"class_list":["post-2504","page","type-page","status-publish","hentry"],"_links":{"self":[{"href":"https:\/\/zscncparts.com\/cs\/wp-json\/wp\/v2\/pages\/2504","targetHints":{"allow":["GET"]}}],"collection":[{"href":"https:\/\/zscncparts.com\/cs\/wp-json\/wp\/v2\/pages"}],"about":[{"href":"https:\/\/zscncparts.com\/cs\/wp-json\/wp\/v2\/types\/page"}],"author":[{"embeddable":true,"href":"https:\/\/zscncparts.com\/cs\/wp-json\/wp\/v2\/users\/1"}],"replies":[{"embeddable":true,"href":"https:\/\/zscncparts.com\/cs\/wp-json\/wp\/v2\/comments?post=2504"}],"version-history":[{"count":0,"href":"https:\/\/zscncparts.com\/cs\/wp-json\/wp\/v2\/pages\/2504\/revisions"}],"up":[{"embeddable":true,"href":"https:\/\/zscncparts.com\/cs\/wp-json\/wp\/v2\/pages\/2503"}],"wp:attachment":[{"href":"https:\/\/zscncparts.com\/cs\/wp-json\/wp\/v2\/media?parent=2504"}],"curies":[{"name":"wp","href":"https:\/\/api.w.org\/{rel}","templated":true}]}}