{"id":2488,"date":"2025-11-30T21:51:17","date_gmt":"2025-11-30T13:51:17","guid":{"rendered":"https:\/\/zscncparts.com\/?page_id=2488"},"modified":"2025-12-03T22:07:42","modified_gmt":"2025-12-03T14:07:42","slug":"acrylic","status":"publish","type":"page","link":"https:\/\/zscncparts.com\/cs\/material\/plastic\/acrylic\/","title":{"rendered":"Akryl"},"content":{"rendered":"<style>* { box-sizing: border-box; } body {margin: 0;}*{box-sizing:border-box;}body{margin-top:0px;margin-right:0px;margin-bottom:0px;margin-left:0px;}#content > div:first-child{width:100% !important;max-width:100% !important;}main#content{width:100% !important;max-width:100% !important;}.site-content .ast-container{display:block !important;}.c618{max-width:100%;width:100%;}.c888{max-width:100%;width:100%;}.c1360{max-width:100%;width:100%;}.c1704{max-width:100%;width:100%;}.c2184{max-width:100%;width:100%;}.c2659{max-width:100%;width:100%;}.c3155{max-width:100%;width:100%;}.c18277{max-width:100%;width:100%;}.c18488{max-width:100%;width:100%;}.c18893{max-width:100%;width:100%;}.c19219{max-width:100%;width:100%;}.c19698{max-width:100%;width:100%;}.c20166{max-width:100%;width:100%;}.c20659{max-width:100%;width:100%;}<\/style>\n<p><body><\/p>\n<section class=\"relative bg-white bg-[url('https:\/\/zscncparts.com\/wp-content\/uploads\/2025\/12\/acrylic-precision-cnc-machining-process-agx.webp')] bg-cover bg-center bg-no-repeat h-[480px] md:h-[600px] lg:h-[720px] mb-0 max-w-full w-full c618 c18277\" style=\"max-width: 100%; width: 100%;\">\n<div class=\"absolute inset-0 bg-[#002255] bg-opacity-60\"><\/div>\n<div class=\"relative z-10 max-w-7xl mx-auto h-full flex flex-col justify-center px-6 md:px-12 lg:px-20 text-white container py-20\">\n<h1 class=\"text-3xl md:text-5xl font-bold leading-tight max-w-3xl font-['Inter'] !text-[#ffffff]\"> Slu\u017eba zpracov\u00e1n\u00ed pr\u016fhledn\u00e9ho plastu z akrylu s p\u0159esnost\u00ed<\/h1>\n<p class=\"mt-4 max-w-2xl text-lg md:text-xl font-medium leading-relaxed font-sans text-[#ffffff]\"> ZSCNC dod\u00e1v\u00e1 vysoce p\u0159esn\u00e9 obr\u00e1b\u011bn\u00ed akrylu pro bezvadn\u00e9 pr\u016fhledn\u00e9 plastov\u00e9 d\u00edly. Na\u0161e p\u0159esn\u00e9 CNC <a href=\"\/cs\/about\/manufacturing-process\/\" class=\"text-[#f46b45] hover:underline font-semibold\">zpracov\u00e1n\u00ed<\/a> zaji\u0161\u0165uje konzistentn\u00ed tolerance a le\u0161t\u011bn\u00e9 povrchy. <\/p>\n<div class=\"mt-8 flex flex-col sm:flex-row gap-4 max-w-sm\"> <button type=\"button\" class=\"bg-gradient-to-bl from-[rgba(0,34,85,1)] to-[rgba(42,82,152,1)] text-white h-12 px-6 text-base rounded-[0px] flex items-center justify-center border-none cursor-pointer\"> <a href=\"https:\/\/zscncparts.com\/cs\/request-quote\/\" class=\"text-[#f46b45] hover:underline font-semibold\">Po\u017e\u00e1dat o cenovou nab\u00eddku<\/a> <\/button><\/div>\n<\/p><\/div>\n<\/section>\n<section class=\"bg-white mb-0 w-full' style='max-width: 100%; width: max-width: c888 c18488\" style=\"max-width: 100%; width: 100%;\">\n<div class=\"container mx-auto px-6 py-20\">\n<div class=\"max-w-7xl mx-auto grid grid-cols-1 lg:grid-cols-2 gap-12 items-center\">\n<div>\n<h2 class=\"text-4xl font-semibold text-[#002255] mb-6 leading-tight font-['Inter']\"> Vlastnosti materi\u00e1lu akryl <\/h2>\n<p class=\"text-lg text-[#7f8c8d] mb-6 font-system\"> Akryl nab\u00edz\u00ed vysokou optickou pr\u016fhlednost, vynikaj\u00edc\u00ed odolnost v\u016f\u010di pov\u011btrnostn\u00edm vliv\u016fm a vynikaj\u00edc\u00ed pevnost v n\u00e1razu. Jeho v\u0161estrannost ho \u010din\u00ed ide\u00e1ln\u00edm pro \u0161irokou \u0161k\u00e1lu <a href=\"\/cs\/materials\/\" class=\"text-[#f46b45] hover:underline font-semibold\">pr\u016fmyslov\u00fdch a komer\u010dn\u00edch materi\u00e1lov\u00fdch<\/a> pou\u017eit\u00ed. <\/p>\n<ul class=\"list-disc list-inside text-[#7f8c8d] space-y-3 mb-8 font-system\">\n<li>Lehk\u00fd, p\u0159esto odoln\u00fd s dobr\u00fdmi mechanick\u00fdmi vlastnostmi<\/li>\n<li>Vynikaj\u00edc\u00ed UV a chemick\u00e1 odolnost pro venkovn\u00ed pou\u017eit\u00ed<\/li>\n<li>Vysok\u00e1 odolnost proti po\u0161kr\u00e1b\u00e1n\u00ed a snadn\u00e1 v\u00fdroba CNC obr\u00e1b\u011bn\u00edm<\/li>\n<li>Pr\u016fhledn\u00fd a vysoce le\u0161t\u011bn\u00fd povrch s vynikaj\u00edc\u00ed estetikou<\/li>\n<\/ul>\n<h3 class=\"text-2xl font-semibold text-[#002255] mb-4 leading-tight font-['Inter']\"> Vhodn\u00e9 aplikace <\/h3>\n<p class=\"text-[#7f8c8d] mb-6 font-system\"> Ide\u00e1ln\u00ed pro zna\u010den\u00ed, v\u00fdstavn\u00ed sk\u0159\u00edn\u011b, ochrann\u00e9 kryty stroj\u016f, osv\u011btlen\u00ed a ochrann\u00e9 bari\u00e9ry. Akryl poskytuje vysok\u00fd v\u00fdkon tam, kde je kl\u00ed\u010dov\u00e1 pr\u016fhlednost a odolnost. <\/p>\n<\/div>\n<div class=\"flex justify-center\"> <img decoding=\"async\" data-src=\"https:\/\/zscncparts.com\/wp-content\/uploads\/2025\/12\/precision-cnc-machined-acrylic-parts-demonstrating-clarity-and-finish-5in.webp\" alt=\"P\u0159esn\u011b obr\u00e1b\u011bn\u00e9 akrylov\u00e9 d\u00edly s jasnost\u00ed a povrchem\" width=\"600\" height=\"400\" class=\"rounded-[4px] shadow-[0_4px_6px_rgba(0,0,0,0.1)] object-cover w-full max-w-full&#039; loading=&#039;lazy lazyload\" title=\"\" src=\"data:image\/svg+xml;base64,PHN2ZyB3aWR0aD0iMSIgaGVpZ2h0PSIxIiB4bWxucz0iaHR0cDovL3d3dy53My5vcmcvMjAwMC9zdmciPjwvc3ZnPg==\" style=\"--smush-placeholder-width: 600px; --smush-placeholder-aspect-ratio: 600\/400;\"> <\/div>\n<\/p><\/div>\n<\/p><\/div>\n<\/section>\n<section class=\"bg-white mb-0 max-w-full w-full' style='max-width: 100%; width: max-width: c1360 c18893\" style=\"max-width: 100%; width: 100%;\">\n<div class=\"container mx-auto px-6 py-20\">\n<div class=\"lg:flex lg:items-center lg:space-x-16\">\n<div class=\"mt-12 lg:mt-0 lg:w-1\/2\"><img decoding=\"async\" data-src=\"https:\/\/zscncparts.com\/wp-content\/uploads\/2025\/12\/acrylic-precision-cnc-machining-process-agx.webp\" alt=\"Proces p\u0159esn\u00e9ho CNC obr\u00e1b\u011bn\u00ed akryl\u00e1tu\" width=\"1200\" height=\"628\" class=\"w-full rounded-[4px] shadow-md object-cover&#039; loading=&#039;lazy&#039; decoding=&#039;async lazyload\" title=\"\" src=\"data:image\/svg+xml;base64,PHN2ZyB3aWR0aD0iMSIgaGVpZ2h0PSIxIiB4bWxucz0iaHR0cDovL3d3dy53My5vcmcvMjAwMC9zdmciPjwvc3ZnPg==\" style=\"--smush-placeholder-width: 1200px; --smush-placeholder-aspect-ratio: 1200\/628;\"><\/div>\n<div class=\"lg:w-1\/2\">\n<h2 class=\"text-4xl font-semibold text-[#002255] mb-6 leading-tight font-inter\">\n      Mo\u017enosti p\u0159esn\u00e9ho CNC obr\u00e1b\u011bn\u00ed akrylu<br \/>\n    <\/h2>\n<p class=\"text-lg text-[#7f8c8d] mb-6 leading-relaxed font-system\">\n      V ZSCNC na\u0161e pokro\u010dil\u00e9 technologie <a href=\"\/cs\/services\/cnc-machining\/\" class=\"text-[#f46b45] hover:underline font-semibold\">CNC obr\u00e1b\u011bn\u00ed<\/a> dod\u00e1vaj\u00ed slo\u017eit\u00e9 akrylov\u00e9 d\u00edly s nep\u0159ekonatelnou p\u0159esnost\u00ed. Specializujeme se na t\u011bsn\u00e9 tolerance a vysokou kvalitu povrchu pro kritick\u00e9 aplikace.\n    <\/p>\n<ul class=\"space-y-4 mb-10 text-[#7f8c8d] font-system\">\n<li class=\"flex items-start\"><svg class=\"flex-shrink-0 mt-1 h-6 w-6 text-[#002255]' fill='currentColor' viewbox='0 0 20 20' aria-hidden='true\"><path fillrule=\"evenodd\" d=\"M16.707 5.293a1 1 0 010 1.414L9 14.414l-3.707-3.707a1 1 0 00-1.414 1.414l4.414 4.414a1 1 0 001.414 0l8.414-8.414a1 1 0 00-1.414-1.414z\" cliprule=\"evenodd\"><\/path><\/svg><span class=\"ml-3\">Rozsah tolerance: \u00b10,01 mm pro vysoce p\u0159esn\u00e9 sou\u010d\u00e1sti<\/span><\/li>\n<li class=\"flex items-start\"><svg class=\"flex-shrink-0 mt-1 h-6 w-6 text-[#002255]' fill='currentColor' viewbox='0 0 20 20' aria-hidden='true\"><path fillrule=\"evenodd\" d=\"M16.707 5.293a1 1 0 010 1.414L9 14.414l-3.707-3.707a1 1 0 00-1.414 1.414l4.414 4.414a1 1 0 001.414 0l8.414-8.414a1 1 0 00-1.414-1.414z\" cliprule=\"evenodd\"><\/path><\/svg><span class=\"ml-3\">Mo\u017enosti materi\u00e1lu p\u0159izp\u016fsoben\u00e9 pro optickou pr\u016fhlednost a odolnost<\/span><\/li>\n<li class=\"flex items-start\"><svg class=\"flex-shrink-0 mt-1 h-6 w-6 text-[#002255]' fill='currentColor' viewbox='0 0 20 20' aria-hidden='true\"><path fillrule=\"evenodd\" d=\"M16.707 5.293a1 1 0 010 1.414L9 14.414l-3.707-3.707a1 1 0 00-1.414 1.414l4.414 4.414a1 1 0 001.414 0l8.414-8.414a1 1 0 00-1.414-1.414z\" cliprule=\"evenodd\"><\/path><\/svg><span class=\"ml-3\">Konzistentn\u00ed povrchov\u00e1 \u00faprava pro estetickou a funk\u010dn\u00ed dokonalost<\/span><\/li>\n<\/ul>\n<p><button type=\"button\" class=\"bg-gradient-to-tr from-[#002255] to-[#2a5298] text-white h-12 px-6 text-base rounded-[0px] flex items-center justify-center border-none cursor-pointer\"><a href=\"https:\/\/zscncparts.com\/cs\/about-us\/manufacturing-process\/\" class=\"text-white no-underline\">Prozkoumejte na\u0161e schopnosti<\/a><\/button><\/div>\n<\/div><\/div>\n<\/section>\n<section class=\"bg-[#ffffff] mb-0 w-full max-w-full' style='max-width: 100%; width: max-width: c1704 c19219\" style=\"max-width: 100%; width: 100%;\">\n<div class=\"container mx-auto px-6 py-20\">\n<h2 class=\"text-3xl md:text-4xl font-semibold text-[#002255] mb-10 text-center font-['Inter']\"> \u0158e\u0161en\u00ed kvality povrchu a postprodukce pro transparentnost a vzhled <\/h2>\n<div class=\"grid gap-12 lg:grid-cols-2 items-center\">\n<div> <img decoding=\"async\" data-src=\"https:\/\/zscncparts.com\/wp-content\/uploads\/2025\/12\/acrylic-cnc-machining-process-ohi.webp\" alt=\"Proces CNC obr\u00e1b\u011bn\u00ed akryl\u00e1tu\" width=\"1441\" height=\"961\" class=\"rounded-[4px] shadow-[0_4px_6px_rgba(0,0,0,0.1)] w-full max-w-full mx-auto&#039; loading=&#039;lazy lazyload\" title=\"\" src=\"data:image\/svg+xml;base64,PHN2ZyB3aWR0aD0iMSIgaGVpZ2h0PSIxIiB4bWxucz0iaHR0cDovL3d3dy53My5vcmcvMjAwMC9zdmciPjwvc3ZnPg==\" style=\"--smush-placeholder-width: 1441px; --smush-placeholder-aspect-ratio: 1441\/961;\"> <\/div>\n<div class=\"space-y-8 font-system\">\n<article>\n<h3 class=\"text-2xl font-semibold text-[#002255] mb-3 font-['Inter']\"> P\u0159esn\u00e9 dokon\u010dov\u00e1n\u00ed povrchu <\/h3>\n<p class=\"text-[#7f8c8d] text-base leading-relaxed\"> Dos\u00e1hn\u011bte dokonal\u00e9 transparentnosti pomoc\u00ed pokro\u010dil\u00fdch technik le\u0161t\u011bn\u00ed a brou\u0161en\u00ed, eliminujte vady a zlep\u0161ete optickou pr\u016fhlednost. <\/p>\n<\/article>\n<article>\n<h3 class=\"text-2xl font-semibold text-[#002255] mb-3 font-['Inter']\"> Specializovan\u00e9 n\u00e1t\u011bry a o\u0161et\u0159en\u00ed <\/h3>\n<p class=\"text-[#7f8c8d] text-base leading-relaxed\"> Zlep\u0161ete vzhled a odolnost pomoc\u00ed n\u00e1t\u011br\u016f odoln\u00fdch proti po\u0161kr\u00e1b\u00e1n\u00ed, UV po\u0161kozen\u00ed a zm\u011bn\u00e1m barvy pro dlouhotrvaj\u00edc\u00ed estetiku. <\/p>\n<\/article>\n<article>\n<h3 class=\"text-2xl font-semibold text-[#002255] mb-3 font-['Inter']\"> Optimalizovan\u00e9 pracovn\u00ed postupy postprodukce <\/h3>\n<p class=\"text-[#7f8c8d] text-base leading-relaxed\"> Zjednodu\u0161en\u00e9 procesy sni\u017euj\u00ed dobu v\u00fdroby p\u0159i zachov\u00e1n\u00ed kvality, zaji\u0161\u0165uj\u00ed konzistentn\u00ed kvalitu povrchu nap\u0159\u00ed\u010d v\u00fdrobn\u00edmi s\u00e9riemi. Dozv\u00edte se v\u00edce o na\u0161ich <a href=\"\/cs\/about\/quality-control\/\" class=\"text-[#f46b45] hover:underline font-semibold\">kontrola jakosti<\/a> standardech a v\u00fdrobn\u00edm procesu pro optimalizovanou postprodukci. <\/p>\n<\/article>\n<p> <button type=\"button\" aria-label=\"Objevte \u0159e\u0161en\u00ed ZSCNC pro post-processing\" class=\"bg-gradient-to-tr from-[#002255] to-[#2a5298] text-white h-12 px-6 text-base rounded-[0px] flex items-center justify-center border-none cursor-pointer mt-6\"><a href=\"https:\/\/zscncparts.com\/cs\/services\/\" class=\"text-white no-underline\">Objevte na\u0161e \u0159e\u0161en\u00ed<\/a><\/button> <\/div>\n<\/p><\/div>\n<\/p><\/div>\n<\/section>\n<section class=\"bg-white mb-0 w-full' style='max-width: 100%; width: max-width: c2184 c19698\" style=\"max-width: 100%; width: 100%;\">\n<div class=\"container mx-auto px-6 py-20\">\n<h2 class=\"text-3xl font-bold font-['Inter'] text-[#002255] text-center mb-12\">Pokyny pro v\u00fdb\u011br designu a materi\u00e1lu pro slad\u011bn\u00ed s aplikac\u00ed<\/h2>\n<div class=\"flex flex-col lg:flex-row lg:items-center lg:space-x-12\">\n<div class=\"lg:w-1\/2 mb-10 lg:mb-0\"> <img decoding=\"async\" data-src=\"https:\/\/zscncparts.com\/wp-content\/uploads\/2025\/12\/custom-automotive-parts-showcasing-design-precision-emn.webp\" alt=\"Zak\u00e1zkov\u00e9 automobilov\u00e9 d\u00edly s d\u016frazem na p\u0159esnost n\u00e1vrhu\" class=\"w-full rounded-[4px] shadow-[0_4px_6px_rgba(0,0,0,0.1)] object-cover&#039; width=&#039;900&#039; height=&#039;510&#039; loading=&#039;lazy lazyload\" title=\"\" src=\"data:image\/svg+xml;base64,PHN2ZyB3aWR0aD0iMSIgaGVpZ2h0PSIxIiB4bWxucz0iaHR0cDovL3d3dy53My5vcmcvMjAwMC9zdmciPjwvc3ZnPg==\" style=\"--smush-placeholder-width: 640px; --smush-placeholder-aspect-ratio: 640\/320;\"> <\/div>\n<div class=\"lg:w-1\/2 space-y-8\">\n<div>\n<h3 class=\"text-xl font-semibold font-['Inter'] text-[#002255] mb-3\">Strategick\u00e9 slad\u011bn\u00ed designu<\/h3>\n<p class=\"text-[#7f8c8d] leading-relaxed font-system\"> Zajist\u011bte, aby rozhodnut\u00ed o designu p\u0159\u00edmo podporovala funk\u010dn\u00ed a estetick\u00e9 c\u00edle va\u0161\u00ed aplikace. V\u010dasn\u00e9 slad\u011bn\u00ed sni\u017euje n\u00e1kladn\u00e9 revize a maximalizuje v\u00fdkonov\u00e9 v\u00fdsledky. <\/p>\n<\/p><\/div>\n<div>\n<h3 class=\"text-xl font-semibold font-['Inter'] text-[#002255] mb-3\">V\u00fdb\u011br materi\u00e1lu pro odolnost<\/h3>\n<p class=\"text-[#7f8c8d] leading-relaxed font-system\"> Vyberte materi\u00e1ly speci\u00e1ln\u011b navr\u017een\u00e9 tak, aby odol\u00e1valy provozn\u00edm stres\u016fm, environment\u00e1ln\u00edm faktor\u016fm a po\u017eadavk\u016fm na \u017eivotnost pro optim\u00e1ln\u00ed dlouhov\u011bkost. <\/p>\n<\/p><\/div>\n<div>\n<h3 class=\"text-xl font-semibold font-['Inter'] text-[#002255] mb-3\">P\u0159esn\u00e1 v\u00fdroba od ZSCNC<\/h3>\n<p class=\"text-[#7f8c8d] leading-relaxed font-system\"> Vyu\u017eijte pokro\u010dil\u00e9 procesy ZSCNC k zaji\u0161t\u011bn\u00ed p\u0159esn\u00e9 kontroly tolerance a konzistentn\u00ed kvality, minimalizujte odchylky a zvy\u0161ujte spolehlivost. <\/p>\n<\/p><\/div>\n<p> <button type=\"button\" class=\"bg-gradient-to-bl from-[rgba(0,34,85,1)] to-[rgba(42,82,152,1)] text-white h-12 px-6 text-base rounded-[0px] flex items-center justify-center border-none cursor-pointer\"> <a href=\"https:\/\/zscncparts.com\/cs\/request-quote\/\" class=\"text-[#f46b45] hover:underline font-semibold\">Kontaktujte odborn\u00edky ZSCNC<\/a> <\/button> <\/div>\n<\/p><\/div>\n<\/p><\/div>\n<\/section>\n<section class=\"bg-white mb-0 max-w-full w-full' style='max-width: 100%; width: max-width: c2659 c20166\" style=\"max-width: 100%; width: 100%;\">\n<div class=\"container mx-auto px-6 py-20\">\n<h2 class=\"text-3xl md:text-4xl font-bold text-[#002255] mb-12 text-center\"> Standardy kontroly kvality a glob\u00e1ln\u00ed dod\u00e1vky <\/h2>\n<div class=\"grid gap-16 lg:grid-cols-2 items-center\">\n<div class=\"space-y-8\">\n<article>\n<h3 class=\"text-xl font-semibold text-[#002255] mb-3\"> P\u0159\u00edsn\u00e1 kontrola kvality <\/h3>\n<p class=\"text-[#7f8c8d] leading-relaxed\"> V ZSCNC ka\u017ed\u00fd produkt proch\u00e1z\u00ed p\u0159esnou inspekc\u00ed, aby splnil nejvy\u0161\u0161\u00ed pr\u016fmyslov\u00e9 standardy. Na\u0161e intern\u00ed testovac\u00ed protokoly odstra\u0148uj\u00ed vady v ran\u00e9 f\u00e1zi, zaji\u0161\u0165uj\u00ed vynikaj\u00edc\u00ed kontrolu kvality a spolehlivost. <\/p>\n<\/article>\n<article>\n<h3 class=\"text-xl font-semibold text-[#002255] mb-3\"> Pokro\u010dil\u00e1 p\u0159esn\u00e1 v\u00fdroba <\/h3>\n<p class=\"text-[#7f8c8d] leading-relaxed\"> Vyu\u017eit\u00edm nejmodern\u011bj\u0161\u00ed CNC obr\u00e1b\u011bc\u00ed technologie udr\u017eujeme mikroskopick\u00e9 tolerance, zaru\u010dujeme konzistentn\u00ed kvalitu v ka\u017ed\u00e9 vyroben\u00e9 s\u00e9rii. <\/p>\n<\/article>\n<article>\n<h3 class=\"text-xl font-semibold text-[#002255] mb-3\"> Soulad s glob\u00e1ln\u00edmi standardy <\/h3>\n<p class=\"text-[#7f8c8d] leading-relaxed\"> Na\u0161e procesy jsou v souladu s mezin\u00e1rodn\u00edmi p\u0159edpisy, aby bylo zaji\u0161t\u011bno bezprobl\u00e9mov\u00e9 doru\u010den\u00ed a p\u0159ijet\u00ed na glob\u00e1ln\u00edch trz\u00edch, podpo\u0159en\u00e9 dokumentovan\u00fdmi certifik\u00e1ty kvality. <\/p>\n<\/article>\n<article>\n<h3 class=\"text-xl font-semibold text-[#002255] mb-3\"> V\u010dasn\u00e9 a bezpe\u010dn\u00e9 glob\u00e1ln\u00ed doru\u010den\u00ed <\/h3>\n<p class=\"text-[#7f8c8d] leading-relaxed\"> ZSCNC vyu\u017e\u00edv\u00e1 optimalizovan\u00e9 logistick\u00e9 s\u00edt\u011b, kter\u00e9 zaru\u010duj\u00ed rychl\u00e9 a bezpe\u010dn\u00e9 z\u00e1silky po cel\u00e9m sv\u011bt\u011b, sni\u017euj\u00ed dobu dod\u00e1n\u00ed a zlep\u0161uj\u00ed spolehlivost dodavatelsk\u00e9ho \u0159et\u011bzce. <\/p>\n<\/article><\/div>\n<div> <img decoding=\"async\" data-src=\"https:\/\/zscncparts.com\/wp-content\/uploads\/2025\/12\/high-precision-cnc-machining-process-in-manufacturing-r7j.webp\" alt=\"Proces vysok\u00e9 p\u0159esnosti CNC obr\u00e1b\u011bn\u00ed ve v\u00fdrob\u011b\" width=\"1200\" height=\"900\" class=\"w-full h-auto rounded-[4px] shadow-[0_4px_6px_rgba(0,0,0,0.1)]&#039; loading=&#039;lazy lazyload\" title=\"\" src=\"data:image\/svg+xml;base64,PHN2ZyB3aWR0aD0iMSIgaGVpZ2h0PSIxIiB4bWxucz0iaHR0cDovL3d3dy53My5vcmcvMjAwMC9zdmciPjwvc3ZnPg==\" style=\"--smush-placeholder-width: 1200px; --smush-placeholder-aspect-ratio: 1200\/900;\"> <\/div>\n<\/p><\/div>\n<\/p><\/div>\n<\/section>\n<section class=\"bg-gray-50 mb-0 w-full max-w-full' style='max-width: 100%; width: max-width: c3155 c20659\" style=\"max-width: 100%; width: 100%;\">\n<div class=\"container mx-auto px-6 py-20\">\n<h2 class=\"text-3xl font-bold text-[#002255] text-center mb-12 font-['Inter']\">Pracovn\u00ed postup spolupr\u00e1ce na projektu pro akrylov\u00e9 p\u0159esn\u00e9 d\u00edly<\/h2>\n<div class=\"grid gap-16\">\n<div class=\"space-y-8\">\n<article>\n<h3 class=\"text-xl font-semibold text-[#002255] mb-2 font-['Inter']\">1. \u00davodn\u00ed konzultace a revize n\u00e1vrhu<\/h3>\n<p class=\"text-[#7f8c8d] leading-relaxed font-system\">Diskutujte po\u017eadavky projektu s experty ZSCNC, aby byly zaji\u0161t\u011bny p\u0159esn\u00e9 specifikace pro akrylov\u00e9 d\u00edly. Pro v\u00edce informac\u00ed o na\u0161em zam\u011b\u0159en\u00e9m p\u0159\u00edstupu nav\u0161tivte n\u00e1\u0161 <a href=\"\/cs\/about\/\" class=\"text-[#f46b45] hover:underline font-semibold\">o str\u00e1nku<\/a>. Spolupr\u00e1ce na revizi n\u00e1vrhu odstra\u0148uje nejasnosti ji\u017e na za\u010d\u00e1tku.<\/p>\n<\/article>\n<article>\n<h3 class=\"text-xl font-semibold text-[#002255] mb-2 font-['Inter']\">2. V\u00fdvoj a schv\u00e1len\u00ed prototypu<\/h3>\n<p class=\"text-[#7f8c8d] leading-relaxed font-system\">Rychl\u00e9 prototypov\u00e1n\u00ed pomoc\u00ed CNC obr\u00e1b\u011bn\u00ed poskytuje hmatateln\u00e9 vzorky. Z\u00edskejte rychlou zp\u011btnou vazbu pro urychlen\u00ed optimalizace n\u00e1vrhu a kone\u010dn\u00e9 schv\u00e1len\u00ed.<\/p>\n<\/article>\n<article>\n<h3 class=\"text-xl font-semibold text-[#002255] mb-2 font-['Inter']\">3. P\u0159esn\u00e1 v\u00fdroba a kontrola kvality<\/h3>\n<p class=\"text-[#7f8c8d] leading-relaxed font-system\">Pokro\u010dil\u00e9 CNC za\u0159\u00edzen\u00ed zaji\u0161\u0165uje rovn\u00e9 tolerance a konzistentn\u00ed kvalitu. P\u0159\u00edsn\u00e1 inspekce garantuje, \u017ee ka\u017ed\u00fd akrylov\u00fd d\u00edl spl\u0148uje p\u0159\u00edsn\u00e9 normy prost\u0159ednictv\u00edm na\u0161ich proces\u016f kontroly kvality.<\/p>\n<\/article>\n<article>\n<h3 class=\"text-xl font-semibold text-[#002255] mb-2 font-['Inter']\">4. Doru\u010den\u00ed a kontinu\u00e1ln\u00ed podpora<\/h3>\n<p class=\"text-[#7f8c8d] leading-relaxed font-system\">V\u010dasn\u00e9 odesl\u00e1n\u00ed s bezpe\u010dn\u00fdm balen\u00edm chr\u00e1n\u00ed d\u00edly. ZSCNC nab\u00edz\u00ed nep\u0159etr\u017eitou technickou podporu pro integraci a budouc\u00ed roz\u0161i\u0159ov\u00e1n\u00ed projekt\u016f.<\/p>\n<\/article>\n<\/div>\n<\/div><\/div>\n<\/section>\n<p><\/body><\/p>\n<p><!-- AIVB Required Assets -->\n<link rel=\"stylesheet\" href=\"https:\/\/cdn.jsdelivr.net\/npm\/tailwindcss@2.2.19\/dist\/tailwind.min.css\">\n<link rel=\"stylesheet\" id=\"aivb-fontawesome-css\" href=\"https:\/\/cdn.jsdelivr.net\/npm\/@fortawesome\/fontawesome-free@6.4.0\/css\/all.min.css?ver=6.4.0\" media=\"all\">\n<script src=\"https:\/\/cdn.tailwindcss.com\"><\/script><\/p>\n<style>\n#content { width: 100% !important;  max-width: 100% !important; }\n#content > div:first-child { width: 100% !important;  max-width: 100% !important; }\n.ast-container { width: 100% !important;  max-width: 100% !important; }\nmain#content { width: 100% !important; max-width: 100% !important; }\n.page-content { width: 100% !important; max-width: 100% !important; }\n.site-content .ast-container { display: block !important; }\n<\/style>","protected":false},"excerpt":{"rendered":"<p>Acrylic Precision Transparent Plastic Processing Service ZSCNC delivers high-accuracy acrylic machining for flawless transparent plastic parts. Our precision CNC processing [&hellip;]<\/p>","protected":false},"author":1,"featured_media":0,"parent":2483,"menu_order":0,"comment_status":"closed","ping_status":"closed","template":"","meta":{"_monsterinsights_skip_tracking":false,"_monsterinsights_sitenote_active":false,"_monsterinsights_sitenote_note":"","_monsterinsights_sitenote_category":0,"site-sidebar-layout":"no-sidebar","site-content-layout":"page-builder","ast-site-content-layout":"default","site-content-style":"unboxed","site-sidebar-style":"default","ast-global-header-display":"","ast-banner-title-visibility":"","ast-main-header-display":"","ast-hfb-above-header-display":"","ast-hfb-below-header-display":"","ast-hfb-mobile-header-display":"","site-post-title":"","ast-breadcrumbs-content":"","ast-featured-img":"","footer-sml-layout":"","theme-transparent-header-meta":"","adv-header-id-meta":"","stick-header-meta":"","header-above-stick-meta":"","header-main-stick-meta":"","header-below-stick-meta":"","astra-migrate-meta-layouts":"default","ast-page-background-enabled":"default","ast-page-background-meta":{"desktop":{"background-color":"var(--ast-global-color-5)","background-image":"","background-repeat":"repeat","background-position":"center center","background-size":"auto","background-attachment":"scroll","background-type":"","background-media":"","overlay-type":"","overlay-color":"","overlay-opacity":"","overlay-gradient":""},"tablet":{"background-color":"","background-image":"","background-repeat":"repeat","background-position":"center center","background-size":"auto","background-attachment":"scroll","background-type":"","background-media":"","overlay-type":"","overlay-color":"","overlay-opacity":"","overlay-gradient":""},"mobile":{"background-color":"","background-image":"","background-repeat":"repeat","background-position":"center center","background-size":"auto","background-attachment":"scroll","background-type":"","background-media":"","overlay-type":"","overlay-color":"","overlay-opacity":"","overlay-gradient":""}},"ast-content-background-meta":{"desktop":{"background-color":"var(--ast-global-color-4)","background-image":"","background-repeat":"repeat","background-position":"center center","background-size":"auto","background-attachment":"scroll","background-type":"","background-media":"","overlay-type":"","overlay-color":"","overlay-opacity":"","overlay-gradient":""},"tablet":{"background-color":"var(--ast-global-color-4)","background-image":"","background-repeat":"repeat","background-position":"center center","background-size":"auto","background-attachment":"scroll","background-type":"","background-media":"","overlay-type":"","overlay-color":"","overlay-opacity":"","overlay-gradient":""},"mobile":{"background-color":"var(--ast-global-color-4)","background-image":"","background-repeat":"repeat","background-position":"center center","background-size":"auto","background-attachment":"scroll","background-type":"","background-media":"","overlay-type":"","overlay-color":"","overlay-opacity":"","overlay-gradient":""}},"footnotes":""},"class_list":["post-2488","page","type-page","status-publish","hentry"],"_links":{"self":[{"href":"https:\/\/zscncparts.com\/cs\/wp-json\/wp\/v2\/pages\/2488","targetHints":{"allow":["GET"]}}],"collection":[{"href":"https:\/\/zscncparts.com\/cs\/wp-json\/wp\/v2\/pages"}],"about":[{"href":"https:\/\/zscncparts.com\/cs\/wp-json\/wp\/v2\/types\/page"}],"author":[{"embeddable":true,"href":"https:\/\/zscncparts.com\/cs\/wp-json\/wp\/v2\/users\/1"}],"replies":[{"embeddable":true,"href":"https:\/\/zscncparts.com\/cs\/wp-json\/wp\/v2\/comments?post=2488"}],"version-history":[{"count":0,"href":"https:\/\/zscncparts.com\/cs\/wp-json\/wp\/v2\/pages\/2488\/revisions"}],"up":[{"embeddable":true,"href":"https:\/\/zscncparts.com\/cs\/wp-json\/wp\/v2\/pages\/2483"}],"wp:attachment":[{"href":"https:\/\/zscncparts.com\/cs\/wp-json\/wp\/v2\/media?parent=2488"}],"curies":[{"name":"wp","href":"https:\/\/api.w.org\/{rel}","templated":true}]}}